{"id":7446,"date":"2025-11-12T16:49:58","date_gmt":"2025-11-12T14:49:58","guid":{"rendered":"https:\/\/lahingupood.ee\/?post_type=product&#038;p=7446"},"modified":"2026-05-02T21:00:02","modified_gmt":"2026-05-02T18:00:02","slug":"optiline-sihik-1-4x-delta-armory-must","status":"publish","type":"product","link":"https:\/\/lahingupood.ee\/en\/product\/optiline-sihik-1-4x-delta-armory-must\/","title":{"rendered":"Optiline sihik 1-4X Delta Armory must"},"content":{"rendered":"<p data-start=\"0\" data-end=\"325\">Delta Armory 1-4x optiline sihik must on reguleeritava suurendusega optiline sihik, mis on m\u00f5eldud Airsoft relvadele, pakkudes paindlikkust erinevates m\u00e4ngusituatsioonides. T\u00e4nu 1\u20134x suumile saab kasutaja kiiresti vahetada l\u00e4hiv\u00f5itluse ja kaugema t\u00e4psuslaskmise vahel. Sihtimisristi saab seadistada nii horisontaalselt kui ka vertikaalselt. Ristil on taustvalgustuse v\u00f5imalus kahes v\u00e4rvitoonis \u2013 punane ja roheline \u2013 ning viie erineva heleduse tasemega (1\u20135). Komplekti kuuluvad ka \u00fclesklapitavad l\u00e4\u00e4tsekaaned.<\/p>\n<p data-start=\"383\" data-end=\"438\" data-is-last-node=\"\" data-is-only-node=\"\">Toide: 1 \u00d7 CR2032 (3V) patarei, <strong data-start=\"415\" data-end=\"438\" data-is-last-node=\"\">EI KUULU komplekti.<\/strong><\/p>","protected":false},"excerpt":{"rendered":"<p>Delta Armory 1-4x optiline sihik must on reguleeritava suurendusega optiline sihik, mis on m\u00f5eldud Airsoft relvadele, pakkudes paindlikkust erinevates m\u00e4ngusituatsioonides. T\u00e4nu 1\u20134x suumile saab kasutaja kiiresti vahetada l\u00e4hiv\u00f5itluse ja kaugema t\u00e4psuslaskmise vahel. Sihtimisristi saab seadistada nii horisontaalselt kui ka vertikaalselt. Ristil on taustvalgustuse v\u00f5imalus kahes v\u00e4rvitoonis \u2013 punane ja roheline \u2013 ning viie erineva heleduse [&#8230;]\n","protected":false},"featured_media":7449,"template":"","meta":[],"product_brand":[],"product_cat":[65],"product_tag":[],"class_list":{"0":"post-7446","1":"product","2":"type-product","3":"status-publish","4":"has-post-thumbnail","6":"product_cat-optilised-sihikud","8":"first","9":"instock","10":"taxable","11":"shipping-taxable","12":"purchasable","13":"product-type-simple"},"yoast_head":"<!-- This site is optimized with the Yoast SEO Premium plugin v27.5 (Yoast SEO v27.5) - https:\/\/yoast.com\/product\/yoast-seo-premium-wordpress\/ -->\n<title>Delta Armory 1-4x Optiline Sihik Must \u2013 reguleeritav optika<\/title>\n<meta name=\"description\" content=\"Delta Armory 1-4x optiline sihik must on reguleeritava suurendusega optika Airsoft relvadele, sobides nii l\u00e4hiv\u00f5itluseks kui kaugemaks t\u00e4psuseks.\" \/>\n<meta name=\"robots\" content=\"index, follow, max-snippet:-1, max-image-preview:large, max-video-preview:-1\" \/>\n<link rel=\"canonical\" href=\"https:\/\/lahingupood.ee\/en\/product\/optiline-sihik-1-4x-delta-armory-must\/\" \/>\n<meta property=\"og:locale\" content=\"en_GB\" \/>\n<meta property=\"og:type\" content=\"article\" \/>\n<meta property=\"og:title\" content=\"Optiline sihik 1-4X Delta Armory must\" \/>\n<meta property=\"og:description\" content=\"Delta Armory 1-4x optiline sihik must on reguleeritava suurendusega optika Airsoft relvadele, sobides nii l\u00e4hiv\u00f5itluseks kui kaugemaks t\u00e4psuseks.\" \/>\n<meta property=\"og:url\" content=\"https:\/\/lahingupood.ee\/en\/product\/optiline-sihik-1-4x-delta-armory-must\/\" \/>\n<meta property=\"og:site_name\" content=\"Lahingurada e-pood\" \/>\n<meta property=\"article:publisher\" content=\"https:\/\/www.facebook.com\/Lahingurada-629940247212967\" \/>\n<meta property=\"article:modified_time\" content=\"2026-05-02T18:00:02+00:00\" \/>\n<meta property=\"og:image\" content=\"https:\/\/lahingupood.ee\/wp-content\/uploads\/2025\/11\/sihik-3.jpg\" \/>\n\t<meta property=\"og:image:width\" content=\"1920\" \/>\n\t<meta property=\"og:image:height\" content=\"909\" \/>\n\t<meta property=\"og:image:type\" content=\"image\/jpeg\" \/>\n<meta name=\"twitter:card\" content=\"summary_large_image\" \/>\n<meta name=\"twitter:label1\" content=\"Estimated reading time\" \/>\n\t<meta name=\"twitter:data1\" content=\"1 minute\" \/>\n<script type=\"application\/ld+json\" class=\"yoast-schema-graph\">{\"@context\":\"https:\\\/\\\/schema.org\",\"@graph\":[{\"@type\":\"WebPage\",\"@id\":\"https:\\\/\\\/lahingupood.ee\\\/toode\\\/optiline-sihik-1-4x-delta-armory-must\\\/\",\"url\":\"https:\\\/\\\/lahingupood.ee\\\/toode\\\/optiline-sihik-1-4x-delta-armory-must\\\/\",\"name\":\"Delta Armory 1-4x Optiline Sihik Must \u2013 reguleeritav optika\",\"isPartOf\":{\"@id\":\"https:\\\/\\\/lahingupood.ee\\\/#website\"},\"primaryImageOfPage\":{\"@id\":\"https:\\\/\\\/lahingupood.ee\\\/toode\\\/optiline-sihik-1-4x-delta-armory-must\\\/#primaryimage\"},\"image\":{\"@id\":\"https:\\\/\\\/lahingupood.ee\\\/toode\\\/optiline-sihik-1-4x-delta-armory-must\\\/#primaryimage\"},\"thumbnailUrl\":\"https:\\\/\\\/lahingupood.ee\\\/wp-content\\\/uploads\\\/2025\\\/11\\\/sihik-3.jpg\",\"datePublished\":\"2025-11-12T14:49:58+00:00\",\"dateModified\":\"2026-05-02T18:00:02+00:00\",\"description\":\"Delta Armory 1-4x optiline sihik must on reguleeritava suurendusega optika Airsoft relvadele, sobides nii l\u00e4hiv\u00f5itluseks kui kaugemaks t\u00e4psuseks.\",\"breadcrumb\":{\"@id\":\"https:\\\/\\\/lahingupood.ee\\\/toode\\\/optiline-sihik-1-4x-delta-armory-must\\\/#breadcrumb\"},\"inLanguage\":\"en-GB\",\"potentialAction\":[{\"@type\":\"ReadAction\",\"target\":[\"https:\\\/\\\/lahingupood.ee\\\/toode\\\/optiline-sihik-1-4x-delta-armory-must\\\/\"]}]},{\"@type\":\"ImageObject\",\"inLanguage\":\"en-GB\",\"@id\":\"https:\\\/\\\/lahingupood.ee\\\/toode\\\/optiline-sihik-1-4x-delta-armory-must\\\/#primaryimage\",\"url\":\"https:\\\/\\\/lahingupood.ee\\\/wp-content\\\/uploads\\\/2025\\\/11\\\/sihik-3.jpg\",\"contentUrl\":\"https:\\\/\\\/lahingupood.ee\\\/wp-content\\\/uploads\\\/2025\\\/11\\\/sihik-3.jpg\",\"width\":1920,\"height\":909,\"caption\":\"Delta Armory 1-4x optiline sihik must Airsoft reguleeritav scope\"},{\"@type\":\"BreadcrumbList\",\"@id\":\"https:\\\/\\\/lahingupood.ee\\\/toode\\\/optiline-sihik-1-4x-delta-armory-must\\\/#breadcrumb\",\"itemListElement\":[{\"@type\":\"ListItem\",\"position\":1,\"name\":\"Home\",\"item\":\"https:\\\/\\\/lahingupood.ee\\\/\"},{\"@type\":\"ListItem\",\"position\":2,\"name\":\"Tooted\",\"item\":\"https:\\\/\\\/lahingupood.ee\\\/tooted\\\/\"},{\"@type\":\"ListItem\",\"position\":3,\"name\":\"Optiline sihik 1-4X Delta Armory must\"}]},{\"@type\":\"WebSite\",\"@id\":\"https:\\\/\\\/lahingupood.ee\\\/#website\",\"url\":\"https:\\\/\\\/lahingupood.ee\\\/\",\"name\":\"Lahingurada e-pood\",\"description\":\"Airsoft\",\"publisher\":{\"@id\":\"https:\\\/\\\/lahingupood.ee\\\/#organization\"},\"potentialAction\":[{\"@type\":\"SearchAction\",\"target\":{\"@type\":\"EntryPoint\",\"urlTemplate\":\"https:\\\/\\\/lahingupood.ee\\\/?s={search_term_string}\"},\"query-input\":{\"@type\":\"PropertyValueSpecification\",\"valueRequired\":true,\"valueName\":\"search_term_string\"}}],\"inLanguage\":\"en-GB\"},{\"@type\":\"Organization\",\"@id\":\"https:\\\/\\\/lahingupood.ee\\\/#organization\",\"name\":\"Lahingurada\",\"url\":\"https:\\\/\\\/lahingupood.ee\\\/\",\"logo\":{\"@type\":\"ImageObject\",\"inLanguage\":\"en-GB\",\"@id\":\"https:\\\/\\\/lahingupood.ee\\\/#\\\/schema\\\/logo\\\/image\\\/\",\"url\":\"https:\\\/\\\/lahingupood.ee\\\/wp-content\\\/uploads\\\/2022\\\/03\\\/lahingurada-220318.jpg\",\"contentUrl\":\"https:\\\/\\\/lahingupood.ee\\\/wp-content\\\/uploads\\\/2022\\\/03\\\/lahingurada-220318.jpg\",\"width\":800,\"height\":500,\"caption\":\"Lahingurada\"},\"image\":{\"@id\":\"https:\\\/\\\/lahingupood.ee\\\/#\\\/schema\\\/logo\\\/image\\\/\"},\"sameAs\":[\"https:\\\/\\\/www.facebook.com\\\/Lahingurada-629940247212967\"]}]}<\/script>\n<!-- \/ Yoast SEO Premium plugin. -->","yoast_head_json":{"title":"Delta Armory 1-4x Optiline Sihik Must \u2013 reguleeritav optika","description":"Delta Armory 1-4x optiline sihik must on reguleeritava suurendusega optika Airsoft relvadele, sobides nii l\u00e4hiv\u00f5itluseks kui kaugemaks t\u00e4psuseks.","robots":{"index":"index","follow":"follow","max-snippet":"max-snippet:-1","max-image-preview":"max-image-preview:large","max-video-preview":"max-video-preview:-1"},"canonical":"https:\/\/lahingupood.ee\/en\/product\/optiline-sihik-1-4x-delta-armory-must\/","og_locale":"en_GB","og_type":"article","og_title":"Optiline sihik 1-4X Delta Armory must","og_description":"Delta Armory 1-4x optiline sihik must on reguleeritava suurendusega optika Airsoft relvadele, sobides nii l\u00e4hiv\u00f5itluseks kui kaugemaks t\u00e4psuseks.","og_url":"https:\/\/lahingupood.ee\/en\/product\/optiline-sihik-1-4x-delta-armory-must\/","og_site_name":"Lahingurada e-pood","article_publisher":"https:\/\/www.facebook.com\/Lahingurada-629940247212967","article_modified_time":"2026-05-02T18:00:02+00:00","og_image":[{"width":1920,"height":909,"url":"https:\/\/lahingupood.ee\/wp-content\/uploads\/2025\/11\/sihik-3.jpg","type":"image\/jpeg"}],"twitter_card":"summary_large_image","twitter_misc":{"Estimated reading time":"1 minute"},"schema":{"@context":"https:\/\/schema.org","@graph":[{"@type":"WebPage","@id":"https:\/\/lahingupood.ee\/toode\/optiline-sihik-1-4x-delta-armory-must\/","url":"https:\/\/lahingupood.ee\/toode\/optiline-sihik-1-4x-delta-armory-must\/","name":"Delta Armory 1-4x Optiline Sihik Must \u2013 reguleeritav optika","isPartOf":{"@id":"https:\/\/lahingupood.ee\/#website"},"primaryImageOfPage":{"@id":"https:\/\/lahingupood.ee\/toode\/optiline-sihik-1-4x-delta-armory-must\/#primaryimage"},"image":{"@id":"https:\/\/lahingupood.ee\/toode\/optiline-sihik-1-4x-delta-armory-must\/#primaryimage"},"thumbnailUrl":"https:\/\/lahingupood.ee\/wp-content\/uploads\/2025\/11\/sihik-3.jpg","datePublished":"2025-11-12T14:49:58+00:00","dateModified":"2026-05-02T18:00:02+00:00","description":"Delta Armory 1-4x optiline sihik must on reguleeritava suurendusega optika Airsoft relvadele, sobides nii l\u00e4hiv\u00f5itluseks kui kaugemaks t\u00e4psuseks.","breadcrumb":{"@id":"https:\/\/lahingupood.ee\/toode\/optiline-sihik-1-4x-delta-armory-must\/#breadcrumb"},"inLanguage":"en-GB","potentialAction":[{"@type":"ReadAction","target":["https:\/\/lahingupood.ee\/toode\/optiline-sihik-1-4x-delta-armory-must\/"]}]},{"@type":"ImageObject","inLanguage":"en-GB","@id":"https:\/\/lahingupood.ee\/toode\/optiline-sihik-1-4x-delta-armory-must\/#primaryimage","url":"https:\/\/lahingupood.ee\/wp-content\/uploads\/2025\/11\/sihik-3.jpg","contentUrl":"https:\/\/lahingupood.ee\/wp-content\/uploads\/2025\/11\/sihik-3.jpg","width":1920,"height":909,"caption":"Delta Armory 1-4x optiline sihik must Airsoft reguleeritav scope"},{"@type":"BreadcrumbList","@id":"https:\/\/lahingupood.ee\/toode\/optiline-sihik-1-4x-delta-armory-must\/#breadcrumb","itemListElement":[{"@type":"ListItem","position":1,"name":"Home","item":"https:\/\/lahingupood.ee\/"},{"@type":"ListItem","position":2,"name":"Tooted","item":"https:\/\/lahingupood.ee\/tooted\/"},{"@type":"ListItem","position":3,"name":"Optiline sihik 1-4X Delta Armory must"}]},{"@type":"WebSite","@id":"https:\/\/lahingupood.ee\/#website","url":"https:\/\/lahingupood.ee\/","name":"Lahingurada e-pood","description":"Airsoft","publisher":{"@id":"https:\/\/lahingupood.ee\/#organization"},"potentialAction":[{"@type":"SearchAction","target":{"@type":"EntryPoint","urlTemplate":"https:\/\/lahingupood.ee\/?s={search_term_string}"},"query-input":{"@type":"PropertyValueSpecification","valueRequired":true,"valueName":"search_term_string"}}],"inLanguage":"en-GB"},{"@type":"Organization","@id":"https:\/\/lahingupood.ee\/#organization","name":"Lahingurada","url":"https:\/\/lahingupood.ee\/","logo":{"@type":"ImageObject","inLanguage":"en-GB","@id":"https:\/\/lahingupood.ee\/#\/schema\/logo\/image\/","url":"https:\/\/lahingupood.ee\/wp-content\/uploads\/2022\/03\/lahingurada-220318.jpg","contentUrl":"https:\/\/lahingupood.ee\/wp-content\/uploads\/2022\/03\/lahingurada-220318.jpg","width":800,"height":500,"caption":"Lahingurada"},"image":{"@id":"https:\/\/lahingupood.ee\/#\/schema\/logo\/image\/"},"sameAs":["https:\/\/www.facebook.com\/Lahingurada-629940247212967"]}]}},"_links":{"self":[{"href":"https:\/\/lahingupood.ee\/en\/wp-json\/wp\/v2\/product\/7446","targetHints":{"allow":["GET"]}}],"collection":[{"href":"https:\/\/lahingupood.ee\/en\/wp-json\/wp\/v2\/product"}],"about":[{"href":"https:\/\/lahingupood.ee\/en\/wp-json\/wp\/v2\/types\/product"}],"wp:featuredmedia":[{"embeddable":true,"href":"https:\/\/lahingupood.ee\/en\/wp-json\/wp\/v2\/media\/7449"}],"wp:attachment":[{"href":"https:\/\/lahingupood.ee\/en\/wp-json\/wp\/v2\/media?parent=7446"}],"wp:term":[{"taxonomy":"product_brand","embeddable":true,"href":"https:\/\/lahingupood.ee\/en\/wp-json\/wp\/v2\/product_brand?post=7446"},{"taxonomy":"product_cat","embeddable":true,"href":"https:\/\/lahingupood.ee\/en\/wp-json\/wp\/v2\/product_cat?post=7446"},{"taxonomy":"product_tag","embeddable":true,"href":"https:\/\/lahingupood.ee\/en\/wp-json\/wp\/v2\/product_tag?post=7446"}],"curies":[{"name":"wp","href":"https:\/\/api.w.org\/{rel}","templated":true}]}}