{"id":7443,"date":"2025-11-12T16:47:09","date_gmt":"2025-11-12T14:47:09","guid":{"rendered":"https:\/\/lahingupood.ee\/?post_type=product&#038;p=7443"},"modified":"2026-05-03T02:30:05","modified_gmt":"2026-05-02T23:30:05","slug":"sihik-3x-suurendusega-delta-armory","status":"publish","type":"product","link":"https:\/\/lahingupood.ee\/en\/product\/sihik-3x-suurendusega-delta-armory\/","title":{"rendered":"Sihik 3X suurendusega Delta Armory"},"content":{"rendered":"<p>Delta Armory 3x suurendusega sihik on kompaktne optiline magnifier, mis on loodud parandama sihtimise t\u00e4psust Airsoft m\u00e4ngudes. Delta Armory sihik on valmistatud metallist. See kinnitub 22 mm RIS-siini k\u00fclge. Suum on fikseeritud. Sihtimisristi saab reguleerida nii horisontaalselt kui ka vertikaalselt. Ristil on taustvalgustuse v\u00f5imalus kolmes v\u00e4rvitoonis \u2013 punane, sinine ja roheline \u2013 ning kolme erineva heleduse tasemega (1\u20133).<\/p>\n<p>Toide: 1 \u00d7 CR2032 (3V) patarei, EI KUULU komplekti.<\/p>","protected":false},"excerpt":{"rendered":"<p>Delta Armory 3x suurendusega sihik on kompaktne optiline magnifier, mis on loodud parandama sihtimise t\u00e4psust Airsoft m\u00e4ngudes. Delta Armory sihik on valmistatud metallist. See kinnitub 22 mm RIS-siini k\u00fclge. Suum on fikseeritud. Sihtimisristi saab reguleerida nii horisontaalselt kui ka vertikaalselt. Ristil on taustvalgustuse v\u00f5imalus kolmes v\u00e4rvitoonis \u2013 punane, sinine ja roheline \u2013 ning kolme erineva [&#8230;]\n","protected":false},"featured_media":7445,"template":"","meta":[],"product_brand":[],"product_cat":[65],"product_tag":[],"class_list":{"0":"post-7443","1":"product","2":"type-product","3":"status-publish","4":"has-post-thumbnail","6":"product_cat-optilised-sihikud","8":"first","9":"instock","10":"taxable","11":"shipping-taxable","12":"purchasable","13":"product-type-simple"},"yoast_head":"<!-- This site is optimized with the Yoast SEO Premium plugin v27.5 (Yoast SEO v27.5) - https:\/\/yoast.com\/product\/yoast-seo-premium-wordpress\/ -->\n<title>Delta Armory 3x Suurendusega Sihik<\/title>\n<meta name=\"description\" content=\"Delta Armory 3x suurendusega sihik on kompaktne magnifier, mis parandab punat\u00e4ppsihiku t\u00e4psust ja sobib Airsoft relvadele.\" \/>\n<meta name=\"robots\" content=\"index, follow, max-snippet:-1, max-image-preview:large, max-video-preview:-1\" \/>\n<link rel=\"canonical\" href=\"https:\/\/lahingupood.ee\/en\/product\/sihik-3x-suurendusega-delta-armory\/\" \/>\n<meta property=\"og:locale\" content=\"en_GB\" \/>\n<meta property=\"og:type\" content=\"article\" \/>\n<meta property=\"og:title\" content=\"Sihik 3X suurendusega Delta Armory\" \/>\n<meta property=\"og:description\" content=\"Delta Armory 3x suurendusega sihik on kompaktne magnifier, mis parandab punat\u00e4ppsihiku t\u00e4psust ja sobib Airsoft relvadele.\" \/>\n<meta property=\"og:url\" content=\"https:\/\/lahingupood.ee\/en\/product\/sihik-3x-suurendusega-delta-armory\/\" \/>\n<meta property=\"og:site_name\" content=\"Lahingurada e-pood\" \/>\n<meta property=\"article:publisher\" content=\"https:\/\/www.facebook.com\/Lahingurada-629940247212967\" \/>\n<meta property=\"article:modified_time\" content=\"2026-05-02T23:30:05+00:00\" \/>\n<meta property=\"og:image\" content=\"https:\/\/lahingupood.ee\/wp-content\/uploads\/2025\/11\/sihik.jpg\" \/>\n\t<meta property=\"og:image:width\" content=\"1920\" \/>\n\t<meta property=\"og:image:height\" content=\"1620\" \/>\n\t<meta property=\"og:image:type\" content=\"image\/jpeg\" \/>\n<meta name=\"twitter:card\" content=\"summary_large_image\" \/>\n<meta name=\"twitter:label1\" content=\"Estimated reading time\" \/>\n\t<meta name=\"twitter:data1\" content=\"1 minute\" \/>\n<script type=\"application\/ld+json\" class=\"yoast-schema-graph\">{\"@context\":\"https:\\\/\\\/schema.org\",\"@graph\":[{\"@type\":\"WebPage\",\"@id\":\"https:\\\/\\\/lahingupood.ee\\\/toode\\\/sihik-3x-suurendusega-delta-armory\\\/\",\"url\":\"https:\\\/\\\/lahingupood.ee\\\/toode\\\/sihik-3x-suurendusega-delta-armory\\\/\",\"name\":\"Delta Armory 3x Suurendusega Sihik\",\"isPartOf\":{\"@id\":\"https:\\\/\\\/lahingupood.ee\\\/#website\"},\"primaryImageOfPage\":{\"@id\":\"https:\\\/\\\/lahingupood.ee\\\/toode\\\/sihik-3x-suurendusega-delta-armory\\\/#primaryimage\"},\"image\":{\"@id\":\"https:\\\/\\\/lahingupood.ee\\\/toode\\\/sihik-3x-suurendusega-delta-armory\\\/#primaryimage\"},\"thumbnailUrl\":\"https:\\\/\\\/lahingupood.ee\\\/wp-content\\\/uploads\\\/2025\\\/11\\\/sihik.jpg\",\"datePublished\":\"2025-11-12T14:47:09+00:00\",\"dateModified\":\"2026-05-02T23:30:05+00:00\",\"description\":\"Delta Armory 3x suurendusega sihik on kompaktne magnifier, mis parandab punat\u00e4ppsihiku t\u00e4psust ja sobib Airsoft relvadele.\",\"breadcrumb\":{\"@id\":\"https:\\\/\\\/lahingupood.ee\\\/toode\\\/sihik-3x-suurendusega-delta-armory\\\/#breadcrumb\"},\"inLanguage\":\"en-GB\",\"potentialAction\":[{\"@type\":\"ReadAction\",\"target\":[\"https:\\\/\\\/lahingupood.ee\\\/toode\\\/sihik-3x-suurendusega-delta-armory\\\/\"]}]},{\"@type\":\"ImageObject\",\"inLanguage\":\"en-GB\",\"@id\":\"https:\\\/\\\/lahingupood.ee\\\/toode\\\/sihik-3x-suurendusega-delta-armory\\\/#primaryimage\",\"url\":\"https:\\\/\\\/lahingupood.ee\\\/wp-content\\\/uploads\\\/2025\\\/11\\\/sihik.jpg\",\"contentUrl\":\"https:\\\/\\\/lahingupood.ee\\\/wp-content\\\/uploads\\\/2025\\\/11\\\/sihik.jpg\",\"width\":1920,\"height\":1620,\"caption\":\"Delta Armory 3x suurendusega sihik Airsoft magnifier optika\"},{\"@type\":\"BreadcrumbList\",\"@id\":\"https:\\\/\\\/lahingupood.ee\\\/toode\\\/sihik-3x-suurendusega-delta-armory\\\/#breadcrumb\",\"itemListElement\":[{\"@type\":\"ListItem\",\"position\":1,\"name\":\"Home\",\"item\":\"https:\\\/\\\/lahingupood.ee\\\/\"},{\"@type\":\"ListItem\",\"position\":2,\"name\":\"Tooted\",\"item\":\"https:\\\/\\\/lahingupood.ee\\\/tooted\\\/\"},{\"@type\":\"ListItem\",\"position\":3,\"name\":\"Sihik 3X suurendusega Delta Armory\"}]},{\"@type\":\"WebSite\",\"@id\":\"https:\\\/\\\/lahingupood.ee\\\/#website\",\"url\":\"https:\\\/\\\/lahingupood.ee\\\/\",\"name\":\"Lahingurada e-pood\",\"description\":\"Airsoft\",\"publisher\":{\"@id\":\"https:\\\/\\\/lahingupood.ee\\\/#organization\"},\"potentialAction\":[{\"@type\":\"SearchAction\",\"target\":{\"@type\":\"EntryPoint\",\"urlTemplate\":\"https:\\\/\\\/lahingupood.ee\\\/?s={search_term_string}\"},\"query-input\":{\"@type\":\"PropertyValueSpecification\",\"valueRequired\":true,\"valueName\":\"search_term_string\"}}],\"inLanguage\":\"en-GB\"},{\"@type\":\"Organization\",\"@id\":\"https:\\\/\\\/lahingupood.ee\\\/#organization\",\"name\":\"Lahingurada\",\"url\":\"https:\\\/\\\/lahingupood.ee\\\/\",\"logo\":{\"@type\":\"ImageObject\",\"inLanguage\":\"en-GB\",\"@id\":\"https:\\\/\\\/lahingupood.ee\\\/#\\\/schema\\\/logo\\\/image\\\/\",\"url\":\"https:\\\/\\\/lahingupood.ee\\\/wp-content\\\/uploads\\\/2022\\\/03\\\/lahingurada-220318.jpg\",\"contentUrl\":\"https:\\\/\\\/lahingupood.ee\\\/wp-content\\\/uploads\\\/2022\\\/03\\\/lahingurada-220318.jpg\",\"width\":800,\"height\":500,\"caption\":\"Lahingurada\"},\"image\":{\"@id\":\"https:\\\/\\\/lahingupood.ee\\\/#\\\/schema\\\/logo\\\/image\\\/\"},\"sameAs\":[\"https:\\\/\\\/www.facebook.com\\\/Lahingurada-629940247212967\"]}]}<\/script>\n<!-- \/ Yoast SEO Premium plugin. -->","yoast_head_json":{"title":"Delta Armory 3x Suurendusega Sihik","description":"Delta Armory 3x suurendusega sihik on kompaktne magnifier, mis parandab punat\u00e4ppsihiku t\u00e4psust ja sobib Airsoft relvadele.","robots":{"index":"index","follow":"follow","max-snippet":"max-snippet:-1","max-image-preview":"max-image-preview:large","max-video-preview":"max-video-preview:-1"},"canonical":"https:\/\/lahingupood.ee\/en\/product\/sihik-3x-suurendusega-delta-armory\/","og_locale":"en_GB","og_type":"article","og_title":"Sihik 3X suurendusega Delta Armory","og_description":"Delta Armory 3x suurendusega sihik on kompaktne magnifier, mis parandab punat\u00e4ppsihiku t\u00e4psust ja sobib Airsoft relvadele.","og_url":"https:\/\/lahingupood.ee\/en\/product\/sihik-3x-suurendusega-delta-armory\/","og_site_name":"Lahingurada e-pood","article_publisher":"https:\/\/www.facebook.com\/Lahingurada-629940247212967","article_modified_time":"2026-05-02T23:30:05+00:00","og_image":[{"width":1920,"height":1620,"url":"https:\/\/lahingupood.ee\/wp-content\/uploads\/2025\/11\/sihik.jpg","type":"image\/jpeg"}],"twitter_card":"summary_large_image","twitter_misc":{"Estimated reading time":"1 minute"},"schema":{"@context":"https:\/\/schema.org","@graph":[{"@type":"WebPage","@id":"https:\/\/lahingupood.ee\/toode\/sihik-3x-suurendusega-delta-armory\/","url":"https:\/\/lahingupood.ee\/toode\/sihik-3x-suurendusega-delta-armory\/","name":"Delta Armory 3x Suurendusega Sihik","isPartOf":{"@id":"https:\/\/lahingupood.ee\/#website"},"primaryImageOfPage":{"@id":"https:\/\/lahingupood.ee\/toode\/sihik-3x-suurendusega-delta-armory\/#primaryimage"},"image":{"@id":"https:\/\/lahingupood.ee\/toode\/sihik-3x-suurendusega-delta-armory\/#primaryimage"},"thumbnailUrl":"https:\/\/lahingupood.ee\/wp-content\/uploads\/2025\/11\/sihik.jpg","datePublished":"2025-11-12T14:47:09+00:00","dateModified":"2026-05-02T23:30:05+00:00","description":"Delta Armory 3x suurendusega sihik on kompaktne magnifier, mis parandab punat\u00e4ppsihiku t\u00e4psust ja sobib Airsoft relvadele.","breadcrumb":{"@id":"https:\/\/lahingupood.ee\/toode\/sihik-3x-suurendusega-delta-armory\/#breadcrumb"},"inLanguage":"en-GB","potentialAction":[{"@type":"ReadAction","target":["https:\/\/lahingupood.ee\/toode\/sihik-3x-suurendusega-delta-armory\/"]}]},{"@type":"ImageObject","inLanguage":"en-GB","@id":"https:\/\/lahingupood.ee\/toode\/sihik-3x-suurendusega-delta-armory\/#primaryimage","url":"https:\/\/lahingupood.ee\/wp-content\/uploads\/2025\/11\/sihik.jpg","contentUrl":"https:\/\/lahingupood.ee\/wp-content\/uploads\/2025\/11\/sihik.jpg","width":1920,"height":1620,"caption":"Delta Armory 3x suurendusega sihik Airsoft magnifier optika"},{"@type":"BreadcrumbList","@id":"https:\/\/lahingupood.ee\/toode\/sihik-3x-suurendusega-delta-armory\/#breadcrumb","itemListElement":[{"@type":"ListItem","position":1,"name":"Home","item":"https:\/\/lahingupood.ee\/"},{"@type":"ListItem","position":2,"name":"Tooted","item":"https:\/\/lahingupood.ee\/tooted\/"},{"@type":"ListItem","position":3,"name":"Sihik 3X suurendusega Delta Armory"}]},{"@type":"WebSite","@id":"https:\/\/lahingupood.ee\/#website","url":"https:\/\/lahingupood.ee\/","name":"Lahingurada e-pood","description":"Airsoft","publisher":{"@id":"https:\/\/lahingupood.ee\/#organization"},"potentialAction":[{"@type":"SearchAction","target":{"@type":"EntryPoint","urlTemplate":"https:\/\/lahingupood.ee\/?s={search_term_string}"},"query-input":{"@type":"PropertyValueSpecification","valueRequired":true,"valueName":"search_term_string"}}],"inLanguage":"en-GB"},{"@type":"Organization","@id":"https:\/\/lahingupood.ee\/#organization","name":"Lahingurada","url":"https:\/\/lahingupood.ee\/","logo":{"@type":"ImageObject","inLanguage":"en-GB","@id":"https:\/\/lahingupood.ee\/#\/schema\/logo\/image\/","url":"https:\/\/lahingupood.ee\/wp-content\/uploads\/2022\/03\/lahingurada-220318.jpg","contentUrl":"https:\/\/lahingupood.ee\/wp-content\/uploads\/2022\/03\/lahingurada-220318.jpg","width":800,"height":500,"caption":"Lahingurada"},"image":{"@id":"https:\/\/lahingupood.ee\/#\/schema\/logo\/image\/"},"sameAs":["https:\/\/www.facebook.com\/Lahingurada-629940247212967"]}]}},"_links":{"self":[{"href":"https:\/\/lahingupood.ee\/en\/wp-json\/wp\/v2\/product\/7443","targetHints":{"allow":["GET"]}}],"collection":[{"href":"https:\/\/lahingupood.ee\/en\/wp-json\/wp\/v2\/product"}],"about":[{"href":"https:\/\/lahingupood.ee\/en\/wp-json\/wp\/v2\/types\/product"}],"wp:featuredmedia":[{"embeddable":true,"href":"https:\/\/lahingupood.ee\/en\/wp-json\/wp\/v2\/media\/7445"}],"wp:attachment":[{"href":"https:\/\/lahingupood.ee\/en\/wp-json\/wp\/v2\/media?parent=7443"}],"wp:term":[{"taxonomy":"product_brand","embeddable":true,"href":"https:\/\/lahingupood.ee\/en\/wp-json\/wp\/v2\/product_brand?post=7443"},{"taxonomy":"product_cat","embeddable":true,"href":"https:\/\/lahingupood.ee\/en\/wp-json\/wp\/v2\/product_cat?post=7443"},{"taxonomy":"product_tag","embeddable":true,"href":"https:\/\/lahingupood.ee\/en\/wp-json\/wp\/v2\/product_tag?post=7443"}],"curies":[{"name":"wp","href":"https:\/\/api.w.org\/{rel}","templated":true}]}}