{"id":7434,"date":"2025-11-11T15:01:45","date_gmt":"2025-11-11T13:01:45","guid":{"rendered":"https:\/\/lahingupood.ee\/?post_type=product&#038;p=7434"},"modified":"2026-05-02T20:00:04","modified_gmt":"2026-05-02T17:00:04","slug":"double-m16-m4-x-6-mag-pouch-cad","status":"publish","type":"product","link":"https:\/\/lahingupood.ee\/en\/product\/double-m16-m4-x-6-mag-pouch-cad\/","title":{"rendered":"DOUBLE M16\/M4 MAG POUCH CAD"},"content":{"rendered":"<p>M16\/M4 double mag pouch CAD on mahukas ja praktiline MOLLE kinnitusega salvetasku, mis on m\u00f5eldud M16 ja M4 t\u00fc\u00fcpi Airsoft relvade salvede kandmiseks. Tegemist on suure mahutavusega lahendusega, mis v\u00f5imaldab kaasas kanda kuni kuut salve, tagades pikaajalise m\u00e4nguv\u00f5ime ilma pideva \u00fcmberlaadimiseta. M16\/M4 double 6 mag pouch CAD on disainitud nii, et salved p\u00fcsivad kindlalt paigal ka aktiivse liikumise ajal. Samal ajal v\u00f5imaldab avatud v\u00f5i elastne konstruktsioon kiiret ligip\u00e4\u00e4su, mis on oluline kiiretes m\u00e4ngusituatsioonides.<\/p>","protected":false},"excerpt":{"rendered":"<p>M16\/M4 double mag pouch CAD on mahukas ja praktiline MOLLE kinnitusega salvetasku, mis on m\u00f5eldud M16 ja M4 t\u00fc\u00fcpi Airsoft relvade salvede kandmiseks. Tegemist on suure mahutavusega lahendusega, mis v\u00f5imaldab kaasas kanda kuni kuut salve, tagades pikaajalise m\u00e4nguv\u00f5ime ilma pideva \u00fcmberlaadimiseta. M16\/M4 double 6 mag pouch CAD on disainitud nii, et salved p\u00fcsivad kindlalt paigal [&#8230;]\n","protected":false},"featured_media":7403,"template":"","meta":[],"product_brand":[],"product_cat":[213,67],"product_tag":[],"class_list":{"0":"post-7434","1":"product","2":"type-product","3":"status-publish","4":"has-post-thumbnail","6":"product_cat-cad","7":"product_cat-varustuse-taskud","9":"first","10":"instock","11":"taxable","12":"shipping-taxable","13":"purchasable","14":"product-type-simple"},"yoast_head":"<!-- This site is optimized with the Yoast SEO Premium plugin v27.5 (Yoast SEO v27.5) - https:\/\/yoast.com\/product\/yoast-seo-premium-wordpress\/ -->\n<title>M16\/M4 Double Mag Pouch CAD \u2013 MOLLE salvetasku<\/title>\n<meta name=\"description\" content=\"M16\/M4 double 6 mag pouch CAD on MOLLE salvetasku, mis mahutab kuni 6 salve ja tagab kiire ligip\u00e4\u00e4su Airsoft m\u00e4ngudes. Klapp tagab mugava kasutamise.\" \/>\n<meta name=\"robots\" content=\"index, follow, max-snippet:-1, max-image-preview:large, max-video-preview:-1\" \/>\n<link rel=\"canonical\" href=\"https:\/\/lahingupood.ee\/en\/product\/double-m16-m4-x-6-mag-pouch-cad\/\" \/>\n<meta property=\"og:locale\" content=\"en_GB\" \/>\n<meta property=\"og:type\" content=\"article\" \/>\n<meta property=\"og:title\" content=\"DOUBLE M16\/M4 MAG POUCH CAD\" \/>\n<meta property=\"og:description\" content=\"M16\/M4 double 6 mag pouch CAD on MOLLE salvetasku, mis mahutab kuni 6 salve ja tagab kiire ligip\u00e4\u00e4su Airsoft m\u00e4ngudes. Klapp tagab mugava kasutamise.\" \/>\n<meta property=\"og:url\" content=\"https:\/\/lahingupood.ee\/en\/product\/double-m16-m4-x-6-mag-pouch-cad\/\" \/>\n<meta property=\"og:site_name\" content=\"Lahingurada e-pood\" \/>\n<meta property=\"article:publisher\" content=\"https:\/\/www.facebook.com\/Lahingurada-629940247212967\" \/>\n<meta property=\"article:modified_time\" content=\"2026-05-02T17:00:04+00:00\" \/>\n<meta property=\"og:image\" content=\"https:\/\/lahingupood.ee\/wp-content\/uploads\/2025\/11\/SHS-23011-WD.jpg.webp\" \/>\n\t<meta property=\"og:image:width\" content=\"1200\" \/>\n\t<meta property=\"og:image:height\" content=\"1181\" \/>\n\t<meta property=\"og:image:type\" content=\"image\/webp\" \/>\n<meta name=\"twitter:card\" content=\"summary_large_image\" \/>\n<meta name=\"twitter:label1\" content=\"Estimated reading time\" \/>\n\t<meta name=\"twitter:data1\" content=\"1 minute\" \/>\n<script type=\"application\/ld+json\" class=\"yoast-schema-graph\">{\"@context\":\"https:\\\/\\\/schema.org\",\"@graph\":[{\"@type\":\"WebPage\",\"@id\":\"https:\\\/\\\/lahingupood.ee\\\/toode\\\/double-m16-m4-x-6-mag-pouch-cad\\\/\",\"url\":\"https:\\\/\\\/lahingupood.ee\\\/toode\\\/double-m16-m4-x-6-mag-pouch-cad\\\/\",\"name\":\"M16\\\/M4 Double Mag Pouch CAD \u2013 MOLLE salvetasku\",\"isPartOf\":{\"@id\":\"https:\\\/\\\/lahingupood.ee\\\/#website\"},\"primaryImageOfPage\":{\"@id\":\"https:\\\/\\\/lahingupood.ee\\\/toode\\\/double-m16-m4-x-6-mag-pouch-cad\\\/#primaryimage\"},\"image\":{\"@id\":\"https:\\\/\\\/lahingupood.ee\\\/toode\\\/double-m16-m4-x-6-mag-pouch-cad\\\/#primaryimage\"},\"thumbnailUrl\":\"https:\\\/\\\/lahingupood.ee\\\/wp-content\\\/uploads\\\/2025\\\/11\\\/SHS-23011-WD.jpg.webp\",\"datePublished\":\"2025-11-11T13:01:45+00:00\",\"dateModified\":\"2026-05-02T17:00:04+00:00\",\"description\":\"M16\\\/M4 double 6 mag pouch CAD on MOLLE salvetasku, mis mahutab kuni 6 salve ja tagab kiire ligip\u00e4\u00e4su Airsoft m\u00e4ngudes. Klapp tagab mugava kasutamise.\",\"breadcrumb\":{\"@id\":\"https:\\\/\\\/lahingupood.ee\\\/toode\\\/double-m16-m4-x-6-mag-pouch-cad\\\/#breadcrumb\"},\"inLanguage\":\"en-GB\",\"potentialAction\":[{\"@type\":\"ReadAction\",\"target\":[\"https:\\\/\\\/lahingupood.ee\\\/toode\\\/double-m16-m4-x-6-mag-pouch-cad\\\/\"]}]},{\"@type\":\"ImageObject\",\"inLanguage\":\"en-GB\",\"@id\":\"https:\\\/\\\/lahingupood.ee\\\/toode\\\/double-m16-m4-x-6-mag-pouch-cad\\\/#primaryimage\",\"url\":\"https:\\\/\\\/lahingupood.ee\\\/wp-content\\\/uploads\\\/2025\\\/11\\\/SHS-23011-WD.jpg.webp\",\"contentUrl\":\"https:\\\/\\\/lahingupood.ee\\\/wp-content\\\/uploads\\\/2025\\\/11\\\/SHS-23011-WD.jpg.webp\",\"width\":1200,\"height\":1181,\"caption\":\"M16 M4 double 6 mag pouch CAD MOLLE salvetasku Airsoft varustus\"},{\"@type\":\"BreadcrumbList\",\"@id\":\"https:\\\/\\\/lahingupood.ee\\\/toode\\\/double-m16-m4-x-6-mag-pouch-cad\\\/#breadcrumb\",\"itemListElement\":[{\"@type\":\"ListItem\",\"position\":1,\"name\":\"Home\",\"item\":\"https:\\\/\\\/lahingupood.ee\\\/\"},{\"@type\":\"ListItem\",\"position\":2,\"name\":\"Tooted\",\"item\":\"https:\\\/\\\/lahingupood.ee\\\/tooted\\\/\"},{\"@type\":\"ListItem\",\"position\":3,\"name\":\"DOUBLE M16\\\/M4 MAG POUCH CAD\"}]},{\"@type\":\"WebSite\",\"@id\":\"https:\\\/\\\/lahingupood.ee\\\/#website\",\"url\":\"https:\\\/\\\/lahingupood.ee\\\/\",\"name\":\"Lahingurada e-pood\",\"description\":\"Airsoft\",\"publisher\":{\"@id\":\"https:\\\/\\\/lahingupood.ee\\\/#organization\"},\"potentialAction\":[{\"@type\":\"SearchAction\",\"target\":{\"@type\":\"EntryPoint\",\"urlTemplate\":\"https:\\\/\\\/lahingupood.ee\\\/?s={search_term_string}\"},\"query-input\":{\"@type\":\"PropertyValueSpecification\",\"valueRequired\":true,\"valueName\":\"search_term_string\"}}],\"inLanguage\":\"en-GB\"},{\"@type\":\"Organization\",\"@id\":\"https:\\\/\\\/lahingupood.ee\\\/#organization\",\"name\":\"Lahingurada\",\"url\":\"https:\\\/\\\/lahingupood.ee\\\/\",\"logo\":{\"@type\":\"ImageObject\",\"inLanguage\":\"en-GB\",\"@id\":\"https:\\\/\\\/lahingupood.ee\\\/#\\\/schema\\\/logo\\\/image\\\/\",\"url\":\"https:\\\/\\\/lahingupood.ee\\\/wp-content\\\/uploads\\\/2022\\\/03\\\/lahingurada-220318.jpg\",\"contentUrl\":\"https:\\\/\\\/lahingupood.ee\\\/wp-content\\\/uploads\\\/2022\\\/03\\\/lahingurada-220318.jpg\",\"width\":800,\"height\":500,\"caption\":\"Lahingurada\"},\"image\":{\"@id\":\"https:\\\/\\\/lahingupood.ee\\\/#\\\/schema\\\/logo\\\/image\\\/\"},\"sameAs\":[\"https:\\\/\\\/www.facebook.com\\\/Lahingurada-629940247212967\"]}]}<\/script>\n<!-- \/ Yoast SEO Premium plugin. -->","yoast_head_json":{"title":"M16\/M4 Double Mag Pouch CAD \u2013 MOLLE salvetasku","description":"M16\/M4 double 6 mag pouch CAD on MOLLE salvetasku, mis mahutab kuni 6 salve ja tagab kiire ligip\u00e4\u00e4su Airsoft m\u00e4ngudes. Klapp tagab mugava kasutamise.","robots":{"index":"index","follow":"follow","max-snippet":"max-snippet:-1","max-image-preview":"max-image-preview:large","max-video-preview":"max-video-preview:-1"},"canonical":"https:\/\/lahingupood.ee\/en\/product\/double-m16-m4-x-6-mag-pouch-cad\/","og_locale":"en_GB","og_type":"article","og_title":"DOUBLE M16\/M4 MAG POUCH CAD","og_description":"M16\/M4 double 6 mag pouch CAD on MOLLE salvetasku, mis mahutab kuni 6 salve ja tagab kiire ligip\u00e4\u00e4su Airsoft m\u00e4ngudes. Klapp tagab mugava kasutamise.","og_url":"https:\/\/lahingupood.ee\/en\/product\/double-m16-m4-x-6-mag-pouch-cad\/","og_site_name":"Lahingurada e-pood","article_publisher":"https:\/\/www.facebook.com\/Lahingurada-629940247212967","article_modified_time":"2026-05-02T17:00:04+00:00","og_image":[{"width":1200,"height":1181,"url":"https:\/\/lahingupood.ee\/wp-content\/uploads\/2025\/11\/SHS-23011-WD.jpg.webp","type":"image\/webp"}],"twitter_card":"summary_large_image","twitter_misc":{"Estimated reading time":"1 minute"},"schema":{"@context":"https:\/\/schema.org","@graph":[{"@type":"WebPage","@id":"https:\/\/lahingupood.ee\/toode\/double-m16-m4-x-6-mag-pouch-cad\/","url":"https:\/\/lahingupood.ee\/toode\/double-m16-m4-x-6-mag-pouch-cad\/","name":"M16\/M4 Double Mag Pouch CAD \u2013 MOLLE salvetasku","isPartOf":{"@id":"https:\/\/lahingupood.ee\/#website"},"primaryImageOfPage":{"@id":"https:\/\/lahingupood.ee\/toode\/double-m16-m4-x-6-mag-pouch-cad\/#primaryimage"},"image":{"@id":"https:\/\/lahingupood.ee\/toode\/double-m16-m4-x-6-mag-pouch-cad\/#primaryimage"},"thumbnailUrl":"https:\/\/lahingupood.ee\/wp-content\/uploads\/2025\/11\/SHS-23011-WD.jpg.webp","datePublished":"2025-11-11T13:01:45+00:00","dateModified":"2026-05-02T17:00:04+00:00","description":"M16\/M4 double 6 mag pouch CAD on MOLLE salvetasku, mis mahutab kuni 6 salve ja tagab kiire ligip\u00e4\u00e4su Airsoft m\u00e4ngudes. Klapp tagab mugava kasutamise.","breadcrumb":{"@id":"https:\/\/lahingupood.ee\/toode\/double-m16-m4-x-6-mag-pouch-cad\/#breadcrumb"},"inLanguage":"en-GB","potentialAction":[{"@type":"ReadAction","target":["https:\/\/lahingupood.ee\/toode\/double-m16-m4-x-6-mag-pouch-cad\/"]}]},{"@type":"ImageObject","inLanguage":"en-GB","@id":"https:\/\/lahingupood.ee\/toode\/double-m16-m4-x-6-mag-pouch-cad\/#primaryimage","url":"https:\/\/lahingupood.ee\/wp-content\/uploads\/2025\/11\/SHS-23011-WD.jpg.webp","contentUrl":"https:\/\/lahingupood.ee\/wp-content\/uploads\/2025\/11\/SHS-23011-WD.jpg.webp","width":1200,"height":1181,"caption":"M16 M4 double 6 mag pouch CAD MOLLE salvetasku Airsoft varustus"},{"@type":"BreadcrumbList","@id":"https:\/\/lahingupood.ee\/toode\/double-m16-m4-x-6-mag-pouch-cad\/#breadcrumb","itemListElement":[{"@type":"ListItem","position":1,"name":"Home","item":"https:\/\/lahingupood.ee\/"},{"@type":"ListItem","position":2,"name":"Tooted","item":"https:\/\/lahingupood.ee\/tooted\/"},{"@type":"ListItem","position":3,"name":"DOUBLE M16\/M4 MAG POUCH CAD"}]},{"@type":"WebSite","@id":"https:\/\/lahingupood.ee\/#website","url":"https:\/\/lahingupood.ee\/","name":"Lahingurada e-pood","description":"Airsoft","publisher":{"@id":"https:\/\/lahingupood.ee\/#organization"},"potentialAction":[{"@type":"SearchAction","target":{"@type":"EntryPoint","urlTemplate":"https:\/\/lahingupood.ee\/?s={search_term_string}"},"query-input":{"@type":"PropertyValueSpecification","valueRequired":true,"valueName":"search_term_string"}}],"inLanguage":"en-GB"},{"@type":"Organization","@id":"https:\/\/lahingupood.ee\/#organization","name":"Lahingurada","url":"https:\/\/lahingupood.ee\/","logo":{"@type":"ImageObject","inLanguage":"en-GB","@id":"https:\/\/lahingupood.ee\/#\/schema\/logo\/image\/","url":"https:\/\/lahingupood.ee\/wp-content\/uploads\/2022\/03\/lahingurada-220318.jpg","contentUrl":"https:\/\/lahingupood.ee\/wp-content\/uploads\/2022\/03\/lahingurada-220318.jpg","width":800,"height":500,"caption":"Lahingurada"},"image":{"@id":"https:\/\/lahingupood.ee\/#\/schema\/logo\/image\/"},"sameAs":["https:\/\/www.facebook.com\/Lahingurada-629940247212967"]}]}},"_links":{"self":[{"href":"https:\/\/lahingupood.ee\/en\/wp-json\/wp\/v2\/product\/7434","targetHints":{"allow":["GET"]}}],"collection":[{"href":"https:\/\/lahingupood.ee\/en\/wp-json\/wp\/v2\/product"}],"about":[{"href":"https:\/\/lahingupood.ee\/en\/wp-json\/wp\/v2\/types\/product"}],"wp:featuredmedia":[{"embeddable":true,"href":"https:\/\/lahingupood.ee\/en\/wp-json\/wp\/v2\/media\/7403"}],"wp:attachment":[{"href":"https:\/\/lahingupood.ee\/en\/wp-json\/wp\/v2\/media?parent=7434"}],"wp:term":[{"taxonomy":"product_brand","embeddable":true,"href":"https:\/\/lahingupood.ee\/en\/wp-json\/wp\/v2\/product_brand?post=7434"},{"taxonomy":"product_cat","embeddable":true,"href":"https:\/\/lahingupood.ee\/en\/wp-json\/wp\/v2\/product_cat?post=7434"},{"taxonomy":"product_tag","embeddable":true,"href":"https:\/\/lahingupood.ee\/en\/wp-json\/wp\/v2\/product_tag?post=7434"}],"curies":[{"name":"wp","href":"https:\/\/api.w.org\/{rel}","templated":true}]}}