{"id":7422,"date":"2025-11-11T14:23:15","date_gmt":"2025-11-11T12:23:15","guid":{"rendered":"https:\/\/lahingupood.ee\/?post_type=product&#038;p=7422"},"modified":"2026-05-02T21:00:08","modified_gmt":"2026-05-02T18:00:08","slug":"she-short-brim-bush-hat-mc","status":"publish","type":"product","link":"https:\/\/lahingupood.ee\/en\/product\/she-short-brim-bush-hat-mc\/","title":{"rendered":"SHE Short brim bush hat MC"},"content":{"rendered":"<p data-start=\"331\" data-end=\"584\">SHE short brim bush hat MC on kerge ja praktiline militaarstiilis m\u00fcts, mis on loodud kasutamiseks v\u00e4litingimustes ja Airsoft m\u00e4ngudes. MultiCam (MC) mustriga disain aitab tagada hea maskeerumise erinevates keskkondades, eriti metsasel ja segamaastikul.<\/p>","protected":false},"excerpt":{"rendered":"<p>SHE short brim bush hat MC on kerge ja praktiline militaarstiilis m\u00fcts, mis on loodud kasutamiseks v\u00e4litingimustes ja Airsoft m\u00e4ngudes. MultiCam (MC) mustriga disain aitab tagada hea maskeerumise erinevates keskkondades, eriti metsasel ja segamaastikul.<\/p>","protected":false},"featured_media":7398,"template":"","meta":[],"product_brand":[],"product_cat":[35],"product_tag":[],"class_list":{"0":"post-7422","1":"product","2":"type-product","3":"status-publish","4":"has-post-thumbnail","6":"product_cat-peakatted","8":"first","9":"instock","10":"taxable","11":"shipping-taxable","12":"purchasable","13":"product-type-variable"},"yoast_head":"<!-- This site is optimized with the Yoast SEO Premium plugin v27.5 (Yoast SEO v27.5) - https:\/\/yoast.com\/product\/yoast-seo-premium-wordpress\/ -->\n<title>SHE Short Brim Bush Hat MC \u2013 militaarne laia \u00e4\u00e4rega m\u00fcts<\/title>\n<meta name=\"description\" content=\"SHE short brim bush hat MC on kerge militaarne m\u00fcts, mis pakub p\u00e4ikesekaitset ja sobib Airsoft m\u00e4ngudeks ning v\u00e4litegevusteks.\" \/>\n<meta name=\"robots\" content=\"index, follow, max-snippet:-1, max-image-preview:large, max-video-preview:-1\" \/>\n<link rel=\"canonical\" href=\"https:\/\/lahingupood.ee\/en\/product\/she-short-brim-bush-hat-mc\/\" \/>\n<meta property=\"og:locale\" content=\"en_GB\" \/>\n<meta property=\"og:type\" content=\"article\" \/>\n<meta property=\"og:title\" content=\"SHE Short brim bush hat MC\" \/>\n<meta property=\"og:description\" content=\"SHE short brim bush hat MC on kerge militaarne m\u00fcts, mis pakub p\u00e4ikesekaitset ja sobib Airsoft m\u00e4ngudeks ning v\u00e4litegevusteks.\" \/>\n<meta property=\"og:url\" content=\"https:\/\/lahingupood.ee\/en\/product\/she-short-brim-bush-hat-mc\/\" \/>\n<meta property=\"og:site_name\" content=\"Lahingurada e-pood\" \/>\n<meta property=\"article:publisher\" content=\"https:\/\/www.facebook.com\/Lahingurada-629940247212967\" \/>\n<meta property=\"article:modified_time\" content=\"2026-05-02T18:00:08+00:00\" \/>\n<meta property=\"og:image\" content=\"https:\/\/lahingupood.ee\/wp-content\/uploads\/2025\/11\/SHS-1956SHORTBRIMMEDBUSHHAT-side-UTP.jpg.webp\" \/>\n\t<meta property=\"og:image:width\" content=\"1200\" \/>\n\t<meta property=\"og:image:height\" content=\"1088\" \/>\n\t<meta property=\"og:image:type\" content=\"image\/webp\" \/>\n<meta name=\"twitter:card\" content=\"summary_large_image\" \/>\n<meta name=\"twitter:label1\" content=\"Estimated reading time\" \/>\n\t<meta name=\"twitter:data1\" content=\"1 minute\" \/>\n<script type=\"application\/ld+json\" class=\"yoast-schema-graph\">{\"@context\":\"https:\\\/\\\/schema.org\",\"@graph\":[{\"@type\":\"WebPage\",\"@id\":\"https:\\\/\\\/lahingupood.ee\\\/toode\\\/she-short-brim-bush-hat-mc\\\/\",\"url\":\"https:\\\/\\\/lahingupood.ee\\\/toode\\\/she-short-brim-bush-hat-mc\\\/\",\"name\":\"SHE Short Brim Bush Hat MC \u2013 militaarne laia \u00e4\u00e4rega m\u00fcts\",\"isPartOf\":{\"@id\":\"https:\\\/\\\/lahingupood.ee\\\/#website\"},\"primaryImageOfPage\":{\"@id\":\"https:\\\/\\\/lahingupood.ee\\\/toode\\\/she-short-brim-bush-hat-mc\\\/#primaryimage\"},\"image\":{\"@id\":\"https:\\\/\\\/lahingupood.ee\\\/toode\\\/she-short-brim-bush-hat-mc\\\/#primaryimage\"},\"thumbnailUrl\":\"https:\\\/\\\/lahingupood.ee\\\/wp-content\\\/uploads\\\/2025\\\/11\\\/SHS-1956SHORTBRIMMEDBUSHHAT-side-UTP.jpg.webp\",\"datePublished\":\"2025-11-11T12:23:15+00:00\",\"dateModified\":\"2026-05-02T18:00:08+00:00\",\"description\":\"SHE short brim bush hat MC on kerge militaarne m\u00fcts, mis pakub p\u00e4ikesekaitset ja sobib Airsoft m\u00e4ngudeks ning v\u00e4litegevusteks.\",\"breadcrumb\":{\"@id\":\"https:\\\/\\\/lahingupood.ee\\\/toode\\\/she-short-brim-bush-hat-mc\\\/#breadcrumb\"},\"inLanguage\":\"en-GB\",\"potentialAction\":[{\"@type\":\"ReadAction\",\"target\":[\"https:\\\/\\\/lahingupood.ee\\\/toode\\\/she-short-brim-bush-hat-mc\\\/\"]}]},{\"@type\":\"ImageObject\",\"inLanguage\":\"en-GB\",\"@id\":\"https:\\\/\\\/lahingupood.ee\\\/toode\\\/she-short-brim-bush-hat-mc\\\/#primaryimage\",\"url\":\"https:\\\/\\\/lahingupood.ee\\\/wp-content\\\/uploads\\\/2025\\\/11\\\/SHS-1956SHORTBRIMMEDBUSHHAT-side-UTP.jpg.webp\",\"contentUrl\":\"https:\\\/\\\/lahingupood.ee\\\/wp-content\\\/uploads\\\/2025\\\/11\\\/SHS-1956SHORTBRIMMEDBUSHHAT-side-UTP.jpg.webp\",\"width\":1200,\"height\":1088,\"caption\":\"SHE short brim bush hat MC militaarne bush hat MultiCam Airsoft\"},{\"@type\":\"BreadcrumbList\",\"@id\":\"https:\\\/\\\/lahingupood.ee\\\/toode\\\/she-short-brim-bush-hat-mc\\\/#breadcrumb\",\"itemListElement\":[{\"@type\":\"ListItem\",\"position\":1,\"name\":\"Home\",\"item\":\"https:\\\/\\\/lahingupood.ee\\\/\"},{\"@type\":\"ListItem\",\"position\":2,\"name\":\"Tooted\",\"item\":\"https:\\\/\\\/lahingupood.ee\\\/tooted\\\/\"},{\"@type\":\"ListItem\",\"position\":3,\"name\":\"SHE Short brim bush hat MC\"}]},{\"@type\":\"WebSite\",\"@id\":\"https:\\\/\\\/lahingupood.ee\\\/#website\",\"url\":\"https:\\\/\\\/lahingupood.ee\\\/\",\"name\":\"Lahingurada e-pood\",\"description\":\"Airsoft\",\"publisher\":{\"@id\":\"https:\\\/\\\/lahingupood.ee\\\/#organization\"},\"potentialAction\":[{\"@type\":\"SearchAction\",\"target\":{\"@type\":\"EntryPoint\",\"urlTemplate\":\"https:\\\/\\\/lahingupood.ee\\\/?s={search_term_string}\"},\"query-input\":{\"@type\":\"PropertyValueSpecification\",\"valueRequired\":true,\"valueName\":\"search_term_string\"}}],\"inLanguage\":\"en-GB\"},{\"@type\":\"Organization\",\"@id\":\"https:\\\/\\\/lahingupood.ee\\\/#organization\",\"name\":\"Lahingurada\",\"url\":\"https:\\\/\\\/lahingupood.ee\\\/\",\"logo\":{\"@type\":\"ImageObject\",\"inLanguage\":\"en-GB\",\"@id\":\"https:\\\/\\\/lahingupood.ee\\\/#\\\/schema\\\/logo\\\/image\\\/\",\"url\":\"https:\\\/\\\/lahingupood.ee\\\/wp-content\\\/uploads\\\/2022\\\/03\\\/lahingurada-220318.jpg\",\"contentUrl\":\"https:\\\/\\\/lahingupood.ee\\\/wp-content\\\/uploads\\\/2022\\\/03\\\/lahingurada-220318.jpg\",\"width\":800,\"height\":500,\"caption\":\"Lahingurada\"},\"image\":{\"@id\":\"https:\\\/\\\/lahingupood.ee\\\/#\\\/schema\\\/logo\\\/image\\\/\"},\"sameAs\":[\"https:\\\/\\\/www.facebook.com\\\/Lahingurada-629940247212967\"]}]}<\/script>\n<!-- \/ Yoast SEO Premium plugin. -->","yoast_head_json":{"title":"SHE Short Brim Bush Hat MC \u2013 militaarne laia \u00e4\u00e4rega m\u00fcts","description":"SHE short brim bush hat MC on kerge militaarne m\u00fcts, mis pakub p\u00e4ikesekaitset ja sobib Airsoft m\u00e4ngudeks ning v\u00e4litegevusteks.","robots":{"index":"index","follow":"follow","max-snippet":"max-snippet:-1","max-image-preview":"max-image-preview:large","max-video-preview":"max-video-preview:-1"},"canonical":"https:\/\/lahingupood.ee\/en\/product\/she-short-brim-bush-hat-mc\/","og_locale":"en_GB","og_type":"article","og_title":"SHE Short brim bush hat MC","og_description":"SHE short brim bush hat MC on kerge militaarne m\u00fcts, mis pakub p\u00e4ikesekaitset ja sobib Airsoft m\u00e4ngudeks ning v\u00e4litegevusteks.","og_url":"https:\/\/lahingupood.ee\/en\/product\/she-short-brim-bush-hat-mc\/","og_site_name":"Lahingurada e-pood","article_publisher":"https:\/\/www.facebook.com\/Lahingurada-629940247212967","article_modified_time":"2026-05-02T18:00:08+00:00","og_image":[{"width":1200,"height":1088,"url":"https:\/\/lahingupood.ee\/wp-content\/uploads\/2025\/11\/SHS-1956SHORTBRIMMEDBUSHHAT-side-UTP.jpg.webp","type":"image\/webp"}],"twitter_card":"summary_large_image","twitter_misc":{"Estimated reading time":"1 minute"},"schema":{"@context":"https:\/\/schema.org","@graph":[{"@type":"WebPage","@id":"https:\/\/lahingupood.ee\/toode\/she-short-brim-bush-hat-mc\/","url":"https:\/\/lahingupood.ee\/toode\/she-short-brim-bush-hat-mc\/","name":"SHE Short Brim Bush Hat MC \u2013 militaarne laia \u00e4\u00e4rega m\u00fcts","isPartOf":{"@id":"https:\/\/lahingupood.ee\/#website"},"primaryImageOfPage":{"@id":"https:\/\/lahingupood.ee\/toode\/she-short-brim-bush-hat-mc\/#primaryimage"},"image":{"@id":"https:\/\/lahingupood.ee\/toode\/she-short-brim-bush-hat-mc\/#primaryimage"},"thumbnailUrl":"https:\/\/lahingupood.ee\/wp-content\/uploads\/2025\/11\/SHS-1956SHORTBRIMMEDBUSHHAT-side-UTP.jpg.webp","datePublished":"2025-11-11T12:23:15+00:00","dateModified":"2026-05-02T18:00:08+00:00","description":"SHE short brim bush hat MC on kerge militaarne m\u00fcts, mis pakub p\u00e4ikesekaitset ja sobib Airsoft m\u00e4ngudeks ning v\u00e4litegevusteks.","breadcrumb":{"@id":"https:\/\/lahingupood.ee\/toode\/she-short-brim-bush-hat-mc\/#breadcrumb"},"inLanguage":"en-GB","potentialAction":[{"@type":"ReadAction","target":["https:\/\/lahingupood.ee\/toode\/she-short-brim-bush-hat-mc\/"]}]},{"@type":"ImageObject","inLanguage":"en-GB","@id":"https:\/\/lahingupood.ee\/toode\/she-short-brim-bush-hat-mc\/#primaryimage","url":"https:\/\/lahingupood.ee\/wp-content\/uploads\/2025\/11\/SHS-1956SHORTBRIMMEDBUSHHAT-side-UTP.jpg.webp","contentUrl":"https:\/\/lahingupood.ee\/wp-content\/uploads\/2025\/11\/SHS-1956SHORTBRIMMEDBUSHHAT-side-UTP.jpg.webp","width":1200,"height":1088,"caption":"SHE short brim bush hat MC militaarne bush hat MultiCam Airsoft"},{"@type":"BreadcrumbList","@id":"https:\/\/lahingupood.ee\/toode\/she-short-brim-bush-hat-mc\/#breadcrumb","itemListElement":[{"@type":"ListItem","position":1,"name":"Home","item":"https:\/\/lahingupood.ee\/"},{"@type":"ListItem","position":2,"name":"Tooted","item":"https:\/\/lahingupood.ee\/tooted\/"},{"@type":"ListItem","position":3,"name":"SHE Short brim bush hat MC"}]},{"@type":"WebSite","@id":"https:\/\/lahingupood.ee\/#website","url":"https:\/\/lahingupood.ee\/","name":"Lahingurada e-pood","description":"Airsoft","publisher":{"@id":"https:\/\/lahingupood.ee\/#organization"},"potentialAction":[{"@type":"SearchAction","target":{"@type":"EntryPoint","urlTemplate":"https:\/\/lahingupood.ee\/?s={search_term_string}"},"query-input":{"@type":"PropertyValueSpecification","valueRequired":true,"valueName":"search_term_string"}}],"inLanguage":"en-GB"},{"@type":"Organization","@id":"https:\/\/lahingupood.ee\/#organization","name":"Lahingurada","url":"https:\/\/lahingupood.ee\/","logo":{"@type":"ImageObject","inLanguage":"en-GB","@id":"https:\/\/lahingupood.ee\/#\/schema\/logo\/image\/","url":"https:\/\/lahingupood.ee\/wp-content\/uploads\/2022\/03\/lahingurada-220318.jpg","contentUrl":"https:\/\/lahingupood.ee\/wp-content\/uploads\/2022\/03\/lahingurada-220318.jpg","width":800,"height":500,"caption":"Lahingurada"},"image":{"@id":"https:\/\/lahingupood.ee\/#\/schema\/logo\/image\/"},"sameAs":["https:\/\/www.facebook.com\/Lahingurada-629940247212967"]}]}},"_links":{"self":[{"href":"https:\/\/lahingupood.ee\/en\/wp-json\/wp\/v2\/product\/7422","targetHints":{"allow":["GET"]}}],"collection":[{"href":"https:\/\/lahingupood.ee\/en\/wp-json\/wp\/v2\/product"}],"about":[{"href":"https:\/\/lahingupood.ee\/en\/wp-json\/wp\/v2\/types\/product"}],"wp:featuredmedia":[{"embeddable":true,"href":"https:\/\/lahingupood.ee\/en\/wp-json\/wp\/v2\/media\/7398"}],"wp:attachment":[{"href":"https:\/\/lahingupood.ee\/en\/wp-json\/wp\/v2\/media?parent=7422"}],"wp:term":[{"taxonomy":"product_brand","embeddable":true,"href":"https:\/\/lahingupood.ee\/en\/wp-json\/wp\/v2\/product_brand?post=7422"},{"taxonomy":"product_cat","embeddable":true,"href":"https:\/\/lahingupood.ee\/en\/wp-json\/wp\/v2\/product_cat?post=7422"},{"taxonomy":"product_tag","embeddable":true,"href":"https:\/\/lahingupood.ee\/en\/wp-json\/wp\/v2\/product_tag?post=7422"}],"curies":[{"name":"wp","href":"https:\/\/api.w.org\/{rel}","templated":true}]}}