{"id":7417,"date":"2025-11-11T14:09:16","date_gmt":"2025-11-11T12:09:16","guid":{"rendered":"https:\/\/lahingupood.ee\/?post_type=product&#038;p=7417"},"modified":"2026-05-02T22:30:07","modified_gmt":"2026-05-02T19:30:07","slug":"tac-shooting-gloves-od","status":"publish","type":"product","link":"https:\/\/lahingupood.ee\/en\/product\/tac-shooting-gloves-od\/","title":{"rendered":"TAC SHOOTING GLOVES OD"},"content":{"rendered":"<p>Tactical shooting gloves OD on vastupidavad ja funktsionaalsed militaarkindad, mis on loodud pakkuma kaitset, mugavust ja paremat relvade k\u00e4sitsemist Airsoft m\u00e4ngudes ning muudes taktikalisetes olukordades. OD (Olive Drab) v\u00e4rv tagab hea maskeerumise rohelises ja metsases keskkonnas. Kindad on disainitud nii, et need pakuvad kindlat haaret relval ja lisavarustusel, v\u00e4hendades libisemist ka niisketes v\u00f5i tolmustes tingimustes. See parandab t\u00e4psust ja kontrolli, mis on oluline kiiretes m\u00e4ngusituatsioonides.<\/p>","protected":false},"excerpt":{"rendered":"<p>Tactical shooting gloves OD on vastupidavad ja funktsionaalsed militaarkindad, mis on loodud pakkuma kaitset, mugavust ja paremat relvade k\u00e4sitsemist Airsoft m\u00e4ngudes ning muudes taktikalisetes olukordades. OD (Olive Drab) v\u00e4rv tagab hea maskeerumise rohelises ja metsases keskkonnas. Kindad on disainitud nii, et need pakuvad kindlat haaret relval ja lisavarustusel, v\u00e4hendades libisemist ka niisketes v\u00f5i tolmustes tingimustes. [&#8230;]\n","protected":false},"featured_media":7388,"template":"","meta":[],"product_brand":[],"product_cat":[58],"product_tag":[],"class_list":{"0":"post-7417","1":"product","2":"type-product","3":"status-publish","4":"has-post-thumbnail","6":"product_cat-kindad","8":"first","9":"instock","10":"taxable","11":"shipping-taxable","12":"purchasable","13":"product-type-variable"},"yoast_head":"<!-- This site is optimized with the Yoast SEO Premium plugin v27.5 (Yoast SEO v27.5) - https:\/\/yoast.com\/product\/yoast-seo-premium-wordpress\/ -->\n<title>Tactical Shooting Gloves OD \u2013 militaar kindad<\/title>\n<meta name=\"description\" content=\"Tactical shooting gloves OD on vastupidavad militaar kindad, mis tagavad hea haarde, kaitse ja mugavuse Airsoft m\u00e4ngudes.\" \/>\n<meta name=\"robots\" content=\"index, follow, max-snippet:-1, max-image-preview:large, max-video-preview:-1\" \/>\n<link rel=\"canonical\" href=\"https:\/\/lahingupood.ee\/en\/product\/tac-shooting-gloves-od\/\" \/>\n<meta property=\"og:locale\" content=\"en_GB\" \/>\n<meta property=\"og:type\" content=\"article\" \/>\n<meta property=\"og:title\" content=\"TAC SHOOTING GLOVES OD\" \/>\n<meta property=\"og:description\" content=\"Tactical shooting gloves OD on vastupidavad militaar kindad, mis tagavad hea haarde, kaitse ja mugavuse Airsoft m\u00e4ngudes.\" \/>\n<meta property=\"og:url\" content=\"https:\/\/lahingupood.ee\/en\/product\/tac-shooting-gloves-od\/\" \/>\n<meta property=\"og:site_name\" content=\"Lahingurada e-pood\" \/>\n<meta property=\"article:publisher\" content=\"https:\/\/www.facebook.com\/Lahingurada-629940247212967\" \/>\n<meta property=\"article:modified_time\" content=\"2026-05-02T19:30:07+00:00\" \/>\n<meta property=\"og:image\" content=\"https:\/\/lahingupood.ee\/wp-content\/uploads\/2025\/11\/DSC3657_78a55fa1-5f72-450b-9878-b3f08dfdfc02.png.webp\" \/>\n\t<meta property=\"og:image:width\" content=\"1200\" \/>\n\t<meta property=\"og:image:height\" content=\"998\" \/>\n\t<meta property=\"og:image:type\" content=\"image\/webp\" \/>\n<meta name=\"twitter:card\" content=\"summary_large_image\" \/>\n<meta name=\"twitter:label1\" content=\"Estimated reading time\" \/>\n\t<meta name=\"twitter:data1\" content=\"1 minute\" \/>\n<script type=\"application\/ld+json\" class=\"yoast-schema-graph\">{\"@context\":\"https:\\\/\\\/schema.org\",\"@graph\":[{\"@type\":\"WebPage\",\"@id\":\"https:\\\/\\\/lahingupood.ee\\\/toode\\\/tac-shooting-gloves-od\\\/\",\"url\":\"https:\\\/\\\/lahingupood.ee\\\/toode\\\/tac-shooting-gloves-od\\\/\",\"name\":\"Tactical Shooting Gloves OD \u2013 militaar kindad\",\"isPartOf\":{\"@id\":\"https:\\\/\\\/lahingupood.ee\\\/#website\"},\"primaryImageOfPage\":{\"@id\":\"https:\\\/\\\/lahingupood.ee\\\/toode\\\/tac-shooting-gloves-od\\\/#primaryimage\"},\"image\":{\"@id\":\"https:\\\/\\\/lahingupood.ee\\\/toode\\\/tac-shooting-gloves-od\\\/#primaryimage\"},\"thumbnailUrl\":\"https:\\\/\\\/lahingupood.ee\\\/wp-content\\\/uploads\\\/2025\\\/11\\\/DSC3657_78a55fa1-5f72-450b-9878-b3f08dfdfc02.png.webp\",\"datePublished\":\"2025-11-11T12:09:16+00:00\",\"dateModified\":\"2026-05-02T19:30:07+00:00\",\"description\":\"Tactical shooting gloves OD on vastupidavad militaar kindad, mis tagavad hea haarde, kaitse ja mugavuse Airsoft m\u00e4ngudes.\",\"breadcrumb\":{\"@id\":\"https:\\\/\\\/lahingupood.ee\\\/toode\\\/tac-shooting-gloves-od\\\/#breadcrumb\"},\"inLanguage\":\"en-GB\",\"potentialAction\":[{\"@type\":\"ReadAction\",\"target\":[\"https:\\\/\\\/lahingupood.ee\\\/toode\\\/tac-shooting-gloves-od\\\/\"]}]},{\"@type\":\"ImageObject\",\"inLanguage\":\"en-GB\",\"@id\":\"https:\\\/\\\/lahingupood.ee\\\/toode\\\/tac-shooting-gloves-od\\\/#primaryimage\",\"url\":\"https:\\\/\\\/lahingupood.ee\\\/wp-content\\\/uploads\\\/2025\\\/11\\\/DSC3657_78a55fa1-5f72-450b-9878-b3f08dfdfc02.png.webp\",\"contentUrl\":\"https:\\\/\\\/lahingupood.ee\\\/wp-content\\\/uploads\\\/2025\\\/11\\\/DSC3657_78a55fa1-5f72-450b-9878-b3f08dfdfc02.png.webp\",\"width\":1200,\"height\":998,\"caption\":\"tactical shooting gloves OD militaar kindad Airsoft relvakindad\"},{\"@type\":\"BreadcrumbList\",\"@id\":\"https:\\\/\\\/lahingupood.ee\\\/toode\\\/tac-shooting-gloves-od\\\/#breadcrumb\",\"itemListElement\":[{\"@type\":\"ListItem\",\"position\":1,\"name\":\"Home\",\"item\":\"https:\\\/\\\/lahingupood.ee\\\/\"},{\"@type\":\"ListItem\",\"position\":2,\"name\":\"Tooted\",\"item\":\"https:\\\/\\\/lahingupood.ee\\\/tooted\\\/\"},{\"@type\":\"ListItem\",\"position\":3,\"name\":\"TAC SHOOTING GLOVES OD\"}]},{\"@type\":\"WebSite\",\"@id\":\"https:\\\/\\\/lahingupood.ee\\\/#website\",\"url\":\"https:\\\/\\\/lahingupood.ee\\\/\",\"name\":\"Lahingurada e-pood\",\"description\":\"Airsoft\",\"publisher\":{\"@id\":\"https:\\\/\\\/lahingupood.ee\\\/#organization\"},\"potentialAction\":[{\"@type\":\"SearchAction\",\"target\":{\"@type\":\"EntryPoint\",\"urlTemplate\":\"https:\\\/\\\/lahingupood.ee\\\/?s={search_term_string}\"},\"query-input\":{\"@type\":\"PropertyValueSpecification\",\"valueRequired\":true,\"valueName\":\"search_term_string\"}}],\"inLanguage\":\"en-GB\"},{\"@type\":\"Organization\",\"@id\":\"https:\\\/\\\/lahingupood.ee\\\/#organization\",\"name\":\"Lahingurada\",\"url\":\"https:\\\/\\\/lahingupood.ee\\\/\",\"logo\":{\"@type\":\"ImageObject\",\"inLanguage\":\"en-GB\",\"@id\":\"https:\\\/\\\/lahingupood.ee\\\/#\\\/schema\\\/logo\\\/image\\\/\",\"url\":\"https:\\\/\\\/lahingupood.ee\\\/wp-content\\\/uploads\\\/2022\\\/03\\\/lahingurada-220318.jpg\",\"contentUrl\":\"https:\\\/\\\/lahingupood.ee\\\/wp-content\\\/uploads\\\/2022\\\/03\\\/lahingurada-220318.jpg\",\"width\":800,\"height\":500,\"caption\":\"Lahingurada\"},\"image\":{\"@id\":\"https:\\\/\\\/lahingupood.ee\\\/#\\\/schema\\\/logo\\\/image\\\/\"},\"sameAs\":[\"https:\\\/\\\/www.facebook.com\\\/Lahingurada-629940247212967\"]}]}<\/script>\n<!-- \/ Yoast SEO Premium plugin. -->","yoast_head_json":{"title":"Tactical Shooting Gloves OD \u2013 militaar kindad","description":"Tactical shooting gloves OD on vastupidavad militaar kindad, mis tagavad hea haarde, kaitse ja mugavuse Airsoft m\u00e4ngudes.","robots":{"index":"index","follow":"follow","max-snippet":"max-snippet:-1","max-image-preview":"max-image-preview:large","max-video-preview":"max-video-preview:-1"},"canonical":"https:\/\/lahingupood.ee\/en\/product\/tac-shooting-gloves-od\/","og_locale":"en_GB","og_type":"article","og_title":"TAC SHOOTING GLOVES OD","og_description":"Tactical shooting gloves OD on vastupidavad militaar kindad, mis tagavad hea haarde, kaitse ja mugavuse Airsoft m\u00e4ngudes.","og_url":"https:\/\/lahingupood.ee\/en\/product\/tac-shooting-gloves-od\/","og_site_name":"Lahingurada e-pood","article_publisher":"https:\/\/www.facebook.com\/Lahingurada-629940247212967","article_modified_time":"2026-05-02T19:30:07+00:00","og_image":[{"width":1200,"height":998,"url":"https:\/\/lahingupood.ee\/wp-content\/uploads\/2025\/11\/DSC3657_78a55fa1-5f72-450b-9878-b3f08dfdfc02.png.webp","type":"image\/webp"}],"twitter_card":"summary_large_image","twitter_misc":{"Estimated reading time":"1 minute"},"schema":{"@context":"https:\/\/schema.org","@graph":[{"@type":"WebPage","@id":"https:\/\/lahingupood.ee\/toode\/tac-shooting-gloves-od\/","url":"https:\/\/lahingupood.ee\/toode\/tac-shooting-gloves-od\/","name":"Tactical Shooting Gloves OD \u2013 militaar kindad","isPartOf":{"@id":"https:\/\/lahingupood.ee\/#website"},"primaryImageOfPage":{"@id":"https:\/\/lahingupood.ee\/toode\/tac-shooting-gloves-od\/#primaryimage"},"image":{"@id":"https:\/\/lahingupood.ee\/toode\/tac-shooting-gloves-od\/#primaryimage"},"thumbnailUrl":"https:\/\/lahingupood.ee\/wp-content\/uploads\/2025\/11\/DSC3657_78a55fa1-5f72-450b-9878-b3f08dfdfc02.png.webp","datePublished":"2025-11-11T12:09:16+00:00","dateModified":"2026-05-02T19:30:07+00:00","description":"Tactical shooting gloves OD on vastupidavad militaar kindad, mis tagavad hea haarde, kaitse ja mugavuse Airsoft m\u00e4ngudes.","breadcrumb":{"@id":"https:\/\/lahingupood.ee\/toode\/tac-shooting-gloves-od\/#breadcrumb"},"inLanguage":"en-GB","potentialAction":[{"@type":"ReadAction","target":["https:\/\/lahingupood.ee\/toode\/tac-shooting-gloves-od\/"]}]},{"@type":"ImageObject","inLanguage":"en-GB","@id":"https:\/\/lahingupood.ee\/toode\/tac-shooting-gloves-od\/#primaryimage","url":"https:\/\/lahingupood.ee\/wp-content\/uploads\/2025\/11\/DSC3657_78a55fa1-5f72-450b-9878-b3f08dfdfc02.png.webp","contentUrl":"https:\/\/lahingupood.ee\/wp-content\/uploads\/2025\/11\/DSC3657_78a55fa1-5f72-450b-9878-b3f08dfdfc02.png.webp","width":1200,"height":998,"caption":"tactical shooting gloves OD militaar kindad Airsoft relvakindad"},{"@type":"BreadcrumbList","@id":"https:\/\/lahingupood.ee\/toode\/tac-shooting-gloves-od\/#breadcrumb","itemListElement":[{"@type":"ListItem","position":1,"name":"Home","item":"https:\/\/lahingupood.ee\/"},{"@type":"ListItem","position":2,"name":"Tooted","item":"https:\/\/lahingupood.ee\/tooted\/"},{"@type":"ListItem","position":3,"name":"TAC SHOOTING GLOVES OD"}]},{"@type":"WebSite","@id":"https:\/\/lahingupood.ee\/#website","url":"https:\/\/lahingupood.ee\/","name":"Lahingurada e-pood","description":"Airsoft","publisher":{"@id":"https:\/\/lahingupood.ee\/#organization"},"potentialAction":[{"@type":"SearchAction","target":{"@type":"EntryPoint","urlTemplate":"https:\/\/lahingupood.ee\/?s={search_term_string}"},"query-input":{"@type":"PropertyValueSpecification","valueRequired":true,"valueName":"search_term_string"}}],"inLanguage":"en-GB"},{"@type":"Organization","@id":"https:\/\/lahingupood.ee\/#organization","name":"Lahingurada","url":"https:\/\/lahingupood.ee\/","logo":{"@type":"ImageObject","inLanguage":"en-GB","@id":"https:\/\/lahingupood.ee\/#\/schema\/logo\/image\/","url":"https:\/\/lahingupood.ee\/wp-content\/uploads\/2022\/03\/lahingurada-220318.jpg","contentUrl":"https:\/\/lahingupood.ee\/wp-content\/uploads\/2022\/03\/lahingurada-220318.jpg","width":800,"height":500,"caption":"Lahingurada"},"image":{"@id":"https:\/\/lahingupood.ee\/#\/schema\/logo\/image\/"},"sameAs":["https:\/\/www.facebook.com\/Lahingurada-629940247212967"]}]}},"_links":{"self":[{"href":"https:\/\/lahingupood.ee\/en\/wp-json\/wp\/v2\/product\/7417","targetHints":{"allow":["GET"]}}],"collection":[{"href":"https:\/\/lahingupood.ee\/en\/wp-json\/wp\/v2\/product"}],"about":[{"href":"https:\/\/lahingupood.ee\/en\/wp-json\/wp\/v2\/types\/product"}],"wp:featuredmedia":[{"embeddable":true,"href":"https:\/\/lahingupood.ee\/en\/wp-json\/wp\/v2\/media\/7388"}],"wp:attachment":[{"href":"https:\/\/lahingupood.ee\/en\/wp-json\/wp\/v2\/media?parent=7417"}],"wp:term":[{"taxonomy":"product_brand","embeddable":true,"href":"https:\/\/lahingupood.ee\/en\/wp-json\/wp\/v2\/product_brand?post=7417"},{"taxonomy":"product_cat","embeddable":true,"href":"https:\/\/lahingupood.ee\/en\/wp-json\/wp\/v2\/product_cat?post=7417"},{"taxonomy":"product_tag","embeddable":true,"href":"https:\/\/lahingupood.ee\/en\/wp-json\/wp\/v2\/product_tag?post=7417"}],"curies":[{"name":"wp","href":"https:\/\/api.w.org\/{rel}","templated":true}]}}