{"id":7415,"date":"2025-11-11T13:42:22","date_gmt":"2025-11-11T11:42:22","guid":{"rendered":"https:\/\/lahingupood.ee\/?post_type=product&#038;p=7415"},"modified":"2026-05-02T21:15:06","modified_gmt":"2026-05-02T18:15:06","slug":"emerson-gear-fast-helmet-fg","status":"publish","type":"product","link":"https:\/\/lahingupood.ee\/en\/product\/emerson-gear-fast-helmet-fg\/","title":{"rendered":"Emerson Gear Fast Helmet FG"},"content":{"rendered":"<p data-start=\"329\" data-end=\"557\">Emerson Gear FAST helmet FG on kaasaegne ja reguleeritav taktikaline kiiver, mis on loodud Airsoft m\u00e4ngijatele ja teistele v\u00e4litingimustes tegutsejatele. FG (Foliage Green) v\u00e4rvus tagab hea maskeerumise eriti metsases ja looduslikus keskkonnas.<\/p>\n<p data-start=\"559\" data-end=\"802\">Emerson Gear FAST helmet FG on kerge konstruktsiooniga, mis aitab v\u00e4hendada kaela koormust ning v\u00f5imaldab mugavat kandmist ka pikemate m\u00e4ngude ajal. Samal ajal on kiiver piisavalt vastupidav, et taluda intensiivset kasutust Airsoft lahingutes.<\/p>","protected":false},"excerpt":{"rendered":"<p>Emerson Gear FAST helmet FG on kaasaegne ja reguleeritav taktikaline kiiver, mis on loodud Airsoft m\u00e4ngijatele ja teistele v\u00e4litingimustes tegutsejatele. FG (Foliage Green) v\u00e4rvus tagab hea maskeerumise eriti metsases ja looduslikus keskkonnas. Emerson Gear FAST helmet FG on kerge konstruktsiooniga, mis aitab v\u00e4hendada kaela koormust ning v\u00f5imaldab mugavat kandmist ka pikemate m\u00e4ngude ajal. Samal ajal [&#8230;]\n","protected":false},"featured_media":7389,"template":"","meta":[],"product_brand":[],"product_cat":[44],"product_tag":[],"class_list":{"0":"post-7415","1":"product","2":"type-product","3":"status-publish","4":"has-post-thumbnail","6":"product_cat-kiivrid-ja-katted","8":"first","9":"instock","10":"taxable","11":"shipping-taxable","12":"purchasable","13":"product-type-simple"},"yoast_head":"<!-- This site is optimized with the Yoast SEO Premium plugin v27.5 (Yoast SEO v27.5) - https:\/\/yoast.com\/product\/yoast-seo-premium-wordpress\/ -->\n<title>Emerson Gear FAST Helmet FG \u2013 taktikaline kiiver<\/title>\n<meta name=\"description\" content=\"Emerson Gear FAST helmet FG on kerge ja vastupidav taktikaline kiiver Airsoft m\u00e4ngijatele, sobib lisatarvikute ja NVG kinnitustega.\" \/>\n<meta name=\"robots\" content=\"index, follow, max-snippet:-1, max-image-preview:large, max-video-preview:-1\" \/>\n<link rel=\"canonical\" href=\"https:\/\/lahingupood.ee\/en\/product\/emerson-gear-fast-helmet-fg\/\" \/>\n<meta property=\"og:locale\" content=\"en_GB\" \/>\n<meta property=\"og:type\" content=\"article\" \/>\n<meta property=\"og:title\" content=\"Emerson Gear Fast Helmet FG\" \/>\n<meta property=\"og:description\" content=\"Emerson Gear FAST helmet FG on kerge ja vastupidav taktikaline kiiver Airsoft m\u00e4ngijatele, sobib lisatarvikute ja NVG kinnitustega.\" \/>\n<meta property=\"og:url\" content=\"https:\/\/lahingupood.ee\/en\/product\/emerson-gear-fast-helmet-fg\/\" \/>\n<meta property=\"og:site_name\" content=\"Lahingurada e-pood\" \/>\n<meta property=\"article:publisher\" content=\"https:\/\/www.facebook.com\/Lahingurada-629940247212967\" \/>\n<meta property=\"article:modified_time\" content=\"2026-05-02T18:15:06+00:00\" \/>\n<meta property=\"og:image\" content=\"https:\/\/lahingupood.ee\/wp-content\/uploads\/2025\/11\/emersongear-fast-helmet-foliage-green-em5668.jpg\" \/>\n\t<meta property=\"og:image:width\" content=\"600\" \/>\n\t<meta property=\"og:image:height\" content=\"600\" \/>\n\t<meta property=\"og:image:type\" content=\"image\/jpeg\" \/>\n<meta name=\"twitter:card\" content=\"summary_large_image\" \/>\n<meta name=\"twitter:label1\" content=\"Estimated reading time\" \/>\n\t<meta name=\"twitter:data1\" content=\"1 minute\" \/>\n<script type=\"application\/ld+json\" class=\"yoast-schema-graph\">{\"@context\":\"https:\\\/\\\/schema.org\",\"@graph\":[{\"@type\":\"WebPage\",\"@id\":\"https:\\\/\\\/lahingupood.ee\\\/toode\\\/emerson-gear-fast-helmet-fg\\\/\",\"url\":\"https:\\\/\\\/lahingupood.ee\\\/toode\\\/emerson-gear-fast-helmet-fg\\\/\",\"name\":\"Emerson Gear FAST Helmet FG \u2013 taktikaline kiiver\",\"isPartOf\":{\"@id\":\"https:\\\/\\\/lahingupood.ee\\\/#website\"},\"primaryImageOfPage\":{\"@id\":\"https:\\\/\\\/lahingupood.ee\\\/toode\\\/emerson-gear-fast-helmet-fg\\\/#primaryimage\"},\"image\":{\"@id\":\"https:\\\/\\\/lahingupood.ee\\\/toode\\\/emerson-gear-fast-helmet-fg\\\/#primaryimage\"},\"thumbnailUrl\":\"https:\\\/\\\/lahingupood.ee\\\/wp-content\\\/uploads\\\/2025\\\/11\\\/emersongear-fast-helmet-foliage-green-em5668.jpg\",\"datePublished\":\"2025-11-11T11:42:22+00:00\",\"dateModified\":\"2026-05-02T18:15:06+00:00\",\"description\":\"Emerson Gear FAST helmet FG on kerge ja vastupidav taktikaline kiiver Airsoft m\u00e4ngijatele, sobib lisatarvikute ja NVG kinnitustega.\",\"breadcrumb\":{\"@id\":\"https:\\\/\\\/lahingupood.ee\\\/toode\\\/emerson-gear-fast-helmet-fg\\\/#breadcrumb\"},\"inLanguage\":\"en-GB\",\"potentialAction\":[{\"@type\":\"ReadAction\",\"target\":[\"https:\\\/\\\/lahingupood.ee\\\/toode\\\/emerson-gear-fast-helmet-fg\\\/\"]}]},{\"@type\":\"ImageObject\",\"inLanguage\":\"en-GB\",\"@id\":\"https:\\\/\\\/lahingupood.ee\\\/toode\\\/emerson-gear-fast-helmet-fg\\\/#primaryimage\",\"url\":\"https:\\\/\\\/lahingupood.ee\\\/wp-content\\\/uploads\\\/2025\\\/11\\\/emersongear-fast-helmet-foliage-green-em5668.jpg\",\"contentUrl\":\"https:\\\/\\\/lahingupood.ee\\\/wp-content\\\/uploads\\\/2025\\\/11\\\/emersongear-fast-helmet-foliage-green-em5668.jpg\",\"width\":600,\"height\":600,\"caption\":\"Emerson Gear FAST helmet FG taktikaline kiiver Airsoft Foliage Green\"},{\"@type\":\"BreadcrumbList\",\"@id\":\"https:\\\/\\\/lahingupood.ee\\\/toode\\\/emerson-gear-fast-helmet-fg\\\/#breadcrumb\",\"itemListElement\":[{\"@type\":\"ListItem\",\"position\":1,\"name\":\"Home\",\"item\":\"https:\\\/\\\/lahingupood.ee\\\/\"},{\"@type\":\"ListItem\",\"position\":2,\"name\":\"Tooted\",\"item\":\"https:\\\/\\\/lahingupood.ee\\\/tooted\\\/\"},{\"@type\":\"ListItem\",\"position\":3,\"name\":\"Emerson Gear Fast Helmet FG\"}]},{\"@type\":\"WebSite\",\"@id\":\"https:\\\/\\\/lahingupood.ee\\\/#website\",\"url\":\"https:\\\/\\\/lahingupood.ee\\\/\",\"name\":\"Lahingurada e-pood\",\"description\":\"Airsoft\",\"publisher\":{\"@id\":\"https:\\\/\\\/lahingupood.ee\\\/#organization\"},\"potentialAction\":[{\"@type\":\"SearchAction\",\"target\":{\"@type\":\"EntryPoint\",\"urlTemplate\":\"https:\\\/\\\/lahingupood.ee\\\/?s={search_term_string}\"},\"query-input\":{\"@type\":\"PropertyValueSpecification\",\"valueRequired\":true,\"valueName\":\"search_term_string\"}}],\"inLanguage\":\"en-GB\"},{\"@type\":\"Organization\",\"@id\":\"https:\\\/\\\/lahingupood.ee\\\/#organization\",\"name\":\"Lahingurada\",\"url\":\"https:\\\/\\\/lahingupood.ee\\\/\",\"logo\":{\"@type\":\"ImageObject\",\"inLanguage\":\"en-GB\",\"@id\":\"https:\\\/\\\/lahingupood.ee\\\/#\\\/schema\\\/logo\\\/image\\\/\",\"url\":\"https:\\\/\\\/lahingupood.ee\\\/wp-content\\\/uploads\\\/2022\\\/03\\\/lahingurada-220318.jpg\",\"contentUrl\":\"https:\\\/\\\/lahingupood.ee\\\/wp-content\\\/uploads\\\/2022\\\/03\\\/lahingurada-220318.jpg\",\"width\":800,\"height\":500,\"caption\":\"Lahingurada\"},\"image\":{\"@id\":\"https:\\\/\\\/lahingupood.ee\\\/#\\\/schema\\\/logo\\\/image\\\/\"},\"sameAs\":[\"https:\\\/\\\/www.facebook.com\\\/Lahingurada-629940247212967\"]}]}<\/script>\n<!-- \/ Yoast SEO Premium plugin. -->","yoast_head_json":{"title":"Emerson Gear FAST Helmet FG \u2013 taktikaline kiiver","description":"Emerson Gear FAST helmet FG on kerge ja vastupidav taktikaline kiiver Airsoft m\u00e4ngijatele, sobib lisatarvikute ja NVG kinnitustega.","robots":{"index":"index","follow":"follow","max-snippet":"max-snippet:-1","max-image-preview":"max-image-preview:large","max-video-preview":"max-video-preview:-1"},"canonical":"https:\/\/lahingupood.ee\/en\/product\/emerson-gear-fast-helmet-fg\/","og_locale":"en_GB","og_type":"article","og_title":"Emerson Gear Fast Helmet FG","og_description":"Emerson Gear FAST helmet FG on kerge ja vastupidav taktikaline kiiver Airsoft m\u00e4ngijatele, sobib lisatarvikute ja NVG kinnitustega.","og_url":"https:\/\/lahingupood.ee\/en\/product\/emerson-gear-fast-helmet-fg\/","og_site_name":"Lahingurada e-pood","article_publisher":"https:\/\/www.facebook.com\/Lahingurada-629940247212967","article_modified_time":"2026-05-02T18:15:06+00:00","og_image":[{"width":600,"height":600,"url":"https:\/\/lahingupood.ee\/wp-content\/uploads\/2025\/11\/emersongear-fast-helmet-foliage-green-em5668.jpg","type":"image\/jpeg"}],"twitter_card":"summary_large_image","twitter_misc":{"Estimated reading time":"1 minute"},"schema":{"@context":"https:\/\/schema.org","@graph":[{"@type":"WebPage","@id":"https:\/\/lahingupood.ee\/toode\/emerson-gear-fast-helmet-fg\/","url":"https:\/\/lahingupood.ee\/toode\/emerson-gear-fast-helmet-fg\/","name":"Emerson Gear FAST Helmet FG \u2013 taktikaline kiiver","isPartOf":{"@id":"https:\/\/lahingupood.ee\/#website"},"primaryImageOfPage":{"@id":"https:\/\/lahingupood.ee\/toode\/emerson-gear-fast-helmet-fg\/#primaryimage"},"image":{"@id":"https:\/\/lahingupood.ee\/toode\/emerson-gear-fast-helmet-fg\/#primaryimage"},"thumbnailUrl":"https:\/\/lahingupood.ee\/wp-content\/uploads\/2025\/11\/emersongear-fast-helmet-foliage-green-em5668.jpg","datePublished":"2025-11-11T11:42:22+00:00","dateModified":"2026-05-02T18:15:06+00:00","description":"Emerson Gear FAST helmet FG on kerge ja vastupidav taktikaline kiiver Airsoft m\u00e4ngijatele, sobib lisatarvikute ja NVG kinnitustega.","breadcrumb":{"@id":"https:\/\/lahingupood.ee\/toode\/emerson-gear-fast-helmet-fg\/#breadcrumb"},"inLanguage":"en-GB","potentialAction":[{"@type":"ReadAction","target":["https:\/\/lahingupood.ee\/toode\/emerson-gear-fast-helmet-fg\/"]}]},{"@type":"ImageObject","inLanguage":"en-GB","@id":"https:\/\/lahingupood.ee\/toode\/emerson-gear-fast-helmet-fg\/#primaryimage","url":"https:\/\/lahingupood.ee\/wp-content\/uploads\/2025\/11\/emersongear-fast-helmet-foliage-green-em5668.jpg","contentUrl":"https:\/\/lahingupood.ee\/wp-content\/uploads\/2025\/11\/emersongear-fast-helmet-foliage-green-em5668.jpg","width":600,"height":600,"caption":"Emerson Gear FAST helmet FG taktikaline kiiver Airsoft Foliage Green"},{"@type":"BreadcrumbList","@id":"https:\/\/lahingupood.ee\/toode\/emerson-gear-fast-helmet-fg\/#breadcrumb","itemListElement":[{"@type":"ListItem","position":1,"name":"Home","item":"https:\/\/lahingupood.ee\/"},{"@type":"ListItem","position":2,"name":"Tooted","item":"https:\/\/lahingupood.ee\/tooted\/"},{"@type":"ListItem","position":3,"name":"Emerson Gear Fast Helmet FG"}]},{"@type":"WebSite","@id":"https:\/\/lahingupood.ee\/#website","url":"https:\/\/lahingupood.ee\/","name":"Lahingurada e-pood","description":"Airsoft","publisher":{"@id":"https:\/\/lahingupood.ee\/#organization"},"potentialAction":[{"@type":"SearchAction","target":{"@type":"EntryPoint","urlTemplate":"https:\/\/lahingupood.ee\/?s={search_term_string}"},"query-input":{"@type":"PropertyValueSpecification","valueRequired":true,"valueName":"search_term_string"}}],"inLanguage":"en-GB"},{"@type":"Organization","@id":"https:\/\/lahingupood.ee\/#organization","name":"Lahingurada","url":"https:\/\/lahingupood.ee\/","logo":{"@type":"ImageObject","inLanguage":"en-GB","@id":"https:\/\/lahingupood.ee\/#\/schema\/logo\/image\/","url":"https:\/\/lahingupood.ee\/wp-content\/uploads\/2022\/03\/lahingurada-220318.jpg","contentUrl":"https:\/\/lahingupood.ee\/wp-content\/uploads\/2022\/03\/lahingurada-220318.jpg","width":800,"height":500,"caption":"Lahingurada"},"image":{"@id":"https:\/\/lahingupood.ee\/#\/schema\/logo\/image\/"},"sameAs":["https:\/\/www.facebook.com\/Lahingurada-629940247212967"]}]}},"_links":{"self":[{"href":"https:\/\/lahingupood.ee\/en\/wp-json\/wp\/v2\/product\/7415","targetHints":{"allow":["GET"]}}],"collection":[{"href":"https:\/\/lahingupood.ee\/en\/wp-json\/wp\/v2\/product"}],"about":[{"href":"https:\/\/lahingupood.ee\/en\/wp-json\/wp\/v2\/types\/product"}],"wp:featuredmedia":[{"embeddable":true,"href":"https:\/\/lahingupood.ee\/en\/wp-json\/wp\/v2\/media\/7389"}],"wp:attachment":[{"href":"https:\/\/lahingupood.ee\/en\/wp-json\/wp\/v2\/media?parent=7415"}],"wp:term":[{"taxonomy":"product_brand","embeddable":true,"href":"https:\/\/lahingupood.ee\/en\/wp-json\/wp\/v2\/product_brand?post=7415"},{"taxonomy":"product_cat","embeddable":true,"href":"https:\/\/lahingupood.ee\/en\/wp-json\/wp\/v2\/product_cat?post=7415"},{"taxonomy":"product_tag","embeddable":true,"href":"https:\/\/lahingupood.ee\/en\/wp-json\/wp\/v2\/product_tag?post=7415"}],"curies":[{"name":"wp","href":"https:\/\/api.w.org\/{rel}","templated":true}]}}