{"id":7414,"date":"2025-11-11T13:30:41","date_gmt":"2025-11-11T11:30:41","guid":{"rendered":"https:\/\/lahingupood.ee\/?post_type=product&#038;p=7414"},"modified":"2026-05-02T20:00:07","modified_gmt":"2026-05-02T17:00:07","slug":"metal-face-mask-od","status":"publish","type":"product","link":"https:\/\/lahingupood.ee\/en\/product\/metal-face-mask-od\/","title":{"rendered":"Metal Face Mask OD"},"content":{"rendered":"<p data-start=\"316\" data-end=\"573\">Metal face mask OD on vastupidav taktikaline n\u00e4omask, mis on m\u00f5eldud Airsoft m\u00e4ngijatele, pakkudes kaitset n\u00e4o alumisele osale ja hammastele. OD (Olive Drab) v\u00e4rv sobib h\u00e4sti kokku militaarse varustusega ning tagab hea maskeerumise looduslikes keskkondades.<\/p>\n<p data-start=\"575\" data-end=\"802\">Metal face mask OD on valmistatud metallv\u00f5rgust v\u00f5i tugevdatud metallkonstruktsioonist, mis suudab t\u00f5husalt peatada Airsoft BB kuulid, v\u00e4hendades vigastuste riski. See teeb sellest olulise kaitsevahendi intensiivsetes m\u00e4ngudes.<\/p>","protected":false},"excerpt":{"rendered":"<p>Metal face mask OD on vastupidav taktikaline n\u00e4omask, mis on m\u00f5eldud Airsoft m\u00e4ngijatele, pakkudes kaitset n\u00e4o alumisele osale ja hammastele. OD (Olive Drab) v\u00e4rv sobib h\u00e4sti kokku militaarse varustusega ning tagab hea maskeerumise looduslikes keskkondades. Metal face mask OD on valmistatud metallv\u00f5rgust v\u00f5i tugevdatud metallkonstruktsioonist, mis suudab t\u00f5husalt peatada Airsoft BB kuulid, v\u00e4hendades vigastuste riski. [&#8230;]\n","protected":false},"featured_media":7390,"template":"","meta":[],"product_brand":[],"product_cat":[130,62],"product_tag":[],"class_list":{"0":"post-7414","1":"product","2":"type-product","3":"status-publish","4":"has-post-thumbnail","6":"product_cat-maskid","7":"product_cat-prillid","9":"first","10":"instock","11":"taxable","12":"shipping-taxable","13":"purchasable","14":"product-type-simple"},"yoast_head":"<!-- This site is optimized with the Yoast SEO Premium plugin v27.5 (Yoast SEO v27.5) - https:\/\/yoast.com\/product\/yoast-seo-premium-wordpress\/ -->\n<title>Metal Face Mask OD \u2013 taktikaline n\u00e4omask Airsoft jaoks<\/title>\n<meta name=\"description\" content=\"Metal face mask OD on vastupidav n\u00e4okaitse Airsoft m\u00e4ngijatele, pakkudes kaitset hammastele ja n\u00e4ole ning head hingavust.\" \/>\n<meta name=\"robots\" content=\"index, follow, max-snippet:-1, max-image-preview:large, max-video-preview:-1\" \/>\n<link rel=\"canonical\" href=\"https:\/\/lahingupood.ee\/en\/product\/metal-face-mask-od\/\" \/>\n<meta property=\"og:locale\" content=\"en_GB\" \/>\n<meta property=\"og:type\" content=\"article\" \/>\n<meta property=\"og:title\" content=\"Metal Face Mask OD\" \/>\n<meta property=\"og:description\" content=\"Metal face mask OD on vastupidav n\u00e4okaitse Airsoft m\u00e4ngijatele, pakkudes kaitset hammastele ja n\u00e4ole ning head hingavust.\" \/>\n<meta property=\"og:url\" content=\"https:\/\/lahingupood.ee\/en\/product\/metal-face-mask-od\/\" \/>\n<meta property=\"og:site_name\" content=\"Lahingurada e-pood\" \/>\n<meta property=\"article:publisher\" content=\"https:\/\/www.facebook.com\/Lahingurada-629940247212967\" \/>\n<meta property=\"article:modified_time\" content=\"2026-05-02T17:00:07+00:00\" \/>\n<meta property=\"og:image\" content=\"https:\/\/lahingupood.ee\/wp-content\/uploads\/2025\/11\/emersongear-strike-steel-half-face-mask-foliage-green-em6599.jpg\" \/>\n\t<meta property=\"og:image:width\" content=\"600\" \/>\n\t<meta property=\"og:image:height\" content=\"600\" \/>\n\t<meta property=\"og:image:type\" content=\"image\/jpeg\" \/>\n<meta name=\"twitter:card\" content=\"summary_large_image\" \/>\n<meta name=\"twitter:label1\" content=\"Estimated reading time\" \/>\n\t<meta name=\"twitter:data1\" content=\"1 minute\" \/>\n<script type=\"application\/ld+json\" class=\"yoast-schema-graph\">{\"@context\":\"https:\\\/\\\/schema.org\",\"@graph\":[{\"@type\":\"WebPage\",\"@id\":\"https:\\\/\\\/lahingupood.ee\\\/toode\\\/metal-face-mask-od\\\/\",\"url\":\"https:\\\/\\\/lahingupood.ee\\\/toode\\\/metal-face-mask-od\\\/\",\"name\":\"Metal Face Mask OD \u2013 taktikaline n\u00e4omask Airsoft jaoks\",\"isPartOf\":{\"@id\":\"https:\\\/\\\/lahingupood.ee\\\/#website\"},\"primaryImageOfPage\":{\"@id\":\"https:\\\/\\\/lahingupood.ee\\\/toode\\\/metal-face-mask-od\\\/#primaryimage\"},\"image\":{\"@id\":\"https:\\\/\\\/lahingupood.ee\\\/toode\\\/metal-face-mask-od\\\/#primaryimage\"},\"thumbnailUrl\":\"https:\\\/\\\/lahingupood.ee\\\/wp-content\\\/uploads\\\/2025\\\/11\\\/emersongear-strike-steel-half-face-mask-foliage-green-em6599.jpg\",\"datePublished\":\"2025-11-11T11:30:41+00:00\",\"dateModified\":\"2026-05-02T17:00:07+00:00\",\"description\":\"Metal face mask OD on vastupidav n\u00e4okaitse Airsoft m\u00e4ngijatele, pakkudes kaitset hammastele ja n\u00e4ole ning head hingavust.\",\"breadcrumb\":{\"@id\":\"https:\\\/\\\/lahingupood.ee\\\/toode\\\/metal-face-mask-od\\\/#breadcrumb\"},\"inLanguage\":\"en-GB\",\"potentialAction\":[{\"@type\":\"ReadAction\",\"target\":[\"https:\\\/\\\/lahingupood.ee\\\/toode\\\/metal-face-mask-od\\\/\"]}]},{\"@type\":\"ImageObject\",\"inLanguage\":\"en-GB\",\"@id\":\"https:\\\/\\\/lahingupood.ee\\\/toode\\\/metal-face-mask-od\\\/#primaryimage\",\"url\":\"https:\\\/\\\/lahingupood.ee\\\/wp-content\\\/uploads\\\/2025\\\/11\\\/emersongear-strike-steel-half-face-mask-foliage-green-em6599.jpg\",\"contentUrl\":\"https:\\\/\\\/lahingupood.ee\\\/wp-content\\\/uploads\\\/2025\\\/11\\\/emersongear-strike-steel-half-face-mask-foliage-green-em6599.jpg\",\"width\":600,\"height\":600,\"caption\":\"metal face mask OD taktikaline n\u00e4omask Airsoft metallv\u00f5rk kaitsemask\"},{\"@type\":\"BreadcrumbList\",\"@id\":\"https:\\\/\\\/lahingupood.ee\\\/toode\\\/metal-face-mask-od\\\/#breadcrumb\",\"itemListElement\":[{\"@type\":\"ListItem\",\"position\":1,\"name\":\"Home\",\"item\":\"https:\\\/\\\/lahingupood.ee\\\/\"},{\"@type\":\"ListItem\",\"position\":2,\"name\":\"Tooted\",\"item\":\"https:\\\/\\\/lahingupood.ee\\\/tooted\\\/\"},{\"@type\":\"ListItem\",\"position\":3,\"name\":\"Metal Face Mask OD\"}]},{\"@type\":\"WebSite\",\"@id\":\"https:\\\/\\\/lahingupood.ee\\\/#website\",\"url\":\"https:\\\/\\\/lahingupood.ee\\\/\",\"name\":\"Lahingurada e-pood\",\"description\":\"Airsoft\",\"publisher\":{\"@id\":\"https:\\\/\\\/lahingupood.ee\\\/#organization\"},\"potentialAction\":[{\"@type\":\"SearchAction\",\"target\":{\"@type\":\"EntryPoint\",\"urlTemplate\":\"https:\\\/\\\/lahingupood.ee\\\/?s={search_term_string}\"},\"query-input\":{\"@type\":\"PropertyValueSpecification\",\"valueRequired\":true,\"valueName\":\"search_term_string\"}}],\"inLanguage\":\"en-GB\"},{\"@type\":\"Organization\",\"@id\":\"https:\\\/\\\/lahingupood.ee\\\/#organization\",\"name\":\"Lahingurada\",\"url\":\"https:\\\/\\\/lahingupood.ee\\\/\",\"logo\":{\"@type\":\"ImageObject\",\"inLanguage\":\"en-GB\",\"@id\":\"https:\\\/\\\/lahingupood.ee\\\/#\\\/schema\\\/logo\\\/image\\\/\",\"url\":\"https:\\\/\\\/lahingupood.ee\\\/wp-content\\\/uploads\\\/2022\\\/03\\\/lahingurada-220318.jpg\",\"contentUrl\":\"https:\\\/\\\/lahingupood.ee\\\/wp-content\\\/uploads\\\/2022\\\/03\\\/lahingurada-220318.jpg\",\"width\":800,\"height\":500,\"caption\":\"Lahingurada\"},\"image\":{\"@id\":\"https:\\\/\\\/lahingupood.ee\\\/#\\\/schema\\\/logo\\\/image\\\/\"},\"sameAs\":[\"https:\\\/\\\/www.facebook.com\\\/Lahingurada-629940247212967\"]}]}<\/script>\n<!-- \/ Yoast SEO Premium plugin. -->","yoast_head_json":{"title":"Metal Face Mask OD \u2013 taktikaline n\u00e4omask Airsoft jaoks","description":"Metal face mask OD on vastupidav n\u00e4okaitse Airsoft m\u00e4ngijatele, pakkudes kaitset hammastele ja n\u00e4ole ning head hingavust.","robots":{"index":"index","follow":"follow","max-snippet":"max-snippet:-1","max-image-preview":"max-image-preview:large","max-video-preview":"max-video-preview:-1"},"canonical":"https:\/\/lahingupood.ee\/en\/product\/metal-face-mask-od\/","og_locale":"en_GB","og_type":"article","og_title":"Metal Face Mask OD","og_description":"Metal face mask OD on vastupidav n\u00e4okaitse Airsoft m\u00e4ngijatele, pakkudes kaitset hammastele ja n\u00e4ole ning head hingavust.","og_url":"https:\/\/lahingupood.ee\/en\/product\/metal-face-mask-od\/","og_site_name":"Lahingurada e-pood","article_publisher":"https:\/\/www.facebook.com\/Lahingurada-629940247212967","article_modified_time":"2026-05-02T17:00:07+00:00","og_image":[{"width":600,"height":600,"url":"https:\/\/lahingupood.ee\/wp-content\/uploads\/2025\/11\/emersongear-strike-steel-half-face-mask-foliage-green-em6599.jpg","type":"image\/jpeg"}],"twitter_card":"summary_large_image","twitter_misc":{"Estimated reading time":"1 minute"},"schema":{"@context":"https:\/\/schema.org","@graph":[{"@type":"WebPage","@id":"https:\/\/lahingupood.ee\/toode\/metal-face-mask-od\/","url":"https:\/\/lahingupood.ee\/toode\/metal-face-mask-od\/","name":"Metal Face Mask OD \u2013 taktikaline n\u00e4omask Airsoft jaoks","isPartOf":{"@id":"https:\/\/lahingupood.ee\/#website"},"primaryImageOfPage":{"@id":"https:\/\/lahingupood.ee\/toode\/metal-face-mask-od\/#primaryimage"},"image":{"@id":"https:\/\/lahingupood.ee\/toode\/metal-face-mask-od\/#primaryimage"},"thumbnailUrl":"https:\/\/lahingupood.ee\/wp-content\/uploads\/2025\/11\/emersongear-strike-steel-half-face-mask-foliage-green-em6599.jpg","datePublished":"2025-11-11T11:30:41+00:00","dateModified":"2026-05-02T17:00:07+00:00","description":"Metal face mask OD on vastupidav n\u00e4okaitse Airsoft m\u00e4ngijatele, pakkudes kaitset hammastele ja n\u00e4ole ning head hingavust.","breadcrumb":{"@id":"https:\/\/lahingupood.ee\/toode\/metal-face-mask-od\/#breadcrumb"},"inLanguage":"en-GB","potentialAction":[{"@type":"ReadAction","target":["https:\/\/lahingupood.ee\/toode\/metal-face-mask-od\/"]}]},{"@type":"ImageObject","inLanguage":"en-GB","@id":"https:\/\/lahingupood.ee\/toode\/metal-face-mask-od\/#primaryimage","url":"https:\/\/lahingupood.ee\/wp-content\/uploads\/2025\/11\/emersongear-strike-steel-half-face-mask-foliage-green-em6599.jpg","contentUrl":"https:\/\/lahingupood.ee\/wp-content\/uploads\/2025\/11\/emersongear-strike-steel-half-face-mask-foliage-green-em6599.jpg","width":600,"height":600,"caption":"metal face mask OD taktikaline n\u00e4omask Airsoft metallv\u00f5rk kaitsemask"},{"@type":"BreadcrumbList","@id":"https:\/\/lahingupood.ee\/toode\/metal-face-mask-od\/#breadcrumb","itemListElement":[{"@type":"ListItem","position":1,"name":"Home","item":"https:\/\/lahingupood.ee\/"},{"@type":"ListItem","position":2,"name":"Tooted","item":"https:\/\/lahingupood.ee\/tooted\/"},{"@type":"ListItem","position":3,"name":"Metal Face Mask OD"}]},{"@type":"WebSite","@id":"https:\/\/lahingupood.ee\/#website","url":"https:\/\/lahingupood.ee\/","name":"Lahingurada e-pood","description":"Airsoft","publisher":{"@id":"https:\/\/lahingupood.ee\/#organization"},"potentialAction":[{"@type":"SearchAction","target":{"@type":"EntryPoint","urlTemplate":"https:\/\/lahingupood.ee\/?s={search_term_string}"},"query-input":{"@type":"PropertyValueSpecification","valueRequired":true,"valueName":"search_term_string"}}],"inLanguage":"en-GB"},{"@type":"Organization","@id":"https:\/\/lahingupood.ee\/#organization","name":"Lahingurada","url":"https:\/\/lahingupood.ee\/","logo":{"@type":"ImageObject","inLanguage":"en-GB","@id":"https:\/\/lahingupood.ee\/#\/schema\/logo\/image\/","url":"https:\/\/lahingupood.ee\/wp-content\/uploads\/2022\/03\/lahingurada-220318.jpg","contentUrl":"https:\/\/lahingupood.ee\/wp-content\/uploads\/2022\/03\/lahingurada-220318.jpg","width":800,"height":500,"caption":"Lahingurada"},"image":{"@id":"https:\/\/lahingupood.ee\/#\/schema\/logo\/image\/"},"sameAs":["https:\/\/www.facebook.com\/Lahingurada-629940247212967"]}]}},"_links":{"self":[{"href":"https:\/\/lahingupood.ee\/en\/wp-json\/wp\/v2\/product\/7414","targetHints":{"allow":["GET"]}}],"collection":[{"href":"https:\/\/lahingupood.ee\/en\/wp-json\/wp\/v2\/product"}],"about":[{"href":"https:\/\/lahingupood.ee\/en\/wp-json\/wp\/v2\/types\/product"}],"wp:featuredmedia":[{"embeddable":true,"href":"https:\/\/lahingupood.ee\/en\/wp-json\/wp\/v2\/media\/7390"}],"wp:attachment":[{"href":"https:\/\/lahingupood.ee\/en\/wp-json\/wp\/v2\/media?parent=7414"}],"wp:term":[{"taxonomy":"product_brand","embeddable":true,"href":"https:\/\/lahingupood.ee\/en\/wp-json\/wp\/v2\/product_brand?post=7414"},{"taxonomy":"product_cat","embeddable":true,"href":"https:\/\/lahingupood.ee\/en\/wp-json\/wp\/v2\/product_cat?post=7414"},{"taxonomy":"product_tag","embeddable":true,"href":"https:\/\/lahingupood.ee\/en\/wp-json\/wp\/v2\/product_tag?post=7414"}],"curies":[{"name":"wp","href":"https:\/\/api.w.org\/{rel}","templated":true}]}}