{"id":7410,"date":"2025-11-11T13:14:20","date_gmt":"2025-11-11T11:14:20","guid":{"rendered":"https:\/\/lahingupood.ee\/?post_type=product&#038;p=7410"},"modified":"2026-04-12T18:30:02","modified_gmt":"2026-04-12T15:30:02","slug":"wxp-3l-storm-valve-hydration-system-black","status":"publish","type":"product","link":"https:\/\/lahingupood.ee\/en\/product\/wxp-3l-storm-valve-hydration-system-black\/","title":{"rendered":"WXP 3L Storm Valve Hydration System Black"},"content":{"rendered":"<p>3L Source veekott<\/p>\n<p><a href=\"https:\/\/www.youtube.com\/watch?v=v6XIb3RFHMg\">3-liitrine veekott<\/a> kindlalt suletava huulikuga. Veekott on valmistatud v\u00e4ga vastupidavast materjalist. Kannatab tugevat survet. T\u00e4itmiseks on kotil suur korgiga ava. Pesemiseks on v\u00f5imalik avada koti \u00fclemine osa, mis annab juurdep\u00e4\u00e4su sisemusse.<\/p>","protected":false},"excerpt":{"rendered":"<p>3L Source veekott 3-liitrine veekott kindlalt suletava huulikuga. Veekott on valmistatud v\u00e4ga vastupidavast materjalist. Kannatab tugevat survet. T\u00e4itmiseks on kotil suur korgiga ava. Pesemiseks on v\u00f5imalik avada koti \u00fclemine osa, mis annab juurdep\u00e4\u00e4su sisemusse.<\/p>","protected":false},"featured_media":7411,"template":"","meta":[],"product_brand":[],"product_cat":[52],"product_tag":[],"class_list":{"0":"post-7410","1":"product","2":"type-product","3":"status-publish","4":"has-post-thumbnail","6":"product_cat-veekotid","8":"first","9":"instock","10":"taxable","11":"shipping-taxable","12":"purchasable","13":"product-type-simple"},"yoast_head":"<!-- This site is optimized with the Yoast SEO Premium plugin v27.3 (Yoast SEO v27.3) - https:\/\/yoast.com\/product\/yoast-seo-premium-wordpress\/ -->\n<title>WXP 3L Storm Valve Hydration System Black - Lahingurada e-pood<\/title>\n<meta name=\"description\" content=\"3L Source veekott3-liitrine veekott kindlalt suletava huulikuga. Veekott on valmistatud v\u00e4ga vastupidavast materjalist. Kannatab tugevat survet.\" \/>\n<meta name=\"robots\" content=\"index, follow, max-snippet:-1, max-image-preview:large, max-video-preview:-1\" \/>\n<link rel=\"canonical\" href=\"https:\/\/lahingupood.ee\/en\/product\/wxp-3l-storm-valve-hydration-system-black\/\" \/>\n<meta property=\"og:locale\" content=\"en_GB\" \/>\n<meta property=\"og:type\" content=\"article\" \/>\n<meta property=\"og:title\" content=\"WXP 3L Storm Valve Hydration System Black\" \/>\n<meta property=\"og:description\" content=\"3L Source veekott3-liitrine veekott kindlalt suletava huulikuga. Veekott on valmistatud v\u00e4ga vastupidavast materjalist. Kannatab tugevat survet.\" \/>\n<meta property=\"og:url\" content=\"https:\/\/lahingupood.ee\/en\/product\/wxp-3l-storm-valve-hydration-system-black\/\" \/>\n<meta property=\"og:site_name\" content=\"Lahingurada e-pood\" \/>\n<meta property=\"article:publisher\" content=\"https:\/\/www.facebook.com\/Lahingurada-629940247212967\" \/>\n<meta property=\"article:modified_time\" content=\"2026-04-12T15:30:02+00:00\" \/>\n<meta property=\"og:image\" content=\"https:\/\/lahingupood.ee\/wp-content\/uploads\/2025\/11\/veekott.jpg\" \/>\n\t<meta property=\"og:image:width\" content=\"450\" \/>\n\t<meta property=\"og:image:height\" content=\"450\" \/>\n\t<meta property=\"og:image:type\" content=\"image\/jpeg\" \/>\n<meta name=\"twitter:card\" content=\"summary_large_image\" \/>\n<meta name=\"twitter:label1\" content=\"Estimated reading time\" \/>\n\t<meta name=\"twitter:data1\" content=\"1 minute\" \/>\n<script type=\"application\/ld+json\" class=\"yoast-schema-graph\">{\"@context\":\"https:\\\/\\\/schema.org\",\"@graph\":[{\"@type\":\"WebPage\",\"@id\":\"https:\\\/\\\/lahingupood.ee\\\/toode\\\/wxp-3l-storm-valve-hydration-system-black\\\/\",\"url\":\"https:\\\/\\\/lahingupood.ee\\\/toode\\\/wxp-3l-storm-valve-hydration-system-black\\\/\",\"name\":\"WXP 3L Storm Valve Hydration System Black - Lahingurada e-pood\",\"isPartOf\":{\"@id\":\"https:\\\/\\\/lahingupood.ee\\\/#website\"},\"primaryImageOfPage\":{\"@id\":\"https:\\\/\\\/lahingupood.ee\\\/toode\\\/wxp-3l-storm-valve-hydration-system-black\\\/#primaryimage\"},\"image\":{\"@id\":\"https:\\\/\\\/lahingupood.ee\\\/toode\\\/wxp-3l-storm-valve-hydration-system-black\\\/#primaryimage\"},\"thumbnailUrl\":\"https:\\\/\\\/lahingupood.ee\\\/wp-content\\\/uploads\\\/2025\\\/11\\\/veekott.jpg\",\"datePublished\":\"2025-11-11T11:14:20+00:00\",\"dateModified\":\"2026-04-12T15:30:02+00:00\",\"description\":\"3L Source veekott3-liitrine veekott kindlalt suletava huulikuga. Veekott on valmistatud v\u00e4ga vastupidavast materjalist. Kannatab tugevat survet.\",\"breadcrumb\":{\"@id\":\"https:\\\/\\\/lahingupood.ee\\\/toode\\\/wxp-3l-storm-valve-hydration-system-black\\\/#breadcrumb\"},\"inLanguage\":\"en-GB\",\"potentialAction\":[{\"@type\":\"ReadAction\",\"target\":[\"https:\\\/\\\/lahingupood.ee\\\/toode\\\/wxp-3l-storm-valve-hydration-system-black\\\/\"]}]},{\"@type\":\"ImageObject\",\"inLanguage\":\"en-GB\",\"@id\":\"https:\\\/\\\/lahingupood.ee\\\/toode\\\/wxp-3l-storm-valve-hydration-system-black\\\/#primaryimage\",\"url\":\"https:\\\/\\\/lahingupood.ee\\\/wp-content\\\/uploads\\\/2025\\\/11\\\/veekott.jpg\",\"contentUrl\":\"https:\\\/\\\/lahingupood.ee\\\/wp-content\\\/uploads\\\/2025\\\/11\\\/veekott.jpg\",\"width\":450,\"height\":450},{\"@type\":\"BreadcrumbList\",\"@id\":\"https:\\\/\\\/lahingupood.ee\\\/toode\\\/wxp-3l-storm-valve-hydration-system-black\\\/#breadcrumb\",\"itemListElement\":[{\"@type\":\"ListItem\",\"position\":1,\"name\":\"Home\",\"item\":\"https:\\\/\\\/lahingupood.ee\\\/\"},{\"@type\":\"ListItem\",\"position\":2,\"name\":\"Tooted\",\"item\":\"https:\\\/\\\/lahingupood.ee\\\/tooted\\\/\"},{\"@type\":\"ListItem\",\"position\":3,\"name\":\"WXP 3L Storm Valve Hydration System Black\"}]},{\"@type\":\"WebSite\",\"@id\":\"https:\\\/\\\/lahingupood.ee\\\/#website\",\"url\":\"https:\\\/\\\/lahingupood.ee\\\/\",\"name\":\"Lahingurada e-pood\",\"description\":\"Airsoft\",\"publisher\":{\"@id\":\"https:\\\/\\\/lahingupood.ee\\\/#organization\"},\"potentialAction\":[{\"@type\":\"SearchAction\",\"target\":{\"@type\":\"EntryPoint\",\"urlTemplate\":\"https:\\\/\\\/lahingupood.ee\\\/?s={search_term_string}\"},\"query-input\":{\"@type\":\"PropertyValueSpecification\",\"valueRequired\":true,\"valueName\":\"search_term_string\"}}],\"inLanguage\":\"en-GB\"},{\"@type\":\"Organization\",\"@id\":\"https:\\\/\\\/lahingupood.ee\\\/#organization\",\"name\":\"Lahingurada\",\"url\":\"https:\\\/\\\/lahingupood.ee\\\/\",\"logo\":{\"@type\":\"ImageObject\",\"inLanguage\":\"en-GB\",\"@id\":\"https:\\\/\\\/lahingupood.ee\\\/#\\\/schema\\\/logo\\\/image\\\/\",\"url\":\"https:\\\/\\\/lahingupood.ee\\\/wp-content\\\/uploads\\\/2022\\\/03\\\/lahingurada-220318.jpg\",\"contentUrl\":\"https:\\\/\\\/lahingupood.ee\\\/wp-content\\\/uploads\\\/2022\\\/03\\\/lahingurada-220318.jpg\",\"width\":800,\"height\":500,\"caption\":\"Lahingurada\"},\"image\":{\"@id\":\"https:\\\/\\\/lahingupood.ee\\\/#\\\/schema\\\/logo\\\/image\\\/\"},\"sameAs\":[\"https:\\\/\\\/www.facebook.com\\\/Lahingurada-629940247212967\"]}]}<\/script>\n<!-- \/ Yoast SEO Premium plugin. -->","yoast_head_json":{"title":"WXP 3L Storm Valve Hydration System Black - Lahingurada e-pood","description":"3L Source veekott3-liitrine veekott kindlalt suletava huulikuga. Veekott on valmistatud v\u00e4ga vastupidavast materjalist. Kannatab tugevat survet.","robots":{"index":"index","follow":"follow","max-snippet":"max-snippet:-1","max-image-preview":"max-image-preview:large","max-video-preview":"max-video-preview:-1"},"canonical":"https:\/\/lahingupood.ee\/en\/product\/wxp-3l-storm-valve-hydration-system-black\/","og_locale":"en_GB","og_type":"article","og_title":"WXP 3L Storm Valve Hydration System Black","og_description":"3L Source veekott3-liitrine veekott kindlalt suletava huulikuga. Veekott on valmistatud v\u00e4ga vastupidavast materjalist. Kannatab tugevat survet.","og_url":"https:\/\/lahingupood.ee\/en\/product\/wxp-3l-storm-valve-hydration-system-black\/","og_site_name":"Lahingurada e-pood","article_publisher":"https:\/\/www.facebook.com\/Lahingurada-629940247212967","article_modified_time":"2026-04-12T15:30:02+00:00","og_image":[{"width":450,"height":450,"url":"https:\/\/lahingupood.ee\/wp-content\/uploads\/2025\/11\/veekott.jpg","type":"image\/jpeg"}],"twitter_card":"summary_large_image","twitter_misc":{"Estimated reading time":"1 minute"},"schema":{"@context":"https:\/\/schema.org","@graph":[{"@type":"WebPage","@id":"https:\/\/lahingupood.ee\/toode\/wxp-3l-storm-valve-hydration-system-black\/","url":"https:\/\/lahingupood.ee\/toode\/wxp-3l-storm-valve-hydration-system-black\/","name":"WXP 3L Storm Valve Hydration System Black - Lahingurada e-pood","isPartOf":{"@id":"https:\/\/lahingupood.ee\/#website"},"primaryImageOfPage":{"@id":"https:\/\/lahingupood.ee\/toode\/wxp-3l-storm-valve-hydration-system-black\/#primaryimage"},"image":{"@id":"https:\/\/lahingupood.ee\/toode\/wxp-3l-storm-valve-hydration-system-black\/#primaryimage"},"thumbnailUrl":"https:\/\/lahingupood.ee\/wp-content\/uploads\/2025\/11\/veekott.jpg","datePublished":"2025-11-11T11:14:20+00:00","dateModified":"2026-04-12T15:30:02+00:00","description":"3L Source veekott3-liitrine veekott kindlalt suletava huulikuga. Veekott on valmistatud v\u00e4ga vastupidavast materjalist. Kannatab tugevat survet.","breadcrumb":{"@id":"https:\/\/lahingupood.ee\/toode\/wxp-3l-storm-valve-hydration-system-black\/#breadcrumb"},"inLanguage":"en-GB","potentialAction":[{"@type":"ReadAction","target":["https:\/\/lahingupood.ee\/toode\/wxp-3l-storm-valve-hydration-system-black\/"]}]},{"@type":"ImageObject","inLanguage":"en-GB","@id":"https:\/\/lahingupood.ee\/toode\/wxp-3l-storm-valve-hydration-system-black\/#primaryimage","url":"https:\/\/lahingupood.ee\/wp-content\/uploads\/2025\/11\/veekott.jpg","contentUrl":"https:\/\/lahingupood.ee\/wp-content\/uploads\/2025\/11\/veekott.jpg","width":450,"height":450},{"@type":"BreadcrumbList","@id":"https:\/\/lahingupood.ee\/toode\/wxp-3l-storm-valve-hydration-system-black\/#breadcrumb","itemListElement":[{"@type":"ListItem","position":1,"name":"Home","item":"https:\/\/lahingupood.ee\/"},{"@type":"ListItem","position":2,"name":"Tooted","item":"https:\/\/lahingupood.ee\/tooted\/"},{"@type":"ListItem","position":3,"name":"WXP 3L Storm Valve Hydration System Black"}]},{"@type":"WebSite","@id":"https:\/\/lahingupood.ee\/#website","url":"https:\/\/lahingupood.ee\/","name":"Lahingurada e-pood","description":"Airsoft","publisher":{"@id":"https:\/\/lahingupood.ee\/#organization"},"potentialAction":[{"@type":"SearchAction","target":{"@type":"EntryPoint","urlTemplate":"https:\/\/lahingupood.ee\/?s={search_term_string}"},"query-input":{"@type":"PropertyValueSpecification","valueRequired":true,"valueName":"search_term_string"}}],"inLanguage":"en-GB"},{"@type":"Organization","@id":"https:\/\/lahingupood.ee\/#organization","name":"Lahingurada","url":"https:\/\/lahingupood.ee\/","logo":{"@type":"ImageObject","inLanguage":"en-GB","@id":"https:\/\/lahingupood.ee\/#\/schema\/logo\/image\/","url":"https:\/\/lahingupood.ee\/wp-content\/uploads\/2022\/03\/lahingurada-220318.jpg","contentUrl":"https:\/\/lahingupood.ee\/wp-content\/uploads\/2022\/03\/lahingurada-220318.jpg","width":800,"height":500,"caption":"Lahingurada"},"image":{"@id":"https:\/\/lahingupood.ee\/#\/schema\/logo\/image\/"},"sameAs":["https:\/\/www.facebook.com\/Lahingurada-629940247212967"]}]}},"_links":{"self":[{"href":"https:\/\/lahingupood.ee\/en\/wp-json\/wp\/v2\/product\/7410","targetHints":{"allow":["GET"]}}],"collection":[{"href":"https:\/\/lahingupood.ee\/en\/wp-json\/wp\/v2\/product"}],"about":[{"href":"https:\/\/lahingupood.ee\/en\/wp-json\/wp\/v2\/types\/product"}],"wp:featuredmedia":[{"embeddable":true,"href":"https:\/\/lahingupood.ee\/en\/wp-json\/wp\/v2\/media\/7411"}],"wp:attachment":[{"href":"https:\/\/lahingupood.ee\/en\/wp-json\/wp\/v2\/media?parent=7410"}],"wp:term":[{"taxonomy":"product_brand","embeddable":true,"href":"https:\/\/lahingupood.ee\/en\/wp-json\/wp\/v2\/product_brand?post=7410"},{"taxonomy":"product_cat","embeddable":true,"href":"https:\/\/lahingupood.ee\/en\/wp-json\/wp\/v2\/product_cat?post=7410"},{"taxonomy":"product_tag","embeddable":true,"href":"https:\/\/lahingupood.ee\/en\/wp-json\/wp\/v2\/product_tag?post=7410"}],"curies":[{"name":"wp","href":"https:\/\/api.w.org\/{rel}","templated":true}]}}