{"id":74,"date":"2022-03-14T11:29:56","date_gmt":"2022-03-14T09:29:56","guid":{"rendered":"https:\/\/lahingupood.ee\/?post_type=product&#038;p=74"},"modified":"2026-04-12T20:30:05","modified_gmt":"2026-04-12T17:30:05","slug":"amoeba-am-007-airsoft-replika-aeg","status":"publish","type":"product","link":"https:\/\/lahingupood.ee\/en\/product\/amoeba-am-007-airsoft-replika-aeg\/","title":{"rendered":"Amoeba AM-007 Airsoft Replika AEG"},"content":{"rendered":"<p>Amoeba AM-007 Airsoft Replika AEG<\/p>\n<p>Vastupidavast pol\u00fcmeerist kere sisaldab tundliku p\u00e4\u00e4stikuga elektrooniliselt juhitud gearboxi, mis v\u00f5imaldab anda kiiret tuld ka \u00fcksiklaskudega. Hea mahutavausega kaba v\u00f5imaldab pea igasuguse kujuga akude kasutamist. Rootort\u00fc\u00fcpi hopup kamber tagab hopupi \u00fclit\u00e4pse seadistuse, mis j\u00e4\u00e4b ka p\u00fcsima. L\u00fchike kompaktne ja kerge. Parim lahendus CQB huvilistele.<\/p>","protected":false},"excerpt":{"rendered":"<p>Vastupidavast pol\u00fcmeerist kere sisaldab tundliku p\u00e4\u00e4stikuga elektrooniliselt juhitud gearboxi, mis v\u00f5imaldab anda kiiret tuld ka \u00fcksiklaskudega.<\/p>","protected":false},"featured_media":75,"template":"","meta":[],"product_brand":[],"product_cat":[23],"product_tag":[],"class_list":{"0":"post-74","1":"product","2":"type-product","3":"status-publish","4":"has-post-thumbnail","6":"product_cat-elektrilised-relvad","8":"first","9":"outofstock","10":"taxable","11":"shipping-taxable","12":"purchasable","13":"product-type-simple"},"yoast_head":"<!-- This site is optimized with the Yoast SEO Premium plugin v27.3 (Yoast SEO v27.3) - https:\/\/yoast.com\/product\/yoast-seo-premium-wordpress\/ -->\n<title>Amoeba AM-007 Airsoft Replika AEG<\/title>\n<meta name=\"description\" content=\"Amoeba AM-007 Airsoft Replika AEG. L\u00fchike kompaktne ja kerge elektriline relv. Parim lahendus CQB Amoeba AM-007 Airsoft Replika AEG\" \/>\n<meta name=\"robots\" content=\"index, follow, max-snippet:-1, max-image-preview:large, max-video-preview:-1\" \/>\n<link rel=\"canonical\" href=\"https:\/\/lahingupood.ee\/en\/product\/amoeba-am-007-airsoft-replika-aeg\/\" \/>\n<meta property=\"og:locale\" content=\"en_GB\" \/>\n<meta property=\"og:type\" content=\"article\" \/>\n<meta property=\"og:title\" content=\"Amoeba AM-007 Airsoft Replika AEG\" \/>\n<meta property=\"og:description\" content=\"Amoeba AM-007 Airsoft Replika AEG. L\u00fchike kompaktne ja kerge elektriline relv. Parim lahendus CQB Amoeba AM-007 Airsoft Replika AEG\" \/>\n<meta property=\"og:url\" content=\"https:\/\/lahingupood.ee\/en\/product\/amoeba-am-007-airsoft-replika-aeg\/\" \/>\n<meta property=\"og:site_name\" content=\"Lahingurada e-pood\" \/>\n<meta property=\"article:publisher\" content=\"https:\/\/www.facebook.com\/Lahingurada-629940247212967\" \/>\n<meta property=\"article:modified_time\" content=\"2026-04-12T17:30:05+00:00\" \/>\n<meta property=\"og:image\" content=\"https:\/\/lahingupood.ee\/wp-content\/uploads\/2022\/03\/amoeba-am-007.jpeg\" \/>\n\t<meta property=\"og:image:width\" content=\"600\" \/>\n\t<meta property=\"og:image:height\" content=\"600\" \/>\n\t<meta property=\"og:image:type\" content=\"image\/jpeg\" \/>\n<meta name=\"twitter:card\" content=\"summary_large_image\" \/>\n<meta name=\"twitter:label1\" content=\"Estimated reading time\" \/>\n\t<meta name=\"twitter:data1\" content=\"1 minute\" \/>\n<script type=\"application\/ld+json\" class=\"yoast-schema-graph\">{\"@context\":\"https:\\\/\\\/schema.org\",\"@graph\":[{\"@type\":\"WebPage\",\"@id\":\"https:\\\/\\\/lahingupood.ee\\\/toode\\\/amoeba-am-007-airsoft-replika-aeg\\\/\",\"url\":\"https:\\\/\\\/lahingupood.ee\\\/toode\\\/amoeba-am-007-airsoft-replika-aeg\\\/\",\"name\":\"Amoeba AM-007 Airsoft Replika AEG\",\"isPartOf\":{\"@id\":\"https:\\\/\\\/lahingupood.ee\\\/#website\"},\"primaryImageOfPage\":{\"@id\":\"https:\\\/\\\/lahingupood.ee\\\/toode\\\/amoeba-am-007-airsoft-replika-aeg\\\/#primaryimage\"},\"image\":{\"@id\":\"https:\\\/\\\/lahingupood.ee\\\/toode\\\/amoeba-am-007-airsoft-replika-aeg\\\/#primaryimage\"},\"thumbnailUrl\":\"https:\\\/\\\/lahingupood.ee\\\/wp-content\\\/uploads\\\/2022\\\/03\\\/amoeba-am-007.jpeg\",\"datePublished\":\"2022-03-14T09:29:56+00:00\",\"dateModified\":\"2026-04-12T17:30:05+00:00\",\"description\":\"Amoeba AM-007 Airsoft Replika AEG. L\u00fchike kompaktne ja kerge elektriline relv. Parim lahendus CQB Amoeba AM-007 Airsoft Replika AEG\",\"breadcrumb\":{\"@id\":\"https:\\\/\\\/lahingupood.ee\\\/toode\\\/amoeba-am-007-airsoft-replika-aeg\\\/#breadcrumb\"},\"inLanguage\":\"en-GB\",\"potentialAction\":[{\"@type\":\"ReadAction\",\"target\":[\"https:\\\/\\\/lahingupood.ee\\\/toode\\\/amoeba-am-007-airsoft-replika-aeg\\\/\"]}]},{\"@type\":\"ImageObject\",\"inLanguage\":\"en-GB\",\"@id\":\"https:\\\/\\\/lahingupood.ee\\\/toode\\\/amoeba-am-007-airsoft-replika-aeg\\\/#primaryimage\",\"url\":\"https:\\\/\\\/lahingupood.ee\\\/wp-content\\\/uploads\\\/2022\\\/03\\\/amoeba-am-007.jpeg\",\"contentUrl\":\"https:\\\/\\\/lahingupood.ee\\\/wp-content\\\/uploads\\\/2022\\\/03\\\/amoeba-am-007.jpeg\",\"width\":600,\"height\":600,\"caption\":\"Amoeba AM-007-airsoft-replika\"},{\"@type\":\"BreadcrumbList\",\"@id\":\"https:\\\/\\\/lahingupood.ee\\\/toode\\\/amoeba-am-007-airsoft-replika-aeg\\\/#breadcrumb\",\"itemListElement\":[{\"@type\":\"ListItem\",\"position\":1,\"name\":\"Home\",\"item\":\"https:\\\/\\\/lahingupood.ee\\\/\"},{\"@type\":\"ListItem\",\"position\":2,\"name\":\"Tooted\",\"item\":\"https:\\\/\\\/lahingupood.ee\\\/tooted\\\/\"},{\"@type\":\"ListItem\",\"position\":3,\"name\":\"Amoeba AM-007 Airsoft Replika AEG\"}]},{\"@type\":\"WebSite\",\"@id\":\"https:\\\/\\\/lahingupood.ee\\\/#website\",\"url\":\"https:\\\/\\\/lahingupood.ee\\\/\",\"name\":\"Lahingurada e-pood\",\"description\":\"Airsoft\",\"publisher\":{\"@id\":\"https:\\\/\\\/lahingupood.ee\\\/#organization\"},\"potentialAction\":[{\"@type\":\"SearchAction\",\"target\":{\"@type\":\"EntryPoint\",\"urlTemplate\":\"https:\\\/\\\/lahingupood.ee\\\/?s={search_term_string}\"},\"query-input\":{\"@type\":\"PropertyValueSpecification\",\"valueRequired\":true,\"valueName\":\"search_term_string\"}}],\"inLanguage\":\"en-GB\"},{\"@type\":\"Organization\",\"@id\":\"https:\\\/\\\/lahingupood.ee\\\/#organization\",\"name\":\"Lahingurada\",\"url\":\"https:\\\/\\\/lahingupood.ee\\\/\",\"logo\":{\"@type\":\"ImageObject\",\"inLanguage\":\"en-GB\",\"@id\":\"https:\\\/\\\/lahingupood.ee\\\/#\\\/schema\\\/logo\\\/image\\\/\",\"url\":\"https:\\\/\\\/lahingupood.ee\\\/wp-content\\\/uploads\\\/2022\\\/03\\\/lahingurada-220318.jpg\",\"contentUrl\":\"https:\\\/\\\/lahingupood.ee\\\/wp-content\\\/uploads\\\/2022\\\/03\\\/lahingurada-220318.jpg\",\"width\":800,\"height\":500,\"caption\":\"Lahingurada\"},\"image\":{\"@id\":\"https:\\\/\\\/lahingupood.ee\\\/#\\\/schema\\\/logo\\\/image\\\/\"},\"sameAs\":[\"https:\\\/\\\/www.facebook.com\\\/Lahingurada-629940247212967\"]}]}<\/script>\n<!-- \/ Yoast SEO Premium plugin. -->","yoast_head_json":{"title":"Amoeba AM-007 Airsoft Replika AEG","description":"Amoeba AM-007 Airsoft Replika AEG. L\u00fchike kompaktne ja kerge elektriline relv. Parim lahendus CQB Amoeba AM-007 Airsoft Replika AEG","robots":{"index":"index","follow":"follow","max-snippet":"max-snippet:-1","max-image-preview":"max-image-preview:large","max-video-preview":"max-video-preview:-1"},"canonical":"https:\/\/lahingupood.ee\/en\/product\/amoeba-am-007-airsoft-replika-aeg\/","og_locale":"en_GB","og_type":"article","og_title":"Amoeba AM-007 Airsoft Replika AEG","og_description":"Amoeba AM-007 Airsoft Replika AEG. L\u00fchike kompaktne ja kerge elektriline relv. Parim lahendus CQB Amoeba AM-007 Airsoft Replika AEG","og_url":"https:\/\/lahingupood.ee\/en\/product\/amoeba-am-007-airsoft-replika-aeg\/","og_site_name":"Lahingurada e-pood","article_publisher":"https:\/\/www.facebook.com\/Lahingurada-629940247212967","article_modified_time":"2026-04-12T17:30:05+00:00","og_image":[{"width":600,"height":600,"url":"https:\/\/lahingupood.ee\/wp-content\/uploads\/2022\/03\/amoeba-am-007.jpeg","type":"image\/jpeg"}],"twitter_card":"summary_large_image","twitter_misc":{"Estimated reading time":"1 minute"},"schema":{"@context":"https:\/\/schema.org","@graph":[{"@type":"WebPage","@id":"https:\/\/lahingupood.ee\/toode\/amoeba-am-007-airsoft-replika-aeg\/","url":"https:\/\/lahingupood.ee\/toode\/amoeba-am-007-airsoft-replika-aeg\/","name":"Amoeba AM-007 Airsoft Replika AEG","isPartOf":{"@id":"https:\/\/lahingupood.ee\/#website"},"primaryImageOfPage":{"@id":"https:\/\/lahingupood.ee\/toode\/amoeba-am-007-airsoft-replika-aeg\/#primaryimage"},"image":{"@id":"https:\/\/lahingupood.ee\/toode\/amoeba-am-007-airsoft-replika-aeg\/#primaryimage"},"thumbnailUrl":"https:\/\/lahingupood.ee\/wp-content\/uploads\/2022\/03\/amoeba-am-007.jpeg","datePublished":"2022-03-14T09:29:56+00:00","dateModified":"2026-04-12T17:30:05+00:00","description":"Amoeba AM-007 Airsoft Replika AEG. L\u00fchike kompaktne ja kerge elektriline relv. Parim lahendus CQB Amoeba AM-007 Airsoft Replika AEG","breadcrumb":{"@id":"https:\/\/lahingupood.ee\/toode\/amoeba-am-007-airsoft-replika-aeg\/#breadcrumb"},"inLanguage":"en-GB","potentialAction":[{"@type":"ReadAction","target":["https:\/\/lahingupood.ee\/toode\/amoeba-am-007-airsoft-replika-aeg\/"]}]},{"@type":"ImageObject","inLanguage":"en-GB","@id":"https:\/\/lahingupood.ee\/toode\/amoeba-am-007-airsoft-replika-aeg\/#primaryimage","url":"https:\/\/lahingupood.ee\/wp-content\/uploads\/2022\/03\/amoeba-am-007.jpeg","contentUrl":"https:\/\/lahingupood.ee\/wp-content\/uploads\/2022\/03\/amoeba-am-007.jpeg","width":600,"height":600,"caption":"Amoeba AM-007-airsoft-replika"},{"@type":"BreadcrumbList","@id":"https:\/\/lahingupood.ee\/toode\/amoeba-am-007-airsoft-replika-aeg\/#breadcrumb","itemListElement":[{"@type":"ListItem","position":1,"name":"Home","item":"https:\/\/lahingupood.ee\/"},{"@type":"ListItem","position":2,"name":"Tooted","item":"https:\/\/lahingupood.ee\/tooted\/"},{"@type":"ListItem","position":3,"name":"Amoeba AM-007 Airsoft Replika AEG"}]},{"@type":"WebSite","@id":"https:\/\/lahingupood.ee\/#website","url":"https:\/\/lahingupood.ee\/","name":"Lahingurada e-pood","description":"Airsoft","publisher":{"@id":"https:\/\/lahingupood.ee\/#organization"},"potentialAction":[{"@type":"SearchAction","target":{"@type":"EntryPoint","urlTemplate":"https:\/\/lahingupood.ee\/?s={search_term_string}"},"query-input":{"@type":"PropertyValueSpecification","valueRequired":true,"valueName":"search_term_string"}}],"inLanguage":"en-GB"},{"@type":"Organization","@id":"https:\/\/lahingupood.ee\/#organization","name":"Lahingurada","url":"https:\/\/lahingupood.ee\/","logo":{"@type":"ImageObject","inLanguage":"en-GB","@id":"https:\/\/lahingupood.ee\/#\/schema\/logo\/image\/","url":"https:\/\/lahingupood.ee\/wp-content\/uploads\/2022\/03\/lahingurada-220318.jpg","contentUrl":"https:\/\/lahingupood.ee\/wp-content\/uploads\/2022\/03\/lahingurada-220318.jpg","width":800,"height":500,"caption":"Lahingurada"},"image":{"@id":"https:\/\/lahingupood.ee\/#\/schema\/logo\/image\/"},"sameAs":["https:\/\/www.facebook.com\/Lahingurada-629940247212967"]}]}},"_links":{"self":[{"href":"https:\/\/lahingupood.ee\/en\/wp-json\/wp\/v2\/product\/74","targetHints":{"allow":["GET"]}}],"collection":[{"href":"https:\/\/lahingupood.ee\/en\/wp-json\/wp\/v2\/product"}],"about":[{"href":"https:\/\/lahingupood.ee\/en\/wp-json\/wp\/v2\/types\/product"}],"wp:featuredmedia":[{"embeddable":true,"href":"https:\/\/lahingupood.ee\/en\/wp-json\/wp\/v2\/media\/75"}],"wp:attachment":[{"href":"https:\/\/lahingupood.ee\/en\/wp-json\/wp\/v2\/media?parent=74"}],"wp:term":[{"taxonomy":"product_brand","embeddable":true,"href":"https:\/\/lahingupood.ee\/en\/wp-json\/wp\/v2\/product_brand?post=74"},{"taxonomy":"product_cat","embeddable":true,"href":"https:\/\/lahingupood.ee\/en\/wp-json\/wp\/v2\/product_cat?post=74"},{"taxonomy":"product_tag","embeddable":true,"href":"https:\/\/lahingupood.ee\/en\/wp-json\/wp\/v2\/product_tag?post=74"}],"curies":[{"name":"wp","href":"https:\/\/api.w.org\/{rel}","templated":true}]}}