{"id":7369,"date":"2025-10-14T12:18:52","date_gmt":"2025-10-14T09:18:52","guid":{"rendered":"https:\/\/lahingupood.ee\/?post_type=product&#038;p=7369"},"modified":"2026-05-03T16:30:04","modified_gmt":"2026-05-03T13:30:04","slug":"super-high-torque-specna-arms-dark-matter-motor-33000rpm-short","status":"publish","type":"product","link":"https:\/\/lahingupood.ee\/en\/product\/super-high-torque-specna-arms-dark-matter-motor-33000rpm-short\/","title":{"rendered":"Super High Torque Specna Arms Dark Matter\u2122 motor (33000RPM) Short"},"content":{"rendered":"<p>Specna Arms Dark Matter motor 33000RPM short on k\u00f5rge j\u00f5udlusega Airsoft mootor, mis on loodud pakkuma suurep\u00e4rast p\u00f6\u00f6rdemomenti ja kiiret reageerimist. Tegemist on short t\u00fc\u00fcpi mootoriga, mis sobib paljudele AEG relvadele, kus kasutatakse l\u00fchemat mootori konfiguratsiooni.<\/p>\n<p>See mootor \u00fchendab endas suure p\u00f6\u00f6rdemomendi ja k\u00f5rge p\u00f6\u00f6rlemiskiiruse, pakkudes tugevat ja stabiilset t\u00f6\u00f6v\u00f5imet. 33000RPM kiirus v\u00f5imaldab kiiret p\u00e4\u00e4stiku reaktsiooni ning sujuvat laskets\u00fcklit.<\/p>","protected":false},"excerpt":{"rendered":"<p>Specna Arms Dark Matter motor 33000RPM short on k\u00f5rge j\u00f5udlusega Airsoft mootor, mis on loodud pakkuma suurep\u00e4rast p\u00f6\u00f6rdemomenti ja kiiret reageerimist. Tegemist on short t\u00fc\u00fcpi mootoriga, mis sobib paljudele AEG relvadele, kus kasutatakse l\u00fchemat mootori konfiguratsiooni. See mootor \u00fchendab endas suure p\u00f6\u00f6rdemomendi ja k\u00f5rge p\u00f6\u00f6rlemiskiiruse, pakkudes tugevat ja stabiilset t\u00f6\u00f6v\u00f5imet. 33000RPM kiirus v\u00f5imaldab kiiret p\u00e4\u00e4stiku [&#8230;]\n","protected":false},"featured_media":7359,"template":"","meta":[],"product_brand":[],"product_cat":[97],"product_tag":[],"class_list":{"0":"post-7369","1":"product","2":"type-product","3":"status-publish","4":"has-post-thumbnail","6":"product_cat-mootorid","8":"first","9":"instock","10":"taxable","11":"shipping-taxable","12":"purchasable","13":"product-type-simple"},"yoast_head":"<!-- This site is optimized with the Yoast SEO Premium plugin v27.5 (Yoast SEO v27.5) - https:\/\/yoast.com\/product\/yoast-seo-premium-wordpress\/ -->\n<title>Specna Arms Dark Matter Motor 33000RPM Short \u2013 High Torque<\/title>\n<meta name=\"description\" content=\"Specna Arms Dark Matter motor 33000RPM short on v\u00f5imas high torque Airsoft mootor, mis parandab trigger response\u2019i ja t\u00f6\u00f6kindlust\" \/>\n<meta name=\"robots\" content=\"index, follow, max-snippet:-1, max-image-preview:large, max-video-preview:-1\" \/>\n<link rel=\"canonical\" href=\"https:\/\/lahingupood.ee\/en\/product\/super-high-torque-specna-arms-dark-matter-motor-33000rpm-short\/\" \/>\n<meta property=\"og:locale\" content=\"en_GB\" \/>\n<meta property=\"og:type\" content=\"article\" \/>\n<meta property=\"og:title\" content=\"Super High Torque Specna Arms Dark Matter\u2122 motor (33000RPM) Short\" \/>\n<meta property=\"og:description\" content=\"Specna Arms Dark Matter motor 33000RPM short on v\u00f5imas high torque Airsoft mootor, mis parandab trigger response\u2019i ja t\u00f6\u00f6kindlust\" \/>\n<meta property=\"og:url\" content=\"https:\/\/lahingupood.ee\/en\/product\/super-high-torque-specna-arms-dark-matter-motor-33000rpm-short\/\" \/>\n<meta property=\"og:site_name\" content=\"Lahingurada e-pood\" \/>\n<meta property=\"article:publisher\" content=\"https:\/\/www.facebook.com\/Lahingurada-629940247212967\" \/>\n<meta property=\"article:modified_time\" content=\"2026-05-03T13:30:04+00:00\" \/>\n<meta property=\"og:image\" content=\"https:\/\/lahingupood.ee\/wp-content\/uploads\/2025\/08\/9bc828147fb8b45ff3ccf0d1b4e7eabb1c707fd9_SPE_08_040740_02.webp\" \/>\n\t<meta property=\"og:image:width\" content=\"2000\" \/>\n\t<meta property=\"og:image:height\" content=\"1333\" \/>\n\t<meta property=\"og:image:type\" content=\"image\/webp\" \/>\n<meta name=\"twitter:card\" content=\"summary_large_image\" \/>\n<meta name=\"twitter:label1\" content=\"Estimated reading time\" \/>\n\t<meta name=\"twitter:data1\" content=\"1 minute\" \/>\n<script type=\"application\/ld+json\" class=\"yoast-schema-graph\">{\"@context\":\"https:\\\/\\\/schema.org\",\"@graph\":[{\"@type\":\"WebPage\",\"@id\":\"https:\\\/\\\/lahingupood.ee\\\/toode\\\/super-high-torque-specna-arms-dark-matter-motor-33000rpm-short\\\/\",\"url\":\"https:\\\/\\\/lahingupood.ee\\\/toode\\\/super-high-torque-specna-arms-dark-matter-motor-33000rpm-short\\\/\",\"name\":\"Specna Arms Dark Matter Motor 33000RPM Short \u2013 High Torque\",\"isPartOf\":{\"@id\":\"https:\\\/\\\/lahingupood.ee\\\/#website\"},\"primaryImageOfPage\":{\"@id\":\"https:\\\/\\\/lahingupood.ee\\\/toode\\\/super-high-torque-specna-arms-dark-matter-motor-33000rpm-short\\\/#primaryimage\"},\"image\":{\"@id\":\"https:\\\/\\\/lahingupood.ee\\\/toode\\\/super-high-torque-specna-arms-dark-matter-motor-33000rpm-short\\\/#primaryimage\"},\"thumbnailUrl\":\"https:\\\/\\\/lahingupood.ee\\\/wp-content\\\/uploads\\\/2025\\\/08\\\/9bc828147fb8b45ff3ccf0d1b4e7eabb1c707fd9_SPE_08_040740_02.webp\",\"datePublished\":\"2025-10-14T09:18:52+00:00\",\"dateModified\":\"2026-05-03T13:30:04+00:00\",\"description\":\"Specna Arms Dark Matter motor 33000RPM short on v\u00f5imas high torque Airsoft mootor, mis parandab trigger response\u2019i ja t\u00f6\u00f6kindlust\",\"breadcrumb\":{\"@id\":\"https:\\\/\\\/lahingupood.ee\\\/toode\\\/super-high-torque-specna-arms-dark-matter-motor-33000rpm-short\\\/#breadcrumb\"},\"inLanguage\":\"en-GB\",\"potentialAction\":[{\"@type\":\"ReadAction\",\"target\":[\"https:\\\/\\\/lahingupood.ee\\\/toode\\\/super-high-torque-specna-arms-dark-matter-motor-33000rpm-short\\\/\"]}]},{\"@type\":\"ImageObject\",\"inLanguage\":\"en-GB\",\"@id\":\"https:\\\/\\\/lahingupood.ee\\\/toode\\\/super-high-torque-specna-arms-dark-matter-motor-33000rpm-short\\\/#primaryimage\",\"url\":\"https:\\\/\\\/lahingupood.ee\\\/wp-content\\\/uploads\\\/2025\\\/08\\\/9bc828147fb8b45ff3ccf0d1b4e7eabb1c707fd9_SPE_08_040740_02.webp\",\"contentUrl\":\"https:\\\/\\\/lahingupood.ee\\\/wp-content\\\/uploads\\\/2025\\\/08\\\/9bc828147fb8b45ff3ccf0d1b4e7eabb1c707fd9_SPE_08_040740_02.webp\",\"width\":2000,\"height\":1333,\"caption\":\"Specna Arms Dark Matter motor 33000RPM short Airsoft high torque mootor\"},{\"@type\":\"BreadcrumbList\",\"@id\":\"https:\\\/\\\/lahingupood.ee\\\/toode\\\/super-high-torque-specna-arms-dark-matter-motor-33000rpm-short\\\/#breadcrumb\",\"itemListElement\":[{\"@type\":\"ListItem\",\"position\":1,\"name\":\"Home\",\"item\":\"https:\\\/\\\/lahingupood.ee\\\/\"},{\"@type\":\"ListItem\",\"position\":2,\"name\":\"Tooted\",\"item\":\"https:\\\/\\\/lahingupood.ee\\\/tooted\\\/\"},{\"@type\":\"ListItem\",\"position\":3,\"name\":\"Super High Torque Specna Arms Dark Matter\u2122 motor (33000RPM) Short\"}]},{\"@type\":\"WebSite\",\"@id\":\"https:\\\/\\\/lahingupood.ee\\\/#website\",\"url\":\"https:\\\/\\\/lahingupood.ee\\\/\",\"name\":\"Lahingurada e-pood\",\"description\":\"Airsoft\",\"publisher\":{\"@id\":\"https:\\\/\\\/lahingupood.ee\\\/#organization\"},\"potentialAction\":[{\"@type\":\"SearchAction\",\"target\":{\"@type\":\"EntryPoint\",\"urlTemplate\":\"https:\\\/\\\/lahingupood.ee\\\/?s={search_term_string}\"},\"query-input\":{\"@type\":\"PropertyValueSpecification\",\"valueRequired\":true,\"valueName\":\"search_term_string\"}}],\"inLanguage\":\"en-GB\"},{\"@type\":\"Organization\",\"@id\":\"https:\\\/\\\/lahingupood.ee\\\/#organization\",\"name\":\"Lahingurada\",\"url\":\"https:\\\/\\\/lahingupood.ee\\\/\",\"logo\":{\"@type\":\"ImageObject\",\"inLanguage\":\"en-GB\",\"@id\":\"https:\\\/\\\/lahingupood.ee\\\/#\\\/schema\\\/logo\\\/image\\\/\",\"url\":\"https:\\\/\\\/lahingupood.ee\\\/wp-content\\\/uploads\\\/2022\\\/03\\\/lahingurada-220318.jpg\",\"contentUrl\":\"https:\\\/\\\/lahingupood.ee\\\/wp-content\\\/uploads\\\/2022\\\/03\\\/lahingurada-220318.jpg\",\"width\":800,\"height\":500,\"caption\":\"Lahingurada\"},\"image\":{\"@id\":\"https:\\\/\\\/lahingupood.ee\\\/#\\\/schema\\\/logo\\\/image\\\/\"},\"sameAs\":[\"https:\\\/\\\/www.facebook.com\\\/Lahingurada-629940247212967\"]}]}<\/script>\n<!-- \/ Yoast SEO Premium plugin. -->","yoast_head_json":{"title":"Specna Arms Dark Matter Motor 33000RPM Short \u2013 High Torque","description":"Specna Arms Dark Matter motor 33000RPM short on v\u00f5imas high torque Airsoft mootor, mis parandab trigger response\u2019i ja t\u00f6\u00f6kindlust","robots":{"index":"index","follow":"follow","max-snippet":"max-snippet:-1","max-image-preview":"max-image-preview:large","max-video-preview":"max-video-preview:-1"},"canonical":"https:\/\/lahingupood.ee\/en\/product\/super-high-torque-specna-arms-dark-matter-motor-33000rpm-short\/","og_locale":"en_GB","og_type":"article","og_title":"Super High Torque Specna Arms Dark Matter\u2122 motor (33000RPM) Short","og_description":"Specna Arms Dark Matter motor 33000RPM short on v\u00f5imas high torque Airsoft mootor, mis parandab trigger response\u2019i ja t\u00f6\u00f6kindlust","og_url":"https:\/\/lahingupood.ee\/en\/product\/super-high-torque-specna-arms-dark-matter-motor-33000rpm-short\/","og_site_name":"Lahingurada e-pood","article_publisher":"https:\/\/www.facebook.com\/Lahingurada-629940247212967","article_modified_time":"2026-05-03T13:30:04+00:00","og_image":[{"width":2000,"height":1333,"url":"https:\/\/lahingupood.ee\/wp-content\/uploads\/2025\/08\/9bc828147fb8b45ff3ccf0d1b4e7eabb1c707fd9_SPE_08_040740_02.webp","type":"image\/webp"}],"twitter_card":"summary_large_image","twitter_misc":{"Estimated reading time":"1 minute"},"schema":{"@context":"https:\/\/schema.org","@graph":[{"@type":"WebPage","@id":"https:\/\/lahingupood.ee\/toode\/super-high-torque-specna-arms-dark-matter-motor-33000rpm-short\/","url":"https:\/\/lahingupood.ee\/toode\/super-high-torque-specna-arms-dark-matter-motor-33000rpm-short\/","name":"Specna Arms Dark Matter Motor 33000RPM Short \u2013 High Torque","isPartOf":{"@id":"https:\/\/lahingupood.ee\/#website"},"primaryImageOfPage":{"@id":"https:\/\/lahingupood.ee\/toode\/super-high-torque-specna-arms-dark-matter-motor-33000rpm-short\/#primaryimage"},"image":{"@id":"https:\/\/lahingupood.ee\/toode\/super-high-torque-specna-arms-dark-matter-motor-33000rpm-short\/#primaryimage"},"thumbnailUrl":"https:\/\/lahingupood.ee\/wp-content\/uploads\/2025\/08\/9bc828147fb8b45ff3ccf0d1b4e7eabb1c707fd9_SPE_08_040740_02.webp","datePublished":"2025-10-14T09:18:52+00:00","dateModified":"2026-05-03T13:30:04+00:00","description":"Specna Arms Dark Matter motor 33000RPM short on v\u00f5imas high torque Airsoft mootor, mis parandab trigger response\u2019i ja t\u00f6\u00f6kindlust","breadcrumb":{"@id":"https:\/\/lahingupood.ee\/toode\/super-high-torque-specna-arms-dark-matter-motor-33000rpm-short\/#breadcrumb"},"inLanguage":"en-GB","potentialAction":[{"@type":"ReadAction","target":["https:\/\/lahingupood.ee\/toode\/super-high-torque-specna-arms-dark-matter-motor-33000rpm-short\/"]}]},{"@type":"ImageObject","inLanguage":"en-GB","@id":"https:\/\/lahingupood.ee\/toode\/super-high-torque-specna-arms-dark-matter-motor-33000rpm-short\/#primaryimage","url":"https:\/\/lahingupood.ee\/wp-content\/uploads\/2025\/08\/9bc828147fb8b45ff3ccf0d1b4e7eabb1c707fd9_SPE_08_040740_02.webp","contentUrl":"https:\/\/lahingupood.ee\/wp-content\/uploads\/2025\/08\/9bc828147fb8b45ff3ccf0d1b4e7eabb1c707fd9_SPE_08_040740_02.webp","width":2000,"height":1333,"caption":"Specna Arms Dark Matter motor 33000RPM short Airsoft high torque mootor"},{"@type":"BreadcrumbList","@id":"https:\/\/lahingupood.ee\/toode\/super-high-torque-specna-arms-dark-matter-motor-33000rpm-short\/#breadcrumb","itemListElement":[{"@type":"ListItem","position":1,"name":"Home","item":"https:\/\/lahingupood.ee\/"},{"@type":"ListItem","position":2,"name":"Tooted","item":"https:\/\/lahingupood.ee\/tooted\/"},{"@type":"ListItem","position":3,"name":"Super High Torque Specna Arms Dark Matter\u2122 motor (33000RPM) Short"}]},{"@type":"WebSite","@id":"https:\/\/lahingupood.ee\/#website","url":"https:\/\/lahingupood.ee\/","name":"Lahingurada e-pood","description":"Airsoft","publisher":{"@id":"https:\/\/lahingupood.ee\/#organization"},"potentialAction":[{"@type":"SearchAction","target":{"@type":"EntryPoint","urlTemplate":"https:\/\/lahingupood.ee\/?s={search_term_string}"},"query-input":{"@type":"PropertyValueSpecification","valueRequired":true,"valueName":"search_term_string"}}],"inLanguage":"en-GB"},{"@type":"Organization","@id":"https:\/\/lahingupood.ee\/#organization","name":"Lahingurada","url":"https:\/\/lahingupood.ee\/","logo":{"@type":"ImageObject","inLanguage":"en-GB","@id":"https:\/\/lahingupood.ee\/#\/schema\/logo\/image\/","url":"https:\/\/lahingupood.ee\/wp-content\/uploads\/2022\/03\/lahingurada-220318.jpg","contentUrl":"https:\/\/lahingupood.ee\/wp-content\/uploads\/2022\/03\/lahingurada-220318.jpg","width":800,"height":500,"caption":"Lahingurada"},"image":{"@id":"https:\/\/lahingupood.ee\/#\/schema\/logo\/image\/"},"sameAs":["https:\/\/www.facebook.com\/Lahingurada-629940247212967"]}]}},"_links":{"self":[{"href":"https:\/\/lahingupood.ee\/en\/wp-json\/wp\/v2\/product\/7369","targetHints":{"allow":["GET"]}}],"collection":[{"href":"https:\/\/lahingupood.ee\/en\/wp-json\/wp\/v2\/product"}],"about":[{"href":"https:\/\/lahingupood.ee\/en\/wp-json\/wp\/v2\/types\/product"}],"wp:featuredmedia":[{"embeddable":true,"href":"https:\/\/lahingupood.ee\/en\/wp-json\/wp\/v2\/media\/7359"}],"wp:attachment":[{"href":"https:\/\/lahingupood.ee\/en\/wp-json\/wp\/v2\/media?parent=7369"}],"wp:term":[{"taxonomy":"product_brand","embeddable":true,"href":"https:\/\/lahingupood.ee\/en\/wp-json\/wp\/v2\/product_brand?post=7369"},{"taxonomy":"product_cat","embeddable":true,"href":"https:\/\/lahingupood.ee\/en\/wp-json\/wp\/v2\/product_cat?post=7369"},{"taxonomy":"product_tag","embeddable":true,"href":"https:\/\/lahingupood.ee\/en\/wp-json\/wp\/v2\/product_tag?post=7369"}],"curies":[{"name":"wp","href":"https:\/\/api.w.org\/{rel}","templated":true}]}}