{"id":7368,"date":"2025-10-14T12:15:53","date_gmt":"2025-10-14T09:15:53","guid":{"rendered":"https:\/\/lahingupood.ee\/?post_type=product&#038;p=7368"},"modified":"2026-05-02T21:15:02","modified_gmt":"2026-05-02T18:15:02","slug":"wosport-universal-holster-for-pistols-with-x300a-torch-gb-81-black","status":"publish","type":"product","link":"https:\/\/lahingupood.ee\/en\/product\/wosport-universal-holster-for-pistols-with-x300a-torch-gb-81-black\/","title":{"rendered":"Wosport Universal Holster for Pistols with X300A Torch GB-81 Black"},"content":{"rendered":"<p>Wosport GB-81 X300A kabuur on universaalne taktikaline holster, mis on m\u00f5eldud p\u00fcstolitele, millele on paigaldatud X300A t\u00fc\u00fcpi relvalamp. See lahendus v\u00f5imaldab kasutada \u00fchte kabuuri mitme erineva relvaga, pakkudes paindlikkust ja mugavust Airsoft m\u00e4ngijatele.<\/p>\n<p>Kabuur kinnitub v\u00f6\u00f6le ning sobib kuni 55 mm laiustele v\u00f6\u00f6dele. T\u00e4nu tugevale kinnituss\u00fcsteemile p\u00fcsib kabuur kindlalt paigal ka aktiivse liikumise ajal. Lisaks on v\u00f5imalik reguleerida kabuuri nurka, et leida endale k\u00f5ige mugavam ja kiirem t\u00f5mbamisasend.<\/p>\n<p><strong>Kabuur sobib paljudele populaarsetele p\u00fcstolitele, sealhulgas Glock, SIG, CZ ja teistele sarnastele mudelitele, tingimusel et relval on X300A t\u00fc\u00fcpi lamp.<\/strong><\/p>","protected":false},"excerpt":{"rendered":"<p>Wosport GB-81 X300A kabuur on universaalne taktikaline holster, mis on m\u00f5eldud p\u00fcstolitele, millele on paigaldatud X300A t\u00fc\u00fcpi relvalamp. See lahendus v\u00f5imaldab kasutada \u00fchte kabuuri mitme erineva relvaga, pakkudes paindlikkust ja mugavust Airsoft m\u00e4ngijatele. Kabuur kinnitub v\u00f6\u00f6le ning sobib kuni 55 mm laiustele v\u00f6\u00f6dele. T\u00e4nu tugevale kinnituss\u00fcsteemile p\u00fcsib kabuur kindlalt paigal ka aktiivse liikumise ajal. Lisaks [&#8230;]\n","protected":false},"featured_media":7365,"template":"","meta":[],"product_brand":[],"product_cat":[68],"product_tag":[],"class_list":{"0":"post-7368","1":"product","2":"type-product","3":"status-publish","4":"has-post-thumbnail","6":"product_cat-kabuurid","8":"first","9":"instock","10":"taxable","11":"shipping-taxable","12":"purchasable","13":"product-type-simple"},"yoast_head":"<!-- This site is optimized with the Yoast SEO Premium plugin v27.5 (Yoast SEO v27.5) - https:\/\/yoast.com\/product\/yoast-seo-premium-wordpress\/ -->\n<title>Wosport GB-81 X300A kabuur \u2013 universaalne p\u00fcstoli holster<\/title>\n<meta name=\"description\" content=\"Wosport GB-81 X300A kabuur on universaalne p\u00fcstoli holster, mis sobib X300A lambiga relvadele ja tagab kiire ning kindla p\u00fcsimise.\" \/>\n<meta name=\"robots\" content=\"index, follow, max-snippet:-1, max-image-preview:large, max-video-preview:-1\" \/>\n<link rel=\"canonical\" href=\"https:\/\/lahingupood.ee\/en\/product\/wosport-universal-holster-for-pistols-with-x300a-torch-gb-81-black\/\" \/>\n<meta property=\"og:locale\" content=\"en_GB\" \/>\n<meta property=\"og:type\" content=\"article\" \/>\n<meta property=\"og:title\" content=\"Wosport Universal Holster for Pistols with X300A Torch GB-81 Black\" \/>\n<meta property=\"og:description\" content=\"Wosport GB-81 X300A kabuur on universaalne p\u00fcstoli holster, mis sobib X300A lambiga relvadele ja tagab kiire ning kindla p\u00fcsimise.\" \/>\n<meta property=\"og:url\" content=\"https:\/\/lahingupood.ee\/en\/product\/wosport-universal-holster-for-pistols-with-x300a-torch-gb-81-black\/\" \/>\n<meta property=\"og:site_name\" content=\"Lahingurada e-pood\" \/>\n<meta property=\"article:publisher\" content=\"https:\/\/www.facebook.com\/Lahingurada-629940247212967\" \/>\n<meta property=\"article:modified_time\" content=\"2026-05-02T18:15:02+00:00\" \/>\n<meta property=\"og:image\" content=\"https:\/\/lahingupood.ee\/wp-content\/uploads\/2025\/08\/5f4cd8bc7adbf03cd9690d59e14ba65cb2384036_WSP_29_044633_04.webp\" \/>\n\t<meta property=\"og:image:width\" content=\"1000\" \/>\n\t<meta property=\"og:image:height\" content=\"1000\" \/>\n\t<meta property=\"og:image:type\" content=\"image\/webp\" \/>\n<meta name=\"twitter:card\" content=\"summary_large_image\" \/>\n<meta name=\"twitter:label1\" content=\"Estimated reading time\" \/>\n\t<meta name=\"twitter:data1\" content=\"1 minute\" \/>\n<script type=\"application\/ld+json\" class=\"yoast-schema-graph\">{\"@context\":\"https:\\\/\\\/schema.org\",\"@graph\":[{\"@type\":\"WebPage\",\"@id\":\"https:\\\/\\\/lahingupood.ee\\\/toode\\\/wosport-universal-holster-for-pistols-with-x300a-torch-gb-81-black\\\/\",\"url\":\"https:\\\/\\\/lahingupood.ee\\\/toode\\\/wosport-universal-holster-for-pistols-with-x300a-torch-gb-81-black\\\/\",\"name\":\"Wosport GB-81 X300A kabuur \u2013 universaalne p\u00fcstoli holster\",\"isPartOf\":{\"@id\":\"https:\\\/\\\/lahingupood.ee\\\/#website\"},\"primaryImageOfPage\":{\"@id\":\"https:\\\/\\\/lahingupood.ee\\\/toode\\\/wosport-universal-holster-for-pistols-with-x300a-torch-gb-81-black\\\/#primaryimage\"},\"image\":{\"@id\":\"https:\\\/\\\/lahingupood.ee\\\/toode\\\/wosport-universal-holster-for-pistols-with-x300a-torch-gb-81-black\\\/#primaryimage\"},\"thumbnailUrl\":\"https:\\\/\\\/lahingupood.ee\\\/wp-content\\\/uploads\\\/2025\\\/08\\\/5f4cd8bc7adbf03cd9690d59e14ba65cb2384036_WSP_29_044633_04.webp\",\"datePublished\":\"2025-10-14T09:15:53+00:00\",\"dateModified\":\"2026-05-02T18:15:02+00:00\",\"description\":\"Wosport GB-81 X300A kabuur on universaalne p\u00fcstoli holster, mis sobib X300A lambiga relvadele ja tagab kiire ning kindla p\u00fcsimise.\",\"breadcrumb\":{\"@id\":\"https:\\\/\\\/lahingupood.ee\\\/toode\\\/wosport-universal-holster-for-pistols-with-x300a-torch-gb-81-black\\\/#breadcrumb\"},\"inLanguage\":\"en-GB\",\"potentialAction\":[{\"@type\":\"ReadAction\",\"target\":[\"https:\\\/\\\/lahingupood.ee\\\/toode\\\/wosport-universal-holster-for-pistols-with-x300a-torch-gb-81-black\\\/\"]}]},{\"@type\":\"ImageObject\",\"inLanguage\":\"en-GB\",\"@id\":\"https:\\\/\\\/lahingupood.ee\\\/toode\\\/wosport-universal-holster-for-pistols-with-x300a-torch-gb-81-black\\\/#primaryimage\",\"url\":\"https:\\\/\\\/lahingupood.ee\\\/wp-content\\\/uploads\\\/2025\\\/08\\\/5f4cd8bc7adbf03cd9690d59e14ba65cb2384036_WSP_29_044633_04.webp\",\"contentUrl\":\"https:\\\/\\\/lahingupood.ee\\\/wp-content\\\/uploads\\\/2025\\\/08\\\/5f4cd8bc7adbf03cd9690d59e14ba65cb2384036_WSP_29_044633_04.webp\",\"width\":1000,\"height\":1000,\"caption\":\"Wosport GB-81 X300A kabuur universaalne p\u00fcstoli holster must\"},{\"@type\":\"BreadcrumbList\",\"@id\":\"https:\\\/\\\/lahingupood.ee\\\/toode\\\/wosport-universal-holster-for-pistols-with-x300a-torch-gb-81-black\\\/#breadcrumb\",\"itemListElement\":[{\"@type\":\"ListItem\",\"position\":1,\"name\":\"Home\",\"item\":\"https:\\\/\\\/lahingupood.ee\\\/\"},{\"@type\":\"ListItem\",\"position\":2,\"name\":\"Tooted\",\"item\":\"https:\\\/\\\/lahingupood.ee\\\/tooted\\\/\"},{\"@type\":\"ListItem\",\"position\":3,\"name\":\"Wosport Universal Holster for Pistols with X300A Torch GB-81 Black\"}]},{\"@type\":\"WebSite\",\"@id\":\"https:\\\/\\\/lahingupood.ee\\\/#website\",\"url\":\"https:\\\/\\\/lahingupood.ee\\\/\",\"name\":\"Lahingurada e-pood\",\"description\":\"Airsoft\",\"publisher\":{\"@id\":\"https:\\\/\\\/lahingupood.ee\\\/#organization\"},\"potentialAction\":[{\"@type\":\"SearchAction\",\"target\":{\"@type\":\"EntryPoint\",\"urlTemplate\":\"https:\\\/\\\/lahingupood.ee\\\/?s={search_term_string}\"},\"query-input\":{\"@type\":\"PropertyValueSpecification\",\"valueRequired\":true,\"valueName\":\"search_term_string\"}}],\"inLanguage\":\"en-GB\"},{\"@type\":\"Organization\",\"@id\":\"https:\\\/\\\/lahingupood.ee\\\/#organization\",\"name\":\"Lahingurada\",\"url\":\"https:\\\/\\\/lahingupood.ee\\\/\",\"logo\":{\"@type\":\"ImageObject\",\"inLanguage\":\"en-GB\",\"@id\":\"https:\\\/\\\/lahingupood.ee\\\/#\\\/schema\\\/logo\\\/image\\\/\",\"url\":\"https:\\\/\\\/lahingupood.ee\\\/wp-content\\\/uploads\\\/2022\\\/03\\\/lahingurada-220318.jpg\",\"contentUrl\":\"https:\\\/\\\/lahingupood.ee\\\/wp-content\\\/uploads\\\/2022\\\/03\\\/lahingurada-220318.jpg\",\"width\":800,\"height\":500,\"caption\":\"Lahingurada\"},\"image\":{\"@id\":\"https:\\\/\\\/lahingupood.ee\\\/#\\\/schema\\\/logo\\\/image\\\/\"},\"sameAs\":[\"https:\\\/\\\/www.facebook.com\\\/Lahingurada-629940247212967\"]}]}<\/script>\n<!-- \/ Yoast SEO Premium plugin. -->","yoast_head_json":{"title":"Wosport GB-81 X300A kabuur \u2013 universaalne p\u00fcstoli holster","description":"Wosport GB-81 X300A kabuur on universaalne p\u00fcstoli holster, mis sobib X300A lambiga relvadele ja tagab kiire ning kindla p\u00fcsimise.","robots":{"index":"index","follow":"follow","max-snippet":"max-snippet:-1","max-image-preview":"max-image-preview:large","max-video-preview":"max-video-preview:-1"},"canonical":"https:\/\/lahingupood.ee\/en\/product\/wosport-universal-holster-for-pistols-with-x300a-torch-gb-81-black\/","og_locale":"en_GB","og_type":"article","og_title":"Wosport Universal Holster for Pistols with X300A Torch GB-81 Black","og_description":"Wosport GB-81 X300A kabuur on universaalne p\u00fcstoli holster, mis sobib X300A lambiga relvadele ja tagab kiire ning kindla p\u00fcsimise.","og_url":"https:\/\/lahingupood.ee\/en\/product\/wosport-universal-holster-for-pistols-with-x300a-torch-gb-81-black\/","og_site_name":"Lahingurada e-pood","article_publisher":"https:\/\/www.facebook.com\/Lahingurada-629940247212967","article_modified_time":"2026-05-02T18:15:02+00:00","og_image":[{"width":1000,"height":1000,"url":"https:\/\/lahingupood.ee\/wp-content\/uploads\/2025\/08\/5f4cd8bc7adbf03cd9690d59e14ba65cb2384036_WSP_29_044633_04.webp","type":"image\/webp"}],"twitter_card":"summary_large_image","twitter_misc":{"Estimated reading time":"1 minute"},"schema":{"@context":"https:\/\/schema.org","@graph":[{"@type":"WebPage","@id":"https:\/\/lahingupood.ee\/toode\/wosport-universal-holster-for-pistols-with-x300a-torch-gb-81-black\/","url":"https:\/\/lahingupood.ee\/toode\/wosport-universal-holster-for-pistols-with-x300a-torch-gb-81-black\/","name":"Wosport GB-81 X300A kabuur \u2013 universaalne p\u00fcstoli holster","isPartOf":{"@id":"https:\/\/lahingupood.ee\/#website"},"primaryImageOfPage":{"@id":"https:\/\/lahingupood.ee\/toode\/wosport-universal-holster-for-pistols-with-x300a-torch-gb-81-black\/#primaryimage"},"image":{"@id":"https:\/\/lahingupood.ee\/toode\/wosport-universal-holster-for-pistols-with-x300a-torch-gb-81-black\/#primaryimage"},"thumbnailUrl":"https:\/\/lahingupood.ee\/wp-content\/uploads\/2025\/08\/5f4cd8bc7adbf03cd9690d59e14ba65cb2384036_WSP_29_044633_04.webp","datePublished":"2025-10-14T09:15:53+00:00","dateModified":"2026-05-02T18:15:02+00:00","description":"Wosport GB-81 X300A kabuur on universaalne p\u00fcstoli holster, mis sobib X300A lambiga relvadele ja tagab kiire ning kindla p\u00fcsimise.","breadcrumb":{"@id":"https:\/\/lahingupood.ee\/toode\/wosport-universal-holster-for-pistols-with-x300a-torch-gb-81-black\/#breadcrumb"},"inLanguage":"en-GB","potentialAction":[{"@type":"ReadAction","target":["https:\/\/lahingupood.ee\/toode\/wosport-universal-holster-for-pistols-with-x300a-torch-gb-81-black\/"]}]},{"@type":"ImageObject","inLanguage":"en-GB","@id":"https:\/\/lahingupood.ee\/toode\/wosport-universal-holster-for-pistols-with-x300a-torch-gb-81-black\/#primaryimage","url":"https:\/\/lahingupood.ee\/wp-content\/uploads\/2025\/08\/5f4cd8bc7adbf03cd9690d59e14ba65cb2384036_WSP_29_044633_04.webp","contentUrl":"https:\/\/lahingupood.ee\/wp-content\/uploads\/2025\/08\/5f4cd8bc7adbf03cd9690d59e14ba65cb2384036_WSP_29_044633_04.webp","width":1000,"height":1000,"caption":"Wosport GB-81 X300A kabuur universaalne p\u00fcstoli holster must"},{"@type":"BreadcrumbList","@id":"https:\/\/lahingupood.ee\/toode\/wosport-universal-holster-for-pistols-with-x300a-torch-gb-81-black\/#breadcrumb","itemListElement":[{"@type":"ListItem","position":1,"name":"Home","item":"https:\/\/lahingupood.ee\/"},{"@type":"ListItem","position":2,"name":"Tooted","item":"https:\/\/lahingupood.ee\/tooted\/"},{"@type":"ListItem","position":3,"name":"Wosport Universal Holster for Pistols with X300A Torch GB-81 Black"}]},{"@type":"WebSite","@id":"https:\/\/lahingupood.ee\/#website","url":"https:\/\/lahingupood.ee\/","name":"Lahingurada e-pood","description":"Airsoft","publisher":{"@id":"https:\/\/lahingupood.ee\/#organization"},"potentialAction":[{"@type":"SearchAction","target":{"@type":"EntryPoint","urlTemplate":"https:\/\/lahingupood.ee\/?s={search_term_string}"},"query-input":{"@type":"PropertyValueSpecification","valueRequired":true,"valueName":"search_term_string"}}],"inLanguage":"en-GB"},{"@type":"Organization","@id":"https:\/\/lahingupood.ee\/#organization","name":"Lahingurada","url":"https:\/\/lahingupood.ee\/","logo":{"@type":"ImageObject","inLanguage":"en-GB","@id":"https:\/\/lahingupood.ee\/#\/schema\/logo\/image\/","url":"https:\/\/lahingupood.ee\/wp-content\/uploads\/2022\/03\/lahingurada-220318.jpg","contentUrl":"https:\/\/lahingupood.ee\/wp-content\/uploads\/2022\/03\/lahingurada-220318.jpg","width":800,"height":500,"caption":"Lahingurada"},"image":{"@id":"https:\/\/lahingupood.ee\/#\/schema\/logo\/image\/"},"sameAs":["https:\/\/www.facebook.com\/Lahingurada-629940247212967"]}]}},"_links":{"self":[{"href":"https:\/\/lahingupood.ee\/en\/wp-json\/wp\/v2\/product\/7368","targetHints":{"allow":["GET"]}}],"collection":[{"href":"https:\/\/lahingupood.ee\/en\/wp-json\/wp\/v2\/product"}],"about":[{"href":"https:\/\/lahingupood.ee\/en\/wp-json\/wp\/v2\/types\/product"}],"wp:featuredmedia":[{"embeddable":true,"href":"https:\/\/lahingupood.ee\/en\/wp-json\/wp\/v2\/media\/7365"}],"wp:attachment":[{"href":"https:\/\/lahingupood.ee\/en\/wp-json\/wp\/v2\/media?parent=7368"}],"wp:term":[{"taxonomy":"product_brand","embeddable":true,"href":"https:\/\/lahingupood.ee\/en\/wp-json\/wp\/v2\/product_brand?post=7368"},{"taxonomy":"product_cat","embeddable":true,"href":"https:\/\/lahingupood.ee\/en\/wp-json\/wp\/v2\/product_cat?post=7368"},{"taxonomy":"product_tag","embeddable":true,"href":"https:\/\/lahingupood.ee\/en\/wp-json\/wp\/v2\/product_tag?post=7368"}],"curies":[{"name":"wp","href":"https:\/\/api.w.org\/{rel}","templated":true}]}}