{"id":7238,"date":"2025-07-31T14:54:55","date_gmt":"2025-07-31T11:54:55","guid":{"rendered":"https:\/\/lahingupood.ee\/?post_type=product&#038;p=7238"},"modified":"2026-04-23T19:10:21","modified_gmt":"2026-04-23T16:10:21","slug":"vanakooli-tokyo-marui-fa-mas-f1-kasutatud-kopeeri","status":"publish","type":"product","link":"https:\/\/lahingupood.ee\/en\/product\/vanakooli-tokyo-marui-fa-mas-f1-kasutatud-kopeeri\/","title":{"rendered":"Vanakooli Tokyo Marui FA-MAS F1 (Kasutatud) (kopeeri)"},"content":{"rendered":"<p>FA-MAS F1 (Vanakooli Tokyo Marui)<\/p>\n<p>T\u00f5eline legend airsofti maailmas. Vaatamata selle erilisele kujule ja konstruktsioonile oli just FA-MAS F1 esimene tulirelva replika, mis hakkas laskma 6mm kuule. Esimestel protot\u00fc\u00fcpidel polnud toimivat ja reguleeritavat HopUp s\u00fcsteemi kuni Tokyo Marui lasi v\u00e4lja antud mudeli. Tegemist on mudeliga, mis aitas populariseerida 6mm BB-de kasutamist ning t\u00f5i turule toimiva Hop-Up s\u00fcsteemi. Osadel oksionitel ulatub selliste vanade replikate hind kuni 900$. Seega antud replika ootab t\u00f5elist gurmaani. Replika on t\u00e4iesti t\u00f6\u00f6korras ja kontrollitud.<\/p>\n<p>Tootega on kaasas kaks mid-cap salve. Aku ja laadija kaasa ei tule.<\/p>","protected":false},"excerpt":{"rendered":"<p>FA-MAS F1 (Vanakooli Tokyo Marui) T\u00f5eline legend airsofti maailmas. Vaatamata selle erilisele kujule ja konstruktsioonile oli just FA-MAS F1 esimene tulirelva replika, mis hakkas laskma 6mm kuule. Esimestel protot\u00fc\u00fcpidel polnud toimivat ja reguleeritavat HopUp s\u00fcsteemi kuni Tokyo Marui lasi v\u00e4lja antud mudeli. Tegemist on mudeliga, mis aitas populariseerida 6mm BB-de kasutamist ning t\u00f5i turule toimiva [&#8230;]\n","protected":false},"featured_media":5596,"template":"","meta":[],"product_brand":[],"product_cat":[102,77],"product_tag":[],"class_list":{"0":"post-7238","1":"product","2":"type-product","3":"status-publish","4":"has-post-thumbnail","6":"product_cat-komisjonimuuk","7":"product_cat-sooduspakkumised","9":"first","10":"instock","11":"sale","12":"taxable","13":"shipping-taxable","14":"purchasable","15":"product-type-simple"},"yoast_head":"<!-- This site is optimized with the Yoast SEO Premium plugin v27.5 (Yoast SEO v27.5) - https:\/\/yoast.com\/product\/yoast-seo-premium-wordpress\/ -->\n<title>Vanakooli Tokyo Marui FA-MAS F1 (Kasutatud) (kopeeri) - Lahingurada e-pood<\/title>\n<meta name=\"description\" content=\"T\u00f5eline legend airsofti maailmas. Vaatamata selle erilisele kujule ja konstruktsioonile oli just FA-MAS F1 esimene tulirelva replika, mis hakkas laskma 6mm.\" \/>\n<meta name=\"robots\" content=\"index, follow, max-snippet:-1, max-image-preview:large, max-video-preview:-1\" \/>\n<link rel=\"canonical\" href=\"https:\/\/lahingupood.ee\/en\/product\/vanakooli-tokyo-marui-fa-mas-f1-kasutatud-kopeeri\/\" \/>\n<meta property=\"og:locale\" content=\"en_GB\" \/>\n<meta property=\"og:type\" content=\"article\" \/>\n<meta property=\"og:title\" content=\"Vanakooli Tokyo Marui FA-MAS F1 (Kasutatud) (kopeeri)\" \/>\n<meta property=\"og:description\" content=\"T\u00f5eline legend airsofti maailmas. Vaatamata selle erilisele kujule ja konstruktsioonile oli just FA-MAS F1 esimene tulirelva replika, mis hakkas laskma 6mm.\" \/>\n<meta property=\"og:url\" content=\"https:\/\/lahingupood.ee\/en\/product\/vanakooli-tokyo-marui-fa-mas-f1-kasutatud-kopeeri\/\" \/>\n<meta property=\"og:site_name\" content=\"Lahingurada e-pood\" \/>\n<meta property=\"article:publisher\" content=\"https:\/\/www.facebook.com\/Lahingurada-629940247212967\" \/>\n<meta property=\"article:modified_time\" content=\"2026-04-23T16:10:21+00:00\" \/>\n<meta property=\"og:image\" content=\"https:\/\/lahingupood.ee\/wp-content\/uploads\/2022\/03\/lahingurada-220318.jpg\" \/>\n\t<meta property=\"og:image:width\" content=\"800\" \/>\n\t<meta property=\"og:image:height\" content=\"500\" \/>\n\t<meta property=\"og:image:type\" content=\"image\/jpeg\" \/>\n<meta name=\"twitter:card\" content=\"summary_large_image\" \/>\n<meta name=\"twitter:label1\" content=\"Estimated reading time\" \/>\n\t<meta name=\"twitter:data1\" content=\"1 minute\" \/>\n<script type=\"application\/ld+json\" class=\"yoast-schema-graph\">{\"@context\":\"https:\\\/\\\/schema.org\",\"@graph\":[{\"@type\":\"WebPage\",\"@id\":\"https:\\\/\\\/lahingupood.ee\\\/toode\\\/vanakooli-tokyo-marui-fa-mas-f1-kasutatud-kopeeri\\\/\",\"url\":\"https:\\\/\\\/lahingupood.ee\\\/toode\\\/vanakooli-tokyo-marui-fa-mas-f1-kasutatud-kopeeri\\\/\",\"name\":\"Vanakooli Tokyo Marui FA-MAS F1 (Kasutatud) (kopeeri) - Lahingurada e-pood\",\"isPartOf\":{\"@id\":\"https:\\\/\\\/lahingupood.ee\\\/#website\"},\"primaryImageOfPage\":{\"@id\":\"https:\\\/\\\/lahingupood.ee\\\/toode\\\/vanakooli-tokyo-marui-fa-mas-f1-kasutatud-kopeeri\\\/#primaryimage\"},\"image\":{\"@id\":\"https:\\\/\\\/lahingupood.ee\\\/toode\\\/vanakooli-tokyo-marui-fa-mas-f1-kasutatud-kopeeri\\\/#primaryimage\"},\"thumbnailUrl\":\"https:\\\/\\\/lahingupood.ee\\\/wp-content\\\/uploads\\\/2025\\\/02\\\/20250228_131511.jpg\",\"datePublished\":\"2025-07-31T11:54:55+00:00\",\"dateModified\":\"2026-04-23T16:10:21+00:00\",\"description\":\"T\u00f5eline legend airsofti maailmas. Vaatamata selle erilisele kujule ja konstruktsioonile oli just FA-MAS F1 esimene tulirelva replika, mis hakkas laskma 6mm.\",\"breadcrumb\":{\"@id\":\"https:\\\/\\\/lahingupood.ee\\\/toode\\\/vanakooli-tokyo-marui-fa-mas-f1-kasutatud-kopeeri\\\/#breadcrumb\"},\"inLanguage\":\"en-GB\",\"potentialAction\":[{\"@type\":\"ReadAction\",\"target\":[\"https:\\\/\\\/lahingupood.ee\\\/toode\\\/vanakooli-tokyo-marui-fa-mas-f1-kasutatud-kopeeri\\\/\"]}]},{\"@type\":\"ImageObject\",\"inLanguage\":\"en-GB\",\"@id\":\"https:\\\/\\\/lahingupood.ee\\\/toode\\\/vanakooli-tokyo-marui-fa-mas-f1-kasutatud-kopeeri\\\/#primaryimage\",\"url\":\"https:\\\/\\\/lahingupood.ee\\\/wp-content\\\/uploads\\\/2025\\\/02\\\/20250228_131511.jpg\",\"contentUrl\":\"https:\\\/\\\/lahingupood.ee\\\/wp-content\\\/uploads\\\/2025\\\/02\\\/20250228_131511.jpg\",\"width\":4624,\"height\":3468,\"caption\":\"Tokyo Marui FA-MAS F1 kasutatud \u2013 legendaarne airsoft replika kollektsion\u00e4\u00e4ridele ja entusiastidele.\"},{\"@type\":\"BreadcrumbList\",\"@id\":\"https:\\\/\\\/lahingupood.ee\\\/toode\\\/vanakooli-tokyo-marui-fa-mas-f1-kasutatud-kopeeri\\\/#breadcrumb\",\"itemListElement\":[{\"@type\":\"ListItem\",\"position\":1,\"name\":\"Home\",\"item\":\"https:\\\/\\\/lahingupood.ee\\\/\"},{\"@type\":\"ListItem\",\"position\":2,\"name\":\"Tooted\",\"item\":\"https:\\\/\\\/lahingupood.ee\\\/tooted\\\/\"},{\"@type\":\"ListItem\",\"position\":3,\"name\":\"Vanakooli Tokyo Marui FA-MAS F1 (Kasutatud) (kopeeri)\"}]},{\"@type\":\"WebSite\",\"@id\":\"https:\\\/\\\/lahingupood.ee\\\/#website\",\"url\":\"https:\\\/\\\/lahingupood.ee\\\/\",\"name\":\"Lahingurada e-pood\",\"description\":\"Airsoft\",\"publisher\":{\"@id\":\"https:\\\/\\\/lahingupood.ee\\\/#organization\"},\"potentialAction\":[{\"@type\":\"SearchAction\",\"target\":{\"@type\":\"EntryPoint\",\"urlTemplate\":\"https:\\\/\\\/lahingupood.ee\\\/?s={search_term_string}\"},\"query-input\":{\"@type\":\"PropertyValueSpecification\",\"valueRequired\":true,\"valueName\":\"search_term_string\"}}],\"inLanguage\":\"en-GB\"},{\"@type\":\"Organization\",\"@id\":\"https:\\\/\\\/lahingupood.ee\\\/#organization\",\"name\":\"Lahingurada\",\"url\":\"https:\\\/\\\/lahingupood.ee\\\/\",\"logo\":{\"@type\":\"ImageObject\",\"inLanguage\":\"en-GB\",\"@id\":\"https:\\\/\\\/lahingupood.ee\\\/#\\\/schema\\\/logo\\\/image\\\/\",\"url\":\"https:\\\/\\\/lahingupood.ee\\\/wp-content\\\/uploads\\\/2022\\\/03\\\/lahingurada-220318.jpg\",\"contentUrl\":\"https:\\\/\\\/lahingupood.ee\\\/wp-content\\\/uploads\\\/2022\\\/03\\\/lahingurada-220318.jpg\",\"width\":800,\"height\":500,\"caption\":\"Lahingurada\"},\"image\":{\"@id\":\"https:\\\/\\\/lahingupood.ee\\\/#\\\/schema\\\/logo\\\/image\\\/\"},\"sameAs\":[\"https:\\\/\\\/www.facebook.com\\\/Lahingurada-629940247212967\"]}]}<\/script>\n<!-- \/ Yoast SEO Premium plugin. -->","yoast_head_json":{"title":"Vanakooli Tokyo Marui FA-MAS F1 (Kasutatud) (kopeeri) - Lahingurada e-pood","description":"T\u00f5eline legend airsofti maailmas. Vaatamata selle erilisele kujule ja konstruktsioonile oli just FA-MAS F1 esimene tulirelva replika, mis hakkas laskma 6mm.","robots":{"index":"index","follow":"follow","max-snippet":"max-snippet:-1","max-image-preview":"max-image-preview:large","max-video-preview":"max-video-preview:-1"},"canonical":"https:\/\/lahingupood.ee\/en\/product\/vanakooli-tokyo-marui-fa-mas-f1-kasutatud-kopeeri\/","og_locale":"en_GB","og_type":"article","og_title":"Vanakooli Tokyo Marui FA-MAS F1 (Kasutatud) (kopeeri)","og_description":"T\u00f5eline legend airsofti maailmas. Vaatamata selle erilisele kujule ja konstruktsioonile oli just FA-MAS F1 esimene tulirelva replika, mis hakkas laskma 6mm.","og_url":"https:\/\/lahingupood.ee\/en\/product\/vanakooli-tokyo-marui-fa-mas-f1-kasutatud-kopeeri\/","og_site_name":"Lahingurada e-pood","article_publisher":"https:\/\/www.facebook.com\/Lahingurada-629940247212967","article_modified_time":"2026-04-23T16:10:21+00:00","og_image":[{"width":800,"height":500,"url":"https:\/\/lahingupood.ee\/wp-content\/uploads\/2022\/03\/lahingurada-220318.jpg","type":"image\/jpeg"}],"twitter_card":"summary_large_image","twitter_misc":{"Estimated reading time":"1 minute"},"schema":{"@context":"https:\/\/schema.org","@graph":[{"@type":"WebPage","@id":"https:\/\/lahingupood.ee\/toode\/vanakooli-tokyo-marui-fa-mas-f1-kasutatud-kopeeri\/","url":"https:\/\/lahingupood.ee\/toode\/vanakooli-tokyo-marui-fa-mas-f1-kasutatud-kopeeri\/","name":"Vanakooli Tokyo Marui FA-MAS F1 (Kasutatud) (kopeeri) - Lahingurada e-pood","isPartOf":{"@id":"https:\/\/lahingupood.ee\/#website"},"primaryImageOfPage":{"@id":"https:\/\/lahingupood.ee\/toode\/vanakooli-tokyo-marui-fa-mas-f1-kasutatud-kopeeri\/#primaryimage"},"image":{"@id":"https:\/\/lahingupood.ee\/toode\/vanakooli-tokyo-marui-fa-mas-f1-kasutatud-kopeeri\/#primaryimage"},"thumbnailUrl":"https:\/\/lahingupood.ee\/wp-content\/uploads\/2025\/02\/20250228_131511.jpg","datePublished":"2025-07-31T11:54:55+00:00","dateModified":"2026-04-23T16:10:21+00:00","description":"T\u00f5eline legend airsofti maailmas. Vaatamata selle erilisele kujule ja konstruktsioonile oli just FA-MAS F1 esimene tulirelva replika, mis hakkas laskma 6mm.","breadcrumb":{"@id":"https:\/\/lahingupood.ee\/toode\/vanakooli-tokyo-marui-fa-mas-f1-kasutatud-kopeeri\/#breadcrumb"},"inLanguage":"en-GB","potentialAction":[{"@type":"ReadAction","target":["https:\/\/lahingupood.ee\/toode\/vanakooli-tokyo-marui-fa-mas-f1-kasutatud-kopeeri\/"]}]},{"@type":"ImageObject","inLanguage":"en-GB","@id":"https:\/\/lahingupood.ee\/toode\/vanakooli-tokyo-marui-fa-mas-f1-kasutatud-kopeeri\/#primaryimage","url":"https:\/\/lahingupood.ee\/wp-content\/uploads\/2025\/02\/20250228_131511.jpg","contentUrl":"https:\/\/lahingupood.ee\/wp-content\/uploads\/2025\/02\/20250228_131511.jpg","width":4624,"height":3468,"caption":"Tokyo Marui FA-MAS F1 kasutatud \u2013 legendaarne airsoft replika kollektsion\u00e4\u00e4ridele ja entusiastidele."},{"@type":"BreadcrumbList","@id":"https:\/\/lahingupood.ee\/toode\/vanakooli-tokyo-marui-fa-mas-f1-kasutatud-kopeeri\/#breadcrumb","itemListElement":[{"@type":"ListItem","position":1,"name":"Home","item":"https:\/\/lahingupood.ee\/"},{"@type":"ListItem","position":2,"name":"Tooted","item":"https:\/\/lahingupood.ee\/tooted\/"},{"@type":"ListItem","position":3,"name":"Vanakooli Tokyo Marui FA-MAS F1 (Kasutatud) (kopeeri)"}]},{"@type":"WebSite","@id":"https:\/\/lahingupood.ee\/#website","url":"https:\/\/lahingupood.ee\/","name":"Lahingurada e-pood","description":"Airsoft","publisher":{"@id":"https:\/\/lahingupood.ee\/#organization"},"potentialAction":[{"@type":"SearchAction","target":{"@type":"EntryPoint","urlTemplate":"https:\/\/lahingupood.ee\/?s={search_term_string}"},"query-input":{"@type":"PropertyValueSpecification","valueRequired":true,"valueName":"search_term_string"}}],"inLanguage":"en-GB"},{"@type":"Organization","@id":"https:\/\/lahingupood.ee\/#organization","name":"Lahingurada","url":"https:\/\/lahingupood.ee\/","logo":{"@type":"ImageObject","inLanguage":"en-GB","@id":"https:\/\/lahingupood.ee\/#\/schema\/logo\/image\/","url":"https:\/\/lahingupood.ee\/wp-content\/uploads\/2022\/03\/lahingurada-220318.jpg","contentUrl":"https:\/\/lahingupood.ee\/wp-content\/uploads\/2022\/03\/lahingurada-220318.jpg","width":800,"height":500,"caption":"Lahingurada"},"image":{"@id":"https:\/\/lahingupood.ee\/#\/schema\/logo\/image\/"},"sameAs":["https:\/\/www.facebook.com\/Lahingurada-629940247212967"]}]}},"_links":{"self":[{"href":"https:\/\/lahingupood.ee\/en\/wp-json\/wp\/v2\/product\/7238","targetHints":{"allow":["GET"]}}],"collection":[{"href":"https:\/\/lahingupood.ee\/en\/wp-json\/wp\/v2\/product"}],"about":[{"href":"https:\/\/lahingupood.ee\/en\/wp-json\/wp\/v2\/types\/product"}],"wp:featuredmedia":[{"embeddable":true,"href":"https:\/\/lahingupood.ee\/en\/wp-json\/wp\/v2\/media\/5596"}],"wp:attachment":[{"href":"https:\/\/lahingupood.ee\/en\/wp-json\/wp\/v2\/media?parent=7238"}],"wp:term":[{"taxonomy":"product_brand","embeddable":true,"href":"https:\/\/lahingupood.ee\/en\/wp-json\/wp\/v2\/product_brand?post=7238"},{"taxonomy":"product_cat","embeddable":true,"href":"https:\/\/lahingupood.ee\/en\/wp-json\/wp\/v2\/product_cat?post=7238"},{"taxonomy":"product_tag","embeddable":true,"href":"https:\/\/lahingupood.ee\/en\/wp-json\/wp\/v2\/product_tag?post=7238"}],"curies":[{"name":"wp","href":"https:\/\/api.w.org\/{rel}","templated":true}]}}