{"id":7174,"date":"2025-07-10T14:03:50","date_gmt":"2025-07-10T11:03:50","guid":{"rendered":"https:\/\/lahingupood.ee\/?post_type=product&#038;p=7174"},"modified":"2026-05-02T20:00:04","modified_gmt":"2026-05-02T17:00:04","slug":"leg-holster-olive-drab","status":"publish","type":"product","link":"https:\/\/lahingupood.ee\/en\/product\/leg-holster-olive-drab\/","title":{"rendered":"LEG HOLSTER OLIVE DRAB"},"content":{"rendered":"<p>Leg holster olive drab on praktiline reiekabuur, mis v\u00f5imaldab k\u00e4sirelva mugavat ja kiiret kasutamist. See kinnitub reiele ja v\u00f6\u00f6le, tagades stabiilse ja kindla istuvuse. Kabuuril on reguleeritavad rihmad, mis v\u00f5imaldavad seda kohandada erinevatele kasutajatele.<\/p>","protected":false},"excerpt":{"rendered":"<p>Leg holster olive drab on praktiline reiekabuur, mis v\u00f5imaldab k\u00e4sirelva mugavat ja kiiret kasutamist. See kinnitub reiele ja v\u00f6\u00f6le, tagades stabiilse ja kindla istuvuse. Kabuuril on reguleeritavad rihmad, mis v\u00f5imaldavad seda kohandada erinevatele kasutajatele.<\/p>","protected":false},"featured_media":7100,"template":"","meta":[],"product_brand":[],"product_cat":[68],"product_tag":[],"class_list":{"0":"post-7174","1":"product","2":"type-product","3":"status-publish","4":"has-post-thumbnail","6":"product_cat-kabuurid","8":"first","9":"instock","10":"taxable","11":"shipping-taxable","12":"purchasable","13":"product-type-simple"},"yoast_head":"<!-- This site is optimized with the Yoast SEO Premium plugin v27.5 (Yoast SEO v27.5) - https:\/\/yoast.com\/product\/yoast-seo-premium-wordpress\/ -->\n<title>Leg holster olive drab \u2013 reiekabuur taktikaliseks kasutamiseks<\/title>\n<meta name=\"description\" content=\"Leg holster olive drab on vastupidav reiekabuur airsoftiks ja taktikalisele varustusele. Mugav, reguleeritav ja kiire ligip\u00e4\u00e4suga.\" \/>\n<meta name=\"robots\" content=\"index, follow, max-snippet:-1, max-image-preview:large, max-video-preview:-1\" \/>\n<link rel=\"canonical\" href=\"https:\/\/lahingupood.ee\/en\/product\/leg-holster-olive-drab\/\" \/>\n<meta property=\"og:locale\" content=\"en_GB\" \/>\n<meta property=\"og:type\" content=\"article\" \/>\n<meta property=\"og:title\" content=\"LEG HOLSTER OLIVE DRAB\" \/>\n<meta property=\"og:description\" content=\"Leg holster olive drab on vastupidav reiekabuur airsoftiks ja taktikalisele varustusele. Mugav, reguleeritav ja kiire ligip\u00e4\u00e4suga.\" \/>\n<meta property=\"og:url\" content=\"https:\/\/lahingupood.ee\/en\/product\/leg-holster-olive-drab\/\" \/>\n<meta property=\"og:site_name\" content=\"Lahingurada e-pood\" \/>\n<meta property=\"article:publisher\" content=\"https:\/\/www.facebook.com\/Lahingurada-629940247212967\" \/>\n<meta property=\"article:modified_time\" content=\"2026-05-02T17:00:04+00:00\" \/>\n<meta property=\"og:image\" content=\"https:\/\/lahingupood.ee\/wp-content\/uploads\/2025\/07\/royal-leg-holster-olive-drab-06559-verde.jpg\" \/>\n\t<meta property=\"og:image:width\" content=\"600\" \/>\n\t<meta property=\"og:image:height\" content=\"600\" \/>\n\t<meta property=\"og:image:type\" content=\"image\/jpeg\" \/>\n<meta name=\"twitter:card\" content=\"summary_large_image\" \/>\n<meta name=\"twitter:label1\" content=\"Estimated reading time\" \/>\n\t<meta name=\"twitter:data1\" content=\"1 minute\" \/>\n<script type=\"application\/ld+json\" class=\"yoast-schema-graph\">{\"@context\":\"https:\\\/\\\/schema.org\",\"@graph\":[{\"@type\":\"WebPage\",\"@id\":\"https:\\\/\\\/lahingupood.ee\\\/toode\\\/leg-holster-olive-drab\\\/\",\"url\":\"https:\\\/\\\/lahingupood.ee\\\/toode\\\/leg-holster-olive-drab\\\/\",\"name\":\"Leg holster olive drab \u2013 reiekabuur taktikaliseks kasutamiseks\",\"isPartOf\":{\"@id\":\"https:\\\/\\\/lahingupood.ee\\\/#website\"},\"primaryImageOfPage\":{\"@id\":\"https:\\\/\\\/lahingupood.ee\\\/toode\\\/leg-holster-olive-drab\\\/#primaryimage\"},\"image\":{\"@id\":\"https:\\\/\\\/lahingupood.ee\\\/toode\\\/leg-holster-olive-drab\\\/#primaryimage\"},\"thumbnailUrl\":\"https:\\\/\\\/lahingupood.ee\\\/wp-content\\\/uploads\\\/2025\\\/07\\\/royal-leg-holster-olive-drab-06559-verde.jpg\",\"datePublished\":\"2025-07-10T11:03:50+00:00\",\"dateModified\":\"2026-05-02T17:00:04+00:00\",\"description\":\"Leg holster olive drab on vastupidav reiekabuur airsoftiks ja taktikalisele varustusele. Mugav, reguleeritav ja kiire ligip\u00e4\u00e4suga.\",\"breadcrumb\":{\"@id\":\"https:\\\/\\\/lahingupood.ee\\\/toode\\\/leg-holster-olive-drab\\\/#breadcrumb\"},\"inLanguage\":\"en-GB\",\"potentialAction\":[{\"@type\":\"ReadAction\",\"target\":[\"https:\\\/\\\/lahingupood.ee\\\/toode\\\/leg-holster-olive-drab\\\/\"]}]},{\"@type\":\"ImageObject\",\"inLanguage\":\"en-GB\",\"@id\":\"https:\\\/\\\/lahingupood.ee\\\/toode\\\/leg-holster-olive-drab\\\/#primaryimage\",\"url\":\"https:\\\/\\\/lahingupood.ee\\\/wp-content\\\/uploads\\\/2025\\\/07\\\/royal-leg-holster-olive-drab-06559-verde.jpg\",\"contentUrl\":\"https:\\\/\\\/lahingupood.ee\\\/wp-content\\\/uploads\\\/2025\\\/07\\\/royal-leg-holster-olive-drab-06559-verde.jpg\",\"width\":600,\"height\":600},{\"@type\":\"BreadcrumbList\",\"@id\":\"https:\\\/\\\/lahingupood.ee\\\/toode\\\/leg-holster-olive-drab\\\/#breadcrumb\",\"itemListElement\":[{\"@type\":\"ListItem\",\"position\":1,\"name\":\"Home\",\"item\":\"https:\\\/\\\/lahingupood.ee\\\/\"},{\"@type\":\"ListItem\",\"position\":2,\"name\":\"Tooted\",\"item\":\"https:\\\/\\\/lahingupood.ee\\\/tooted\\\/\"},{\"@type\":\"ListItem\",\"position\":3,\"name\":\"LEG HOLSTER OLIVE DRAB\"}]},{\"@type\":\"WebSite\",\"@id\":\"https:\\\/\\\/lahingupood.ee\\\/#website\",\"url\":\"https:\\\/\\\/lahingupood.ee\\\/\",\"name\":\"Lahingurada e-pood\",\"description\":\"Airsoft\",\"publisher\":{\"@id\":\"https:\\\/\\\/lahingupood.ee\\\/#organization\"},\"potentialAction\":[{\"@type\":\"SearchAction\",\"target\":{\"@type\":\"EntryPoint\",\"urlTemplate\":\"https:\\\/\\\/lahingupood.ee\\\/?s={search_term_string}\"},\"query-input\":{\"@type\":\"PropertyValueSpecification\",\"valueRequired\":true,\"valueName\":\"search_term_string\"}}],\"inLanguage\":\"en-GB\"},{\"@type\":\"Organization\",\"@id\":\"https:\\\/\\\/lahingupood.ee\\\/#organization\",\"name\":\"Lahingurada\",\"url\":\"https:\\\/\\\/lahingupood.ee\\\/\",\"logo\":{\"@type\":\"ImageObject\",\"inLanguage\":\"en-GB\",\"@id\":\"https:\\\/\\\/lahingupood.ee\\\/#\\\/schema\\\/logo\\\/image\\\/\",\"url\":\"https:\\\/\\\/lahingupood.ee\\\/wp-content\\\/uploads\\\/2022\\\/03\\\/lahingurada-220318.jpg\",\"contentUrl\":\"https:\\\/\\\/lahingupood.ee\\\/wp-content\\\/uploads\\\/2022\\\/03\\\/lahingurada-220318.jpg\",\"width\":800,\"height\":500,\"caption\":\"Lahingurada\"},\"image\":{\"@id\":\"https:\\\/\\\/lahingupood.ee\\\/#\\\/schema\\\/logo\\\/image\\\/\"},\"sameAs\":[\"https:\\\/\\\/www.facebook.com\\\/Lahingurada-629940247212967\"]}]}<\/script>\n<!-- \/ Yoast SEO Premium plugin. -->","yoast_head_json":{"title":"Leg holster olive drab \u2013 reiekabuur taktikaliseks kasutamiseks","description":"Leg holster olive drab on vastupidav reiekabuur airsoftiks ja taktikalisele varustusele. Mugav, reguleeritav ja kiire ligip\u00e4\u00e4suga.","robots":{"index":"index","follow":"follow","max-snippet":"max-snippet:-1","max-image-preview":"max-image-preview:large","max-video-preview":"max-video-preview:-1"},"canonical":"https:\/\/lahingupood.ee\/en\/product\/leg-holster-olive-drab\/","og_locale":"en_GB","og_type":"article","og_title":"LEG HOLSTER OLIVE DRAB","og_description":"Leg holster olive drab on vastupidav reiekabuur airsoftiks ja taktikalisele varustusele. Mugav, reguleeritav ja kiire ligip\u00e4\u00e4suga.","og_url":"https:\/\/lahingupood.ee\/en\/product\/leg-holster-olive-drab\/","og_site_name":"Lahingurada e-pood","article_publisher":"https:\/\/www.facebook.com\/Lahingurada-629940247212967","article_modified_time":"2026-05-02T17:00:04+00:00","og_image":[{"width":600,"height":600,"url":"https:\/\/lahingupood.ee\/wp-content\/uploads\/2025\/07\/royal-leg-holster-olive-drab-06559-verde.jpg","type":"image\/jpeg"}],"twitter_card":"summary_large_image","twitter_misc":{"Estimated reading time":"1 minute"},"schema":{"@context":"https:\/\/schema.org","@graph":[{"@type":"WebPage","@id":"https:\/\/lahingupood.ee\/toode\/leg-holster-olive-drab\/","url":"https:\/\/lahingupood.ee\/toode\/leg-holster-olive-drab\/","name":"Leg holster olive drab \u2013 reiekabuur taktikaliseks kasutamiseks","isPartOf":{"@id":"https:\/\/lahingupood.ee\/#website"},"primaryImageOfPage":{"@id":"https:\/\/lahingupood.ee\/toode\/leg-holster-olive-drab\/#primaryimage"},"image":{"@id":"https:\/\/lahingupood.ee\/toode\/leg-holster-olive-drab\/#primaryimage"},"thumbnailUrl":"https:\/\/lahingupood.ee\/wp-content\/uploads\/2025\/07\/royal-leg-holster-olive-drab-06559-verde.jpg","datePublished":"2025-07-10T11:03:50+00:00","dateModified":"2026-05-02T17:00:04+00:00","description":"Leg holster olive drab on vastupidav reiekabuur airsoftiks ja taktikalisele varustusele. Mugav, reguleeritav ja kiire ligip\u00e4\u00e4suga.","breadcrumb":{"@id":"https:\/\/lahingupood.ee\/toode\/leg-holster-olive-drab\/#breadcrumb"},"inLanguage":"en-GB","potentialAction":[{"@type":"ReadAction","target":["https:\/\/lahingupood.ee\/toode\/leg-holster-olive-drab\/"]}]},{"@type":"ImageObject","inLanguage":"en-GB","@id":"https:\/\/lahingupood.ee\/toode\/leg-holster-olive-drab\/#primaryimage","url":"https:\/\/lahingupood.ee\/wp-content\/uploads\/2025\/07\/royal-leg-holster-olive-drab-06559-verde.jpg","contentUrl":"https:\/\/lahingupood.ee\/wp-content\/uploads\/2025\/07\/royal-leg-holster-olive-drab-06559-verde.jpg","width":600,"height":600},{"@type":"BreadcrumbList","@id":"https:\/\/lahingupood.ee\/toode\/leg-holster-olive-drab\/#breadcrumb","itemListElement":[{"@type":"ListItem","position":1,"name":"Home","item":"https:\/\/lahingupood.ee\/"},{"@type":"ListItem","position":2,"name":"Tooted","item":"https:\/\/lahingupood.ee\/tooted\/"},{"@type":"ListItem","position":3,"name":"LEG HOLSTER OLIVE DRAB"}]},{"@type":"WebSite","@id":"https:\/\/lahingupood.ee\/#website","url":"https:\/\/lahingupood.ee\/","name":"Lahingurada e-pood","description":"Airsoft","publisher":{"@id":"https:\/\/lahingupood.ee\/#organization"},"potentialAction":[{"@type":"SearchAction","target":{"@type":"EntryPoint","urlTemplate":"https:\/\/lahingupood.ee\/?s={search_term_string}"},"query-input":{"@type":"PropertyValueSpecification","valueRequired":true,"valueName":"search_term_string"}}],"inLanguage":"en-GB"},{"@type":"Organization","@id":"https:\/\/lahingupood.ee\/#organization","name":"Lahingurada","url":"https:\/\/lahingupood.ee\/","logo":{"@type":"ImageObject","inLanguage":"en-GB","@id":"https:\/\/lahingupood.ee\/#\/schema\/logo\/image\/","url":"https:\/\/lahingupood.ee\/wp-content\/uploads\/2022\/03\/lahingurada-220318.jpg","contentUrl":"https:\/\/lahingupood.ee\/wp-content\/uploads\/2022\/03\/lahingurada-220318.jpg","width":800,"height":500,"caption":"Lahingurada"},"image":{"@id":"https:\/\/lahingupood.ee\/#\/schema\/logo\/image\/"},"sameAs":["https:\/\/www.facebook.com\/Lahingurada-629940247212967"]}]}},"_links":{"self":[{"href":"https:\/\/lahingupood.ee\/en\/wp-json\/wp\/v2\/product\/7174","targetHints":{"allow":["GET"]}}],"collection":[{"href":"https:\/\/lahingupood.ee\/en\/wp-json\/wp\/v2\/product"}],"about":[{"href":"https:\/\/lahingupood.ee\/en\/wp-json\/wp\/v2\/types\/product"}],"wp:featuredmedia":[{"embeddable":true,"href":"https:\/\/lahingupood.ee\/en\/wp-json\/wp\/v2\/media\/7100"}],"wp:attachment":[{"href":"https:\/\/lahingupood.ee\/en\/wp-json\/wp\/v2\/media?parent=7174"}],"wp:term":[{"taxonomy":"product_brand","embeddable":true,"href":"https:\/\/lahingupood.ee\/en\/wp-json\/wp\/v2\/product_brand?post=7174"},{"taxonomy":"product_cat","embeddable":true,"href":"https:\/\/lahingupood.ee\/en\/wp-json\/wp\/v2\/product_cat?post=7174"},{"taxonomy":"product_tag","embeddable":true,"href":"https:\/\/lahingupood.ee\/en\/wp-json\/wp\/v2\/product_tag?post=7174"}],"curies":[{"name":"wp","href":"https:\/\/api.w.org\/{rel}","templated":true}]}}