{"id":7170,"date":"2025-07-09T15:33:15","date_gmt":"2025-07-09T12:33:15","guid":{"rendered":"https:\/\/lahingupood.ee\/?post_type=product&#038;p=7170"},"modified":"2026-05-16T06:00:07","modified_gmt":"2026-05-16T03:00:07","slug":"evolution-030-high-performance-bb-bio","status":"publish","type":"product","link":"https:\/\/lahingupood.ee\/en\/product\/evolution-030-high-performance-bb-bio\/","title":{"rendered":"Evolution 0,30 High Performance BB BIO"},"content":{"rendered":"<p><strong data-start=\"152\" data-end=\"187\">Evolution 0.30g BIO BBs High Performance <\/strong>on ideaalne valik airsofti harrastajatele, kes hindavad <strong data-start=\"244\" data-end=\"293\">t\u00e4psust, t\u00f6\u00f6kindlust ja keskkonnas\u00f5bralikkust<\/strong>. Nende biolagunev koostis, kvaliteedisertifikaadid ja tipptasemel tehnilised omadused tagavad <strong data-start=\"388\" data-end=\"413\">silmapaistva j\u00f5udluse<\/strong>, ilma loodust koormamata.<\/p>","protected":false},"excerpt":{"rendered":"<p>Evolution 0.30g BIO BBs High Performance on ideaalne valik airsofti harrastajatele, kes hindavad t\u00e4psust, t\u00f6\u00f6kindlust ja keskkonnas\u00f5bralikkust. Nende biolagunev koostis, kvaliteedisertifikaadid ja tipptasemel tehnilised omadused tagavad silmapaistva j\u00f5udluse, ilma loodust koormamata.<\/p>","protected":false},"featured_media":7168,"template":"","meta":[],"product_brand":[],"product_cat":[56,77],"product_tag":[],"class_list":{"0":"post-7170","1":"product","2":"type-product","3":"status-publish","4":"has-post-thumbnail","6":"product_cat-biolagunevad-kuulid","7":"product_cat-sooduspakkumised","9":"first","10":"instock","11":"sale","12":"taxable","13":"shipping-taxable","14":"purchasable","15":"product-type-simple"},"yoast_head":"<!-- This site is optimized with the Yoast SEO Premium plugin v27.6 (Yoast SEO v27.6) - https:\/\/yoast.com\/product\/yoast-seo-premium-wordpress\/ -->\n<title>Evolution 0.30g BIO BBs \u2013 High Performance airsoft kuulid<\/title>\n<meta name=\"description\" content=\"Evolution 0.30g BIO BBs on biolagunevad airsoft kuulid, mis tagavad v\u00e4ga hea t\u00e4psuse ja stabiilse lennu keskmistel ja pikkadel distantsidel.\" \/>\n<meta name=\"robots\" content=\"index, follow, max-snippet:-1, max-image-preview:large, max-video-preview:-1\" \/>\n<link rel=\"canonical\" href=\"https:\/\/lahingupood.ee\/en\/product\/evolution-030-high-performance-bb-bio\/\" \/>\n<meta property=\"og:locale\" content=\"en_GB\" \/>\n<meta property=\"og:type\" content=\"article\" \/>\n<meta property=\"og:title\" content=\"Evolution 0,30 High Performance BB BIO\" \/>\n<meta property=\"og:description\" content=\"Evolution 0.30g BIO BBs on biolagunevad airsoft kuulid, mis tagavad v\u00e4ga hea t\u00e4psuse ja stabiilse lennu keskmistel ja pikkadel distantsidel.\" \/>\n<meta property=\"og:url\" content=\"https:\/\/lahingupood.ee\/en\/product\/evolution-030-high-performance-bb-bio\/\" \/>\n<meta property=\"og:site_name\" content=\"Lahingurada e-pood\" \/>\n<meta property=\"article:publisher\" content=\"https:\/\/www.facebook.com\/Lahingurada-629940247212967\" \/>\n<meta property=\"article:modified_time\" content=\"2026-05-16T03:00:07+00:00\" \/>\n<meta property=\"og:image\" content=\"https:\/\/lahingupood.ee\/wp-content\/uploads\/2025\/07\/Evolution-0-30-High-Performance-BB-BIO-1-box-20-x-1-Kg-Bag-extra-big-74599-717.jpg\" \/>\n\t<meta property=\"og:image:width\" content=\"1080\" \/>\n\t<meta property=\"og:image:height\" content=\"720\" \/>\n\t<meta property=\"og:image:type\" content=\"image\/jpeg\" \/>\n<meta name=\"twitter:card\" content=\"summary_large_image\" \/>\n<meta name=\"twitter:label1\" content=\"Estimated reading time\" \/>\n\t<meta name=\"twitter:data1\" content=\"1 minute\" \/>\n<script type=\"application\/ld+json\" class=\"yoast-schema-graph\">{\"@context\":\"https:\\\/\\\/schema.org\",\"@graph\":[{\"@type\":\"WebPage\",\"@id\":\"https:\\\/\\\/lahingupood.ee\\\/toode\\\/evolution-030-high-performance-bb-bio\\\/\",\"url\":\"https:\\\/\\\/lahingupood.ee\\\/toode\\\/evolution-030-high-performance-bb-bio\\\/\",\"name\":\"Evolution 0.30g BIO BBs \u2013 High Performance airsoft kuulid\",\"isPartOf\":{\"@id\":\"https:\\\/\\\/lahingupood.ee\\\/#website\"},\"primaryImageOfPage\":{\"@id\":\"https:\\\/\\\/lahingupood.ee\\\/toode\\\/evolution-030-high-performance-bb-bio\\\/#primaryimage\"},\"image\":{\"@id\":\"https:\\\/\\\/lahingupood.ee\\\/toode\\\/evolution-030-high-performance-bb-bio\\\/#primaryimage\"},\"thumbnailUrl\":\"https:\\\/\\\/lahingupood.ee\\\/wp-content\\\/uploads\\\/2025\\\/07\\\/Evolution-0-30-High-Performance-BB-BIO-1-box-20-x-1-Kg-Bag-extra-big-74599-717.jpg\",\"datePublished\":\"2025-07-09T12:33:15+00:00\",\"dateModified\":\"2026-05-16T03:00:07+00:00\",\"description\":\"Evolution 0.30g BIO BBs on biolagunevad airsoft kuulid, mis tagavad v\u00e4ga hea t\u00e4psuse ja stabiilse lennu keskmistel ja pikkadel distantsidel.\",\"breadcrumb\":{\"@id\":\"https:\\\/\\\/lahingupood.ee\\\/toode\\\/evolution-030-high-performance-bb-bio\\\/#breadcrumb\"},\"inLanguage\":\"en-GB\",\"potentialAction\":[{\"@type\":\"ReadAction\",\"target\":[\"https:\\\/\\\/lahingupood.ee\\\/toode\\\/evolution-030-high-performance-bb-bio\\\/\"]}]},{\"@type\":\"ImageObject\",\"inLanguage\":\"en-GB\",\"@id\":\"https:\\\/\\\/lahingupood.ee\\\/toode\\\/evolution-030-high-performance-bb-bio\\\/#primaryimage\",\"url\":\"https:\\\/\\\/lahingupood.ee\\\/wp-content\\\/uploads\\\/2025\\\/07\\\/Evolution-0-30-High-Performance-BB-BIO-1-box-20-x-1-Kg-Bag-extra-big-74599-717.jpg\",\"contentUrl\":\"https:\\\/\\\/lahingupood.ee\\\/wp-content\\\/uploads\\\/2025\\\/07\\\/Evolution-0-30-High-Performance-BB-BIO-1-box-20-x-1-Kg-Bag-extra-big-74599-717.jpg\",\"width\":1080,\"height\":720},{\"@type\":\"BreadcrumbList\",\"@id\":\"https:\\\/\\\/lahingupood.ee\\\/toode\\\/evolution-030-high-performance-bb-bio\\\/#breadcrumb\",\"itemListElement\":[{\"@type\":\"ListItem\",\"position\":1,\"name\":\"Home\",\"item\":\"https:\\\/\\\/lahingupood.ee\\\/\"},{\"@type\":\"ListItem\",\"position\":2,\"name\":\"Tooted\",\"item\":\"https:\\\/\\\/lahingupood.ee\\\/tooted\\\/\"},{\"@type\":\"ListItem\",\"position\":3,\"name\":\"Evolution 0,30 High Performance BB BIO\"}]},{\"@type\":\"WebSite\",\"@id\":\"https:\\\/\\\/lahingupood.ee\\\/#website\",\"url\":\"https:\\\/\\\/lahingupood.ee\\\/\",\"name\":\"Lahingurada e-pood\",\"description\":\"Airsoft\",\"publisher\":{\"@id\":\"https:\\\/\\\/lahingupood.ee\\\/#organization\"},\"potentialAction\":[{\"@type\":\"SearchAction\",\"target\":{\"@type\":\"EntryPoint\",\"urlTemplate\":\"https:\\\/\\\/lahingupood.ee\\\/?s={search_term_string}\"},\"query-input\":{\"@type\":\"PropertyValueSpecification\",\"valueRequired\":true,\"valueName\":\"search_term_string\"}}],\"inLanguage\":\"en-GB\"},{\"@type\":\"Organization\",\"@id\":\"https:\\\/\\\/lahingupood.ee\\\/#organization\",\"name\":\"Lahingurada\",\"url\":\"https:\\\/\\\/lahingupood.ee\\\/\",\"logo\":{\"@type\":\"ImageObject\",\"inLanguage\":\"en-GB\",\"@id\":\"https:\\\/\\\/lahingupood.ee\\\/#\\\/schema\\\/logo\\\/image\\\/\",\"url\":\"https:\\\/\\\/lahingupood.ee\\\/wp-content\\\/uploads\\\/2022\\\/03\\\/lahingurada-220318.jpg\",\"contentUrl\":\"https:\\\/\\\/lahingupood.ee\\\/wp-content\\\/uploads\\\/2022\\\/03\\\/lahingurada-220318.jpg\",\"width\":800,\"height\":500,\"caption\":\"Lahingurada\"},\"image\":{\"@id\":\"https:\\\/\\\/lahingupood.ee\\\/#\\\/schema\\\/logo\\\/image\\\/\"},\"sameAs\":[\"https:\\\/\\\/www.facebook.com\\\/Lahingurada-629940247212967\"]}]}<\/script>\n<!-- \/ Yoast SEO Premium plugin. -->","yoast_head_json":{"title":"Evolution 0.30g BIO BBs \u2013 High Performance airsoft kuulid","description":"Evolution 0.30g BIO BBs on biolagunevad airsoft kuulid, mis tagavad v\u00e4ga hea t\u00e4psuse ja stabiilse lennu keskmistel ja pikkadel distantsidel.","robots":{"index":"index","follow":"follow","max-snippet":"max-snippet:-1","max-image-preview":"max-image-preview:large","max-video-preview":"max-video-preview:-1"},"canonical":"https:\/\/lahingupood.ee\/en\/product\/evolution-030-high-performance-bb-bio\/","og_locale":"en_GB","og_type":"article","og_title":"Evolution 0,30 High Performance BB BIO","og_description":"Evolution 0.30g BIO BBs on biolagunevad airsoft kuulid, mis tagavad v\u00e4ga hea t\u00e4psuse ja stabiilse lennu keskmistel ja pikkadel distantsidel.","og_url":"https:\/\/lahingupood.ee\/en\/product\/evolution-030-high-performance-bb-bio\/","og_site_name":"Lahingurada e-pood","article_publisher":"https:\/\/www.facebook.com\/Lahingurada-629940247212967","article_modified_time":"2026-05-16T03:00:07+00:00","og_image":[{"width":1080,"height":720,"url":"https:\/\/lahingupood.ee\/wp-content\/uploads\/2025\/07\/Evolution-0-30-High-Performance-BB-BIO-1-box-20-x-1-Kg-Bag-extra-big-74599-717.jpg","type":"image\/jpeg"}],"twitter_card":"summary_large_image","twitter_misc":{"Estimated reading time":"1 minute"},"schema":{"@context":"https:\/\/schema.org","@graph":[{"@type":"WebPage","@id":"https:\/\/lahingupood.ee\/toode\/evolution-030-high-performance-bb-bio\/","url":"https:\/\/lahingupood.ee\/toode\/evolution-030-high-performance-bb-bio\/","name":"Evolution 0.30g BIO BBs \u2013 High Performance airsoft kuulid","isPartOf":{"@id":"https:\/\/lahingupood.ee\/#website"},"primaryImageOfPage":{"@id":"https:\/\/lahingupood.ee\/toode\/evolution-030-high-performance-bb-bio\/#primaryimage"},"image":{"@id":"https:\/\/lahingupood.ee\/toode\/evolution-030-high-performance-bb-bio\/#primaryimage"},"thumbnailUrl":"https:\/\/lahingupood.ee\/wp-content\/uploads\/2025\/07\/Evolution-0-30-High-Performance-BB-BIO-1-box-20-x-1-Kg-Bag-extra-big-74599-717.jpg","datePublished":"2025-07-09T12:33:15+00:00","dateModified":"2026-05-16T03:00:07+00:00","description":"Evolution 0.30g BIO BBs on biolagunevad airsoft kuulid, mis tagavad v\u00e4ga hea t\u00e4psuse ja stabiilse lennu keskmistel ja pikkadel distantsidel.","breadcrumb":{"@id":"https:\/\/lahingupood.ee\/toode\/evolution-030-high-performance-bb-bio\/#breadcrumb"},"inLanguage":"en-GB","potentialAction":[{"@type":"ReadAction","target":["https:\/\/lahingupood.ee\/toode\/evolution-030-high-performance-bb-bio\/"]}]},{"@type":"ImageObject","inLanguage":"en-GB","@id":"https:\/\/lahingupood.ee\/toode\/evolution-030-high-performance-bb-bio\/#primaryimage","url":"https:\/\/lahingupood.ee\/wp-content\/uploads\/2025\/07\/Evolution-0-30-High-Performance-BB-BIO-1-box-20-x-1-Kg-Bag-extra-big-74599-717.jpg","contentUrl":"https:\/\/lahingupood.ee\/wp-content\/uploads\/2025\/07\/Evolution-0-30-High-Performance-BB-BIO-1-box-20-x-1-Kg-Bag-extra-big-74599-717.jpg","width":1080,"height":720},{"@type":"BreadcrumbList","@id":"https:\/\/lahingupood.ee\/toode\/evolution-030-high-performance-bb-bio\/#breadcrumb","itemListElement":[{"@type":"ListItem","position":1,"name":"Home","item":"https:\/\/lahingupood.ee\/"},{"@type":"ListItem","position":2,"name":"Tooted","item":"https:\/\/lahingupood.ee\/tooted\/"},{"@type":"ListItem","position":3,"name":"Evolution 0,30 High Performance BB BIO"}]},{"@type":"WebSite","@id":"https:\/\/lahingupood.ee\/#website","url":"https:\/\/lahingupood.ee\/","name":"Lahingurada e-pood","description":"Airsoft","publisher":{"@id":"https:\/\/lahingupood.ee\/#organization"},"potentialAction":[{"@type":"SearchAction","target":{"@type":"EntryPoint","urlTemplate":"https:\/\/lahingupood.ee\/?s={search_term_string}"},"query-input":{"@type":"PropertyValueSpecification","valueRequired":true,"valueName":"search_term_string"}}],"inLanguage":"en-GB"},{"@type":"Organization","@id":"https:\/\/lahingupood.ee\/#organization","name":"Lahingurada","url":"https:\/\/lahingupood.ee\/","logo":{"@type":"ImageObject","inLanguage":"en-GB","@id":"https:\/\/lahingupood.ee\/#\/schema\/logo\/image\/","url":"https:\/\/lahingupood.ee\/wp-content\/uploads\/2022\/03\/lahingurada-220318.jpg","contentUrl":"https:\/\/lahingupood.ee\/wp-content\/uploads\/2022\/03\/lahingurada-220318.jpg","width":800,"height":500,"caption":"Lahingurada"},"image":{"@id":"https:\/\/lahingupood.ee\/#\/schema\/logo\/image\/"},"sameAs":["https:\/\/www.facebook.com\/Lahingurada-629940247212967"]}]}},"_links":{"self":[{"href":"https:\/\/lahingupood.ee\/en\/wp-json\/wp\/v2\/product\/7170","targetHints":{"allow":["GET"]}}],"collection":[{"href":"https:\/\/lahingupood.ee\/en\/wp-json\/wp\/v2\/product"}],"about":[{"href":"https:\/\/lahingupood.ee\/en\/wp-json\/wp\/v2\/types\/product"}],"wp:featuredmedia":[{"embeddable":true,"href":"https:\/\/lahingupood.ee\/en\/wp-json\/wp\/v2\/media\/7168"}],"wp:attachment":[{"href":"https:\/\/lahingupood.ee\/en\/wp-json\/wp\/v2\/media?parent=7170"}],"wp:term":[{"taxonomy":"product_brand","embeddable":true,"href":"https:\/\/lahingupood.ee\/en\/wp-json\/wp\/v2\/product_brand?post=7170"},{"taxonomy":"product_cat","embeddable":true,"href":"https:\/\/lahingupood.ee\/en\/wp-json\/wp\/v2\/product_cat?post=7170"},{"taxonomy":"product_tag","embeddable":true,"href":"https:\/\/lahingupood.ee\/en\/wp-json\/wp\/v2\/product_tag?post=7170"}],"curies":[{"name":"wp","href":"https:\/\/api.w.org\/{rel}","templated":true}]}}