{"id":7136,"date":"2025-07-09T14:25:02","date_gmt":"2025-07-09T11:25:02","guid":{"rendered":"https:\/\/lahingupood.ee\/?post_type=product&#038;p=7136"},"modified":"2026-04-12T20:30:04","modified_gmt":"2026-04-12T17:30:04","slug":"foldable-bipod-black","status":"publish","type":"product","link":"https:\/\/lahingupood.ee\/en\/product\/foldable-bipod-black\/","title":{"rendered":"FOLDABLE BIPOD BLACK"},"content":{"rendered":"<p data-start=\"134\" data-end=\"340\">Professionaalne ja vastupidav bipod, mis on loodud t\u00e4psuslaskmiseks. Sobib suurep\u00e4raselt snaiprivintp\u00fcssidele ning teistele relvadele, mis kasutavad <strong data-start=\"283\" data-end=\"309\">Harris-t\u00fc\u00fcpi kinnitust<\/strong> ja <strong data-start=\"313\" data-end=\"339\">22 mm RIS\/Weaver-siini<\/strong>.<\/p>\n<h4 data-start=\"342\" data-end=\"364\"><strong data-start=\"347\" data-end=\"364\">P\u00f5hiomadused:<\/strong><\/h4>\n<ul data-start=\"365\" data-end=\"764\">\n<li data-start=\"365\" data-end=\"460\">\n<p data-start=\"367\" data-end=\"460\"><strong data-start=\"367\" data-end=\"397\">Tugev metallkonstruktsioon<\/strong> \u2013 tagab stabiilsuse ja vastupidavuse ka rasketes tingimustes<\/p>\n<\/li>\n<li data-start=\"461\" data-end=\"533\">\n<p data-start=\"463\" data-end=\"533\"><strong data-start=\"463\" data-end=\"483\">Kokkuk\u00e4iv disain<\/strong> \u2013 lihtne transportida ja kompaktne hoiustamisel<\/p>\n<\/li>\n<li data-start=\"534\" data-end=\"617\">\n<p data-start=\"536\" data-end=\"617\"><strong data-start=\"536\" data-end=\"559\">Reguleeritav k\u00f5rgus<\/strong> \u2013 v\u00f5imaldab kohandada laskeasendit vastavalt vajadusele<\/p>\n<\/li>\n<\/ul>","protected":false},"excerpt":{"rendered":"<p>Professionaalne ja vastupidav bipod, mis on loodud t\u00e4psuslaskmiseks. Sobib suurep\u00e4raselt snaiprivintp\u00fcssidele ning teistele relvadele, mis kasutavad Harris-t\u00fc\u00fcpi kinnitust ja 22 mm RIS\/Weaver-siini. P\u00f5hiomadused: Tugev metallkonstruktsioon \u2013 tagab stabiilsuse ja vastupidavuse ka rasketes tingimustes Kokkuk\u00e4iv disain \u2013 lihtne transportida ja kompaktne hoiustamisel Reguleeritav k\u00f5rgus \u2013 v\u00f5imaldab kohandada laskeasendit vastavalt vajadusele<\/p>","protected":false},"featured_media":7137,"template":"","meta":[],"product_brand":[],"product_cat":[90],"product_tag":[],"class_list":{"0":"post-7136","1":"product","2":"type-product","3":"status-publish","4":"has-post-thumbnail","6":"product_cat-kaepidemed","8":"first","9":"instock","10":"taxable","11":"shipping-taxable","12":"purchasable","13":"product-type-simple"},"yoast_head":"<!-- This site is optimized with the Yoast SEO Premium plugin v27.3 (Yoast SEO v27.3) - https:\/\/yoast.com\/product\/yoast-seo-premium-wordpress\/ -->\n<title>FOLDABLE BIPOD BLACK - Lahingurada e-pood<\/title>\n<meta name=\"description\" content=\"Professionaalne ja vastupidav bipod, mis on loodud t\u00e4psuslaskmiseks. Sobib suurep\u00e4raselt snaiprivintp\u00fcssidele ning teistele relvadele, mis kasutavad\" \/>\n<meta name=\"robots\" content=\"index, follow, max-snippet:-1, max-image-preview:large, max-video-preview:-1\" \/>\n<link rel=\"canonical\" href=\"https:\/\/lahingupood.ee\/en\/product\/foldable-bipod-black\/\" \/>\n<meta property=\"og:locale\" content=\"en_GB\" \/>\n<meta property=\"og:type\" content=\"article\" \/>\n<meta property=\"og:title\" content=\"FOLDABLE BIPOD BLACK\" \/>\n<meta property=\"og:description\" content=\"Professionaalne ja vastupidav bipod, mis on loodud t\u00e4psuslaskmiseks. Sobib suurep\u00e4raselt snaiprivintp\u00fcssidele ning teistele relvadele, mis kasutavad\" \/>\n<meta property=\"og:url\" content=\"https:\/\/lahingupood.ee\/en\/product\/foldable-bipod-black\/\" \/>\n<meta property=\"og:site_name\" content=\"Lahingurada e-pood\" \/>\n<meta property=\"article:publisher\" content=\"https:\/\/www.facebook.com\/Lahingurada-629940247212967\" \/>\n<meta property=\"article:modified_time\" content=\"2026-04-12T17:30:04+00:00\" \/>\n<meta property=\"og:image\" content=\"https:\/\/lahingupood.ee\/wp-content\/uploads\/2025\/07\/harkjalg.webp\" \/>\n\t<meta property=\"og:image:width\" content=\"450\" \/>\n\t<meta property=\"og:image:height\" content=\"450\" \/>\n\t<meta property=\"og:image:type\" content=\"image\/webp\" \/>\n<meta name=\"twitter:card\" content=\"summary_large_image\" \/>\n<meta name=\"twitter:label1\" content=\"Estimated reading time\" \/>\n\t<meta name=\"twitter:data1\" content=\"1 minute\" \/>\n<script type=\"application\/ld+json\" class=\"yoast-schema-graph\">{\"@context\":\"https:\\\/\\\/schema.org\",\"@graph\":[{\"@type\":\"WebPage\",\"@id\":\"https:\\\/\\\/lahingupood.ee\\\/toode\\\/foldable-bipod-black\\\/\",\"url\":\"https:\\\/\\\/lahingupood.ee\\\/toode\\\/foldable-bipod-black\\\/\",\"name\":\"FOLDABLE BIPOD BLACK - Lahingurada e-pood\",\"isPartOf\":{\"@id\":\"https:\\\/\\\/lahingupood.ee\\\/#website\"},\"primaryImageOfPage\":{\"@id\":\"https:\\\/\\\/lahingupood.ee\\\/toode\\\/foldable-bipod-black\\\/#primaryimage\"},\"image\":{\"@id\":\"https:\\\/\\\/lahingupood.ee\\\/toode\\\/foldable-bipod-black\\\/#primaryimage\"},\"thumbnailUrl\":\"https:\\\/\\\/lahingupood.ee\\\/wp-content\\\/uploads\\\/2025\\\/07\\\/harkjalg.webp\",\"datePublished\":\"2025-07-09T11:25:02+00:00\",\"dateModified\":\"2026-04-12T17:30:04+00:00\",\"description\":\"Professionaalne ja vastupidav bipod, mis on loodud t\u00e4psuslaskmiseks. Sobib suurep\u00e4raselt snaiprivintp\u00fcssidele ning teistele relvadele, mis kasutavad\",\"breadcrumb\":{\"@id\":\"https:\\\/\\\/lahingupood.ee\\\/toode\\\/foldable-bipod-black\\\/#breadcrumb\"},\"inLanguage\":\"en-GB\",\"potentialAction\":[{\"@type\":\"ReadAction\",\"target\":[\"https:\\\/\\\/lahingupood.ee\\\/toode\\\/foldable-bipod-black\\\/\"]}]},{\"@type\":\"ImageObject\",\"inLanguage\":\"en-GB\",\"@id\":\"https:\\\/\\\/lahingupood.ee\\\/toode\\\/foldable-bipod-black\\\/#primaryimage\",\"url\":\"https:\\\/\\\/lahingupood.ee\\\/wp-content\\\/uploads\\\/2025\\\/07\\\/harkjalg.webp\",\"contentUrl\":\"https:\\\/\\\/lahingupood.ee\\\/wp-content\\\/uploads\\\/2025\\\/07\\\/harkjalg.webp\",\"width\":450,\"height\":450},{\"@type\":\"BreadcrumbList\",\"@id\":\"https:\\\/\\\/lahingupood.ee\\\/toode\\\/foldable-bipod-black\\\/#breadcrumb\",\"itemListElement\":[{\"@type\":\"ListItem\",\"position\":1,\"name\":\"Home\",\"item\":\"https:\\\/\\\/lahingupood.ee\\\/\"},{\"@type\":\"ListItem\",\"position\":2,\"name\":\"Tooted\",\"item\":\"https:\\\/\\\/lahingupood.ee\\\/tooted\\\/\"},{\"@type\":\"ListItem\",\"position\":3,\"name\":\"FOLDABLE BIPOD BLACK\"}]},{\"@type\":\"WebSite\",\"@id\":\"https:\\\/\\\/lahingupood.ee\\\/#website\",\"url\":\"https:\\\/\\\/lahingupood.ee\\\/\",\"name\":\"Lahingurada e-pood\",\"description\":\"Airsoft\",\"publisher\":{\"@id\":\"https:\\\/\\\/lahingupood.ee\\\/#organization\"},\"potentialAction\":[{\"@type\":\"SearchAction\",\"target\":{\"@type\":\"EntryPoint\",\"urlTemplate\":\"https:\\\/\\\/lahingupood.ee\\\/?s={search_term_string}\"},\"query-input\":{\"@type\":\"PropertyValueSpecification\",\"valueRequired\":true,\"valueName\":\"search_term_string\"}}],\"inLanguage\":\"en-GB\"},{\"@type\":\"Organization\",\"@id\":\"https:\\\/\\\/lahingupood.ee\\\/#organization\",\"name\":\"Lahingurada\",\"url\":\"https:\\\/\\\/lahingupood.ee\\\/\",\"logo\":{\"@type\":\"ImageObject\",\"inLanguage\":\"en-GB\",\"@id\":\"https:\\\/\\\/lahingupood.ee\\\/#\\\/schema\\\/logo\\\/image\\\/\",\"url\":\"https:\\\/\\\/lahingupood.ee\\\/wp-content\\\/uploads\\\/2022\\\/03\\\/lahingurada-220318.jpg\",\"contentUrl\":\"https:\\\/\\\/lahingupood.ee\\\/wp-content\\\/uploads\\\/2022\\\/03\\\/lahingurada-220318.jpg\",\"width\":800,\"height\":500,\"caption\":\"Lahingurada\"},\"image\":{\"@id\":\"https:\\\/\\\/lahingupood.ee\\\/#\\\/schema\\\/logo\\\/image\\\/\"},\"sameAs\":[\"https:\\\/\\\/www.facebook.com\\\/Lahingurada-629940247212967\"]}]}<\/script>\n<!-- \/ Yoast SEO Premium plugin. -->","yoast_head_json":{"title":"FOLDABLE BIPOD BLACK - Lahingurada e-pood","description":"Professionaalne ja vastupidav bipod, mis on loodud t\u00e4psuslaskmiseks. Sobib suurep\u00e4raselt snaiprivintp\u00fcssidele ning teistele relvadele, mis kasutavad","robots":{"index":"index","follow":"follow","max-snippet":"max-snippet:-1","max-image-preview":"max-image-preview:large","max-video-preview":"max-video-preview:-1"},"canonical":"https:\/\/lahingupood.ee\/en\/product\/foldable-bipod-black\/","og_locale":"en_GB","og_type":"article","og_title":"FOLDABLE BIPOD BLACK","og_description":"Professionaalne ja vastupidav bipod, mis on loodud t\u00e4psuslaskmiseks. Sobib suurep\u00e4raselt snaiprivintp\u00fcssidele ning teistele relvadele, mis kasutavad","og_url":"https:\/\/lahingupood.ee\/en\/product\/foldable-bipod-black\/","og_site_name":"Lahingurada e-pood","article_publisher":"https:\/\/www.facebook.com\/Lahingurada-629940247212967","article_modified_time":"2026-04-12T17:30:04+00:00","og_image":[{"width":450,"height":450,"url":"https:\/\/lahingupood.ee\/wp-content\/uploads\/2025\/07\/harkjalg.webp","type":"image\/webp"}],"twitter_card":"summary_large_image","twitter_misc":{"Estimated reading time":"1 minute"},"schema":{"@context":"https:\/\/schema.org","@graph":[{"@type":"WebPage","@id":"https:\/\/lahingupood.ee\/toode\/foldable-bipod-black\/","url":"https:\/\/lahingupood.ee\/toode\/foldable-bipod-black\/","name":"FOLDABLE BIPOD BLACK - Lahingurada e-pood","isPartOf":{"@id":"https:\/\/lahingupood.ee\/#website"},"primaryImageOfPage":{"@id":"https:\/\/lahingupood.ee\/toode\/foldable-bipod-black\/#primaryimage"},"image":{"@id":"https:\/\/lahingupood.ee\/toode\/foldable-bipod-black\/#primaryimage"},"thumbnailUrl":"https:\/\/lahingupood.ee\/wp-content\/uploads\/2025\/07\/harkjalg.webp","datePublished":"2025-07-09T11:25:02+00:00","dateModified":"2026-04-12T17:30:04+00:00","description":"Professionaalne ja vastupidav bipod, mis on loodud t\u00e4psuslaskmiseks. Sobib suurep\u00e4raselt snaiprivintp\u00fcssidele ning teistele relvadele, mis kasutavad","breadcrumb":{"@id":"https:\/\/lahingupood.ee\/toode\/foldable-bipod-black\/#breadcrumb"},"inLanguage":"en-GB","potentialAction":[{"@type":"ReadAction","target":["https:\/\/lahingupood.ee\/toode\/foldable-bipod-black\/"]}]},{"@type":"ImageObject","inLanguage":"en-GB","@id":"https:\/\/lahingupood.ee\/toode\/foldable-bipod-black\/#primaryimage","url":"https:\/\/lahingupood.ee\/wp-content\/uploads\/2025\/07\/harkjalg.webp","contentUrl":"https:\/\/lahingupood.ee\/wp-content\/uploads\/2025\/07\/harkjalg.webp","width":450,"height":450},{"@type":"BreadcrumbList","@id":"https:\/\/lahingupood.ee\/toode\/foldable-bipod-black\/#breadcrumb","itemListElement":[{"@type":"ListItem","position":1,"name":"Home","item":"https:\/\/lahingupood.ee\/"},{"@type":"ListItem","position":2,"name":"Tooted","item":"https:\/\/lahingupood.ee\/tooted\/"},{"@type":"ListItem","position":3,"name":"FOLDABLE BIPOD BLACK"}]},{"@type":"WebSite","@id":"https:\/\/lahingupood.ee\/#website","url":"https:\/\/lahingupood.ee\/","name":"Lahingurada e-pood","description":"Airsoft","publisher":{"@id":"https:\/\/lahingupood.ee\/#organization"},"potentialAction":[{"@type":"SearchAction","target":{"@type":"EntryPoint","urlTemplate":"https:\/\/lahingupood.ee\/?s={search_term_string}"},"query-input":{"@type":"PropertyValueSpecification","valueRequired":true,"valueName":"search_term_string"}}],"inLanguage":"en-GB"},{"@type":"Organization","@id":"https:\/\/lahingupood.ee\/#organization","name":"Lahingurada","url":"https:\/\/lahingupood.ee\/","logo":{"@type":"ImageObject","inLanguage":"en-GB","@id":"https:\/\/lahingupood.ee\/#\/schema\/logo\/image\/","url":"https:\/\/lahingupood.ee\/wp-content\/uploads\/2022\/03\/lahingurada-220318.jpg","contentUrl":"https:\/\/lahingupood.ee\/wp-content\/uploads\/2022\/03\/lahingurada-220318.jpg","width":800,"height":500,"caption":"Lahingurada"},"image":{"@id":"https:\/\/lahingupood.ee\/#\/schema\/logo\/image\/"},"sameAs":["https:\/\/www.facebook.com\/Lahingurada-629940247212967"]}]}},"_links":{"self":[{"href":"https:\/\/lahingupood.ee\/en\/wp-json\/wp\/v2\/product\/7136","targetHints":{"allow":["GET"]}}],"collection":[{"href":"https:\/\/lahingupood.ee\/en\/wp-json\/wp\/v2\/product"}],"about":[{"href":"https:\/\/lahingupood.ee\/en\/wp-json\/wp\/v2\/types\/product"}],"wp:featuredmedia":[{"embeddable":true,"href":"https:\/\/lahingupood.ee\/en\/wp-json\/wp\/v2\/media\/7137"}],"wp:attachment":[{"href":"https:\/\/lahingupood.ee\/en\/wp-json\/wp\/v2\/media?parent=7136"}],"wp:term":[{"taxonomy":"product_brand","embeddable":true,"href":"https:\/\/lahingupood.ee\/en\/wp-json\/wp\/v2\/product_brand?post=7136"},{"taxonomy":"product_cat","embeddable":true,"href":"https:\/\/lahingupood.ee\/en\/wp-json\/wp\/v2\/product_cat?post=7136"},{"taxonomy":"product_tag","embeddable":true,"href":"https:\/\/lahingupood.ee\/en\/wp-json\/wp\/v2\/product_tag?post=7136"}],"curies":[{"name":"wp","href":"https:\/\/api.w.org\/{rel}","templated":true}]}}