{"id":7133,"date":"2025-07-09T14:02:32","date_gmt":"2025-07-09T11:02:32","guid":{"rendered":"https:\/\/lahingupood.ee\/?post_type=product&#038;p=7133"},"modified":"2026-04-12T20:15:02","modified_gmt":"2026-04-12T17:15:02","slug":"kylin-v2-airsoft-mosfet","status":"publish","type":"product","link":"https:\/\/lahingupood.ee\/en\/product\/kylin-v2-airsoft-mosfet\/","title":{"rendered":"KYLIN V2 AIRSOFT MOSFET"},"content":{"rendered":"<p data-start=\"44\" data-end=\"95\"><strong data-start=\"44\" data-end=\"60\">KYLIN MOSFET<\/strong><br data-start=\"60\" data-end=\"63\" \/><strong data-start=\"63\" data-end=\"95\">SOBIB V2 T\u00dc\u00dcPI GEARBOX&#8217;IDELE<\/strong><\/p>\n<p data-start=\"97\" data-end=\"116\"><strong data-start=\"97\" data-end=\"114\">P\u00d5HIOMADUSED:<\/strong><\/p>\n<ul data-start=\"117\" data-end=\"503\">\n<li data-start=\"117\" data-end=\"212\">\n<p data-start=\"119\" data-end=\"212\">K\u00f5rge tundlikkusega elektrooniline p\u00e4\u00e4stik, reguleeritav optilise anduri v\u00f5i mehhaaniliselt<\/p>\n<\/li>\n<li data-start=\"213\" data-end=\"260\">\n<p data-start=\"215\" data-end=\"260\">\u00dchildub harjavabade (brushless) mootoritega<\/p>\n<\/li>\n<li data-start=\"261\" data-end=\"290\">\n<p data-start=\"263\" data-end=\"290\">K\u00f5rge\/madala pinge kaitse<\/p>\n<\/li>\n<li data-start=\"291\" data-end=\"333\">\n<p data-start=\"293\" data-end=\"333\">\u00dclekoormuse ja ebanormaalse t\u00f6\u00f6 kaitse<\/p>\n<\/li>\n<li data-start=\"334\" data-end=\"385\">\n<p data-start=\"336\" data-end=\"385\">T\u00e4isautomaatne, 3- v\u00f5i 5-lasuline valangure\u017eiim<\/p>\n<\/li>\n<li data-start=\"386\" data-end=\"444\">\n<p data-start=\"388\" data-end=\"444\">Poolautomaatne, binaarne, AUG-t\u00fc\u00fcpi v\u00f5i snaipri re\u017eiim<\/p>\n<\/li>\n<li data-start=\"445\" data-end=\"487\">\n<p data-start=\"447\" data-end=\"487\">Reguleeritav eelpingutus (pre-cocking)<\/p>\n<\/li>\n<\/ul>\n<p data-start=\"505\" data-end=\"560\"><strong data-start=\"505\" data-end=\"541\">Komplektis p\u00e4\u00e4stik ja valikplaat<\/strong><br data-start=\"541\" data-end=\"544\" \/><strong data-start=\"544\" data-end=\"560\">DEANS otsad<\/strong><\/p>","protected":false},"excerpt":{"rendered":"<p>KYLIN MOSFETSOBIB V2 T\u00dc\u00dcPI GEARBOX&#8217;IDELE P\u00d5HIOMADUSED: K\u00f5rge tundlikkusega elektrooniline p\u00e4\u00e4stik, reguleeritav optilise anduri v\u00f5i mehhaaniliselt \u00dchildub harjavabade (brushless) mootoritega K\u00f5rge\/madala pinge kaitse \u00dclekoormuse ja ebanormaalse t\u00f6\u00f6 kaitse T\u00e4isautomaatne, 3- v\u00f5i 5-lasuline valangure\u017eiim Poolautomaatne, binaarne, AUG-t\u00fc\u00fcpi v\u00f5i snaipri re\u017eiim Reguleeritav eelpingutus (pre-cocking) Komplektis p\u00e4\u00e4stik ja valikplaatDEANS otsad<\/p>","protected":false},"featured_media":7088,"template":"","meta":[],"product_brand":[],"product_cat":[74],"product_tag":[],"class_list":{"0":"post-7133","1":"product","2":"type-product","3":"status-publish","4":"has-post-thumbnail","6":"product_cat-elektroonika","8":"first","9":"outofstock","10":"taxable","11":"shipping-taxable","12":"purchasable","13":"product-type-simple"},"yoast_head":"<!-- This site is optimized with the Yoast SEO Premium plugin v27.3 (Yoast SEO v27.3) - https:\/\/yoast.com\/product\/yoast-seo-premium-wordpress\/ -->\n<title>KYLIN V2 AIRSOFT MOSFET - Lahingurada e-pood<\/title>\n<meta name=\"description\" content=\"KYLIN MOSFETSOBIB V2 T\u00dc\u00dcPI GEARBOX&#039;IDELEP\u00d5HIOMADUSED:K\u00f5rge tundlikkusega elektrooniline p\u00e4\u00e4stik, reguleeritav optilise anduri v\u00f5i mehhaaniliselt\u00dchildub\" \/>\n<meta name=\"robots\" content=\"index, follow, max-snippet:-1, max-image-preview:large, max-video-preview:-1\" \/>\n<link rel=\"canonical\" href=\"https:\/\/lahingupood.ee\/en\/product\/kylin-v2-airsoft-mosfet\/\" \/>\n<meta property=\"og:locale\" content=\"en_GB\" \/>\n<meta property=\"og:type\" content=\"article\" \/>\n<meta property=\"og:title\" content=\"KYLIN V2 AIRSOFT MOSFET\" \/>\n<meta property=\"og:description\" content=\"KYLIN MOSFETSOBIB V2 T\u00dc\u00dcPI GEARBOX&#039;IDELEP\u00d5HIOMADUSED:K\u00f5rge tundlikkusega elektrooniline p\u00e4\u00e4stik, reguleeritav optilise anduri v\u00f5i mehhaaniliselt\u00dchildub\" \/>\n<meta property=\"og:url\" content=\"https:\/\/lahingupood.ee\/en\/product\/kylin-v2-airsoft-mosfet\/\" \/>\n<meta property=\"og:site_name\" content=\"Lahingurada e-pood\" \/>\n<meta property=\"article:publisher\" content=\"https:\/\/www.facebook.com\/Lahingurada-629940247212967\" \/>\n<meta property=\"article:modified_time\" content=\"2026-04-12T17:15:02+00:00\" \/>\n<meta property=\"og:image\" content=\"https:\/\/lahingupood.ee\/wp-content\/uploads\/2025\/07\/dboys-kylin-mosfet-v2-db118.jpg\" \/>\n\t<meta property=\"og:image:width\" content=\"1000\" \/>\n\t<meta property=\"og:image:height\" content=\"1000\" \/>\n\t<meta property=\"og:image:type\" content=\"image\/jpeg\" \/>\n<meta name=\"twitter:card\" content=\"summary_large_image\" \/>\n<meta name=\"twitter:label1\" content=\"Estimated reading time\" \/>\n\t<meta name=\"twitter:data1\" content=\"1 minute\" \/>\n<script type=\"application\/ld+json\" class=\"yoast-schema-graph\">{\"@context\":\"https:\\\/\\\/schema.org\",\"@graph\":[{\"@type\":\"WebPage\",\"@id\":\"https:\\\/\\\/lahingupood.ee\\\/toode\\\/kylin-v2-airsoft-mosfet\\\/\",\"url\":\"https:\\\/\\\/lahingupood.ee\\\/toode\\\/kylin-v2-airsoft-mosfet\\\/\",\"name\":\"KYLIN V2 AIRSOFT MOSFET - Lahingurada e-pood\",\"isPartOf\":{\"@id\":\"https:\\\/\\\/lahingupood.ee\\\/#website\"},\"primaryImageOfPage\":{\"@id\":\"https:\\\/\\\/lahingupood.ee\\\/toode\\\/kylin-v2-airsoft-mosfet\\\/#primaryimage\"},\"image\":{\"@id\":\"https:\\\/\\\/lahingupood.ee\\\/toode\\\/kylin-v2-airsoft-mosfet\\\/#primaryimage\"},\"thumbnailUrl\":\"https:\\\/\\\/lahingupood.ee\\\/wp-content\\\/uploads\\\/2025\\\/07\\\/dboys-kylin-mosfet-v2-db118.jpg\",\"datePublished\":\"2025-07-09T11:02:32+00:00\",\"dateModified\":\"2026-04-12T17:15:02+00:00\",\"description\":\"KYLIN MOSFETSOBIB V2 T\u00dc\u00dcPI GEARBOX'IDELEP\u00d5HIOMADUSED:K\u00f5rge tundlikkusega elektrooniline p\u00e4\u00e4stik, reguleeritav optilise anduri v\u00f5i mehhaaniliselt\u00dchildub\",\"breadcrumb\":{\"@id\":\"https:\\\/\\\/lahingupood.ee\\\/toode\\\/kylin-v2-airsoft-mosfet\\\/#breadcrumb\"},\"inLanguage\":\"en-GB\",\"potentialAction\":[{\"@type\":\"ReadAction\",\"target\":[\"https:\\\/\\\/lahingupood.ee\\\/toode\\\/kylin-v2-airsoft-mosfet\\\/\"]}]},{\"@type\":\"ImageObject\",\"inLanguage\":\"en-GB\",\"@id\":\"https:\\\/\\\/lahingupood.ee\\\/toode\\\/kylin-v2-airsoft-mosfet\\\/#primaryimage\",\"url\":\"https:\\\/\\\/lahingupood.ee\\\/wp-content\\\/uploads\\\/2025\\\/07\\\/dboys-kylin-mosfet-v2-db118.jpg\",\"contentUrl\":\"https:\\\/\\\/lahingupood.ee\\\/wp-content\\\/uploads\\\/2025\\\/07\\\/dboys-kylin-mosfet-v2-db118.jpg\",\"width\":1000,\"height\":1000},{\"@type\":\"BreadcrumbList\",\"@id\":\"https:\\\/\\\/lahingupood.ee\\\/toode\\\/kylin-v2-airsoft-mosfet\\\/#breadcrumb\",\"itemListElement\":[{\"@type\":\"ListItem\",\"position\":1,\"name\":\"Home\",\"item\":\"https:\\\/\\\/lahingupood.ee\\\/\"},{\"@type\":\"ListItem\",\"position\":2,\"name\":\"Tooted\",\"item\":\"https:\\\/\\\/lahingupood.ee\\\/tooted\\\/\"},{\"@type\":\"ListItem\",\"position\":3,\"name\":\"KYLIN V2 AIRSOFT MOSFET\"}]},{\"@type\":\"WebSite\",\"@id\":\"https:\\\/\\\/lahingupood.ee\\\/#website\",\"url\":\"https:\\\/\\\/lahingupood.ee\\\/\",\"name\":\"Lahingurada e-pood\",\"description\":\"Airsoft\",\"publisher\":{\"@id\":\"https:\\\/\\\/lahingupood.ee\\\/#organization\"},\"potentialAction\":[{\"@type\":\"SearchAction\",\"target\":{\"@type\":\"EntryPoint\",\"urlTemplate\":\"https:\\\/\\\/lahingupood.ee\\\/?s={search_term_string}\"},\"query-input\":{\"@type\":\"PropertyValueSpecification\",\"valueRequired\":true,\"valueName\":\"search_term_string\"}}],\"inLanguage\":\"en-GB\"},{\"@type\":\"Organization\",\"@id\":\"https:\\\/\\\/lahingupood.ee\\\/#organization\",\"name\":\"Lahingurada\",\"url\":\"https:\\\/\\\/lahingupood.ee\\\/\",\"logo\":{\"@type\":\"ImageObject\",\"inLanguage\":\"en-GB\",\"@id\":\"https:\\\/\\\/lahingupood.ee\\\/#\\\/schema\\\/logo\\\/image\\\/\",\"url\":\"https:\\\/\\\/lahingupood.ee\\\/wp-content\\\/uploads\\\/2022\\\/03\\\/lahingurada-220318.jpg\",\"contentUrl\":\"https:\\\/\\\/lahingupood.ee\\\/wp-content\\\/uploads\\\/2022\\\/03\\\/lahingurada-220318.jpg\",\"width\":800,\"height\":500,\"caption\":\"Lahingurada\"},\"image\":{\"@id\":\"https:\\\/\\\/lahingupood.ee\\\/#\\\/schema\\\/logo\\\/image\\\/\"},\"sameAs\":[\"https:\\\/\\\/www.facebook.com\\\/Lahingurada-629940247212967\"]}]}<\/script>\n<!-- \/ Yoast SEO Premium plugin. -->","yoast_head_json":{"title":"KYLIN V2 AIRSOFT MOSFET - Lahingurada e-pood","description":"KYLIN MOSFETSOBIB V2 T\u00dc\u00dcPI GEARBOX'IDELEP\u00d5HIOMADUSED:K\u00f5rge tundlikkusega elektrooniline p\u00e4\u00e4stik, reguleeritav optilise anduri v\u00f5i mehhaaniliselt\u00dchildub","robots":{"index":"index","follow":"follow","max-snippet":"max-snippet:-1","max-image-preview":"max-image-preview:large","max-video-preview":"max-video-preview:-1"},"canonical":"https:\/\/lahingupood.ee\/en\/product\/kylin-v2-airsoft-mosfet\/","og_locale":"en_GB","og_type":"article","og_title":"KYLIN V2 AIRSOFT MOSFET","og_description":"KYLIN MOSFETSOBIB V2 T\u00dc\u00dcPI GEARBOX'IDELEP\u00d5HIOMADUSED:K\u00f5rge tundlikkusega elektrooniline p\u00e4\u00e4stik, reguleeritav optilise anduri v\u00f5i mehhaaniliselt\u00dchildub","og_url":"https:\/\/lahingupood.ee\/en\/product\/kylin-v2-airsoft-mosfet\/","og_site_name":"Lahingurada e-pood","article_publisher":"https:\/\/www.facebook.com\/Lahingurada-629940247212967","article_modified_time":"2026-04-12T17:15:02+00:00","og_image":[{"width":1000,"height":1000,"url":"https:\/\/lahingupood.ee\/wp-content\/uploads\/2025\/07\/dboys-kylin-mosfet-v2-db118.jpg","type":"image\/jpeg"}],"twitter_card":"summary_large_image","twitter_misc":{"Estimated reading time":"1 minute"},"schema":{"@context":"https:\/\/schema.org","@graph":[{"@type":"WebPage","@id":"https:\/\/lahingupood.ee\/toode\/kylin-v2-airsoft-mosfet\/","url":"https:\/\/lahingupood.ee\/toode\/kylin-v2-airsoft-mosfet\/","name":"KYLIN V2 AIRSOFT MOSFET - Lahingurada e-pood","isPartOf":{"@id":"https:\/\/lahingupood.ee\/#website"},"primaryImageOfPage":{"@id":"https:\/\/lahingupood.ee\/toode\/kylin-v2-airsoft-mosfet\/#primaryimage"},"image":{"@id":"https:\/\/lahingupood.ee\/toode\/kylin-v2-airsoft-mosfet\/#primaryimage"},"thumbnailUrl":"https:\/\/lahingupood.ee\/wp-content\/uploads\/2025\/07\/dboys-kylin-mosfet-v2-db118.jpg","datePublished":"2025-07-09T11:02:32+00:00","dateModified":"2026-04-12T17:15:02+00:00","description":"KYLIN MOSFETSOBIB V2 T\u00dc\u00dcPI GEARBOX'IDELEP\u00d5HIOMADUSED:K\u00f5rge tundlikkusega elektrooniline p\u00e4\u00e4stik, reguleeritav optilise anduri v\u00f5i mehhaaniliselt\u00dchildub","breadcrumb":{"@id":"https:\/\/lahingupood.ee\/toode\/kylin-v2-airsoft-mosfet\/#breadcrumb"},"inLanguage":"en-GB","potentialAction":[{"@type":"ReadAction","target":["https:\/\/lahingupood.ee\/toode\/kylin-v2-airsoft-mosfet\/"]}]},{"@type":"ImageObject","inLanguage":"en-GB","@id":"https:\/\/lahingupood.ee\/toode\/kylin-v2-airsoft-mosfet\/#primaryimage","url":"https:\/\/lahingupood.ee\/wp-content\/uploads\/2025\/07\/dboys-kylin-mosfet-v2-db118.jpg","contentUrl":"https:\/\/lahingupood.ee\/wp-content\/uploads\/2025\/07\/dboys-kylin-mosfet-v2-db118.jpg","width":1000,"height":1000},{"@type":"BreadcrumbList","@id":"https:\/\/lahingupood.ee\/toode\/kylin-v2-airsoft-mosfet\/#breadcrumb","itemListElement":[{"@type":"ListItem","position":1,"name":"Home","item":"https:\/\/lahingupood.ee\/"},{"@type":"ListItem","position":2,"name":"Tooted","item":"https:\/\/lahingupood.ee\/tooted\/"},{"@type":"ListItem","position":3,"name":"KYLIN V2 AIRSOFT MOSFET"}]},{"@type":"WebSite","@id":"https:\/\/lahingupood.ee\/#website","url":"https:\/\/lahingupood.ee\/","name":"Lahingurada e-pood","description":"Airsoft","publisher":{"@id":"https:\/\/lahingupood.ee\/#organization"},"potentialAction":[{"@type":"SearchAction","target":{"@type":"EntryPoint","urlTemplate":"https:\/\/lahingupood.ee\/?s={search_term_string}"},"query-input":{"@type":"PropertyValueSpecification","valueRequired":true,"valueName":"search_term_string"}}],"inLanguage":"en-GB"},{"@type":"Organization","@id":"https:\/\/lahingupood.ee\/#organization","name":"Lahingurada","url":"https:\/\/lahingupood.ee\/","logo":{"@type":"ImageObject","inLanguage":"en-GB","@id":"https:\/\/lahingupood.ee\/#\/schema\/logo\/image\/","url":"https:\/\/lahingupood.ee\/wp-content\/uploads\/2022\/03\/lahingurada-220318.jpg","contentUrl":"https:\/\/lahingupood.ee\/wp-content\/uploads\/2022\/03\/lahingurada-220318.jpg","width":800,"height":500,"caption":"Lahingurada"},"image":{"@id":"https:\/\/lahingupood.ee\/#\/schema\/logo\/image\/"},"sameAs":["https:\/\/www.facebook.com\/Lahingurada-629940247212967"]}]}},"_links":{"self":[{"href":"https:\/\/lahingupood.ee\/en\/wp-json\/wp\/v2\/product\/7133","targetHints":{"allow":["GET"]}}],"collection":[{"href":"https:\/\/lahingupood.ee\/en\/wp-json\/wp\/v2\/product"}],"about":[{"href":"https:\/\/lahingupood.ee\/en\/wp-json\/wp\/v2\/types\/product"}],"wp:featuredmedia":[{"embeddable":true,"href":"https:\/\/lahingupood.ee\/en\/wp-json\/wp\/v2\/media\/7088"}],"wp:attachment":[{"href":"https:\/\/lahingupood.ee\/en\/wp-json\/wp\/v2\/media?parent=7133"}],"wp:term":[{"taxonomy":"product_brand","embeddable":true,"href":"https:\/\/lahingupood.ee\/en\/wp-json\/wp\/v2\/product_brand?post=7133"},{"taxonomy":"product_cat","embeddable":true,"href":"https:\/\/lahingupood.ee\/en\/wp-json\/wp\/v2\/product_cat?post=7133"},{"taxonomy":"product_tag","embeddable":true,"href":"https:\/\/lahingupood.ee\/en\/wp-json\/wp\/v2\/product_tag?post=7133"}],"curies":[{"name":"wp","href":"https:\/\/api.w.org\/{rel}","templated":true}]}}