{"id":7131,"date":"2025-07-09T13:51:32","date_gmt":"2025-07-09T10:51:32","guid":{"rendered":"https:\/\/lahingupood.ee\/?post_type=product&#038;p=7131"},"modified":"2026-05-02T20:00:02","modified_gmt":"2026-05-02T17:00:02","slug":"cnc-gears-set-181","status":"publish","type":"product","link":"https:\/\/lahingupood.ee\/en\/product\/cnc-gears-set-181\/","title":{"rendered":"CNC GEARS SET 18:1"},"content":{"rendered":"<p>CNC gears set 18:1 airsoft on kvaliteetne hammasrataste komplekt, mis on m\u00f5eldud AEG relvade gearboxi jaoks. CNC t\u00f6\u00f6tlus tagab t\u00e4pse sobivuse ja sujuva t\u00f6\u00f6. Hammasrattad on valmistatud t\u00e4pse CNC t\u00f6\u00f6tlusega, mis v\u00e4hendab kulumist ja parandab hammasrataste omavahelist sobivust. Sobib V2 ja V3 t\u00fc\u00fcpi gearboxidele.<\/p>\n<p>Tootja Dboys.<\/p>","protected":false},"excerpt":{"rendered":"<p>CNC gears set 18:1 airsoft on kvaliteetne hammasrataste komplekt, mis on m\u00f5eldud AEG relvade gearboxi jaoks. CNC t\u00f6\u00f6tlus tagab t\u00e4pse sobivuse ja sujuva t\u00f6\u00f6. Hammasrattad on valmistatud t\u00e4pse CNC t\u00f6\u00f6tlusega, mis v\u00e4hendab kulumist ja parandab hammasrataste omavahelist sobivust. Sobib V2 ja V3 t\u00fc\u00fcpi gearboxidele. Tootja Dboys.<\/p>","protected":false},"featured_media":7087,"template":"","meta":[],"product_brand":[],"product_cat":[174],"product_tag":[],"class_list":{"0":"post-7131","1":"product","2":"type-product","3":"status-publish","4":"has-post-thumbnail","6":"product_cat-hammasrattad","8":"first","9":"instock","10":"taxable","11":"shipping-taxable","12":"purchasable","13":"product-type-simple"},"yoast_head":"<!-- This site is optimized with the Yoast SEO Premium plugin v27.5 (Yoast SEO v27.5) - https:\/\/yoast.com\/product\/yoast-seo-premium-wordpress\/ -->\n<title>CNC gears set 18:1 airsoft \u2013 t\u00e4pne AEG hammasrataste komplekt<\/title>\n<meta name=\"description\" content=\"CNC gears set 18:1 airsoft on t\u00e4pselt t\u00f6\u00f6deldud hammasrataste komplekt AEG relvadele. Tagab t\u00f6\u00f6kindluse ja sujuva ts\u00fckli.\" \/>\n<meta name=\"robots\" content=\"index, follow, max-snippet:-1, max-image-preview:large, max-video-preview:-1\" \/>\n<link rel=\"canonical\" href=\"https:\/\/lahingupood.ee\/en\/product\/cnc-gears-set-181\/\" \/>\n<meta property=\"og:locale\" content=\"en_GB\" \/>\n<meta property=\"og:type\" content=\"article\" \/>\n<meta property=\"og:title\" content=\"CNC GEARS SET 18:1\" \/>\n<meta property=\"og:description\" content=\"CNC gears set 18:1 airsoft on t\u00e4pselt t\u00f6\u00f6deldud hammasrataste komplekt AEG relvadele. Tagab t\u00f6\u00f6kindluse ja sujuva ts\u00fckli.\" \/>\n<meta property=\"og:url\" content=\"https:\/\/lahingupood.ee\/en\/product\/cnc-gears-set-181\/\" \/>\n<meta property=\"og:site_name\" content=\"Lahingurada e-pood\" \/>\n<meta property=\"article:publisher\" content=\"https:\/\/www.facebook.com\/Lahingurada-629940247212967\" \/>\n<meta property=\"article:modified_time\" content=\"2026-05-02T17:00:02+00:00\" \/>\n<meta property=\"og:image\" content=\"https:\/\/lahingupood.ee\/wp-content\/uploads\/2025\/07\/dboys-cnc-gear-set-181-db105.jpg\" \/>\n\t<meta property=\"og:image:width\" content=\"1000\" \/>\n\t<meta property=\"og:image:height\" content=\"1000\" \/>\n\t<meta property=\"og:image:type\" content=\"image\/jpeg\" \/>\n<meta name=\"twitter:card\" content=\"summary_large_image\" \/>\n<meta name=\"twitter:label1\" content=\"Estimated reading time\" \/>\n\t<meta name=\"twitter:data1\" content=\"1 minute\" \/>\n<script type=\"application\/ld+json\" class=\"yoast-schema-graph\">{\"@context\":\"https:\\\/\\\/schema.org\",\"@graph\":[{\"@type\":\"WebPage\",\"@id\":\"https:\\\/\\\/lahingupood.ee\\\/toode\\\/cnc-gears-set-181\\\/\",\"url\":\"https:\\\/\\\/lahingupood.ee\\\/toode\\\/cnc-gears-set-181\\\/\",\"name\":\"CNC gears set 18:1 airsoft \u2013 t\u00e4pne AEG hammasrataste komplekt\",\"isPartOf\":{\"@id\":\"https:\\\/\\\/lahingupood.ee\\\/#website\"},\"primaryImageOfPage\":{\"@id\":\"https:\\\/\\\/lahingupood.ee\\\/toode\\\/cnc-gears-set-181\\\/#primaryimage\"},\"image\":{\"@id\":\"https:\\\/\\\/lahingupood.ee\\\/toode\\\/cnc-gears-set-181\\\/#primaryimage\"},\"thumbnailUrl\":\"https:\\\/\\\/lahingupood.ee\\\/wp-content\\\/uploads\\\/2025\\\/07\\\/dboys-cnc-gear-set-181-db105.jpg\",\"datePublished\":\"2025-07-09T10:51:32+00:00\",\"dateModified\":\"2026-05-02T17:00:02+00:00\",\"description\":\"CNC gears set 18:1 airsoft on t\u00e4pselt t\u00f6\u00f6deldud hammasrataste komplekt AEG relvadele. Tagab t\u00f6\u00f6kindluse ja sujuva ts\u00fckli.\",\"breadcrumb\":{\"@id\":\"https:\\\/\\\/lahingupood.ee\\\/toode\\\/cnc-gears-set-181\\\/#breadcrumb\"},\"inLanguage\":\"en-GB\",\"potentialAction\":[{\"@type\":\"ReadAction\",\"target\":[\"https:\\\/\\\/lahingupood.ee\\\/toode\\\/cnc-gears-set-181\\\/\"]}]},{\"@type\":\"ImageObject\",\"inLanguage\":\"en-GB\",\"@id\":\"https:\\\/\\\/lahingupood.ee\\\/toode\\\/cnc-gears-set-181\\\/#primaryimage\",\"url\":\"https:\\\/\\\/lahingupood.ee\\\/wp-content\\\/uploads\\\/2025\\\/07\\\/dboys-cnc-gear-set-181-db105.jpg\",\"contentUrl\":\"https:\\\/\\\/lahingupood.ee\\\/wp-content\\\/uploads\\\/2025\\\/07\\\/dboys-cnc-gear-set-181-db105.jpg\",\"width\":1000,\"height\":1000,\"caption\":\"CNC gears set 18:1 airsoft \u2013 t\u00e4pne ja vastupidav hammasrataste komplekt AEG relvadele.\"},{\"@type\":\"BreadcrumbList\",\"@id\":\"https:\\\/\\\/lahingupood.ee\\\/toode\\\/cnc-gears-set-181\\\/#breadcrumb\",\"itemListElement\":[{\"@type\":\"ListItem\",\"position\":1,\"name\":\"Home\",\"item\":\"https:\\\/\\\/lahingupood.ee\\\/\"},{\"@type\":\"ListItem\",\"position\":2,\"name\":\"Tooted\",\"item\":\"https:\\\/\\\/lahingupood.ee\\\/tooted\\\/\"},{\"@type\":\"ListItem\",\"position\":3,\"name\":\"CNC GEARS SET 18:1\"}]},{\"@type\":\"WebSite\",\"@id\":\"https:\\\/\\\/lahingupood.ee\\\/#website\",\"url\":\"https:\\\/\\\/lahingupood.ee\\\/\",\"name\":\"Lahingurada e-pood\",\"description\":\"Airsoft\",\"publisher\":{\"@id\":\"https:\\\/\\\/lahingupood.ee\\\/#organization\"},\"potentialAction\":[{\"@type\":\"SearchAction\",\"target\":{\"@type\":\"EntryPoint\",\"urlTemplate\":\"https:\\\/\\\/lahingupood.ee\\\/?s={search_term_string}\"},\"query-input\":{\"@type\":\"PropertyValueSpecification\",\"valueRequired\":true,\"valueName\":\"search_term_string\"}}],\"inLanguage\":\"en-GB\"},{\"@type\":\"Organization\",\"@id\":\"https:\\\/\\\/lahingupood.ee\\\/#organization\",\"name\":\"Lahingurada\",\"url\":\"https:\\\/\\\/lahingupood.ee\\\/\",\"logo\":{\"@type\":\"ImageObject\",\"inLanguage\":\"en-GB\",\"@id\":\"https:\\\/\\\/lahingupood.ee\\\/#\\\/schema\\\/logo\\\/image\\\/\",\"url\":\"https:\\\/\\\/lahingupood.ee\\\/wp-content\\\/uploads\\\/2022\\\/03\\\/lahingurada-220318.jpg\",\"contentUrl\":\"https:\\\/\\\/lahingupood.ee\\\/wp-content\\\/uploads\\\/2022\\\/03\\\/lahingurada-220318.jpg\",\"width\":800,\"height\":500,\"caption\":\"Lahingurada\"},\"image\":{\"@id\":\"https:\\\/\\\/lahingupood.ee\\\/#\\\/schema\\\/logo\\\/image\\\/\"},\"sameAs\":[\"https:\\\/\\\/www.facebook.com\\\/Lahingurada-629940247212967\"]}]}<\/script>\n<!-- \/ Yoast SEO Premium plugin. -->","yoast_head_json":{"title":"CNC gears set 18:1 airsoft \u2013 t\u00e4pne AEG hammasrataste komplekt","description":"CNC gears set 18:1 airsoft on t\u00e4pselt t\u00f6\u00f6deldud hammasrataste komplekt AEG relvadele. Tagab t\u00f6\u00f6kindluse ja sujuva ts\u00fckli.","robots":{"index":"index","follow":"follow","max-snippet":"max-snippet:-1","max-image-preview":"max-image-preview:large","max-video-preview":"max-video-preview:-1"},"canonical":"https:\/\/lahingupood.ee\/en\/product\/cnc-gears-set-181\/","og_locale":"en_GB","og_type":"article","og_title":"CNC GEARS SET 18:1","og_description":"CNC gears set 18:1 airsoft on t\u00e4pselt t\u00f6\u00f6deldud hammasrataste komplekt AEG relvadele. Tagab t\u00f6\u00f6kindluse ja sujuva ts\u00fckli.","og_url":"https:\/\/lahingupood.ee\/en\/product\/cnc-gears-set-181\/","og_site_name":"Lahingurada e-pood","article_publisher":"https:\/\/www.facebook.com\/Lahingurada-629940247212967","article_modified_time":"2026-05-02T17:00:02+00:00","og_image":[{"width":1000,"height":1000,"url":"https:\/\/lahingupood.ee\/wp-content\/uploads\/2025\/07\/dboys-cnc-gear-set-181-db105.jpg","type":"image\/jpeg"}],"twitter_card":"summary_large_image","twitter_misc":{"Estimated reading time":"1 minute"},"schema":{"@context":"https:\/\/schema.org","@graph":[{"@type":"WebPage","@id":"https:\/\/lahingupood.ee\/toode\/cnc-gears-set-181\/","url":"https:\/\/lahingupood.ee\/toode\/cnc-gears-set-181\/","name":"CNC gears set 18:1 airsoft \u2013 t\u00e4pne AEG hammasrataste komplekt","isPartOf":{"@id":"https:\/\/lahingupood.ee\/#website"},"primaryImageOfPage":{"@id":"https:\/\/lahingupood.ee\/toode\/cnc-gears-set-181\/#primaryimage"},"image":{"@id":"https:\/\/lahingupood.ee\/toode\/cnc-gears-set-181\/#primaryimage"},"thumbnailUrl":"https:\/\/lahingupood.ee\/wp-content\/uploads\/2025\/07\/dboys-cnc-gear-set-181-db105.jpg","datePublished":"2025-07-09T10:51:32+00:00","dateModified":"2026-05-02T17:00:02+00:00","description":"CNC gears set 18:1 airsoft on t\u00e4pselt t\u00f6\u00f6deldud hammasrataste komplekt AEG relvadele. Tagab t\u00f6\u00f6kindluse ja sujuva ts\u00fckli.","breadcrumb":{"@id":"https:\/\/lahingupood.ee\/toode\/cnc-gears-set-181\/#breadcrumb"},"inLanguage":"en-GB","potentialAction":[{"@type":"ReadAction","target":["https:\/\/lahingupood.ee\/toode\/cnc-gears-set-181\/"]}]},{"@type":"ImageObject","inLanguage":"en-GB","@id":"https:\/\/lahingupood.ee\/toode\/cnc-gears-set-181\/#primaryimage","url":"https:\/\/lahingupood.ee\/wp-content\/uploads\/2025\/07\/dboys-cnc-gear-set-181-db105.jpg","contentUrl":"https:\/\/lahingupood.ee\/wp-content\/uploads\/2025\/07\/dboys-cnc-gear-set-181-db105.jpg","width":1000,"height":1000,"caption":"CNC gears set 18:1 airsoft \u2013 t\u00e4pne ja vastupidav hammasrataste komplekt AEG relvadele."},{"@type":"BreadcrumbList","@id":"https:\/\/lahingupood.ee\/toode\/cnc-gears-set-181\/#breadcrumb","itemListElement":[{"@type":"ListItem","position":1,"name":"Home","item":"https:\/\/lahingupood.ee\/"},{"@type":"ListItem","position":2,"name":"Tooted","item":"https:\/\/lahingupood.ee\/tooted\/"},{"@type":"ListItem","position":3,"name":"CNC GEARS SET 18:1"}]},{"@type":"WebSite","@id":"https:\/\/lahingupood.ee\/#website","url":"https:\/\/lahingupood.ee\/","name":"Lahingurada e-pood","description":"Airsoft","publisher":{"@id":"https:\/\/lahingupood.ee\/#organization"},"potentialAction":[{"@type":"SearchAction","target":{"@type":"EntryPoint","urlTemplate":"https:\/\/lahingupood.ee\/?s={search_term_string}"},"query-input":{"@type":"PropertyValueSpecification","valueRequired":true,"valueName":"search_term_string"}}],"inLanguage":"en-GB"},{"@type":"Organization","@id":"https:\/\/lahingupood.ee\/#organization","name":"Lahingurada","url":"https:\/\/lahingupood.ee\/","logo":{"@type":"ImageObject","inLanguage":"en-GB","@id":"https:\/\/lahingupood.ee\/#\/schema\/logo\/image\/","url":"https:\/\/lahingupood.ee\/wp-content\/uploads\/2022\/03\/lahingurada-220318.jpg","contentUrl":"https:\/\/lahingupood.ee\/wp-content\/uploads\/2022\/03\/lahingurada-220318.jpg","width":800,"height":500,"caption":"Lahingurada"},"image":{"@id":"https:\/\/lahingupood.ee\/#\/schema\/logo\/image\/"},"sameAs":["https:\/\/www.facebook.com\/Lahingurada-629940247212967"]}]}},"_links":{"self":[{"href":"https:\/\/lahingupood.ee\/en\/wp-json\/wp\/v2\/product\/7131","targetHints":{"allow":["GET"]}}],"collection":[{"href":"https:\/\/lahingupood.ee\/en\/wp-json\/wp\/v2\/product"}],"about":[{"href":"https:\/\/lahingupood.ee\/en\/wp-json\/wp\/v2\/types\/product"}],"wp:featuredmedia":[{"embeddable":true,"href":"https:\/\/lahingupood.ee\/en\/wp-json\/wp\/v2\/media\/7087"}],"wp:attachment":[{"href":"https:\/\/lahingupood.ee\/en\/wp-json\/wp\/v2\/media?parent=7131"}],"wp:term":[{"taxonomy":"product_brand","embeddable":true,"href":"https:\/\/lahingupood.ee\/en\/wp-json\/wp\/v2\/product_brand?post=7131"},{"taxonomy":"product_cat","embeddable":true,"href":"https:\/\/lahingupood.ee\/en\/wp-json\/wp\/v2\/product_cat?post=7131"},{"taxonomy":"product_tag","embeddable":true,"href":"https:\/\/lahingupood.ee\/en\/wp-json\/wp\/v2\/product_tag?post=7131"}],"curies":[{"name":"wp","href":"https:\/\/api.w.org\/{rel}","templated":true}]}}