{"id":6866,"date":"2025-04-08T14:28:52","date_gmt":"2025-04-08T11:28:52","guid":{"rendered":"https:\/\/lahingupood.ee\/?post_type=product&#038;p=6866"},"modified":"2026-05-02T21:15:03","modified_gmt":"2026-05-02T18:15:03","slug":"single-rapid-response-mag-pouch-rg","status":"publish","type":"product","link":"https:\/\/lahingupood.ee\/en\/product\/single-rapid-response-mag-pouch-rg\/","title":{"rendered":"Single Rapid Response Mag Pouch RG"},"content":{"rendered":"<p data-start=\"337\" data-end=\"478\">Single Rapid Mag Pouch RG on \u00fche salve jaoks m\u00f5eldud kiire ligip\u00e4\u00e4suga tasku, mis on loodud airsoft m\u00e4ngijatele, kes vajavad kiiret reload\u2019i. Avatud disain v\u00f5imaldab salve kiiresti k\u00e4tte saada ja tagasi paigutada. Ideaalne aktiivseks m\u00e4ngustiiliks.<\/p>\n<p data-start=\"337\" data-end=\"478\">Tootja Shadow<\/p>","protected":false},"excerpt":{"rendered":"<p>Single Rapid Mag Pouch RG on \u00fche salve jaoks m\u00f5eldud kiire ligip\u00e4\u00e4suga tasku, mis on loodud airsoft m\u00e4ngijatele, kes vajavad kiiret reload\u2019i. Avatud disain v\u00f5imaldab salve kiiresti k\u00e4tte saada ja tagasi paigutada. Ideaalne aktiivseks m\u00e4ngustiiliks. Tootja Shadow<\/p>","protected":false},"featured_media":6868,"template":"","meta":[],"product_brand":[],"product_cat":[215,67],"product_tag":[],"class_list":{"0":"post-6866","1":"product","2":"type-product","3":"status-publish","4":"has-post-thumbnail","6":"product_cat-rg-od","7":"product_cat-varustuse-taskud","9":"first","10":"instock","11":"taxable","12":"shipping-taxable","13":"purchasable","14":"product-type-simple"},"yoast_head":"<!-- This site is optimized with the Yoast SEO Premium plugin v27.5 (Yoast SEO v27.5) - https:\/\/yoast.com\/product\/yoast-seo-premium-wordpress\/ -->\n<title>Single Rapid Mag Pouch RG \u2013 kiire salvetasku Ranger Green<\/title>\n<meta name=\"description\" content=\"Single Rapid Mag Pouch RG on kiire ligip\u00e4\u00e4suga salvetasku taktikaliseks tegevuseks. Sobib MOLLE s\u00fcsteemile ja tagab kiire reloadi.\" \/>\n<meta name=\"robots\" content=\"index, follow, max-snippet:-1, max-image-preview:large, max-video-preview:-1\" \/>\n<link rel=\"canonical\" href=\"https:\/\/lahingupood.ee\/en\/product\/single-rapid-response-mag-pouch-rg\/\" \/>\n<meta property=\"og:locale\" content=\"en_GB\" \/>\n<meta property=\"og:type\" content=\"article\" \/>\n<meta property=\"og:title\" content=\"Single Rapid Response Mag Pouch RG\" \/>\n<meta property=\"og:description\" content=\"Single Rapid Mag Pouch RG on kiire ligip\u00e4\u00e4suga salvetasku taktikaliseks tegevuseks. Sobib MOLLE s\u00fcsteemile ja tagab kiire reloadi.\" \/>\n<meta property=\"og:url\" content=\"https:\/\/lahingupood.ee\/en\/product\/single-rapid-response-mag-pouch-rg\/\" \/>\n<meta property=\"og:site_name\" content=\"Lahingurada e-pood\" \/>\n<meta property=\"article:publisher\" content=\"https:\/\/www.facebook.com\/Lahingurada-629940247212967\" \/>\n<meta property=\"article:modified_time\" content=\"2026-05-02T18:15:03+00:00\" \/>\n<meta property=\"og:image\" content=\"https:\/\/lahingupood.ee\/wp-content\/uploads\/2025\/04\/SHE-20040-RG.webp\" \/>\n\t<meta property=\"og:image:width\" content=\"1000\" \/>\n\t<meta property=\"og:image:height\" content=\"1500\" \/>\n\t<meta property=\"og:image:type\" content=\"image\/webp\" \/>\n<meta name=\"twitter:card\" content=\"summary_large_image\" \/>\n<meta name=\"twitter:label1\" content=\"Estimated reading time\" \/>\n\t<meta name=\"twitter:data1\" content=\"1 minute\" \/>\n<script type=\"application\/ld+json\" class=\"yoast-schema-graph\">{\"@context\":\"https:\\\/\\\/schema.org\",\"@graph\":[{\"@type\":\"WebPage\",\"@id\":\"https:\\\/\\\/lahingupood.ee\\\/toode\\\/single-rapid-response-mag-pouch-rg\\\/\",\"url\":\"https:\\\/\\\/lahingupood.ee\\\/toode\\\/single-rapid-response-mag-pouch-rg\\\/\",\"name\":\"Single Rapid Mag Pouch RG \u2013 kiire salvetasku Ranger Green\",\"isPartOf\":{\"@id\":\"https:\\\/\\\/lahingupood.ee\\\/#website\"},\"primaryImageOfPage\":{\"@id\":\"https:\\\/\\\/lahingupood.ee\\\/toode\\\/single-rapid-response-mag-pouch-rg\\\/#primaryimage\"},\"image\":{\"@id\":\"https:\\\/\\\/lahingupood.ee\\\/toode\\\/single-rapid-response-mag-pouch-rg\\\/#primaryimage\"},\"thumbnailUrl\":\"https:\\\/\\\/lahingupood.ee\\\/wp-content\\\/uploads\\\/2025\\\/04\\\/SHE-20040-RG.webp\",\"datePublished\":\"2025-04-08T11:28:52+00:00\",\"dateModified\":\"2026-05-02T18:15:03+00:00\",\"description\":\"Single Rapid Mag Pouch RG on kiire ligip\u00e4\u00e4suga salvetasku taktikaliseks tegevuseks. Sobib MOLLE s\u00fcsteemile ja tagab kiire reloadi.\",\"breadcrumb\":{\"@id\":\"https:\\\/\\\/lahingupood.ee\\\/toode\\\/single-rapid-response-mag-pouch-rg\\\/#breadcrumb\"},\"inLanguage\":\"en-GB\",\"potentialAction\":[{\"@type\":\"ReadAction\",\"target\":[\"https:\\\/\\\/lahingupood.ee\\\/toode\\\/single-rapid-response-mag-pouch-rg\\\/\"]}]},{\"@type\":\"ImageObject\",\"inLanguage\":\"en-GB\",\"@id\":\"https:\\\/\\\/lahingupood.ee\\\/toode\\\/single-rapid-response-mag-pouch-rg\\\/#primaryimage\",\"url\":\"https:\\\/\\\/lahingupood.ee\\\/wp-content\\\/uploads\\\/2025\\\/04\\\/SHE-20040-RG.webp\",\"contentUrl\":\"https:\\\/\\\/lahingupood.ee\\\/wp-content\\\/uploads\\\/2025\\\/04\\\/SHE-20040-RG.webp\",\"width\":1000,\"height\":1500,\"caption\":\"Single Rapid Mag Pouch RG \u2013 kiire ja vastupidav salvetasku Ranger Green toonis airsoftiks\"},{\"@type\":\"BreadcrumbList\",\"@id\":\"https:\\\/\\\/lahingupood.ee\\\/toode\\\/single-rapid-response-mag-pouch-rg\\\/#breadcrumb\",\"itemListElement\":[{\"@type\":\"ListItem\",\"position\":1,\"name\":\"Home\",\"item\":\"https:\\\/\\\/lahingupood.ee\\\/\"},{\"@type\":\"ListItem\",\"position\":2,\"name\":\"Tooted\",\"item\":\"https:\\\/\\\/lahingupood.ee\\\/tooted\\\/\"},{\"@type\":\"ListItem\",\"position\":3,\"name\":\"Single Rapid Response Mag Pouch RG\"}]},{\"@type\":\"WebSite\",\"@id\":\"https:\\\/\\\/lahingupood.ee\\\/#website\",\"url\":\"https:\\\/\\\/lahingupood.ee\\\/\",\"name\":\"Lahingurada e-pood\",\"description\":\"Airsoft\",\"publisher\":{\"@id\":\"https:\\\/\\\/lahingupood.ee\\\/#organization\"},\"potentialAction\":[{\"@type\":\"SearchAction\",\"target\":{\"@type\":\"EntryPoint\",\"urlTemplate\":\"https:\\\/\\\/lahingupood.ee\\\/?s={search_term_string}\"},\"query-input\":{\"@type\":\"PropertyValueSpecification\",\"valueRequired\":true,\"valueName\":\"search_term_string\"}}],\"inLanguage\":\"en-GB\"},{\"@type\":\"Organization\",\"@id\":\"https:\\\/\\\/lahingupood.ee\\\/#organization\",\"name\":\"Lahingurada\",\"url\":\"https:\\\/\\\/lahingupood.ee\\\/\",\"logo\":{\"@type\":\"ImageObject\",\"inLanguage\":\"en-GB\",\"@id\":\"https:\\\/\\\/lahingupood.ee\\\/#\\\/schema\\\/logo\\\/image\\\/\",\"url\":\"https:\\\/\\\/lahingupood.ee\\\/wp-content\\\/uploads\\\/2022\\\/03\\\/lahingurada-220318.jpg\",\"contentUrl\":\"https:\\\/\\\/lahingupood.ee\\\/wp-content\\\/uploads\\\/2022\\\/03\\\/lahingurada-220318.jpg\",\"width\":800,\"height\":500,\"caption\":\"Lahingurada\"},\"image\":{\"@id\":\"https:\\\/\\\/lahingupood.ee\\\/#\\\/schema\\\/logo\\\/image\\\/\"},\"sameAs\":[\"https:\\\/\\\/www.facebook.com\\\/Lahingurada-629940247212967\"]}]}<\/script>\n<!-- \/ Yoast SEO Premium plugin. -->","yoast_head_json":{"title":"Single Rapid Mag Pouch RG \u2013 kiire salvetasku Ranger Green","description":"Single Rapid Mag Pouch RG on kiire ligip\u00e4\u00e4suga salvetasku taktikaliseks tegevuseks. Sobib MOLLE s\u00fcsteemile ja tagab kiire reloadi.","robots":{"index":"index","follow":"follow","max-snippet":"max-snippet:-1","max-image-preview":"max-image-preview:large","max-video-preview":"max-video-preview:-1"},"canonical":"https:\/\/lahingupood.ee\/en\/product\/single-rapid-response-mag-pouch-rg\/","og_locale":"en_GB","og_type":"article","og_title":"Single Rapid Response Mag Pouch RG","og_description":"Single Rapid Mag Pouch RG on kiire ligip\u00e4\u00e4suga salvetasku taktikaliseks tegevuseks. Sobib MOLLE s\u00fcsteemile ja tagab kiire reloadi.","og_url":"https:\/\/lahingupood.ee\/en\/product\/single-rapid-response-mag-pouch-rg\/","og_site_name":"Lahingurada e-pood","article_publisher":"https:\/\/www.facebook.com\/Lahingurada-629940247212967","article_modified_time":"2026-05-02T18:15:03+00:00","og_image":[{"width":1000,"height":1500,"url":"https:\/\/lahingupood.ee\/wp-content\/uploads\/2025\/04\/SHE-20040-RG.webp","type":"image\/webp"}],"twitter_card":"summary_large_image","twitter_misc":{"Estimated reading time":"1 minute"},"schema":{"@context":"https:\/\/schema.org","@graph":[{"@type":"WebPage","@id":"https:\/\/lahingupood.ee\/toode\/single-rapid-response-mag-pouch-rg\/","url":"https:\/\/lahingupood.ee\/toode\/single-rapid-response-mag-pouch-rg\/","name":"Single Rapid Mag Pouch RG \u2013 kiire salvetasku Ranger Green","isPartOf":{"@id":"https:\/\/lahingupood.ee\/#website"},"primaryImageOfPage":{"@id":"https:\/\/lahingupood.ee\/toode\/single-rapid-response-mag-pouch-rg\/#primaryimage"},"image":{"@id":"https:\/\/lahingupood.ee\/toode\/single-rapid-response-mag-pouch-rg\/#primaryimage"},"thumbnailUrl":"https:\/\/lahingupood.ee\/wp-content\/uploads\/2025\/04\/SHE-20040-RG.webp","datePublished":"2025-04-08T11:28:52+00:00","dateModified":"2026-05-02T18:15:03+00:00","description":"Single Rapid Mag Pouch RG on kiire ligip\u00e4\u00e4suga salvetasku taktikaliseks tegevuseks. Sobib MOLLE s\u00fcsteemile ja tagab kiire reloadi.","breadcrumb":{"@id":"https:\/\/lahingupood.ee\/toode\/single-rapid-response-mag-pouch-rg\/#breadcrumb"},"inLanguage":"en-GB","potentialAction":[{"@type":"ReadAction","target":["https:\/\/lahingupood.ee\/toode\/single-rapid-response-mag-pouch-rg\/"]}]},{"@type":"ImageObject","inLanguage":"en-GB","@id":"https:\/\/lahingupood.ee\/toode\/single-rapid-response-mag-pouch-rg\/#primaryimage","url":"https:\/\/lahingupood.ee\/wp-content\/uploads\/2025\/04\/SHE-20040-RG.webp","contentUrl":"https:\/\/lahingupood.ee\/wp-content\/uploads\/2025\/04\/SHE-20040-RG.webp","width":1000,"height":1500,"caption":"Single Rapid Mag Pouch RG \u2013 kiire ja vastupidav salvetasku Ranger Green toonis airsoftiks"},{"@type":"BreadcrumbList","@id":"https:\/\/lahingupood.ee\/toode\/single-rapid-response-mag-pouch-rg\/#breadcrumb","itemListElement":[{"@type":"ListItem","position":1,"name":"Home","item":"https:\/\/lahingupood.ee\/"},{"@type":"ListItem","position":2,"name":"Tooted","item":"https:\/\/lahingupood.ee\/tooted\/"},{"@type":"ListItem","position":3,"name":"Single Rapid Response Mag Pouch RG"}]},{"@type":"WebSite","@id":"https:\/\/lahingupood.ee\/#website","url":"https:\/\/lahingupood.ee\/","name":"Lahingurada e-pood","description":"Airsoft","publisher":{"@id":"https:\/\/lahingupood.ee\/#organization"},"potentialAction":[{"@type":"SearchAction","target":{"@type":"EntryPoint","urlTemplate":"https:\/\/lahingupood.ee\/?s={search_term_string}"},"query-input":{"@type":"PropertyValueSpecification","valueRequired":true,"valueName":"search_term_string"}}],"inLanguage":"en-GB"},{"@type":"Organization","@id":"https:\/\/lahingupood.ee\/#organization","name":"Lahingurada","url":"https:\/\/lahingupood.ee\/","logo":{"@type":"ImageObject","inLanguage":"en-GB","@id":"https:\/\/lahingupood.ee\/#\/schema\/logo\/image\/","url":"https:\/\/lahingupood.ee\/wp-content\/uploads\/2022\/03\/lahingurada-220318.jpg","contentUrl":"https:\/\/lahingupood.ee\/wp-content\/uploads\/2022\/03\/lahingurada-220318.jpg","width":800,"height":500,"caption":"Lahingurada"},"image":{"@id":"https:\/\/lahingupood.ee\/#\/schema\/logo\/image\/"},"sameAs":["https:\/\/www.facebook.com\/Lahingurada-629940247212967"]}]}},"_links":{"self":[{"href":"https:\/\/lahingupood.ee\/en\/wp-json\/wp\/v2\/product\/6866","targetHints":{"allow":["GET"]}}],"collection":[{"href":"https:\/\/lahingupood.ee\/en\/wp-json\/wp\/v2\/product"}],"about":[{"href":"https:\/\/lahingupood.ee\/en\/wp-json\/wp\/v2\/types\/product"}],"wp:featuredmedia":[{"embeddable":true,"href":"https:\/\/lahingupood.ee\/en\/wp-json\/wp\/v2\/media\/6868"}],"wp:attachment":[{"href":"https:\/\/lahingupood.ee\/en\/wp-json\/wp\/v2\/media?parent=6866"}],"wp:term":[{"taxonomy":"product_brand","embeddable":true,"href":"https:\/\/lahingupood.ee\/en\/wp-json\/wp\/v2\/product_brand?post=6866"},{"taxonomy":"product_cat","embeddable":true,"href":"https:\/\/lahingupood.ee\/en\/wp-json\/wp\/v2\/product_cat?post=6866"},{"taxonomy":"product_tag","embeddable":true,"href":"https:\/\/lahingupood.ee\/en\/wp-json\/wp\/v2\/product_tag?post=6866"}],"curies":[{"name":"wp","href":"https:\/\/api.w.org\/{rel}","templated":true}]}}