{"id":6843,"date":"2025-04-08T13:34:50","date_gmt":"2025-04-08T10:34:50","guid":{"rendered":"https:\/\/lahingupood.ee\/?post_type=product&#038;p=6843"},"modified":"2026-05-02T21:00:06","modified_gmt":"2026-05-02T18:00:06","slug":"large-utility-pouch-ranger-green","status":"publish","type":"product","link":"https:\/\/lahingupood.ee\/en\/product\/large-utility-pouch-ranger-green\/","title":{"rendered":"LARGE UTILITY POUCH RANGER GREEN"},"content":{"rendered":"<p data-start=\"342\" data-end=\"633\">Large utility pouch ranger green on praktiline ja mahukas taktikaline tasku, mis on loodud erineva varustuse mugavaks hoiustamiseks ja transportimiseks. T\u00e4nu oma universaalsele disainile sobib see kasutamiseks nii Airsoft m\u00e4ngudes, militaarsetes rakendustes kui ka igap\u00e4evases v\u00e4litegevuses.<\/p>\n<p data-start=\"635\" data-end=\"894\">","protected":false},"excerpt":{"rendered":"<p>Large utility pouch ranger green on praktiline ja mahukas taktikaline tasku, mis on loodud erineva varustuse mugavaks hoiustamiseks ja transportimiseks. T\u00e4nu oma universaalsele disainile sobib see kasutamiseks nii Airsoft m\u00e4ngudes, militaarsetes rakendustes kui ka igap\u00e4evases v\u00e4litegevuses.<\/p>","protected":false},"featured_media":6846,"template":"","meta":[],"product_brand":[],"product_cat":[215,67],"product_tag":[],"class_list":{"0":"post-6843","1":"product","2":"type-product","3":"status-publish","4":"has-post-thumbnail","6":"product_cat-rg-od","7":"product_cat-varustuse-taskud","9":"first","10":"instock","11":"taxable","12":"shipping-taxable","13":"purchasable","14":"product-type-simple"},"yoast_head":"<!-- This site is optimized with the Yoast SEO Premium plugin v27.5 (Yoast SEO v27.5) - https:\/\/yoast.com\/product\/yoast-seo-premium-wordpress\/ -->\n<title>Large Utility Pouch Ranger Green \u2013 taktikaline tasku MOLLE<\/title>\n<meta name=\"description\" content=\"Large utility pouch ranger green on mahukas MOLLE kinnitusega tasku, sobib varustuse, t\u00f6\u00f6riistade ja lisatarvikute hoiustamiseks.\" \/>\n<meta name=\"robots\" content=\"index, follow, max-snippet:-1, max-image-preview:large, max-video-preview:-1\" \/>\n<link rel=\"canonical\" href=\"https:\/\/lahingupood.ee\/en\/product\/large-utility-pouch-ranger-green\/\" \/>\n<meta property=\"og:locale\" content=\"en_GB\" \/>\n<meta property=\"og:type\" content=\"article\" \/>\n<meta property=\"og:title\" content=\"LARGE UTILITY POUCH RANGER GREEN\" \/>\n<meta property=\"og:description\" content=\"Large utility pouch ranger green on mahukas MOLLE kinnitusega tasku, sobib varustuse, t\u00f6\u00f6riistade ja lisatarvikute hoiustamiseks.\" \/>\n<meta property=\"og:url\" content=\"https:\/\/lahingupood.ee\/en\/product\/large-utility-pouch-ranger-green\/\" \/>\n<meta property=\"og:site_name\" content=\"Lahingurada e-pood\" \/>\n<meta property=\"article:publisher\" content=\"https:\/\/www.facebook.com\/Lahingurada-629940247212967\" \/>\n<meta property=\"article:modified_time\" content=\"2026-05-02T18:00:06+00:00\" \/>\n<meta property=\"og:image\" content=\"https:\/\/lahingupood.ee\/wp-content\/uploads\/2025\/04\/DSC_9372.webp\" \/>\n\t<meta property=\"og:image:width\" content=\"900\" \/>\n\t<meta property=\"og:image:height\" content=\"1349\" \/>\n\t<meta property=\"og:image:type\" content=\"image\/webp\" \/>\n<meta name=\"twitter:card\" content=\"summary_large_image\" \/>\n<meta name=\"twitter:label1\" content=\"Estimated reading time\" \/>\n\t<meta name=\"twitter:data1\" content=\"1 minute\" \/>\n<script type=\"application\/ld+json\" class=\"yoast-schema-graph\">{\"@context\":\"https:\\\/\\\/schema.org\",\"@graph\":[{\"@type\":\"WebPage\",\"@id\":\"https:\\\/\\\/lahingupood.ee\\\/toode\\\/large-utility-pouch-ranger-green\\\/\",\"url\":\"https:\\\/\\\/lahingupood.ee\\\/toode\\\/large-utility-pouch-ranger-green\\\/\",\"name\":\"Large Utility Pouch Ranger Green \u2013 taktikaline tasku MOLLE\",\"isPartOf\":{\"@id\":\"https:\\\/\\\/lahingupood.ee\\\/#website\"},\"primaryImageOfPage\":{\"@id\":\"https:\\\/\\\/lahingupood.ee\\\/toode\\\/large-utility-pouch-ranger-green\\\/#primaryimage\"},\"image\":{\"@id\":\"https:\\\/\\\/lahingupood.ee\\\/toode\\\/large-utility-pouch-ranger-green\\\/#primaryimage\"},\"thumbnailUrl\":\"https:\\\/\\\/lahingupood.ee\\\/wp-content\\\/uploads\\\/2025\\\/04\\\/DSC_9372.webp\",\"datePublished\":\"2025-04-08T10:34:50+00:00\",\"dateModified\":\"2026-05-02T18:00:06+00:00\",\"description\":\"Large utility pouch ranger green on mahukas MOLLE kinnitusega tasku, sobib varustuse, t\u00f6\u00f6riistade ja lisatarvikute hoiustamiseks.\",\"breadcrumb\":{\"@id\":\"https:\\\/\\\/lahingupood.ee\\\/toode\\\/large-utility-pouch-ranger-green\\\/#breadcrumb\"},\"inLanguage\":\"en-GB\",\"potentialAction\":[{\"@type\":\"ReadAction\",\"target\":[\"https:\\\/\\\/lahingupood.ee\\\/toode\\\/large-utility-pouch-ranger-green\\\/\"]}]},{\"@type\":\"ImageObject\",\"inLanguage\":\"en-GB\",\"@id\":\"https:\\\/\\\/lahingupood.ee\\\/toode\\\/large-utility-pouch-ranger-green\\\/#primaryimage\",\"url\":\"https:\\\/\\\/lahingupood.ee\\\/wp-content\\\/uploads\\\/2025\\\/04\\\/DSC_9372.webp\",\"contentUrl\":\"https:\\\/\\\/lahingupood.ee\\\/wp-content\\\/uploads\\\/2025\\\/04\\\/DSC_9372.webp\",\"width\":900,\"height\":1349,\"caption\":\"large utility pouch ranger green MOLLE taktikaline tasku varustuse hoiustamiseks\"},{\"@type\":\"BreadcrumbList\",\"@id\":\"https:\\\/\\\/lahingupood.ee\\\/toode\\\/large-utility-pouch-ranger-green\\\/#breadcrumb\",\"itemListElement\":[{\"@type\":\"ListItem\",\"position\":1,\"name\":\"Home\",\"item\":\"https:\\\/\\\/lahingupood.ee\\\/\"},{\"@type\":\"ListItem\",\"position\":2,\"name\":\"Tooted\",\"item\":\"https:\\\/\\\/lahingupood.ee\\\/tooted\\\/\"},{\"@type\":\"ListItem\",\"position\":3,\"name\":\"LARGE UTILITY POUCH RANGER GREEN\"}]},{\"@type\":\"WebSite\",\"@id\":\"https:\\\/\\\/lahingupood.ee\\\/#website\",\"url\":\"https:\\\/\\\/lahingupood.ee\\\/\",\"name\":\"Lahingurada e-pood\",\"description\":\"Airsoft\",\"publisher\":{\"@id\":\"https:\\\/\\\/lahingupood.ee\\\/#organization\"},\"potentialAction\":[{\"@type\":\"SearchAction\",\"target\":{\"@type\":\"EntryPoint\",\"urlTemplate\":\"https:\\\/\\\/lahingupood.ee\\\/?s={search_term_string}\"},\"query-input\":{\"@type\":\"PropertyValueSpecification\",\"valueRequired\":true,\"valueName\":\"search_term_string\"}}],\"inLanguage\":\"en-GB\"},{\"@type\":\"Organization\",\"@id\":\"https:\\\/\\\/lahingupood.ee\\\/#organization\",\"name\":\"Lahingurada\",\"url\":\"https:\\\/\\\/lahingupood.ee\\\/\",\"logo\":{\"@type\":\"ImageObject\",\"inLanguage\":\"en-GB\",\"@id\":\"https:\\\/\\\/lahingupood.ee\\\/#\\\/schema\\\/logo\\\/image\\\/\",\"url\":\"https:\\\/\\\/lahingupood.ee\\\/wp-content\\\/uploads\\\/2022\\\/03\\\/lahingurada-220318.jpg\",\"contentUrl\":\"https:\\\/\\\/lahingupood.ee\\\/wp-content\\\/uploads\\\/2022\\\/03\\\/lahingurada-220318.jpg\",\"width\":800,\"height\":500,\"caption\":\"Lahingurada\"},\"image\":{\"@id\":\"https:\\\/\\\/lahingupood.ee\\\/#\\\/schema\\\/logo\\\/image\\\/\"},\"sameAs\":[\"https:\\\/\\\/www.facebook.com\\\/Lahingurada-629940247212967\"]}]}<\/script>\n<!-- \/ Yoast SEO Premium plugin. -->","yoast_head_json":{"title":"Large Utility Pouch Ranger Green \u2013 taktikaline tasku MOLLE","description":"Large utility pouch ranger green on mahukas MOLLE kinnitusega tasku, sobib varustuse, t\u00f6\u00f6riistade ja lisatarvikute hoiustamiseks.","robots":{"index":"index","follow":"follow","max-snippet":"max-snippet:-1","max-image-preview":"max-image-preview:large","max-video-preview":"max-video-preview:-1"},"canonical":"https:\/\/lahingupood.ee\/en\/product\/large-utility-pouch-ranger-green\/","og_locale":"en_GB","og_type":"article","og_title":"LARGE UTILITY POUCH RANGER GREEN","og_description":"Large utility pouch ranger green on mahukas MOLLE kinnitusega tasku, sobib varustuse, t\u00f6\u00f6riistade ja lisatarvikute hoiustamiseks.","og_url":"https:\/\/lahingupood.ee\/en\/product\/large-utility-pouch-ranger-green\/","og_site_name":"Lahingurada e-pood","article_publisher":"https:\/\/www.facebook.com\/Lahingurada-629940247212967","article_modified_time":"2026-05-02T18:00:06+00:00","og_image":[{"width":900,"height":1349,"url":"https:\/\/lahingupood.ee\/wp-content\/uploads\/2025\/04\/DSC_9372.webp","type":"image\/webp"}],"twitter_card":"summary_large_image","twitter_misc":{"Estimated reading time":"1 minute"},"schema":{"@context":"https:\/\/schema.org","@graph":[{"@type":"WebPage","@id":"https:\/\/lahingupood.ee\/toode\/large-utility-pouch-ranger-green\/","url":"https:\/\/lahingupood.ee\/toode\/large-utility-pouch-ranger-green\/","name":"Large Utility Pouch Ranger Green \u2013 taktikaline tasku MOLLE","isPartOf":{"@id":"https:\/\/lahingupood.ee\/#website"},"primaryImageOfPage":{"@id":"https:\/\/lahingupood.ee\/toode\/large-utility-pouch-ranger-green\/#primaryimage"},"image":{"@id":"https:\/\/lahingupood.ee\/toode\/large-utility-pouch-ranger-green\/#primaryimage"},"thumbnailUrl":"https:\/\/lahingupood.ee\/wp-content\/uploads\/2025\/04\/DSC_9372.webp","datePublished":"2025-04-08T10:34:50+00:00","dateModified":"2026-05-02T18:00:06+00:00","description":"Large utility pouch ranger green on mahukas MOLLE kinnitusega tasku, sobib varustuse, t\u00f6\u00f6riistade ja lisatarvikute hoiustamiseks.","breadcrumb":{"@id":"https:\/\/lahingupood.ee\/toode\/large-utility-pouch-ranger-green\/#breadcrumb"},"inLanguage":"en-GB","potentialAction":[{"@type":"ReadAction","target":["https:\/\/lahingupood.ee\/toode\/large-utility-pouch-ranger-green\/"]}]},{"@type":"ImageObject","inLanguage":"en-GB","@id":"https:\/\/lahingupood.ee\/toode\/large-utility-pouch-ranger-green\/#primaryimage","url":"https:\/\/lahingupood.ee\/wp-content\/uploads\/2025\/04\/DSC_9372.webp","contentUrl":"https:\/\/lahingupood.ee\/wp-content\/uploads\/2025\/04\/DSC_9372.webp","width":900,"height":1349,"caption":"large utility pouch ranger green MOLLE taktikaline tasku varustuse hoiustamiseks"},{"@type":"BreadcrumbList","@id":"https:\/\/lahingupood.ee\/toode\/large-utility-pouch-ranger-green\/#breadcrumb","itemListElement":[{"@type":"ListItem","position":1,"name":"Home","item":"https:\/\/lahingupood.ee\/"},{"@type":"ListItem","position":2,"name":"Tooted","item":"https:\/\/lahingupood.ee\/tooted\/"},{"@type":"ListItem","position":3,"name":"LARGE UTILITY POUCH RANGER GREEN"}]},{"@type":"WebSite","@id":"https:\/\/lahingupood.ee\/#website","url":"https:\/\/lahingupood.ee\/","name":"Lahingurada e-pood","description":"Airsoft","publisher":{"@id":"https:\/\/lahingupood.ee\/#organization"},"potentialAction":[{"@type":"SearchAction","target":{"@type":"EntryPoint","urlTemplate":"https:\/\/lahingupood.ee\/?s={search_term_string}"},"query-input":{"@type":"PropertyValueSpecification","valueRequired":true,"valueName":"search_term_string"}}],"inLanguage":"en-GB"},{"@type":"Organization","@id":"https:\/\/lahingupood.ee\/#organization","name":"Lahingurada","url":"https:\/\/lahingupood.ee\/","logo":{"@type":"ImageObject","inLanguage":"en-GB","@id":"https:\/\/lahingupood.ee\/#\/schema\/logo\/image\/","url":"https:\/\/lahingupood.ee\/wp-content\/uploads\/2022\/03\/lahingurada-220318.jpg","contentUrl":"https:\/\/lahingupood.ee\/wp-content\/uploads\/2022\/03\/lahingurada-220318.jpg","width":800,"height":500,"caption":"Lahingurada"},"image":{"@id":"https:\/\/lahingupood.ee\/#\/schema\/logo\/image\/"},"sameAs":["https:\/\/www.facebook.com\/Lahingurada-629940247212967"]}]}},"_links":{"self":[{"href":"https:\/\/lahingupood.ee\/en\/wp-json\/wp\/v2\/product\/6843","targetHints":{"allow":["GET"]}}],"collection":[{"href":"https:\/\/lahingupood.ee\/en\/wp-json\/wp\/v2\/product"}],"about":[{"href":"https:\/\/lahingupood.ee\/en\/wp-json\/wp\/v2\/types\/product"}],"wp:featuredmedia":[{"embeddable":true,"href":"https:\/\/lahingupood.ee\/en\/wp-json\/wp\/v2\/media\/6846"}],"wp:attachment":[{"href":"https:\/\/lahingupood.ee\/en\/wp-json\/wp\/v2\/media?parent=6843"}],"wp:term":[{"taxonomy":"product_brand","embeddable":true,"href":"https:\/\/lahingupood.ee\/en\/wp-json\/wp\/v2\/product_brand?post=6843"},{"taxonomy":"product_cat","embeddable":true,"href":"https:\/\/lahingupood.ee\/en\/wp-json\/wp\/v2\/product_cat?post=6843"},{"taxonomy":"product_tag","embeddable":true,"href":"https:\/\/lahingupood.ee\/en\/wp-json\/wp\/v2\/product_tag?post=6843"}],"curies":[{"name":"wp","href":"https:\/\/api.w.org\/{rel}","templated":true}]}}