{"id":6826,"date":"2025-04-08T12:55:06","date_gmt":"2025-04-08T09:55:06","guid":{"rendered":"https:\/\/lahingupood.ee\/?post_type=product&#038;p=6826"},"modified":"2026-04-12T18:15:06","modified_gmt":"2026-04-12T15:15:06","slug":"drop-down-utilioty-pouch-od","status":"publish","type":"product","link":"https:\/\/lahingupood.ee\/en\/product\/drop-down-utilioty-pouch-od\/","title":{"rendered":"Drop Down Utilioty Pouch OD"},"content":{"rendered":"<p>Drop Down Utilioty Pouch OD<\/p>\n<p>Mugav ja mahukas admintasku. K\u00f5ige mugavam on. seda kasutada komplektis\u00a0<a href=\"https:\/\/lahingupood.ee\/en\/product\/spartan-plate-carrier-shadow\/\">Spartan plaadikandjaga<\/a>. Sisse saab panna k\u00f5ike mida v\u00f5ib vaja minna. Sees on kaks eraldatud osa. \u00dcks suur p\u00f5hiosa ja lukuga v\u00e4iksem tasku erinevate pisematew vahendite mahutamiseks.<\/p>","protected":false},"excerpt":{"rendered":"<p>Drop Down Utilioty Pouch OD Mugav ja mahukas admintasku. K\u00f5ige mugavam on. seda kasutada komplektis\u00a0Spartan plaadikandjaga. Sisse saab panna k\u00f5ike mida v\u00f5ib vaja minna. Sees on kaks eraldatud osa. \u00dcks suur p\u00f5hiosa ja lukuga v\u00e4iksem tasku erinevate pisematew vahendite mahutamiseks.<\/p>","protected":false},"featured_media":6825,"template":"","meta":[],"product_brand":[],"product_cat":[215,67],"product_tag":[],"class_list":{"0":"post-6826","1":"product","2":"type-product","3":"status-publish","4":"has-post-thumbnail","6":"product_cat-rg-od","7":"product_cat-varustuse-taskud","9":"first","10":"instock","11":"taxable","12":"shipping-taxable","13":"purchasable","14":"product-type-simple"},"yoast_head":"<!-- This site is optimized with the Yoast SEO Premium plugin v27.3 (Yoast SEO v27.3) - https:\/\/yoast.com\/product\/yoast-seo-premium-wordpress\/ -->\n<title>Drop Down Utilioty Pouch OD - Lahingurada e-pood<\/title>\n<meta name=\"description\" content=\"Mugav ja mahukas admintasku. K\u00f5ige mugavam on. seda kasutada komplektis\u00a0Spartan plaadikandjaga. Sisse saab panna k\u00f5ike mida v\u00f5ib vaja minna.\" \/>\n<meta name=\"robots\" content=\"index, follow, max-snippet:-1, max-image-preview:large, max-video-preview:-1\" \/>\n<link rel=\"canonical\" href=\"https:\/\/lahingupood.ee\/en\/product\/drop-down-utilioty-pouch-od\/\" \/>\n<meta property=\"og:locale\" content=\"en_GB\" \/>\n<meta property=\"og:type\" content=\"article\" \/>\n<meta property=\"og:title\" content=\"Drop Down Utilioty Pouch OD\" \/>\n<meta property=\"og:description\" content=\"Mugav ja mahukas admintasku. K\u00f5ige mugavam on. seda kasutada komplektis\u00a0Spartan plaadikandjaga. Sisse saab panna k\u00f5ike mida v\u00f5ib vaja minna.\" \/>\n<meta property=\"og:url\" content=\"https:\/\/lahingupood.ee\/en\/product\/drop-down-utilioty-pouch-od\/\" \/>\n<meta property=\"og:site_name\" content=\"Lahingurada e-pood\" \/>\n<meta property=\"article:publisher\" content=\"https:\/\/www.facebook.com\/Lahingurada-629940247212967\" \/>\n<meta property=\"article:modified_time\" content=\"2026-04-12T15:15:06+00:00\" \/>\n<meta property=\"og:image\" content=\"https:\/\/lahingupood.ee\/wp-content\/uploads\/2025\/04\/1737417_1.jpg\" \/>\n\t<meta property=\"og:image:width\" content=\"1348\" \/>\n\t<meta property=\"og:image:height\" content=\"1348\" \/>\n\t<meta property=\"og:image:type\" content=\"image\/jpeg\" \/>\n<meta name=\"twitter:card\" content=\"summary_large_image\" \/>\n<meta name=\"twitter:label1\" content=\"Estimated reading time\" \/>\n\t<meta name=\"twitter:data1\" content=\"1 minute\" \/>\n<script type=\"application\/ld+json\" class=\"yoast-schema-graph\">{\"@context\":\"https:\\\/\\\/schema.org\",\"@graph\":[{\"@type\":\"WebPage\",\"@id\":\"https:\\\/\\\/lahingupood.ee\\\/toode\\\/drop-down-utilioty-pouch-od\\\/\",\"url\":\"https:\\\/\\\/lahingupood.ee\\\/toode\\\/drop-down-utilioty-pouch-od\\\/\",\"name\":\"Drop Down Utilioty Pouch OD - Lahingurada e-pood\",\"isPartOf\":{\"@id\":\"https:\\\/\\\/lahingupood.ee\\\/#website\"},\"primaryImageOfPage\":{\"@id\":\"https:\\\/\\\/lahingupood.ee\\\/toode\\\/drop-down-utilioty-pouch-od\\\/#primaryimage\"},\"image\":{\"@id\":\"https:\\\/\\\/lahingupood.ee\\\/toode\\\/drop-down-utilioty-pouch-od\\\/#primaryimage\"},\"thumbnailUrl\":\"https:\\\/\\\/lahingupood.ee\\\/wp-content\\\/uploads\\\/2025\\\/04\\\/1737417_1.jpg\",\"datePublished\":\"2025-04-08T09:55:06+00:00\",\"dateModified\":\"2026-04-12T15:15:06+00:00\",\"description\":\"Mugav ja mahukas admintasku. K\u00f5ige mugavam on. seda kasutada komplektis\u00a0Spartan plaadikandjaga. Sisse saab panna k\u00f5ike mida v\u00f5ib vaja minna.\",\"breadcrumb\":{\"@id\":\"https:\\\/\\\/lahingupood.ee\\\/toode\\\/drop-down-utilioty-pouch-od\\\/#breadcrumb\"},\"inLanguage\":\"en-GB\",\"potentialAction\":[{\"@type\":\"ReadAction\",\"target\":[\"https:\\\/\\\/lahingupood.ee\\\/toode\\\/drop-down-utilioty-pouch-od\\\/\"]}]},{\"@type\":\"ImageObject\",\"inLanguage\":\"en-GB\",\"@id\":\"https:\\\/\\\/lahingupood.ee\\\/toode\\\/drop-down-utilioty-pouch-od\\\/#primaryimage\",\"url\":\"https:\\\/\\\/lahingupood.ee\\\/wp-content\\\/uploads\\\/2025\\\/04\\\/1737417_1.jpg\",\"contentUrl\":\"https:\\\/\\\/lahingupood.ee\\\/wp-content\\\/uploads\\\/2025\\\/04\\\/1737417_1.jpg\",\"width\":1348,\"height\":1348},{\"@type\":\"BreadcrumbList\",\"@id\":\"https:\\\/\\\/lahingupood.ee\\\/toode\\\/drop-down-utilioty-pouch-od\\\/#breadcrumb\",\"itemListElement\":[{\"@type\":\"ListItem\",\"position\":1,\"name\":\"Home\",\"item\":\"https:\\\/\\\/lahingupood.ee\\\/\"},{\"@type\":\"ListItem\",\"position\":2,\"name\":\"Tooted\",\"item\":\"https:\\\/\\\/lahingupood.ee\\\/tooted\\\/\"},{\"@type\":\"ListItem\",\"position\":3,\"name\":\"Drop Down Utilioty Pouch OD\"}]},{\"@type\":\"WebSite\",\"@id\":\"https:\\\/\\\/lahingupood.ee\\\/#website\",\"url\":\"https:\\\/\\\/lahingupood.ee\\\/\",\"name\":\"Lahingurada e-pood\",\"description\":\"Airsoft\",\"publisher\":{\"@id\":\"https:\\\/\\\/lahingupood.ee\\\/#organization\"},\"potentialAction\":[{\"@type\":\"SearchAction\",\"target\":{\"@type\":\"EntryPoint\",\"urlTemplate\":\"https:\\\/\\\/lahingupood.ee\\\/?s={search_term_string}\"},\"query-input\":{\"@type\":\"PropertyValueSpecification\",\"valueRequired\":true,\"valueName\":\"search_term_string\"}}],\"inLanguage\":\"en-GB\"},{\"@type\":\"Organization\",\"@id\":\"https:\\\/\\\/lahingupood.ee\\\/#organization\",\"name\":\"Lahingurada\",\"url\":\"https:\\\/\\\/lahingupood.ee\\\/\",\"logo\":{\"@type\":\"ImageObject\",\"inLanguage\":\"en-GB\",\"@id\":\"https:\\\/\\\/lahingupood.ee\\\/#\\\/schema\\\/logo\\\/image\\\/\",\"url\":\"https:\\\/\\\/lahingupood.ee\\\/wp-content\\\/uploads\\\/2022\\\/03\\\/lahingurada-220318.jpg\",\"contentUrl\":\"https:\\\/\\\/lahingupood.ee\\\/wp-content\\\/uploads\\\/2022\\\/03\\\/lahingurada-220318.jpg\",\"width\":800,\"height\":500,\"caption\":\"Lahingurada\"},\"image\":{\"@id\":\"https:\\\/\\\/lahingupood.ee\\\/#\\\/schema\\\/logo\\\/image\\\/\"},\"sameAs\":[\"https:\\\/\\\/www.facebook.com\\\/Lahingurada-629940247212967\"]}]}<\/script>\n<!-- \/ Yoast SEO Premium plugin. -->","yoast_head_json":{"title":"Drop Down Utilioty Pouch OD - Lahingurada e-pood","description":"Mugav ja mahukas admintasku. K\u00f5ige mugavam on. seda kasutada komplektis\u00a0Spartan plaadikandjaga. Sisse saab panna k\u00f5ike mida v\u00f5ib vaja minna.","robots":{"index":"index","follow":"follow","max-snippet":"max-snippet:-1","max-image-preview":"max-image-preview:large","max-video-preview":"max-video-preview:-1"},"canonical":"https:\/\/lahingupood.ee\/en\/product\/drop-down-utilioty-pouch-od\/","og_locale":"en_GB","og_type":"article","og_title":"Drop Down Utilioty Pouch OD","og_description":"Mugav ja mahukas admintasku. K\u00f5ige mugavam on. seda kasutada komplektis\u00a0Spartan plaadikandjaga. Sisse saab panna k\u00f5ike mida v\u00f5ib vaja minna.","og_url":"https:\/\/lahingupood.ee\/en\/product\/drop-down-utilioty-pouch-od\/","og_site_name":"Lahingurada e-pood","article_publisher":"https:\/\/www.facebook.com\/Lahingurada-629940247212967","article_modified_time":"2026-04-12T15:15:06+00:00","og_image":[{"width":1348,"height":1348,"url":"https:\/\/lahingupood.ee\/wp-content\/uploads\/2025\/04\/1737417_1.jpg","type":"image\/jpeg"}],"twitter_card":"summary_large_image","twitter_misc":{"Estimated reading time":"1 minute"},"schema":{"@context":"https:\/\/schema.org","@graph":[{"@type":"WebPage","@id":"https:\/\/lahingupood.ee\/toode\/drop-down-utilioty-pouch-od\/","url":"https:\/\/lahingupood.ee\/toode\/drop-down-utilioty-pouch-od\/","name":"Drop Down Utilioty Pouch OD - Lahingurada e-pood","isPartOf":{"@id":"https:\/\/lahingupood.ee\/#website"},"primaryImageOfPage":{"@id":"https:\/\/lahingupood.ee\/toode\/drop-down-utilioty-pouch-od\/#primaryimage"},"image":{"@id":"https:\/\/lahingupood.ee\/toode\/drop-down-utilioty-pouch-od\/#primaryimage"},"thumbnailUrl":"https:\/\/lahingupood.ee\/wp-content\/uploads\/2025\/04\/1737417_1.jpg","datePublished":"2025-04-08T09:55:06+00:00","dateModified":"2026-04-12T15:15:06+00:00","description":"Mugav ja mahukas admintasku. K\u00f5ige mugavam on. seda kasutada komplektis\u00a0Spartan plaadikandjaga. Sisse saab panna k\u00f5ike mida v\u00f5ib vaja minna.","breadcrumb":{"@id":"https:\/\/lahingupood.ee\/toode\/drop-down-utilioty-pouch-od\/#breadcrumb"},"inLanguage":"en-GB","potentialAction":[{"@type":"ReadAction","target":["https:\/\/lahingupood.ee\/toode\/drop-down-utilioty-pouch-od\/"]}]},{"@type":"ImageObject","inLanguage":"en-GB","@id":"https:\/\/lahingupood.ee\/toode\/drop-down-utilioty-pouch-od\/#primaryimage","url":"https:\/\/lahingupood.ee\/wp-content\/uploads\/2025\/04\/1737417_1.jpg","contentUrl":"https:\/\/lahingupood.ee\/wp-content\/uploads\/2025\/04\/1737417_1.jpg","width":1348,"height":1348},{"@type":"BreadcrumbList","@id":"https:\/\/lahingupood.ee\/toode\/drop-down-utilioty-pouch-od\/#breadcrumb","itemListElement":[{"@type":"ListItem","position":1,"name":"Home","item":"https:\/\/lahingupood.ee\/"},{"@type":"ListItem","position":2,"name":"Tooted","item":"https:\/\/lahingupood.ee\/tooted\/"},{"@type":"ListItem","position":3,"name":"Drop Down Utilioty Pouch OD"}]},{"@type":"WebSite","@id":"https:\/\/lahingupood.ee\/#website","url":"https:\/\/lahingupood.ee\/","name":"Lahingurada e-pood","description":"Airsoft","publisher":{"@id":"https:\/\/lahingupood.ee\/#organization"},"potentialAction":[{"@type":"SearchAction","target":{"@type":"EntryPoint","urlTemplate":"https:\/\/lahingupood.ee\/?s={search_term_string}"},"query-input":{"@type":"PropertyValueSpecification","valueRequired":true,"valueName":"search_term_string"}}],"inLanguage":"en-GB"},{"@type":"Organization","@id":"https:\/\/lahingupood.ee\/#organization","name":"Lahingurada","url":"https:\/\/lahingupood.ee\/","logo":{"@type":"ImageObject","inLanguage":"en-GB","@id":"https:\/\/lahingupood.ee\/#\/schema\/logo\/image\/","url":"https:\/\/lahingupood.ee\/wp-content\/uploads\/2022\/03\/lahingurada-220318.jpg","contentUrl":"https:\/\/lahingupood.ee\/wp-content\/uploads\/2022\/03\/lahingurada-220318.jpg","width":800,"height":500,"caption":"Lahingurada"},"image":{"@id":"https:\/\/lahingupood.ee\/#\/schema\/logo\/image\/"},"sameAs":["https:\/\/www.facebook.com\/Lahingurada-629940247212967"]}]}},"_links":{"self":[{"href":"https:\/\/lahingupood.ee\/en\/wp-json\/wp\/v2\/product\/6826","targetHints":{"allow":["GET"]}}],"collection":[{"href":"https:\/\/lahingupood.ee\/en\/wp-json\/wp\/v2\/product"}],"about":[{"href":"https:\/\/lahingupood.ee\/en\/wp-json\/wp\/v2\/types\/product"}],"wp:featuredmedia":[{"embeddable":true,"href":"https:\/\/lahingupood.ee\/en\/wp-json\/wp\/v2\/media\/6825"}],"wp:attachment":[{"href":"https:\/\/lahingupood.ee\/en\/wp-json\/wp\/v2\/media?parent=6826"}],"wp:term":[{"taxonomy":"product_brand","embeddable":true,"href":"https:\/\/lahingupood.ee\/en\/wp-json\/wp\/v2\/product_brand?post=6826"},{"taxonomy":"product_cat","embeddable":true,"href":"https:\/\/lahingupood.ee\/en\/wp-json\/wp\/v2\/product_cat?post=6826"},{"taxonomy":"product_tag","embeddable":true,"href":"https:\/\/lahingupood.ee\/en\/wp-json\/wp\/v2\/product_tag?post=6826"}],"curies":[{"name":"wp","href":"https:\/\/api.w.org\/{rel}","templated":true}]}}