{"id":672,"date":"2022-04-14T15:24:22","date_gmt":"2022-04-14T12:24:22","guid":{"rendered":"https:\/\/lahingupood.ee\/?post_type=product&#038;p=672"},"modified":"2026-05-16T04:00:03","modified_gmt":"2026-05-16T01:00:03","slug":"shadow-drop-down-varustustasku-cad","status":"publish","type":"product","link":"https:\/\/lahingupood.ee\/en\/product\/shadow-drop-down-varustustasku-cad\/","title":{"rendered":"Shadow Drop Down varustustasku CAD"},"content":{"rendered":"<p><strong data-start=\"633\" data-end=\"667\">Shadow Drop Down varustustasku<\/strong> CAD mustris on plaadikandja v\u00f5i chest rig\u2019i alla kinnitatav lisatasku. See t\u00f6\u00f6tab nagu kompaktne k\u00f5hutasku ja annab lisaruumi t\u00f6\u00f6riistade, tarvikute, kinnaste, m\u00e4rkmete v\u00f5i muu v\u00e4iksema varustuse kandmiseks.<\/p>","protected":false},"excerpt":{"rendered":"<p>Shadow Drop Down varustustasku CAD mustris on plaadikandja v\u00f5i chest rig\u2019i alla kinnitatav lisatasku. See t\u00f6\u00f6tab nagu kompaktne k\u00f5hutasku ja annab lisaruumi t\u00f6\u00f6riistade, tarvikute, kinnaste, m\u00e4rkmete v\u00f5i muu v\u00e4iksema varustuse kandmiseks.<\/p>","protected":false},"featured_media":652,"template":"","meta":[],"product_brand":[],"product_cat":[213,67],"product_tag":[],"class_list":{"0":"post-672","1":"product","2":"type-product","3":"status-publish","4":"has-post-thumbnail","6":"product_cat-cad","7":"product_cat-varustuse-taskud","9":"first","10":"instock","11":"taxable","12":"shipping-taxable","13":"purchasable","14":"product-type-simple"},"yoast_head":"<!-- This site is optimized with the Yoast SEO Premium plugin v27.6 (Yoast SEO v27.6) - https:\/\/yoast.com\/product\/yoast-seo-premium-wordpress\/ -->\n<title>Drop Down varustustasku CAD | Shadow<\/title>\n<meta name=\"description\" content=\"Drop Down varustustasku CAD on Shadow takjakinnitusega k\u00f5hutasku plaadikandjale v\u00f5i chest rigile. Sobib t\u00f6\u00f6riistade ja v\u00e4ikse varustuse kandmiseks.\" \/>\n<meta name=\"robots\" content=\"index, follow, max-snippet:-1, max-image-preview:large, max-video-preview:-1\" \/>\n<link rel=\"canonical\" href=\"https:\/\/lahingupood.ee\/en\/product\/shadow-drop-down-varustustasku-cad\/\" \/>\n<meta property=\"og:locale\" content=\"en_GB\" \/>\n<meta property=\"og:type\" content=\"article\" \/>\n<meta property=\"og:title\" content=\"Shadow Drop Down varustustasku CAD\" \/>\n<meta property=\"og:description\" content=\"Drop Down varustustasku CAD on Shadow takjakinnitusega k\u00f5hutasku plaadikandjale v\u00f5i chest rigile. Sobib t\u00f6\u00f6riistade ja v\u00e4ikse varustuse kandmiseks.\" \/>\n<meta property=\"og:url\" content=\"https:\/\/lahingupood.ee\/en\/product\/shadow-drop-down-varustustasku-cad\/\" \/>\n<meta property=\"og:site_name\" content=\"Lahingurada e-pood\" \/>\n<meta property=\"article:publisher\" content=\"https:\/\/www.facebook.com\/Lahingurada-629940247212967\" \/>\n<meta property=\"article:modified_time\" content=\"2026-05-16T01:00:03+00:00\" \/>\n<meta property=\"og:image\" content=\"https:\/\/lahingupood.ee\/wp-content\/uploads\/2022\/04\/DSC_2423_6f517666-104b-4cfa-8f8e-59dfc2c1e377_900x.jpg.webp\" \/>\n\t<meta property=\"og:image:width\" content=\"900\" \/>\n\t<meta property=\"og:image:height\" content=\"600\" \/>\n\t<meta property=\"og:image:type\" content=\"image\/webp\" \/>\n<meta name=\"twitter:card\" content=\"summary_large_image\" \/>\n<meta name=\"twitter:label1\" content=\"Estimated reading time\" \/>\n\t<meta name=\"twitter:data1\" content=\"1 minute\" \/>\n<script type=\"application\/ld+json\" class=\"yoast-schema-graph\">{\"@context\":\"https:\\\/\\\/schema.org\",\"@graph\":[{\"@type\":\"WebPage\",\"@id\":\"https:\\\/\\\/lahingupood.ee\\\/toode\\\/shadow-drop-down-varustustasku-cad\\\/\",\"url\":\"https:\\\/\\\/lahingupood.ee\\\/toode\\\/shadow-drop-down-varustustasku-cad\\\/\",\"name\":\"Drop Down varustustasku CAD | Shadow\",\"isPartOf\":{\"@id\":\"https:\\\/\\\/lahingupood.ee\\\/#website\"},\"primaryImageOfPage\":{\"@id\":\"https:\\\/\\\/lahingupood.ee\\\/toode\\\/shadow-drop-down-varustustasku-cad\\\/#primaryimage\"},\"image\":{\"@id\":\"https:\\\/\\\/lahingupood.ee\\\/toode\\\/shadow-drop-down-varustustasku-cad\\\/#primaryimage\"},\"thumbnailUrl\":\"https:\\\/\\\/lahingupood.ee\\\/wp-content\\\/uploads\\\/2022\\\/04\\\/DSC_2423_6f517666-104b-4cfa-8f8e-59dfc2c1e377_900x.jpg.webp\",\"datePublished\":\"2022-04-14T12:24:22+00:00\",\"dateModified\":\"2026-05-16T01:00:03+00:00\",\"description\":\"Drop Down varustustasku CAD on Shadow takjakinnitusega k\u00f5hutasku plaadikandjale v\u00f5i chest rigile. Sobib t\u00f6\u00f6riistade ja v\u00e4ikse varustuse kandmiseks.\",\"breadcrumb\":{\"@id\":\"https:\\\/\\\/lahingupood.ee\\\/toode\\\/shadow-drop-down-varustustasku-cad\\\/#breadcrumb\"},\"inLanguage\":\"en-GB\",\"potentialAction\":[{\"@type\":\"ReadAction\",\"target\":[\"https:\\\/\\\/lahingupood.ee\\\/toode\\\/shadow-drop-down-varustustasku-cad\\\/\"]}]},{\"@type\":\"ImageObject\",\"inLanguage\":\"en-GB\",\"@id\":\"https:\\\/\\\/lahingupood.ee\\\/toode\\\/shadow-drop-down-varustustasku-cad\\\/#primaryimage\",\"url\":\"https:\\\/\\\/lahingupood.ee\\\/wp-content\\\/uploads\\\/2022\\\/04\\\/DSC_2423_6f517666-104b-4cfa-8f8e-59dfc2c1e377_900x.jpg.webp\",\"contentUrl\":\"https:\\\/\\\/lahingupood.ee\\\/wp-content\\\/uploads\\\/2022\\\/04\\\/DSC_2423_6f517666-104b-4cfa-8f8e-59dfc2c1e377_900x.jpg.webp\",\"width\":900,\"height\":600,\"caption\":\"Drop Down varustustasku CAD Shadow\"},{\"@type\":\"BreadcrumbList\",\"@id\":\"https:\\\/\\\/lahingupood.ee\\\/toode\\\/shadow-drop-down-varustustasku-cad\\\/#breadcrumb\",\"itemListElement\":[{\"@type\":\"ListItem\",\"position\":1,\"name\":\"Home\",\"item\":\"https:\\\/\\\/lahingupood.ee\\\/\"},{\"@type\":\"ListItem\",\"position\":2,\"name\":\"Tooted\",\"item\":\"https:\\\/\\\/lahingupood.ee\\\/tooted\\\/\"},{\"@type\":\"ListItem\",\"position\":3,\"name\":\"Shadow Drop Down varustustasku CAD\"}]},{\"@type\":\"WebSite\",\"@id\":\"https:\\\/\\\/lahingupood.ee\\\/#website\",\"url\":\"https:\\\/\\\/lahingupood.ee\\\/\",\"name\":\"Lahingurada e-pood\",\"description\":\"Airsoft\",\"publisher\":{\"@id\":\"https:\\\/\\\/lahingupood.ee\\\/#organization\"},\"potentialAction\":[{\"@type\":\"SearchAction\",\"target\":{\"@type\":\"EntryPoint\",\"urlTemplate\":\"https:\\\/\\\/lahingupood.ee\\\/?s={search_term_string}\"},\"query-input\":{\"@type\":\"PropertyValueSpecification\",\"valueRequired\":true,\"valueName\":\"search_term_string\"}}],\"inLanguage\":\"en-GB\"},{\"@type\":\"Organization\",\"@id\":\"https:\\\/\\\/lahingupood.ee\\\/#organization\",\"name\":\"Lahingurada\",\"url\":\"https:\\\/\\\/lahingupood.ee\\\/\",\"logo\":{\"@type\":\"ImageObject\",\"inLanguage\":\"en-GB\",\"@id\":\"https:\\\/\\\/lahingupood.ee\\\/#\\\/schema\\\/logo\\\/image\\\/\",\"url\":\"https:\\\/\\\/lahingupood.ee\\\/wp-content\\\/uploads\\\/2022\\\/03\\\/lahingurada-220318.jpg\",\"contentUrl\":\"https:\\\/\\\/lahingupood.ee\\\/wp-content\\\/uploads\\\/2022\\\/03\\\/lahingurada-220318.jpg\",\"width\":800,\"height\":500,\"caption\":\"Lahingurada\"},\"image\":{\"@id\":\"https:\\\/\\\/lahingupood.ee\\\/#\\\/schema\\\/logo\\\/image\\\/\"},\"sameAs\":[\"https:\\\/\\\/www.facebook.com\\\/Lahingurada-629940247212967\"]}]}<\/script>\n<!-- \/ Yoast SEO Premium plugin. -->","yoast_head_json":{"title":"Drop Down varustustasku CAD | Shadow","description":"Drop Down varustustasku CAD on Shadow takjakinnitusega k\u00f5hutasku plaadikandjale v\u00f5i chest rigile. Sobib t\u00f6\u00f6riistade ja v\u00e4ikse varustuse kandmiseks.","robots":{"index":"index","follow":"follow","max-snippet":"max-snippet:-1","max-image-preview":"max-image-preview:large","max-video-preview":"max-video-preview:-1"},"canonical":"https:\/\/lahingupood.ee\/en\/product\/shadow-drop-down-varustustasku-cad\/","og_locale":"en_GB","og_type":"article","og_title":"Shadow Drop Down varustustasku CAD","og_description":"Drop Down varustustasku CAD on Shadow takjakinnitusega k\u00f5hutasku plaadikandjale v\u00f5i chest rigile. Sobib t\u00f6\u00f6riistade ja v\u00e4ikse varustuse kandmiseks.","og_url":"https:\/\/lahingupood.ee\/en\/product\/shadow-drop-down-varustustasku-cad\/","og_site_name":"Lahingurada e-pood","article_publisher":"https:\/\/www.facebook.com\/Lahingurada-629940247212967","article_modified_time":"2026-05-16T01:00:03+00:00","og_image":[{"width":900,"height":600,"url":"https:\/\/lahingupood.ee\/wp-content\/uploads\/2022\/04\/DSC_2423_6f517666-104b-4cfa-8f8e-59dfc2c1e377_900x.jpg.webp","type":"image\/webp"}],"twitter_card":"summary_large_image","twitter_misc":{"Estimated reading time":"1 minute"},"schema":{"@context":"https:\/\/schema.org","@graph":[{"@type":"WebPage","@id":"https:\/\/lahingupood.ee\/toode\/shadow-drop-down-varustustasku-cad\/","url":"https:\/\/lahingupood.ee\/toode\/shadow-drop-down-varustustasku-cad\/","name":"Drop Down varustustasku CAD | Shadow","isPartOf":{"@id":"https:\/\/lahingupood.ee\/#website"},"primaryImageOfPage":{"@id":"https:\/\/lahingupood.ee\/toode\/shadow-drop-down-varustustasku-cad\/#primaryimage"},"image":{"@id":"https:\/\/lahingupood.ee\/toode\/shadow-drop-down-varustustasku-cad\/#primaryimage"},"thumbnailUrl":"https:\/\/lahingupood.ee\/wp-content\/uploads\/2022\/04\/DSC_2423_6f517666-104b-4cfa-8f8e-59dfc2c1e377_900x.jpg.webp","datePublished":"2022-04-14T12:24:22+00:00","dateModified":"2026-05-16T01:00:03+00:00","description":"Drop Down varustustasku CAD on Shadow takjakinnitusega k\u00f5hutasku plaadikandjale v\u00f5i chest rigile. Sobib t\u00f6\u00f6riistade ja v\u00e4ikse varustuse kandmiseks.","breadcrumb":{"@id":"https:\/\/lahingupood.ee\/toode\/shadow-drop-down-varustustasku-cad\/#breadcrumb"},"inLanguage":"en-GB","potentialAction":[{"@type":"ReadAction","target":["https:\/\/lahingupood.ee\/toode\/shadow-drop-down-varustustasku-cad\/"]}]},{"@type":"ImageObject","inLanguage":"en-GB","@id":"https:\/\/lahingupood.ee\/toode\/shadow-drop-down-varustustasku-cad\/#primaryimage","url":"https:\/\/lahingupood.ee\/wp-content\/uploads\/2022\/04\/DSC_2423_6f517666-104b-4cfa-8f8e-59dfc2c1e377_900x.jpg.webp","contentUrl":"https:\/\/lahingupood.ee\/wp-content\/uploads\/2022\/04\/DSC_2423_6f517666-104b-4cfa-8f8e-59dfc2c1e377_900x.jpg.webp","width":900,"height":600,"caption":"Drop Down varustustasku CAD Shadow"},{"@type":"BreadcrumbList","@id":"https:\/\/lahingupood.ee\/toode\/shadow-drop-down-varustustasku-cad\/#breadcrumb","itemListElement":[{"@type":"ListItem","position":1,"name":"Home","item":"https:\/\/lahingupood.ee\/"},{"@type":"ListItem","position":2,"name":"Tooted","item":"https:\/\/lahingupood.ee\/tooted\/"},{"@type":"ListItem","position":3,"name":"Shadow Drop Down varustustasku CAD"}]},{"@type":"WebSite","@id":"https:\/\/lahingupood.ee\/#website","url":"https:\/\/lahingupood.ee\/","name":"Lahingurada e-pood","description":"Airsoft","publisher":{"@id":"https:\/\/lahingupood.ee\/#organization"},"potentialAction":[{"@type":"SearchAction","target":{"@type":"EntryPoint","urlTemplate":"https:\/\/lahingupood.ee\/?s={search_term_string}"},"query-input":{"@type":"PropertyValueSpecification","valueRequired":true,"valueName":"search_term_string"}}],"inLanguage":"en-GB"},{"@type":"Organization","@id":"https:\/\/lahingupood.ee\/#organization","name":"Lahingurada","url":"https:\/\/lahingupood.ee\/","logo":{"@type":"ImageObject","inLanguage":"en-GB","@id":"https:\/\/lahingupood.ee\/#\/schema\/logo\/image\/","url":"https:\/\/lahingupood.ee\/wp-content\/uploads\/2022\/03\/lahingurada-220318.jpg","contentUrl":"https:\/\/lahingupood.ee\/wp-content\/uploads\/2022\/03\/lahingurada-220318.jpg","width":800,"height":500,"caption":"Lahingurada"},"image":{"@id":"https:\/\/lahingupood.ee\/#\/schema\/logo\/image\/"},"sameAs":["https:\/\/www.facebook.com\/Lahingurada-629940247212967"]}]}},"_links":{"self":[{"href":"https:\/\/lahingupood.ee\/en\/wp-json\/wp\/v2\/product\/672","targetHints":{"allow":["GET"]}}],"collection":[{"href":"https:\/\/lahingupood.ee\/en\/wp-json\/wp\/v2\/product"}],"about":[{"href":"https:\/\/lahingupood.ee\/en\/wp-json\/wp\/v2\/types\/product"}],"wp:featuredmedia":[{"embeddable":true,"href":"https:\/\/lahingupood.ee\/en\/wp-json\/wp\/v2\/media\/652"}],"wp:attachment":[{"href":"https:\/\/lahingupood.ee\/en\/wp-json\/wp\/v2\/media?parent=672"}],"wp:term":[{"taxonomy":"product_brand","embeddable":true,"href":"https:\/\/lahingupood.ee\/en\/wp-json\/wp\/v2\/product_brand?post=672"},{"taxonomy":"product_cat","embeddable":true,"href":"https:\/\/lahingupood.ee\/en\/wp-json\/wp\/v2\/product_cat?post=672"},{"taxonomy":"product_tag","embeddable":true,"href":"https:\/\/lahingupood.ee\/en\/wp-json\/wp\/v2\/product_tag?post=672"}],"curies":[{"name":"wp","href":"https:\/\/api.w.org\/{rel}","templated":true}]}}