{"id":6700,"date":"2025-03-12T15:10:55","date_gmt":"2025-03-12T13:10:55","guid":{"rendered":"https:\/\/lahingupood.ee\/?post_type=product&#038;p=6700"},"modified":"2025-03-14T12:31:14","modified_gmt":"2025-03-14T10:31:14","slug":"m-pro-plaadikandja-pehmenduspaneel-pc2pp","status":"publish","type":"product","link":"https:\/\/lahingupood.ee\/en\/product\/m-pro-plaadikandja-pehmenduspaneel-pc2pp\/","title":{"rendered":"M-Pro plaadikandja pehmenduspaneel PC2PP"},"content":{"rendered":"<p>Matrix Protecti plaadikandja \u00e4rav\u00f5etav ventilatsioonikanalitega 3D v\u00f5rgust pehmenduspaneel V2 muudab sellise plaadikandja kasutamise oluliselt mugavamaks v\u00f5rreldes sellistega, millel selline paneel puudub. Mudel V2 erineb mudelist V1 selle poolest,et mudelil V2 on paremad ventilatsiooniomadused seoses nn ventilatsioonikanalitega, mille abil p\u00e4\u00e4seb v\u00e4lis\u00f5hk paremini ventilatsioonipadja struktuuride sisse, v\u00f5imaldades paremat jahutust ja ka niiskuse aurustumist.<\/p>\n<p>Paneel ventileerib, pehmendab, amortiseerib ja lisaks saab paneeli takjas\u00fcsteemi abil ka kinnitada plaadikandjale lisataskuid. Tavaoludes plaadikandja siseosa kas m\u00e4\u00e4rdub seoses ekstreemsete keskkonnatingimustega nagu muda, tolm, praht jms. Soojematel perioodidel on probleemiks higistamine. Matrix Protecti plaadikandja paneeli saab kergesti eemalda, pesta, puhastada muul viisil ning vajadusel ka uuega asendada. Erinevatel missioonidel olnud kasutajate reaalsed kogemused ja tagasiside on olnud v\u00e4ga positiivsed.<\/p>\n<p>Pehmenduspaneele saab osta \u00fchekaupa.<\/p>","protected":false},"excerpt":{"rendered":"<p>Matrix Protecti plaadikandja \u00e4rav\u00f5etav ventilatsioonikanalitega 3D v\u00f5rgust pehmenduspaneel V2 muudab sellise plaadikandja kasutamise oluliselt mugavamaks v\u00f5rreldes sellistega, millel selline paneel puudub. Mudel V2 erineb mudelist V1 selle poolest,et mudelil V2 on paremad ventilatsiooniomadused seoses nn ventilatsioonikanalitega, mille abil p\u00e4\u00e4seb v\u00e4lis\u00f5hk paremini ventilatsioonipadja struktuuride sisse, v\u00f5imaldades paremat jahutust ja ka niiskuse aurustumist. Paneel ventileerib, pehmendab, amortiseerib [&#8230;]\n","protected":false},"featured_media":6703,"template":"","meta":[],"product_brand":[],"product_cat":[209],"product_tag":[],"class_list":{"0":"post-6700","1":"product","2":"type-product","3":"status-publish","4":"has-post-thumbnail","6":"product_cat-tarvikud","8":"first","9":"onbackorder","10":"taxable","11":"shipping-taxable","12":"purchasable","13":"product-type-simple"},"yoast_head":"<!-- This site is optimized with the Yoast SEO Premium plugin v27.3 (Yoast SEO v27.3) - https:\/\/yoast.com\/product\/yoast-seo-premium-wordpress\/ -->\n<title>M-Pro plaadikandja pehmenduspaneel PC2PP - Lahingurada e-pood<\/title>\n<meta name=\"description\" content=\"atrix Protecti plaadikandja \u00e4rav\u00f5etav ventilatsioonikanalitega 3D v\u00f5rgust pehmenduspaneel V2 muudab sellise plaadikandja kasutamise oluliselt mugavamaks\" \/>\n<meta name=\"robots\" content=\"index, follow, max-snippet:-1, max-image-preview:large, max-video-preview:-1\" \/>\n<link rel=\"canonical\" href=\"https:\/\/lahingupood.ee\/en\/product\/m-pro-plaadikandja-pehmenduspaneel-pc2pp\/\" \/>\n<meta property=\"og:locale\" content=\"en_GB\" \/>\n<meta property=\"og:type\" content=\"article\" \/>\n<meta property=\"og:title\" content=\"M-Pro plaadikandja pehmenduspaneel PC2PP\" \/>\n<meta property=\"og:description\" content=\"atrix Protecti plaadikandja \u00e4rav\u00f5etav ventilatsioonikanalitega 3D v\u00f5rgust pehmenduspaneel V2 muudab sellise plaadikandja kasutamise oluliselt mugavamaks\" \/>\n<meta property=\"og:url\" content=\"https:\/\/lahingupood.ee\/en\/product\/m-pro-plaadikandja-pehmenduspaneel-pc2pp\/\" \/>\n<meta property=\"og:site_name\" content=\"Lahingurada e-pood\" \/>\n<meta property=\"article:publisher\" content=\"https:\/\/www.facebook.com\/Lahingurada-629940247212967\" \/>\n<meta property=\"article:modified_time\" content=\"2025-03-14T10:31:14+00:00\" \/>\n<meta property=\"og:image\" content=\"https:\/\/lahingupood.ee\/wp-content\/uploads\/2022\/03\/lahingurada-220318.jpg\" \/>\n\t<meta property=\"og:image:width\" content=\"800\" \/>\n\t<meta property=\"og:image:height\" content=\"500\" \/>\n\t<meta property=\"og:image:type\" content=\"image\/jpeg\" \/>\n<meta name=\"twitter:card\" content=\"summary_large_image\" \/>\n<meta name=\"twitter:label1\" content=\"Estimated reading time\" \/>\n\t<meta name=\"twitter:data1\" content=\"1 minute\" \/>\n<script type=\"application\/ld+json\" class=\"yoast-schema-graph\">{\"@context\":\"https:\\\/\\\/schema.org\",\"@graph\":[{\"@type\":\"WebPage\",\"@id\":\"https:\\\/\\\/lahingupood.ee\\\/toode\\\/m-pro-plaadikandja-pehmenduspaneel-pc2pp\\\/\",\"url\":\"https:\\\/\\\/lahingupood.ee\\\/toode\\\/m-pro-plaadikandja-pehmenduspaneel-pc2pp\\\/\",\"name\":\"M-Pro plaadikandja pehmenduspaneel PC2PP - Lahingurada e-pood\",\"isPartOf\":{\"@id\":\"https:\\\/\\\/lahingupood.ee\\\/#website\"},\"primaryImageOfPage\":{\"@id\":\"https:\\\/\\\/lahingupood.ee\\\/toode\\\/m-pro-plaadikandja-pehmenduspaneel-pc2pp\\\/#primaryimage\"},\"image\":{\"@id\":\"https:\\\/\\\/lahingupood.ee\\\/toode\\\/m-pro-plaadikandja-pehmenduspaneel-pc2pp\\\/#primaryimage\"},\"thumbnailUrl\":\"https:\\\/\\\/lahingupood.ee\\\/wp-content\\\/uploads\\\/2025\\\/03\\\/G1-PC2PP-01.jpg.avif\",\"datePublished\":\"2025-03-12T13:10:55+00:00\",\"dateModified\":\"2025-03-14T10:31:14+00:00\",\"description\":\"atrix Protecti plaadikandja \u00e4rav\u00f5etav ventilatsioonikanalitega 3D v\u00f5rgust pehmenduspaneel V2 muudab sellise plaadikandja kasutamise oluliselt mugavamaks\",\"breadcrumb\":{\"@id\":\"https:\\\/\\\/lahingupood.ee\\\/toode\\\/m-pro-plaadikandja-pehmenduspaneel-pc2pp\\\/#breadcrumb\"},\"inLanguage\":\"en-GB\",\"potentialAction\":[{\"@type\":\"ReadAction\",\"target\":[\"https:\\\/\\\/lahingupood.ee\\\/toode\\\/m-pro-plaadikandja-pehmenduspaneel-pc2pp\\\/\"]}]},{\"@type\":\"ImageObject\",\"inLanguage\":\"en-GB\",\"@id\":\"https:\\\/\\\/lahingupood.ee\\\/toode\\\/m-pro-plaadikandja-pehmenduspaneel-pc2pp\\\/#primaryimage\",\"url\":\"https:\\\/\\\/lahingupood.ee\\\/wp-content\\\/uploads\\\/2025\\\/03\\\/G1-PC2PP-01.jpg.avif\",\"contentUrl\":\"https:\\\/\\\/lahingupood.ee\\\/wp-content\\\/uploads\\\/2025\\\/03\\\/G1-PC2PP-01.jpg.avif\",\"width\":1080,\"height\":1080},{\"@type\":\"BreadcrumbList\",\"@id\":\"https:\\\/\\\/lahingupood.ee\\\/toode\\\/m-pro-plaadikandja-pehmenduspaneel-pc2pp\\\/#breadcrumb\",\"itemListElement\":[{\"@type\":\"ListItem\",\"position\":1,\"name\":\"Home\",\"item\":\"https:\\\/\\\/lahingupood.ee\\\/\"},{\"@type\":\"ListItem\",\"position\":2,\"name\":\"Tooted\",\"item\":\"https:\\\/\\\/lahingupood.ee\\\/tooted\\\/\"},{\"@type\":\"ListItem\",\"position\":3,\"name\":\"M-Pro plaadikandja pehmenduspaneel PC2PP\"}]},{\"@type\":\"WebSite\",\"@id\":\"https:\\\/\\\/lahingupood.ee\\\/#website\",\"url\":\"https:\\\/\\\/lahingupood.ee\\\/\",\"name\":\"Lahingurada e-pood\",\"description\":\"Airsoft\",\"publisher\":{\"@id\":\"https:\\\/\\\/lahingupood.ee\\\/#organization\"},\"potentialAction\":[{\"@type\":\"SearchAction\",\"target\":{\"@type\":\"EntryPoint\",\"urlTemplate\":\"https:\\\/\\\/lahingupood.ee\\\/?s={search_term_string}\"},\"query-input\":{\"@type\":\"PropertyValueSpecification\",\"valueRequired\":true,\"valueName\":\"search_term_string\"}}],\"inLanguage\":\"en-GB\"},{\"@type\":\"Organization\",\"@id\":\"https:\\\/\\\/lahingupood.ee\\\/#organization\",\"name\":\"Lahingurada\",\"url\":\"https:\\\/\\\/lahingupood.ee\\\/\",\"logo\":{\"@type\":\"ImageObject\",\"inLanguage\":\"en-GB\",\"@id\":\"https:\\\/\\\/lahingupood.ee\\\/#\\\/schema\\\/logo\\\/image\\\/\",\"url\":\"https:\\\/\\\/lahingupood.ee\\\/wp-content\\\/uploads\\\/2022\\\/03\\\/lahingurada-220318.jpg\",\"contentUrl\":\"https:\\\/\\\/lahingupood.ee\\\/wp-content\\\/uploads\\\/2022\\\/03\\\/lahingurada-220318.jpg\",\"width\":800,\"height\":500,\"caption\":\"Lahingurada\"},\"image\":{\"@id\":\"https:\\\/\\\/lahingupood.ee\\\/#\\\/schema\\\/logo\\\/image\\\/\"},\"sameAs\":[\"https:\\\/\\\/www.facebook.com\\\/Lahingurada-629940247212967\"]}]}<\/script>\n<!-- \/ Yoast SEO Premium plugin. -->","yoast_head_json":{"title":"M-Pro plaadikandja pehmenduspaneel PC2PP - Lahingurada e-pood","description":"atrix Protecti plaadikandja \u00e4rav\u00f5etav ventilatsioonikanalitega 3D v\u00f5rgust pehmenduspaneel V2 muudab sellise plaadikandja kasutamise oluliselt mugavamaks","robots":{"index":"index","follow":"follow","max-snippet":"max-snippet:-1","max-image-preview":"max-image-preview:large","max-video-preview":"max-video-preview:-1"},"canonical":"https:\/\/lahingupood.ee\/en\/product\/m-pro-plaadikandja-pehmenduspaneel-pc2pp\/","og_locale":"en_GB","og_type":"article","og_title":"M-Pro plaadikandja pehmenduspaneel PC2PP","og_description":"atrix Protecti plaadikandja \u00e4rav\u00f5etav ventilatsioonikanalitega 3D v\u00f5rgust pehmenduspaneel V2 muudab sellise plaadikandja kasutamise oluliselt mugavamaks","og_url":"https:\/\/lahingupood.ee\/en\/product\/m-pro-plaadikandja-pehmenduspaneel-pc2pp\/","og_site_name":"Lahingurada e-pood","article_publisher":"https:\/\/www.facebook.com\/Lahingurada-629940247212967","article_modified_time":"2025-03-14T10:31:14+00:00","og_image":[{"width":800,"height":500,"url":"https:\/\/lahingupood.ee\/wp-content\/uploads\/2022\/03\/lahingurada-220318.jpg","type":"image\/jpeg"}],"twitter_card":"summary_large_image","twitter_misc":{"Estimated reading time":"1 minute"},"schema":{"@context":"https:\/\/schema.org","@graph":[{"@type":"WebPage","@id":"https:\/\/lahingupood.ee\/toode\/m-pro-plaadikandja-pehmenduspaneel-pc2pp\/","url":"https:\/\/lahingupood.ee\/toode\/m-pro-plaadikandja-pehmenduspaneel-pc2pp\/","name":"M-Pro plaadikandja pehmenduspaneel PC2PP - Lahingurada e-pood","isPartOf":{"@id":"https:\/\/lahingupood.ee\/#website"},"primaryImageOfPage":{"@id":"https:\/\/lahingupood.ee\/toode\/m-pro-plaadikandja-pehmenduspaneel-pc2pp\/#primaryimage"},"image":{"@id":"https:\/\/lahingupood.ee\/toode\/m-pro-plaadikandja-pehmenduspaneel-pc2pp\/#primaryimage"},"thumbnailUrl":"https:\/\/lahingupood.ee\/wp-content\/uploads\/2025\/03\/G1-PC2PP-01.jpg.avif","datePublished":"2025-03-12T13:10:55+00:00","dateModified":"2025-03-14T10:31:14+00:00","description":"atrix Protecti plaadikandja \u00e4rav\u00f5etav ventilatsioonikanalitega 3D v\u00f5rgust pehmenduspaneel V2 muudab sellise plaadikandja kasutamise oluliselt mugavamaks","breadcrumb":{"@id":"https:\/\/lahingupood.ee\/toode\/m-pro-plaadikandja-pehmenduspaneel-pc2pp\/#breadcrumb"},"inLanguage":"en-GB","potentialAction":[{"@type":"ReadAction","target":["https:\/\/lahingupood.ee\/toode\/m-pro-plaadikandja-pehmenduspaneel-pc2pp\/"]}]},{"@type":"ImageObject","inLanguage":"en-GB","@id":"https:\/\/lahingupood.ee\/toode\/m-pro-plaadikandja-pehmenduspaneel-pc2pp\/#primaryimage","url":"https:\/\/lahingupood.ee\/wp-content\/uploads\/2025\/03\/G1-PC2PP-01.jpg.avif","contentUrl":"https:\/\/lahingupood.ee\/wp-content\/uploads\/2025\/03\/G1-PC2PP-01.jpg.avif","width":1080,"height":1080},{"@type":"BreadcrumbList","@id":"https:\/\/lahingupood.ee\/toode\/m-pro-plaadikandja-pehmenduspaneel-pc2pp\/#breadcrumb","itemListElement":[{"@type":"ListItem","position":1,"name":"Home","item":"https:\/\/lahingupood.ee\/"},{"@type":"ListItem","position":2,"name":"Tooted","item":"https:\/\/lahingupood.ee\/tooted\/"},{"@type":"ListItem","position":3,"name":"M-Pro plaadikandja pehmenduspaneel PC2PP"}]},{"@type":"WebSite","@id":"https:\/\/lahingupood.ee\/#website","url":"https:\/\/lahingupood.ee\/","name":"Lahingurada e-pood","description":"Airsoft","publisher":{"@id":"https:\/\/lahingupood.ee\/#organization"},"potentialAction":[{"@type":"SearchAction","target":{"@type":"EntryPoint","urlTemplate":"https:\/\/lahingupood.ee\/?s={search_term_string}"},"query-input":{"@type":"PropertyValueSpecification","valueRequired":true,"valueName":"search_term_string"}}],"inLanguage":"en-GB"},{"@type":"Organization","@id":"https:\/\/lahingupood.ee\/#organization","name":"Lahingurada","url":"https:\/\/lahingupood.ee\/","logo":{"@type":"ImageObject","inLanguage":"en-GB","@id":"https:\/\/lahingupood.ee\/#\/schema\/logo\/image\/","url":"https:\/\/lahingupood.ee\/wp-content\/uploads\/2022\/03\/lahingurada-220318.jpg","contentUrl":"https:\/\/lahingupood.ee\/wp-content\/uploads\/2022\/03\/lahingurada-220318.jpg","width":800,"height":500,"caption":"Lahingurada"},"image":{"@id":"https:\/\/lahingupood.ee\/#\/schema\/logo\/image\/"},"sameAs":["https:\/\/www.facebook.com\/Lahingurada-629940247212967"]}]}},"_links":{"self":[{"href":"https:\/\/lahingupood.ee\/en\/wp-json\/wp\/v2\/product\/6700","targetHints":{"allow":["GET"]}}],"collection":[{"href":"https:\/\/lahingupood.ee\/en\/wp-json\/wp\/v2\/product"}],"about":[{"href":"https:\/\/lahingupood.ee\/en\/wp-json\/wp\/v2\/types\/product"}],"wp:featuredmedia":[{"embeddable":true,"href":"https:\/\/lahingupood.ee\/en\/wp-json\/wp\/v2\/media\/6703"}],"wp:attachment":[{"href":"https:\/\/lahingupood.ee\/en\/wp-json\/wp\/v2\/media?parent=6700"}],"wp:term":[{"taxonomy":"product_brand","embeddable":true,"href":"https:\/\/lahingupood.ee\/en\/wp-json\/wp\/v2\/product_brand?post=6700"},{"taxonomy":"product_cat","embeddable":true,"href":"https:\/\/lahingupood.ee\/en\/wp-json\/wp\/v2\/product_cat?post=6700"},{"taxonomy":"product_tag","embeddable":true,"href":"https:\/\/lahingupood.ee\/en\/wp-json\/wp\/v2\/product_tag?post=6700"}],"curies":[{"name":"wp","href":"https:\/\/api.w.org\/{rel}","templated":true}]}}