{"id":6695,"date":"2025-03-12T15:08:45","date_gmt":"2025-03-12T13:08:45","guid":{"rendered":"https:\/\/lahingupood.ee\/?post_type=product&#038;p=6695"},"modified":"2025-03-14T12:31:49","modified_gmt":"2025-03-14T10:31:49","slug":"m-pro-plaadikandja-olapehmendus-v3-eedigi-korb","status":"publish","type":"product","link":"https:\/\/lahingupood.ee\/en\/product\/m-pro-plaadikandja-olapehmendus-v3-eedigi-korb\/","title":{"rendered":"M-Pro plaadikandja \u00f5lapehmendus V3, EEdigi k\u00f5rb"},"content":{"rendered":"<p>Matrix Protecti plaadikandja suurendatud paksusega \u00f5lapehmendus V3 on 3D v\u00f5rguga kaetud ja ventileeriv \u00f5lapadi, mis teeb plaadikandja kasutamise oluliselt mugavamaks v\u00f5rreldes paljude teiste \u00f5hukeste alternatiividega. \u00d5lapadja sees on 10 mm paksune vahtpol\u00fcet\u00fcleenist pehmendus, mis tasakaalustab ja amortiseerib plaadikandja survet turja lihastele. \u00d5lapehmenduse takjapaneelide abil saab ka edukalt reguleerida Matrix Protecti plaadikandjate esiosa ja seljaosa vahelist kaugust. \u00d5lapehmenduse peal on lisaks Matrix Protecti tiimi poolt loodud ja arendatud MOLLE- ja kummin\u00f6\u00f6ris\u00fcsteem, mis v\u00f5imaldab kinnitada veevoolikut, erivarustuse juhtmeid ning ka lisavarustust. Eritellimusel oleme teinud ka 15 mm paksuseid \u00f5lapatju, mis on veelgi mugavamad. \u00d5lapatjade kontseptsioonis oleme kasutanud professionaalsete matkakottide \u00f5larihmade disaini elemente.<\/p>\n<p>Komplektis on kaks \u00f5lapatja.<\/p>","protected":false},"excerpt":{"rendered":"<p>Matrix Protecti plaadikandja suurendatud paksusega \u00f5lapehmendus V3 on 3D v\u00f5rguga kaetud ja ventileeriv \u00f5lapadi, mis teeb plaadikandja kasutamise oluliselt mugavamaks v\u00f5rreldes paljude teiste \u00f5hukeste alternatiividega. \u00d5lapadja sees on 10 mm paksune vahtpol\u00fcet\u00fcleenist pehmendus, mis tasakaalustab ja amortiseerib plaadikandja survet turja lihastele. \u00d5lapehmenduse takjapaneelide abil saab ka edukalt reguleerida Matrix Protecti plaadikandjate esiosa ja seljaosa vahelist [&#8230;]\n","protected":false},"featured_media":6696,"template":"","meta":[],"product_brand":[],"product_cat":[185],"product_tag":[],"class_list":{"0":"post-6695","1":"product","2":"type-product","3":"status-publish","4":"has-post-thumbnail","6":"product_cat-ee-digilaik-korb-estdcu","8":"first","9":"onbackorder","10":"taxable","11":"shipping-taxable","12":"purchasable","13":"product-type-simple"},"yoast_head":"<!-- This site is optimized with the Yoast SEO Premium plugin v27.3 (Yoast SEO v27.3) - https:\/\/yoast.com\/product\/yoast-seo-premium-wordpress\/ -->\n<title>M-Pro plaadikandja \u00f5lapehmendus V3, EEdigi k\u00f5rb - Lahingurada e-pood<\/title>\n<meta name=\"description\" content=\"Matrix Protecti plaadikandja suurendatud paksusega \u00f5lapehmendus V3 on 3D v\u00f5rguga kaetud ja ventileeriv \u00f5lapadi, mis teeb plaadikandja kasutamise\" \/>\n<meta name=\"robots\" content=\"index, follow, max-snippet:-1, max-image-preview:large, max-video-preview:-1\" \/>\n<link rel=\"canonical\" href=\"https:\/\/lahingupood.ee\/en\/product\/m-pro-plaadikandja-olapehmendus-v3-eedigi-korb\/\" \/>\n<meta property=\"og:locale\" content=\"en_GB\" \/>\n<meta property=\"og:type\" content=\"article\" \/>\n<meta property=\"og:title\" content=\"M-Pro plaadikandja \u00f5lapehmendus V3, EEdigi k\u00f5rb\" \/>\n<meta property=\"og:description\" content=\"Matrix Protecti plaadikandja suurendatud paksusega \u00f5lapehmendus V3 on 3D v\u00f5rguga kaetud ja ventileeriv \u00f5lapadi, mis teeb plaadikandja kasutamise\" \/>\n<meta property=\"og:url\" content=\"https:\/\/lahingupood.ee\/en\/product\/m-pro-plaadikandja-olapehmendus-v3-eedigi-korb\/\" \/>\n<meta property=\"og:site_name\" content=\"Lahingurada e-pood\" \/>\n<meta property=\"article:publisher\" content=\"https:\/\/www.facebook.com\/Lahingurada-629940247212967\" \/>\n<meta property=\"article:modified_time\" content=\"2025-03-14T10:31:49+00:00\" \/>\n<meta property=\"og:image\" content=\"https:\/\/lahingupood.ee\/wp-content\/uploads\/2022\/03\/lahingurada-220318.jpg\" \/>\n\t<meta property=\"og:image:width\" content=\"800\" \/>\n\t<meta property=\"og:image:height\" content=\"500\" \/>\n\t<meta property=\"og:image:type\" content=\"image\/jpeg\" \/>\n<meta name=\"twitter:card\" content=\"summary_large_image\" \/>\n<meta name=\"twitter:label1\" content=\"Estimated reading time\" \/>\n\t<meta name=\"twitter:data1\" content=\"1 minute\" \/>\n<script type=\"application\/ld+json\" class=\"yoast-schema-graph\">{\"@context\":\"https:\\\/\\\/schema.org\",\"@graph\":[{\"@type\":\"WebPage\",\"@id\":\"https:\\\/\\\/lahingupood.ee\\\/toode\\\/m-pro-plaadikandja-olapehmendus-v3-eedigi-korb\\\/\",\"url\":\"https:\\\/\\\/lahingupood.ee\\\/toode\\\/m-pro-plaadikandja-olapehmendus-v3-eedigi-korb\\\/\",\"name\":\"M-Pro plaadikandja \u00f5lapehmendus V3, EEdigi k\u00f5rb - Lahingurada e-pood\",\"isPartOf\":{\"@id\":\"https:\\\/\\\/lahingupood.ee\\\/#website\"},\"primaryImageOfPage\":{\"@id\":\"https:\\\/\\\/lahingupood.ee\\\/toode\\\/m-pro-plaadikandja-olapehmendus-v3-eedigi-korb\\\/#primaryimage\"},\"image\":{\"@id\":\"https:\\\/\\\/lahingupood.ee\\\/toode\\\/m-pro-plaadikandja-olapehmendus-v3-eedigi-korb\\\/#primaryimage\"},\"thumbnailUrl\":\"https:\\\/\\\/lahingupood.ee\\\/wp-content\\\/uploads\\\/2025\\\/03\\\/G1-PCSP-V3-ESTDCU-D-04.jpg.avif\",\"datePublished\":\"2025-03-12T13:08:45+00:00\",\"dateModified\":\"2025-03-14T10:31:49+00:00\",\"description\":\"Matrix Protecti plaadikandja suurendatud paksusega \u00f5lapehmendus V3 on 3D v\u00f5rguga kaetud ja ventileeriv \u00f5lapadi, mis teeb plaadikandja kasutamise\",\"breadcrumb\":{\"@id\":\"https:\\\/\\\/lahingupood.ee\\\/toode\\\/m-pro-plaadikandja-olapehmendus-v3-eedigi-korb\\\/#breadcrumb\"},\"inLanguage\":\"en-GB\",\"potentialAction\":[{\"@type\":\"ReadAction\",\"target\":[\"https:\\\/\\\/lahingupood.ee\\\/toode\\\/m-pro-plaadikandja-olapehmendus-v3-eedigi-korb\\\/\"]}]},{\"@type\":\"ImageObject\",\"inLanguage\":\"en-GB\",\"@id\":\"https:\\\/\\\/lahingupood.ee\\\/toode\\\/m-pro-plaadikandja-olapehmendus-v3-eedigi-korb\\\/#primaryimage\",\"url\":\"https:\\\/\\\/lahingupood.ee\\\/wp-content\\\/uploads\\\/2025\\\/03\\\/G1-PCSP-V3-ESTDCU-D-04.jpg.avif\",\"contentUrl\":\"https:\\\/\\\/lahingupood.ee\\\/wp-content\\\/uploads\\\/2025\\\/03\\\/G1-PCSP-V3-ESTDCU-D-04.jpg.avif\",\"width\":1080,\"height\":1080},{\"@type\":\"BreadcrumbList\",\"@id\":\"https:\\\/\\\/lahingupood.ee\\\/toode\\\/m-pro-plaadikandja-olapehmendus-v3-eedigi-korb\\\/#breadcrumb\",\"itemListElement\":[{\"@type\":\"ListItem\",\"position\":1,\"name\":\"Home\",\"item\":\"https:\\\/\\\/lahingupood.ee\\\/\"},{\"@type\":\"ListItem\",\"position\":2,\"name\":\"Tooted\",\"item\":\"https:\\\/\\\/lahingupood.ee\\\/tooted\\\/\"},{\"@type\":\"ListItem\",\"position\":3,\"name\":\"M-Pro plaadikandja \u00f5lapehmendus V3, EEdigi k\u00f5rb\"}]},{\"@type\":\"WebSite\",\"@id\":\"https:\\\/\\\/lahingupood.ee\\\/#website\",\"url\":\"https:\\\/\\\/lahingupood.ee\\\/\",\"name\":\"Lahingurada e-pood\",\"description\":\"Airsoft\",\"publisher\":{\"@id\":\"https:\\\/\\\/lahingupood.ee\\\/#organization\"},\"potentialAction\":[{\"@type\":\"SearchAction\",\"target\":{\"@type\":\"EntryPoint\",\"urlTemplate\":\"https:\\\/\\\/lahingupood.ee\\\/?s={search_term_string}\"},\"query-input\":{\"@type\":\"PropertyValueSpecification\",\"valueRequired\":true,\"valueName\":\"search_term_string\"}}],\"inLanguage\":\"en-GB\"},{\"@type\":\"Organization\",\"@id\":\"https:\\\/\\\/lahingupood.ee\\\/#organization\",\"name\":\"Lahingurada\",\"url\":\"https:\\\/\\\/lahingupood.ee\\\/\",\"logo\":{\"@type\":\"ImageObject\",\"inLanguage\":\"en-GB\",\"@id\":\"https:\\\/\\\/lahingupood.ee\\\/#\\\/schema\\\/logo\\\/image\\\/\",\"url\":\"https:\\\/\\\/lahingupood.ee\\\/wp-content\\\/uploads\\\/2022\\\/03\\\/lahingurada-220318.jpg\",\"contentUrl\":\"https:\\\/\\\/lahingupood.ee\\\/wp-content\\\/uploads\\\/2022\\\/03\\\/lahingurada-220318.jpg\",\"width\":800,\"height\":500,\"caption\":\"Lahingurada\"},\"image\":{\"@id\":\"https:\\\/\\\/lahingupood.ee\\\/#\\\/schema\\\/logo\\\/image\\\/\"},\"sameAs\":[\"https:\\\/\\\/www.facebook.com\\\/Lahingurada-629940247212967\"]}]}<\/script>\n<!-- \/ Yoast SEO Premium plugin. -->","yoast_head_json":{"title":"M-Pro plaadikandja \u00f5lapehmendus V3, EEdigi k\u00f5rb - Lahingurada e-pood","description":"Matrix Protecti plaadikandja suurendatud paksusega \u00f5lapehmendus V3 on 3D v\u00f5rguga kaetud ja ventileeriv \u00f5lapadi, mis teeb plaadikandja kasutamise","robots":{"index":"index","follow":"follow","max-snippet":"max-snippet:-1","max-image-preview":"max-image-preview:large","max-video-preview":"max-video-preview:-1"},"canonical":"https:\/\/lahingupood.ee\/en\/product\/m-pro-plaadikandja-olapehmendus-v3-eedigi-korb\/","og_locale":"en_GB","og_type":"article","og_title":"M-Pro plaadikandja \u00f5lapehmendus V3, EEdigi k\u00f5rb","og_description":"Matrix Protecti plaadikandja suurendatud paksusega \u00f5lapehmendus V3 on 3D v\u00f5rguga kaetud ja ventileeriv \u00f5lapadi, mis teeb plaadikandja kasutamise","og_url":"https:\/\/lahingupood.ee\/en\/product\/m-pro-plaadikandja-olapehmendus-v3-eedigi-korb\/","og_site_name":"Lahingurada e-pood","article_publisher":"https:\/\/www.facebook.com\/Lahingurada-629940247212967","article_modified_time":"2025-03-14T10:31:49+00:00","og_image":[{"width":800,"height":500,"url":"https:\/\/lahingupood.ee\/wp-content\/uploads\/2022\/03\/lahingurada-220318.jpg","type":"image\/jpeg"}],"twitter_card":"summary_large_image","twitter_misc":{"Estimated reading time":"1 minute"},"schema":{"@context":"https:\/\/schema.org","@graph":[{"@type":"WebPage","@id":"https:\/\/lahingupood.ee\/toode\/m-pro-plaadikandja-olapehmendus-v3-eedigi-korb\/","url":"https:\/\/lahingupood.ee\/toode\/m-pro-plaadikandja-olapehmendus-v3-eedigi-korb\/","name":"M-Pro plaadikandja \u00f5lapehmendus V3, EEdigi k\u00f5rb - Lahingurada e-pood","isPartOf":{"@id":"https:\/\/lahingupood.ee\/#website"},"primaryImageOfPage":{"@id":"https:\/\/lahingupood.ee\/toode\/m-pro-plaadikandja-olapehmendus-v3-eedigi-korb\/#primaryimage"},"image":{"@id":"https:\/\/lahingupood.ee\/toode\/m-pro-plaadikandja-olapehmendus-v3-eedigi-korb\/#primaryimage"},"thumbnailUrl":"https:\/\/lahingupood.ee\/wp-content\/uploads\/2025\/03\/G1-PCSP-V3-ESTDCU-D-04.jpg.avif","datePublished":"2025-03-12T13:08:45+00:00","dateModified":"2025-03-14T10:31:49+00:00","description":"Matrix Protecti plaadikandja suurendatud paksusega \u00f5lapehmendus V3 on 3D v\u00f5rguga kaetud ja ventileeriv \u00f5lapadi, mis teeb plaadikandja kasutamise","breadcrumb":{"@id":"https:\/\/lahingupood.ee\/toode\/m-pro-plaadikandja-olapehmendus-v3-eedigi-korb\/#breadcrumb"},"inLanguage":"en-GB","potentialAction":[{"@type":"ReadAction","target":["https:\/\/lahingupood.ee\/toode\/m-pro-plaadikandja-olapehmendus-v3-eedigi-korb\/"]}]},{"@type":"ImageObject","inLanguage":"en-GB","@id":"https:\/\/lahingupood.ee\/toode\/m-pro-plaadikandja-olapehmendus-v3-eedigi-korb\/#primaryimage","url":"https:\/\/lahingupood.ee\/wp-content\/uploads\/2025\/03\/G1-PCSP-V3-ESTDCU-D-04.jpg.avif","contentUrl":"https:\/\/lahingupood.ee\/wp-content\/uploads\/2025\/03\/G1-PCSP-V3-ESTDCU-D-04.jpg.avif","width":1080,"height":1080},{"@type":"BreadcrumbList","@id":"https:\/\/lahingupood.ee\/toode\/m-pro-plaadikandja-olapehmendus-v3-eedigi-korb\/#breadcrumb","itemListElement":[{"@type":"ListItem","position":1,"name":"Home","item":"https:\/\/lahingupood.ee\/"},{"@type":"ListItem","position":2,"name":"Tooted","item":"https:\/\/lahingupood.ee\/tooted\/"},{"@type":"ListItem","position":3,"name":"M-Pro plaadikandja \u00f5lapehmendus V3, EEdigi k\u00f5rb"}]},{"@type":"WebSite","@id":"https:\/\/lahingupood.ee\/#website","url":"https:\/\/lahingupood.ee\/","name":"Lahingurada e-pood","description":"Airsoft","publisher":{"@id":"https:\/\/lahingupood.ee\/#organization"},"potentialAction":[{"@type":"SearchAction","target":{"@type":"EntryPoint","urlTemplate":"https:\/\/lahingupood.ee\/?s={search_term_string}"},"query-input":{"@type":"PropertyValueSpecification","valueRequired":true,"valueName":"search_term_string"}}],"inLanguage":"en-GB"},{"@type":"Organization","@id":"https:\/\/lahingupood.ee\/#organization","name":"Lahingurada","url":"https:\/\/lahingupood.ee\/","logo":{"@type":"ImageObject","inLanguage":"en-GB","@id":"https:\/\/lahingupood.ee\/#\/schema\/logo\/image\/","url":"https:\/\/lahingupood.ee\/wp-content\/uploads\/2022\/03\/lahingurada-220318.jpg","contentUrl":"https:\/\/lahingupood.ee\/wp-content\/uploads\/2022\/03\/lahingurada-220318.jpg","width":800,"height":500,"caption":"Lahingurada"},"image":{"@id":"https:\/\/lahingupood.ee\/#\/schema\/logo\/image\/"},"sameAs":["https:\/\/www.facebook.com\/Lahingurada-629940247212967"]}]}},"_links":{"self":[{"href":"https:\/\/lahingupood.ee\/en\/wp-json\/wp\/v2\/product\/6695","targetHints":{"allow":["GET"]}}],"collection":[{"href":"https:\/\/lahingupood.ee\/en\/wp-json\/wp\/v2\/product"}],"about":[{"href":"https:\/\/lahingupood.ee\/en\/wp-json\/wp\/v2\/types\/product"}],"wp:featuredmedia":[{"embeddable":true,"href":"https:\/\/lahingupood.ee\/en\/wp-json\/wp\/v2\/media\/6696"}],"wp:attachment":[{"href":"https:\/\/lahingupood.ee\/en\/wp-json\/wp\/v2\/media?parent=6695"}],"wp:term":[{"taxonomy":"product_brand","embeddable":true,"href":"https:\/\/lahingupood.ee\/en\/wp-json\/wp\/v2\/product_brand?post=6695"},{"taxonomy":"product_cat","embeddable":true,"href":"https:\/\/lahingupood.ee\/en\/wp-json\/wp\/v2\/product_cat?post=6695"},{"taxonomy":"product_tag","embeddable":true,"href":"https:\/\/lahingupood.ee\/en\/wp-json\/wp\/v2\/product_tag?post=6695"}],"curies":[{"name":"wp","href":"https:\/\/api.w.org\/{rel}","templated":true}]}}