{"id":6671,"date":"2025-03-12T15:02:02","date_gmt":"2025-03-12T13:02:02","guid":{"rendered":"https:\/\/lahingupood.ee\/?post_type=product&#038;p=6671"},"modified":"2025-03-14T12:34:25","modified_gmt":"2025-03-14T10:34:25","slug":"m-pro-drop-down-varustusetasku-dp1vm-v2-bold-eedigi","status":"publish","type":"product","link":"https:\/\/lahingupood.ee\/en\/product\/m-pro-drop-down-varustusetasku-dp1vm-v2-bold-eedigi\/","title":{"rendered":"M-Pro drop down varustusetasku DP1VM-V2 bold, EEdigi"},"content":{"rendered":"<p>Matrix Protecti takjakinnisega, drop down t\u00fc\u00fcpi varustusetasku disain s\u00fcndis koost\u00f6\u00f6s eriv\u00e4elastega. Paljudel sarnastel toodetel on rida puuduseid. Matrix Protecti drop down varustuse taskul on mitmed disainilahendused, mis analoogidel puuduvad. Toode on kahes variatsioonis. M\u00f5lema toote pealmisel, k\u00fclgmisel ja esipaneelil on MOLLE kinnituse s\u00fcsteem. Esimene variant on nn. kitsas versioon, mille k\u00fclgedele ja peale saab kinnitada \u00fche molle laiust lisavarustust. Teine variant on paksem ning selle k\u00fclge saab kinnitada kahe MOLLE laiust lisavarustust.<\/p>\n<p>Tasku sees on pehme takja paneel, mille abil saab tasku sisu jagada sektsioonideks ja kinnitada vajalikku varustust. Samuti saab taskusse paigutada sobiva suurusega ballistilist plaati.<\/p>\n<p>Tasku teeb eriliseks see omadus, et kehapoolsele paneelile saab kinnitada nii noataskut kui ka \u00fchte salvetaskut, millest on v\u00e4ga mugav salve kiirelt v\u00e4lja v\u00f5tta. Taskul on ka liikuv klapp, mille sisepinnale on \u00f5mmeldud lai kumm erinavate vahedega, et kinnitada erinevat vajalikku varustust nagu valguspulgad, \u017egutt jms. Lisaks saab liikuva paneeli abil ka tasku mahtu reguleerida v\u00e4iksemaks.<\/p>\n<p>Taskul k\u00fclgedel on aasad, mille abil saab taskut muuta ka v\u00f6\u00f6kotiks.<\/p>\n<p>Varustusetaskut saab kinnitada laia takjapaneeli abil nii Matrix Protecti erinevate plaadikandjate k\u00fclge kui ka teiste tootjate plaadikandjate k\u00fclge, kus on kasutusel takjas\u00fcsteem. Lisaks on taskul erinevateks kinnitusv\u00f5imalusteks ka kaks aasa, millest saab l\u00e4bi panna nii Ghook i kui erinavaid pandlaid ja seet\u00f5ttu on ka erinevaid v\u00f5imalusi tasku kinnitamiseks erineva varustuse k\u00fclge.<\/p>\n<p>Tasku t\u00f5mblukkude mugavamaks avamiseks ja sulgemiseks on luku kelkude otsa paigutatud s\u00f5lmega n\u00f6\u00f6r, millest on hea kinni haarata.<\/p>\n<p>Materjaliks on FOXDURA 500 IRR.<\/p>\n<p>Kinnituss\u00fcsteem \u2013 takjapaneel, Ghook<\/p>","protected":false},"excerpt":{"rendered":"<p>Matrix Protecti takjakinnisega, drop down t\u00fc\u00fcpi varustusetasku disain s\u00fcndis koost\u00f6\u00f6s eriv\u00e4elastega. Paljudel sarnastel toodetel on rida puuduseid. Matrix Protecti drop down varustuse taskul on mitmed disainilahendused, mis analoogidel puuduvad. Toode on kahes variatsioonis. M\u00f5lema toote pealmisel, k\u00fclgmisel ja esipaneelil on MOLLE kinnituse s\u00fcsteem. Esimene variant on nn. kitsas versioon, mille k\u00fclgedele ja peale saab kinnitada [&#8230;]\n","protected":false},"featured_media":6683,"template":"","meta":[],"product_brand":[],"product_cat":[212],"product_tag":[],"class_list":{"0":"post-6671","1":"product","2":"type-product","3":"status-publish","4":"has-post-thumbnail","6":"product_cat-varustuse-taskud-ee-digilaik-estdcu","8":"first","9":"onbackorder","10":"taxable","11":"shipping-taxable","12":"purchasable","13":"product-type-simple"},"yoast_head":"<!-- This site is optimized with the Yoast SEO Premium plugin v27.3 (Yoast SEO v27.3) - https:\/\/yoast.com\/product\/yoast-seo-premium-wordpress\/ -->\n<title>M-Pro drop down varustusetasku DP1VM-V2 bold, EEdigi - Lahingurada e-pood<\/title>\n<meta name=\"description\" content=\"Matrix Protecti takjakinnisega, drop down t\u00fc\u00fcpi varustusetasku disain s\u00fcndis koost\u00f6\u00f6s eriv\u00e4elastega. Paljudel sarnastel toodetel on rida puuduseid.\" \/>\n<meta name=\"robots\" content=\"index, follow, max-snippet:-1, max-image-preview:large, max-video-preview:-1\" \/>\n<link rel=\"canonical\" href=\"https:\/\/lahingupood.ee\/en\/product\/m-pro-drop-down-varustusetasku-dp1vm-v2-bold-eedigi\/\" \/>\n<meta property=\"og:locale\" content=\"en_GB\" \/>\n<meta property=\"og:type\" content=\"article\" \/>\n<meta property=\"og:title\" content=\"M-Pro drop down varustusetasku DP1VM-V2 bold, EEdigi\" \/>\n<meta property=\"og:description\" content=\"Matrix Protecti takjakinnisega, drop down t\u00fc\u00fcpi varustusetasku disain s\u00fcndis koost\u00f6\u00f6s eriv\u00e4elastega. Paljudel sarnastel toodetel on rida puuduseid.\" \/>\n<meta property=\"og:url\" content=\"https:\/\/lahingupood.ee\/en\/product\/m-pro-drop-down-varustusetasku-dp1vm-v2-bold-eedigi\/\" \/>\n<meta property=\"og:site_name\" content=\"Lahingurada e-pood\" \/>\n<meta property=\"article:publisher\" content=\"https:\/\/www.facebook.com\/Lahingurada-629940247212967\" \/>\n<meta property=\"article:modified_time\" content=\"2025-03-14T10:34:25+00:00\" \/>\n<meta property=\"og:image\" content=\"https:\/\/lahingupood.ee\/wp-content\/uploads\/2022\/03\/lahingurada-220318.jpg\" \/>\n\t<meta property=\"og:image:width\" content=\"800\" \/>\n\t<meta property=\"og:image:height\" content=\"500\" \/>\n\t<meta property=\"og:image:type\" content=\"image\/jpeg\" \/>\n<meta name=\"twitter:card\" content=\"summary_large_image\" \/>\n<meta name=\"twitter:label1\" content=\"Estimated reading time\" \/>\n\t<meta name=\"twitter:data1\" content=\"2 minutes\" \/>\n<script type=\"application\/ld+json\" class=\"yoast-schema-graph\">{\"@context\":\"https:\\\/\\\/schema.org\",\"@graph\":[{\"@type\":\"WebPage\",\"@id\":\"https:\\\/\\\/lahingupood.ee\\\/toode\\\/m-pro-drop-down-varustusetasku-dp1vm-v2-bold-eedigi\\\/\",\"url\":\"https:\\\/\\\/lahingupood.ee\\\/toode\\\/m-pro-drop-down-varustusetasku-dp1vm-v2-bold-eedigi\\\/\",\"name\":\"M-Pro drop down varustusetasku DP1VM-V2 bold, EEdigi - Lahingurada e-pood\",\"isPartOf\":{\"@id\":\"https:\\\/\\\/lahingupood.ee\\\/#website\"},\"primaryImageOfPage\":{\"@id\":\"https:\\\/\\\/lahingupood.ee\\\/toode\\\/m-pro-drop-down-varustusetasku-dp1vm-v2-bold-eedigi\\\/#primaryimage\"},\"image\":{\"@id\":\"https:\\\/\\\/lahingupood.ee\\\/toode\\\/m-pro-drop-down-varustusetasku-dp1vm-v2-bold-eedigi\\\/#primaryimage\"},\"thumbnailUrl\":\"https:\\\/\\\/lahingupood.ee\\\/wp-content\\\/uploads\\\/2025\\\/03\\\/G1-DP1VM-V2-B-ESTDCU-03.jpg.avif\",\"datePublished\":\"2025-03-12T13:02:02+00:00\",\"dateModified\":\"2025-03-14T10:34:25+00:00\",\"description\":\"Matrix Protecti takjakinnisega, drop down t\u00fc\u00fcpi varustusetasku disain s\u00fcndis koost\u00f6\u00f6s eriv\u00e4elastega. Paljudel sarnastel toodetel on rida puuduseid.\",\"breadcrumb\":{\"@id\":\"https:\\\/\\\/lahingupood.ee\\\/toode\\\/m-pro-drop-down-varustusetasku-dp1vm-v2-bold-eedigi\\\/#breadcrumb\"},\"inLanguage\":\"en-GB\",\"potentialAction\":[{\"@type\":\"ReadAction\",\"target\":[\"https:\\\/\\\/lahingupood.ee\\\/toode\\\/m-pro-drop-down-varustusetasku-dp1vm-v2-bold-eedigi\\\/\"]}]},{\"@type\":\"ImageObject\",\"inLanguage\":\"en-GB\",\"@id\":\"https:\\\/\\\/lahingupood.ee\\\/toode\\\/m-pro-drop-down-varustusetasku-dp1vm-v2-bold-eedigi\\\/#primaryimage\",\"url\":\"https:\\\/\\\/lahingupood.ee\\\/wp-content\\\/uploads\\\/2025\\\/03\\\/G1-DP1VM-V2-B-ESTDCU-03.jpg.avif\",\"contentUrl\":\"https:\\\/\\\/lahingupood.ee\\\/wp-content\\\/uploads\\\/2025\\\/03\\\/G1-DP1VM-V2-B-ESTDCU-03.jpg.avif\",\"width\":1080,\"height\":1080},{\"@type\":\"BreadcrumbList\",\"@id\":\"https:\\\/\\\/lahingupood.ee\\\/toode\\\/m-pro-drop-down-varustusetasku-dp1vm-v2-bold-eedigi\\\/#breadcrumb\",\"itemListElement\":[{\"@type\":\"ListItem\",\"position\":1,\"name\":\"Home\",\"item\":\"https:\\\/\\\/lahingupood.ee\\\/\"},{\"@type\":\"ListItem\",\"position\":2,\"name\":\"Tooted\",\"item\":\"https:\\\/\\\/lahingupood.ee\\\/tooted\\\/\"},{\"@type\":\"ListItem\",\"position\":3,\"name\":\"M-Pro drop down varustusetasku DP1VM-V2 bold, EEdigi\"}]},{\"@type\":\"WebSite\",\"@id\":\"https:\\\/\\\/lahingupood.ee\\\/#website\",\"url\":\"https:\\\/\\\/lahingupood.ee\\\/\",\"name\":\"Lahingurada e-pood\",\"description\":\"Airsoft\",\"publisher\":{\"@id\":\"https:\\\/\\\/lahingupood.ee\\\/#organization\"},\"potentialAction\":[{\"@type\":\"SearchAction\",\"target\":{\"@type\":\"EntryPoint\",\"urlTemplate\":\"https:\\\/\\\/lahingupood.ee\\\/?s={search_term_string}\"},\"query-input\":{\"@type\":\"PropertyValueSpecification\",\"valueRequired\":true,\"valueName\":\"search_term_string\"}}],\"inLanguage\":\"en-GB\"},{\"@type\":\"Organization\",\"@id\":\"https:\\\/\\\/lahingupood.ee\\\/#organization\",\"name\":\"Lahingurada\",\"url\":\"https:\\\/\\\/lahingupood.ee\\\/\",\"logo\":{\"@type\":\"ImageObject\",\"inLanguage\":\"en-GB\",\"@id\":\"https:\\\/\\\/lahingupood.ee\\\/#\\\/schema\\\/logo\\\/image\\\/\",\"url\":\"https:\\\/\\\/lahingupood.ee\\\/wp-content\\\/uploads\\\/2022\\\/03\\\/lahingurada-220318.jpg\",\"contentUrl\":\"https:\\\/\\\/lahingupood.ee\\\/wp-content\\\/uploads\\\/2022\\\/03\\\/lahingurada-220318.jpg\",\"width\":800,\"height\":500,\"caption\":\"Lahingurada\"},\"image\":{\"@id\":\"https:\\\/\\\/lahingupood.ee\\\/#\\\/schema\\\/logo\\\/image\\\/\"},\"sameAs\":[\"https:\\\/\\\/www.facebook.com\\\/Lahingurada-629940247212967\"]}]}<\/script>\n<!-- \/ Yoast SEO Premium plugin. -->","yoast_head_json":{"title":"M-Pro drop down varustusetasku DP1VM-V2 bold, EEdigi - Lahingurada e-pood","description":"Matrix Protecti takjakinnisega, drop down t\u00fc\u00fcpi varustusetasku disain s\u00fcndis koost\u00f6\u00f6s eriv\u00e4elastega. Paljudel sarnastel toodetel on rida puuduseid.","robots":{"index":"index","follow":"follow","max-snippet":"max-snippet:-1","max-image-preview":"max-image-preview:large","max-video-preview":"max-video-preview:-1"},"canonical":"https:\/\/lahingupood.ee\/en\/product\/m-pro-drop-down-varustusetasku-dp1vm-v2-bold-eedigi\/","og_locale":"en_GB","og_type":"article","og_title":"M-Pro drop down varustusetasku DP1VM-V2 bold, EEdigi","og_description":"Matrix Protecti takjakinnisega, drop down t\u00fc\u00fcpi varustusetasku disain s\u00fcndis koost\u00f6\u00f6s eriv\u00e4elastega. Paljudel sarnastel toodetel on rida puuduseid.","og_url":"https:\/\/lahingupood.ee\/en\/product\/m-pro-drop-down-varustusetasku-dp1vm-v2-bold-eedigi\/","og_site_name":"Lahingurada e-pood","article_publisher":"https:\/\/www.facebook.com\/Lahingurada-629940247212967","article_modified_time":"2025-03-14T10:34:25+00:00","og_image":[{"width":800,"height":500,"url":"https:\/\/lahingupood.ee\/wp-content\/uploads\/2022\/03\/lahingurada-220318.jpg","type":"image\/jpeg"}],"twitter_card":"summary_large_image","twitter_misc":{"Estimated reading time":"2 minutes"},"schema":{"@context":"https:\/\/schema.org","@graph":[{"@type":"WebPage","@id":"https:\/\/lahingupood.ee\/toode\/m-pro-drop-down-varustusetasku-dp1vm-v2-bold-eedigi\/","url":"https:\/\/lahingupood.ee\/toode\/m-pro-drop-down-varustusetasku-dp1vm-v2-bold-eedigi\/","name":"M-Pro drop down varustusetasku DP1VM-V2 bold, EEdigi - Lahingurada e-pood","isPartOf":{"@id":"https:\/\/lahingupood.ee\/#website"},"primaryImageOfPage":{"@id":"https:\/\/lahingupood.ee\/toode\/m-pro-drop-down-varustusetasku-dp1vm-v2-bold-eedigi\/#primaryimage"},"image":{"@id":"https:\/\/lahingupood.ee\/toode\/m-pro-drop-down-varustusetasku-dp1vm-v2-bold-eedigi\/#primaryimage"},"thumbnailUrl":"https:\/\/lahingupood.ee\/wp-content\/uploads\/2025\/03\/G1-DP1VM-V2-B-ESTDCU-03.jpg.avif","datePublished":"2025-03-12T13:02:02+00:00","dateModified":"2025-03-14T10:34:25+00:00","description":"Matrix Protecti takjakinnisega, drop down t\u00fc\u00fcpi varustusetasku disain s\u00fcndis koost\u00f6\u00f6s eriv\u00e4elastega. Paljudel sarnastel toodetel on rida puuduseid.","breadcrumb":{"@id":"https:\/\/lahingupood.ee\/toode\/m-pro-drop-down-varustusetasku-dp1vm-v2-bold-eedigi\/#breadcrumb"},"inLanguage":"en-GB","potentialAction":[{"@type":"ReadAction","target":["https:\/\/lahingupood.ee\/toode\/m-pro-drop-down-varustusetasku-dp1vm-v2-bold-eedigi\/"]}]},{"@type":"ImageObject","inLanguage":"en-GB","@id":"https:\/\/lahingupood.ee\/toode\/m-pro-drop-down-varustusetasku-dp1vm-v2-bold-eedigi\/#primaryimage","url":"https:\/\/lahingupood.ee\/wp-content\/uploads\/2025\/03\/G1-DP1VM-V2-B-ESTDCU-03.jpg.avif","contentUrl":"https:\/\/lahingupood.ee\/wp-content\/uploads\/2025\/03\/G1-DP1VM-V2-B-ESTDCU-03.jpg.avif","width":1080,"height":1080},{"@type":"BreadcrumbList","@id":"https:\/\/lahingupood.ee\/toode\/m-pro-drop-down-varustusetasku-dp1vm-v2-bold-eedigi\/#breadcrumb","itemListElement":[{"@type":"ListItem","position":1,"name":"Home","item":"https:\/\/lahingupood.ee\/"},{"@type":"ListItem","position":2,"name":"Tooted","item":"https:\/\/lahingupood.ee\/tooted\/"},{"@type":"ListItem","position":3,"name":"M-Pro drop down varustusetasku DP1VM-V2 bold, EEdigi"}]},{"@type":"WebSite","@id":"https:\/\/lahingupood.ee\/#website","url":"https:\/\/lahingupood.ee\/","name":"Lahingurada e-pood","description":"Airsoft","publisher":{"@id":"https:\/\/lahingupood.ee\/#organization"},"potentialAction":[{"@type":"SearchAction","target":{"@type":"EntryPoint","urlTemplate":"https:\/\/lahingupood.ee\/?s={search_term_string}"},"query-input":{"@type":"PropertyValueSpecification","valueRequired":true,"valueName":"search_term_string"}}],"inLanguage":"en-GB"},{"@type":"Organization","@id":"https:\/\/lahingupood.ee\/#organization","name":"Lahingurada","url":"https:\/\/lahingupood.ee\/","logo":{"@type":"ImageObject","inLanguage":"en-GB","@id":"https:\/\/lahingupood.ee\/#\/schema\/logo\/image\/","url":"https:\/\/lahingupood.ee\/wp-content\/uploads\/2022\/03\/lahingurada-220318.jpg","contentUrl":"https:\/\/lahingupood.ee\/wp-content\/uploads\/2022\/03\/lahingurada-220318.jpg","width":800,"height":500,"caption":"Lahingurada"},"image":{"@id":"https:\/\/lahingupood.ee\/#\/schema\/logo\/image\/"},"sameAs":["https:\/\/www.facebook.com\/Lahingurada-629940247212967"]}]}},"_links":{"self":[{"href":"https:\/\/lahingupood.ee\/en\/wp-json\/wp\/v2\/product\/6671","targetHints":{"allow":["GET"]}}],"collection":[{"href":"https:\/\/lahingupood.ee\/en\/wp-json\/wp\/v2\/product"}],"about":[{"href":"https:\/\/lahingupood.ee\/en\/wp-json\/wp\/v2\/types\/product"}],"wp:featuredmedia":[{"embeddable":true,"href":"https:\/\/lahingupood.ee\/en\/wp-json\/wp\/v2\/media\/6683"}],"wp:attachment":[{"href":"https:\/\/lahingupood.ee\/en\/wp-json\/wp\/v2\/media?parent=6671"}],"wp:term":[{"taxonomy":"product_brand","embeddable":true,"href":"https:\/\/lahingupood.ee\/en\/wp-json\/wp\/v2\/product_brand?post=6671"},{"taxonomy":"product_cat","embeddable":true,"href":"https:\/\/lahingupood.ee\/en\/wp-json\/wp\/v2\/product_cat?post=6671"},{"taxonomy":"product_tag","embeddable":true,"href":"https:\/\/lahingupood.ee\/en\/wp-json\/wp\/v2\/product_tag?post=6671"}],"curies":[{"name":"wp","href":"https:\/\/api.w.org\/{rel}","templated":true}]}}