{"id":6652,"date":"2025-03-12T14:54:00","date_gmt":"2025-03-12T12:54:00","guid":{"rendered":"https:\/\/lahingupood.ee\/?post_type=product&#038;p=6652"},"modified":"2025-03-14T12:37:10","modified_gmt":"2025-03-14T10:37:10","slug":"m-pro-gen2-admin-tasku-ad11wm-slim-eedigi","status":"publish","type":"product","link":"https:\/\/lahingupood.ee\/en\/product\/m-pro-gen2-admin-tasku-ad11wm-slim-eedigi\/","title":{"rendered":"M-Pro Gen2 admin tasku AD11WM slim, EEdigi"},"content":{"rendered":"<p>V\u00e4ike ja \u00f5huke 11 \u00d7 17 \u00d7 2 cm \u00fcldotstarbeline admin-tasku k\u00f5ige olulisema mahutamiseks. Sobib h\u00e4sti battlebelti v\u00f5i cummerbundi kompaktsemaks lisataskuks. Admintasku esipaneelil on laserl\u00f5igatud takjariidega kaetud MOLLE, mille abil saab taskule kinnitada lisavarustust ja teisi taskuid v\u00f5i embleeme. Admin tasku on disainitud oluliste v\u00e4ikevahendite, dokumentide, kaartide, pliiatsite ja muu varustuse organiseeritud hoiustamiseks.<\/p>\n<ul>\n<li>Tugev ja vastupidav materjal \u2013 valmistatud vastupidavast MXPower + Foxdura laminaadist, mis tagab pikaajalise vastupidavuse ka karmides tingimustes.<\/li>\n<li>Organiseeritud sisu \u2013 tasku sisemuses on lukuga eraldatud lisatasku ning VELCRO kangas, mis v\u00f5imaldavad varustust korrastatult paigutada.<\/li>\n<li>MOLLE-kinnituss\u00fcsteem \u2013 v\u00f5imaldab tasku kinnitada plaadikandjale, seljakotile v\u00f5i muule MOLLE-platvormile.<\/li>\n<li>Turvaline ja kiire ligip\u00e4\u00e4s \u2013 kvaliteetsed t\u00f5mblukud tagavad sujuva avamise ja sulgemise ka kinnastes t\u00f6\u00f6tades.<\/li>\n<li>V\u00e4ike ja kompaktne m\u00f5\u00f5tmetega 11 \u00d7 17 \u00d7 2 cm, mahutab k\u00f5ige h\u00e4davajalikuma varustuse.<\/li>\n<\/ul>","protected":false},"excerpt":{"rendered":"<p>V\u00e4ike ja \u00f5huke 11 \u00d7 17 \u00d7 2 cm \u00fcldotstarbeline admin-tasku k\u00f5ige olulisema mahutamiseks. Sobib h\u00e4sti battlebelti v\u00f5i cummerbundi kompaktsemaks lisataskuks. Admintasku esipaneelil on laserl\u00f5igatud takjariidega kaetud MOLLE, mille abil saab taskule kinnitada lisavarustust ja teisi taskuid v\u00f5i embleeme. Admin tasku on disainitud oluliste v\u00e4ikevahendite, dokumentide, kaartide, pliiatsite ja muu varustuse organiseeritud hoiustamiseks. Tugev ja [&#8230;]\n","protected":false},"featured_media":6653,"template":"","meta":[],"product_brand":[],"product_cat":[195,212],"product_tag":[],"class_list":{"0":"post-6652","1":"product","2":"type-product","3":"status-publish","4":"has-post-thumbnail","6":"product_cat-admin-taskud","7":"product_cat-varustuse-taskud-ee-digilaik-estdcu","9":"first","10":"onbackorder","11":"taxable","12":"shipping-taxable","13":"purchasable","14":"product-type-simple"},"yoast_head":"<!-- This site is optimized with the Yoast SEO Premium plugin v27.3 (Yoast SEO v27.3) - https:\/\/yoast.com\/product\/yoast-seo-premium-wordpress\/ -->\n<title>M-Pro Gen2 admin tasku AD11WM slim, EEdigi - Lahingurada e-pood<\/title>\n<meta name=\"description\" content=\"V\u00e4ike ja \u00f5huke 11 \u00d7 17 \u00d7 2 cm \u00fcldotstarbeline admin-tasku k\u00f5ige olulisema mahutamiseks. Sobib h\u00e4sti battlebelti v\u00f5i cummerbundi kompaktsemaks lisataskuks\" \/>\n<meta name=\"robots\" content=\"index, follow, max-snippet:-1, max-image-preview:large, max-video-preview:-1\" \/>\n<link rel=\"canonical\" href=\"https:\/\/lahingupood.ee\/en\/product\/m-pro-gen2-admin-tasku-ad11wm-slim-eedigi\/\" \/>\n<meta property=\"og:locale\" content=\"en_GB\" \/>\n<meta property=\"og:type\" content=\"article\" \/>\n<meta property=\"og:title\" content=\"M-Pro Gen2 admin tasku AD11WM slim, EEdigi\" \/>\n<meta property=\"og:description\" content=\"V\u00e4ike ja \u00f5huke 11 \u00d7 17 \u00d7 2 cm \u00fcldotstarbeline admin-tasku k\u00f5ige olulisema mahutamiseks. Sobib h\u00e4sti battlebelti v\u00f5i cummerbundi kompaktsemaks lisataskuks\" \/>\n<meta property=\"og:url\" content=\"https:\/\/lahingupood.ee\/en\/product\/m-pro-gen2-admin-tasku-ad11wm-slim-eedigi\/\" \/>\n<meta property=\"og:site_name\" content=\"Lahingurada e-pood\" \/>\n<meta property=\"article:publisher\" content=\"https:\/\/www.facebook.com\/Lahingurada-629940247212967\" \/>\n<meta property=\"article:modified_time\" content=\"2025-03-14T10:37:10+00:00\" \/>\n<meta property=\"og:image\" content=\"https:\/\/lahingupood.ee\/wp-content\/uploads\/2022\/03\/lahingurada-220318.jpg\" \/>\n\t<meta property=\"og:image:width\" content=\"800\" \/>\n\t<meta property=\"og:image:height\" content=\"500\" \/>\n\t<meta property=\"og:image:type\" content=\"image\/jpeg\" \/>\n<meta name=\"twitter:card\" content=\"summary_large_image\" \/>\n<meta name=\"twitter:label1\" content=\"Estimated reading time\" \/>\n\t<meta name=\"twitter:data1\" content=\"1 minute\" \/>\n<script type=\"application\/ld+json\" class=\"yoast-schema-graph\">{\"@context\":\"https:\\\/\\\/schema.org\",\"@graph\":[{\"@type\":\"WebPage\",\"@id\":\"https:\\\/\\\/lahingupood.ee\\\/toode\\\/m-pro-gen2-admin-tasku-ad11wm-slim-eedigi\\\/\",\"url\":\"https:\\\/\\\/lahingupood.ee\\\/toode\\\/m-pro-gen2-admin-tasku-ad11wm-slim-eedigi\\\/\",\"name\":\"M-Pro Gen2 admin tasku AD11WM slim, EEdigi - Lahingurada e-pood\",\"isPartOf\":{\"@id\":\"https:\\\/\\\/lahingupood.ee\\\/#website\"},\"primaryImageOfPage\":{\"@id\":\"https:\\\/\\\/lahingupood.ee\\\/toode\\\/m-pro-gen2-admin-tasku-ad11wm-slim-eedigi\\\/#primaryimage\"},\"image\":{\"@id\":\"https:\\\/\\\/lahingupood.ee\\\/toode\\\/m-pro-gen2-admin-tasku-ad11wm-slim-eedigi\\\/#primaryimage\"},\"thumbnailUrl\":\"https:\\\/\\\/lahingupood.ee\\\/wp-content\\\/uploads\\\/2025\\\/03\\\/G2-ADM11MW-11x17x3-ESTDCU-01.jpg.avif\",\"datePublished\":\"2025-03-12T12:54:00+00:00\",\"dateModified\":\"2025-03-14T10:37:10+00:00\",\"description\":\"V\u00e4ike ja \u00f5huke 11 \u00d7 17 \u00d7 2 cm \u00fcldotstarbeline admin-tasku k\u00f5ige olulisema mahutamiseks. Sobib h\u00e4sti battlebelti v\u00f5i cummerbundi kompaktsemaks lisataskuks\",\"breadcrumb\":{\"@id\":\"https:\\\/\\\/lahingupood.ee\\\/toode\\\/m-pro-gen2-admin-tasku-ad11wm-slim-eedigi\\\/#breadcrumb\"},\"inLanguage\":\"en-GB\",\"potentialAction\":[{\"@type\":\"ReadAction\",\"target\":[\"https:\\\/\\\/lahingupood.ee\\\/toode\\\/m-pro-gen2-admin-tasku-ad11wm-slim-eedigi\\\/\"]}]},{\"@type\":\"ImageObject\",\"inLanguage\":\"en-GB\",\"@id\":\"https:\\\/\\\/lahingupood.ee\\\/toode\\\/m-pro-gen2-admin-tasku-ad11wm-slim-eedigi\\\/#primaryimage\",\"url\":\"https:\\\/\\\/lahingupood.ee\\\/wp-content\\\/uploads\\\/2025\\\/03\\\/G2-ADM11MW-11x17x3-ESTDCU-01.jpg.avif\",\"contentUrl\":\"https:\\\/\\\/lahingupood.ee\\\/wp-content\\\/uploads\\\/2025\\\/03\\\/G2-ADM11MW-11x17x3-ESTDCU-01.jpg.avif\",\"width\":1080,\"height\":1080},{\"@type\":\"BreadcrumbList\",\"@id\":\"https:\\\/\\\/lahingupood.ee\\\/toode\\\/m-pro-gen2-admin-tasku-ad11wm-slim-eedigi\\\/#breadcrumb\",\"itemListElement\":[{\"@type\":\"ListItem\",\"position\":1,\"name\":\"Home\",\"item\":\"https:\\\/\\\/lahingupood.ee\\\/\"},{\"@type\":\"ListItem\",\"position\":2,\"name\":\"Tooted\",\"item\":\"https:\\\/\\\/lahingupood.ee\\\/tooted\\\/\"},{\"@type\":\"ListItem\",\"position\":3,\"name\":\"M-Pro Gen2 admin tasku AD11WM slim, EEdigi\"}]},{\"@type\":\"WebSite\",\"@id\":\"https:\\\/\\\/lahingupood.ee\\\/#website\",\"url\":\"https:\\\/\\\/lahingupood.ee\\\/\",\"name\":\"Lahingurada e-pood\",\"description\":\"Airsoft\",\"publisher\":{\"@id\":\"https:\\\/\\\/lahingupood.ee\\\/#organization\"},\"potentialAction\":[{\"@type\":\"SearchAction\",\"target\":{\"@type\":\"EntryPoint\",\"urlTemplate\":\"https:\\\/\\\/lahingupood.ee\\\/?s={search_term_string}\"},\"query-input\":{\"@type\":\"PropertyValueSpecification\",\"valueRequired\":true,\"valueName\":\"search_term_string\"}}],\"inLanguage\":\"en-GB\"},{\"@type\":\"Organization\",\"@id\":\"https:\\\/\\\/lahingupood.ee\\\/#organization\",\"name\":\"Lahingurada\",\"url\":\"https:\\\/\\\/lahingupood.ee\\\/\",\"logo\":{\"@type\":\"ImageObject\",\"inLanguage\":\"en-GB\",\"@id\":\"https:\\\/\\\/lahingupood.ee\\\/#\\\/schema\\\/logo\\\/image\\\/\",\"url\":\"https:\\\/\\\/lahingupood.ee\\\/wp-content\\\/uploads\\\/2022\\\/03\\\/lahingurada-220318.jpg\",\"contentUrl\":\"https:\\\/\\\/lahingupood.ee\\\/wp-content\\\/uploads\\\/2022\\\/03\\\/lahingurada-220318.jpg\",\"width\":800,\"height\":500,\"caption\":\"Lahingurada\"},\"image\":{\"@id\":\"https:\\\/\\\/lahingupood.ee\\\/#\\\/schema\\\/logo\\\/image\\\/\"},\"sameAs\":[\"https:\\\/\\\/www.facebook.com\\\/Lahingurada-629940247212967\"]}]}<\/script>\n<!-- \/ Yoast SEO Premium plugin. -->","yoast_head_json":{"title":"M-Pro Gen2 admin tasku AD11WM slim, EEdigi - Lahingurada e-pood","description":"V\u00e4ike ja \u00f5huke 11 \u00d7 17 \u00d7 2 cm \u00fcldotstarbeline admin-tasku k\u00f5ige olulisema mahutamiseks. Sobib h\u00e4sti battlebelti v\u00f5i cummerbundi kompaktsemaks lisataskuks","robots":{"index":"index","follow":"follow","max-snippet":"max-snippet:-1","max-image-preview":"max-image-preview:large","max-video-preview":"max-video-preview:-1"},"canonical":"https:\/\/lahingupood.ee\/en\/product\/m-pro-gen2-admin-tasku-ad11wm-slim-eedigi\/","og_locale":"en_GB","og_type":"article","og_title":"M-Pro Gen2 admin tasku AD11WM slim, EEdigi","og_description":"V\u00e4ike ja \u00f5huke 11 \u00d7 17 \u00d7 2 cm \u00fcldotstarbeline admin-tasku k\u00f5ige olulisema mahutamiseks. Sobib h\u00e4sti battlebelti v\u00f5i cummerbundi kompaktsemaks lisataskuks","og_url":"https:\/\/lahingupood.ee\/en\/product\/m-pro-gen2-admin-tasku-ad11wm-slim-eedigi\/","og_site_name":"Lahingurada e-pood","article_publisher":"https:\/\/www.facebook.com\/Lahingurada-629940247212967","article_modified_time":"2025-03-14T10:37:10+00:00","og_image":[{"width":800,"height":500,"url":"https:\/\/lahingupood.ee\/wp-content\/uploads\/2022\/03\/lahingurada-220318.jpg","type":"image\/jpeg"}],"twitter_card":"summary_large_image","twitter_misc":{"Estimated reading time":"1 minute"},"schema":{"@context":"https:\/\/schema.org","@graph":[{"@type":"WebPage","@id":"https:\/\/lahingupood.ee\/toode\/m-pro-gen2-admin-tasku-ad11wm-slim-eedigi\/","url":"https:\/\/lahingupood.ee\/toode\/m-pro-gen2-admin-tasku-ad11wm-slim-eedigi\/","name":"M-Pro Gen2 admin tasku AD11WM slim, EEdigi - Lahingurada e-pood","isPartOf":{"@id":"https:\/\/lahingupood.ee\/#website"},"primaryImageOfPage":{"@id":"https:\/\/lahingupood.ee\/toode\/m-pro-gen2-admin-tasku-ad11wm-slim-eedigi\/#primaryimage"},"image":{"@id":"https:\/\/lahingupood.ee\/toode\/m-pro-gen2-admin-tasku-ad11wm-slim-eedigi\/#primaryimage"},"thumbnailUrl":"https:\/\/lahingupood.ee\/wp-content\/uploads\/2025\/03\/G2-ADM11MW-11x17x3-ESTDCU-01.jpg.avif","datePublished":"2025-03-12T12:54:00+00:00","dateModified":"2025-03-14T10:37:10+00:00","description":"V\u00e4ike ja \u00f5huke 11 \u00d7 17 \u00d7 2 cm \u00fcldotstarbeline admin-tasku k\u00f5ige olulisema mahutamiseks. Sobib h\u00e4sti battlebelti v\u00f5i cummerbundi kompaktsemaks lisataskuks","breadcrumb":{"@id":"https:\/\/lahingupood.ee\/toode\/m-pro-gen2-admin-tasku-ad11wm-slim-eedigi\/#breadcrumb"},"inLanguage":"en-GB","potentialAction":[{"@type":"ReadAction","target":["https:\/\/lahingupood.ee\/toode\/m-pro-gen2-admin-tasku-ad11wm-slim-eedigi\/"]}]},{"@type":"ImageObject","inLanguage":"en-GB","@id":"https:\/\/lahingupood.ee\/toode\/m-pro-gen2-admin-tasku-ad11wm-slim-eedigi\/#primaryimage","url":"https:\/\/lahingupood.ee\/wp-content\/uploads\/2025\/03\/G2-ADM11MW-11x17x3-ESTDCU-01.jpg.avif","contentUrl":"https:\/\/lahingupood.ee\/wp-content\/uploads\/2025\/03\/G2-ADM11MW-11x17x3-ESTDCU-01.jpg.avif","width":1080,"height":1080},{"@type":"BreadcrumbList","@id":"https:\/\/lahingupood.ee\/toode\/m-pro-gen2-admin-tasku-ad11wm-slim-eedigi\/#breadcrumb","itemListElement":[{"@type":"ListItem","position":1,"name":"Home","item":"https:\/\/lahingupood.ee\/"},{"@type":"ListItem","position":2,"name":"Tooted","item":"https:\/\/lahingupood.ee\/tooted\/"},{"@type":"ListItem","position":3,"name":"M-Pro Gen2 admin tasku AD11WM slim, EEdigi"}]},{"@type":"WebSite","@id":"https:\/\/lahingupood.ee\/#website","url":"https:\/\/lahingupood.ee\/","name":"Lahingurada e-pood","description":"Airsoft","publisher":{"@id":"https:\/\/lahingupood.ee\/#organization"},"potentialAction":[{"@type":"SearchAction","target":{"@type":"EntryPoint","urlTemplate":"https:\/\/lahingupood.ee\/?s={search_term_string}"},"query-input":{"@type":"PropertyValueSpecification","valueRequired":true,"valueName":"search_term_string"}}],"inLanguage":"en-GB"},{"@type":"Organization","@id":"https:\/\/lahingupood.ee\/#organization","name":"Lahingurada","url":"https:\/\/lahingupood.ee\/","logo":{"@type":"ImageObject","inLanguage":"en-GB","@id":"https:\/\/lahingupood.ee\/#\/schema\/logo\/image\/","url":"https:\/\/lahingupood.ee\/wp-content\/uploads\/2022\/03\/lahingurada-220318.jpg","contentUrl":"https:\/\/lahingupood.ee\/wp-content\/uploads\/2022\/03\/lahingurada-220318.jpg","width":800,"height":500,"caption":"Lahingurada"},"image":{"@id":"https:\/\/lahingupood.ee\/#\/schema\/logo\/image\/"},"sameAs":["https:\/\/www.facebook.com\/Lahingurada-629940247212967"]}]}},"_links":{"self":[{"href":"https:\/\/lahingupood.ee\/en\/wp-json\/wp\/v2\/product\/6652","targetHints":{"allow":["GET"]}}],"collection":[{"href":"https:\/\/lahingupood.ee\/en\/wp-json\/wp\/v2\/product"}],"about":[{"href":"https:\/\/lahingupood.ee\/en\/wp-json\/wp\/v2\/types\/product"}],"wp:featuredmedia":[{"embeddable":true,"href":"https:\/\/lahingupood.ee\/en\/wp-json\/wp\/v2\/media\/6653"}],"wp:attachment":[{"href":"https:\/\/lahingupood.ee\/en\/wp-json\/wp\/v2\/media?parent=6652"}],"wp:term":[{"taxonomy":"product_brand","embeddable":true,"href":"https:\/\/lahingupood.ee\/en\/wp-json\/wp\/v2\/product_brand?post=6652"},{"taxonomy":"product_cat","embeddable":true,"href":"https:\/\/lahingupood.ee\/en\/wp-json\/wp\/v2\/product_cat?post=6652"},{"taxonomy":"product_tag","embeddable":true,"href":"https:\/\/lahingupood.ee\/en\/wp-json\/wp\/v2\/product_tag?post=6652"}],"curies":[{"name":"wp","href":"https:\/\/api.w.org\/{rel}","templated":true}]}}