{"id":6642,"date":"2025-03-12T14:47:18","date_gmt":"2025-03-12T12:47:18","guid":{"rendered":"https:\/\/lahingupood.ee\/?post_type=product&#038;p=6642"},"modified":"2025-03-14T12:40:50","modified_gmt":"2025-03-14T10:40:50","slug":"m-pro-gen2-universaalne-varustusetasku-up19mm-eedigi","status":"publish","type":"product","link":"https:\/\/lahingupood.ee\/en\/product\/m-pro-gen2-universaalne-varustusetasku-up19mm-eedigi\/","title":{"rendered":"M-Pro Gen2 universaalne varustusetasku UP19MM, EEdigi"},"content":{"rendered":"<p>Matrix Protecti GEN 2 laserl\u00f5igatud esipaneeliga ja EEdigi t\u00f5mblukuga \u00fcldotstarbeline varustusetasku mahutab t\u00e4nu oma suurusele palju erinevat varustust . Laserl\u00f5igatud esipaneelile saab vajaduse korral kinnitada erinevat lisavarustust. Tasku kinnitub MOLLE s\u00fcsteemiga. Tasku avaneb t\u00f5mblukuga \u00fclaosast. Tasku sees tagaseinal on 25mm paelast plastpannaldega kinmitusaasad, et taskus olevat varustust hoida stabiilselt, n\u00e4iteks labidas ei loksu \u00fcldse ning on kindlalt vastu koti tagaseina.<\/p>\n<ul>\n<li>Tugev ja vastupidav materjal \u2013 valmistatud IRR (infrared reflective) Foxdura IRR ESTDCU kangast, mis v\u00e4hendab n\u00e4htavust infrapunaseadmetes ja tagab pikaajalise vastupidavuse ka karmides tingimustes.<\/li>\n<li>Organiseeritud sisu \u2013 tasku sisemuses organisaator mis v\u00f5imaldavad varustust korrastatult paigutada.<\/li>\n<li>MOLLE-kinnituss\u00fcsteem \u2013 v\u00f5imaldab tasku kinnitada plaadikandjale, seljakotile v\u00f5i muule MOLLE-platvormile.<\/li>\n<li>Turvaline ja kiire ligip\u00e4\u00e4s \u2013 kvaliteetsed t\u00f5mblukud tagavad sujuva avamise ja sulgemise ka kinnastes t\u00f6\u00f6tades.<\/li>\n<li>Kompaktne, kuid mahukas \u2013 m\u00f5\u00f5tmetega 19 \u00d7 13 \u00d7 5 cm, pakkudes piisavalt ruumi vajaliku varustuse hoiustamiseks.<\/li>\n<\/ul>","protected":false},"excerpt":{"rendered":"<p>Matrix Protecti GEN 2 laserl\u00f5igatud esipaneeliga ja EEdigi t\u00f5mblukuga \u00fcldotstarbeline varustusetasku mahutab t\u00e4nu oma suurusele palju erinevat varustust . Laserl\u00f5igatud esipaneelile saab vajaduse korral kinnitada erinevat lisavarustust. Tasku kinnitub MOLLE s\u00fcsteemiga. Tasku avaneb t\u00f5mblukuga \u00fclaosast. Tasku sees tagaseinal on 25mm paelast plastpannaldega kinmitusaasad, et taskus olevat varustust hoida stabiilselt, n\u00e4iteks labidas ei loksu \u00fcldse ning [&#8230;]\n","protected":false},"featured_media":6643,"template":"","meta":[],"product_brand":[],"product_cat":[212],"product_tag":[],"class_list":{"0":"post-6642","1":"product","2":"type-product","3":"status-publish","4":"has-post-thumbnail","6":"product_cat-varustuse-taskud-ee-digilaik-estdcu","8":"first","9":"onbackorder","10":"taxable","11":"shipping-taxable","12":"purchasable","13":"product-type-simple"},"yoast_head":"<!-- This site is optimized with the Yoast SEO Premium plugin v27.3 (Yoast SEO v27.3) - https:\/\/yoast.com\/product\/yoast-seo-premium-wordpress\/ -->\n<title>M-Pro Gen2 universaalne varustusetasku UP19MM, EEdigi - Lahingurada e-pood<\/title>\n<meta name=\"description\" content=\"Matrix Protecti GEN 2 laserl\u00f5igatud esipaneeliga ja EEdigi t\u00f5mblukuga \u00fcldotstarbeline varustusetasku mahutab t\u00e4nu oma suurusele palju erinevat varustust\" \/>\n<meta name=\"robots\" content=\"index, follow, max-snippet:-1, max-image-preview:large, max-video-preview:-1\" \/>\n<link rel=\"canonical\" href=\"https:\/\/lahingupood.ee\/en\/product\/m-pro-gen2-universaalne-varustusetasku-up19mm-eedigi\/\" \/>\n<meta property=\"og:locale\" content=\"en_GB\" \/>\n<meta property=\"og:type\" content=\"article\" \/>\n<meta property=\"og:title\" content=\"M-Pro Gen2 universaalne varustusetasku UP19MM, EEdigi\" \/>\n<meta property=\"og:description\" content=\"Matrix Protecti GEN 2 laserl\u00f5igatud esipaneeliga ja EEdigi t\u00f5mblukuga \u00fcldotstarbeline varustusetasku mahutab t\u00e4nu oma suurusele palju erinevat varustust\" \/>\n<meta property=\"og:url\" content=\"https:\/\/lahingupood.ee\/en\/product\/m-pro-gen2-universaalne-varustusetasku-up19mm-eedigi\/\" \/>\n<meta property=\"og:site_name\" content=\"Lahingurada e-pood\" \/>\n<meta property=\"article:publisher\" content=\"https:\/\/www.facebook.com\/Lahingurada-629940247212967\" \/>\n<meta property=\"article:modified_time\" content=\"2025-03-14T10:40:50+00:00\" \/>\n<meta property=\"og:image\" content=\"https:\/\/lahingupood.ee\/wp-content\/uploads\/2022\/03\/lahingurada-220318.jpg\" \/>\n\t<meta property=\"og:image:width\" content=\"800\" \/>\n\t<meta property=\"og:image:height\" content=\"500\" \/>\n\t<meta property=\"og:image:type\" content=\"image\/jpeg\" \/>\n<meta name=\"twitter:card\" content=\"summary_large_image\" \/>\n<meta name=\"twitter:label1\" content=\"Estimated reading time\" \/>\n\t<meta name=\"twitter:data1\" content=\"1 minute\" \/>\n<script type=\"application\/ld+json\" class=\"yoast-schema-graph\">{\"@context\":\"https:\\\/\\\/schema.org\",\"@graph\":[{\"@type\":\"WebPage\",\"@id\":\"https:\\\/\\\/lahingupood.ee\\\/toode\\\/m-pro-gen2-universaalne-varustusetasku-up19mm-eedigi\\\/\",\"url\":\"https:\\\/\\\/lahingupood.ee\\\/toode\\\/m-pro-gen2-universaalne-varustusetasku-up19mm-eedigi\\\/\",\"name\":\"M-Pro Gen2 universaalne varustusetasku UP19MM, EEdigi - Lahingurada e-pood\",\"isPartOf\":{\"@id\":\"https:\\\/\\\/lahingupood.ee\\\/#website\"},\"primaryImageOfPage\":{\"@id\":\"https:\\\/\\\/lahingupood.ee\\\/toode\\\/m-pro-gen2-universaalne-varustusetasku-up19mm-eedigi\\\/#primaryimage\"},\"image\":{\"@id\":\"https:\\\/\\\/lahingupood.ee\\\/toode\\\/m-pro-gen2-universaalne-varustusetasku-up19mm-eedigi\\\/#primaryimage\"},\"thumbnailUrl\":\"https:\\\/\\\/lahingupood.ee\\\/wp-content\\\/uploads\\\/2025\\\/03\\\/1-48.avif\",\"datePublished\":\"2025-03-12T12:47:18+00:00\",\"dateModified\":\"2025-03-14T10:40:50+00:00\",\"description\":\"Matrix Protecti GEN 2 laserl\u00f5igatud esipaneeliga ja EEdigi t\u00f5mblukuga \u00fcldotstarbeline varustusetasku mahutab t\u00e4nu oma suurusele palju erinevat varustust\",\"breadcrumb\":{\"@id\":\"https:\\\/\\\/lahingupood.ee\\\/toode\\\/m-pro-gen2-universaalne-varustusetasku-up19mm-eedigi\\\/#breadcrumb\"},\"inLanguage\":\"en-GB\",\"potentialAction\":[{\"@type\":\"ReadAction\",\"target\":[\"https:\\\/\\\/lahingupood.ee\\\/toode\\\/m-pro-gen2-universaalne-varustusetasku-up19mm-eedigi\\\/\"]}]},{\"@type\":\"ImageObject\",\"inLanguage\":\"en-GB\",\"@id\":\"https:\\\/\\\/lahingupood.ee\\\/toode\\\/m-pro-gen2-universaalne-varustusetasku-up19mm-eedigi\\\/#primaryimage\",\"url\":\"https:\\\/\\\/lahingupood.ee\\\/wp-content\\\/uploads\\\/2025\\\/03\\\/1-48.avif\",\"contentUrl\":\"https:\\\/\\\/lahingupood.ee\\\/wp-content\\\/uploads\\\/2025\\\/03\\\/1-48.avif\",\"width\":1080,\"height\":1080},{\"@type\":\"BreadcrumbList\",\"@id\":\"https:\\\/\\\/lahingupood.ee\\\/toode\\\/m-pro-gen2-universaalne-varustusetasku-up19mm-eedigi\\\/#breadcrumb\",\"itemListElement\":[{\"@type\":\"ListItem\",\"position\":1,\"name\":\"Home\",\"item\":\"https:\\\/\\\/lahingupood.ee\\\/\"},{\"@type\":\"ListItem\",\"position\":2,\"name\":\"Tooted\",\"item\":\"https:\\\/\\\/lahingupood.ee\\\/tooted\\\/\"},{\"@type\":\"ListItem\",\"position\":3,\"name\":\"M-Pro Gen2 universaalne varustusetasku UP19MM, EEdigi\"}]},{\"@type\":\"WebSite\",\"@id\":\"https:\\\/\\\/lahingupood.ee\\\/#website\",\"url\":\"https:\\\/\\\/lahingupood.ee\\\/\",\"name\":\"Lahingurada e-pood\",\"description\":\"Airsoft\",\"publisher\":{\"@id\":\"https:\\\/\\\/lahingupood.ee\\\/#organization\"},\"potentialAction\":[{\"@type\":\"SearchAction\",\"target\":{\"@type\":\"EntryPoint\",\"urlTemplate\":\"https:\\\/\\\/lahingupood.ee\\\/?s={search_term_string}\"},\"query-input\":{\"@type\":\"PropertyValueSpecification\",\"valueRequired\":true,\"valueName\":\"search_term_string\"}}],\"inLanguage\":\"en-GB\"},{\"@type\":\"Organization\",\"@id\":\"https:\\\/\\\/lahingupood.ee\\\/#organization\",\"name\":\"Lahingurada\",\"url\":\"https:\\\/\\\/lahingupood.ee\\\/\",\"logo\":{\"@type\":\"ImageObject\",\"inLanguage\":\"en-GB\",\"@id\":\"https:\\\/\\\/lahingupood.ee\\\/#\\\/schema\\\/logo\\\/image\\\/\",\"url\":\"https:\\\/\\\/lahingupood.ee\\\/wp-content\\\/uploads\\\/2022\\\/03\\\/lahingurada-220318.jpg\",\"contentUrl\":\"https:\\\/\\\/lahingupood.ee\\\/wp-content\\\/uploads\\\/2022\\\/03\\\/lahingurada-220318.jpg\",\"width\":800,\"height\":500,\"caption\":\"Lahingurada\"},\"image\":{\"@id\":\"https:\\\/\\\/lahingupood.ee\\\/#\\\/schema\\\/logo\\\/image\\\/\"},\"sameAs\":[\"https:\\\/\\\/www.facebook.com\\\/Lahingurada-629940247212967\"]}]}<\/script>\n<!-- \/ Yoast SEO Premium plugin. -->","yoast_head_json":{"title":"M-Pro Gen2 universaalne varustusetasku UP19MM, EEdigi - Lahingurada e-pood","description":"Matrix Protecti GEN 2 laserl\u00f5igatud esipaneeliga ja EEdigi t\u00f5mblukuga \u00fcldotstarbeline varustusetasku mahutab t\u00e4nu oma suurusele palju erinevat varustust","robots":{"index":"index","follow":"follow","max-snippet":"max-snippet:-1","max-image-preview":"max-image-preview:large","max-video-preview":"max-video-preview:-1"},"canonical":"https:\/\/lahingupood.ee\/en\/product\/m-pro-gen2-universaalne-varustusetasku-up19mm-eedigi\/","og_locale":"en_GB","og_type":"article","og_title":"M-Pro Gen2 universaalne varustusetasku UP19MM, EEdigi","og_description":"Matrix Protecti GEN 2 laserl\u00f5igatud esipaneeliga ja EEdigi t\u00f5mblukuga \u00fcldotstarbeline varustusetasku mahutab t\u00e4nu oma suurusele palju erinevat varustust","og_url":"https:\/\/lahingupood.ee\/en\/product\/m-pro-gen2-universaalne-varustusetasku-up19mm-eedigi\/","og_site_name":"Lahingurada e-pood","article_publisher":"https:\/\/www.facebook.com\/Lahingurada-629940247212967","article_modified_time":"2025-03-14T10:40:50+00:00","og_image":[{"width":800,"height":500,"url":"https:\/\/lahingupood.ee\/wp-content\/uploads\/2022\/03\/lahingurada-220318.jpg","type":"image\/jpeg"}],"twitter_card":"summary_large_image","twitter_misc":{"Estimated reading time":"1 minute"},"schema":{"@context":"https:\/\/schema.org","@graph":[{"@type":"WebPage","@id":"https:\/\/lahingupood.ee\/toode\/m-pro-gen2-universaalne-varustusetasku-up19mm-eedigi\/","url":"https:\/\/lahingupood.ee\/toode\/m-pro-gen2-universaalne-varustusetasku-up19mm-eedigi\/","name":"M-Pro Gen2 universaalne varustusetasku UP19MM, EEdigi - Lahingurada e-pood","isPartOf":{"@id":"https:\/\/lahingupood.ee\/#website"},"primaryImageOfPage":{"@id":"https:\/\/lahingupood.ee\/toode\/m-pro-gen2-universaalne-varustusetasku-up19mm-eedigi\/#primaryimage"},"image":{"@id":"https:\/\/lahingupood.ee\/toode\/m-pro-gen2-universaalne-varustusetasku-up19mm-eedigi\/#primaryimage"},"thumbnailUrl":"https:\/\/lahingupood.ee\/wp-content\/uploads\/2025\/03\/1-48.avif","datePublished":"2025-03-12T12:47:18+00:00","dateModified":"2025-03-14T10:40:50+00:00","description":"Matrix Protecti GEN 2 laserl\u00f5igatud esipaneeliga ja EEdigi t\u00f5mblukuga \u00fcldotstarbeline varustusetasku mahutab t\u00e4nu oma suurusele palju erinevat varustust","breadcrumb":{"@id":"https:\/\/lahingupood.ee\/toode\/m-pro-gen2-universaalne-varustusetasku-up19mm-eedigi\/#breadcrumb"},"inLanguage":"en-GB","potentialAction":[{"@type":"ReadAction","target":["https:\/\/lahingupood.ee\/toode\/m-pro-gen2-universaalne-varustusetasku-up19mm-eedigi\/"]}]},{"@type":"ImageObject","inLanguage":"en-GB","@id":"https:\/\/lahingupood.ee\/toode\/m-pro-gen2-universaalne-varustusetasku-up19mm-eedigi\/#primaryimage","url":"https:\/\/lahingupood.ee\/wp-content\/uploads\/2025\/03\/1-48.avif","contentUrl":"https:\/\/lahingupood.ee\/wp-content\/uploads\/2025\/03\/1-48.avif","width":1080,"height":1080},{"@type":"BreadcrumbList","@id":"https:\/\/lahingupood.ee\/toode\/m-pro-gen2-universaalne-varustusetasku-up19mm-eedigi\/#breadcrumb","itemListElement":[{"@type":"ListItem","position":1,"name":"Home","item":"https:\/\/lahingupood.ee\/"},{"@type":"ListItem","position":2,"name":"Tooted","item":"https:\/\/lahingupood.ee\/tooted\/"},{"@type":"ListItem","position":3,"name":"M-Pro Gen2 universaalne varustusetasku UP19MM, EEdigi"}]},{"@type":"WebSite","@id":"https:\/\/lahingupood.ee\/#website","url":"https:\/\/lahingupood.ee\/","name":"Lahingurada e-pood","description":"Airsoft","publisher":{"@id":"https:\/\/lahingupood.ee\/#organization"},"potentialAction":[{"@type":"SearchAction","target":{"@type":"EntryPoint","urlTemplate":"https:\/\/lahingupood.ee\/?s={search_term_string}"},"query-input":{"@type":"PropertyValueSpecification","valueRequired":true,"valueName":"search_term_string"}}],"inLanguage":"en-GB"},{"@type":"Organization","@id":"https:\/\/lahingupood.ee\/#organization","name":"Lahingurada","url":"https:\/\/lahingupood.ee\/","logo":{"@type":"ImageObject","inLanguage":"en-GB","@id":"https:\/\/lahingupood.ee\/#\/schema\/logo\/image\/","url":"https:\/\/lahingupood.ee\/wp-content\/uploads\/2022\/03\/lahingurada-220318.jpg","contentUrl":"https:\/\/lahingupood.ee\/wp-content\/uploads\/2022\/03\/lahingurada-220318.jpg","width":800,"height":500,"caption":"Lahingurada"},"image":{"@id":"https:\/\/lahingupood.ee\/#\/schema\/logo\/image\/"},"sameAs":["https:\/\/www.facebook.com\/Lahingurada-629940247212967"]}]}},"_links":{"self":[{"href":"https:\/\/lahingupood.ee\/en\/wp-json\/wp\/v2\/product\/6642","targetHints":{"allow":["GET"]}}],"collection":[{"href":"https:\/\/lahingupood.ee\/en\/wp-json\/wp\/v2\/product"}],"about":[{"href":"https:\/\/lahingupood.ee\/en\/wp-json\/wp\/v2\/types\/product"}],"wp:featuredmedia":[{"embeddable":true,"href":"https:\/\/lahingupood.ee\/en\/wp-json\/wp\/v2\/media\/6643"}],"wp:attachment":[{"href":"https:\/\/lahingupood.ee\/en\/wp-json\/wp\/v2\/media?parent=6642"}],"wp:term":[{"taxonomy":"product_brand","embeddable":true,"href":"https:\/\/lahingupood.ee\/en\/wp-json\/wp\/v2\/product_brand?post=6642"},{"taxonomy":"product_cat","embeddable":true,"href":"https:\/\/lahingupood.ee\/en\/wp-json\/wp\/v2\/product_cat?post=6642"},{"taxonomy":"product_tag","embeddable":true,"href":"https:\/\/lahingupood.ee\/en\/wp-json\/wp\/v2\/product_tag?post=6642"}],"curies":[{"name":"wp","href":"https:\/\/api.w.org\/{rel}","templated":true}]}}