{"id":6614,"date":"2025-03-12T14:36:38","date_gmt":"2025-03-12T12:36:38","guid":{"rendered":"https:\/\/lahingupood.ee\/?post_type=product&#038;p=6614"},"modified":"2025-03-14T12:42:41","modified_gmt":"2025-03-14T10:42:41","slug":"m-pro-gen2-drop-down-varustusetasku-dp2vm-v3-slim-eedigi","status":"publish","type":"product","link":"https:\/\/lahingupood.ee\/en\/product\/m-pro-gen2-drop-down-varustusetasku-dp2vm-v3-slim-eedigi\/","title":{"rendered":"M-Pro Gen2 drop down varustusetasku DP2VM-V3 slim, EEdigi"},"content":{"rendered":"<p>Matrix Protecti GEN2 slim laserl\u00f5igatud Drop Down t\u00fc\u00fcpi varustusetasku on disainitud kasutamaks erinevat t\u00fc\u00fcpi v\u00f5itleja varustust. Tasku on seest vooderdatud pehme takjariidega, et kinnitada erinevaid elastseid ja j\u00e4iku vaheseinu, et eraldada tooteid omavahel. Sellesse taskusse saab panna ka erinevaid takjaga kinnituvaid inserte, et asjad oleks kindlalt omal kohal. Matrix Protecti sortimendis on lai valik erinevaid vaheseinu ja inserte, et mahutada ja kinnitada mis iganes varustust taskusse. Tasku sobib meedikule, et hoida seal meditsiinitarvikuid, sobib \u00f6\u00f6vaatlusseadmete ja optika hoidmiseks. Mahutab ka salvesid ja granaate, toitu. Lisaks on tasku igal v\u00e4lispinnal mikro Molle s\u00fcsteem, et kinnitada vajalikku lisavarustust.<\/p>\n<p>Tasku sees on eraldi sektsioon, kuhui saab paigutada kevlarplaadi.<\/p>\n<p>Tasku k\u00fcljes on ka lisaklapp, mis on kaetud seestpoolt pehme takjariidega,et ka sinna kinnitada vajadusel varustust nagu \u017egutte, salvetaskuid.<\/p>\n<p>Varustusetaskut saab kinnitada laia takjapaneeli abil Matrix Protecti erinevate plaadikandjate k\u00fclge. Tasku t\u00f5mblukkude mugavamaks avamiseks ja sulgemiseks on luku kelkude otsa paigutatud s\u00f5lmega n\u00f6\u00f6r, millest on hea kinni haarata.<\/p>\n<p>Materjaliks on laserl\u00f5igatud FOXDURA 500 IRR laminaatkangas. Kinnituss\u00fcsteem \u2013 takjapaneel. Matrix Protecti sortimendis on kahe erineva nn, paksusega taskut. \u00dche Molle paksune ja kahe Molle paksune.<\/p>","protected":false},"excerpt":{"rendered":"<p>Matrix Protecti GEN2 slim laserl\u00f5igatud Drop Down t\u00fc\u00fcpi varustusetasku on disainitud kasutamaks erinevat t\u00fc\u00fcpi v\u00f5itleja varustust. Tasku on seest vooderdatud pehme takjariidega, et kinnitada erinevaid elastseid ja j\u00e4iku vaheseinu, et eraldada tooteid omavahel. Sellesse taskusse saab panna ka erinevaid takjaga kinnituvaid inserte, et asjad oleks kindlalt omal kohal. Matrix Protecti sortimendis on lai valik erinevaid [&#8230;]\n","protected":false},"featured_media":6615,"template":"","meta":[],"product_brand":[],"product_cat":[212],"product_tag":[],"class_list":{"0":"post-6614","1":"product","2":"type-product","3":"status-publish","4":"has-post-thumbnail","6":"product_cat-varustuse-taskud-ee-digilaik-estdcu","8":"first","9":"onbackorder","10":"taxable","11":"shipping-taxable","12":"purchasable","13":"product-type-simple"},"yoast_head":"<!-- This site is optimized with the Yoast SEO Premium plugin v27.3 (Yoast SEO v27.3) - https:\/\/yoast.com\/product\/yoast-seo-premium-wordpress\/ -->\n<title>M-Pro Gen2 drop down varustusetasku DP2VM-V3 slim, EEdigi - Lahingurada e-pood<\/title>\n<meta name=\"description\" content=\"Matrix Protecti GEN2 slim laserl\u00f5igatud Drop Down t\u00fc\u00fcpi varustusetasku on disainitud kasutamaks erinevat t\u00fc\u00fcpi v\u00f5itleja varustust.\" \/>\n<meta name=\"robots\" content=\"index, follow, max-snippet:-1, max-image-preview:large, max-video-preview:-1\" \/>\n<link rel=\"canonical\" href=\"https:\/\/lahingupood.ee\/en\/product\/m-pro-gen2-drop-down-varustusetasku-dp2vm-v3-slim-eedigi\/\" \/>\n<meta property=\"og:locale\" content=\"en_GB\" \/>\n<meta property=\"og:type\" content=\"article\" \/>\n<meta property=\"og:title\" content=\"M-Pro Gen2 drop down varustusetasku DP2VM-V3 slim, EEdigi\" \/>\n<meta property=\"og:description\" content=\"Matrix Protecti GEN2 slim laserl\u00f5igatud Drop Down t\u00fc\u00fcpi varustusetasku on disainitud kasutamaks erinevat t\u00fc\u00fcpi v\u00f5itleja varustust.\" \/>\n<meta property=\"og:url\" content=\"https:\/\/lahingupood.ee\/en\/product\/m-pro-gen2-drop-down-varustusetasku-dp2vm-v3-slim-eedigi\/\" \/>\n<meta property=\"og:site_name\" content=\"Lahingurada e-pood\" \/>\n<meta property=\"article:publisher\" content=\"https:\/\/www.facebook.com\/Lahingurada-629940247212967\" \/>\n<meta property=\"article:modified_time\" content=\"2025-03-14T10:42:41+00:00\" \/>\n<meta property=\"og:image\" content=\"https:\/\/lahingupood.ee\/wp-content\/uploads\/2022\/03\/lahingurada-220318.jpg\" \/>\n\t<meta property=\"og:image:width\" content=\"800\" \/>\n\t<meta property=\"og:image:height\" content=\"500\" \/>\n\t<meta property=\"og:image:type\" content=\"image\/jpeg\" \/>\n<meta name=\"twitter:card\" content=\"summary_large_image\" \/>\n<meta name=\"twitter:label1\" content=\"Estimated reading time\" \/>\n\t<meta name=\"twitter:data1\" content=\"2 minutes\" \/>\n<script type=\"application\/ld+json\" class=\"yoast-schema-graph\">{\"@context\":\"https:\\\/\\\/schema.org\",\"@graph\":[{\"@type\":\"WebPage\",\"@id\":\"https:\\\/\\\/lahingupood.ee\\\/toode\\\/m-pro-gen2-drop-down-varustusetasku-dp2vm-v3-slim-eedigi\\\/\",\"url\":\"https:\\\/\\\/lahingupood.ee\\\/toode\\\/m-pro-gen2-drop-down-varustusetasku-dp2vm-v3-slim-eedigi\\\/\",\"name\":\"M-Pro Gen2 drop down varustusetasku DP2VM-V3 slim, EEdigi - Lahingurada e-pood\",\"isPartOf\":{\"@id\":\"https:\\\/\\\/lahingupood.ee\\\/#website\"},\"primaryImageOfPage\":{\"@id\":\"https:\\\/\\\/lahingupood.ee\\\/toode\\\/m-pro-gen2-drop-down-varustusetasku-dp2vm-v3-slim-eedigi\\\/#primaryimage\"},\"image\":{\"@id\":\"https:\\\/\\\/lahingupood.ee\\\/toode\\\/m-pro-gen2-drop-down-varustusetasku-dp2vm-v3-slim-eedigi\\\/#primaryimage\"},\"thumbnailUrl\":\"https:\\\/\\\/lahingupood.ee\\\/wp-content\\\/uploads\\\/2025\\\/03\\\/1-44.avif\",\"datePublished\":\"2025-03-12T12:36:38+00:00\",\"dateModified\":\"2025-03-14T10:42:41+00:00\",\"description\":\"Matrix Protecti GEN2 slim laserl\u00f5igatud Drop Down t\u00fc\u00fcpi varustusetasku on disainitud kasutamaks erinevat t\u00fc\u00fcpi v\u00f5itleja varustust.\",\"breadcrumb\":{\"@id\":\"https:\\\/\\\/lahingupood.ee\\\/toode\\\/m-pro-gen2-drop-down-varustusetasku-dp2vm-v3-slim-eedigi\\\/#breadcrumb\"},\"inLanguage\":\"en-GB\",\"potentialAction\":[{\"@type\":\"ReadAction\",\"target\":[\"https:\\\/\\\/lahingupood.ee\\\/toode\\\/m-pro-gen2-drop-down-varustusetasku-dp2vm-v3-slim-eedigi\\\/\"]}]},{\"@type\":\"ImageObject\",\"inLanguage\":\"en-GB\",\"@id\":\"https:\\\/\\\/lahingupood.ee\\\/toode\\\/m-pro-gen2-drop-down-varustusetasku-dp2vm-v3-slim-eedigi\\\/#primaryimage\",\"url\":\"https:\\\/\\\/lahingupood.ee\\\/wp-content\\\/uploads\\\/2025\\\/03\\\/1-44.avif\",\"contentUrl\":\"https:\\\/\\\/lahingupood.ee\\\/wp-content\\\/uploads\\\/2025\\\/03\\\/1-44.avif\",\"width\":1080,\"height\":1080},{\"@type\":\"BreadcrumbList\",\"@id\":\"https:\\\/\\\/lahingupood.ee\\\/toode\\\/m-pro-gen2-drop-down-varustusetasku-dp2vm-v3-slim-eedigi\\\/#breadcrumb\",\"itemListElement\":[{\"@type\":\"ListItem\",\"position\":1,\"name\":\"Home\",\"item\":\"https:\\\/\\\/lahingupood.ee\\\/\"},{\"@type\":\"ListItem\",\"position\":2,\"name\":\"Tooted\",\"item\":\"https:\\\/\\\/lahingupood.ee\\\/tooted\\\/\"},{\"@type\":\"ListItem\",\"position\":3,\"name\":\"M-Pro Gen2 drop down varustusetasku DP2VM-V3 slim, EEdigi\"}]},{\"@type\":\"WebSite\",\"@id\":\"https:\\\/\\\/lahingupood.ee\\\/#website\",\"url\":\"https:\\\/\\\/lahingupood.ee\\\/\",\"name\":\"Lahingurada e-pood\",\"description\":\"Airsoft\",\"publisher\":{\"@id\":\"https:\\\/\\\/lahingupood.ee\\\/#organization\"},\"potentialAction\":[{\"@type\":\"SearchAction\",\"target\":{\"@type\":\"EntryPoint\",\"urlTemplate\":\"https:\\\/\\\/lahingupood.ee\\\/?s={search_term_string}\"},\"query-input\":{\"@type\":\"PropertyValueSpecification\",\"valueRequired\":true,\"valueName\":\"search_term_string\"}}],\"inLanguage\":\"en-GB\"},{\"@type\":\"Organization\",\"@id\":\"https:\\\/\\\/lahingupood.ee\\\/#organization\",\"name\":\"Lahingurada\",\"url\":\"https:\\\/\\\/lahingupood.ee\\\/\",\"logo\":{\"@type\":\"ImageObject\",\"inLanguage\":\"en-GB\",\"@id\":\"https:\\\/\\\/lahingupood.ee\\\/#\\\/schema\\\/logo\\\/image\\\/\",\"url\":\"https:\\\/\\\/lahingupood.ee\\\/wp-content\\\/uploads\\\/2022\\\/03\\\/lahingurada-220318.jpg\",\"contentUrl\":\"https:\\\/\\\/lahingupood.ee\\\/wp-content\\\/uploads\\\/2022\\\/03\\\/lahingurada-220318.jpg\",\"width\":800,\"height\":500,\"caption\":\"Lahingurada\"},\"image\":{\"@id\":\"https:\\\/\\\/lahingupood.ee\\\/#\\\/schema\\\/logo\\\/image\\\/\"},\"sameAs\":[\"https:\\\/\\\/www.facebook.com\\\/Lahingurada-629940247212967\"]}]}<\/script>\n<!-- \/ Yoast SEO Premium plugin. -->","yoast_head_json":{"title":"M-Pro Gen2 drop down varustusetasku DP2VM-V3 slim, EEdigi - Lahingurada e-pood","description":"Matrix Protecti GEN2 slim laserl\u00f5igatud Drop Down t\u00fc\u00fcpi varustusetasku on disainitud kasutamaks erinevat t\u00fc\u00fcpi v\u00f5itleja varustust.","robots":{"index":"index","follow":"follow","max-snippet":"max-snippet:-1","max-image-preview":"max-image-preview:large","max-video-preview":"max-video-preview:-1"},"canonical":"https:\/\/lahingupood.ee\/en\/product\/m-pro-gen2-drop-down-varustusetasku-dp2vm-v3-slim-eedigi\/","og_locale":"en_GB","og_type":"article","og_title":"M-Pro Gen2 drop down varustusetasku DP2VM-V3 slim, EEdigi","og_description":"Matrix Protecti GEN2 slim laserl\u00f5igatud Drop Down t\u00fc\u00fcpi varustusetasku on disainitud kasutamaks erinevat t\u00fc\u00fcpi v\u00f5itleja varustust.","og_url":"https:\/\/lahingupood.ee\/en\/product\/m-pro-gen2-drop-down-varustusetasku-dp2vm-v3-slim-eedigi\/","og_site_name":"Lahingurada e-pood","article_publisher":"https:\/\/www.facebook.com\/Lahingurada-629940247212967","article_modified_time":"2025-03-14T10:42:41+00:00","og_image":[{"width":800,"height":500,"url":"https:\/\/lahingupood.ee\/wp-content\/uploads\/2022\/03\/lahingurada-220318.jpg","type":"image\/jpeg"}],"twitter_card":"summary_large_image","twitter_misc":{"Estimated reading time":"2 minutes"},"schema":{"@context":"https:\/\/schema.org","@graph":[{"@type":"WebPage","@id":"https:\/\/lahingupood.ee\/toode\/m-pro-gen2-drop-down-varustusetasku-dp2vm-v3-slim-eedigi\/","url":"https:\/\/lahingupood.ee\/toode\/m-pro-gen2-drop-down-varustusetasku-dp2vm-v3-slim-eedigi\/","name":"M-Pro Gen2 drop down varustusetasku DP2VM-V3 slim, EEdigi - Lahingurada e-pood","isPartOf":{"@id":"https:\/\/lahingupood.ee\/#website"},"primaryImageOfPage":{"@id":"https:\/\/lahingupood.ee\/toode\/m-pro-gen2-drop-down-varustusetasku-dp2vm-v3-slim-eedigi\/#primaryimage"},"image":{"@id":"https:\/\/lahingupood.ee\/toode\/m-pro-gen2-drop-down-varustusetasku-dp2vm-v3-slim-eedigi\/#primaryimage"},"thumbnailUrl":"https:\/\/lahingupood.ee\/wp-content\/uploads\/2025\/03\/1-44.avif","datePublished":"2025-03-12T12:36:38+00:00","dateModified":"2025-03-14T10:42:41+00:00","description":"Matrix Protecti GEN2 slim laserl\u00f5igatud Drop Down t\u00fc\u00fcpi varustusetasku on disainitud kasutamaks erinevat t\u00fc\u00fcpi v\u00f5itleja varustust.","breadcrumb":{"@id":"https:\/\/lahingupood.ee\/toode\/m-pro-gen2-drop-down-varustusetasku-dp2vm-v3-slim-eedigi\/#breadcrumb"},"inLanguage":"en-GB","potentialAction":[{"@type":"ReadAction","target":["https:\/\/lahingupood.ee\/toode\/m-pro-gen2-drop-down-varustusetasku-dp2vm-v3-slim-eedigi\/"]}]},{"@type":"ImageObject","inLanguage":"en-GB","@id":"https:\/\/lahingupood.ee\/toode\/m-pro-gen2-drop-down-varustusetasku-dp2vm-v3-slim-eedigi\/#primaryimage","url":"https:\/\/lahingupood.ee\/wp-content\/uploads\/2025\/03\/1-44.avif","contentUrl":"https:\/\/lahingupood.ee\/wp-content\/uploads\/2025\/03\/1-44.avif","width":1080,"height":1080},{"@type":"BreadcrumbList","@id":"https:\/\/lahingupood.ee\/toode\/m-pro-gen2-drop-down-varustusetasku-dp2vm-v3-slim-eedigi\/#breadcrumb","itemListElement":[{"@type":"ListItem","position":1,"name":"Home","item":"https:\/\/lahingupood.ee\/"},{"@type":"ListItem","position":2,"name":"Tooted","item":"https:\/\/lahingupood.ee\/tooted\/"},{"@type":"ListItem","position":3,"name":"M-Pro Gen2 drop down varustusetasku DP2VM-V3 slim, EEdigi"}]},{"@type":"WebSite","@id":"https:\/\/lahingupood.ee\/#website","url":"https:\/\/lahingupood.ee\/","name":"Lahingurada e-pood","description":"Airsoft","publisher":{"@id":"https:\/\/lahingupood.ee\/#organization"},"potentialAction":[{"@type":"SearchAction","target":{"@type":"EntryPoint","urlTemplate":"https:\/\/lahingupood.ee\/?s={search_term_string}"},"query-input":{"@type":"PropertyValueSpecification","valueRequired":true,"valueName":"search_term_string"}}],"inLanguage":"en-GB"},{"@type":"Organization","@id":"https:\/\/lahingupood.ee\/#organization","name":"Lahingurada","url":"https:\/\/lahingupood.ee\/","logo":{"@type":"ImageObject","inLanguage":"en-GB","@id":"https:\/\/lahingupood.ee\/#\/schema\/logo\/image\/","url":"https:\/\/lahingupood.ee\/wp-content\/uploads\/2022\/03\/lahingurada-220318.jpg","contentUrl":"https:\/\/lahingupood.ee\/wp-content\/uploads\/2022\/03\/lahingurada-220318.jpg","width":800,"height":500,"caption":"Lahingurada"},"image":{"@id":"https:\/\/lahingupood.ee\/#\/schema\/logo\/image\/"},"sameAs":["https:\/\/www.facebook.com\/Lahingurada-629940247212967"]}]}},"_links":{"self":[{"href":"https:\/\/lahingupood.ee\/en\/wp-json\/wp\/v2\/product\/6614","targetHints":{"allow":["GET"]}}],"collection":[{"href":"https:\/\/lahingupood.ee\/en\/wp-json\/wp\/v2\/product"}],"about":[{"href":"https:\/\/lahingupood.ee\/en\/wp-json\/wp\/v2\/types\/product"}],"wp:featuredmedia":[{"embeddable":true,"href":"https:\/\/lahingupood.ee\/en\/wp-json\/wp\/v2\/media\/6615"}],"wp:attachment":[{"href":"https:\/\/lahingupood.ee\/en\/wp-json\/wp\/v2\/media?parent=6614"}],"wp:term":[{"taxonomy":"product_brand","embeddable":true,"href":"https:\/\/lahingupood.ee\/en\/wp-json\/wp\/v2\/product_brand?post=6614"},{"taxonomy":"product_cat","embeddable":true,"href":"https:\/\/lahingupood.ee\/en\/wp-json\/wp\/v2\/product_cat?post=6614"},{"taxonomy":"product_tag","embeddable":true,"href":"https:\/\/lahingupood.ee\/en\/wp-json\/wp\/v2\/product_tag?post=6614"}],"curies":[{"name":"wp","href":"https:\/\/api.w.org\/{rel}","templated":true}]}}