{"id":6484,"date":"2025-03-11T16:44:49","date_gmt":"2025-03-11T14:44:49","guid":{"rendered":"https:\/\/lahingupood.ee\/?post_type=product&#038;p=6484"},"modified":"2025-03-14T12:54:02","modified_gmt":"2025-03-14T10:54:02","slug":"m-pro-automaadi-2-salve-tasku-mp2sm-sf-vaikne-7-62-eedigi","status":"publish","type":"product","link":"https:\/\/lahingupood.ee\/en\/product\/m-pro-automaadi-2-salve-tasku-mp2sm-sf-vaikne-7-62-eedigi\/","title":{"rendered":"M-Pro automaadi 2 salve tasku MP2SM-SF vaikne, 7.62 EEdigi"},"content":{"rendered":"<p>Matrix Protecti vaikne, konksuga 2 salve tasku m\u00f5eldud eelk\u00f5ige kahe AK-4, R20L jms salve hoidmiseks. Taskul on eemaldatav vahesein ning seet\u00f5ttu saab taskusse paigutada ka muud varustust. Tasku klapp kinnitub nn vaikse tehnoloogiaga. Klapil on elastne kummipael ja tugevast metallist konks, mille abil saab klappi vaikselt fikseerida tasku esipaneelile ning ka avada. Sedasi on salved v\u00f5i varustus mustuse jms eest kaitstud, samas on v\u00f5imalik v\u00e4ga vaikselt taskust varustus v\u00e4lja v\u00f5tta.<\/p>\n<p>Tasku kinnitub MOLLE s\u00fcsteemiga varustuse k\u00fclge. Valmistatud vastupidavast Foxdura 500 IRR kangast.<\/p>","protected":false},"excerpt":{"rendered":"<p>Matrix Protecti vaikne, konksuga 2 salve tasku m\u00f5eldud eelk\u00f5ige kahe AK-4, R20L jms salve hoidmiseks. Taskul on eemaldatav vahesein ning seet\u00f5ttu saab taskusse paigutada ka muud varustust. Tasku klapp kinnitub nn vaikse tehnoloogiaga. Klapil on elastne kummipael ja tugevast metallist konks, mille abil saab klappi vaikselt fikseerida tasku esipaneelile ning ka avada. Sedasi on salved [&#8230;]\n","protected":false},"featured_media":6485,"template":"","meta":[],"product_brand":[],"product_cat":[210],"product_tag":[],"class_list":{"0":"post-6484","1":"product","2":"type-product","3":"status-publish","4":"has-post-thumbnail","6":"product_cat-salvetaskud-ee-digilaik-estdcu","8":"first","9":"onbackorder","10":"taxable","11":"shipping-taxable","12":"purchasable","13":"product-type-simple"},"yoast_head":"<!-- This site is optimized with the Yoast SEO Premium plugin v27.3 (Yoast SEO v27.3) - https:\/\/yoast.com\/product\/yoast-seo-premium-wordpress\/ -->\n<title>M-Pro automaadi 2 salve tasku MP2SM-SF vaikne, 7.62 EEdigi - Lahingurada e-pood<\/title>\n<meta name=\"description\" content=\"Matrix Protecti vaikne, konksuga 2 salve tasku m\u00f5eldud eelk\u00f5ige kahe AK-4, R20L jms salve hoidmiseks. Taskul on eemaldatav vahesein ning seet\u00f5ttu\" \/>\n<meta name=\"robots\" content=\"index, follow, max-snippet:-1, max-image-preview:large, max-video-preview:-1\" \/>\n<link rel=\"canonical\" href=\"https:\/\/lahingupood.ee\/en\/product\/m-pro-automaadi-2-salve-tasku-mp2sm-sf-vaikne-7-62-eedigi\/\" \/>\n<meta property=\"og:locale\" content=\"en_GB\" \/>\n<meta property=\"og:type\" content=\"article\" \/>\n<meta property=\"og:title\" content=\"M-Pro automaadi 2 salve tasku MP2SM-SF vaikne, 7.62 EEdigi\" \/>\n<meta property=\"og:description\" content=\"Matrix Protecti vaikne, konksuga 2 salve tasku m\u00f5eldud eelk\u00f5ige kahe AK-4, R20L jms salve hoidmiseks. Taskul on eemaldatav vahesein ning seet\u00f5ttu\" \/>\n<meta property=\"og:url\" content=\"https:\/\/lahingupood.ee\/en\/product\/m-pro-automaadi-2-salve-tasku-mp2sm-sf-vaikne-7-62-eedigi\/\" \/>\n<meta property=\"og:site_name\" content=\"Lahingurada e-pood\" \/>\n<meta property=\"article:publisher\" content=\"https:\/\/www.facebook.com\/Lahingurada-629940247212967\" \/>\n<meta property=\"article:modified_time\" content=\"2025-03-14T10:54:02+00:00\" \/>\n<meta property=\"og:image\" content=\"https:\/\/lahingupood.ee\/wp-content\/uploads\/2022\/03\/lahingurada-220318.jpg\" \/>\n\t<meta property=\"og:image:width\" content=\"800\" \/>\n\t<meta property=\"og:image:height\" content=\"500\" \/>\n\t<meta property=\"og:image:type\" content=\"image\/jpeg\" \/>\n<meta name=\"twitter:card\" content=\"summary_large_image\" \/>\n<meta name=\"twitter:label1\" content=\"Estimated reading time\" \/>\n\t<meta name=\"twitter:data1\" content=\"1 minute\" \/>\n<script type=\"application\/ld+json\" class=\"yoast-schema-graph\">{\"@context\":\"https:\\\/\\\/schema.org\",\"@graph\":[{\"@type\":\"WebPage\",\"@id\":\"https:\\\/\\\/lahingupood.ee\\\/toode\\\/m-pro-automaadi-2-salve-tasku-mp2sm-sf-vaikne-7-62-eedigi\\\/\",\"url\":\"https:\\\/\\\/lahingupood.ee\\\/toode\\\/m-pro-automaadi-2-salve-tasku-mp2sm-sf-vaikne-7-62-eedigi\\\/\",\"name\":\"M-Pro automaadi 2 salve tasku MP2SM-SF vaikne, 7.62 EEdigi - Lahingurada e-pood\",\"isPartOf\":{\"@id\":\"https:\\\/\\\/lahingupood.ee\\\/#website\"},\"primaryImageOfPage\":{\"@id\":\"https:\\\/\\\/lahingupood.ee\\\/toode\\\/m-pro-automaadi-2-salve-tasku-mp2sm-sf-vaikne-7-62-eedigi\\\/#primaryimage\"},\"image\":{\"@id\":\"https:\\\/\\\/lahingupood.ee\\\/toode\\\/m-pro-automaadi-2-salve-tasku-mp2sm-sf-vaikne-7-62-eedigi\\\/#primaryimage\"},\"thumbnailUrl\":\"https:\\\/\\\/lahingupood.ee\\\/wp-content\\\/uploads\\\/2025\\\/03\\\/1-30.avif\",\"datePublished\":\"2025-03-11T14:44:49+00:00\",\"dateModified\":\"2025-03-14T10:54:02+00:00\",\"description\":\"Matrix Protecti vaikne, konksuga 2 salve tasku m\u00f5eldud eelk\u00f5ige kahe AK-4, R20L jms salve hoidmiseks. Taskul on eemaldatav vahesein ning seet\u00f5ttu\",\"breadcrumb\":{\"@id\":\"https:\\\/\\\/lahingupood.ee\\\/toode\\\/m-pro-automaadi-2-salve-tasku-mp2sm-sf-vaikne-7-62-eedigi\\\/#breadcrumb\"},\"inLanguage\":\"en-GB\",\"potentialAction\":[{\"@type\":\"ReadAction\",\"target\":[\"https:\\\/\\\/lahingupood.ee\\\/toode\\\/m-pro-automaadi-2-salve-tasku-mp2sm-sf-vaikne-7-62-eedigi\\\/\"]}]},{\"@type\":\"ImageObject\",\"inLanguage\":\"en-GB\",\"@id\":\"https:\\\/\\\/lahingupood.ee\\\/toode\\\/m-pro-automaadi-2-salve-tasku-mp2sm-sf-vaikne-7-62-eedigi\\\/#primaryimage\",\"url\":\"https:\\\/\\\/lahingupood.ee\\\/wp-content\\\/uploads\\\/2025\\\/03\\\/1-30.avif\",\"contentUrl\":\"https:\\\/\\\/lahingupood.ee\\\/wp-content\\\/uploads\\\/2025\\\/03\\\/1-30.avif\",\"width\":1080,\"height\":1080},{\"@type\":\"BreadcrumbList\",\"@id\":\"https:\\\/\\\/lahingupood.ee\\\/toode\\\/m-pro-automaadi-2-salve-tasku-mp2sm-sf-vaikne-7-62-eedigi\\\/#breadcrumb\",\"itemListElement\":[{\"@type\":\"ListItem\",\"position\":1,\"name\":\"Home\",\"item\":\"https:\\\/\\\/lahingupood.ee\\\/\"},{\"@type\":\"ListItem\",\"position\":2,\"name\":\"Tooted\",\"item\":\"https:\\\/\\\/lahingupood.ee\\\/tooted\\\/\"},{\"@type\":\"ListItem\",\"position\":3,\"name\":\"M-Pro automaadi 2 salve tasku MP2SM-SF vaikne, 7.62 EEdigi\"}]},{\"@type\":\"WebSite\",\"@id\":\"https:\\\/\\\/lahingupood.ee\\\/#website\",\"url\":\"https:\\\/\\\/lahingupood.ee\\\/\",\"name\":\"Lahingurada e-pood\",\"description\":\"Airsoft\",\"publisher\":{\"@id\":\"https:\\\/\\\/lahingupood.ee\\\/#organization\"},\"potentialAction\":[{\"@type\":\"SearchAction\",\"target\":{\"@type\":\"EntryPoint\",\"urlTemplate\":\"https:\\\/\\\/lahingupood.ee\\\/?s={search_term_string}\"},\"query-input\":{\"@type\":\"PropertyValueSpecification\",\"valueRequired\":true,\"valueName\":\"search_term_string\"}}],\"inLanguage\":\"en-GB\"},{\"@type\":\"Organization\",\"@id\":\"https:\\\/\\\/lahingupood.ee\\\/#organization\",\"name\":\"Lahingurada\",\"url\":\"https:\\\/\\\/lahingupood.ee\\\/\",\"logo\":{\"@type\":\"ImageObject\",\"inLanguage\":\"en-GB\",\"@id\":\"https:\\\/\\\/lahingupood.ee\\\/#\\\/schema\\\/logo\\\/image\\\/\",\"url\":\"https:\\\/\\\/lahingupood.ee\\\/wp-content\\\/uploads\\\/2022\\\/03\\\/lahingurada-220318.jpg\",\"contentUrl\":\"https:\\\/\\\/lahingupood.ee\\\/wp-content\\\/uploads\\\/2022\\\/03\\\/lahingurada-220318.jpg\",\"width\":800,\"height\":500,\"caption\":\"Lahingurada\"},\"image\":{\"@id\":\"https:\\\/\\\/lahingupood.ee\\\/#\\\/schema\\\/logo\\\/image\\\/\"},\"sameAs\":[\"https:\\\/\\\/www.facebook.com\\\/Lahingurada-629940247212967\"]}]}<\/script>\n<!-- \/ Yoast SEO Premium plugin. -->","yoast_head_json":{"title":"M-Pro automaadi 2 salve tasku MP2SM-SF vaikne, 7.62 EEdigi - Lahingurada e-pood","description":"Matrix Protecti vaikne, konksuga 2 salve tasku m\u00f5eldud eelk\u00f5ige kahe AK-4, R20L jms salve hoidmiseks. Taskul on eemaldatav vahesein ning seet\u00f5ttu","robots":{"index":"index","follow":"follow","max-snippet":"max-snippet:-1","max-image-preview":"max-image-preview:large","max-video-preview":"max-video-preview:-1"},"canonical":"https:\/\/lahingupood.ee\/en\/product\/m-pro-automaadi-2-salve-tasku-mp2sm-sf-vaikne-7-62-eedigi\/","og_locale":"en_GB","og_type":"article","og_title":"M-Pro automaadi 2 salve tasku MP2SM-SF vaikne, 7.62 EEdigi","og_description":"Matrix Protecti vaikne, konksuga 2 salve tasku m\u00f5eldud eelk\u00f5ige kahe AK-4, R20L jms salve hoidmiseks. Taskul on eemaldatav vahesein ning seet\u00f5ttu","og_url":"https:\/\/lahingupood.ee\/en\/product\/m-pro-automaadi-2-salve-tasku-mp2sm-sf-vaikne-7-62-eedigi\/","og_site_name":"Lahingurada e-pood","article_publisher":"https:\/\/www.facebook.com\/Lahingurada-629940247212967","article_modified_time":"2025-03-14T10:54:02+00:00","og_image":[{"width":800,"height":500,"url":"https:\/\/lahingupood.ee\/wp-content\/uploads\/2022\/03\/lahingurada-220318.jpg","type":"image\/jpeg"}],"twitter_card":"summary_large_image","twitter_misc":{"Estimated reading time":"1 minute"},"schema":{"@context":"https:\/\/schema.org","@graph":[{"@type":"WebPage","@id":"https:\/\/lahingupood.ee\/toode\/m-pro-automaadi-2-salve-tasku-mp2sm-sf-vaikne-7-62-eedigi\/","url":"https:\/\/lahingupood.ee\/toode\/m-pro-automaadi-2-salve-tasku-mp2sm-sf-vaikne-7-62-eedigi\/","name":"M-Pro automaadi 2 salve tasku MP2SM-SF vaikne, 7.62 EEdigi - Lahingurada e-pood","isPartOf":{"@id":"https:\/\/lahingupood.ee\/#website"},"primaryImageOfPage":{"@id":"https:\/\/lahingupood.ee\/toode\/m-pro-automaadi-2-salve-tasku-mp2sm-sf-vaikne-7-62-eedigi\/#primaryimage"},"image":{"@id":"https:\/\/lahingupood.ee\/toode\/m-pro-automaadi-2-salve-tasku-mp2sm-sf-vaikne-7-62-eedigi\/#primaryimage"},"thumbnailUrl":"https:\/\/lahingupood.ee\/wp-content\/uploads\/2025\/03\/1-30.avif","datePublished":"2025-03-11T14:44:49+00:00","dateModified":"2025-03-14T10:54:02+00:00","description":"Matrix Protecti vaikne, konksuga 2 salve tasku m\u00f5eldud eelk\u00f5ige kahe AK-4, R20L jms salve hoidmiseks. Taskul on eemaldatav vahesein ning seet\u00f5ttu","breadcrumb":{"@id":"https:\/\/lahingupood.ee\/toode\/m-pro-automaadi-2-salve-tasku-mp2sm-sf-vaikne-7-62-eedigi\/#breadcrumb"},"inLanguage":"en-GB","potentialAction":[{"@type":"ReadAction","target":["https:\/\/lahingupood.ee\/toode\/m-pro-automaadi-2-salve-tasku-mp2sm-sf-vaikne-7-62-eedigi\/"]}]},{"@type":"ImageObject","inLanguage":"en-GB","@id":"https:\/\/lahingupood.ee\/toode\/m-pro-automaadi-2-salve-tasku-mp2sm-sf-vaikne-7-62-eedigi\/#primaryimage","url":"https:\/\/lahingupood.ee\/wp-content\/uploads\/2025\/03\/1-30.avif","contentUrl":"https:\/\/lahingupood.ee\/wp-content\/uploads\/2025\/03\/1-30.avif","width":1080,"height":1080},{"@type":"BreadcrumbList","@id":"https:\/\/lahingupood.ee\/toode\/m-pro-automaadi-2-salve-tasku-mp2sm-sf-vaikne-7-62-eedigi\/#breadcrumb","itemListElement":[{"@type":"ListItem","position":1,"name":"Home","item":"https:\/\/lahingupood.ee\/"},{"@type":"ListItem","position":2,"name":"Tooted","item":"https:\/\/lahingupood.ee\/tooted\/"},{"@type":"ListItem","position":3,"name":"M-Pro automaadi 2 salve tasku MP2SM-SF vaikne, 7.62 EEdigi"}]},{"@type":"WebSite","@id":"https:\/\/lahingupood.ee\/#website","url":"https:\/\/lahingupood.ee\/","name":"Lahingurada e-pood","description":"Airsoft","publisher":{"@id":"https:\/\/lahingupood.ee\/#organization"},"potentialAction":[{"@type":"SearchAction","target":{"@type":"EntryPoint","urlTemplate":"https:\/\/lahingupood.ee\/?s={search_term_string}"},"query-input":{"@type":"PropertyValueSpecification","valueRequired":true,"valueName":"search_term_string"}}],"inLanguage":"en-GB"},{"@type":"Organization","@id":"https:\/\/lahingupood.ee\/#organization","name":"Lahingurada","url":"https:\/\/lahingupood.ee\/","logo":{"@type":"ImageObject","inLanguage":"en-GB","@id":"https:\/\/lahingupood.ee\/#\/schema\/logo\/image\/","url":"https:\/\/lahingupood.ee\/wp-content\/uploads\/2022\/03\/lahingurada-220318.jpg","contentUrl":"https:\/\/lahingupood.ee\/wp-content\/uploads\/2022\/03\/lahingurada-220318.jpg","width":800,"height":500,"caption":"Lahingurada"},"image":{"@id":"https:\/\/lahingupood.ee\/#\/schema\/logo\/image\/"},"sameAs":["https:\/\/www.facebook.com\/Lahingurada-629940247212967"]}]}},"_links":{"self":[{"href":"https:\/\/lahingupood.ee\/en\/wp-json\/wp\/v2\/product\/6484","targetHints":{"allow":["GET"]}}],"collection":[{"href":"https:\/\/lahingupood.ee\/en\/wp-json\/wp\/v2\/product"}],"about":[{"href":"https:\/\/lahingupood.ee\/en\/wp-json\/wp\/v2\/types\/product"}],"wp:featuredmedia":[{"embeddable":true,"href":"https:\/\/lahingupood.ee\/en\/wp-json\/wp\/v2\/media\/6485"}],"wp:attachment":[{"href":"https:\/\/lahingupood.ee\/en\/wp-json\/wp\/v2\/media?parent=6484"}],"wp:term":[{"taxonomy":"product_brand","embeddable":true,"href":"https:\/\/lahingupood.ee\/en\/wp-json\/wp\/v2\/product_brand?post=6484"},{"taxonomy":"product_cat","embeddable":true,"href":"https:\/\/lahingupood.ee\/en\/wp-json\/wp\/v2\/product_cat?post=6484"},{"taxonomy":"product_tag","embeddable":true,"href":"https:\/\/lahingupood.ee\/en\/wp-json\/wp\/v2\/product_tag?post=6484"}],"curies":[{"name":"wp","href":"https:\/\/api.w.org\/{rel}","templated":true}]}}