{"id":6455,"date":"2025-03-11T16:36:22","date_gmt":"2025-03-11T14:36:22","guid":{"rendered":"https:\/\/lahingupood.ee\/?post_type=product&#038;p=6455"},"modified":"2025-03-14T12:56:12","modified_gmt":"2025-03-14T10:56:12","slug":"m-pro-gen2-automaadi-salvetasku-kydex-mp1mm-kx-5-56-125mm-eedigi","status":"publish","type":"product","link":"https:\/\/lahingupood.ee\/en\/product\/m-pro-gen2-automaadi-salvetasku-kydex-mp1mm-kx-5-56-125mm-eedigi\/","title":{"rendered":"M-Pro GEN2 automaadi salvetasku Kydex MP1MM-KX 5.56, 125mm EEdigi"},"content":{"rendered":"<p>Matrix Protecti GEN 2 laserl\u00f5igatud 12,5 cm k\u00f5rgune Kydexist sisuga 5.56 salvega automaadi salvetasku on Matrix Protecti poolt loodud innovaatilise disainiga toode. Uudseks ja eriliseks teeb salvetasku laserl\u00f5igatud pilude s\u00fcsteem nii tasku esik\u00fcljel kui tagak\u00fcljel. See s\u00fcsteem \u00fchildub t\u00e4ielikult MOLLE s\u00fcsteemiga, kuid pilud on paigutatud on poole tihedamalt ning seet\u00f5ttu on v\u00f5imalik teha taskuga mikroreguleerimist ehk nihutada vajadusel 1,25 cm intervalliga. Lisaks on sellist taskut v\u00e4ga mugav paigutada erinevatele taktikalistele v\u00f6\u00f6dele. Matrix Protecti inseneride poolt disainitud ja konkreetsele salvetaskule optimeeritud Kydexist sisu hoiab salve kindlalt omas kohas. Kydexi sisu avaldab salvele piisavalt survet, et pole tarvis t\u00e4iendavaid klappe ega kummis\u00fcsteeme.<\/p>\n<p>Kuna Kydexi tasku p\u00fcsib piisavalt j\u00e4igana ka avatuna, siis saab vajadusel salve kergesti ka sinna tagasi panna. Kydexist sisepaneel hoiab salve piisava tugevusega kinni, nii et salve saab kanda vajadusel ka sellisel viisil, et salv on suunatud allapoole ning salve saab k\u00e4tte allapoole t\u00f5mmates.<\/p>\n<p>Salvetasku kinnitub MOLLE s\u00fcsteemiga varustuse k\u00fclge. Salvetasku esipaneelile saab kinnitada MOLLE abil muud varustust v\u00f5i lisaks teise salvetasku.<\/p>","protected":false},"excerpt":{"rendered":"<p>Matrix Protecti GEN 2 laserl\u00f5igatud 12,5 cm k\u00f5rgune Kydexist sisuga 5.56 salvega automaadi salvetasku on Matrix Protecti poolt loodud innovaatilise disainiga toode. Uudseks ja eriliseks teeb salvetasku laserl\u00f5igatud pilude s\u00fcsteem nii tasku esik\u00fcljel kui tagak\u00fcljel. See s\u00fcsteem \u00fchildub t\u00e4ielikult MOLLE s\u00fcsteemiga, kuid pilud on paigutatud on poole tihedamalt ning seet\u00f5ttu on v\u00f5imalik teha taskuga mikroreguleerimist [&#8230;]\n","protected":false},"featured_media":6456,"template":"","meta":[],"product_brand":[],"product_cat":[210],"product_tag":[],"class_list":{"0":"post-6455","1":"product","2":"type-product","3":"status-publish","4":"has-post-thumbnail","6":"product_cat-salvetaskud-ee-digilaik-estdcu","8":"first","9":"onbackorder","10":"taxable","11":"shipping-taxable","12":"purchasable","13":"product-type-simple"},"yoast_head":"<!-- This site is optimized with the Yoast SEO Premium plugin v27.3 (Yoast SEO v27.3) - https:\/\/yoast.com\/product\/yoast-seo-premium-wordpress\/ -->\n<title>M-Pro GEN2 automaadi salvetasku Kydex MP1MM-KX 5.56, 125mm EEdigi - Lahingurada e-pood<\/title>\n<meta name=\"description\" content=\"Matrix Protecti GEN 2 laserl\u00f5igatud 12,5 cm k\u00f5rgune Kydexist sisuga 5.56 salvega automaadi salvetasku on Matrix Protecti poolt loodud innovaatilise\" \/>\n<meta name=\"robots\" content=\"index, follow, max-snippet:-1, max-image-preview:large, max-video-preview:-1\" \/>\n<link rel=\"canonical\" href=\"https:\/\/lahingupood.ee\/en\/product\/m-pro-gen2-automaadi-salvetasku-kydex-mp1mm-kx-5-56-125mm-eedigi\/\" \/>\n<meta property=\"og:locale\" content=\"en_GB\" \/>\n<meta property=\"og:type\" content=\"article\" \/>\n<meta property=\"og:title\" content=\"M-Pro GEN2 automaadi salvetasku Kydex MP1MM-KX 5.56, 125mm EEdigi\" \/>\n<meta property=\"og:description\" content=\"Matrix Protecti GEN 2 laserl\u00f5igatud 12,5 cm k\u00f5rgune Kydexist sisuga 5.56 salvega automaadi salvetasku on Matrix Protecti poolt loodud innovaatilise\" \/>\n<meta property=\"og:url\" content=\"https:\/\/lahingupood.ee\/en\/product\/m-pro-gen2-automaadi-salvetasku-kydex-mp1mm-kx-5-56-125mm-eedigi\/\" \/>\n<meta property=\"og:site_name\" content=\"Lahingurada e-pood\" \/>\n<meta property=\"article:publisher\" content=\"https:\/\/www.facebook.com\/Lahingurada-629940247212967\" \/>\n<meta property=\"article:modified_time\" content=\"2025-03-14T10:56:12+00:00\" \/>\n<meta property=\"og:image\" content=\"https:\/\/lahingupood.ee\/wp-content\/uploads\/2022\/03\/lahingurada-220318.jpg\" \/>\n\t<meta property=\"og:image:width\" content=\"800\" \/>\n\t<meta property=\"og:image:height\" content=\"500\" \/>\n\t<meta property=\"og:image:type\" content=\"image\/jpeg\" \/>\n<meta name=\"twitter:card\" content=\"summary_large_image\" \/>\n<meta name=\"twitter:label1\" content=\"Estimated reading time\" \/>\n\t<meta name=\"twitter:data1\" content=\"2 minutes\" \/>\n<script type=\"application\/ld+json\" class=\"yoast-schema-graph\">{\"@context\":\"https:\\\/\\\/schema.org\",\"@graph\":[{\"@type\":\"WebPage\",\"@id\":\"https:\\\/\\\/lahingupood.ee\\\/toode\\\/m-pro-gen2-automaadi-salvetasku-kydex-mp1mm-kx-5-56-125mm-eedigi\\\/\",\"url\":\"https:\\\/\\\/lahingupood.ee\\\/toode\\\/m-pro-gen2-automaadi-salvetasku-kydex-mp1mm-kx-5-56-125mm-eedigi\\\/\",\"name\":\"M-Pro GEN2 automaadi salvetasku Kydex MP1MM-KX 5.56, 125mm EEdigi - Lahingurada e-pood\",\"isPartOf\":{\"@id\":\"https:\\\/\\\/lahingupood.ee\\\/#website\"},\"primaryImageOfPage\":{\"@id\":\"https:\\\/\\\/lahingupood.ee\\\/toode\\\/m-pro-gen2-automaadi-salvetasku-kydex-mp1mm-kx-5-56-125mm-eedigi\\\/#primaryimage\"},\"image\":{\"@id\":\"https:\\\/\\\/lahingupood.ee\\\/toode\\\/m-pro-gen2-automaadi-salvetasku-kydex-mp1mm-kx-5-56-125mm-eedigi\\\/#primaryimage\"},\"thumbnailUrl\":\"https:\\\/\\\/lahingupood.ee\\\/wp-content\\\/uploads\\\/2025\\\/03\\\/1-27.avif\",\"datePublished\":\"2025-03-11T14:36:22+00:00\",\"dateModified\":\"2025-03-14T10:56:12+00:00\",\"description\":\"Matrix Protecti GEN 2 laserl\u00f5igatud 12,5 cm k\u00f5rgune Kydexist sisuga 5.56 salvega automaadi salvetasku on Matrix Protecti poolt loodud innovaatilise\",\"breadcrumb\":{\"@id\":\"https:\\\/\\\/lahingupood.ee\\\/toode\\\/m-pro-gen2-automaadi-salvetasku-kydex-mp1mm-kx-5-56-125mm-eedigi\\\/#breadcrumb\"},\"inLanguage\":\"en-GB\",\"potentialAction\":[{\"@type\":\"ReadAction\",\"target\":[\"https:\\\/\\\/lahingupood.ee\\\/toode\\\/m-pro-gen2-automaadi-salvetasku-kydex-mp1mm-kx-5-56-125mm-eedigi\\\/\"]}]},{\"@type\":\"ImageObject\",\"inLanguage\":\"en-GB\",\"@id\":\"https:\\\/\\\/lahingupood.ee\\\/toode\\\/m-pro-gen2-automaadi-salvetasku-kydex-mp1mm-kx-5-56-125mm-eedigi\\\/#primaryimage\",\"url\":\"https:\\\/\\\/lahingupood.ee\\\/wp-content\\\/uploads\\\/2025\\\/03\\\/1-27.avif\",\"contentUrl\":\"https:\\\/\\\/lahingupood.ee\\\/wp-content\\\/uploads\\\/2025\\\/03\\\/1-27.avif\",\"width\":1080,\"height\":1080},{\"@type\":\"BreadcrumbList\",\"@id\":\"https:\\\/\\\/lahingupood.ee\\\/toode\\\/m-pro-gen2-automaadi-salvetasku-kydex-mp1mm-kx-5-56-125mm-eedigi\\\/#breadcrumb\",\"itemListElement\":[{\"@type\":\"ListItem\",\"position\":1,\"name\":\"Home\",\"item\":\"https:\\\/\\\/lahingupood.ee\\\/\"},{\"@type\":\"ListItem\",\"position\":2,\"name\":\"Tooted\",\"item\":\"https:\\\/\\\/lahingupood.ee\\\/tooted\\\/\"},{\"@type\":\"ListItem\",\"position\":3,\"name\":\"M-Pro GEN2 automaadi salvetasku Kydex MP1MM-KX 5.56, 125mm EEdigi\"}]},{\"@type\":\"WebSite\",\"@id\":\"https:\\\/\\\/lahingupood.ee\\\/#website\",\"url\":\"https:\\\/\\\/lahingupood.ee\\\/\",\"name\":\"Lahingurada e-pood\",\"description\":\"Airsoft\",\"publisher\":{\"@id\":\"https:\\\/\\\/lahingupood.ee\\\/#organization\"},\"potentialAction\":[{\"@type\":\"SearchAction\",\"target\":{\"@type\":\"EntryPoint\",\"urlTemplate\":\"https:\\\/\\\/lahingupood.ee\\\/?s={search_term_string}\"},\"query-input\":{\"@type\":\"PropertyValueSpecification\",\"valueRequired\":true,\"valueName\":\"search_term_string\"}}],\"inLanguage\":\"en-GB\"},{\"@type\":\"Organization\",\"@id\":\"https:\\\/\\\/lahingupood.ee\\\/#organization\",\"name\":\"Lahingurada\",\"url\":\"https:\\\/\\\/lahingupood.ee\\\/\",\"logo\":{\"@type\":\"ImageObject\",\"inLanguage\":\"en-GB\",\"@id\":\"https:\\\/\\\/lahingupood.ee\\\/#\\\/schema\\\/logo\\\/image\\\/\",\"url\":\"https:\\\/\\\/lahingupood.ee\\\/wp-content\\\/uploads\\\/2022\\\/03\\\/lahingurada-220318.jpg\",\"contentUrl\":\"https:\\\/\\\/lahingupood.ee\\\/wp-content\\\/uploads\\\/2022\\\/03\\\/lahingurada-220318.jpg\",\"width\":800,\"height\":500,\"caption\":\"Lahingurada\"},\"image\":{\"@id\":\"https:\\\/\\\/lahingupood.ee\\\/#\\\/schema\\\/logo\\\/image\\\/\"},\"sameAs\":[\"https:\\\/\\\/www.facebook.com\\\/Lahingurada-629940247212967\"]}]}<\/script>\n<!-- \/ Yoast SEO Premium plugin. -->","yoast_head_json":{"title":"M-Pro GEN2 automaadi salvetasku Kydex MP1MM-KX 5.56, 125mm EEdigi - Lahingurada e-pood","description":"Matrix Protecti GEN 2 laserl\u00f5igatud 12,5 cm k\u00f5rgune Kydexist sisuga 5.56 salvega automaadi salvetasku on Matrix Protecti poolt loodud innovaatilise","robots":{"index":"index","follow":"follow","max-snippet":"max-snippet:-1","max-image-preview":"max-image-preview:large","max-video-preview":"max-video-preview:-1"},"canonical":"https:\/\/lahingupood.ee\/en\/product\/m-pro-gen2-automaadi-salvetasku-kydex-mp1mm-kx-5-56-125mm-eedigi\/","og_locale":"en_GB","og_type":"article","og_title":"M-Pro GEN2 automaadi salvetasku Kydex MP1MM-KX 5.56, 125mm EEdigi","og_description":"Matrix Protecti GEN 2 laserl\u00f5igatud 12,5 cm k\u00f5rgune Kydexist sisuga 5.56 salvega automaadi salvetasku on Matrix Protecti poolt loodud innovaatilise","og_url":"https:\/\/lahingupood.ee\/en\/product\/m-pro-gen2-automaadi-salvetasku-kydex-mp1mm-kx-5-56-125mm-eedigi\/","og_site_name":"Lahingurada e-pood","article_publisher":"https:\/\/www.facebook.com\/Lahingurada-629940247212967","article_modified_time":"2025-03-14T10:56:12+00:00","og_image":[{"width":800,"height":500,"url":"https:\/\/lahingupood.ee\/wp-content\/uploads\/2022\/03\/lahingurada-220318.jpg","type":"image\/jpeg"}],"twitter_card":"summary_large_image","twitter_misc":{"Estimated reading time":"2 minutes"},"schema":{"@context":"https:\/\/schema.org","@graph":[{"@type":"WebPage","@id":"https:\/\/lahingupood.ee\/toode\/m-pro-gen2-automaadi-salvetasku-kydex-mp1mm-kx-5-56-125mm-eedigi\/","url":"https:\/\/lahingupood.ee\/toode\/m-pro-gen2-automaadi-salvetasku-kydex-mp1mm-kx-5-56-125mm-eedigi\/","name":"M-Pro GEN2 automaadi salvetasku Kydex MP1MM-KX 5.56, 125mm EEdigi - Lahingurada e-pood","isPartOf":{"@id":"https:\/\/lahingupood.ee\/#website"},"primaryImageOfPage":{"@id":"https:\/\/lahingupood.ee\/toode\/m-pro-gen2-automaadi-salvetasku-kydex-mp1mm-kx-5-56-125mm-eedigi\/#primaryimage"},"image":{"@id":"https:\/\/lahingupood.ee\/toode\/m-pro-gen2-automaadi-salvetasku-kydex-mp1mm-kx-5-56-125mm-eedigi\/#primaryimage"},"thumbnailUrl":"https:\/\/lahingupood.ee\/wp-content\/uploads\/2025\/03\/1-27.avif","datePublished":"2025-03-11T14:36:22+00:00","dateModified":"2025-03-14T10:56:12+00:00","description":"Matrix Protecti GEN 2 laserl\u00f5igatud 12,5 cm k\u00f5rgune Kydexist sisuga 5.56 salvega automaadi salvetasku on Matrix Protecti poolt loodud innovaatilise","breadcrumb":{"@id":"https:\/\/lahingupood.ee\/toode\/m-pro-gen2-automaadi-salvetasku-kydex-mp1mm-kx-5-56-125mm-eedigi\/#breadcrumb"},"inLanguage":"en-GB","potentialAction":[{"@type":"ReadAction","target":["https:\/\/lahingupood.ee\/toode\/m-pro-gen2-automaadi-salvetasku-kydex-mp1mm-kx-5-56-125mm-eedigi\/"]}]},{"@type":"ImageObject","inLanguage":"en-GB","@id":"https:\/\/lahingupood.ee\/toode\/m-pro-gen2-automaadi-salvetasku-kydex-mp1mm-kx-5-56-125mm-eedigi\/#primaryimage","url":"https:\/\/lahingupood.ee\/wp-content\/uploads\/2025\/03\/1-27.avif","contentUrl":"https:\/\/lahingupood.ee\/wp-content\/uploads\/2025\/03\/1-27.avif","width":1080,"height":1080},{"@type":"BreadcrumbList","@id":"https:\/\/lahingupood.ee\/toode\/m-pro-gen2-automaadi-salvetasku-kydex-mp1mm-kx-5-56-125mm-eedigi\/#breadcrumb","itemListElement":[{"@type":"ListItem","position":1,"name":"Home","item":"https:\/\/lahingupood.ee\/"},{"@type":"ListItem","position":2,"name":"Tooted","item":"https:\/\/lahingupood.ee\/tooted\/"},{"@type":"ListItem","position":3,"name":"M-Pro GEN2 automaadi salvetasku Kydex MP1MM-KX 5.56, 125mm EEdigi"}]},{"@type":"WebSite","@id":"https:\/\/lahingupood.ee\/#website","url":"https:\/\/lahingupood.ee\/","name":"Lahingurada e-pood","description":"Airsoft","publisher":{"@id":"https:\/\/lahingupood.ee\/#organization"},"potentialAction":[{"@type":"SearchAction","target":{"@type":"EntryPoint","urlTemplate":"https:\/\/lahingupood.ee\/?s={search_term_string}"},"query-input":{"@type":"PropertyValueSpecification","valueRequired":true,"valueName":"search_term_string"}}],"inLanguage":"en-GB"},{"@type":"Organization","@id":"https:\/\/lahingupood.ee\/#organization","name":"Lahingurada","url":"https:\/\/lahingupood.ee\/","logo":{"@type":"ImageObject","inLanguage":"en-GB","@id":"https:\/\/lahingupood.ee\/#\/schema\/logo\/image\/","url":"https:\/\/lahingupood.ee\/wp-content\/uploads\/2022\/03\/lahingurada-220318.jpg","contentUrl":"https:\/\/lahingupood.ee\/wp-content\/uploads\/2022\/03\/lahingurada-220318.jpg","width":800,"height":500,"caption":"Lahingurada"},"image":{"@id":"https:\/\/lahingupood.ee\/#\/schema\/logo\/image\/"},"sameAs":["https:\/\/www.facebook.com\/Lahingurada-629940247212967"]}]}},"_links":{"self":[{"href":"https:\/\/lahingupood.ee\/en\/wp-json\/wp\/v2\/product\/6455","targetHints":{"allow":["GET"]}}],"collection":[{"href":"https:\/\/lahingupood.ee\/en\/wp-json\/wp\/v2\/product"}],"about":[{"href":"https:\/\/lahingupood.ee\/en\/wp-json\/wp\/v2\/types\/product"}],"wp:featuredmedia":[{"embeddable":true,"href":"https:\/\/lahingupood.ee\/en\/wp-json\/wp\/v2\/media\/6456"}],"wp:attachment":[{"href":"https:\/\/lahingupood.ee\/en\/wp-json\/wp\/v2\/media?parent=6455"}],"wp:term":[{"taxonomy":"product_brand","embeddable":true,"href":"https:\/\/lahingupood.ee\/en\/wp-json\/wp\/v2\/product_brand?post=6455"},{"taxonomy":"product_cat","embeddable":true,"href":"https:\/\/lahingupood.ee\/en\/wp-json\/wp\/v2\/product_cat?post=6455"},{"taxonomy":"product_tag","embeddable":true,"href":"https:\/\/lahingupood.ee\/en\/wp-json\/wp\/v2\/product_tag?post=6455"}],"curies":[{"name":"wp","href":"https:\/\/api.w.org\/{rel}","templated":true}]}}