{"id":6417,"date":"2025-03-11T16:21:29","date_gmt":"2025-03-11T14:21:29","guid":{"rendered":"https:\/\/lahingupood.ee\/?post_type=product&#038;p=6417"},"modified":"2025-03-14T13:00:20","modified_gmt":"2025-03-14T11:00:20","slug":"m-pro-gen2-automaadi-salve-tasku-mp1mm-avatud-5-56-75mm-eedigi","status":"publish","type":"product","link":"https:\/\/lahingupood.ee\/en\/product\/m-pro-gen2-automaadi-salve-tasku-mp1mm-avatud-5-56-75mm-eedigi\/","title":{"rendered":"M-Pro Gen2 automaadi salve tasku MP1MM, avatud 5.56, 75mm EEdigi"},"content":{"rendered":"<p>Matrix Protecti GEN 2 laserl\u00f5igatud 7,5 cm k\u00f5rgune 5.56 salvega automaadi salvetasku GEN2-MP1MM on Matrix Protecti poolt loodud innovaatilise disainiga toode. Selles tootesarjas on kolme erineva k\u00f5rgusega salvetaskuid \u2013 75 mm, 100 mm ja 125 mm. Lisaks on tootevariatsioonidena\u00a0 esindatud esipaneelil nii mollepaneel kui minimalistlik ja sile versioon. Samuti on k\u00f5ik selle sarja tooted saadaval nii molle kinnitusega kui takjakinnitusega.<\/p>\n<p>Uudseks ja eriliseks teeb selle salvetasku laserl\u00f5igatud pilude s\u00fcsteem, mida me ise nimetame mikro-molleks ehk 12,5 mm vahega molleks. See s\u00fcsteem \u00fchildub t\u00e4ielikult MOLLE s\u00fcsteemiga, kuid pilud on paigutatud on poole tihedamalt ning seet\u00f5ttu on v\u00f5imalik teha taskuga mikroreguleerimist ehk nihutada vajadusel 1,25 cm intervalliga. Enamikul Matrix Protecti toodetel kasutame laserl\u00f5igatud mikro-mollet nii ees kui ka tagapaneelidel. Salvetasku on valmistatud v\u00e4ga vastupidavast\u00a0<strong>MXPower<\/strong>\u00a0laminaadist.<\/p>\n<p>See salvetasku on madala profiiliga, kerge ja optimeeritud kujuga, et salve mugavalt sisse panna ja v\u00e4lja v\u00f5tta. Salvetaskus on\u00a0<strong>MXFriction<\/strong>\u00a0libisemisvastasest materjalist paneel, mis hoiab salve kindlalt paigal. Salvetasku tuleb koos kummin\u00f6\u00f6ri ja tripiga, v\u00f5imaldades soovi korral kasutada lisakinnitust ning hoida salve veel turvalisemalt paigal. Salvetasku \u00fclemises servas olevate avadega saab kummin\u00f6\u00f6ri asendit muuta vastavalt vajadusele, kas kanda salvetaskut parema v\u00f5i vasakul pool jne. Lisaks saab kasutada kummin\u00f6\u00f6ri avadest horisontaalselt l\u00e4bi punudes.<\/p>\n<p>See salvetasku versioon on hea alternatiiv Kydexist sisuga salvetaskule, kuna kaalub v\u00e4hem, on \u00f5hem ning seoses Matrix Protecti inseneride poolt arendatud sisemise libisemisvastase paneeliga hoiab tasku salve kindlalt paigas ka ilma kummin\u00f6\u00f6ri ja tripita. Kummin\u00f6\u00f6r ja tripp on pigem lisaturvalisuse jaoks.<\/p>\n<p>Lisaks on sellist taskut v\u00e4ga mugav paigutada erinevatele taktikalistele v\u00f6\u00f6dele. Kuna tasku on v\u00e4ga madala profiiliga ning mikro-MOLLE on salve m\u00f5lemal k\u00fcljel, saab sedasi mugavalt mitu salvetaskut \u00fcksteise peale punuda. V\u00e4ga mugav lahendus lahingv\u00f6\u00f6 peal kasutades.<\/p>\n<p>Salvetasku kinnitub mikro-molle s\u00fcsteemiga.<\/p>\n<p>Toote nimes esimene t\u00e4hendab t\u00e4ht M-esipaneelil on molle, W-esipaneelil on velcro, S-esipaneel on sile, E-esipaneel on elastne<\/p>\n<p>Toote nimes teine t\u00e4ht kirjeldab seda, kuidas toode kinnitub plaadikandjale, chestrigile, lahinguv\u00f6\u00f6le v\u00f5i kotile. W-t\u00e4hendab takjakinnitust, M t\u00e4hendab kinnitust mikro molle abil.<\/p>","protected":false},"excerpt":{"rendered":"<p>Matrix Protecti GEN 2 laserl\u00f5igatud 7,5 cm k\u00f5rgune 5.56 salvega automaadi salvetasku GEN2-MP1MM on Matrix Protecti poolt loodud innovaatilise disainiga toode. Selles tootesarjas on kolme erineva k\u00f5rgusega salvetaskuid \u2013 75 mm, 100 mm ja 125 mm. Lisaks on tootevariatsioonidena\u00a0 esindatud esipaneelil nii mollepaneel kui minimalistlik ja sile versioon. Samuti on k\u00f5ik selle sarja tooted saadaval [&#8230;]\n","protected":false},"featured_media":6418,"template":"","meta":[],"product_brand":[],"product_cat":[210],"product_tag":[],"class_list":{"0":"post-6417","1":"product","2":"type-product","3":"status-publish","4":"has-post-thumbnail","6":"product_cat-salvetaskud-ee-digilaik-estdcu","8":"first","9":"onbackorder","10":"taxable","11":"shipping-taxable","12":"purchasable","13":"product-type-simple"},"yoast_head":"<!-- This site is optimized with the Yoast SEO Premium plugin v27.3 (Yoast SEO v27.3) - https:\/\/yoast.com\/product\/yoast-seo-premium-wordpress\/ -->\n<title>M-Pro Gen2 automaadi salve tasku MP1MM, avatud 5.56, 75mm EEdigi - Lahingurada e-pood<\/title>\n<meta name=\"description\" content=\"Matrix Protecti GEN 2 laserl\u00f5igatud 7,5 cm k\u00f5rgune 5.56 salvega automaadi salvetasku GEN2-MP1MM on Matrix Protecti poolt loodud innovaatilise\" \/>\n<meta name=\"robots\" content=\"index, follow, max-snippet:-1, max-image-preview:large, max-video-preview:-1\" \/>\n<link rel=\"canonical\" href=\"https:\/\/lahingupood.ee\/en\/product\/m-pro-gen2-automaadi-salve-tasku-mp1mm-avatud-5-56-75mm-eedigi\/\" \/>\n<meta property=\"og:locale\" content=\"en_GB\" \/>\n<meta property=\"og:type\" content=\"article\" \/>\n<meta property=\"og:title\" content=\"M-Pro Gen2 automaadi salve tasku MP1MM, avatud 5.56, 75mm EEdigi\" \/>\n<meta property=\"og:description\" content=\"Matrix Protecti GEN 2 laserl\u00f5igatud 7,5 cm k\u00f5rgune 5.56 salvega automaadi salvetasku GEN2-MP1MM on Matrix Protecti poolt loodud innovaatilise\" \/>\n<meta property=\"og:url\" content=\"https:\/\/lahingupood.ee\/en\/product\/m-pro-gen2-automaadi-salve-tasku-mp1mm-avatud-5-56-75mm-eedigi\/\" \/>\n<meta property=\"og:site_name\" content=\"Lahingurada e-pood\" \/>\n<meta property=\"article:publisher\" content=\"https:\/\/www.facebook.com\/Lahingurada-629940247212967\" \/>\n<meta property=\"article:modified_time\" content=\"2025-03-14T11:00:20+00:00\" \/>\n<meta property=\"og:image\" content=\"https:\/\/lahingupood.ee\/wp-content\/uploads\/2022\/03\/lahingurada-220318.jpg\" \/>\n\t<meta property=\"og:image:width\" content=\"800\" \/>\n\t<meta property=\"og:image:height\" content=\"500\" \/>\n\t<meta property=\"og:image:type\" content=\"image\/jpeg\" \/>\n<meta name=\"twitter:card\" content=\"summary_large_image\" \/>\n<meta name=\"twitter:label1\" content=\"Estimated reading time\" \/>\n\t<meta name=\"twitter:data1\" content=\"2 minutes\" \/>\n<script type=\"application\/ld+json\" class=\"yoast-schema-graph\">{\"@context\":\"https:\\\/\\\/schema.org\",\"@graph\":[{\"@type\":\"WebPage\",\"@id\":\"https:\\\/\\\/lahingupood.ee\\\/toode\\\/m-pro-gen2-automaadi-salve-tasku-mp1mm-avatud-5-56-75mm-eedigi\\\/\",\"url\":\"https:\\\/\\\/lahingupood.ee\\\/toode\\\/m-pro-gen2-automaadi-salve-tasku-mp1mm-avatud-5-56-75mm-eedigi\\\/\",\"name\":\"M-Pro Gen2 automaadi salve tasku MP1MM, avatud 5.56, 75mm EEdigi - Lahingurada e-pood\",\"isPartOf\":{\"@id\":\"https:\\\/\\\/lahingupood.ee\\\/#website\"},\"primaryImageOfPage\":{\"@id\":\"https:\\\/\\\/lahingupood.ee\\\/toode\\\/m-pro-gen2-automaadi-salve-tasku-mp1mm-avatud-5-56-75mm-eedigi\\\/#primaryimage\"},\"image\":{\"@id\":\"https:\\\/\\\/lahingupood.ee\\\/toode\\\/m-pro-gen2-automaadi-salve-tasku-mp1mm-avatud-5-56-75mm-eedigi\\\/#primaryimage\"},\"thumbnailUrl\":\"https:\\\/\\\/lahingupood.ee\\\/wp-content\\\/uploads\\\/2025\\\/03\\\/1-23.avif\",\"datePublished\":\"2025-03-11T14:21:29+00:00\",\"dateModified\":\"2025-03-14T11:00:20+00:00\",\"description\":\"Matrix Protecti GEN 2 laserl\u00f5igatud 7,5 cm k\u00f5rgune 5.56 salvega automaadi salvetasku GEN2-MP1MM on Matrix Protecti poolt loodud innovaatilise\",\"breadcrumb\":{\"@id\":\"https:\\\/\\\/lahingupood.ee\\\/toode\\\/m-pro-gen2-automaadi-salve-tasku-mp1mm-avatud-5-56-75mm-eedigi\\\/#breadcrumb\"},\"inLanguage\":\"en-GB\",\"potentialAction\":[{\"@type\":\"ReadAction\",\"target\":[\"https:\\\/\\\/lahingupood.ee\\\/toode\\\/m-pro-gen2-automaadi-salve-tasku-mp1mm-avatud-5-56-75mm-eedigi\\\/\"]}]},{\"@type\":\"ImageObject\",\"inLanguage\":\"en-GB\",\"@id\":\"https:\\\/\\\/lahingupood.ee\\\/toode\\\/m-pro-gen2-automaadi-salve-tasku-mp1mm-avatud-5-56-75mm-eedigi\\\/#primaryimage\",\"url\":\"https:\\\/\\\/lahingupood.ee\\\/wp-content\\\/uploads\\\/2025\\\/03\\\/1-23.avif\",\"contentUrl\":\"https:\\\/\\\/lahingupood.ee\\\/wp-content\\\/uploads\\\/2025\\\/03\\\/1-23.avif\",\"width\":1080,\"height\":1080},{\"@type\":\"BreadcrumbList\",\"@id\":\"https:\\\/\\\/lahingupood.ee\\\/toode\\\/m-pro-gen2-automaadi-salve-tasku-mp1mm-avatud-5-56-75mm-eedigi\\\/#breadcrumb\",\"itemListElement\":[{\"@type\":\"ListItem\",\"position\":1,\"name\":\"Home\",\"item\":\"https:\\\/\\\/lahingupood.ee\\\/\"},{\"@type\":\"ListItem\",\"position\":2,\"name\":\"Tooted\",\"item\":\"https:\\\/\\\/lahingupood.ee\\\/tooted\\\/\"},{\"@type\":\"ListItem\",\"position\":3,\"name\":\"M-Pro Gen2 automaadi salve tasku MP1MM, avatud 5.56, 75mm EEdigi\"}]},{\"@type\":\"WebSite\",\"@id\":\"https:\\\/\\\/lahingupood.ee\\\/#website\",\"url\":\"https:\\\/\\\/lahingupood.ee\\\/\",\"name\":\"Lahingurada e-pood\",\"description\":\"Airsoft\",\"publisher\":{\"@id\":\"https:\\\/\\\/lahingupood.ee\\\/#organization\"},\"potentialAction\":[{\"@type\":\"SearchAction\",\"target\":{\"@type\":\"EntryPoint\",\"urlTemplate\":\"https:\\\/\\\/lahingupood.ee\\\/?s={search_term_string}\"},\"query-input\":{\"@type\":\"PropertyValueSpecification\",\"valueRequired\":true,\"valueName\":\"search_term_string\"}}],\"inLanguage\":\"en-GB\"},{\"@type\":\"Organization\",\"@id\":\"https:\\\/\\\/lahingupood.ee\\\/#organization\",\"name\":\"Lahingurada\",\"url\":\"https:\\\/\\\/lahingupood.ee\\\/\",\"logo\":{\"@type\":\"ImageObject\",\"inLanguage\":\"en-GB\",\"@id\":\"https:\\\/\\\/lahingupood.ee\\\/#\\\/schema\\\/logo\\\/image\\\/\",\"url\":\"https:\\\/\\\/lahingupood.ee\\\/wp-content\\\/uploads\\\/2022\\\/03\\\/lahingurada-220318.jpg\",\"contentUrl\":\"https:\\\/\\\/lahingupood.ee\\\/wp-content\\\/uploads\\\/2022\\\/03\\\/lahingurada-220318.jpg\",\"width\":800,\"height\":500,\"caption\":\"Lahingurada\"},\"image\":{\"@id\":\"https:\\\/\\\/lahingupood.ee\\\/#\\\/schema\\\/logo\\\/image\\\/\"},\"sameAs\":[\"https:\\\/\\\/www.facebook.com\\\/Lahingurada-629940247212967\"]}]}<\/script>\n<!-- \/ Yoast SEO Premium plugin. -->","yoast_head_json":{"title":"M-Pro Gen2 automaadi salve tasku MP1MM, avatud 5.56, 75mm EEdigi - Lahingurada e-pood","description":"Matrix Protecti GEN 2 laserl\u00f5igatud 7,5 cm k\u00f5rgune 5.56 salvega automaadi salvetasku GEN2-MP1MM on Matrix Protecti poolt loodud innovaatilise","robots":{"index":"index","follow":"follow","max-snippet":"max-snippet:-1","max-image-preview":"max-image-preview:large","max-video-preview":"max-video-preview:-1"},"canonical":"https:\/\/lahingupood.ee\/en\/product\/m-pro-gen2-automaadi-salve-tasku-mp1mm-avatud-5-56-75mm-eedigi\/","og_locale":"en_GB","og_type":"article","og_title":"M-Pro Gen2 automaadi salve tasku MP1MM, avatud 5.56, 75mm EEdigi","og_description":"Matrix Protecti GEN 2 laserl\u00f5igatud 7,5 cm k\u00f5rgune 5.56 salvega automaadi salvetasku GEN2-MP1MM on Matrix Protecti poolt loodud innovaatilise","og_url":"https:\/\/lahingupood.ee\/en\/product\/m-pro-gen2-automaadi-salve-tasku-mp1mm-avatud-5-56-75mm-eedigi\/","og_site_name":"Lahingurada e-pood","article_publisher":"https:\/\/www.facebook.com\/Lahingurada-629940247212967","article_modified_time":"2025-03-14T11:00:20+00:00","og_image":[{"width":800,"height":500,"url":"https:\/\/lahingupood.ee\/wp-content\/uploads\/2022\/03\/lahingurada-220318.jpg","type":"image\/jpeg"}],"twitter_card":"summary_large_image","twitter_misc":{"Estimated reading time":"2 minutes"},"schema":{"@context":"https:\/\/schema.org","@graph":[{"@type":"WebPage","@id":"https:\/\/lahingupood.ee\/toode\/m-pro-gen2-automaadi-salve-tasku-mp1mm-avatud-5-56-75mm-eedigi\/","url":"https:\/\/lahingupood.ee\/toode\/m-pro-gen2-automaadi-salve-tasku-mp1mm-avatud-5-56-75mm-eedigi\/","name":"M-Pro Gen2 automaadi salve tasku MP1MM, avatud 5.56, 75mm EEdigi - Lahingurada e-pood","isPartOf":{"@id":"https:\/\/lahingupood.ee\/#website"},"primaryImageOfPage":{"@id":"https:\/\/lahingupood.ee\/toode\/m-pro-gen2-automaadi-salve-tasku-mp1mm-avatud-5-56-75mm-eedigi\/#primaryimage"},"image":{"@id":"https:\/\/lahingupood.ee\/toode\/m-pro-gen2-automaadi-salve-tasku-mp1mm-avatud-5-56-75mm-eedigi\/#primaryimage"},"thumbnailUrl":"https:\/\/lahingupood.ee\/wp-content\/uploads\/2025\/03\/1-23.avif","datePublished":"2025-03-11T14:21:29+00:00","dateModified":"2025-03-14T11:00:20+00:00","description":"Matrix Protecti GEN 2 laserl\u00f5igatud 7,5 cm k\u00f5rgune 5.56 salvega automaadi salvetasku GEN2-MP1MM on Matrix Protecti poolt loodud innovaatilise","breadcrumb":{"@id":"https:\/\/lahingupood.ee\/toode\/m-pro-gen2-automaadi-salve-tasku-mp1mm-avatud-5-56-75mm-eedigi\/#breadcrumb"},"inLanguage":"en-GB","potentialAction":[{"@type":"ReadAction","target":["https:\/\/lahingupood.ee\/toode\/m-pro-gen2-automaadi-salve-tasku-mp1mm-avatud-5-56-75mm-eedigi\/"]}]},{"@type":"ImageObject","inLanguage":"en-GB","@id":"https:\/\/lahingupood.ee\/toode\/m-pro-gen2-automaadi-salve-tasku-mp1mm-avatud-5-56-75mm-eedigi\/#primaryimage","url":"https:\/\/lahingupood.ee\/wp-content\/uploads\/2025\/03\/1-23.avif","contentUrl":"https:\/\/lahingupood.ee\/wp-content\/uploads\/2025\/03\/1-23.avif","width":1080,"height":1080},{"@type":"BreadcrumbList","@id":"https:\/\/lahingupood.ee\/toode\/m-pro-gen2-automaadi-salve-tasku-mp1mm-avatud-5-56-75mm-eedigi\/#breadcrumb","itemListElement":[{"@type":"ListItem","position":1,"name":"Home","item":"https:\/\/lahingupood.ee\/"},{"@type":"ListItem","position":2,"name":"Tooted","item":"https:\/\/lahingupood.ee\/tooted\/"},{"@type":"ListItem","position":3,"name":"M-Pro Gen2 automaadi salve tasku MP1MM, avatud 5.56, 75mm EEdigi"}]},{"@type":"WebSite","@id":"https:\/\/lahingupood.ee\/#website","url":"https:\/\/lahingupood.ee\/","name":"Lahingurada e-pood","description":"Airsoft","publisher":{"@id":"https:\/\/lahingupood.ee\/#organization"},"potentialAction":[{"@type":"SearchAction","target":{"@type":"EntryPoint","urlTemplate":"https:\/\/lahingupood.ee\/?s={search_term_string}"},"query-input":{"@type":"PropertyValueSpecification","valueRequired":true,"valueName":"search_term_string"}}],"inLanguage":"en-GB"},{"@type":"Organization","@id":"https:\/\/lahingupood.ee\/#organization","name":"Lahingurada","url":"https:\/\/lahingupood.ee\/","logo":{"@type":"ImageObject","inLanguage":"en-GB","@id":"https:\/\/lahingupood.ee\/#\/schema\/logo\/image\/","url":"https:\/\/lahingupood.ee\/wp-content\/uploads\/2022\/03\/lahingurada-220318.jpg","contentUrl":"https:\/\/lahingupood.ee\/wp-content\/uploads\/2022\/03\/lahingurada-220318.jpg","width":800,"height":500,"caption":"Lahingurada"},"image":{"@id":"https:\/\/lahingupood.ee\/#\/schema\/logo\/image\/"},"sameAs":["https:\/\/www.facebook.com\/Lahingurada-629940247212967"]}]}},"_links":{"self":[{"href":"https:\/\/lahingupood.ee\/en\/wp-json\/wp\/v2\/product\/6417","targetHints":{"allow":["GET"]}}],"collection":[{"href":"https:\/\/lahingupood.ee\/en\/wp-json\/wp\/v2\/product"}],"about":[{"href":"https:\/\/lahingupood.ee\/en\/wp-json\/wp\/v2\/types\/product"}],"wp:featuredmedia":[{"embeddable":true,"href":"https:\/\/lahingupood.ee\/en\/wp-json\/wp\/v2\/media\/6418"}],"wp:attachment":[{"href":"https:\/\/lahingupood.ee\/en\/wp-json\/wp\/v2\/media?parent=6417"}],"wp:term":[{"taxonomy":"product_brand","embeddable":true,"href":"https:\/\/lahingupood.ee\/en\/wp-json\/wp\/v2\/product_brand?post=6417"},{"taxonomy":"product_cat","embeddable":true,"href":"https:\/\/lahingupood.ee\/en\/wp-json\/wp\/v2\/product_cat?post=6417"},{"taxonomy":"product_tag","embeddable":true,"href":"https:\/\/lahingupood.ee\/en\/wp-json\/wp\/v2\/product_tag?post=6417"}],"curies":[{"name":"wp","href":"https:\/\/api.w.org\/{rel}","templated":true}]}}