{"id":6282,"date":"2025-03-11T15:37:42","date_gmt":"2025-03-11T13:37:42","guid":{"rendered":"https:\/\/lahingupood.ee\/?post_type=product&#038;p=6282"},"modified":"2025-03-14T13:11:21","modified_gmt":"2025-03-14T11:11:21","slug":"m-pro-gen2-esipaneel-p3mw-automaadi-3-salve-tasku-avatud-5-56-125mm-eedigi-2","status":"publish","type":"product","link":"https:\/\/lahingupood.ee\/en\/product\/m-pro-gen2-esipaneel-p3mw-automaadi-3-salve-tasku-avatud-5-56-125mm-eedigi-2\/","title":{"rendered":"M-Pro Gen2 esipaneel P3MW automaadi 3 salve tasku avatud 5.56 125mm, EEdigi"},"content":{"rendered":"<p>Matrix Protecti GEN 2 laserl\u00f5igatud 12,5 cm k\u00f5rgune esipaneel kolmele 5.56 salvele sobib nii plaadikandjale, chestrigile kui ka iseseisvalt traksidega kandmiseks. Kuna see esipaneel on seoses tagumise takjapaneeli ja aasadega t\u00e4ielikult modulaarne, siis saab teda kombineerida v\u00e4ga erineval moel. Saab kinnitada k\u00fclge lisapaneele, saab kahte paneeli omavahel \u00fchendada ning moodustada chestrigi jne.<\/p>\n<p>Uudseks ja eriliseks teeb selle esipaneeli laserl\u00f5igatud pilude s\u00fcsteem, mida me ise nimetame mikro-molleks ehk 12,5 mm vahega molleks. See s\u00fcsteem \u00fchildub t\u00e4ielikult MOLLE s\u00fcsteemiga, kuid pilud on paigutatud on poole tihedamalt ning seet\u00f5ttu on v\u00f5imalik teha taskuga mikroreguleerimist ehk nihutada vajadusel 1,25 cm intervalliga. Enamikul Matrix Protecti toodetel kasutame mikro-mollet nii ees kui ka tagapaneelidel.<\/p>\n<p>Esipaneel on valmistatud\u00a0<strong>MXPower<\/strong>\u00a0materjalist: extra-strong laminaadiga Foxdura 500 IRR kangast. See t\u00e4hendab, et materjal on loomult j\u00e4ik ning ei ima niiskust. Pealmine kanga kiht on kulumiskindel ning infrapuna kiirgust peegeldav ehk seda varustust ei ole termokaameraga n\u00e4ha.<\/p>\n<p>See esipaneel on madala profiiliga, kerge ja optimeeritud kujuga, et salvesid mugavalt sisse panna ja v\u00e4lja v\u00f5tta. Salv kinnitub kummin\u00f6\u00f6ri ja tripiga ning seoses salve \u00fclemises servas olevate avadega saab kummin\u00f6\u00f6ri asendit muuta vastavalt vajadusele, kas kanda salvetaskut parema v\u00f5i vasakul pool jne.<\/p>\n<p>See esipaneeli salvetasku versioon on hea alternatiiv Kydexist sisuga salvetaskule, kuna kaalub v\u00e4hem, on \u00f5hem ning seoses Matrix Protecti inseneride poolt arendatud sisemise libisemisvastase paneeliga hoiab tasku salvesid kindlalt paigas ka ilma kummin\u00f6\u00f6ri ja tripita. Kummin\u00f6\u00f6r ja tripp on pigem lisaturvalisuse jaoks.<\/p>\n<p>Esipaneel kinnitub tagumise takjapaneeli ja lisaks ka ghookide v\u00f5i plastikust pannalde abil.<\/p>\n<p>Toote nimes t\u00e4hendab P3 3 salve varianti, j\u00e4rgnev t\u00e4ht M-esipaneelil on molle, W-esipaneelil on velcro, S-esipaneel on sile, E-esipaneel on elastne<\/p>\n<p>Toote nimes teine t\u00e4ht kirjeldab seda, kuidas toode kinnitub plaadikandjale, chestrigile, lahinguv\u00f6\u00f6le v\u00f5i kotile. W-t\u00e4hendab takjakinnitust, M t\u00e4hendab kinnitust mikro molle abil.<\/p>","protected":false},"excerpt":{"rendered":"<p>Matrix Protecti GEN 2 laserl\u00f5igatud 12,5 cm k\u00f5rgune esipaneel kolmele 5.56 salvele sobib nii plaadikandjale, chestrigile kui ka iseseisvalt traksidega kandmiseks. Kuna see esipaneel on seoses tagumise takjapaneeli ja aasadega t\u00e4ielikult modulaarne, siis saab teda kombineerida v\u00e4ga erineval moel. Saab kinnitada k\u00fclge lisapaneele, saab kahte paneeli omavahel \u00fchendada ning moodustada chestrigi jne. Uudseks ja eriliseks [&#8230;]\n","protected":false},"featured_media":6283,"template":"","meta":[],"product_brand":[],"product_cat":[210],"product_tag":[],"class_list":{"0":"post-6282","1":"product","2":"type-product","3":"status-publish","4":"has-post-thumbnail","6":"product_cat-salvetaskud-ee-digilaik-estdcu","8":"first","9":"onbackorder","10":"taxable","11":"shipping-taxable","12":"purchasable","13":"product-type-simple"},"yoast_head":"<!-- This site is optimized with the Yoast SEO Premium plugin v27.3 (Yoast SEO v27.3) - https:\/\/yoast.com\/product\/yoast-seo-premium-wordpress\/ -->\n<title>M-Pro Gen2 esipaneel P3MW automaadi 3 salve tasku avatud 5.56 125mm, EEdigi - Lahingurada e-pood<\/title>\n<meta name=\"description\" content=\"Matrix Protecti GEN 2 laserl\u00f5igatud 12,5 cm k\u00f5rgune esipaneel kolmele 5.56 salvele sobib nii plaadikandjale, chestrigile kui ka iseseisvalt traksidega kand\" \/>\n<meta name=\"robots\" content=\"index, follow, max-snippet:-1, max-image-preview:large, max-video-preview:-1\" \/>\n<link rel=\"canonical\" href=\"https:\/\/lahingupood.ee\/en\/product\/m-pro-gen2-esipaneel-p3mw-automaadi-3-salve-tasku-avatud-5-56-125mm-eedigi-2\/\" \/>\n<meta property=\"og:locale\" content=\"en_GB\" \/>\n<meta property=\"og:type\" content=\"article\" \/>\n<meta property=\"og:title\" content=\"M-Pro Gen2 esipaneel P3MW automaadi 3 salve tasku avatud 5.56 125mm, EEdigi\" \/>\n<meta property=\"og:description\" content=\"Matrix Protecti GEN 2 laserl\u00f5igatud 12,5 cm k\u00f5rgune esipaneel kolmele 5.56 salvele sobib nii plaadikandjale, chestrigile kui ka iseseisvalt traksidega kand\" \/>\n<meta property=\"og:url\" content=\"https:\/\/lahingupood.ee\/en\/product\/m-pro-gen2-esipaneel-p3mw-automaadi-3-salve-tasku-avatud-5-56-125mm-eedigi-2\/\" \/>\n<meta property=\"og:site_name\" content=\"Lahingurada e-pood\" \/>\n<meta property=\"article:publisher\" content=\"https:\/\/www.facebook.com\/Lahingurada-629940247212967\" \/>\n<meta property=\"article:modified_time\" content=\"2025-03-14T11:11:21+00:00\" \/>\n<meta property=\"og:image\" content=\"https:\/\/lahingupood.ee\/wp-content\/uploads\/2022\/03\/lahingurada-220318.jpg\" \/>\n\t<meta property=\"og:image:width\" content=\"800\" \/>\n\t<meta property=\"og:image:height\" content=\"500\" \/>\n\t<meta property=\"og:image:type\" content=\"image\/jpeg\" \/>\n<meta name=\"twitter:card\" content=\"summary_large_image\" \/>\n<meta name=\"twitter:label1\" content=\"Estimated reading time\" \/>\n\t<meta name=\"twitter:data1\" content=\"2 minutes\" \/>\n<script type=\"application\/ld+json\" class=\"yoast-schema-graph\">{\"@context\":\"https:\\\/\\\/schema.org\",\"@graph\":[{\"@type\":\"WebPage\",\"@id\":\"https:\\\/\\\/lahingupood.ee\\\/toode\\\/m-pro-gen2-esipaneel-p3mw-automaadi-3-salve-tasku-avatud-5-56-125mm-eedigi-2\\\/\",\"url\":\"https:\\\/\\\/lahingupood.ee\\\/toode\\\/m-pro-gen2-esipaneel-p3mw-automaadi-3-salve-tasku-avatud-5-56-125mm-eedigi-2\\\/\",\"name\":\"M-Pro Gen2 esipaneel P3MW automaadi 3 salve tasku avatud 5.56 125mm, EEdigi - Lahingurada e-pood\",\"isPartOf\":{\"@id\":\"https:\\\/\\\/lahingupood.ee\\\/#website\"},\"primaryImageOfPage\":{\"@id\":\"https:\\\/\\\/lahingupood.ee\\\/toode\\\/m-pro-gen2-esipaneel-p3mw-automaadi-3-salve-tasku-avatud-5-56-125mm-eedigi-2\\\/#primaryimage\"},\"image\":{\"@id\":\"https:\\\/\\\/lahingupood.ee\\\/toode\\\/m-pro-gen2-esipaneel-p3mw-automaadi-3-salve-tasku-avatud-5-56-125mm-eedigi-2\\\/#primaryimage\"},\"thumbnailUrl\":\"https:\\\/\\\/lahingupood.ee\\\/wp-content\\\/uploads\\\/2025\\\/03\\\/1-11.avif\",\"datePublished\":\"2025-03-11T13:37:42+00:00\",\"dateModified\":\"2025-03-14T11:11:21+00:00\",\"description\":\"Matrix Protecti GEN 2 laserl\u00f5igatud 12,5 cm k\u00f5rgune esipaneel kolmele 5.56 salvele sobib nii plaadikandjale, chestrigile kui ka iseseisvalt traksidega kand\",\"breadcrumb\":{\"@id\":\"https:\\\/\\\/lahingupood.ee\\\/toode\\\/m-pro-gen2-esipaneel-p3mw-automaadi-3-salve-tasku-avatud-5-56-125mm-eedigi-2\\\/#breadcrumb\"},\"inLanguage\":\"en-GB\",\"potentialAction\":[{\"@type\":\"ReadAction\",\"target\":[\"https:\\\/\\\/lahingupood.ee\\\/toode\\\/m-pro-gen2-esipaneel-p3mw-automaadi-3-salve-tasku-avatud-5-56-125mm-eedigi-2\\\/\"]}]},{\"@type\":\"ImageObject\",\"inLanguage\":\"en-GB\",\"@id\":\"https:\\\/\\\/lahingupood.ee\\\/toode\\\/m-pro-gen2-esipaneel-p3mw-automaadi-3-salve-tasku-avatud-5-56-125mm-eedigi-2\\\/#primaryimage\",\"url\":\"https:\\\/\\\/lahingupood.ee\\\/wp-content\\\/uploads\\\/2025\\\/03\\\/1-11.avif\",\"contentUrl\":\"https:\\\/\\\/lahingupood.ee\\\/wp-content\\\/uploads\\\/2025\\\/03\\\/1-11.avif\",\"width\":1080,\"height\":1080},{\"@type\":\"BreadcrumbList\",\"@id\":\"https:\\\/\\\/lahingupood.ee\\\/toode\\\/m-pro-gen2-esipaneel-p3mw-automaadi-3-salve-tasku-avatud-5-56-125mm-eedigi-2\\\/#breadcrumb\",\"itemListElement\":[{\"@type\":\"ListItem\",\"position\":1,\"name\":\"Home\",\"item\":\"https:\\\/\\\/lahingupood.ee\\\/\"},{\"@type\":\"ListItem\",\"position\":2,\"name\":\"Tooted\",\"item\":\"https:\\\/\\\/lahingupood.ee\\\/tooted\\\/\"},{\"@type\":\"ListItem\",\"position\":3,\"name\":\"M-Pro Gen2 esipaneel P3MW automaadi 3 salve tasku avatud 5.56 125mm, EEdigi\"}]},{\"@type\":\"WebSite\",\"@id\":\"https:\\\/\\\/lahingupood.ee\\\/#website\",\"url\":\"https:\\\/\\\/lahingupood.ee\\\/\",\"name\":\"Lahingurada e-pood\",\"description\":\"Airsoft\",\"publisher\":{\"@id\":\"https:\\\/\\\/lahingupood.ee\\\/#organization\"},\"potentialAction\":[{\"@type\":\"SearchAction\",\"target\":{\"@type\":\"EntryPoint\",\"urlTemplate\":\"https:\\\/\\\/lahingupood.ee\\\/?s={search_term_string}\"},\"query-input\":{\"@type\":\"PropertyValueSpecification\",\"valueRequired\":true,\"valueName\":\"search_term_string\"}}],\"inLanguage\":\"en-GB\"},{\"@type\":\"Organization\",\"@id\":\"https:\\\/\\\/lahingupood.ee\\\/#organization\",\"name\":\"Lahingurada\",\"url\":\"https:\\\/\\\/lahingupood.ee\\\/\",\"logo\":{\"@type\":\"ImageObject\",\"inLanguage\":\"en-GB\",\"@id\":\"https:\\\/\\\/lahingupood.ee\\\/#\\\/schema\\\/logo\\\/image\\\/\",\"url\":\"https:\\\/\\\/lahingupood.ee\\\/wp-content\\\/uploads\\\/2022\\\/03\\\/lahingurada-220318.jpg\",\"contentUrl\":\"https:\\\/\\\/lahingupood.ee\\\/wp-content\\\/uploads\\\/2022\\\/03\\\/lahingurada-220318.jpg\",\"width\":800,\"height\":500,\"caption\":\"Lahingurada\"},\"image\":{\"@id\":\"https:\\\/\\\/lahingupood.ee\\\/#\\\/schema\\\/logo\\\/image\\\/\"},\"sameAs\":[\"https:\\\/\\\/www.facebook.com\\\/Lahingurada-629940247212967\"]}]}<\/script>\n<!-- \/ Yoast SEO Premium plugin. -->","yoast_head_json":{"title":"M-Pro Gen2 esipaneel P3MW automaadi 3 salve tasku avatud 5.56 125mm, EEdigi - Lahingurada e-pood","description":"Matrix Protecti GEN 2 laserl\u00f5igatud 12,5 cm k\u00f5rgune esipaneel kolmele 5.56 salvele sobib nii plaadikandjale, chestrigile kui ka iseseisvalt traksidega kand","robots":{"index":"index","follow":"follow","max-snippet":"max-snippet:-1","max-image-preview":"max-image-preview:large","max-video-preview":"max-video-preview:-1"},"canonical":"https:\/\/lahingupood.ee\/en\/product\/m-pro-gen2-esipaneel-p3mw-automaadi-3-salve-tasku-avatud-5-56-125mm-eedigi-2\/","og_locale":"en_GB","og_type":"article","og_title":"M-Pro Gen2 esipaneel P3MW automaadi 3 salve tasku avatud 5.56 125mm, EEdigi","og_description":"Matrix Protecti GEN 2 laserl\u00f5igatud 12,5 cm k\u00f5rgune esipaneel kolmele 5.56 salvele sobib nii plaadikandjale, chestrigile kui ka iseseisvalt traksidega kand","og_url":"https:\/\/lahingupood.ee\/en\/product\/m-pro-gen2-esipaneel-p3mw-automaadi-3-salve-tasku-avatud-5-56-125mm-eedigi-2\/","og_site_name":"Lahingurada e-pood","article_publisher":"https:\/\/www.facebook.com\/Lahingurada-629940247212967","article_modified_time":"2025-03-14T11:11:21+00:00","og_image":[{"width":800,"height":500,"url":"https:\/\/lahingupood.ee\/wp-content\/uploads\/2022\/03\/lahingurada-220318.jpg","type":"image\/jpeg"}],"twitter_card":"summary_large_image","twitter_misc":{"Estimated reading time":"2 minutes"},"schema":{"@context":"https:\/\/schema.org","@graph":[{"@type":"WebPage","@id":"https:\/\/lahingupood.ee\/toode\/m-pro-gen2-esipaneel-p3mw-automaadi-3-salve-tasku-avatud-5-56-125mm-eedigi-2\/","url":"https:\/\/lahingupood.ee\/toode\/m-pro-gen2-esipaneel-p3mw-automaadi-3-salve-tasku-avatud-5-56-125mm-eedigi-2\/","name":"M-Pro Gen2 esipaneel P3MW automaadi 3 salve tasku avatud 5.56 125mm, EEdigi - Lahingurada e-pood","isPartOf":{"@id":"https:\/\/lahingupood.ee\/#website"},"primaryImageOfPage":{"@id":"https:\/\/lahingupood.ee\/toode\/m-pro-gen2-esipaneel-p3mw-automaadi-3-salve-tasku-avatud-5-56-125mm-eedigi-2\/#primaryimage"},"image":{"@id":"https:\/\/lahingupood.ee\/toode\/m-pro-gen2-esipaneel-p3mw-automaadi-3-salve-tasku-avatud-5-56-125mm-eedigi-2\/#primaryimage"},"thumbnailUrl":"https:\/\/lahingupood.ee\/wp-content\/uploads\/2025\/03\/1-11.avif","datePublished":"2025-03-11T13:37:42+00:00","dateModified":"2025-03-14T11:11:21+00:00","description":"Matrix Protecti GEN 2 laserl\u00f5igatud 12,5 cm k\u00f5rgune esipaneel kolmele 5.56 salvele sobib nii plaadikandjale, chestrigile kui ka iseseisvalt traksidega kand","breadcrumb":{"@id":"https:\/\/lahingupood.ee\/toode\/m-pro-gen2-esipaneel-p3mw-automaadi-3-salve-tasku-avatud-5-56-125mm-eedigi-2\/#breadcrumb"},"inLanguage":"en-GB","potentialAction":[{"@type":"ReadAction","target":["https:\/\/lahingupood.ee\/toode\/m-pro-gen2-esipaneel-p3mw-automaadi-3-salve-tasku-avatud-5-56-125mm-eedigi-2\/"]}]},{"@type":"ImageObject","inLanguage":"en-GB","@id":"https:\/\/lahingupood.ee\/toode\/m-pro-gen2-esipaneel-p3mw-automaadi-3-salve-tasku-avatud-5-56-125mm-eedigi-2\/#primaryimage","url":"https:\/\/lahingupood.ee\/wp-content\/uploads\/2025\/03\/1-11.avif","contentUrl":"https:\/\/lahingupood.ee\/wp-content\/uploads\/2025\/03\/1-11.avif","width":1080,"height":1080},{"@type":"BreadcrumbList","@id":"https:\/\/lahingupood.ee\/toode\/m-pro-gen2-esipaneel-p3mw-automaadi-3-salve-tasku-avatud-5-56-125mm-eedigi-2\/#breadcrumb","itemListElement":[{"@type":"ListItem","position":1,"name":"Home","item":"https:\/\/lahingupood.ee\/"},{"@type":"ListItem","position":2,"name":"Tooted","item":"https:\/\/lahingupood.ee\/tooted\/"},{"@type":"ListItem","position":3,"name":"M-Pro Gen2 esipaneel P3MW automaadi 3 salve tasku avatud 5.56 125mm, EEdigi"}]},{"@type":"WebSite","@id":"https:\/\/lahingupood.ee\/#website","url":"https:\/\/lahingupood.ee\/","name":"Lahingurada e-pood","description":"Airsoft","publisher":{"@id":"https:\/\/lahingupood.ee\/#organization"},"potentialAction":[{"@type":"SearchAction","target":{"@type":"EntryPoint","urlTemplate":"https:\/\/lahingupood.ee\/?s={search_term_string}"},"query-input":{"@type":"PropertyValueSpecification","valueRequired":true,"valueName":"search_term_string"}}],"inLanguage":"en-GB"},{"@type":"Organization","@id":"https:\/\/lahingupood.ee\/#organization","name":"Lahingurada","url":"https:\/\/lahingupood.ee\/","logo":{"@type":"ImageObject","inLanguage":"en-GB","@id":"https:\/\/lahingupood.ee\/#\/schema\/logo\/image\/","url":"https:\/\/lahingupood.ee\/wp-content\/uploads\/2022\/03\/lahingurada-220318.jpg","contentUrl":"https:\/\/lahingupood.ee\/wp-content\/uploads\/2022\/03\/lahingurada-220318.jpg","width":800,"height":500,"caption":"Lahingurada"},"image":{"@id":"https:\/\/lahingupood.ee\/#\/schema\/logo\/image\/"},"sameAs":["https:\/\/www.facebook.com\/Lahingurada-629940247212967"]}]}},"_links":{"self":[{"href":"https:\/\/lahingupood.ee\/en\/wp-json\/wp\/v2\/product\/6282","targetHints":{"allow":["GET"]}}],"collection":[{"href":"https:\/\/lahingupood.ee\/en\/wp-json\/wp\/v2\/product"}],"about":[{"href":"https:\/\/lahingupood.ee\/en\/wp-json\/wp\/v2\/types\/product"}],"wp:featuredmedia":[{"embeddable":true,"href":"https:\/\/lahingupood.ee\/en\/wp-json\/wp\/v2\/media\/6283"}],"wp:attachment":[{"href":"https:\/\/lahingupood.ee\/en\/wp-json\/wp\/v2\/media?parent=6282"}],"wp:term":[{"taxonomy":"product_brand","embeddable":true,"href":"https:\/\/lahingupood.ee\/en\/wp-json\/wp\/v2\/product_brand?post=6282"},{"taxonomy":"product_cat","embeddable":true,"href":"https:\/\/lahingupood.ee\/en\/wp-json\/wp\/v2\/product_cat?post=6282"},{"taxonomy":"product_tag","embeddable":true,"href":"https:\/\/lahingupood.ee\/en\/wp-json\/wp\/v2\/product_tag?post=6282"}],"curies":[{"name":"wp","href":"https:\/\/api.w.org\/{rel}","templated":true}]}}