{"id":6272,"date":"2025-03-11T15:30:03","date_gmt":"2025-03-11T13:30:03","guid":{"rendered":"https:\/\/lahingupood.ee\/?post_type=product&#038;p=6272"},"modified":"2025-03-18T12:08:18","modified_gmt":"2025-03-18T10:08:18","slug":"m-pro-gen2-automaadi-salve-tasku-mp1ew-5-56-elastik-100mm-eedigi","status":"publish","type":"product","link":"https:\/\/lahingupood.ee\/en\/product\/m-pro-gen2-automaadi-salve-tasku-mp1ew-5-56-elastik-100mm-eedigi\/","title":{"rendered":"M-Pro GEN2 automaadi salve tasku MP1EW 5.56 elastik, 100mm EEdigi"},"content":{"rendered":"<p>Matrix Protecti GEN 2 madala profiiliga elastne takjakinnitusega 10 cm k\u00f5rgune automaadi salve tasku G2-MP1EW on hea kombinatsioon kiirusest ja lihtsusest.<\/p>\n<p>T\u00fchjana v\u00f5tab see tasku minimaalselt ruumi. Neid salvetaskuid saab paigutada plaadikandja esipaneelille vastavalt vajadusele kuni 4 t\u00fckki k\u00f5rvuti ja vastavalt sobivalle haaramisnurgale.<\/p>\n<p>Tegemist on multifunktsionaalse taskuga, mis mahutab \u00fche automaadi salve v\u00f5i teisi sarnase suurusega varustuse elemente. Tasku esiosa on valmistatud elastsest digitr\u00fckiga ja IRR omadustega kummilindist ning tagaosa on kaetud kareda takjapaneeliga. Seet\u00f5ttu saab seda taskut kinnitada praktiliselt igale varustuse k\u00fcljes olevale takjapaneelile. N\u00e4iteks plaadikandja esipaneelile, chestrigile, admintaskule jne. Tasku tagasein on tugevdatud plastikuga ning selleks, et salv v\u00f5i m\u00f5ni muu sobiv varustus paremini ja kindlalt taskus p\u00fcsiks, on tagapaneeli siseosa kaetud Matrix Protecti inseneride poolt loodud spetsiaalse libisemisvastase materjaliga MXFriction. Seda salvetaskut saab mugavalt ja kiiresti \u00fcmber paigutada ja vajadusel ka esialgselt asukohalt eemaldada.<\/p>","protected":false},"excerpt":{"rendered":"<p>Matrix Protecti GEN 2 madala profiiliga elastne takjakinnitusega 10 cm k\u00f5rgune automaadi salve tasku G2-MP1EW on hea kombinatsioon kiirusest ja lihtsusest. T\u00fchjana v\u00f5tab see tasku minimaalselt ruumi. Neid salvetaskuid saab paigutada plaadikandja esipaneelille vastavalt vajadusele kuni 4 t\u00fckki k\u00f5rvuti ja vastavalt sobivalle haaramisnurgale. Tegemist on multifunktsionaalse taskuga, mis mahutab \u00fche automaadi salve v\u00f5i teisi sarnase [&#8230;]\n","protected":false},"featured_media":6273,"template":"","meta":[],"product_brand":[],"product_cat":[210],"product_tag":[],"class_list":{"0":"post-6272","1":"product","2":"type-product","3":"status-publish","4":"has-post-thumbnail","6":"product_cat-salvetaskud-ee-digilaik-estdcu","8":"first","9":"onbackorder","10":"taxable","11":"shipping-taxable","12":"purchasable","13":"product-type-simple"},"yoast_head":"<!-- This site is optimized with the Yoast SEO Premium plugin v27.3 (Yoast SEO v27.3) - https:\/\/yoast.com\/product\/yoast-seo-premium-wordpress\/ -->\n<title>M-Pro GEN2 automaadi salve tasku MP1EW 5.56 elastik, 100mm EEdigi - Lahingurada e-pood<\/title>\n<meta name=\"description\" content=\"Matrix Protecti GEN 2 madala profiiliga elastne takjakinnitusega 10 cm k\u00f5rgune automaadi salve tasku G2-MP1EW on hea kombinatsioon kiirusest ja lihtsusest.\" \/>\n<meta name=\"robots\" content=\"index, follow, max-snippet:-1, max-image-preview:large, max-video-preview:-1\" \/>\n<link rel=\"canonical\" href=\"https:\/\/lahingupood.ee\/en\/product\/m-pro-gen2-automaadi-salve-tasku-mp1ew-5-56-elastik-100mm-eedigi\/\" \/>\n<meta property=\"og:locale\" content=\"en_GB\" \/>\n<meta property=\"og:type\" content=\"article\" \/>\n<meta property=\"og:title\" content=\"M-Pro GEN2 automaadi salve tasku MP1EW 5.56 elastik, 100mm EEdigi\" \/>\n<meta property=\"og:description\" content=\"Matrix Protecti GEN 2 madala profiiliga elastne takjakinnitusega 10 cm k\u00f5rgune automaadi salve tasku G2-MP1EW on hea kombinatsioon kiirusest ja lihtsusest.\" \/>\n<meta property=\"og:url\" content=\"https:\/\/lahingupood.ee\/en\/product\/m-pro-gen2-automaadi-salve-tasku-mp1ew-5-56-elastik-100mm-eedigi\/\" \/>\n<meta property=\"og:site_name\" content=\"Lahingurada e-pood\" \/>\n<meta property=\"article:publisher\" content=\"https:\/\/www.facebook.com\/Lahingurada-629940247212967\" \/>\n<meta property=\"article:modified_time\" content=\"2025-03-18T10:08:18+00:00\" \/>\n<meta property=\"og:image\" content=\"https:\/\/lahingupood.ee\/wp-content\/uploads\/2022\/03\/lahingurada-220318.jpg\" \/>\n\t<meta property=\"og:image:width\" content=\"800\" \/>\n\t<meta property=\"og:image:height\" content=\"500\" \/>\n\t<meta property=\"og:image:type\" content=\"image\/jpeg\" \/>\n<meta name=\"twitter:card\" content=\"summary_large_image\" \/>\n<meta name=\"twitter:label1\" content=\"Estimated reading time\" \/>\n\t<meta name=\"twitter:data1\" content=\"1 minute\" \/>\n<script type=\"application\/ld+json\" class=\"yoast-schema-graph\">{\"@context\":\"https:\\\/\\\/schema.org\",\"@graph\":[{\"@type\":\"WebPage\",\"@id\":\"https:\\\/\\\/lahingupood.ee\\\/toode\\\/m-pro-gen2-automaadi-salve-tasku-mp1ew-5-56-elastik-100mm-eedigi\\\/\",\"url\":\"https:\\\/\\\/lahingupood.ee\\\/toode\\\/m-pro-gen2-automaadi-salve-tasku-mp1ew-5-56-elastik-100mm-eedigi\\\/\",\"name\":\"M-Pro GEN2 automaadi salve tasku MP1EW 5.56 elastik, 100mm EEdigi - Lahingurada e-pood\",\"isPartOf\":{\"@id\":\"https:\\\/\\\/lahingupood.ee\\\/#website\"},\"primaryImageOfPage\":{\"@id\":\"https:\\\/\\\/lahingupood.ee\\\/toode\\\/m-pro-gen2-automaadi-salve-tasku-mp1ew-5-56-elastik-100mm-eedigi\\\/#primaryimage\"},\"image\":{\"@id\":\"https:\\\/\\\/lahingupood.ee\\\/toode\\\/m-pro-gen2-automaadi-salve-tasku-mp1ew-5-56-elastik-100mm-eedigi\\\/#primaryimage\"},\"thumbnailUrl\":\"https:\\\/\\\/lahingupood.ee\\\/wp-content\\\/uploads\\\/2025\\\/03\\\/1-9.avif\",\"datePublished\":\"2025-03-11T13:30:03+00:00\",\"dateModified\":\"2025-03-18T10:08:18+00:00\",\"description\":\"Matrix Protecti GEN 2 madala profiiliga elastne takjakinnitusega 10 cm k\u00f5rgune automaadi salve tasku G2-MP1EW on hea kombinatsioon kiirusest ja lihtsusest.\",\"breadcrumb\":{\"@id\":\"https:\\\/\\\/lahingupood.ee\\\/toode\\\/m-pro-gen2-automaadi-salve-tasku-mp1ew-5-56-elastik-100mm-eedigi\\\/#breadcrumb\"},\"inLanguage\":\"en-GB\",\"potentialAction\":[{\"@type\":\"ReadAction\",\"target\":[\"https:\\\/\\\/lahingupood.ee\\\/toode\\\/m-pro-gen2-automaadi-salve-tasku-mp1ew-5-56-elastik-100mm-eedigi\\\/\"]}]},{\"@type\":\"ImageObject\",\"inLanguage\":\"en-GB\",\"@id\":\"https:\\\/\\\/lahingupood.ee\\\/toode\\\/m-pro-gen2-automaadi-salve-tasku-mp1ew-5-56-elastik-100mm-eedigi\\\/#primaryimage\",\"url\":\"https:\\\/\\\/lahingupood.ee\\\/wp-content\\\/uploads\\\/2025\\\/03\\\/1-9.avif\",\"contentUrl\":\"https:\\\/\\\/lahingupood.ee\\\/wp-content\\\/uploads\\\/2025\\\/03\\\/1-9.avif\",\"width\":1080,\"height\":1080},{\"@type\":\"BreadcrumbList\",\"@id\":\"https:\\\/\\\/lahingupood.ee\\\/toode\\\/m-pro-gen2-automaadi-salve-tasku-mp1ew-5-56-elastik-100mm-eedigi\\\/#breadcrumb\",\"itemListElement\":[{\"@type\":\"ListItem\",\"position\":1,\"name\":\"Home\",\"item\":\"https:\\\/\\\/lahingupood.ee\\\/\"},{\"@type\":\"ListItem\",\"position\":2,\"name\":\"Tooted\",\"item\":\"https:\\\/\\\/lahingupood.ee\\\/tooted\\\/\"},{\"@type\":\"ListItem\",\"position\":3,\"name\":\"M-Pro GEN2 automaadi salve tasku MP1EW 5.56 elastik, 100mm EEdigi\"}]},{\"@type\":\"WebSite\",\"@id\":\"https:\\\/\\\/lahingupood.ee\\\/#website\",\"url\":\"https:\\\/\\\/lahingupood.ee\\\/\",\"name\":\"Lahingurada e-pood\",\"description\":\"Airsoft\",\"publisher\":{\"@id\":\"https:\\\/\\\/lahingupood.ee\\\/#organization\"},\"potentialAction\":[{\"@type\":\"SearchAction\",\"target\":{\"@type\":\"EntryPoint\",\"urlTemplate\":\"https:\\\/\\\/lahingupood.ee\\\/?s={search_term_string}\"},\"query-input\":{\"@type\":\"PropertyValueSpecification\",\"valueRequired\":true,\"valueName\":\"search_term_string\"}}],\"inLanguage\":\"en-GB\"},{\"@type\":\"Organization\",\"@id\":\"https:\\\/\\\/lahingupood.ee\\\/#organization\",\"name\":\"Lahingurada\",\"url\":\"https:\\\/\\\/lahingupood.ee\\\/\",\"logo\":{\"@type\":\"ImageObject\",\"inLanguage\":\"en-GB\",\"@id\":\"https:\\\/\\\/lahingupood.ee\\\/#\\\/schema\\\/logo\\\/image\\\/\",\"url\":\"https:\\\/\\\/lahingupood.ee\\\/wp-content\\\/uploads\\\/2022\\\/03\\\/lahingurada-220318.jpg\",\"contentUrl\":\"https:\\\/\\\/lahingupood.ee\\\/wp-content\\\/uploads\\\/2022\\\/03\\\/lahingurada-220318.jpg\",\"width\":800,\"height\":500,\"caption\":\"Lahingurada\"},\"image\":{\"@id\":\"https:\\\/\\\/lahingupood.ee\\\/#\\\/schema\\\/logo\\\/image\\\/\"},\"sameAs\":[\"https:\\\/\\\/www.facebook.com\\\/Lahingurada-629940247212967\"]}]}<\/script>\n<!-- \/ Yoast SEO Premium plugin. -->","yoast_head_json":{"title":"M-Pro GEN2 automaadi salve tasku MP1EW 5.56 elastik, 100mm EEdigi - Lahingurada e-pood","description":"Matrix Protecti GEN 2 madala profiiliga elastne takjakinnitusega 10 cm k\u00f5rgune automaadi salve tasku G2-MP1EW on hea kombinatsioon kiirusest ja lihtsusest.","robots":{"index":"index","follow":"follow","max-snippet":"max-snippet:-1","max-image-preview":"max-image-preview:large","max-video-preview":"max-video-preview:-1"},"canonical":"https:\/\/lahingupood.ee\/en\/product\/m-pro-gen2-automaadi-salve-tasku-mp1ew-5-56-elastik-100mm-eedigi\/","og_locale":"en_GB","og_type":"article","og_title":"M-Pro GEN2 automaadi salve tasku MP1EW 5.56 elastik, 100mm EEdigi","og_description":"Matrix Protecti GEN 2 madala profiiliga elastne takjakinnitusega 10 cm k\u00f5rgune automaadi salve tasku G2-MP1EW on hea kombinatsioon kiirusest ja lihtsusest.","og_url":"https:\/\/lahingupood.ee\/en\/product\/m-pro-gen2-automaadi-salve-tasku-mp1ew-5-56-elastik-100mm-eedigi\/","og_site_name":"Lahingurada e-pood","article_publisher":"https:\/\/www.facebook.com\/Lahingurada-629940247212967","article_modified_time":"2025-03-18T10:08:18+00:00","og_image":[{"width":800,"height":500,"url":"https:\/\/lahingupood.ee\/wp-content\/uploads\/2022\/03\/lahingurada-220318.jpg","type":"image\/jpeg"}],"twitter_card":"summary_large_image","twitter_misc":{"Estimated reading time":"1 minute"},"schema":{"@context":"https:\/\/schema.org","@graph":[{"@type":"WebPage","@id":"https:\/\/lahingupood.ee\/toode\/m-pro-gen2-automaadi-salve-tasku-mp1ew-5-56-elastik-100mm-eedigi\/","url":"https:\/\/lahingupood.ee\/toode\/m-pro-gen2-automaadi-salve-tasku-mp1ew-5-56-elastik-100mm-eedigi\/","name":"M-Pro GEN2 automaadi salve tasku MP1EW 5.56 elastik, 100mm EEdigi - Lahingurada e-pood","isPartOf":{"@id":"https:\/\/lahingupood.ee\/#website"},"primaryImageOfPage":{"@id":"https:\/\/lahingupood.ee\/toode\/m-pro-gen2-automaadi-salve-tasku-mp1ew-5-56-elastik-100mm-eedigi\/#primaryimage"},"image":{"@id":"https:\/\/lahingupood.ee\/toode\/m-pro-gen2-automaadi-salve-tasku-mp1ew-5-56-elastik-100mm-eedigi\/#primaryimage"},"thumbnailUrl":"https:\/\/lahingupood.ee\/wp-content\/uploads\/2025\/03\/1-9.avif","datePublished":"2025-03-11T13:30:03+00:00","dateModified":"2025-03-18T10:08:18+00:00","description":"Matrix Protecti GEN 2 madala profiiliga elastne takjakinnitusega 10 cm k\u00f5rgune automaadi salve tasku G2-MP1EW on hea kombinatsioon kiirusest ja lihtsusest.","breadcrumb":{"@id":"https:\/\/lahingupood.ee\/toode\/m-pro-gen2-automaadi-salve-tasku-mp1ew-5-56-elastik-100mm-eedigi\/#breadcrumb"},"inLanguage":"en-GB","potentialAction":[{"@type":"ReadAction","target":["https:\/\/lahingupood.ee\/toode\/m-pro-gen2-automaadi-salve-tasku-mp1ew-5-56-elastik-100mm-eedigi\/"]}]},{"@type":"ImageObject","inLanguage":"en-GB","@id":"https:\/\/lahingupood.ee\/toode\/m-pro-gen2-automaadi-salve-tasku-mp1ew-5-56-elastik-100mm-eedigi\/#primaryimage","url":"https:\/\/lahingupood.ee\/wp-content\/uploads\/2025\/03\/1-9.avif","contentUrl":"https:\/\/lahingupood.ee\/wp-content\/uploads\/2025\/03\/1-9.avif","width":1080,"height":1080},{"@type":"BreadcrumbList","@id":"https:\/\/lahingupood.ee\/toode\/m-pro-gen2-automaadi-salve-tasku-mp1ew-5-56-elastik-100mm-eedigi\/#breadcrumb","itemListElement":[{"@type":"ListItem","position":1,"name":"Home","item":"https:\/\/lahingupood.ee\/"},{"@type":"ListItem","position":2,"name":"Tooted","item":"https:\/\/lahingupood.ee\/tooted\/"},{"@type":"ListItem","position":3,"name":"M-Pro GEN2 automaadi salve tasku MP1EW 5.56 elastik, 100mm EEdigi"}]},{"@type":"WebSite","@id":"https:\/\/lahingupood.ee\/#website","url":"https:\/\/lahingupood.ee\/","name":"Lahingurada e-pood","description":"Airsoft","publisher":{"@id":"https:\/\/lahingupood.ee\/#organization"},"potentialAction":[{"@type":"SearchAction","target":{"@type":"EntryPoint","urlTemplate":"https:\/\/lahingupood.ee\/?s={search_term_string}"},"query-input":{"@type":"PropertyValueSpecification","valueRequired":true,"valueName":"search_term_string"}}],"inLanguage":"en-GB"},{"@type":"Organization","@id":"https:\/\/lahingupood.ee\/#organization","name":"Lahingurada","url":"https:\/\/lahingupood.ee\/","logo":{"@type":"ImageObject","inLanguage":"en-GB","@id":"https:\/\/lahingupood.ee\/#\/schema\/logo\/image\/","url":"https:\/\/lahingupood.ee\/wp-content\/uploads\/2022\/03\/lahingurada-220318.jpg","contentUrl":"https:\/\/lahingupood.ee\/wp-content\/uploads\/2022\/03\/lahingurada-220318.jpg","width":800,"height":500,"caption":"Lahingurada"},"image":{"@id":"https:\/\/lahingupood.ee\/#\/schema\/logo\/image\/"},"sameAs":["https:\/\/www.facebook.com\/Lahingurada-629940247212967"]}]}},"_links":{"self":[{"href":"https:\/\/lahingupood.ee\/en\/wp-json\/wp\/v2\/product\/6272","targetHints":{"allow":["GET"]}}],"collection":[{"href":"https:\/\/lahingupood.ee\/en\/wp-json\/wp\/v2\/product"}],"about":[{"href":"https:\/\/lahingupood.ee\/en\/wp-json\/wp\/v2\/types\/product"}],"wp:featuredmedia":[{"embeddable":true,"href":"https:\/\/lahingupood.ee\/en\/wp-json\/wp\/v2\/media\/6273"}],"wp:attachment":[{"href":"https:\/\/lahingupood.ee\/en\/wp-json\/wp\/v2\/media?parent=6272"}],"wp:term":[{"taxonomy":"product_brand","embeddable":true,"href":"https:\/\/lahingupood.ee\/en\/wp-json\/wp\/v2\/product_brand?post=6272"},{"taxonomy":"product_cat","embeddable":true,"href":"https:\/\/lahingupood.ee\/en\/wp-json\/wp\/v2\/product_cat?post=6272"},{"taxonomy":"product_tag","embeddable":true,"href":"https:\/\/lahingupood.ee\/en\/wp-json\/wp\/v2\/product_tag?post=6272"}],"curies":[{"name":"wp","href":"https:\/\/api.w.org\/{rel}","templated":true}]}}