{"id":6239,"date":"2025-03-10T18:51:44","date_gmt":"2025-03-10T16:51:44","guid":{"rendered":"https:\/\/lahingupood.ee\/?post_type=product&#038;p=6239"},"modified":"2025-03-18T12:20:31","modified_gmt":"2025-03-18T10:20:31","slug":"m-pro-gen-2-lasercut-maskeerimisribad-eedigi","status":"publish","type":"product","link":"https:\/\/lahingupood.ee\/en\/product\/m-pro-gen-2-lasercut-maskeerimisribad-eedigi\/","title":{"rendered":"M-Pro GEN 2 Lasercut maskeerimisribad, EEdigi"},"content":{"rendered":"<p data-start=\"745\" data-end=\"1158\">Matrix Protecti\u00a0<strong data-start=\"761\" data-end=\"804\">GEN 2 laserl\u00f5igatud 3D maskeerimisribad<\/strong>\u00a0on professionaalne maskeerimislahendus, mis on loodud s\u00f5jalistele ja taktikalistele kasutajatele. Laseriga l\u00f5igatud ribade kogupikkus on umbes\u00a0<strong data-start=\"948\" data-end=\"958\">150 cm<\/strong>, v\u00f5imaldades neid paindlikult kasutada kiivritel, m\u00fctsidel, varustusel, relvadel ja r\u00f5ivastel.\u00a0<strong data-start=\"1054\" data-end=\"1069\">NIR-t\u00f6\u00f6tlus<\/strong>\u00a0tagab v\u00e4hendatud n\u00e4htavuse \u00f6\u00f6vaatlusseadmete all, pakkudes olulist taktikalist eelist.<\/p>\n<p data-start=\"1160\" data-end=\"1439\"><strong data-start=\"1160\" data-end=\"1181\">Peamised eelised:<\/strong><br data-start=\"1181\" data-end=\"1184\" \/>\u2714 Muudab objekti taustaga \u00fchtivaks, v\u00e4hendades tuvastatavust<br data-start=\"1244\" data-end=\"1247\" \/>\u2714 Realistlik 3D efekt hajutab siluetti ja segab kontuure<br data-start=\"1303\" data-end=\"1306\" \/>\u2714 Kiire ja lihtne paigaldus erinevatele pindadele<br data-start=\"1355\" data-end=\"1358\" \/>\u2714 Vastupidav\u00a0<b>NIR<\/b>\u00a0materjal tagab pikaealisuse ja kulumiskindluse<\/p>","protected":false},"excerpt":{"rendered":"<p>Matrix Protecti\u00a0GEN 2 laserl\u00f5igatud 3D maskeerimisribad\u00a0on professionaalne maskeerimislahendus, mis on loodud s\u00f5jalistele ja taktikalistele kasutajatele. Laseriga l\u00f5igatud ribade kogupikkus on umbes\u00a0150 cm, v\u00f5imaldades neid paindlikult kasutada kiivritel, m\u00fctsidel, varustusel, relvadel ja r\u00f5ivastel.\u00a0NIR-t\u00f6\u00f6tlus\u00a0tagab v\u00e4hendatud n\u00e4htavuse \u00f6\u00f6vaatlusseadmete all, pakkudes olulist taktikalist eelist. Peamised eelised:\u2714 Muudab objekti taustaga \u00fchtivaks, v\u00e4hendades tuvastatavust\u2714 Realistlik 3D efekt hajutab siluetti ja segab [&#8230;]\n","protected":false},"featured_media":6251,"template":"","meta":[],"product_brand":[],"product_cat":[96,209],"product_tag":[],"class_list":{"0":"post-6239","1":"product","2":"type-product","3":"status-publish","4":"has-post-thumbnail","6":"product_cat-muu-kasulik-kraam","7":"product_cat-tarvikud","9":"first","10":"onbackorder","11":"taxable","12":"shipping-taxable","13":"purchasable","14":"product-type-variable"},"yoast_head":"<!-- This site is optimized with the Yoast SEO Premium plugin v27.3 (Yoast SEO v27.3) - https:\/\/yoast.com\/product\/yoast-seo-premium-wordpress\/ -->\n<title>M-Pro GEN 2 Lasercut maskeerimisribad, EEdigi - Lahingurada e-pood<\/title>\n<meta name=\"description\" content=\"Matrix Protecti\u00a0GEN 2 laserl\u00f5igatud 3D maskeerimisribad\u00a0on professionaalne maskeerimislahendus, mis on loodud s\u00f5jalistele ja taktikalistele kasutajatele.\" \/>\n<meta name=\"robots\" content=\"index, follow, max-snippet:-1, max-image-preview:large, max-video-preview:-1\" \/>\n<link rel=\"canonical\" href=\"https:\/\/lahingupood.ee\/en\/product\/m-pro-gen-2-lasercut-maskeerimisribad-eedigi\/\" \/>\n<meta property=\"og:locale\" content=\"en_GB\" \/>\n<meta property=\"og:type\" content=\"article\" \/>\n<meta property=\"og:title\" content=\"M-Pro GEN 2 Lasercut maskeerimisribad, EEdigi\" \/>\n<meta property=\"og:description\" content=\"Matrix Protecti\u00a0GEN 2 laserl\u00f5igatud 3D maskeerimisribad\u00a0on professionaalne maskeerimislahendus, mis on loodud s\u00f5jalistele ja taktikalistele kasutajatele.\" \/>\n<meta property=\"og:url\" content=\"https:\/\/lahingupood.ee\/en\/product\/m-pro-gen-2-lasercut-maskeerimisribad-eedigi\/\" \/>\n<meta property=\"og:site_name\" content=\"Lahingurada e-pood\" \/>\n<meta property=\"article:publisher\" content=\"https:\/\/www.facebook.com\/Lahingurada-629940247212967\" \/>\n<meta property=\"article:modified_time\" content=\"2025-03-18T10:20:31+00:00\" \/>\n<meta property=\"og:image\" content=\"https:\/\/lahingupood.ee\/wp-content\/uploads\/2022\/03\/lahingurada-220318.jpg\" \/>\n\t<meta property=\"og:image:width\" content=\"800\" \/>\n\t<meta property=\"og:image:height\" content=\"500\" \/>\n\t<meta property=\"og:image:type\" content=\"image\/jpeg\" \/>\n<meta name=\"twitter:card\" content=\"summary_large_image\" \/>\n<meta name=\"twitter:label1\" content=\"Estimated reading time\" \/>\n\t<meta name=\"twitter:data1\" content=\"1 minute\" \/>\n<script type=\"application\/ld+json\" class=\"yoast-schema-graph\">{\"@context\":\"https:\\\/\\\/schema.org\",\"@graph\":[{\"@type\":\"WebPage\",\"@id\":\"https:\\\/\\\/lahingupood.ee\\\/toode\\\/m-pro-gen-2-lasercut-maskeerimisribad-eedigi\\\/\",\"url\":\"https:\\\/\\\/lahingupood.ee\\\/toode\\\/m-pro-gen-2-lasercut-maskeerimisribad-eedigi\\\/\",\"name\":\"M-Pro GEN 2 Lasercut maskeerimisribad, EEdigi - Lahingurada e-pood\",\"isPartOf\":{\"@id\":\"https:\\\/\\\/lahingupood.ee\\\/#website\"},\"primaryImageOfPage\":{\"@id\":\"https:\\\/\\\/lahingupood.ee\\\/toode\\\/m-pro-gen-2-lasercut-maskeerimisribad-eedigi\\\/#primaryimage\"},\"image\":{\"@id\":\"https:\\\/\\\/lahingupood.ee\\\/toode\\\/m-pro-gen-2-lasercut-maskeerimisribad-eedigi\\\/#primaryimage\"},\"thumbnailUrl\":\"https:\\\/\\\/lahingupood.ee\\\/wp-content\\\/uploads\\\/2025\\\/03\\\/1-5.avif\",\"datePublished\":\"2025-03-10T16:51:44+00:00\",\"dateModified\":\"2025-03-18T10:20:31+00:00\",\"description\":\"Matrix Protecti\u00a0GEN 2 laserl\u00f5igatud 3D maskeerimisribad\u00a0on professionaalne maskeerimislahendus, mis on loodud s\u00f5jalistele ja taktikalistele kasutajatele.\",\"breadcrumb\":{\"@id\":\"https:\\\/\\\/lahingupood.ee\\\/toode\\\/m-pro-gen-2-lasercut-maskeerimisribad-eedigi\\\/#breadcrumb\"},\"inLanguage\":\"en-GB\",\"potentialAction\":[{\"@type\":\"ReadAction\",\"target\":[\"https:\\\/\\\/lahingupood.ee\\\/toode\\\/m-pro-gen-2-lasercut-maskeerimisribad-eedigi\\\/\"]}]},{\"@type\":\"ImageObject\",\"inLanguage\":\"en-GB\",\"@id\":\"https:\\\/\\\/lahingupood.ee\\\/toode\\\/m-pro-gen-2-lasercut-maskeerimisribad-eedigi\\\/#primaryimage\",\"url\":\"https:\\\/\\\/lahingupood.ee\\\/wp-content\\\/uploads\\\/2025\\\/03\\\/1-5.avif\",\"contentUrl\":\"https:\\\/\\\/lahingupood.ee\\\/wp-content\\\/uploads\\\/2025\\\/03\\\/1-5.avif\",\"width\":1080,\"height\":1080},{\"@type\":\"BreadcrumbList\",\"@id\":\"https:\\\/\\\/lahingupood.ee\\\/toode\\\/m-pro-gen-2-lasercut-maskeerimisribad-eedigi\\\/#breadcrumb\",\"itemListElement\":[{\"@type\":\"ListItem\",\"position\":1,\"name\":\"Home\",\"item\":\"https:\\\/\\\/lahingupood.ee\\\/\"},{\"@type\":\"ListItem\",\"position\":2,\"name\":\"Tooted\",\"item\":\"https:\\\/\\\/lahingupood.ee\\\/tooted\\\/\"},{\"@type\":\"ListItem\",\"position\":3,\"name\":\"M-Pro GEN 2 Lasercut maskeerimisribad, EEdigi\"}]},{\"@type\":\"WebSite\",\"@id\":\"https:\\\/\\\/lahingupood.ee\\\/#website\",\"url\":\"https:\\\/\\\/lahingupood.ee\\\/\",\"name\":\"Lahingurada e-pood\",\"description\":\"Airsoft\",\"publisher\":{\"@id\":\"https:\\\/\\\/lahingupood.ee\\\/#organization\"},\"potentialAction\":[{\"@type\":\"SearchAction\",\"target\":{\"@type\":\"EntryPoint\",\"urlTemplate\":\"https:\\\/\\\/lahingupood.ee\\\/?s={search_term_string}\"},\"query-input\":{\"@type\":\"PropertyValueSpecification\",\"valueRequired\":true,\"valueName\":\"search_term_string\"}}],\"inLanguage\":\"en-GB\"},{\"@type\":\"Organization\",\"@id\":\"https:\\\/\\\/lahingupood.ee\\\/#organization\",\"name\":\"Lahingurada\",\"url\":\"https:\\\/\\\/lahingupood.ee\\\/\",\"logo\":{\"@type\":\"ImageObject\",\"inLanguage\":\"en-GB\",\"@id\":\"https:\\\/\\\/lahingupood.ee\\\/#\\\/schema\\\/logo\\\/image\\\/\",\"url\":\"https:\\\/\\\/lahingupood.ee\\\/wp-content\\\/uploads\\\/2022\\\/03\\\/lahingurada-220318.jpg\",\"contentUrl\":\"https:\\\/\\\/lahingupood.ee\\\/wp-content\\\/uploads\\\/2022\\\/03\\\/lahingurada-220318.jpg\",\"width\":800,\"height\":500,\"caption\":\"Lahingurada\"},\"image\":{\"@id\":\"https:\\\/\\\/lahingupood.ee\\\/#\\\/schema\\\/logo\\\/image\\\/\"},\"sameAs\":[\"https:\\\/\\\/www.facebook.com\\\/Lahingurada-629940247212967\"]}]}<\/script>\n<!-- \/ Yoast SEO Premium plugin. -->","yoast_head_json":{"title":"M-Pro GEN 2 Lasercut maskeerimisribad, EEdigi - Lahingurada e-pood","description":"Matrix Protecti\u00a0GEN 2 laserl\u00f5igatud 3D maskeerimisribad\u00a0on professionaalne maskeerimislahendus, mis on loodud s\u00f5jalistele ja taktikalistele kasutajatele.","robots":{"index":"index","follow":"follow","max-snippet":"max-snippet:-1","max-image-preview":"max-image-preview:large","max-video-preview":"max-video-preview:-1"},"canonical":"https:\/\/lahingupood.ee\/en\/product\/m-pro-gen-2-lasercut-maskeerimisribad-eedigi\/","og_locale":"en_GB","og_type":"article","og_title":"M-Pro GEN 2 Lasercut maskeerimisribad, EEdigi","og_description":"Matrix Protecti\u00a0GEN 2 laserl\u00f5igatud 3D maskeerimisribad\u00a0on professionaalne maskeerimislahendus, mis on loodud s\u00f5jalistele ja taktikalistele kasutajatele.","og_url":"https:\/\/lahingupood.ee\/en\/product\/m-pro-gen-2-lasercut-maskeerimisribad-eedigi\/","og_site_name":"Lahingurada e-pood","article_publisher":"https:\/\/www.facebook.com\/Lahingurada-629940247212967","article_modified_time":"2025-03-18T10:20:31+00:00","og_image":[{"width":800,"height":500,"url":"https:\/\/lahingupood.ee\/wp-content\/uploads\/2022\/03\/lahingurada-220318.jpg","type":"image\/jpeg"}],"twitter_card":"summary_large_image","twitter_misc":{"Estimated reading time":"1 minute"},"schema":{"@context":"https:\/\/schema.org","@graph":[{"@type":"WebPage","@id":"https:\/\/lahingupood.ee\/toode\/m-pro-gen-2-lasercut-maskeerimisribad-eedigi\/","url":"https:\/\/lahingupood.ee\/toode\/m-pro-gen-2-lasercut-maskeerimisribad-eedigi\/","name":"M-Pro GEN 2 Lasercut maskeerimisribad, EEdigi - Lahingurada e-pood","isPartOf":{"@id":"https:\/\/lahingupood.ee\/#website"},"primaryImageOfPage":{"@id":"https:\/\/lahingupood.ee\/toode\/m-pro-gen-2-lasercut-maskeerimisribad-eedigi\/#primaryimage"},"image":{"@id":"https:\/\/lahingupood.ee\/toode\/m-pro-gen-2-lasercut-maskeerimisribad-eedigi\/#primaryimage"},"thumbnailUrl":"https:\/\/lahingupood.ee\/wp-content\/uploads\/2025\/03\/1-5.avif","datePublished":"2025-03-10T16:51:44+00:00","dateModified":"2025-03-18T10:20:31+00:00","description":"Matrix Protecti\u00a0GEN 2 laserl\u00f5igatud 3D maskeerimisribad\u00a0on professionaalne maskeerimislahendus, mis on loodud s\u00f5jalistele ja taktikalistele kasutajatele.","breadcrumb":{"@id":"https:\/\/lahingupood.ee\/toode\/m-pro-gen-2-lasercut-maskeerimisribad-eedigi\/#breadcrumb"},"inLanguage":"en-GB","potentialAction":[{"@type":"ReadAction","target":["https:\/\/lahingupood.ee\/toode\/m-pro-gen-2-lasercut-maskeerimisribad-eedigi\/"]}]},{"@type":"ImageObject","inLanguage":"en-GB","@id":"https:\/\/lahingupood.ee\/toode\/m-pro-gen-2-lasercut-maskeerimisribad-eedigi\/#primaryimage","url":"https:\/\/lahingupood.ee\/wp-content\/uploads\/2025\/03\/1-5.avif","contentUrl":"https:\/\/lahingupood.ee\/wp-content\/uploads\/2025\/03\/1-5.avif","width":1080,"height":1080},{"@type":"BreadcrumbList","@id":"https:\/\/lahingupood.ee\/toode\/m-pro-gen-2-lasercut-maskeerimisribad-eedigi\/#breadcrumb","itemListElement":[{"@type":"ListItem","position":1,"name":"Home","item":"https:\/\/lahingupood.ee\/"},{"@type":"ListItem","position":2,"name":"Tooted","item":"https:\/\/lahingupood.ee\/tooted\/"},{"@type":"ListItem","position":3,"name":"M-Pro GEN 2 Lasercut maskeerimisribad, EEdigi"}]},{"@type":"WebSite","@id":"https:\/\/lahingupood.ee\/#website","url":"https:\/\/lahingupood.ee\/","name":"Lahingurada e-pood","description":"Airsoft","publisher":{"@id":"https:\/\/lahingupood.ee\/#organization"},"potentialAction":[{"@type":"SearchAction","target":{"@type":"EntryPoint","urlTemplate":"https:\/\/lahingupood.ee\/?s={search_term_string}"},"query-input":{"@type":"PropertyValueSpecification","valueRequired":true,"valueName":"search_term_string"}}],"inLanguage":"en-GB"},{"@type":"Organization","@id":"https:\/\/lahingupood.ee\/#organization","name":"Lahingurada","url":"https:\/\/lahingupood.ee\/","logo":{"@type":"ImageObject","inLanguage":"en-GB","@id":"https:\/\/lahingupood.ee\/#\/schema\/logo\/image\/","url":"https:\/\/lahingupood.ee\/wp-content\/uploads\/2022\/03\/lahingurada-220318.jpg","contentUrl":"https:\/\/lahingupood.ee\/wp-content\/uploads\/2022\/03\/lahingurada-220318.jpg","width":800,"height":500,"caption":"Lahingurada"},"image":{"@id":"https:\/\/lahingupood.ee\/#\/schema\/logo\/image\/"},"sameAs":["https:\/\/www.facebook.com\/Lahingurada-629940247212967"]}]}},"_links":{"self":[{"href":"https:\/\/lahingupood.ee\/en\/wp-json\/wp\/v2\/product\/6239","targetHints":{"allow":["GET"]}}],"collection":[{"href":"https:\/\/lahingupood.ee\/en\/wp-json\/wp\/v2\/product"}],"about":[{"href":"https:\/\/lahingupood.ee\/en\/wp-json\/wp\/v2\/types\/product"}],"wp:featuredmedia":[{"embeddable":true,"href":"https:\/\/lahingupood.ee\/en\/wp-json\/wp\/v2\/media\/6251"}],"wp:attachment":[{"href":"https:\/\/lahingupood.ee\/en\/wp-json\/wp\/v2\/media?parent=6239"}],"wp:term":[{"taxonomy":"product_brand","embeddable":true,"href":"https:\/\/lahingupood.ee\/en\/wp-json\/wp\/v2\/product_brand?post=6239"},{"taxonomy":"product_cat","embeddable":true,"href":"https:\/\/lahingupood.ee\/en\/wp-json\/wp\/v2\/product_cat?post=6239"},{"taxonomy":"product_tag","embeddable":true,"href":"https:\/\/lahingupood.ee\/en\/wp-json\/wp\/v2\/product_tag?post=6239"}],"curies":[{"name":"wp","href":"https:\/\/api.w.org\/{rel}","templated":true}]}}