{"id":6219,"date":"2025-03-10T18:27:07","date_gmt":"2025-03-10T16:27:07","guid":{"rendered":"https:\/\/lahingupood.ee\/?post_type=product&#038;p=6219"},"modified":"2025-03-18T12:22:19","modified_gmt":"2025-03-18T10:22:19","slug":"m-pro-gen2-chestrig-cr12-v2-taskuga-eedigi","status":"publish","type":"product","link":"https:\/\/lahingupood.ee\/en\/product\/m-pro-gen2-chestrig-cr12-v2-taskuga-eedigi\/","title":{"rendered":"M-Pro Gen2 chestrig CR12-V2 taskuga, EEdigi"},"content":{"rendered":"<p>Matrix Protecti GEN2 laserl\u00f5igatud 12 realine Chestrig Gen2 V2 on hea alternatiiv vanematele versioonidele. Valmistatud tugevast Matrix Protecti poolt arendatud lamineeritud kangast. Chestrigile saab kinnitada MOLLE s\u00fcsteemi abil erinevat varustust. Chestrigi saab kasutada koos Matrix Protecti erinevate traksidega iseseisvalt v\u00f5i kinnitada spetsiaalsete klambrite abil ka plaadikandja k\u00fclge. Lisaks on Chestrigi sisepinnal ka eraldi tasku, kuhu mahub kolm Rahe salve v\u00f5i muud vajalikku varustust. Lisaks on chestrigi kehapoolsel osal takjaga eraldatav klapp ning takjapaneeli abil saab Chestrigi kinnitada ka sellise plaadikandja k\u00fclge, millel on esipaneel kaetud takjariidega v\u00f5i paneeliga. Mugavaks kinnitamiseks cummerbundi k\u00fclge t\u00f6\u00f6tas Matrix Protecti meeskond v\u00e4lja ka spetsiaalse kinnituss\u00fcsteemi, mis koosneb SR pandlast, Ghookist ja takjaribadest. Selle s\u00fcsteemi abil on v\u00f5imalik erineva v\u00f6\u00f6 \u00fcmberm\u00f5\u00f5du puhul mugav ja kiire Chestrigi kinnitamise v\u00f5imalus ja lahtiv\u00f5tmise v\u00f5imalus. Komplekti kuuluvad ka spetsiaalsed SR pandlas\u00fcsteemid kiirkinnituseks.<\/p>\n<p>Materjaliks on Matrix Protecti laminaatkangas, mille pealmiseks kihiks on FOXDURA 500 IRR.<\/p>\n<p>Kinnituss\u00fcsteem \u2013 takjapaneel ja SR pandlas\u00fcsteem G hookidega. Traksid komplekti ei kuulu.V\u00f5imalik valida erinevaid trakse ja kandes\u00fcsteeme.<\/p>","protected":false},"excerpt":{"rendered":"<p>Matrix Protecti GEN2 laserl\u00f5igatud 12 realine Chestrig Gen2 V2 on hea alternatiiv vanematele versioonidele. Valmistatud tugevast Matrix Protecti poolt arendatud lamineeritud kangast. Chestrigile saab kinnitada MOLLE s\u00fcsteemi abil erinevat varustust. Chestrigi saab kasutada koos Matrix Protecti erinevate traksidega iseseisvalt v\u00f5i kinnitada spetsiaalsete klambrite abil ka plaadikandja k\u00fclge. Lisaks on Chestrigi sisepinnal ka eraldi tasku, kuhu [&#8230;]\n","protected":false},"featured_media":6220,"template":"","meta":[],"product_brand":[],"product_cat":[207],"product_tag":[],"class_list":{"0":"post-6219","1":"product","2":"type-product","3":"status-publish","4":"has-post-thumbnail","6":"product_cat-chestrigid","8":"first","9":"onbackorder","10":"taxable","11":"shipping-taxable","12":"purchasable","13":"product-type-simple"},"yoast_head":"<!-- This site is optimized with the Yoast SEO Premium plugin v27.3 (Yoast SEO v27.3) - https:\/\/yoast.com\/product\/yoast-seo-premium-wordpress\/ -->\n<title>M-Pro Gen2 chestrig CR12-V2 taskuga, EEdigi - Lahingurada e-pood<\/title>\n<meta name=\"description\" content=\"Matrix Protecti GEN2 laserl\u00f5igatud 12 realine Chestrig Gen2 V2 on hea alternatiiv vanematele versioonidele. Valmistatud tugevast Matrix Protecti poolt aren\" \/>\n<meta name=\"robots\" content=\"index, follow, max-snippet:-1, max-image-preview:large, max-video-preview:-1\" \/>\n<link rel=\"canonical\" href=\"https:\/\/lahingupood.ee\/en\/product\/m-pro-gen2-chestrig-cr12-v2-taskuga-eedigi\/\" \/>\n<meta property=\"og:locale\" content=\"en_GB\" \/>\n<meta property=\"og:type\" content=\"article\" \/>\n<meta property=\"og:title\" content=\"M-Pro Gen2 chestrig CR12-V2 taskuga, EEdigi\" \/>\n<meta property=\"og:description\" content=\"Matrix Protecti GEN2 laserl\u00f5igatud 12 realine Chestrig Gen2 V2 on hea alternatiiv vanematele versioonidele. Valmistatud tugevast Matrix Protecti poolt aren\" \/>\n<meta property=\"og:url\" content=\"https:\/\/lahingupood.ee\/en\/product\/m-pro-gen2-chestrig-cr12-v2-taskuga-eedigi\/\" \/>\n<meta property=\"og:site_name\" content=\"Lahingurada e-pood\" \/>\n<meta property=\"article:publisher\" content=\"https:\/\/www.facebook.com\/Lahingurada-629940247212967\" \/>\n<meta property=\"article:modified_time\" content=\"2025-03-18T10:22:19+00:00\" \/>\n<meta property=\"og:image\" content=\"https:\/\/lahingupood.ee\/wp-content\/uploads\/2022\/03\/lahingurada-220318.jpg\" \/>\n\t<meta property=\"og:image:width\" content=\"800\" \/>\n\t<meta property=\"og:image:height\" content=\"500\" \/>\n\t<meta property=\"og:image:type\" content=\"image\/jpeg\" \/>\n<meta name=\"twitter:card\" content=\"summary_large_image\" \/>\n<meta name=\"twitter:label1\" content=\"Estimated reading time\" \/>\n\t<meta name=\"twitter:data1\" content=\"2 minutes\" \/>\n<script type=\"application\/ld+json\" class=\"yoast-schema-graph\">{\"@context\":\"https:\\\/\\\/schema.org\",\"@graph\":[{\"@type\":\"WebPage\",\"@id\":\"https:\\\/\\\/lahingupood.ee\\\/toode\\\/m-pro-gen2-chestrig-cr12-v2-taskuga-eedigi\\\/\",\"url\":\"https:\\\/\\\/lahingupood.ee\\\/toode\\\/m-pro-gen2-chestrig-cr12-v2-taskuga-eedigi\\\/\",\"name\":\"M-Pro Gen2 chestrig CR12-V2 taskuga, EEdigi - Lahingurada e-pood\",\"isPartOf\":{\"@id\":\"https:\\\/\\\/lahingupood.ee\\\/#website\"},\"primaryImageOfPage\":{\"@id\":\"https:\\\/\\\/lahingupood.ee\\\/toode\\\/m-pro-gen2-chestrig-cr12-v2-taskuga-eedigi\\\/#primaryimage\"},\"image\":{\"@id\":\"https:\\\/\\\/lahingupood.ee\\\/toode\\\/m-pro-gen2-chestrig-cr12-v2-taskuga-eedigi\\\/#primaryimage\"},\"thumbnailUrl\":\"https:\\\/\\\/lahingupood.ee\\\/wp-content\\\/uploads\\\/2025\\\/03\\\/1-2.avif\",\"datePublished\":\"2025-03-10T16:27:07+00:00\",\"dateModified\":\"2025-03-18T10:22:19+00:00\",\"description\":\"Matrix Protecti GEN2 laserl\u00f5igatud 12 realine Chestrig Gen2 V2 on hea alternatiiv vanematele versioonidele. Valmistatud tugevast Matrix Protecti poolt aren\",\"breadcrumb\":{\"@id\":\"https:\\\/\\\/lahingupood.ee\\\/toode\\\/m-pro-gen2-chestrig-cr12-v2-taskuga-eedigi\\\/#breadcrumb\"},\"inLanguage\":\"en-GB\",\"potentialAction\":[{\"@type\":\"ReadAction\",\"target\":[\"https:\\\/\\\/lahingupood.ee\\\/toode\\\/m-pro-gen2-chestrig-cr12-v2-taskuga-eedigi\\\/\"]}]},{\"@type\":\"ImageObject\",\"inLanguage\":\"en-GB\",\"@id\":\"https:\\\/\\\/lahingupood.ee\\\/toode\\\/m-pro-gen2-chestrig-cr12-v2-taskuga-eedigi\\\/#primaryimage\",\"url\":\"https:\\\/\\\/lahingupood.ee\\\/wp-content\\\/uploads\\\/2025\\\/03\\\/1-2.avif\",\"contentUrl\":\"https:\\\/\\\/lahingupood.ee\\\/wp-content\\\/uploads\\\/2025\\\/03\\\/1-2.avif\",\"width\":1080,\"height\":1080},{\"@type\":\"BreadcrumbList\",\"@id\":\"https:\\\/\\\/lahingupood.ee\\\/toode\\\/m-pro-gen2-chestrig-cr12-v2-taskuga-eedigi\\\/#breadcrumb\",\"itemListElement\":[{\"@type\":\"ListItem\",\"position\":1,\"name\":\"Home\",\"item\":\"https:\\\/\\\/lahingupood.ee\\\/\"},{\"@type\":\"ListItem\",\"position\":2,\"name\":\"Tooted\",\"item\":\"https:\\\/\\\/lahingupood.ee\\\/tooted\\\/\"},{\"@type\":\"ListItem\",\"position\":3,\"name\":\"M-Pro Gen2 chestrig CR12-V2 taskuga, EEdigi\"}]},{\"@type\":\"WebSite\",\"@id\":\"https:\\\/\\\/lahingupood.ee\\\/#website\",\"url\":\"https:\\\/\\\/lahingupood.ee\\\/\",\"name\":\"Lahingurada e-pood\",\"description\":\"Airsoft\",\"publisher\":{\"@id\":\"https:\\\/\\\/lahingupood.ee\\\/#organization\"},\"potentialAction\":[{\"@type\":\"SearchAction\",\"target\":{\"@type\":\"EntryPoint\",\"urlTemplate\":\"https:\\\/\\\/lahingupood.ee\\\/?s={search_term_string}\"},\"query-input\":{\"@type\":\"PropertyValueSpecification\",\"valueRequired\":true,\"valueName\":\"search_term_string\"}}],\"inLanguage\":\"en-GB\"},{\"@type\":\"Organization\",\"@id\":\"https:\\\/\\\/lahingupood.ee\\\/#organization\",\"name\":\"Lahingurada\",\"url\":\"https:\\\/\\\/lahingupood.ee\\\/\",\"logo\":{\"@type\":\"ImageObject\",\"inLanguage\":\"en-GB\",\"@id\":\"https:\\\/\\\/lahingupood.ee\\\/#\\\/schema\\\/logo\\\/image\\\/\",\"url\":\"https:\\\/\\\/lahingupood.ee\\\/wp-content\\\/uploads\\\/2022\\\/03\\\/lahingurada-220318.jpg\",\"contentUrl\":\"https:\\\/\\\/lahingupood.ee\\\/wp-content\\\/uploads\\\/2022\\\/03\\\/lahingurada-220318.jpg\",\"width\":800,\"height\":500,\"caption\":\"Lahingurada\"},\"image\":{\"@id\":\"https:\\\/\\\/lahingupood.ee\\\/#\\\/schema\\\/logo\\\/image\\\/\"},\"sameAs\":[\"https:\\\/\\\/www.facebook.com\\\/Lahingurada-629940247212967\"]}]}<\/script>\n<!-- \/ Yoast SEO Premium plugin. -->","yoast_head_json":{"title":"M-Pro Gen2 chestrig CR12-V2 taskuga, EEdigi - Lahingurada e-pood","description":"Matrix Protecti GEN2 laserl\u00f5igatud 12 realine Chestrig Gen2 V2 on hea alternatiiv vanematele versioonidele. Valmistatud tugevast Matrix Protecti poolt aren","robots":{"index":"index","follow":"follow","max-snippet":"max-snippet:-1","max-image-preview":"max-image-preview:large","max-video-preview":"max-video-preview:-1"},"canonical":"https:\/\/lahingupood.ee\/en\/product\/m-pro-gen2-chestrig-cr12-v2-taskuga-eedigi\/","og_locale":"en_GB","og_type":"article","og_title":"M-Pro Gen2 chestrig CR12-V2 taskuga, EEdigi","og_description":"Matrix Protecti GEN2 laserl\u00f5igatud 12 realine Chestrig Gen2 V2 on hea alternatiiv vanematele versioonidele. Valmistatud tugevast Matrix Protecti poolt aren","og_url":"https:\/\/lahingupood.ee\/en\/product\/m-pro-gen2-chestrig-cr12-v2-taskuga-eedigi\/","og_site_name":"Lahingurada e-pood","article_publisher":"https:\/\/www.facebook.com\/Lahingurada-629940247212967","article_modified_time":"2025-03-18T10:22:19+00:00","og_image":[{"width":800,"height":500,"url":"https:\/\/lahingupood.ee\/wp-content\/uploads\/2022\/03\/lahingurada-220318.jpg","type":"image\/jpeg"}],"twitter_card":"summary_large_image","twitter_misc":{"Estimated reading time":"2 minutes"},"schema":{"@context":"https:\/\/schema.org","@graph":[{"@type":"WebPage","@id":"https:\/\/lahingupood.ee\/toode\/m-pro-gen2-chestrig-cr12-v2-taskuga-eedigi\/","url":"https:\/\/lahingupood.ee\/toode\/m-pro-gen2-chestrig-cr12-v2-taskuga-eedigi\/","name":"M-Pro Gen2 chestrig CR12-V2 taskuga, EEdigi - Lahingurada e-pood","isPartOf":{"@id":"https:\/\/lahingupood.ee\/#website"},"primaryImageOfPage":{"@id":"https:\/\/lahingupood.ee\/toode\/m-pro-gen2-chestrig-cr12-v2-taskuga-eedigi\/#primaryimage"},"image":{"@id":"https:\/\/lahingupood.ee\/toode\/m-pro-gen2-chestrig-cr12-v2-taskuga-eedigi\/#primaryimage"},"thumbnailUrl":"https:\/\/lahingupood.ee\/wp-content\/uploads\/2025\/03\/1-2.avif","datePublished":"2025-03-10T16:27:07+00:00","dateModified":"2025-03-18T10:22:19+00:00","description":"Matrix Protecti GEN2 laserl\u00f5igatud 12 realine Chestrig Gen2 V2 on hea alternatiiv vanematele versioonidele. Valmistatud tugevast Matrix Protecti poolt aren","breadcrumb":{"@id":"https:\/\/lahingupood.ee\/toode\/m-pro-gen2-chestrig-cr12-v2-taskuga-eedigi\/#breadcrumb"},"inLanguage":"en-GB","potentialAction":[{"@type":"ReadAction","target":["https:\/\/lahingupood.ee\/toode\/m-pro-gen2-chestrig-cr12-v2-taskuga-eedigi\/"]}]},{"@type":"ImageObject","inLanguage":"en-GB","@id":"https:\/\/lahingupood.ee\/toode\/m-pro-gen2-chestrig-cr12-v2-taskuga-eedigi\/#primaryimage","url":"https:\/\/lahingupood.ee\/wp-content\/uploads\/2025\/03\/1-2.avif","contentUrl":"https:\/\/lahingupood.ee\/wp-content\/uploads\/2025\/03\/1-2.avif","width":1080,"height":1080},{"@type":"BreadcrumbList","@id":"https:\/\/lahingupood.ee\/toode\/m-pro-gen2-chestrig-cr12-v2-taskuga-eedigi\/#breadcrumb","itemListElement":[{"@type":"ListItem","position":1,"name":"Home","item":"https:\/\/lahingupood.ee\/"},{"@type":"ListItem","position":2,"name":"Tooted","item":"https:\/\/lahingupood.ee\/tooted\/"},{"@type":"ListItem","position":3,"name":"M-Pro Gen2 chestrig CR12-V2 taskuga, EEdigi"}]},{"@type":"WebSite","@id":"https:\/\/lahingupood.ee\/#website","url":"https:\/\/lahingupood.ee\/","name":"Lahingurada e-pood","description":"Airsoft","publisher":{"@id":"https:\/\/lahingupood.ee\/#organization"},"potentialAction":[{"@type":"SearchAction","target":{"@type":"EntryPoint","urlTemplate":"https:\/\/lahingupood.ee\/?s={search_term_string}"},"query-input":{"@type":"PropertyValueSpecification","valueRequired":true,"valueName":"search_term_string"}}],"inLanguage":"en-GB"},{"@type":"Organization","@id":"https:\/\/lahingupood.ee\/#organization","name":"Lahingurada","url":"https:\/\/lahingupood.ee\/","logo":{"@type":"ImageObject","inLanguage":"en-GB","@id":"https:\/\/lahingupood.ee\/#\/schema\/logo\/image\/","url":"https:\/\/lahingupood.ee\/wp-content\/uploads\/2022\/03\/lahingurada-220318.jpg","contentUrl":"https:\/\/lahingupood.ee\/wp-content\/uploads\/2022\/03\/lahingurada-220318.jpg","width":800,"height":500,"caption":"Lahingurada"},"image":{"@id":"https:\/\/lahingupood.ee\/#\/schema\/logo\/image\/"},"sameAs":["https:\/\/www.facebook.com\/Lahingurada-629940247212967"]}]}},"_links":{"self":[{"href":"https:\/\/lahingupood.ee\/en\/wp-json\/wp\/v2\/product\/6219","targetHints":{"allow":["GET"]}}],"collection":[{"href":"https:\/\/lahingupood.ee\/en\/wp-json\/wp\/v2\/product"}],"about":[{"href":"https:\/\/lahingupood.ee\/en\/wp-json\/wp\/v2\/types\/product"}],"wp:featuredmedia":[{"embeddable":true,"href":"https:\/\/lahingupood.ee\/en\/wp-json\/wp\/v2\/media\/6220"}],"wp:attachment":[{"href":"https:\/\/lahingupood.ee\/en\/wp-json\/wp\/v2\/media?parent=6219"}],"wp:term":[{"taxonomy":"product_brand","embeddable":true,"href":"https:\/\/lahingupood.ee\/en\/wp-json\/wp\/v2\/product_brand?post=6219"},{"taxonomy":"product_cat","embeddable":true,"href":"https:\/\/lahingupood.ee\/en\/wp-json\/wp\/v2\/product_cat?post=6219"},{"taxonomy":"product_tag","embeddable":true,"href":"https:\/\/lahingupood.ee\/en\/wp-json\/wp\/v2\/product_tag?post=6219"}],"curies":[{"name":"wp","href":"https:\/\/api.w.org\/{rel}","templated":true}]}}