{"id":621,"date":"2022-04-13T16:19:58","date_gmt":"2022-04-13T13:19:58","guid":{"rendered":"https:\/\/lahingupood.ee\/?post_type=product&#038;p=621"},"modified":"2026-05-02T20:00:02","modified_gmt":"2026-05-02T17:00:02","slug":"tactical-beenie-shadowod","status":"publish","type":"product","link":"https:\/\/lahingupood.ee\/en\/product\/tactical-beenie-shadowod\/","title":{"rendered":"Tactical Beenie (Shadow) OD"},"content":{"rendered":"<p data-start=\"325\" data-end=\"589\">Tactical beanie Shadow OD on praktiline ja mugav taktikaline m\u00fcts, mis on loodud kasutamiseks k\u00fclmemates ilmastikutingimustes ning aktiivsetel v\u00e4litegevustel. Tegemist on lihtsa, kuid funktsionaalse peakattega, mis pakub soojust ja mugavust ilma liigse mahukuseta.<\/p>\n<p data-start=\"591\" data-end=\"816\">Tactical beanie Shadow OD sobib ideaalselt Airsoft m\u00e4ngijatele, militaarhuvilistele ja k\u00f5igile, kes viibivad palju \u00f5ues. Selle disain on loodud nii, et see istub tihedalt peas ning sobitub h\u00e4sti kiivri v\u00f5i muu varustuse alla.<\/p>","protected":false},"excerpt":{"rendered":"<p>Tactical beanie Shadow OD on praktiline ja mugav taktikaline m\u00fcts, mis on loodud kasutamiseks k\u00fclmemates ilmastikutingimustes ning aktiivsetel v\u00e4litegevustel. Tegemist on lihtsa, kuid funktsionaalse peakattega, mis pakub soojust ja mugavust ilma liigse mahukuseta. Tactical beanie Shadow OD sobib ideaalselt Airsoft m\u00e4ngijatele, militaarhuvilistele ja k\u00f5igile, kes viibivad palju \u00f5ues. Selle disain on loodud nii, et see [&#8230;]\n","protected":false},"featured_media":617,"template":"","meta":[],"product_brand":[],"product_cat":[35],"product_tag":[],"class_list":{"0":"post-621","1":"product","2":"type-product","3":"status-publish","4":"has-post-thumbnail","6":"product_cat-peakatted","8":"first","9":"instock","10":"taxable","11":"shipping-taxable","12":"purchasable","13":"product-type-simple"},"yoast_head":"<!-- This site is optimized with the Yoast SEO Premium plugin v27.5 (Yoast SEO v27.5) - https:\/\/yoast.com\/product\/yoast-seo-premium-wordpress\/ -->\n<title>Tactical Beanie Shadow OD \u2013 soe ja kerge taktikaline m\u00fcts<\/title>\n<meta name=\"description\" content=\"Tactical beanie Shadow OD on kerge ja soe taktikaline m\u00fcts, mis sobib Airsoft m\u00e4ngudeks ja v\u00e4litingimustes kasutamiseks.\" \/>\n<meta name=\"robots\" content=\"index, follow, max-snippet:-1, max-image-preview:large, max-video-preview:-1\" \/>\n<link rel=\"canonical\" href=\"https:\/\/lahingupood.ee\/en\/product\/tactical-beenie-shadowod\/\" \/>\n<meta property=\"og:locale\" content=\"en_GB\" \/>\n<meta property=\"og:type\" content=\"article\" \/>\n<meta property=\"og:title\" content=\"Tactical Beenie (Shadow) OD\" \/>\n<meta property=\"og:description\" content=\"Tactical beanie Shadow OD on kerge ja soe taktikaline m\u00fcts, mis sobib Airsoft m\u00e4ngudeks ja v\u00e4litingimustes kasutamiseks.\" \/>\n<meta property=\"og:url\" content=\"https:\/\/lahingupood.ee\/en\/product\/tactical-beenie-shadowod\/\" \/>\n<meta property=\"og:site_name\" content=\"Lahingurada e-pood\" \/>\n<meta property=\"article:publisher\" content=\"https:\/\/www.facebook.com\/Lahingurada-629940247212967\" \/>\n<meta property=\"article:modified_time\" content=\"2026-05-02T17:00:02+00:00\" \/>\n<meta property=\"og:image\" content=\"https:\/\/lahingupood.ee\/wp-content\/uploads\/2022\/04\/tactical_fleece-beanie-olive_0b830b08-0dc6-42fe-9de0-d41c9b08de0d_900x.jpg.webp\" \/>\n\t<meta property=\"og:image:width\" content=\"900\" \/>\n\t<meta property=\"og:image:height\" content=\"900\" \/>\n\t<meta property=\"og:image:type\" content=\"image\/webp\" \/>\n<meta name=\"twitter:card\" content=\"summary_large_image\" \/>\n<meta name=\"twitter:label1\" content=\"Estimated reading time\" \/>\n\t<meta name=\"twitter:data1\" content=\"1 minute\" \/>\n<script type=\"application\/ld+json\" class=\"yoast-schema-graph\">{\"@context\":\"https:\\\/\\\/schema.org\",\"@graph\":[{\"@type\":\"WebPage\",\"@id\":\"https:\\\/\\\/lahingupood.ee\\\/toode\\\/tactical-beenie-shadowod\\\/\",\"url\":\"https:\\\/\\\/lahingupood.ee\\\/toode\\\/tactical-beenie-shadowod\\\/\",\"name\":\"Tactical Beanie Shadow OD \u2013 soe ja kerge taktikaline m\u00fcts\",\"isPartOf\":{\"@id\":\"https:\\\/\\\/lahingupood.ee\\\/#website\"},\"primaryImageOfPage\":{\"@id\":\"https:\\\/\\\/lahingupood.ee\\\/toode\\\/tactical-beenie-shadowod\\\/#primaryimage\"},\"image\":{\"@id\":\"https:\\\/\\\/lahingupood.ee\\\/toode\\\/tactical-beenie-shadowod\\\/#primaryimage\"},\"thumbnailUrl\":\"https:\\\/\\\/lahingupood.ee\\\/wp-content\\\/uploads\\\/2022\\\/04\\\/tactical_fleece-beanie-olive_0b830b08-0dc6-42fe-9de0-d41c9b08de0d_900x.jpg.webp\",\"datePublished\":\"2022-04-13T13:19:58+00:00\",\"dateModified\":\"2026-05-02T17:00:02+00:00\",\"description\":\"Tactical beanie Shadow OD on kerge ja soe taktikaline m\u00fcts, mis sobib Airsoft m\u00e4ngudeks ja v\u00e4litingimustes kasutamiseks.\",\"breadcrumb\":{\"@id\":\"https:\\\/\\\/lahingupood.ee\\\/toode\\\/tactical-beenie-shadowod\\\/#breadcrumb\"},\"inLanguage\":\"en-GB\",\"potentialAction\":[{\"@type\":\"ReadAction\",\"target\":[\"https:\\\/\\\/lahingupood.ee\\\/toode\\\/tactical-beenie-shadowod\\\/\"]}]},{\"@type\":\"ImageObject\",\"inLanguage\":\"en-GB\",\"@id\":\"https:\\\/\\\/lahingupood.ee\\\/toode\\\/tactical-beenie-shadowod\\\/#primaryimage\",\"url\":\"https:\\\/\\\/lahingupood.ee\\\/wp-content\\\/uploads\\\/2022\\\/04\\\/tactical_fleece-beanie-olive_0b830b08-0dc6-42fe-9de0-d41c9b08de0d_900x.jpg.webp\",\"contentUrl\":\"https:\\\/\\\/lahingupood.ee\\\/wp-content\\\/uploads\\\/2022\\\/04\\\/tactical_fleece-beanie-olive_0b830b08-0dc6-42fe-9de0-d41c9b08de0d_900x.jpg.webp\",\"width\":900,\"height\":900,\"caption\":\"Tactical beanie Shadow OD taktikaline soe m\u00fcts Airsoft\"},{\"@type\":\"BreadcrumbList\",\"@id\":\"https:\\\/\\\/lahingupood.ee\\\/toode\\\/tactical-beenie-shadowod\\\/#breadcrumb\",\"itemListElement\":[{\"@type\":\"ListItem\",\"position\":1,\"name\":\"Home\",\"item\":\"https:\\\/\\\/lahingupood.ee\\\/\"},{\"@type\":\"ListItem\",\"position\":2,\"name\":\"Tooted\",\"item\":\"https:\\\/\\\/lahingupood.ee\\\/tooted\\\/\"},{\"@type\":\"ListItem\",\"position\":3,\"name\":\"Tactical Beenie (Shadow) OD\"}]},{\"@type\":\"WebSite\",\"@id\":\"https:\\\/\\\/lahingupood.ee\\\/#website\",\"url\":\"https:\\\/\\\/lahingupood.ee\\\/\",\"name\":\"Lahingurada e-pood\",\"description\":\"Airsoft\",\"publisher\":{\"@id\":\"https:\\\/\\\/lahingupood.ee\\\/#organization\"},\"potentialAction\":[{\"@type\":\"SearchAction\",\"target\":{\"@type\":\"EntryPoint\",\"urlTemplate\":\"https:\\\/\\\/lahingupood.ee\\\/?s={search_term_string}\"},\"query-input\":{\"@type\":\"PropertyValueSpecification\",\"valueRequired\":true,\"valueName\":\"search_term_string\"}}],\"inLanguage\":\"en-GB\"},{\"@type\":\"Organization\",\"@id\":\"https:\\\/\\\/lahingupood.ee\\\/#organization\",\"name\":\"Lahingurada\",\"url\":\"https:\\\/\\\/lahingupood.ee\\\/\",\"logo\":{\"@type\":\"ImageObject\",\"inLanguage\":\"en-GB\",\"@id\":\"https:\\\/\\\/lahingupood.ee\\\/#\\\/schema\\\/logo\\\/image\\\/\",\"url\":\"https:\\\/\\\/lahingupood.ee\\\/wp-content\\\/uploads\\\/2022\\\/03\\\/lahingurada-220318.jpg\",\"contentUrl\":\"https:\\\/\\\/lahingupood.ee\\\/wp-content\\\/uploads\\\/2022\\\/03\\\/lahingurada-220318.jpg\",\"width\":800,\"height\":500,\"caption\":\"Lahingurada\"},\"image\":{\"@id\":\"https:\\\/\\\/lahingupood.ee\\\/#\\\/schema\\\/logo\\\/image\\\/\"},\"sameAs\":[\"https:\\\/\\\/www.facebook.com\\\/Lahingurada-629940247212967\"]}]}<\/script>\n<!-- \/ Yoast SEO Premium plugin. -->","yoast_head_json":{"title":"Tactical Beanie Shadow OD \u2013 soe ja kerge taktikaline m\u00fcts","description":"Tactical beanie Shadow OD on kerge ja soe taktikaline m\u00fcts, mis sobib Airsoft m\u00e4ngudeks ja v\u00e4litingimustes kasutamiseks.","robots":{"index":"index","follow":"follow","max-snippet":"max-snippet:-1","max-image-preview":"max-image-preview:large","max-video-preview":"max-video-preview:-1"},"canonical":"https:\/\/lahingupood.ee\/en\/product\/tactical-beenie-shadowod\/","og_locale":"en_GB","og_type":"article","og_title":"Tactical Beenie (Shadow) OD","og_description":"Tactical beanie Shadow OD on kerge ja soe taktikaline m\u00fcts, mis sobib Airsoft m\u00e4ngudeks ja v\u00e4litingimustes kasutamiseks.","og_url":"https:\/\/lahingupood.ee\/en\/product\/tactical-beenie-shadowod\/","og_site_name":"Lahingurada e-pood","article_publisher":"https:\/\/www.facebook.com\/Lahingurada-629940247212967","article_modified_time":"2026-05-02T17:00:02+00:00","og_image":[{"width":900,"height":900,"url":"https:\/\/lahingupood.ee\/wp-content\/uploads\/2022\/04\/tactical_fleece-beanie-olive_0b830b08-0dc6-42fe-9de0-d41c9b08de0d_900x.jpg.webp","type":"image\/webp"}],"twitter_card":"summary_large_image","twitter_misc":{"Estimated reading time":"1 minute"},"schema":{"@context":"https:\/\/schema.org","@graph":[{"@type":"WebPage","@id":"https:\/\/lahingupood.ee\/toode\/tactical-beenie-shadowod\/","url":"https:\/\/lahingupood.ee\/toode\/tactical-beenie-shadowod\/","name":"Tactical Beanie Shadow OD \u2013 soe ja kerge taktikaline m\u00fcts","isPartOf":{"@id":"https:\/\/lahingupood.ee\/#website"},"primaryImageOfPage":{"@id":"https:\/\/lahingupood.ee\/toode\/tactical-beenie-shadowod\/#primaryimage"},"image":{"@id":"https:\/\/lahingupood.ee\/toode\/tactical-beenie-shadowod\/#primaryimage"},"thumbnailUrl":"https:\/\/lahingupood.ee\/wp-content\/uploads\/2022\/04\/tactical_fleece-beanie-olive_0b830b08-0dc6-42fe-9de0-d41c9b08de0d_900x.jpg.webp","datePublished":"2022-04-13T13:19:58+00:00","dateModified":"2026-05-02T17:00:02+00:00","description":"Tactical beanie Shadow OD on kerge ja soe taktikaline m\u00fcts, mis sobib Airsoft m\u00e4ngudeks ja v\u00e4litingimustes kasutamiseks.","breadcrumb":{"@id":"https:\/\/lahingupood.ee\/toode\/tactical-beenie-shadowod\/#breadcrumb"},"inLanguage":"en-GB","potentialAction":[{"@type":"ReadAction","target":["https:\/\/lahingupood.ee\/toode\/tactical-beenie-shadowod\/"]}]},{"@type":"ImageObject","inLanguage":"en-GB","@id":"https:\/\/lahingupood.ee\/toode\/tactical-beenie-shadowod\/#primaryimage","url":"https:\/\/lahingupood.ee\/wp-content\/uploads\/2022\/04\/tactical_fleece-beanie-olive_0b830b08-0dc6-42fe-9de0-d41c9b08de0d_900x.jpg.webp","contentUrl":"https:\/\/lahingupood.ee\/wp-content\/uploads\/2022\/04\/tactical_fleece-beanie-olive_0b830b08-0dc6-42fe-9de0-d41c9b08de0d_900x.jpg.webp","width":900,"height":900,"caption":"Tactical beanie Shadow OD taktikaline soe m\u00fcts Airsoft"},{"@type":"BreadcrumbList","@id":"https:\/\/lahingupood.ee\/toode\/tactical-beenie-shadowod\/#breadcrumb","itemListElement":[{"@type":"ListItem","position":1,"name":"Home","item":"https:\/\/lahingupood.ee\/"},{"@type":"ListItem","position":2,"name":"Tooted","item":"https:\/\/lahingupood.ee\/tooted\/"},{"@type":"ListItem","position":3,"name":"Tactical Beenie (Shadow) OD"}]},{"@type":"WebSite","@id":"https:\/\/lahingupood.ee\/#website","url":"https:\/\/lahingupood.ee\/","name":"Lahingurada e-pood","description":"Airsoft","publisher":{"@id":"https:\/\/lahingupood.ee\/#organization"},"potentialAction":[{"@type":"SearchAction","target":{"@type":"EntryPoint","urlTemplate":"https:\/\/lahingupood.ee\/?s={search_term_string}"},"query-input":{"@type":"PropertyValueSpecification","valueRequired":true,"valueName":"search_term_string"}}],"inLanguage":"en-GB"},{"@type":"Organization","@id":"https:\/\/lahingupood.ee\/#organization","name":"Lahingurada","url":"https:\/\/lahingupood.ee\/","logo":{"@type":"ImageObject","inLanguage":"en-GB","@id":"https:\/\/lahingupood.ee\/#\/schema\/logo\/image\/","url":"https:\/\/lahingupood.ee\/wp-content\/uploads\/2022\/03\/lahingurada-220318.jpg","contentUrl":"https:\/\/lahingupood.ee\/wp-content\/uploads\/2022\/03\/lahingurada-220318.jpg","width":800,"height":500,"caption":"Lahingurada"},"image":{"@id":"https:\/\/lahingupood.ee\/#\/schema\/logo\/image\/"},"sameAs":["https:\/\/www.facebook.com\/Lahingurada-629940247212967"]}]}},"_links":{"self":[{"href":"https:\/\/lahingupood.ee\/en\/wp-json\/wp\/v2\/product\/621","targetHints":{"allow":["GET"]}}],"collection":[{"href":"https:\/\/lahingupood.ee\/en\/wp-json\/wp\/v2\/product"}],"about":[{"href":"https:\/\/lahingupood.ee\/en\/wp-json\/wp\/v2\/types\/product"}],"wp:featuredmedia":[{"embeddable":true,"href":"https:\/\/lahingupood.ee\/en\/wp-json\/wp\/v2\/media\/617"}],"wp:attachment":[{"href":"https:\/\/lahingupood.ee\/en\/wp-json\/wp\/v2\/media?parent=621"}],"wp:term":[{"taxonomy":"product_brand","embeddable":true,"href":"https:\/\/lahingupood.ee\/en\/wp-json\/wp\/v2\/product_brand?post=621"},{"taxonomy":"product_cat","embeddable":true,"href":"https:\/\/lahingupood.ee\/en\/wp-json\/wp\/v2\/product_cat?post=621"},{"taxonomy":"product_tag","embeddable":true,"href":"https:\/\/lahingupood.ee\/en\/wp-json\/wp\/v2\/product_tag?post=621"}],"curies":[{"name":"wp","href":"https:\/\/api.w.org\/{rel}","templated":true}]}}