{"id":6199,"date":"2025-03-10T18:11:47","date_gmt":"2025-03-10T16:11:47","guid":{"rendered":"https:\/\/lahingupood.ee\/?post_type=product&#038;p=6199"},"modified":"2025-03-18T12:24:03","modified_gmt":"2025-03-18T10:24:03","slug":"m-pro-gen2-chestrig-cr14-v3-g-hook-eedigi","status":"publish","type":"product","link":"https:\/\/lahingupood.ee\/en\/product\/m-pro-gen2-chestrig-cr14-v3-g-hook-eedigi\/","title":{"rendered":"M-Pro Gen2 chestrig CR14-V3 G-hook, EEdigi"},"content":{"rendered":"<p>Matrix Protecti GEN2 laserl\u00f5igatud 14 realine Chestrig Gen2 V3 on hea alternatiiv vanematele versioonidele. See chestrigi mudel erineb teistest selle poolest, et koosneb kahest 7 Molle laiusest paneelist, mida saab keskelt \u00fchendada G hookidega v\u00f5i pistikpannaldega. Valmistatud tugevast Matrix Protecti poolt arendatud lamineeritud kangast. Chestrigile saab kinnitada MOLLE s\u00fcsteemi abil erinevat varustust. Chestrigi saab kasutada koos Matrix Protecti erinevate traksidega iseseisvalt v\u00f5i kinnitada spetsiaalsete klambrite abil ka plaadikandja k\u00fclge. Lisaks on Chestrigi sisepinnal takjariidest kate, kuhu saab mahutada vajalikku varustust. Komplekti kuuluvad G-hookid. Lisaks sobib see Chestrig h\u00e4sti kokku joogikoti aluspaneeliga.<\/p>\n<p>Materjaliks on Matrix Protecti laminaatkangas, mille pealmiseks kihiks on FOXDURA 500 IRR.<\/p>\n<p>Kinnituss\u00fcsteem \u2013 Kinnitud trakside k\u00fclge plastist pannaldega. Traksid komplekti ei kuulu.V\u00f5imalik valida erinevaid trakse ja kandes\u00fcsteeme.<\/p>","protected":false},"excerpt":{"rendered":"<p>Matrix Protecti GEN2 laserl\u00f5igatud 14 realine Chestrig Gen2 V3 on hea alternatiiv vanematele versioonidele. See chestrigi mudel erineb teistest selle poolest, et koosneb kahest 7 Molle laiusest paneelist, mida saab keskelt \u00fchendada G hookidega v\u00f5i pistikpannaldega. Valmistatud tugevast Matrix Protecti poolt arendatud lamineeritud kangast. Chestrigile saab kinnitada MOLLE s\u00fcsteemi abil erinevat varustust. Chestrigi saab kasutada [&#8230;]\n","protected":false},"featured_media":6200,"template":"","meta":[],"product_brand":[],"product_cat":[207],"product_tag":[],"class_list":{"0":"post-6199","1":"product","2":"type-product","3":"status-publish","4":"has-post-thumbnail","6":"product_cat-chestrigid","8":"first","9":"onbackorder","10":"taxable","11":"shipping-taxable","12":"purchasable","13":"product-type-simple"},"yoast_head":"<!-- This site is optimized with the Yoast SEO Premium plugin v27.3 (Yoast SEO v27.3) - https:\/\/yoast.com\/product\/yoast-seo-premium-wordpress\/ -->\n<title>M-Pro Gen2 chestrig CR14-V3 G-hook, EEdigi - Lahingurada e-pood<\/title>\n<meta name=\"description\" content=\"Matrix Protecti GEN2 laserl\u00f5igatud 14 realine Chestrig Gen2 V3 on hea alternatiiv vanematele versioonidele. See chestrigi mudel erineb teistest selle poole\" \/>\n<meta name=\"robots\" content=\"index, follow, max-snippet:-1, max-image-preview:large, max-video-preview:-1\" \/>\n<link rel=\"canonical\" href=\"https:\/\/lahingupood.ee\/en\/product\/m-pro-gen2-chestrig-cr14-v3-g-hook-eedigi\/\" \/>\n<meta property=\"og:locale\" content=\"en_GB\" \/>\n<meta property=\"og:type\" content=\"article\" \/>\n<meta property=\"og:title\" content=\"M-Pro Gen2 chestrig CR14-V3 G-hook, EEdigi\" \/>\n<meta property=\"og:description\" content=\"Matrix Protecti GEN2 laserl\u00f5igatud 14 realine Chestrig Gen2 V3 on hea alternatiiv vanematele versioonidele. See chestrigi mudel erineb teistest selle poole\" \/>\n<meta property=\"og:url\" content=\"https:\/\/lahingupood.ee\/en\/product\/m-pro-gen2-chestrig-cr14-v3-g-hook-eedigi\/\" \/>\n<meta property=\"og:site_name\" content=\"Lahingurada e-pood\" \/>\n<meta property=\"article:publisher\" content=\"https:\/\/www.facebook.com\/Lahingurada-629940247212967\" \/>\n<meta property=\"article:modified_time\" content=\"2025-03-18T10:24:03+00:00\" \/>\n<meta property=\"og:image\" content=\"https:\/\/lahingupood.ee\/wp-content\/uploads\/2022\/03\/lahingurada-220318.jpg\" \/>\n\t<meta property=\"og:image:width\" content=\"800\" \/>\n\t<meta property=\"og:image:height\" content=\"500\" \/>\n\t<meta property=\"og:image:type\" content=\"image\/jpeg\" \/>\n<meta name=\"twitter:card\" content=\"summary_large_image\" \/>\n<meta name=\"twitter:label1\" content=\"Estimated reading time\" \/>\n\t<meta name=\"twitter:data1\" content=\"1 minute\" \/>\n<script type=\"application\/ld+json\" class=\"yoast-schema-graph\">{\"@context\":\"https:\\\/\\\/schema.org\",\"@graph\":[{\"@type\":\"WebPage\",\"@id\":\"https:\\\/\\\/lahingupood.ee\\\/toode\\\/m-pro-gen2-chestrig-cr14-v3-g-hook-eedigi\\\/\",\"url\":\"https:\\\/\\\/lahingupood.ee\\\/toode\\\/m-pro-gen2-chestrig-cr14-v3-g-hook-eedigi\\\/\",\"name\":\"M-Pro Gen2 chestrig CR14-V3 G-hook, EEdigi - Lahingurada e-pood\",\"isPartOf\":{\"@id\":\"https:\\\/\\\/lahingupood.ee\\\/#website\"},\"primaryImageOfPage\":{\"@id\":\"https:\\\/\\\/lahingupood.ee\\\/toode\\\/m-pro-gen2-chestrig-cr14-v3-g-hook-eedigi\\\/#primaryimage\"},\"image\":{\"@id\":\"https:\\\/\\\/lahingupood.ee\\\/toode\\\/m-pro-gen2-chestrig-cr14-v3-g-hook-eedigi\\\/#primaryimage\"},\"thumbnailUrl\":\"https:\\\/\\\/lahingupood.ee\\\/wp-content\\\/uploads\\\/2025\\\/03\\\/1.avif\",\"datePublished\":\"2025-03-10T16:11:47+00:00\",\"dateModified\":\"2025-03-18T10:24:03+00:00\",\"description\":\"Matrix Protecti GEN2 laserl\u00f5igatud 14 realine Chestrig Gen2 V3 on hea alternatiiv vanematele versioonidele. See chestrigi mudel erineb teistest selle poole\",\"breadcrumb\":{\"@id\":\"https:\\\/\\\/lahingupood.ee\\\/toode\\\/m-pro-gen2-chestrig-cr14-v3-g-hook-eedigi\\\/#breadcrumb\"},\"inLanguage\":\"en-GB\",\"potentialAction\":[{\"@type\":\"ReadAction\",\"target\":[\"https:\\\/\\\/lahingupood.ee\\\/toode\\\/m-pro-gen2-chestrig-cr14-v3-g-hook-eedigi\\\/\"]}]},{\"@type\":\"ImageObject\",\"inLanguage\":\"en-GB\",\"@id\":\"https:\\\/\\\/lahingupood.ee\\\/toode\\\/m-pro-gen2-chestrig-cr14-v3-g-hook-eedigi\\\/#primaryimage\",\"url\":\"https:\\\/\\\/lahingupood.ee\\\/wp-content\\\/uploads\\\/2025\\\/03\\\/1.avif\",\"contentUrl\":\"https:\\\/\\\/lahingupood.ee\\\/wp-content\\\/uploads\\\/2025\\\/03\\\/1.avif\",\"width\":1080,\"height\":1080},{\"@type\":\"BreadcrumbList\",\"@id\":\"https:\\\/\\\/lahingupood.ee\\\/toode\\\/m-pro-gen2-chestrig-cr14-v3-g-hook-eedigi\\\/#breadcrumb\",\"itemListElement\":[{\"@type\":\"ListItem\",\"position\":1,\"name\":\"Home\",\"item\":\"https:\\\/\\\/lahingupood.ee\\\/\"},{\"@type\":\"ListItem\",\"position\":2,\"name\":\"Tooted\",\"item\":\"https:\\\/\\\/lahingupood.ee\\\/tooted\\\/\"},{\"@type\":\"ListItem\",\"position\":3,\"name\":\"M-Pro Gen2 chestrig CR14-V3 G-hook, EEdigi\"}]},{\"@type\":\"WebSite\",\"@id\":\"https:\\\/\\\/lahingupood.ee\\\/#website\",\"url\":\"https:\\\/\\\/lahingupood.ee\\\/\",\"name\":\"Lahingurada e-pood\",\"description\":\"Airsoft\",\"publisher\":{\"@id\":\"https:\\\/\\\/lahingupood.ee\\\/#organization\"},\"potentialAction\":[{\"@type\":\"SearchAction\",\"target\":{\"@type\":\"EntryPoint\",\"urlTemplate\":\"https:\\\/\\\/lahingupood.ee\\\/?s={search_term_string}\"},\"query-input\":{\"@type\":\"PropertyValueSpecification\",\"valueRequired\":true,\"valueName\":\"search_term_string\"}}],\"inLanguage\":\"en-GB\"},{\"@type\":\"Organization\",\"@id\":\"https:\\\/\\\/lahingupood.ee\\\/#organization\",\"name\":\"Lahingurada\",\"url\":\"https:\\\/\\\/lahingupood.ee\\\/\",\"logo\":{\"@type\":\"ImageObject\",\"inLanguage\":\"en-GB\",\"@id\":\"https:\\\/\\\/lahingupood.ee\\\/#\\\/schema\\\/logo\\\/image\\\/\",\"url\":\"https:\\\/\\\/lahingupood.ee\\\/wp-content\\\/uploads\\\/2022\\\/03\\\/lahingurada-220318.jpg\",\"contentUrl\":\"https:\\\/\\\/lahingupood.ee\\\/wp-content\\\/uploads\\\/2022\\\/03\\\/lahingurada-220318.jpg\",\"width\":800,\"height\":500,\"caption\":\"Lahingurada\"},\"image\":{\"@id\":\"https:\\\/\\\/lahingupood.ee\\\/#\\\/schema\\\/logo\\\/image\\\/\"},\"sameAs\":[\"https:\\\/\\\/www.facebook.com\\\/Lahingurada-629940247212967\"]}]}<\/script>\n<!-- \/ Yoast SEO Premium plugin. -->","yoast_head_json":{"title":"M-Pro Gen2 chestrig CR14-V3 G-hook, EEdigi - Lahingurada e-pood","description":"Matrix Protecti GEN2 laserl\u00f5igatud 14 realine Chestrig Gen2 V3 on hea alternatiiv vanematele versioonidele. See chestrigi mudel erineb teistest selle poole","robots":{"index":"index","follow":"follow","max-snippet":"max-snippet:-1","max-image-preview":"max-image-preview:large","max-video-preview":"max-video-preview:-1"},"canonical":"https:\/\/lahingupood.ee\/en\/product\/m-pro-gen2-chestrig-cr14-v3-g-hook-eedigi\/","og_locale":"en_GB","og_type":"article","og_title":"M-Pro Gen2 chestrig CR14-V3 G-hook, EEdigi","og_description":"Matrix Protecti GEN2 laserl\u00f5igatud 14 realine Chestrig Gen2 V3 on hea alternatiiv vanematele versioonidele. See chestrigi mudel erineb teistest selle poole","og_url":"https:\/\/lahingupood.ee\/en\/product\/m-pro-gen2-chestrig-cr14-v3-g-hook-eedigi\/","og_site_name":"Lahingurada e-pood","article_publisher":"https:\/\/www.facebook.com\/Lahingurada-629940247212967","article_modified_time":"2025-03-18T10:24:03+00:00","og_image":[{"width":800,"height":500,"url":"https:\/\/lahingupood.ee\/wp-content\/uploads\/2022\/03\/lahingurada-220318.jpg","type":"image\/jpeg"}],"twitter_card":"summary_large_image","twitter_misc":{"Estimated reading time":"1 minute"},"schema":{"@context":"https:\/\/schema.org","@graph":[{"@type":"WebPage","@id":"https:\/\/lahingupood.ee\/toode\/m-pro-gen2-chestrig-cr14-v3-g-hook-eedigi\/","url":"https:\/\/lahingupood.ee\/toode\/m-pro-gen2-chestrig-cr14-v3-g-hook-eedigi\/","name":"M-Pro Gen2 chestrig CR14-V3 G-hook, EEdigi - Lahingurada e-pood","isPartOf":{"@id":"https:\/\/lahingupood.ee\/#website"},"primaryImageOfPage":{"@id":"https:\/\/lahingupood.ee\/toode\/m-pro-gen2-chestrig-cr14-v3-g-hook-eedigi\/#primaryimage"},"image":{"@id":"https:\/\/lahingupood.ee\/toode\/m-pro-gen2-chestrig-cr14-v3-g-hook-eedigi\/#primaryimage"},"thumbnailUrl":"https:\/\/lahingupood.ee\/wp-content\/uploads\/2025\/03\/1.avif","datePublished":"2025-03-10T16:11:47+00:00","dateModified":"2025-03-18T10:24:03+00:00","description":"Matrix Protecti GEN2 laserl\u00f5igatud 14 realine Chestrig Gen2 V3 on hea alternatiiv vanematele versioonidele. See chestrigi mudel erineb teistest selle poole","breadcrumb":{"@id":"https:\/\/lahingupood.ee\/toode\/m-pro-gen2-chestrig-cr14-v3-g-hook-eedigi\/#breadcrumb"},"inLanguage":"en-GB","potentialAction":[{"@type":"ReadAction","target":["https:\/\/lahingupood.ee\/toode\/m-pro-gen2-chestrig-cr14-v3-g-hook-eedigi\/"]}]},{"@type":"ImageObject","inLanguage":"en-GB","@id":"https:\/\/lahingupood.ee\/toode\/m-pro-gen2-chestrig-cr14-v3-g-hook-eedigi\/#primaryimage","url":"https:\/\/lahingupood.ee\/wp-content\/uploads\/2025\/03\/1.avif","contentUrl":"https:\/\/lahingupood.ee\/wp-content\/uploads\/2025\/03\/1.avif","width":1080,"height":1080},{"@type":"BreadcrumbList","@id":"https:\/\/lahingupood.ee\/toode\/m-pro-gen2-chestrig-cr14-v3-g-hook-eedigi\/#breadcrumb","itemListElement":[{"@type":"ListItem","position":1,"name":"Home","item":"https:\/\/lahingupood.ee\/"},{"@type":"ListItem","position":2,"name":"Tooted","item":"https:\/\/lahingupood.ee\/tooted\/"},{"@type":"ListItem","position":3,"name":"M-Pro Gen2 chestrig CR14-V3 G-hook, EEdigi"}]},{"@type":"WebSite","@id":"https:\/\/lahingupood.ee\/#website","url":"https:\/\/lahingupood.ee\/","name":"Lahingurada e-pood","description":"Airsoft","publisher":{"@id":"https:\/\/lahingupood.ee\/#organization"},"potentialAction":[{"@type":"SearchAction","target":{"@type":"EntryPoint","urlTemplate":"https:\/\/lahingupood.ee\/?s={search_term_string}"},"query-input":{"@type":"PropertyValueSpecification","valueRequired":true,"valueName":"search_term_string"}}],"inLanguage":"en-GB"},{"@type":"Organization","@id":"https:\/\/lahingupood.ee\/#organization","name":"Lahingurada","url":"https:\/\/lahingupood.ee\/","logo":{"@type":"ImageObject","inLanguage":"en-GB","@id":"https:\/\/lahingupood.ee\/#\/schema\/logo\/image\/","url":"https:\/\/lahingupood.ee\/wp-content\/uploads\/2022\/03\/lahingurada-220318.jpg","contentUrl":"https:\/\/lahingupood.ee\/wp-content\/uploads\/2022\/03\/lahingurada-220318.jpg","width":800,"height":500,"caption":"Lahingurada"},"image":{"@id":"https:\/\/lahingupood.ee\/#\/schema\/logo\/image\/"},"sameAs":["https:\/\/www.facebook.com\/Lahingurada-629940247212967"]}]}},"_links":{"self":[{"href":"https:\/\/lahingupood.ee\/en\/wp-json\/wp\/v2\/product\/6199","targetHints":{"allow":["GET"]}}],"collection":[{"href":"https:\/\/lahingupood.ee\/en\/wp-json\/wp\/v2\/product"}],"about":[{"href":"https:\/\/lahingupood.ee\/en\/wp-json\/wp\/v2\/types\/product"}],"wp:featuredmedia":[{"embeddable":true,"href":"https:\/\/lahingupood.ee\/en\/wp-json\/wp\/v2\/media\/6200"}],"wp:attachment":[{"href":"https:\/\/lahingupood.ee\/en\/wp-json\/wp\/v2\/media?parent=6199"}],"wp:term":[{"taxonomy":"product_brand","embeddable":true,"href":"https:\/\/lahingupood.ee\/en\/wp-json\/wp\/v2\/product_brand?post=6199"},{"taxonomy":"product_cat","embeddable":true,"href":"https:\/\/lahingupood.ee\/en\/wp-json\/wp\/v2\/product_cat?post=6199"},{"taxonomy":"product_tag","embeddable":true,"href":"https:\/\/lahingupood.ee\/en\/wp-json\/wp\/v2\/product_tag?post=6199"}],"curies":[{"name":"wp","href":"https:\/\/api.w.org\/{rel}","templated":true}]}}