{"id":6183,"date":"2025-03-10T18:07:38","date_gmt":"2025-03-10T16:07:38","guid":{"rendered":"https:\/\/lahingupood.ee\/?post_type=product&#038;p=6183"},"modified":"2025-03-18T12:25:29","modified_gmt":"2025-03-18T10:25:29","slug":"matrix-protecti-cummerbund-v5-roc-80-kiirkinnitusega-ja-taiendava-takjakinnitusega-ee-digi","status":"publish","type":"product","link":"https:\/\/lahingupood.ee\/en\/product\/matrix-protecti-cummerbund-v5-roc-80-kiirkinnitusega-ja-taiendava-takjakinnitusega-ee-digi\/","title":{"rendered":"Matrix Protecti Cummerbund V5 ROC 80 kiirkinnitusega ja t\u00e4iendava takjakinnitusega, EE digi"},"content":{"rendered":"<p>Matrix Protecti cummerbund V5, edasiarendatud takjakinnituse ja ROC 80 kiirkinnitusega ja takjapaneeliga.<\/p>\n<p>Matrix Protecti plaadikandjatel saab kasutada erinevaid nn. cummerbunde ehk plaadikandja kinnitusv\u00f6\u00f6s\u00fcsteeme.<\/p>\n<p>Cummerbund V5 on hea ja efektiivne tootelahendus nendele, kellele ei sobi pidev takjas\u00fcsteemi lahtirebimine ja kinnitamine. Lisaks on Roc 80\u00a0 kinnituskohale ka integreeritud kokkuvolditud takjapaneel, mida saab kasutada olukorras kui ROC 80 ei saa mingil p\u00f5hjusel kasutada ning on m\u00f5istlik kasutada takjakinnist.\u00a0 ROC 80 kiirkinnituspandlaid saab avada v\u00e4lkkiirelt, t\u00f5mmates kindla j\u00f5uga pandla k\u00fclge kinnitatud aasast. Samuti on ROC 80 pandla kinnitamine lihtne ja mugav. Mitmed maailma tuntuimad tootjad kasutavadki seet\u00f5ttu Itaalia br\u00e4ndi 2M ROC seeria pandlaid, mis on muutunud \u00fcheks peamiseks kiirkinnituss\u00fcsteemide standardiks.<\/p>\n<p>Cummerbund V5 sobib nendele Matrix Protecti plaadikandjatele, kus kasutatakse esipaneelil kas takjakinnitust v\u00f5i ROC 80 kiirpandlaid ning seljapaneelil kummin\u00f6\u00f6ri fikseerimiss\u00fcsteeme.<\/p>\n<p>Seda mudelit saab kasutada ka Eesti Kaitsev\u00e4es kasutuses olevatel kolm-\u00fches s\u00fcsteemi plaadikandjatel ning mitmete teiste plaadikandjate tootjate plaadikandjatel.<\/p>\n<p>Soovi korral saab meilt hankida ka ainult cummerbundi takjaga osa v\u00f5i MOLLE paeltega osa.<\/p>\n<p>Matrix Protect pakub cummerbundi V5 erinevates m\u00f5\u00f5tudes XS st kuni XXL ni.<\/p>\n<p>Komplekti kuulub 4 osa ehk kaks takjaga ja pandlaga paneeli ja kaks pandla ja MOLLEGA paneeli.<\/p>","protected":false},"excerpt":{"rendered":"<p>Matrix Protecti cummerbund V5, edasiarendatud takjakinnituse ja ROC 80 kiirkinnitusega ja takjapaneeliga. Matrix Protecti plaadikandjatel saab kasutada erinevaid nn. cummerbunde ehk plaadikandja kinnitusv\u00f6\u00f6s\u00fcsteeme. Cummerbund V5 on hea ja efektiivne tootelahendus nendele, kellele ei sobi pidev takjas\u00fcsteemi lahtirebimine ja kinnitamine. Lisaks on Roc 80\u00a0 kinnituskohale ka integreeritud kokkuvolditud takjapaneel, mida saab kasutada olukorras kui ROC 80 [&#8230;]\n","protected":false},"featured_media":6184,"template":"","meta":[],"product_brand":[],"product_cat":[206],"product_tag":[],"class_list":{"0":"post-6183","1":"product","2":"type-product","3":"status-publish","4":"has-post-thumbnail","6":"product_cat-cummerbundid","8":"first","9":"onbackorder","10":"taxable","11":"shipping-taxable","12":"purchasable","13":"product-type-simple"},"yoast_head":"<!-- This site is optimized with the Yoast SEO Premium plugin v27.3 (Yoast SEO v27.3) - https:\/\/yoast.com\/product\/yoast-seo-premium-wordpress\/ -->\n<title>Matrix Protecti Cummerbund V5 ROC 80 kiirkinnitusega ja t\u00e4iendava takjakinnitusega, EE digi - Lahingurada e-pood<\/title>\n<meta name=\"description\" content=\"Matrix Protecti cummerbund V5, edasiarendatud takjakinnituse ja ROC 80 kiirkinnitusega ja takjapaneeliga.Matrix Protecti plaadikandjatel saab kasutada erine\" \/>\n<meta name=\"robots\" content=\"index, follow, max-snippet:-1, max-image-preview:large, max-video-preview:-1\" \/>\n<link rel=\"canonical\" href=\"https:\/\/lahingupood.ee\/en\/product\/matrix-protecti-cummerbund-v5-roc-80-kiirkinnitusega-ja-taiendava-takjakinnitusega-ee-digi\/\" \/>\n<meta property=\"og:locale\" content=\"en_GB\" \/>\n<meta property=\"og:type\" content=\"article\" \/>\n<meta property=\"og:title\" content=\"Matrix Protecti Cummerbund V5 ROC 80 kiirkinnitusega ja t\u00e4iendava takjakinnitusega, EE digi\" \/>\n<meta property=\"og:description\" content=\"Matrix Protecti cummerbund V5, edasiarendatud takjakinnituse ja ROC 80 kiirkinnitusega ja takjapaneeliga.Matrix Protecti plaadikandjatel saab kasutada erine\" \/>\n<meta property=\"og:url\" content=\"https:\/\/lahingupood.ee\/en\/product\/matrix-protecti-cummerbund-v5-roc-80-kiirkinnitusega-ja-taiendava-takjakinnitusega-ee-digi\/\" \/>\n<meta property=\"og:site_name\" content=\"Lahingurada e-pood\" \/>\n<meta property=\"article:publisher\" content=\"https:\/\/www.facebook.com\/Lahingurada-629940247212967\" \/>\n<meta property=\"article:modified_time\" content=\"2025-03-18T10:25:29+00:00\" \/>\n<meta property=\"og:image\" content=\"https:\/\/lahingupood.ee\/wp-content\/uploads\/2022\/03\/lahingurada-220318.jpg\" \/>\n\t<meta property=\"og:image:width\" content=\"800\" \/>\n\t<meta property=\"og:image:height\" content=\"500\" \/>\n\t<meta property=\"og:image:type\" content=\"image\/jpeg\" \/>\n<meta name=\"twitter:card\" content=\"summary_large_image\" \/>\n<meta name=\"twitter:label1\" content=\"Estimated reading time\" \/>\n\t<meta name=\"twitter:data1\" content=\"2 minutes\" \/>\n<script type=\"application\/ld+json\" class=\"yoast-schema-graph\">{\"@context\":\"https:\\\/\\\/schema.org\",\"@graph\":[{\"@type\":\"WebPage\",\"@id\":\"https:\\\/\\\/lahingupood.ee\\\/toode\\\/matrix-protecti-cummerbund-v5-roc-80-kiirkinnitusega-ja-taiendava-takjakinnitusega-ee-digi\\\/\",\"url\":\"https:\\\/\\\/lahingupood.ee\\\/toode\\\/matrix-protecti-cummerbund-v5-roc-80-kiirkinnitusega-ja-taiendava-takjakinnitusega-ee-digi\\\/\",\"name\":\"Matrix Protecti Cummerbund V5 ROC 80 kiirkinnitusega ja t\u00e4iendava takjakinnitusega, EE digi - Lahingurada e-pood\",\"isPartOf\":{\"@id\":\"https:\\\/\\\/lahingupood.ee\\\/#website\"},\"primaryImageOfPage\":{\"@id\":\"https:\\\/\\\/lahingupood.ee\\\/toode\\\/matrix-protecti-cummerbund-v5-roc-80-kiirkinnitusega-ja-taiendava-takjakinnitusega-ee-digi\\\/#primaryimage\"},\"image\":{\"@id\":\"https:\\\/\\\/lahingupood.ee\\\/toode\\\/matrix-protecti-cummerbund-v5-roc-80-kiirkinnitusega-ja-taiendava-takjakinnitusega-ee-digi\\\/#primaryimage\"},\"thumbnailUrl\":\"https:\\\/\\\/lahingupood.ee\\\/wp-content\\\/uploads\\\/2025\\\/03\\\/tasku-29.avif\",\"datePublished\":\"2025-03-10T16:07:38+00:00\",\"dateModified\":\"2025-03-18T10:25:29+00:00\",\"description\":\"Matrix Protecti cummerbund V5, edasiarendatud takjakinnituse ja ROC 80 kiirkinnitusega ja takjapaneeliga.Matrix Protecti plaadikandjatel saab kasutada erine\",\"breadcrumb\":{\"@id\":\"https:\\\/\\\/lahingupood.ee\\\/toode\\\/matrix-protecti-cummerbund-v5-roc-80-kiirkinnitusega-ja-taiendava-takjakinnitusega-ee-digi\\\/#breadcrumb\"},\"inLanguage\":\"en-GB\",\"potentialAction\":[{\"@type\":\"ReadAction\",\"target\":[\"https:\\\/\\\/lahingupood.ee\\\/toode\\\/matrix-protecti-cummerbund-v5-roc-80-kiirkinnitusega-ja-taiendava-takjakinnitusega-ee-digi\\\/\"]}]},{\"@type\":\"ImageObject\",\"inLanguage\":\"en-GB\",\"@id\":\"https:\\\/\\\/lahingupood.ee\\\/toode\\\/matrix-protecti-cummerbund-v5-roc-80-kiirkinnitusega-ja-taiendava-takjakinnitusega-ee-digi\\\/#primaryimage\",\"url\":\"https:\\\/\\\/lahingupood.ee\\\/wp-content\\\/uploads\\\/2025\\\/03\\\/tasku-29.avif\",\"contentUrl\":\"https:\\\/\\\/lahingupood.ee\\\/wp-content\\\/uploads\\\/2025\\\/03\\\/tasku-29.avif\",\"width\":1080,\"height\":1080},{\"@type\":\"BreadcrumbList\",\"@id\":\"https:\\\/\\\/lahingupood.ee\\\/toode\\\/matrix-protecti-cummerbund-v5-roc-80-kiirkinnitusega-ja-taiendava-takjakinnitusega-ee-digi\\\/#breadcrumb\",\"itemListElement\":[{\"@type\":\"ListItem\",\"position\":1,\"name\":\"Home\",\"item\":\"https:\\\/\\\/lahingupood.ee\\\/\"},{\"@type\":\"ListItem\",\"position\":2,\"name\":\"Tooted\",\"item\":\"https:\\\/\\\/lahingupood.ee\\\/tooted\\\/\"},{\"@type\":\"ListItem\",\"position\":3,\"name\":\"Matrix Protecti Cummerbund V5 ROC 80 kiirkinnitusega ja t\u00e4iendava takjakinnitusega, EE digi\"}]},{\"@type\":\"WebSite\",\"@id\":\"https:\\\/\\\/lahingupood.ee\\\/#website\",\"url\":\"https:\\\/\\\/lahingupood.ee\\\/\",\"name\":\"Lahingurada e-pood\",\"description\":\"Airsoft\",\"publisher\":{\"@id\":\"https:\\\/\\\/lahingupood.ee\\\/#organization\"},\"potentialAction\":[{\"@type\":\"SearchAction\",\"target\":{\"@type\":\"EntryPoint\",\"urlTemplate\":\"https:\\\/\\\/lahingupood.ee\\\/?s={search_term_string}\"},\"query-input\":{\"@type\":\"PropertyValueSpecification\",\"valueRequired\":true,\"valueName\":\"search_term_string\"}}],\"inLanguage\":\"en-GB\"},{\"@type\":\"Organization\",\"@id\":\"https:\\\/\\\/lahingupood.ee\\\/#organization\",\"name\":\"Lahingurada\",\"url\":\"https:\\\/\\\/lahingupood.ee\\\/\",\"logo\":{\"@type\":\"ImageObject\",\"inLanguage\":\"en-GB\",\"@id\":\"https:\\\/\\\/lahingupood.ee\\\/#\\\/schema\\\/logo\\\/image\\\/\",\"url\":\"https:\\\/\\\/lahingupood.ee\\\/wp-content\\\/uploads\\\/2022\\\/03\\\/lahingurada-220318.jpg\",\"contentUrl\":\"https:\\\/\\\/lahingupood.ee\\\/wp-content\\\/uploads\\\/2022\\\/03\\\/lahingurada-220318.jpg\",\"width\":800,\"height\":500,\"caption\":\"Lahingurada\"},\"image\":{\"@id\":\"https:\\\/\\\/lahingupood.ee\\\/#\\\/schema\\\/logo\\\/image\\\/\"},\"sameAs\":[\"https:\\\/\\\/www.facebook.com\\\/Lahingurada-629940247212967\"]}]}<\/script>\n<!-- \/ Yoast SEO Premium plugin. -->","yoast_head_json":{"title":"Matrix Protecti Cummerbund V5 ROC 80 kiirkinnitusega ja t\u00e4iendava takjakinnitusega, EE digi - Lahingurada e-pood","description":"Matrix Protecti cummerbund V5, edasiarendatud takjakinnituse ja ROC 80 kiirkinnitusega ja takjapaneeliga.Matrix Protecti plaadikandjatel saab kasutada erine","robots":{"index":"index","follow":"follow","max-snippet":"max-snippet:-1","max-image-preview":"max-image-preview:large","max-video-preview":"max-video-preview:-1"},"canonical":"https:\/\/lahingupood.ee\/en\/product\/matrix-protecti-cummerbund-v5-roc-80-kiirkinnitusega-ja-taiendava-takjakinnitusega-ee-digi\/","og_locale":"en_GB","og_type":"article","og_title":"Matrix Protecti Cummerbund V5 ROC 80 kiirkinnitusega ja t\u00e4iendava takjakinnitusega, EE digi","og_description":"Matrix Protecti cummerbund V5, edasiarendatud takjakinnituse ja ROC 80 kiirkinnitusega ja takjapaneeliga.Matrix Protecti plaadikandjatel saab kasutada erine","og_url":"https:\/\/lahingupood.ee\/en\/product\/matrix-protecti-cummerbund-v5-roc-80-kiirkinnitusega-ja-taiendava-takjakinnitusega-ee-digi\/","og_site_name":"Lahingurada e-pood","article_publisher":"https:\/\/www.facebook.com\/Lahingurada-629940247212967","article_modified_time":"2025-03-18T10:25:29+00:00","og_image":[{"width":800,"height":500,"url":"https:\/\/lahingupood.ee\/wp-content\/uploads\/2022\/03\/lahingurada-220318.jpg","type":"image\/jpeg"}],"twitter_card":"summary_large_image","twitter_misc":{"Estimated reading time":"2 minutes"},"schema":{"@context":"https:\/\/schema.org","@graph":[{"@type":"WebPage","@id":"https:\/\/lahingupood.ee\/toode\/matrix-protecti-cummerbund-v5-roc-80-kiirkinnitusega-ja-taiendava-takjakinnitusega-ee-digi\/","url":"https:\/\/lahingupood.ee\/toode\/matrix-protecti-cummerbund-v5-roc-80-kiirkinnitusega-ja-taiendava-takjakinnitusega-ee-digi\/","name":"Matrix Protecti Cummerbund V5 ROC 80 kiirkinnitusega ja t\u00e4iendava takjakinnitusega, EE digi - Lahingurada e-pood","isPartOf":{"@id":"https:\/\/lahingupood.ee\/#website"},"primaryImageOfPage":{"@id":"https:\/\/lahingupood.ee\/toode\/matrix-protecti-cummerbund-v5-roc-80-kiirkinnitusega-ja-taiendava-takjakinnitusega-ee-digi\/#primaryimage"},"image":{"@id":"https:\/\/lahingupood.ee\/toode\/matrix-protecti-cummerbund-v5-roc-80-kiirkinnitusega-ja-taiendava-takjakinnitusega-ee-digi\/#primaryimage"},"thumbnailUrl":"https:\/\/lahingupood.ee\/wp-content\/uploads\/2025\/03\/tasku-29.avif","datePublished":"2025-03-10T16:07:38+00:00","dateModified":"2025-03-18T10:25:29+00:00","description":"Matrix Protecti cummerbund V5, edasiarendatud takjakinnituse ja ROC 80 kiirkinnitusega ja takjapaneeliga.Matrix Protecti plaadikandjatel saab kasutada erine","breadcrumb":{"@id":"https:\/\/lahingupood.ee\/toode\/matrix-protecti-cummerbund-v5-roc-80-kiirkinnitusega-ja-taiendava-takjakinnitusega-ee-digi\/#breadcrumb"},"inLanguage":"en-GB","potentialAction":[{"@type":"ReadAction","target":["https:\/\/lahingupood.ee\/toode\/matrix-protecti-cummerbund-v5-roc-80-kiirkinnitusega-ja-taiendava-takjakinnitusega-ee-digi\/"]}]},{"@type":"ImageObject","inLanguage":"en-GB","@id":"https:\/\/lahingupood.ee\/toode\/matrix-protecti-cummerbund-v5-roc-80-kiirkinnitusega-ja-taiendava-takjakinnitusega-ee-digi\/#primaryimage","url":"https:\/\/lahingupood.ee\/wp-content\/uploads\/2025\/03\/tasku-29.avif","contentUrl":"https:\/\/lahingupood.ee\/wp-content\/uploads\/2025\/03\/tasku-29.avif","width":1080,"height":1080},{"@type":"BreadcrumbList","@id":"https:\/\/lahingupood.ee\/toode\/matrix-protecti-cummerbund-v5-roc-80-kiirkinnitusega-ja-taiendava-takjakinnitusega-ee-digi\/#breadcrumb","itemListElement":[{"@type":"ListItem","position":1,"name":"Home","item":"https:\/\/lahingupood.ee\/"},{"@type":"ListItem","position":2,"name":"Tooted","item":"https:\/\/lahingupood.ee\/tooted\/"},{"@type":"ListItem","position":3,"name":"Matrix Protecti Cummerbund V5 ROC 80 kiirkinnitusega ja t\u00e4iendava takjakinnitusega, EE digi"}]},{"@type":"WebSite","@id":"https:\/\/lahingupood.ee\/#website","url":"https:\/\/lahingupood.ee\/","name":"Lahingurada e-pood","description":"Airsoft","publisher":{"@id":"https:\/\/lahingupood.ee\/#organization"},"potentialAction":[{"@type":"SearchAction","target":{"@type":"EntryPoint","urlTemplate":"https:\/\/lahingupood.ee\/?s={search_term_string}"},"query-input":{"@type":"PropertyValueSpecification","valueRequired":true,"valueName":"search_term_string"}}],"inLanguage":"en-GB"},{"@type":"Organization","@id":"https:\/\/lahingupood.ee\/#organization","name":"Lahingurada","url":"https:\/\/lahingupood.ee\/","logo":{"@type":"ImageObject","inLanguage":"en-GB","@id":"https:\/\/lahingupood.ee\/#\/schema\/logo\/image\/","url":"https:\/\/lahingupood.ee\/wp-content\/uploads\/2022\/03\/lahingurada-220318.jpg","contentUrl":"https:\/\/lahingupood.ee\/wp-content\/uploads\/2022\/03\/lahingurada-220318.jpg","width":800,"height":500,"caption":"Lahingurada"},"image":{"@id":"https:\/\/lahingupood.ee\/#\/schema\/logo\/image\/"},"sameAs":["https:\/\/www.facebook.com\/Lahingurada-629940247212967"]}]}},"_links":{"self":[{"href":"https:\/\/lahingupood.ee\/en\/wp-json\/wp\/v2\/product\/6183","targetHints":{"allow":["GET"]}}],"collection":[{"href":"https:\/\/lahingupood.ee\/en\/wp-json\/wp\/v2\/product"}],"about":[{"href":"https:\/\/lahingupood.ee\/en\/wp-json\/wp\/v2\/types\/product"}],"wp:featuredmedia":[{"embeddable":true,"href":"https:\/\/lahingupood.ee\/en\/wp-json\/wp\/v2\/media\/6184"}],"wp:attachment":[{"href":"https:\/\/lahingupood.ee\/en\/wp-json\/wp\/v2\/media?parent=6183"}],"wp:term":[{"taxonomy":"product_brand","embeddable":true,"href":"https:\/\/lahingupood.ee\/en\/wp-json\/wp\/v2\/product_brand?post=6183"},{"taxonomy":"product_cat","embeddable":true,"href":"https:\/\/lahingupood.ee\/en\/wp-json\/wp\/v2\/product_cat?post=6183"},{"taxonomy":"product_tag","embeddable":true,"href":"https:\/\/lahingupood.ee\/en\/wp-json\/wp\/v2\/product_tag?post=6183"}],"curies":[{"name":"wp","href":"https:\/\/api.w.org\/{rel}","templated":true}]}}