{"id":6153,"date":"2025-03-10T17:54:19","date_gmt":"2025-03-10T15:54:19","guid":{"rendered":"https:\/\/lahingupood.ee\/?post_type=product&#038;p=6153"},"modified":"2025-03-18T12:27:59","modified_gmt":"2025-03-18T10:27:59","slug":"m-pro-gen2-granaaditasku-gp3m-eedigi","status":"publish","type":"product","link":"https:\/\/lahingupood.ee\/en\/product\/m-pro-gen2-granaaditasku-gp3m-eedigi\/","title":{"rendered":"M-Pro Gen2 granaaditasku GP3M, EEdigi"},"content":{"rendered":"<p>Matrix Protecti Gen 2 universaalne granaadi tasku v\u00f5imaldab kasutada erinevas suurusega granaate ja erinevat varustust.<\/p>\n<p>Granaaditasku on t\u00e4nu takjas\u00fcsteemile reguleeritav mitmes suunas. Saab muuta tasku \u00fcmberm\u00f5\u00f5tu ja tasku k\u00f5rgust. Granaaditasku teeb eriliseks see, et v\u00f5rreldes vanema versiooniga on kolm t\u00e4helepanuv\u00e4\u00e4rset uuendust. Esimene uuendus on see, et tasku sees on mikro-MOLLE riba, mille abil saab granaadi fikseerida kindlalt taskusse. Teine uuendus on see, et tasku klapile l\u00f5ikasime laseriga sobiva suurusega pilud, mille t\u00f5ttu klapi keskosa on elastne ning v\u00f5imaldab granaati paremini fikseerida. Kolmas muudatus on klapi pikkuse reguleerimise s\u00fcsteem. Alumise osa pistiklukk on p\u00fcsivalt fikseeritud paela k\u00fclge ning paela pikkust saab reguleerida tasku alaosas oleva regulaatorpandla abil.<\/p>\n<p>Granaaditasku kinnitub MOLLE s\u00fcsteemiga. Tasku avamiseks ja sulgemiseks on SR kiirkinnituspannal.<\/p>\n<p>Materjaliks on FOXDURA 500 IRR.<\/p>","protected":false},"excerpt":{"rendered":"<p>Matrix Protecti Gen 2 universaalne granaadi tasku v\u00f5imaldab kasutada erinevas suurusega granaate ja erinevat varustust. Granaaditasku on t\u00e4nu takjas\u00fcsteemile reguleeritav mitmes suunas. Saab muuta tasku \u00fcmberm\u00f5\u00f5tu ja tasku k\u00f5rgust. Granaaditasku teeb eriliseks see, et v\u00f5rreldes vanema versiooniga on kolm t\u00e4helepanuv\u00e4\u00e4rset uuendust. Esimene uuendus on see, et tasku sees on mikro-MOLLE riba, mille abil saab granaadi [&#8230;]\n","protected":false},"featured_media":6154,"template":"","meta":[],"product_brand":[],"product_cat":[205],"product_tag":[],"class_list":{"0":"post-6153","1":"product","2":"type-product","3":"status-publish","4":"has-post-thumbnail","6":"product_cat-granaadi-taskud","8":"first","9":"onbackorder","10":"taxable","11":"shipping-taxable","12":"purchasable","13":"product-type-simple"},"yoast_head":"<!-- This site is optimized with the Yoast SEO Premium plugin v27.3 (Yoast SEO v27.3) - https:\/\/yoast.com\/product\/yoast-seo-premium-wordpress\/ -->\n<title>M-Pro Gen2 granaaditasku GP3M, EEdigi - Lahingurada e-pood<\/title>\n<meta name=\"description\" content=\"Matrix Protecti Gen 2 universaalne granaadi tasku v\u00f5imaldab kasutada erinevas suurusega granaate ja erinevat varustust. Granaaditasku teeb eriliseks see, et\" \/>\n<meta name=\"robots\" content=\"index, follow, max-snippet:-1, max-image-preview:large, max-video-preview:-1\" \/>\n<link rel=\"canonical\" href=\"https:\/\/lahingupood.ee\/en\/product\/m-pro-gen2-granaaditasku-gp3m-eedigi\/\" \/>\n<meta property=\"og:locale\" content=\"en_GB\" \/>\n<meta property=\"og:type\" content=\"article\" \/>\n<meta property=\"og:title\" content=\"M-Pro Gen2 granaaditasku GP3M, EEdigi\" \/>\n<meta property=\"og:description\" content=\"Matrix Protecti Gen 2 universaalne granaadi tasku v\u00f5imaldab kasutada erinevas suurusega granaate ja erinevat varustust. Granaaditasku teeb eriliseks see, et\" \/>\n<meta property=\"og:url\" content=\"https:\/\/lahingupood.ee\/en\/product\/m-pro-gen2-granaaditasku-gp3m-eedigi\/\" \/>\n<meta property=\"og:site_name\" content=\"Lahingurada e-pood\" \/>\n<meta property=\"article:publisher\" content=\"https:\/\/www.facebook.com\/Lahingurada-629940247212967\" \/>\n<meta property=\"article:modified_time\" content=\"2025-03-18T10:27:59+00:00\" \/>\n<meta property=\"og:image\" content=\"https:\/\/lahingupood.ee\/wp-content\/uploads\/2022\/03\/lahingurada-220318.jpg\" \/>\n\t<meta property=\"og:image:width\" content=\"800\" \/>\n\t<meta property=\"og:image:height\" content=\"500\" \/>\n\t<meta property=\"og:image:type\" content=\"image\/jpeg\" \/>\n<meta name=\"twitter:card\" content=\"summary_large_image\" \/>\n<meta name=\"twitter:label1\" content=\"Estimated reading time\" \/>\n\t<meta name=\"twitter:data1\" content=\"1 minute\" \/>\n<script type=\"application\/ld+json\" class=\"yoast-schema-graph\">{\"@context\":\"https:\\\/\\\/schema.org\",\"@graph\":[{\"@type\":\"WebPage\",\"@id\":\"https:\\\/\\\/lahingupood.ee\\\/toode\\\/m-pro-gen2-granaaditasku-gp3m-eedigi\\\/\",\"url\":\"https:\\\/\\\/lahingupood.ee\\\/toode\\\/m-pro-gen2-granaaditasku-gp3m-eedigi\\\/\",\"name\":\"M-Pro Gen2 granaaditasku GP3M, EEdigi - Lahingurada e-pood\",\"isPartOf\":{\"@id\":\"https:\\\/\\\/lahingupood.ee\\\/#website\"},\"primaryImageOfPage\":{\"@id\":\"https:\\\/\\\/lahingupood.ee\\\/toode\\\/m-pro-gen2-granaaditasku-gp3m-eedigi\\\/#primaryimage\"},\"image\":{\"@id\":\"https:\\\/\\\/lahingupood.ee\\\/toode\\\/m-pro-gen2-granaaditasku-gp3m-eedigi\\\/#primaryimage\"},\"thumbnailUrl\":\"https:\\\/\\\/lahingupood.ee\\\/wp-content\\\/uploads\\\/2025\\\/03\\\/tasku-26.avif\",\"datePublished\":\"2025-03-10T15:54:19+00:00\",\"dateModified\":\"2025-03-18T10:27:59+00:00\",\"description\":\"Matrix Protecti Gen 2 universaalne granaadi tasku v\u00f5imaldab kasutada erinevas suurusega granaate ja erinevat varustust. Granaaditasku teeb eriliseks see, et\",\"breadcrumb\":{\"@id\":\"https:\\\/\\\/lahingupood.ee\\\/toode\\\/m-pro-gen2-granaaditasku-gp3m-eedigi\\\/#breadcrumb\"},\"inLanguage\":\"en-GB\",\"potentialAction\":[{\"@type\":\"ReadAction\",\"target\":[\"https:\\\/\\\/lahingupood.ee\\\/toode\\\/m-pro-gen2-granaaditasku-gp3m-eedigi\\\/\"]}]},{\"@type\":\"ImageObject\",\"inLanguage\":\"en-GB\",\"@id\":\"https:\\\/\\\/lahingupood.ee\\\/toode\\\/m-pro-gen2-granaaditasku-gp3m-eedigi\\\/#primaryimage\",\"url\":\"https:\\\/\\\/lahingupood.ee\\\/wp-content\\\/uploads\\\/2025\\\/03\\\/tasku-26.avif\",\"contentUrl\":\"https:\\\/\\\/lahingupood.ee\\\/wp-content\\\/uploads\\\/2025\\\/03\\\/tasku-26.avif\",\"width\":1080,\"height\":1080},{\"@type\":\"BreadcrumbList\",\"@id\":\"https:\\\/\\\/lahingupood.ee\\\/toode\\\/m-pro-gen2-granaaditasku-gp3m-eedigi\\\/#breadcrumb\",\"itemListElement\":[{\"@type\":\"ListItem\",\"position\":1,\"name\":\"Home\",\"item\":\"https:\\\/\\\/lahingupood.ee\\\/\"},{\"@type\":\"ListItem\",\"position\":2,\"name\":\"Tooted\",\"item\":\"https:\\\/\\\/lahingupood.ee\\\/tooted\\\/\"},{\"@type\":\"ListItem\",\"position\":3,\"name\":\"M-Pro Gen2 granaaditasku GP3M, EEdigi\"}]},{\"@type\":\"WebSite\",\"@id\":\"https:\\\/\\\/lahingupood.ee\\\/#website\",\"url\":\"https:\\\/\\\/lahingupood.ee\\\/\",\"name\":\"Lahingurada e-pood\",\"description\":\"Airsoft\",\"publisher\":{\"@id\":\"https:\\\/\\\/lahingupood.ee\\\/#organization\"},\"potentialAction\":[{\"@type\":\"SearchAction\",\"target\":{\"@type\":\"EntryPoint\",\"urlTemplate\":\"https:\\\/\\\/lahingupood.ee\\\/?s={search_term_string}\"},\"query-input\":{\"@type\":\"PropertyValueSpecification\",\"valueRequired\":true,\"valueName\":\"search_term_string\"}}],\"inLanguage\":\"en-GB\"},{\"@type\":\"Organization\",\"@id\":\"https:\\\/\\\/lahingupood.ee\\\/#organization\",\"name\":\"Lahingurada\",\"url\":\"https:\\\/\\\/lahingupood.ee\\\/\",\"logo\":{\"@type\":\"ImageObject\",\"inLanguage\":\"en-GB\",\"@id\":\"https:\\\/\\\/lahingupood.ee\\\/#\\\/schema\\\/logo\\\/image\\\/\",\"url\":\"https:\\\/\\\/lahingupood.ee\\\/wp-content\\\/uploads\\\/2022\\\/03\\\/lahingurada-220318.jpg\",\"contentUrl\":\"https:\\\/\\\/lahingupood.ee\\\/wp-content\\\/uploads\\\/2022\\\/03\\\/lahingurada-220318.jpg\",\"width\":800,\"height\":500,\"caption\":\"Lahingurada\"},\"image\":{\"@id\":\"https:\\\/\\\/lahingupood.ee\\\/#\\\/schema\\\/logo\\\/image\\\/\"},\"sameAs\":[\"https:\\\/\\\/www.facebook.com\\\/Lahingurada-629940247212967\"]}]}<\/script>\n<!-- \/ Yoast SEO Premium plugin. -->","yoast_head_json":{"title":"M-Pro Gen2 granaaditasku GP3M, EEdigi - Lahingurada e-pood","description":"Matrix Protecti Gen 2 universaalne granaadi tasku v\u00f5imaldab kasutada erinevas suurusega granaate ja erinevat varustust. Granaaditasku teeb eriliseks see, et","robots":{"index":"index","follow":"follow","max-snippet":"max-snippet:-1","max-image-preview":"max-image-preview:large","max-video-preview":"max-video-preview:-1"},"canonical":"https:\/\/lahingupood.ee\/en\/product\/m-pro-gen2-granaaditasku-gp3m-eedigi\/","og_locale":"en_GB","og_type":"article","og_title":"M-Pro Gen2 granaaditasku GP3M, EEdigi","og_description":"Matrix Protecti Gen 2 universaalne granaadi tasku v\u00f5imaldab kasutada erinevas suurusega granaate ja erinevat varustust. Granaaditasku teeb eriliseks see, et","og_url":"https:\/\/lahingupood.ee\/en\/product\/m-pro-gen2-granaaditasku-gp3m-eedigi\/","og_site_name":"Lahingurada e-pood","article_publisher":"https:\/\/www.facebook.com\/Lahingurada-629940247212967","article_modified_time":"2025-03-18T10:27:59+00:00","og_image":[{"width":800,"height":500,"url":"https:\/\/lahingupood.ee\/wp-content\/uploads\/2022\/03\/lahingurada-220318.jpg","type":"image\/jpeg"}],"twitter_card":"summary_large_image","twitter_misc":{"Estimated reading time":"1 minute"},"schema":{"@context":"https:\/\/schema.org","@graph":[{"@type":"WebPage","@id":"https:\/\/lahingupood.ee\/toode\/m-pro-gen2-granaaditasku-gp3m-eedigi\/","url":"https:\/\/lahingupood.ee\/toode\/m-pro-gen2-granaaditasku-gp3m-eedigi\/","name":"M-Pro Gen2 granaaditasku GP3M, EEdigi - Lahingurada e-pood","isPartOf":{"@id":"https:\/\/lahingupood.ee\/#website"},"primaryImageOfPage":{"@id":"https:\/\/lahingupood.ee\/toode\/m-pro-gen2-granaaditasku-gp3m-eedigi\/#primaryimage"},"image":{"@id":"https:\/\/lahingupood.ee\/toode\/m-pro-gen2-granaaditasku-gp3m-eedigi\/#primaryimage"},"thumbnailUrl":"https:\/\/lahingupood.ee\/wp-content\/uploads\/2025\/03\/tasku-26.avif","datePublished":"2025-03-10T15:54:19+00:00","dateModified":"2025-03-18T10:27:59+00:00","description":"Matrix Protecti Gen 2 universaalne granaadi tasku v\u00f5imaldab kasutada erinevas suurusega granaate ja erinevat varustust. Granaaditasku teeb eriliseks see, et","breadcrumb":{"@id":"https:\/\/lahingupood.ee\/toode\/m-pro-gen2-granaaditasku-gp3m-eedigi\/#breadcrumb"},"inLanguage":"en-GB","potentialAction":[{"@type":"ReadAction","target":["https:\/\/lahingupood.ee\/toode\/m-pro-gen2-granaaditasku-gp3m-eedigi\/"]}]},{"@type":"ImageObject","inLanguage":"en-GB","@id":"https:\/\/lahingupood.ee\/toode\/m-pro-gen2-granaaditasku-gp3m-eedigi\/#primaryimage","url":"https:\/\/lahingupood.ee\/wp-content\/uploads\/2025\/03\/tasku-26.avif","contentUrl":"https:\/\/lahingupood.ee\/wp-content\/uploads\/2025\/03\/tasku-26.avif","width":1080,"height":1080},{"@type":"BreadcrumbList","@id":"https:\/\/lahingupood.ee\/toode\/m-pro-gen2-granaaditasku-gp3m-eedigi\/#breadcrumb","itemListElement":[{"@type":"ListItem","position":1,"name":"Home","item":"https:\/\/lahingupood.ee\/"},{"@type":"ListItem","position":2,"name":"Tooted","item":"https:\/\/lahingupood.ee\/tooted\/"},{"@type":"ListItem","position":3,"name":"M-Pro Gen2 granaaditasku GP3M, EEdigi"}]},{"@type":"WebSite","@id":"https:\/\/lahingupood.ee\/#website","url":"https:\/\/lahingupood.ee\/","name":"Lahingurada e-pood","description":"Airsoft","publisher":{"@id":"https:\/\/lahingupood.ee\/#organization"},"potentialAction":[{"@type":"SearchAction","target":{"@type":"EntryPoint","urlTemplate":"https:\/\/lahingupood.ee\/?s={search_term_string}"},"query-input":{"@type":"PropertyValueSpecification","valueRequired":true,"valueName":"search_term_string"}}],"inLanguage":"en-GB"},{"@type":"Organization","@id":"https:\/\/lahingupood.ee\/#organization","name":"Lahingurada","url":"https:\/\/lahingupood.ee\/","logo":{"@type":"ImageObject","inLanguage":"en-GB","@id":"https:\/\/lahingupood.ee\/#\/schema\/logo\/image\/","url":"https:\/\/lahingupood.ee\/wp-content\/uploads\/2022\/03\/lahingurada-220318.jpg","contentUrl":"https:\/\/lahingupood.ee\/wp-content\/uploads\/2022\/03\/lahingurada-220318.jpg","width":800,"height":500,"caption":"Lahingurada"},"image":{"@id":"https:\/\/lahingupood.ee\/#\/schema\/logo\/image\/"},"sameAs":["https:\/\/www.facebook.com\/Lahingurada-629940247212967"]}]}},"_links":{"self":[{"href":"https:\/\/lahingupood.ee\/en\/wp-json\/wp\/v2\/product\/6153","targetHints":{"allow":["GET"]}}],"collection":[{"href":"https:\/\/lahingupood.ee\/en\/wp-json\/wp\/v2\/product"}],"about":[{"href":"https:\/\/lahingupood.ee\/en\/wp-json\/wp\/v2\/types\/product"}],"wp:featuredmedia":[{"embeddable":true,"href":"https:\/\/lahingupood.ee\/en\/wp-json\/wp\/v2\/media\/6154"}],"wp:attachment":[{"href":"https:\/\/lahingupood.ee\/en\/wp-json\/wp\/v2\/media?parent=6153"}],"wp:term":[{"taxonomy":"product_brand","embeddable":true,"href":"https:\/\/lahingupood.ee\/en\/wp-json\/wp\/v2\/product_brand?post=6153"},{"taxonomy":"product_cat","embeddable":true,"href":"https:\/\/lahingupood.ee\/en\/wp-json\/wp\/v2\/product_cat?post=6153"},{"taxonomy":"product_tag","embeddable":true,"href":"https:\/\/lahingupood.ee\/en\/wp-json\/wp\/v2\/product_tag?post=6153"}],"curies":[{"name":"wp","href":"https:\/\/api.w.org\/{rel}","templated":true}]}}