{"id":6145,"date":"2025-03-10T17:39:28","date_gmt":"2025-03-10T15:39:28","guid":{"rendered":"https:\/\/lahingupood.ee\/?post_type=product&#038;p=6145"},"modified":"2025-03-18T12:29:45","modified_gmt":"2025-03-18T10:29:45","slug":"gen2-chestrigi-traksid-v1","status":"publish","type":"product","link":"https:\/\/lahingupood.ee\/en\/product\/gen2-chestrigi-traksid-v1\/","title":{"rendered":"GEN2 chestrigi traksid V1"},"content":{"rendered":"<p>Matrix Protecti Gen2 Chestrigi traksid kinnituvad Chestrigi k\u00fclge pistikpannaldega. Chestrigi k\u00f5rgust saab reguleerida\u00a0 trakside esik\u00fcljel olevate laserl\u00f5igatud pilus\u00fcsteemi abil. Pistikpandla k\u00f5rgust on lihtne muuta, t\u00f5stes\u00a0 v\u00f5i langetades pannalt trakside esiosal. Trakside seljaosas on rguleeritava pikkuse ja j\u00e4ikusega kummin\u00f6\u00f6rist aas, mille abil saab samuti trakside pikkust ja elastsust muuta. Need traksid on v\u00e4ga mugavad ja kohanduvad h\u00e4sti erineva kehakujuga kandja j\u00e4rgi.<\/p>","protected":false},"excerpt":{"rendered":"<p>Matrix Protecti Gen2 Chestrigi traksid kinnituvad Chestrigi k\u00fclge pistikpannaldega. Chestrigi k\u00f5rgust saab reguleerida\u00a0 trakside esik\u00fcljel olevate laserl\u00f5igatud pilus\u00fcsteemi abil. Pistikpandla k\u00f5rgust on lihtne muuta, t\u00f5stes\u00a0 v\u00f5i langetades pannalt trakside esiosal. Trakside seljaosas on rguleeritava pikkuse ja j\u00e4ikusega kummin\u00f6\u00f6rist aas, mille abil saab samuti trakside pikkust ja elastsust muuta. Need traksid on v\u00e4ga mugavad ja kohanduvad [&#8230;]\n","protected":false},"featured_media":6146,"template":"","meta":[],"product_brand":[],"product_cat":[204],"product_tag":[],"class_list":{"0":"post-6145","1":"product","2":"type-product","3":"status-publish","4":"has-post-thumbnail","6":"product_cat-traksid","8":"first","9":"onbackorder","10":"taxable","11":"shipping-taxable","12":"purchasable","13":"product-type-simple"},"yoast_head":"<!-- This site is optimized with the Yoast SEO Premium plugin v27.3 (Yoast SEO v27.3) - https:\/\/yoast.com\/product\/yoast-seo-premium-wordpress\/ -->\n<title>GEN2 chestrigi traksid V1 - Lahingurada e-pood<\/title>\n<meta name=\"description\" content=\"Matrix Protecti Gen2 Chestrigi traksid kinnituvad Chestrigi k\u00fclge pistikpannaldega. Chestrigi k\u00f5rgust saab reguleerida trakside esik\u00fcljel olevate laserl\u00f5iga\" \/>\n<meta name=\"robots\" content=\"index, follow, max-snippet:-1, max-image-preview:large, max-video-preview:-1\" \/>\n<link rel=\"canonical\" href=\"https:\/\/lahingupood.ee\/en\/product\/gen2-chestrigi-traksid-v1\/\" \/>\n<meta property=\"og:locale\" content=\"en_GB\" \/>\n<meta property=\"og:type\" content=\"article\" \/>\n<meta property=\"og:title\" content=\"GEN2 chestrigi traksid V1\" \/>\n<meta property=\"og:description\" content=\"Matrix Protecti Gen2 Chestrigi traksid kinnituvad Chestrigi k\u00fclge pistikpannaldega. Chestrigi k\u00f5rgust saab reguleerida trakside esik\u00fcljel olevate laserl\u00f5iga\" \/>\n<meta property=\"og:url\" content=\"https:\/\/lahingupood.ee\/en\/product\/gen2-chestrigi-traksid-v1\/\" \/>\n<meta property=\"og:site_name\" content=\"Lahingurada e-pood\" \/>\n<meta property=\"article:publisher\" content=\"https:\/\/www.facebook.com\/Lahingurada-629940247212967\" \/>\n<meta property=\"article:modified_time\" content=\"2025-03-18T10:29:45+00:00\" \/>\n<meta property=\"og:image\" content=\"https:\/\/lahingupood.ee\/wp-content\/uploads\/2022\/03\/lahingurada-220318.jpg\" \/>\n\t<meta property=\"og:image:width\" content=\"800\" \/>\n\t<meta property=\"og:image:height\" content=\"500\" \/>\n\t<meta property=\"og:image:type\" content=\"image\/jpeg\" \/>\n<meta name=\"twitter:card\" content=\"summary_large_image\" \/>\n<meta name=\"twitter:label1\" content=\"Estimated reading time\" \/>\n\t<meta name=\"twitter:data1\" content=\"1 minute\" \/>\n<script type=\"application\/ld+json\" class=\"yoast-schema-graph\">{\"@context\":\"https:\\\/\\\/schema.org\",\"@graph\":[{\"@type\":\"WebPage\",\"@id\":\"https:\\\/\\\/lahingupood.ee\\\/toode\\\/gen2-chestrigi-traksid-v1\\\/\",\"url\":\"https:\\\/\\\/lahingupood.ee\\\/toode\\\/gen2-chestrigi-traksid-v1\\\/\",\"name\":\"GEN2 chestrigi traksid V1 - Lahingurada e-pood\",\"isPartOf\":{\"@id\":\"https:\\\/\\\/lahingupood.ee\\\/#website\"},\"primaryImageOfPage\":{\"@id\":\"https:\\\/\\\/lahingupood.ee\\\/toode\\\/gen2-chestrigi-traksid-v1\\\/#primaryimage\"},\"image\":{\"@id\":\"https:\\\/\\\/lahingupood.ee\\\/toode\\\/gen2-chestrigi-traksid-v1\\\/#primaryimage\"},\"thumbnailUrl\":\"https:\\\/\\\/lahingupood.ee\\\/wp-content\\\/uploads\\\/2025\\\/03\\\/traksid.avif\",\"datePublished\":\"2025-03-10T15:39:28+00:00\",\"dateModified\":\"2025-03-18T10:29:45+00:00\",\"description\":\"Matrix Protecti Gen2 Chestrigi traksid kinnituvad Chestrigi k\u00fclge pistikpannaldega. Chestrigi k\u00f5rgust saab reguleerida trakside esik\u00fcljel olevate laserl\u00f5iga\",\"breadcrumb\":{\"@id\":\"https:\\\/\\\/lahingupood.ee\\\/toode\\\/gen2-chestrigi-traksid-v1\\\/#breadcrumb\"},\"inLanguage\":\"en-GB\",\"potentialAction\":[{\"@type\":\"ReadAction\",\"target\":[\"https:\\\/\\\/lahingupood.ee\\\/toode\\\/gen2-chestrigi-traksid-v1\\\/\"]}]},{\"@type\":\"ImageObject\",\"inLanguage\":\"en-GB\",\"@id\":\"https:\\\/\\\/lahingupood.ee\\\/toode\\\/gen2-chestrigi-traksid-v1\\\/#primaryimage\",\"url\":\"https:\\\/\\\/lahingupood.ee\\\/wp-content\\\/uploads\\\/2025\\\/03\\\/traksid.avif\",\"contentUrl\":\"https:\\\/\\\/lahingupood.ee\\\/wp-content\\\/uploads\\\/2025\\\/03\\\/traksid.avif\",\"width\":1080,\"height\":1080},{\"@type\":\"BreadcrumbList\",\"@id\":\"https:\\\/\\\/lahingupood.ee\\\/toode\\\/gen2-chestrigi-traksid-v1\\\/#breadcrumb\",\"itemListElement\":[{\"@type\":\"ListItem\",\"position\":1,\"name\":\"Home\",\"item\":\"https:\\\/\\\/lahingupood.ee\\\/\"},{\"@type\":\"ListItem\",\"position\":2,\"name\":\"Tooted\",\"item\":\"https:\\\/\\\/lahingupood.ee\\\/tooted\\\/\"},{\"@type\":\"ListItem\",\"position\":3,\"name\":\"GEN2 chestrigi traksid V1\"}]},{\"@type\":\"WebSite\",\"@id\":\"https:\\\/\\\/lahingupood.ee\\\/#website\",\"url\":\"https:\\\/\\\/lahingupood.ee\\\/\",\"name\":\"Lahingurada e-pood\",\"description\":\"Airsoft\",\"publisher\":{\"@id\":\"https:\\\/\\\/lahingupood.ee\\\/#organization\"},\"potentialAction\":[{\"@type\":\"SearchAction\",\"target\":{\"@type\":\"EntryPoint\",\"urlTemplate\":\"https:\\\/\\\/lahingupood.ee\\\/?s={search_term_string}\"},\"query-input\":{\"@type\":\"PropertyValueSpecification\",\"valueRequired\":true,\"valueName\":\"search_term_string\"}}],\"inLanguage\":\"en-GB\"},{\"@type\":\"Organization\",\"@id\":\"https:\\\/\\\/lahingupood.ee\\\/#organization\",\"name\":\"Lahingurada\",\"url\":\"https:\\\/\\\/lahingupood.ee\\\/\",\"logo\":{\"@type\":\"ImageObject\",\"inLanguage\":\"en-GB\",\"@id\":\"https:\\\/\\\/lahingupood.ee\\\/#\\\/schema\\\/logo\\\/image\\\/\",\"url\":\"https:\\\/\\\/lahingupood.ee\\\/wp-content\\\/uploads\\\/2022\\\/03\\\/lahingurada-220318.jpg\",\"contentUrl\":\"https:\\\/\\\/lahingupood.ee\\\/wp-content\\\/uploads\\\/2022\\\/03\\\/lahingurada-220318.jpg\",\"width\":800,\"height\":500,\"caption\":\"Lahingurada\"},\"image\":{\"@id\":\"https:\\\/\\\/lahingupood.ee\\\/#\\\/schema\\\/logo\\\/image\\\/\"},\"sameAs\":[\"https:\\\/\\\/www.facebook.com\\\/Lahingurada-629940247212967\"]}]}<\/script>\n<!-- \/ Yoast SEO Premium plugin. -->","yoast_head_json":{"title":"GEN2 chestrigi traksid V1 - Lahingurada e-pood","description":"Matrix Protecti Gen2 Chestrigi traksid kinnituvad Chestrigi k\u00fclge pistikpannaldega. Chestrigi k\u00f5rgust saab reguleerida trakside esik\u00fcljel olevate laserl\u00f5iga","robots":{"index":"index","follow":"follow","max-snippet":"max-snippet:-1","max-image-preview":"max-image-preview:large","max-video-preview":"max-video-preview:-1"},"canonical":"https:\/\/lahingupood.ee\/en\/product\/gen2-chestrigi-traksid-v1\/","og_locale":"en_GB","og_type":"article","og_title":"GEN2 chestrigi traksid V1","og_description":"Matrix Protecti Gen2 Chestrigi traksid kinnituvad Chestrigi k\u00fclge pistikpannaldega. Chestrigi k\u00f5rgust saab reguleerida trakside esik\u00fcljel olevate laserl\u00f5iga","og_url":"https:\/\/lahingupood.ee\/en\/product\/gen2-chestrigi-traksid-v1\/","og_site_name":"Lahingurada e-pood","article_publisher":"https:\/\/www.facebook.com\/Lahingurada-629940247212967","article_modified_time":"2025-03-18T10:29:45+00:00","og_image":[{"width":800,"height":500,"url":"https:\/\/lahingupood.ee\/wp-content\/uploads\/2022\/03\/lahingurada-220318.jpg","type":"image\/jpeg"}],"twitter_card":"summary_large_image","twitter_misc":{"Estimated reading time":"1 minute"},"schema":{"@context":"https:\/\/schema.org","@graph":[{"@type":"WebPage","@id":"https:\/\/lahingupood.ee\/toode\/gen2-chestrigi-traksid-v1\/","url":"https:\/\/lahingupood.ee\/toode\/gen2-chestrigi-traksid-v1\/","name":"GEN2 chestrigi traksid V1 - Lahingurada e-pood","isPartOf":{"@id":"https:\/\/lahingupood.ee\/#website"},"primaryImageOfPage":{"@id":"https:\/\/lahingupood.ee\/toode\/gen2-chestrigi-traksid-v1\/#primaryimage"},"image":{"@id":"https:\/\/lahingupood.ee\/toode\/gen2-chestrigi-traksid-v1\/#primaryimage"},"thumbnailUrl":"https:\/\/lahingupood.ee\/wp-content\/uploads\/2025\/03\/traksid.avif","datePublished":"2025-03-10T15:39:28+00:00","dateModified":"2025-03-18T10:29:45+00:00","description":"Matrix Protecti Gen2 Chestrigi traksid kinnituvad Chestrigi k\u00fclge pistikpannaldega. Chestrigi k\u00f5rgust saab reguleerida trakside esik\u00fcljel olevate laserl\u00f5iga","breadcrumb":{"@id":"https:\/\/lahingupood.ee\/toode\/gen2-chestrigi-traksid-v1\/#breadcrumb"},"inLanguage":"en-GB","potentialAction":[{"@type":"ReadAction","target":["https:\/\/lahingupood.ee\/toode\/gen2-chestrigi-traksid-v1\/"]}]},{"@type":"ImageObject","inLanguage":"en-GB","@id":"https:\/\/lahingupood.ee\/toode\/gen2-chestrigi-traksid-v1\/#primaryimage","url":"https:\/\/lahingupood.ee\/wp-content\/uploads\/2025\/03\/traksid.avif","contentUrl":"https:\/\/lahingupood.ee\/wp-content\/uploads\/2025\/03\/traksid.avif","width":1080,"height":1080},{"@type":"BreadcrumbList","@id":"https:\/\/lahingupood.ee\/toode\/gen2-chestrigi-traksid-v1\/#breadcrumb","itemListElement":[{"@type":"ListItem","position":1,"name":"Home","item":"https:\/\/lahingupood.ee\/"},{"@type":"ListItem","position":2,"name":"Tooted","item":"https:\/\/lahingupood.ee\/tooted\/"},{"@type":"ListItem","position":3,"name":"GEN2 chestrigi traksid V1"}]},{"@type":"WebSite","@id":"https:\/\/lahingupood.ee\/#website","url":"https:\/\/lahingupood.ee\/","name":"Lahingurada e-pood","description":"Airsoft","publisher":{"@id":"https:\/\/lahingupood.ee\/#organization"},"potentialAction":[{"@type":"SearchAction","target":{"@type":"EntryPoint","urlTemplate":"https:\/\/lahingupood.ee\/?s={search_term_string}"},"query-input":{"@type":"PropertyValueSpecification","valueRequired":true,"valueName":"search_term_string"}}],"inLanguage":"en-GB"},{"@type":"Organization","@id":"https:\/\/lahingupood.ee\/#organization","name":"Lahingurada","url":"https:\/\/lahingupood.ee\/","logo":{"@type":"ImageObject","inLanguage":"en-GB","@id":"https:\/\/lahingupood.ee\/#\/schema\/logo\/image\/","url":"https:\/\/lahingupood.ee\/wp-content\/uploads\/2022\/03\/lahingurada-220318.jpg","contentUrl":"https:\/\/lahingupood.ee\/wp-content\/uploads\/2022\/03\/lahingurada-220318.jpg","width":800,"height":500,"caption":"Lahingurada"},"image":{"@id":"https:\/\/lahingupood.ee\/#\/schema\/logo\/image\/"},"sameAs":["https:\/\/www.facebook.com\/Lahingurada-629940247212967"]}]}},"_links":{"self":[{"href":"https:\/\/lahingupood.ee\/en\/wp-json\/wp\/v2\/product\/6145","targetHints":{"allow":["GET"]}}],"collection":[{"href":"https:\/\/lahingupood.ee\/en\/wp-json\/wp\/v2\/product"}],"about":[{"href":"https:\/\/lahingupood.ee\/en\/wp-json\/wp\/v2\/types\/product"}],"wp:featuredmedia":[{"embeddable":true,"href":"https:\/\/lahingupood.ee\/en\/wp-json\/wp\/v2\/media\/6146"}],"wp:attachment":[{"href":"https:\/\/lahingupood.ee\/en\/wp-json\/wp\/v2\/media?parent=6145"}],"wp:term":[{"taxonomy":"product_brand","embeddable":true,"href":"https:\/\/lahingupood.ee\/en\/wp-json\/wp\/v2\/product_brand?post=6145"},{"taxonomy":"product_cat","embeddable":true,"href":"https:\/\/lahingupood.ee\/en\/wp-json\/wp\/v2\/product_cat?post=6145"},{"taxonomy":"product_tag","embeddable":true,"href":"https:\/\/lahingupood.ee\/en\/wp-json\/wp\/v2\/product_tag?post=6145"}],"curies":[{"name":"wp","href":"https:\/\/api.w.org\/{rel}","templated":true}]}}