{"id":6136,"date":"2025-03-10T17:33:47","date_gmt":"2025-03-10T15:33:47","guid":{"rendered":"https:\/\/lahingupood.ee\/?post_type=product&#038;p=6136"},"modified":"2025-03-18T12:30:48","modified_gmt":"2025-03-18T10:30:48","slug":"m-pro-esmaabi-tasku-ifak-v2-eedigi","status":"publish","type":"product","link":"https:\/\/lahingupood.ee\/en\/product\/m-pro-esmaabi-tasku-ifak-v2-eedigi\/","title":{"rendered":"M-Pro esmaabi tasku IFAK V2, EEdigi"},"content":{"rendered":"<p>Matrix Protecti taktikaline meditsiinivarustuse tasku IFAK V2 on mitmek\u00fclgne ja v\u00e4ga funktsionaalne meditsiinitasku, mis on loodud kiireks kasutamiseks, kriitilistes olukordades. See tagab vajalike meditsiinitarvikute turvalise hoiustamise ja v\u00f5imaldab olla valmis h\u00e4daolukordadeks, s\u00e4ilitades samas varustuse t\u00f5hususe.<\/p>\n<p>IFAK V2 koosneb kahest osast: v\u00e4limine, takjaga reguleeritava mahuga osa kinnitub MOLLE s\u00fcsteemiga kas lahinguv\u00f6\u00f6 v\u00f5i plaadikandja k\u00fclge ja sisemine, m\u00f5lemalt poolt v\u00e4lja t\u00f5mmatava osa, mis koosneb kolmest kokku murtavast paneelist, millel on piisavalt kummiaasasid ja lahtreid, et mahutada efektiivselt h\u00e4davajalik esmaabi varustus. V\u00e4ljat\u00f5mmatav siseosa on kokku volditud ja kinnitub lisatakjaga, kuid avada saab \u00fclikiirelt ja kogu esmaabivarustus on koheselt k\u00e4ttesaada.<\/p>\n<p>IFAK esmaabi tarvikute tasku kinnitub varustuse k\u00fclge MOLLE s\u00fcsteemiga. Seda on v\u00e4ga hea paigutada n\u00e4iteks lahingv\u00f6\u00f6 v\u00f5i plaadikandja k\u00fclge.<\/p>\n<p>Reguleeritava mahuga v\u00e4lisosa ja reguleeritava mahuga v\u00e4ljat\u00f5mmatav siseosa. Juurdep\u00e4\u00e4s m\u00f5lemalt k\u00fcljelt. Kui kinnitatud seljaosale, siis saab v\u00e4lja t\u00f5mmata m\u00f5lema k\u00e4ega. Sedasis saab IFAK taskut paigutada n\u00e4iteks v\u00f6\u00f6le keset selga ning sisu saab k\u00e4tte m\u00f5lema k\u00e4ega.<\/p>","protected":false},"excerpt":{"rendered":"<p>Matrix Protecti taktikaline meditsiinivarustuse tasku IFAK V2 on mitmek\u00fclgne ja v\u00e4ga funktsionaalne meditsiinitasku, mis on loodud kiireks kasutamiseks, kriitilistes olukordades. See tagab vajalike meditsiinitarvikute turvalise hoiustamise ja v\u00f5imaldab olla valmis h\u00e4daolukordadeks, s\u00e4ilitades samas varustuse t\u00f5hususe. IFAK V2 koosneb kahest osast: v\u00e4limine, takjaga reguleeritava mahuga osa kinnitub MOLLE s\u00fcsteemiga kas lahinguv\u00f6\u00f6 v\u00f5i plaadikandja k\u00fclge ja sisemine, [&#8230;]\n","protected":false},"featured_media":6137,"template":"","meta":[],"product_brand":[],"product_cat":[203],"product_tag":[],"class_list":{"0":"post-6136","1":"product","2":"type-product","3":"status-publish","4":"has-post-thumbnail","6":"product_cat-meditsiini-varustus","8":"first","9":"onbackorder","10":"taxable","11":"shipping-taxable","12":"purchasable","13":"product-type-simple"},"yoast_head":"<!-- This site is optimized with the Yoast SEO Premium plugin v27.3 (Yoast SEO v27.3) - https:\/\/yoast.com\/product\/yoast-seo-premium-wordpress\/ -->\n<title>M-Pro esmaabi tasku IFAK V2, EEdigi - Lahingurada e-pood<\/title>\n<meta name=\"description\" content=\"Matrix Protecti taktikaline meditsiinivarustuse tasku IFAK V2 on mitmek\u00fclgne ja v\u00e4ga funktsionaalne meditsiinitasku, mis on loodud kiireks kasutamiseks, kr\" \/>\n<meta name=\"robots\" content=\"index, follow, max-snippet:-1, max-image-preview:large, max-video-preview:-1\" \/>\n<link rel=\"canonical\" href=\"https:\/\/lahingupood.ee\/en\/product\/m-pro-esmaabi-tasku-ifak-v2-eedigi\/\" \/>\n<meta property=\"og:locale\" content=\"en_GB\" \/>\n<meta property=\"og:type\" content=\"article\" \/>\n<meta property=\"og:title\" content=\"M-Pro esmaabi tasku IFAK V2, EEdigi\" \/>\n<meta property=\"og:description\" content=\"Matrix Protecti taktikaline meditsiinivarustuse tasku IFAK V2 on mitmek\u00fclgne ja v\u00e4ga funktsionaalne meditsiinitasku, mis on loodud kiireks kasutamiseks, kr\" \/>\n<meta property=\"og:url\" content=\"https:\/\/lahingupood.ee\/en\/product\/m-pro-esmaabi-tasku-ifak-v2-eedigi\/\" \/>\n<meta property=\"og:site_name\" content=\"Lahingurada e-pood\" \/>\n<meta property=\"article:publisher\" content=\"https:\/\/www.facebook.com\/Lahingurada-629940247212967\" \/>\n<meta property=\"article:modified_time\" content=\"2025-03-18T10:30:48+00:00\" \/>\n<meta property=\"og:image\" content=\"https:\/\/lahingupood.ee\/wp-content\/uploads\/2022\/03\/lahingurada-220318.jpg\" \/>\n\t<meta property=\"og:image:width\" content=\"800\" \/>\n\t<meta property=\"og:image:height\" content=\"500\" \/>\n\t<meta property=\"og:image:type\" content=\"image\/jpeg\" \/>\n<meta name=\"twitter:card\" content=\"summary_large_image\" \/>\n<meta name=\"twitter:label1\" content=\"Estimated reading time\" \/>\n\t<meta name=\"twitter:data1\" content=\"2 minutes\" \/>\n<script type=\"application\/ld+json\" class=\"yoast-schema-graph\">{\"@context\":\"https:\\\/\\\/schema.org\",\"@graph\":[{\"@type\":\"WebPage\",\"@id\":\"https:\\\/\\\/lahingupood.ee\\\/toode\\\/m-pro-esmaabi-tasku-ifak-v2-eedigi\\\/\",\"url\":\"https:\\\/\\\/lahingupood.ee\\\/toode\\\/m-pro-esmaabi-tasku-ifak-v2-eedigi\\\/\",\"name\":\"M-Pro esmaabi tasku IFAK V2, EEdigi - Lahingurada e-pood\",\"isPartOf\":{\"@id\":\"https:\\\/\\\/lahingupood.ee\\\/#website\"},\"primaryImageOfPage\":{\"@id\":\"https:\\\/\\\/lahingupood.ee\\\/toode\\\/m-pro-esmaabi-tasku-ifak-v2-eedigi\\\/#primaryimage\"},\"image\":{\"@id\":\"https:\\\/\\\/lahingupood.ee\\\/toode\\\/m-pro-esmaabi-tasku-ifak-v2-eedigi\\\/#primaryimage\"},\"thumbnailUrl\":\"https:\\\/\\\/lahingupood.ee\\\/wp-content\\\/uploads\\\/2025\\\/03\\\/tasku-24.avif\",\"datePublished\":\"2025-03-10T15:33:47+00:00\",\"dateModified\":\"2025-03-18T10:30:48+00:00\",\"description\":\"Matrix Protecti taktikaline meditsiinivarustuse tasku IFAK V2 on mitmek\u00fclgne ja v\u00e4ga funktsionaalne meditsiinitasku, mis on loodud kiireks kasutamiseks, kr\",\"breadcrumb\":{\"@id\":\"https:\\\/\\\/lahingupood.ee\\\/toode\\\/m-pro-esmaabi-tasku-ifak-v2-eedigi\\\/#breadcrumb\"},\"inLanguage\":\"en-GB\",\"potentialAction\":[{\"@type\":\"ReadAction\",\"target\":[\"https:\\\/\\\/lahingupood.ee\\\/toode\\\/m-pro-esmaabi-tasku-ifak-v2-eedigi\\\/\"]}]},{\"@type\":\"ImageObject\",\"inLanguage\":\"en-GB\",\"@id\":\"https:\\\/\\\/lahingupood.ee\\\/toode\\\/m-pro-esmaabi-tasku-ifak-v2-eedigi\\\/#primaryimage\",\"url\":\"https:\\\/\\\/lahingupood.ee\\\/wp-content\\\/uploads\\\/2025\\\/03\\\/tasku-24.avif\",\"contentUrl\":\"https:\\\/\\\/lahingupood.ee\\\/wp-content\\\/uploads\\\/2025\\\/03\\\/tasku-24.avif\",\"width\":1080,\"height\":1080},{\"@type\":\"BreadcrumbList\",\"@id\":\"https:\\\/\\\/lahingupood.ee\\\/toode\\\/m-pro-esmaabi-tasku-ifak-v2-eedigi\\\/#breadcrumb\",\"itemListElement\":[{\"@type\":\"ListItem\",\"position\":1,\"name\":\"Home\",\"item\":\"https:\\\/\\\/lahingupood.ee\\\/\"},{\"@type\":\"ListItem\",\"position\":2,\"name\":\"Tooted\",\"item\":\"https:\\\/\\\/lahingupood.ee\\\/tooted\\\/\"},{\"@type\":\"ListItem\",\"position\":3,\"name\":\"M-Pro esmaabi tasku IFAK V2, EEdigi\"}]},{\"@type\":\"WebSite\",\"@id\":\"https:\\\/\\\/lahingupood.ee\\\/#website\",\"url\":\"https:\\\/\\\/lahingupood.ee\\\/\",\"name\":\"Lahingurada e-pood\",\"description\":\"Airsoft\",\"publisher\":{\"@id\":\"https:\\\/\\\/lahingupood.ee\\\/#organization\"},\"potentialAction\":[{\"@type\":\"SearchAction\",\"target\":{\"@type\":\"EntryPoint\",\"urlTemplate\":\"https:\\\/\\\/lahingupood.ee\\\/?s={search_term_string}\"},\"query-input\":{\"@type\":\"PropertyValueSpecification\",\"valueRequired\":true,\"valueName\":\"search_term_string\"}}],\"inLanguage\":\"en-GB\"},{\"@type\":\"Organization\",\"@id\":\"https:\\\/\\\/lahingupood.ee\\\/#organization\",\"name\":\"Lahingurada\",\"url\":\"https:\\\/\\\/lahingupood.ee\\\/\",\"logo\":{\"@type\":\"ImageObject\",\"inLanguage\":\"en-GB\",\"@id\":\"https:\\\/\\\/lahingupood.ee\\\/#\\\/schema\\\/logo\\\/image\\\/\",\"url\":\"https:\\\/\\\/lahingupood.ee\\\/wp-content\\\/uploads\\\/2022\\\/03\\\/lahingurada-220318.jpg\",\"contentUrl\":\"https:\\\/\\\/lahingupood.ee\\\/wp-content\\\/uploads\\\/2022\\\/03\\\/lahingurada-220318.jpg\",\"width\":800,\"height\":500,\"caption\":\"Lahingurada\"},\"image\":{\"@id\":\"https:\\\/\\\/lahingupood.ee\\\/#\\\/schema\\\/logo\\\/image\\\/\"},\"sameAs\":[\"https:\\\/\\\/www.facebook.com\\\/Lahingurada-629940247212967\"]}]}<\/script>\n<!-- \/ Yoast SEO Premium plugin. -->","yoast_head_json":{"title":"M-Pro esmaabi tasku IFAK V2, EEdigi - Lahingurada e-pood","description":"Matrix Protecti taktikaline meditsiinivarustuse tasku IFAK V2 on mitmek\u00fclgne ja v\u00e4ga funktsionaalne meditsiinitasku, mis on loodud kiireks kasutamiseks, kr","robots":{"index":"index","follow":"follow","max-snippet":"max-snippet:-1","max-image-preview":"max-image-preview:large","max-video-preview":"max-video-preview:-1"},"canonical":"https:\/\/lahingupood.ee\/en\/product\/m-pro-esmaabi-tasku-ifak-v2-eedigi\/","og_locale":"en_GB","og_type":"article","og_title":"M-Pro esmaabi tasku IFAK V2, EEdigi","og_description":"Matrix Protecti taktikaline meditsiinivarustuse tasku IFAK V2 on mitmek\u00fclgne ja v\u00e4ga funktsionaalne meditsiinitasku, mis on loodud kiireks kasutamiseks, kr","og_url":"https:\/\/lahingupood.ee\/en\/product\/m-pro-esmaabi-tasku-ifak-v2-eedigi\/","og_site_name":"Lahingurada e-pood","article_publisher":"https:\/\/www.facebook.com\/Lahingurada-629940247212967","article_modified_time":"2025-03-18T10:30:48+00:00","og_image":[{"width":800,"height":500,"url":"https:\/\/lahingupood.ee\/wp-content\/uploads\/2022\/03\/lahingurada-220318.jpg","type":"image\/jpeg"}],"twitter_card":"summary_large_image","twitter_misc":{"Estimated reading time":"2 minutes"},"schema":{"@context":"https:\/\/schema.org","@graph":[{"@type":"WebPage","@id":"https:\/\/lahingupood.ee\/toode\/m-pro-esmaabi-tasku-ifak-v2-eedigi\/","url":"https:\/\/lahingupood.ee\/toode\/m-pro-esmaabi-tasku-ifak-v2-eedigi\/","name":"M-Pro esmaabi tasku IFAK V2, EEdigi - Lahingurada e-pood","isPartOf":{"@id":"https:\/\/lahingupood.ee\/#website"},"primaryImageOfPage":{"@id":"https:\/\/lahingupood.ee\/toode\/m-pro-esmaabi-tasku-ifak-v2-eedigi\/#primaryimage"},"image":{"@id":"https:\/\/lahingupood.ee\/toode\/m-pro-esmaabi-tasku-ifak-v2-eedigi\/#primaryimage"},"thumbnailUrl":"https:\/\/lahingupood.ee\/wp-content\/uploads\/2025\/03\/tasku-24.avif","datePublished":"2025-03-10T15:33:47+00:00","dateModified":"2025-03-18T10:30:48+00:00","description":"Matrix Protecti taktikaline meditsiinivarustuse tasku IFAK V2 on mitmek\u00fclgne ja v\u00e4ga funktsionaalne meditsiinitasku, mis on loodud kiireks kasutamiseks, kr","breadcrumb":{"@id":"https:\/\/lahingupood.ee\/toode\/m-pro-esmaabi-tasku-ifak-v2-eedigi\/#breadcrumb"},"inLanguage":"en-GB","potentialAction":[{"@type":"ReadAction","target":["https:\/\/lahingupood.ee\/toode\/m-pro-esmaabi-tasku-ifak-v2-eedigi\/"]}]},{"@type":"ImageObject","inLanguage":"en-GB","@id":"https:\/\/lahingupood.ee\/toode\/m-pro-esmaabi-tasku-ifak-v2-eedigi\/#primaryimage","url":"https:\/\/lahingupood.ee\/wp-content\/uploads\/2025\/03\/tasku-24.avif","contentUrl":"https:\/\/lahingupood.ee\/wp-content\/uploads\/2025\/03\/tasku-24.avif","width":1080,"height":1080},{"@type":"BreadcrumbList","@id":"https:\/\/lahingupood.ee\/toode\/m-pro-esmaabi-tasku-ifak-v2-eedigi\/#breadcrumb","itemListElement":[{"@type":"ListItem","position":1,"name":"Home","item":"https:\/\/lahingupood.ee\/"},{"@type":"ListItem","position":2,"name":"Tooted","item":"https:\/\/lahingupood.ee\/tooted\/"},{"@type":"ListItem","position":3,"name":"M-Pro esmaabi tasku IFAK V2, EEdigi"}]},{"@type":"WebSite","@id":"https:\/\/lahingupood.ee\/#website","url":"https:\/\/lahingupood.ee\/","name":"Lahingurada e-pood","description":"Airsoft","publisher":{"@id":"https:\/\/lahingupood.ee\/#organization"},"potentialAction":[{"@type":"SearchAction","target":{"@type":"EntryPoint","urlTemplate":"https:\/\/lahingupood.ee\/?s={search_term_string}"},"query-input":{"@type":"PropertyValueSpecification","valueRequired":true,"valueName":"search_term_string"}}],"inLanguage":"en-GB"},{"@type":"Organization","@id":"https:\/\/lahingupood.ee\/#organization","name":"Lahingurada","url":"https:\/\/lahingupood.ee\/","logo":{"@type":"ImageObject","inLanguage":"en-GB","@id":"https:\/\/lahingupood.ee\/#\/schema\/logo\/image\/","url":"https:\/\/lahingupood.ee\/wp-content\/uploads\/2022\/03\/lahingurada-220318.jpg","contentUrl":"https:\/\/lahingupood.ee\/wp-content\/uploads\/2022\/03\/lahingurada-220318.jpg","width":800,"height":500,"caption":"Lahingurada"},"image":{"@id":"https:\/\/lahingupood.ee\/#\/schema\/logo\/image\/"},"sameAs":["https:\/\/www.facebook.com\/Lahingurada-629940247212967"]}]}},"_links":{"self":[{"href":"https:\/\/lahingupood.ee\/en\/wp-json\/wp\/v2\/product\/6136","targetHints":{"allow":["GET"]}}],"collection":[{"href":"https:\/\/lahingupood.ee\/en\/wp-json\/wp\/v2\/product"}],"about":[{"href":"https:\/\/lahingupood.ee\/en\/wp-json\/wp\/v2\/types\/product"}],"wp:featuredmedia":[{"embeddable":true,"href":"https:\/\/lahingupood.ee\/en\/wp-json\/wp\/v2\/media\/6137"}],"wp:attachment":[{"href":"https:\/\/lahingupood.ee\/en\/wp-json\/wp\/v2\/media?parent=6136"}],"wp:term":[{"taxonomy":"product_brand","embeddable":true,"href":"https:\/\/lahingupood.ee\/en\/wp-json\/wp\/v2\/product_brand?post=6136"},{"taxonomy":"product_cat","embeddable":true,"href":"https:\/\/lahingupood.ee\/en\/wp-json\/wp\/v2\/product_cat?post=6136"},{"taxonomy":"product_tag","embeddable":true,"href":"https:\/\/lahingupood.ee\/en\/wp-json\/wp\/v2\/product_tag?post=6136"}],"curies":[{"name":"wp","href":"https:\/\/api.w.org\/{rel}","templated":true}]}}