{"id":6089,"date":"2025-03-10T17:04:06","date_gmt":"2025-03-10T15:04:06","guid":{"rendered":"https:\/\/lahingupood.ee\/?post_type=product&#038;p=6089"},"modified":"2025-03-18T12:33:21","modified_gmt":"2025-03-18T10:33:21","slug":"m-pro-gen2-esmaabi-tasku-ifak-v6-eedigi","status":"publish","type":"product","link":"https:\/\/lahingupood.ee\/en\/product\/m-pro-gen2-esmaabi-tasku-ifak-v6-eedigi\/","title":{"rendered":"M-Pro GEN2 esmaabi tasku IFAK V6, EEdigi"},"content":{"rendered":"<p>M-Pro GEN2 esmaabi tasku IFAK V6 on taktikaline meditsiinivarustuse tasku on Matrix Protecti esmaabitaskute uusim t\u00e4iustatud versioon ning v\u00f5imaldab kiiret juurdep\u00e4\u00e4su esmaabi varustusele. Meditsiinivarustuse tasku koosneb kahest osast: laserl\u00f5igatud, velcroga suletav v\u00e4limine \u00fcmbris ning kokku volditav sisemine varustusepaneel.<\/p>\n<p>V\u00e4limine IFAK \u00fcmbrisel ov v\u00e4ljaulatuv takjapaneel ning on lihtsalt kinnitatav plaadikandja, chestrigi v\u00f5i lahinguv\u00f6\u00f6 kahe takjapaneeli vahele. Takjakinnitus annab paindlikkuse, nt autojuhtidele kellel on vaja kitsamates oludes istuda. \u00dcmbrise \u00fcleval ja all on mikro-MOLLE paneelid koos kummin\u00f6\u00f6ri kinnitusavadega, mis v\u00f5imaldab IFAK v\u00e4lik\u00fcljele kinnitada \u017egutid ja muu olulise varustuse.<\/p>\n<p>IFAK v\u00e4lja t\u00f5mmatav siseosa koosneb kolmest kokku volditavast paneelist, millel on piisavalt kummiaasasid ja lahtreid, et mahutada efektiivselt h\u00e4davajalik esmaabi varustus. V\u00e4ljat\u00f5mmatav siseosa on kokku volditud ja kinnitub lisatakjaga, kuid avada saab \u00fclikiirelt ja kogu esmaabivarustus on koheselt k\u00e4ttesaada. Sisepaneeli otstel on laserl\u00f5igatud MOLLE ribad, mis v\u00f5imaldavad ka selle k\u00fclge kinnitada lisavarustust, n\u00e4iteks kummikinnaste taskut. Siseosa on v\u00e4lja t\u00f5mmatav m\u00f5lemalt poolelt, v\u00f5imaldades seda kiirelt kasutada m\u00f5lema k\u00e4ega nii seljal kui ka eespool hoides.<\/p>","protected":false},"excerpt":{"rendered":"<p>M-Pro GEN2 esmaabi tasku IFAK V6 on taktikaline meditsiinivarustuse tasku on Matrix Protecti esmaabitaskute uusim t\u00e4iustatud versioon ning v\u00f5imaldab kiiret juurdep\u00e4\u00e4su esmaabi varustusele. Meditsiinivarustuse tasku koosneb kahest osast: laserl\u00f5igatud, velcroga suletav v\u00e4limine \u00fcmbris ning kokku volditav sisemine varustusepaneel. V\u00e4limine IFAK \u00fcmbrisel ov v\u00e4ljaulatuv takjapaneel ning on lihtsalt kinnitatav plaadikandja, chestrigi v\u00f5i lahinguv\u00f6\u00f6 kahe takjapaneeli vahele. [&#8230;]\n","protected":false},"featured_media":6090,"template":"","meta":[],"product_brand":[],"product_cat":[203],"product_tag":[],"class_list":{"0":"post-6089","1":"product","2":"type-product","3":"status-publish","4":"has-post-thumbnail","6":"product_cat-meditsiini-varustus","8":"first","9":"onbackorder","10":"taxable","11":"shipping-taxable","12":"purchasable","13":"product-type-simple"},"yoast_head":"<!-- This site is optimized with the Yoast SEO Premium plugin v27.3 (Yoast SEO v27.3) - https:\/\/yoast.com\/product\/yoast-seo-premium-wordpress\/ -->\n<title>M-Pro GEN2 esmaabi tasku IFAK V6, EEdigi - Lahingurada e-pood<\/title>\n<meta name=\"description\" content=\"M-Pro GEN2 esmaabi tasku IFAK V6 on taktikaline meditsiinivarustuse tasku on Matrix Protecti esmaabitaskute uusim t\u00e4iustatud versioon ning v\u00f5imaldab kiiret\" \/>\n<meta name=\"robots\" content=\"index, follow, max-snippet:-1, max-image-preview:large, max-video-preview:-1\" \/>\n<link rel=\"canonical\" href=\"https:\/\/lahingupood.ee\/en\/product\/m-pro-gen2-esmaabi-tasku-ifak-v6-eedigi\/\" \/>\n<meta property=\"og:locale\" content=\"en_GB\" \/>\n<meta property=\"og:type\" content=\"article\" \/>\n<meta property=\"og:title\" content=\"M-Pro GEN2 esmaabi tasku IFAK V6, EEdigi\" \/>\n<meta property=\"og:description\" content=\"M-Pro GEN2 esmaabi tasku IFAK V6 on taktikaline meditsiinivarustuse tasku on Matrix Protecti esmaabitaskute uusim t\u00e4iustatud versioon ning v\u00f5imaldab kiiret\" \/>\n<meta property=\"og:url\" content=\"https:\/\/lahingupood.ee\/en\/product\/m-pro-gen2-esmaabi-tasku-ifak-v6-eedigi\/\" \/>\n<meta property=\"og:site_name\" content=\"Lahingurada e-pood\" \/>\n<meta property=\"article:publisher\" content=\"https:\/\/www.facebook.com\/Lahingurada-629940247212967\" \/>\n<meta property=\"article:modified_time\" content=\"2025-03-18T10:33:21+00:00\" \/>\n<meta property=\"og:image\" content=\"https:\/\/lahingupood.ee\/wp-content\/uploads\/2022\/03\/lahingurada-220318.jpg\" \/>\n\t<meta property=\"og:image:width\" content=\"800\" \/>\n\t<meta property=\"og:image:height\" content=\"500\" \/>\n\t<meta property=\"og:image:type\" content=\"image\/jpeg\" \/>\n<meta name=\"twitter:card\" content=\"summary_large_image\" \/>\n<meta name=\"twitter:label1\" content=\"Estimated reading time\" \/>\n\t<meta name=\"twitter:data1\" content=\"2 minutes\" \/>\n<script type=\"application\/ld+json\" class=\"yoast-schema-graph\">{\"@context\":\"https:\\\/\\\/schema.org\",\"@graph\":[{\"@type\":\"WebPage\",\"@id\":\"https:\\\/\\\/lahingupood.ee\\\/toode\\\/m-pro-gen2-esmaabi-tasku-ifak-v6-eedigi\\\/\",\"url\":\"https:\\\/\\\/lahingupood.ee\\\/toode\\\/m-pro-gen2-esmaabi-tasku-ifak-v6-eedigi\\\/\",\"name\":\"M-Pro GEN2 esmaabi tasku IFAK V6, EEdigi - Lahingurada e-pood\",\"isPartOf\":{\"@id\":\"https:\\\/\\\/lahingupood.ee\\\/#website\"},\"primaryImageOfPage\":{\"@id\":\"https:\\\/\\\/lahingupood.ee\\\/toode\\\/m-pro-gen2-esmaabi-tasku-ifak-v6-eedigi\\\/#primaryimage\"},\"image\":{\"@id\":\"https:\\\/\\\/lahingupood.ee\\\/toode\\\/m-pro-gen2-esmaabi-tasku-ifak-v6-eedigi\\\/#primaryimage\"},\"thumbnailUrl\":\"https:\\\/\\\/lahingupood.ee\\\/wp-content\\\/uploads\\\/2025\\\/03\\\/tasku-20.avif\",\"datePublished\":\"2025-03-10T15:04:06+00:00\",\"dateModified\":\"2025-03-18T10:33:21+00:00\",\"description\":\"M-Pro GEN2 esmaabi tasku IFAK V6 on taktikaline meditsiinivarustuse tasku on Matrix Protecti esmaabitaskute uusim t\u00e4iustatud versioon ning v\u00f5imaldab kiiret\",\"breadcrumb\":{\"@id\":\"https:\\\/\\\/lahingupood.ee\\\/toode\\\/m-pro-gen2-esmaabi-tasku-ifak-v6-eedigi\\\/#breadcrumb\"},\"inLanguage\":\"en-GB\",\"potentialAction\":[{\"@type\":\"ReadAction\",\"target\":[\"https:\\\/\\\/lahingupood.ee\\\/toode\\\/m-pro-gen2-esmaabi-tasku-ifak-v6-eedigi\\\/\"]}]},{\"@type\":\"ImageObject\",\"inLanguage\":\"en-GB\",\"@id\":\"https:\\\/\\\/lahingupood.ee\\\/toode\\\/m-pro-gen2-esmaabi-tasku-ifak-v6-eedigi\\\/#primaryimage\",\"url\":\"https:\\\/\\\/lahingupood.ee\\\/wp-content\\\/uploads\\\/2025\\\/03\\\/tasku-20.avif\",\"contentUrl\":\"https:\\\/\\\/lahingupood.ee\\\/wp-content\\\/uploads\\\/2025\\\/03\\\/tasku-20.avif\",\"width\":1080,\"height\":1080},{\"@type\":\"BreadcrumbList\",\"@id\":\"https:\\\/\\\/lahingupood.ee\\\/toode\\\/m-pro-gen2-esmaabi-tasku-ifak-v6-eedigi\\\/#breadcrumb\",\"itemListElement\":[{\"@type\":\"ListItem\",\"position\":1,\"name\":\"Home\",\"item\":\"https:\\\/\\\/lahingupood.ee\\\/\"},{\"@type\":\"ListItem\",\"position\":2,\"name\":\"Tooted\",\"item\":\"https:\\\/\\\/lahingupood.ee\\\/tooted\\\/\"},{\"@type\":\"ListItem\",\"position\":3,\"name\":\"M-Pro GEN2 esmaabi tasku IFAK V6, EEdigi\"}]},{\"@type\":\"WebSite\",\"@id\":\"https:\\\/\\\/lahingupood.ee\\\/#website\",\"url\":\"https:\\\/\\\/lahingupood.ee\\\/\",\"name\":\"Lahingurada e-pood\",\"description\":\"Airsoft\",\"publisher\":{\"@id\":\"https:\\\/\\\/lahingupood.ee\\\/#organization\"},\"potentialAction\":[{\"@type\":\"SearchAction\",\"target\":{\"@type\":\"EntryPoint\",\"urlTemplate\":\"https:\\\/\\\/lahingupood.ee\\\/?s={search_term_string}\"},\"query-input\":{\"@type\":\"PropertyValueSpecification\",\"valueRequired\":true,\"valueName\":\"search_term_string\"}}],\"inLanguage\":\"en-GB\"},{\"@type\":\"Organization\",\"@id\":\"https:\\\/\\\/lahingupood.ee\\\/#organization\",\"name\":\"Lahingurada\",\"url\":\"https:\\\/\\\/lahingupood.ee\\\/\",\"logo\":{\"@type\":\"ImageObject\",\"inLanguage\":\"en-GB\",\"@id\":\"https:\\\/\\\/lahingupood.ee\\\/#\\\/schema\\\/logo\\\/image\\\/\",\"url\":\"https:\\\/\\\/lahingupood.ee\\\/wp-content\\\/uploads\\\/2022\\\/03\\\/lahingurada-220318.jpg\",\"contentUrl\":\"https:\\\/\\\/lahingupood.ee\\\/wp-content\\\/uploads\\\/2022\\\/03\\\/lahingurada-220318.jpg\",\"width\":800,\"height\":500,\"caption\":\"Lahingurada\"},\"image\":{\"@id\":\"https:\\\/\\\/lahingupood.ee\\\/#\\\/schema\\\/logo\\\/image\\\/\"},\"sameAs\":[\"https:\\\/\\\/www.facebook.com\\\/Lahingurada-629940247212967\"]}]}<\/script>\n<!-- \/ Yoast SEO Premium plugin. -->","yoast_head_json":{"title":"M-Pro GEN2 esmaabi tasku IFAK V6, EEdigi - Lahingurada e-pood","description":"M-Pro GEN2 esmaabi tasku IFAK V6 on taktikaline meditsiinivarustuse tasku on Matrix Protecti esmaabitaskute uusim t\u00e4iustatud versioon ning v\u00f5imaldab kiiret","robots":{"index":"index","follow":"follow","max-snippet":"max-snippet:-1","max-image-preview":"max-image-preview:large","max-video-preview":"max-video-preview:-1"},"canonical":"https:\/\/lahingupood.ee\/en\/product\/m-pro-gen2-esmaabi-tasku-ifak-v6-eedigi\/","og_locale":"en_GB","og_type":"article","og_title":"M-Pro GEN2 esmaabi tasku IFAK V6, EEdigi","og_description":"M-Pro GEN2 esmaabi tasku IFAK V6 on taktikaline meditsiinivarustuse tasku on Matrix Protecti esmaabitaskute uusim t\u00e4iustatud versioon ning v\u00f5imaldab kiiret","og_url":"https:\/\/lahingupood.ee\/en\/product\/m-pro-gen2-esmaabi-tasku-ifak-v6-eedigi\/","og_site_name":"Lahingurada e-pood","article_publisher":"https:\/\/www.facebook.com\/Lahingurada-629940247212967","article_modified_time":"2025-03-18T10:33:21+00:00","og_image":[{"width":800,"height":500,"url":"https:\/\/lahingupood.ee\/wp-content\/uploads\/2022\/03\/lahingurada-220318.jpg","type":"image\/jpeg"}],"twitter_card":"summary_large_image","twitter_misc":{"Estimated reading time":"2 minutes"},"schema":{"@context":"https:\/\/schema.org","@graph":[{"@type":"WebPage","@id":"https:\/\/lahingupood.ee\/toode\/m-pro-gen2-esmaabi-tasku-ifak-v6-eedigi\/","url":"https:\/\/lahingupood.ee\/toode\/m-pro-gen2-esmaabi-tasku-ifak-v6-eedigi\/","name":"M-Pro GEN2 esmaabi tasku IFAK V6, EEdigi - Lahingurada e-pood","isPartOf":{"@id":"https:\/\/lahingupood.ee\/#website"},"primaryImageOfPage":{"@id":"https:\/\/lahingupood.ee\/toode\/m-pro-gen2-esmaabi-tasku-ifak-v6-eedigi\/#primaryimage"},"image":{"@id":"https:\/\/lahingupood.ee\/toode\/m-pro-gen2-esmaabi-tasku-ifak-v6-eedigi\/#primaryimage"},"thumbnailUrl":"https:\/\/lahingupood.ee\/wp-content\/uploads\/2025\/03\/tasku-20.avif","datePublished":"2025-03-10T15:04:06+00:00","dateModified":"2025-03-18T10:33:21+00:00","description":"M-Pro GEN2 esmaabi tasku IFAK V6 on taktikaline meditsiinivarustuse tasku on Matrix Protecti esmaabitaskute uusim t\u00e4iustatud versioon ning v\u00f5imaldab kiiret","breadcrumb":{"@id":"https:\/\/lahingupood.ee\/toode\/m-pro-gen2-esmaabi-tasku-ifak-v6-eedigi\/#breadcrumb"},"inLanguage":"en-GB","potentialAction":[{"@type":"ReadAction","target":["https:\/\/lahingupood.ee\/toode\/m-pro-gen2-esmaabi-tasku-ifak-v6-eedigi\/"]}]},{"@type":"ImageObject","inLanguage":"en-GB","@id":"https:\/\/lahingupood.ee\/toode\/m-pro-gen2-esmaabi-tasku-ifak-v6-eedigi\/#primaryimage","url":"https:\/\/lahingupood.ee\/wp-content\/uploads\/2025\/03\/tasku-20.avif","contentUrl":"https:\/\/lahingupood.ee\/wp-content\/uploads\/2025\/03\/tasku-20.avif","width":1080,"height":1080},{"@type":"BreadcrumbList","@id":"https:\/\/lahingupood.ee\/toode\/m-pro-gen2-esmaabi-tasku-ifak-v6-eedigi\/#breadcrumb","itemListElement":[{"@type":"ListItem","position":1,"name":"Home","item":"https:\/\/lahingupood.ee\/"},{"@type":"ListItem","position":2,"name":"Tooted","item":"https:\/\/lahingupood.ee\/tooted\/"},{"@type":"ListItem","position":3,"name":"M-Pro GEN2 esmaabi tasku IFAK V6, EEdigi"}]},{"@type":"WebSite","@id":"https:\/\/lahingupood.ee\/#website","url":"https:\/\/lahingupood.ee\/","name":"Lahingurada e-pood","description":"Airsoft","publisher":{"@id":"https:\/\/lahingupood.ee\/#organization"},"potentialAction":[{"@type":"SearchAction","target":{"@type":"EntryPoint","urlTemplate":"https:\/\/lahingupood.ee\/?s={search_term_string}"},"query-input":{"@type":"PropertyValueSpecification","valueRequired":true,"valueName":"search_term_string"}}],"inLanguage":"en-GB"},{"@type":"Organization","@id":"https:\/\/lahingupood.ee\/#organization","name":"Lahingurada","url":"https:\/\/lahingupood.ee\/","logo":{"@type":"ImageObject","inLanguage":"en-GB","@id":"https:\/\/lahingupood.ee\/#\/schema\/logo\/image\/","url":"https:\/\/lahingupood.ee\/wp-content\/uploads\/2022\/03\/lahingurada-220318.jpg","contentUrl":"https:\/\/lahingupood.ee\/wp-content\/uploads\/2022\/03\/lahingurada-220318.jpg","width":800,"height":500,"caption":"Lahingurada"},"image":{"@id":"https:\/\/lahingupood.ee\/#\/schema\/logo\/image\/"},"sameAs":["https:\/\/www.facebook.com\/Lahingurada-629940247212967"]}]}},"_links":{"self":[{"href":"https:\/\/lahingupood.ee\/en\/wp-json\/wp\/v2\/product\/6089","targetHints":{"allow":["GET"]}}],"collection":[{"href":"https:\/\/lahingupood.ee\/en\/wp-json\/wp\/v2\/product"}],"about":[{"href":"https:\/\/lahingupood.ee\/en\/wp-json\/wp\/v2\/types\/product"}],"wp:featuredmedia":[{"embeddable":true,"href":"https:\/\/lahingupood.ee\/en\/wp-json\/wp\/v2\/media\/6090"}],"wp:attachment":[{"href":"https:\/\/lahingupood.ee\/en\/wp-json\/wp\/v2\/media?parent=6089"}],"wp:term":[{"taxonomy":"product_brand","embeddable":true,"href":"https:\/\/lahingupood.ee\/en\/wp-json\/wp\/v2\/product_brand?post=6089"},{"taxonomy":"product_cat","embeddable":true,"href":"https:\/\/lahingupood.ee\/en\/wp-json\/wp\/v2\/product_cat?post=6089"},{"taxonomy":"product_tag","embeddable":true,"href":"https:\/\/lahingupood.ee\/en\/wp-json\/wp\/v2\/product_tag?post=6089"}],"curies":[{"name":"wp","href":"https:\/\/api.w.org\/{rel}","templated":true}]}}