{"id":6082,"date":"2025-03-10T16:34:21","date_gmt":"2025-03-10T14:34:21","guid":{"rendered":"https:\/\/lahingupood.ee\/?post_type=product&#038;p=6082"},"modified":"2025-03-18T12:34:42","modified_gmt":"2025-03-18T10:34:42","slug":"gen2-lahinguvoo-koos-sisevooga-ja-laserloigatud-piludega-v4-eedigi","status":"publish","type":"product","link":"https:\/\/lahingupood.ee\/en\/product\/gen2-lahinguvoo-koos-sisevooga-ja-laserloigatud-piludega-v4-eedigi\/","title":{"rendered":"GEN2 lahinguv\u00f6\u00f6 koos sisev\u00f6\u00f6ga ja laserl\u00f5igatud piludega V4 EEdigi"},"content":{"rendered":"<p>Matrix Protecti GEN2\u00a0 50mm laiune lahinguv\u00f6\u00f6\u00a0 V4\u00a0 koosneb nii\u00a0 pehme takjaga kaetud sisev\u00f6\u00f6st kui\u00a0 laserl\u00f5igatud piludega v\u00e4lisv\u00f6\u00f6st. V\u00e4lisv\u00f6\u00f6 koosneb kolmest kihist. Seesmine kiht on valmistatud karedast takjapaelast, mille abil fikseeritakse v\u00f6\u00f6 alusv\u00f6\u00f6le ning saab v\u00f6\u00f6d kiiresti peale panna ning maha v\u00f5tta. Keskmine osa on tugevast ja j\u00e4igast v\u00f6\u00f6rihmast ning v\u00e4line osa on tehtud tugevast ja kindlast laserl\u00f5igatud laminaatkangast. V\u00f6\u00f6 v\u00e4lisosa on NIR omadustega. V\u00f6\u00f6 k\u00fcljes on 50 mm laiune plastist pannal, mille abil on mugav v\u00f6\u00f6d sulgeda ja fikseerida. Ka v\u00e4lise v\u00f6\u00f6 pikkust saab reguleerida takjapaneeli abi pikemaks v\u00f5i l\u00fchemaks ning fikseerida konkreetsesse pikkusesse. Vajadusel saab plastpannalt kiiresti asendada kas Cobra v\u00f5i mingi muu sobiva pandlaga.\u00a0 50mm laiune lahinguv\u00f6\u00f6 sisev\u00f6\u00f6 V1 on m\u00f5eldud kasutamiseks iseseisvalt eraldi v\u00f6\u00f6na p\u00fckste peal v\u00f5i koos v\u00e4lise osaga, mis kinnitub sisev\u00f6\u00f6le kareda takja abil. Sisev\u00f6\u00f6 koosneb kolmest kihist. Seesmine kiht on valmistatud antislip materjalist, mis takistab v\u00f6\u00f6 libisemist riiete peal. Keskmine osa on tugevast v\u00f6\u00f6rihmast ning v\u00e4line osa on tehtud digitr\u00fckiga pehmest takjariidest. V\u00f6\u00f6 v\u00e4lisosa on NIR omadustega. V\u00f6\u00f6 k\u00fclge on \u00f5mmeldud tugevast plastist pannal ning lisaks on v\u00f6\u00f6 sisepinnal v\u00e4ike kareda takja t\u00fckk, mis fikseerib v\u00f6\u00f6 kindlasse pikkusesse. Lisaks saab v\u00f6\u00f6d kasutada koos traksidega, kui v\u00f6\u00f6le on kinnitatud liiga palju varustust ning on vajadus raskust jagada \u00f5lgadele<\/p>\n<p>V\u00f6\u00f6ga on komplektis plastist pannal, Cobra t\u00fc\u00fcpi pannal tuleb eraldi hankida.<\/p>","protected":false},"excerpt":{"rendered":"<p>Matrix Protecti GEN2\u00a0 50mm laiune lahinguv\u00f6\u00f6\u00a0 V4\u00a0 koosneb nii\u00a0 pehme takjaga kaetud sisev\u00f6\u00f6st kui\u00a0 laserl\u00f5igatud piludega v\u00e4lisv\u00f6\u00f6st. V\u00e4lisv\u00f6\u00f6 koosneb kolmest kihist. Seesmine kiht on valmistatud karedast takjapaelast, mille abil fikseeritakse v\u00f6\u00f6 alusv\u00f6\u00f6le ning saab v\u00f6\u00f6d kiiresti peale panna ning maha v\u00f5tta. Keskmine osa on tugevast ja j\u00e4igast v\u00f6\u00f6rihmast ning v\u00e4line osa on tehtud tugevast ja [&#8230;]\n","protected":false},"featured_media":6083,"template":"","meta":[],"product_brand":[],"product_cat":[202],"product_tag":[],"class_list":{"0":"post-6082","1":"product","2":"type-product","3":"status-publish","4":"has-post-thumbnail","6":"product_cat-lahinguvood","8":"first","9":"onbackorder","10":"taxable","11":"shipping-taxable","12":"purchasable","13":"product-type-simple"},"yoast_head":"<!-- This site is optimized with the Yoast SEO Premium plugin v27.3 (Yoast SEO v27.3) - https:\/\/yoast.com\/product\/yoast-seo-premium-wordpress\/ -->\n<title>GEN2 lahinguv\u00f6\u00f6 koos sisev\u00f6\u00f6ga ja laserl\u00f5igatud piludega V4 EEdigi - Lahingurada e-pood<\/title>\n<meta name=\"description\" content=\"Matrix Protecti GEN2\u00a0 50mm laiune lahinguv\u00f6\u00f6\u00a0 V4\u00a0 koosneb nii\u00a0 pehme takjaga kaetud sisev\u00f6\u00f6st kui\u00a0 laserl\u00f5igatud piludega v\u00e4lisv\u00f6\u00f6st. V\u00e4lisv\u00f6\u00f6 koosneb kolmest ki\" \/>\n<meta name=\"robots\" content=\"index, follow, max-snippet:-1, max-image-preview:large, max-video-preview:-1\" \/>\n<link rel=\"canonical\" href=\"https:\/\/lahingupood.ee\/en\/product\/gen2-lahinguvoo-koos-sisevooga-ja-laserloigatud-piludega-v4-eedigi\/\" \/>\n<meta property=\"og:locale\" content=\"en_GB\" \/>\n<meta property=\"og:type\" content=\"article\" \/>\n<meta property=\"og:title\" content=\"GEN2 lahinguv\u00f6\u00f6 koos sisev\u00f6\u00f6ga ja laserl\u00f5igatud piludega V4 EEdigi\" \/>\n<meta property=\"og:description\" content=\"Matrix Protecti GEN2\u00a0 50mm laiune lahinguv\u00f6\u00f6\u00a0 V4\u00a0 koosneb nii\u00a0 pehme takjaga kaetud sisev\u00f6\u00f6st kui\u00a0 laserl\u00f5igatud piludega v\u00e4lisv\u00f6\u00f6st. V\u00e4lisv\u00f6\u00f6 koosneb kolmest ki\" \/>\n<meta property=\"og:url\" content=\"https:\/\/lahingupood.ee\/en\/product\/gen2-lahinguvoo-koos-sisevooga-ja-laserloigatud-piludega-v4-eedigi\/\" \/>\n<meta property=\"og:site_name\" content=\"Lahingurada e-pood\" \/>\n<meta property=\"article:publisher\" content=\"https:\/\/www.facebook.com\/Lahingurada-629940247212967\" \/>\n<meta property=\"article:modified_time\" content=\"2025-03-18T10:34:42+00:00\" \/>\n<meta property=\"og:image\" content=\"https:\/\/lahingupood.ee\/wp-content\/uploads\/2022\/03\/lahingurada-220318.jpg\" \/>\n\t<meta property=\"og:image:width\" content=\"800\" \/>\n\t<meta property=\"og:image:height\" content=\"500\" \/>\n\t<meta property=\"og:image:type\" content=\"image\/jpeg\" \/>\n<meta name=\"twitter:card\" content=\"summary_large_image\" \/>\n<meta name=\"twitter:label1\" content=\"Estimated reading time\" \/>\n\t<meta name=\"twitter:data1\" content=\"2 minutes\" \/>\n<script type=\"application\/ld+json\" class=\"yoast-schema-graph\">{\"@context\":\"https:\\\/\\\/schema.org\",\"@graph\":[{\"@type\":\"WebPage\",\"@id\":\"https:\\\/\\\/lahingupood.ee\\\/toode\\\/gen2-lahinguvoo-koos-sisevooga-ja-laserloigatud-piludega-v4-eedigi\\\/\",\"url\":\"https:\\\/\\\/lahingupood.ee\\\/toode\\\/gen2-lahinguvoo-koos-sisevooga-ja-laserloigatud-piludega-v4-eedigi\\\/\",\"name\":\"GEN2 lahinguv\u00f6\u00f6 koos sisev\u00f6\u00f6ga ja laserl\u00f5igatud piludega V4 EEdigi - Lahingurada e-pood\",\"isPartOf\":{\"@id\":\"https:\\\/\\\/lahingupood.ee\\\/#website\"},\"primaryImageOfPage\":{\"@id\":\"https:\\\/\\\/lahingupood.ee\\\/toode\\\/gen2-lahinguvoo-koos-sisevooga-ja-laserloigatud-piludega-v4-eedigi\\\/#primaryimage\"},\"image\":{\"@id\":\"https:\\\/\\\/lahingupood.ee\\\/toode\\\/gen2-lahinguvoo-koos-sisevooga-ja-laserloigatud-piludega-v4-eedigi\\\/#primaryimage\"},\"thumbnailUrl\":\"https:\\\/\\\/lahingupood.ee\\\/wp-content\\\/uploads\\\/2025\\\/03\\\/voo-7.avif\",\"datePublished\":\"2025-03-10T14:34:21+00:00\",\"dateModified\":\"2025-03-18T10:34:42+00:00\",\"description\":\"Matrix Protecti GEN2\u00a0 50mm laiune lahinguv\u00f6\u00f6\u00a0 V4\u00a0 koosneb nii\u00a0 pehme takjaga kaetud sisev\u00f6\u00f6st kui\u00a0 laserl\u00f5igatud piludega v\u00e4lisv\u00f6\u00f6st. V\u00e4lisv\u00f6\u00f6 koosneb kolmest ki\",\"breadcrumb\":{\"@id\":\"https:\\\/\\\/lahingupood.ee\\\/toode\\\/gen2-lahinguvoo-koos-sisevooga-ja-laserloigatud-piludega-v4-eedigi\\\/#breadcrumb\"},\"inLanguage\":\"en-GB\",\"potentialAction\":[{\"@type\":\"ReadAction\",\"target\":[\"https:\\\/\\\/lahingupood.ee\\\/toode\\\/gen2-lahinguvoo-koos-sisevooga-ja-laserloigatud-piludega-v4-eedigi\\\/\"]}]},{\"@type\":\"ImageObject\",\"inLanguage\":\"en-GB\",\"@id\":\"https:\\\/\\\/lahingupood.ee\\\/toode\\\/gen2-lahinguvoo-koos-sisevooga-ja-laserloigatud-piludega-v4-eedigi\\\/#primaryimage\",\"url\":\"https:\\\/\\\/lahingupood.ee\\\/wp-content\\\/uploads\\\/2025\\\/03\\\/voo-7.avif\",\"contentUrl\":\"https:\\\/\\\/lahingupood.ee\\\/wp-content\\\/uploads\\\/2025\\\/03\\\/voo-7.avif\",\"width\":1080,\"height\":1080},{\"@type\":\"BreadcrumbList\",\"@id\":\"https:\\\/\\\/lahingupood.ee\\\/toode\\\/gen2-lahinguvoo-koos-sisevooga-ja-laserloigatud-piludega-v4-eedigi\\\/#breadcrumb\",\"itemListElement\":[{\"@type\":\"ListItem\",\"position\":1,\"name\":\"Home\",\"item\":\"https:\\\/\\\/lahingupood.ee\\\/\"},{\"@type\":\"ListItem\",\"position\":2,\"name\":\"Tooted\",\"item\":\"https:\\\/\\\/lahingupood.ee\\\/tooted\\\/\"},{\"@type\":\"ListItem\",\"position\":3,\"name\":\"GEN2 lahinguv\u00f6\u00f6 koos sisev\u00f6\u00f6ga ja laserl\u00f5igatud piludega V4 EEdigi\"}]},{\"@type\":\"WebSite\",\"@id\":\"https:\\\/\\\/lahingupood.ee\\\/#website\",\"url\":\"https:\\\/\\\/lahingupood.ee\\\/\",\"name\":\"Lahingurada e-pood\",\"description\":\"Airsoft\",\"publisher\":{\"@id\":\"https:\\\/\\\/lahingupood.ee\\\/#organization\"},\"potentialAction\":[{\"@type\":\"SearchAction\",\"target\":{\"@type\":\"EntryPoint\",\"urlTemplate\":\"https:\\\/\\\/lahingupood.ee\\\/?s={search_term_string}\"},\"query-input\":{\"@type\":\"PropertyValueSpecification\",\"valueRequired\":true,\"valueName\":\"search_term_string\"}}],\"inLanguage\":\"en-GB\"},{\"@type\":\"Organization\",\"@id\":\"https:\\\/\\\/lahingupood.ee\\\/#organization\",\"name\":\"Lahingurada\",\"url\":\"https:\\\/\\\/lahingupood.ee\\\/\",\"logo\":{\"@type\":\"ImageObject\",\"inLanguage\":\"en-GB\",\"@id\":\"https:\\\/\\\/lahingupood.ee\\\/#\\\/schema\\\/logo\\\/image\\\/\",\"url\":\"https:\\\/\\\/lahingupood.ee\\\/wp-content\\\/uploads\\\/2022\\\/03\\\/lahingurada-220318.jpg\",\"contentUrl\":\"https:\\\/\\\/lahingupood.ee\\\/wp-content\\\/uploads\\\/2022\\\/03\\\/lahingurada-220318.jpg\",\"width\":800,\"height\":500,\"caption\":\"Lahingurada\"},\"image\":{\"@id\":\"https:\\\/\\\/lahingupood.ee\\\/#\\\/schema\\\/logo\\\/image\\\/\"},\"sameAs\":[\"https:\\\/\\\/www.facebook.com\\\/Lahingurada-629940247212967\"]}]}<\/script>\n<!-- \/ Yoast SEO Premium plugin. -->","yoast_head_json":{"title":"GEN2 lahinguv\u00f6\u00f6 koos sisev\u00f6\u00f6ga ja laserl\u00f5igatud piludega V4 EEdigi - Lahingurada e-pood","description":"Matrix Protecti GEN2\u00a0 50mm laiune lahinguv\u00f6\u00f6\u00a0 V4\u00a0 koosneb nii\u00a0 pehme takjaga kaetud sisev\u00f6\u00f6st kui\u00a0 laserl\u00f5igatud piludega v\u00e4lisv\u00f6\u00f6st. V\u00e4lisv\u00f6\u00f6 koosneb kolmest ki","robots":{"index":"index","follow":"follow","max-snippet":"max-snippet:-1","max-image-preview":"max-image-preview:large","max-video-preview":"max-video-preview:-1"},"canonical":"https:\/\/lahingupood.ee\/en\/product\/gen2-lahinguvoo-koos-sisevooga-ja-laserloigatud-piludega-v4-eedigi\/","og_locale":"en_GB","og_type":"article","og_title":"GEN2 lahinguv\u00f6\u00f6 koos sisev\u00f6\u00f6ga ja laserl\u00f5igatud piludega V4 EEdigi","og_description":"Matrix Protecti GEN2\u00a0 50mm laiune lahinguv\u00f6\u00f6\u00a0 V4\u00a0 koosneb nii\u00a0 pehme takjaga kaetud sisev\u00f6\u00f6st kui\u00a0 laserl\u00f5igatud piludega v\u00e4lisv\u00f6\u00f6st. V\u00e4lisv\u00f6\u00f6 koosneb kolmest ki","og_url":"https:\/\/lahingupood.ee\/en\/product\/gen2-lahinguvoo-koos-sisevooga-ja-laserloigatud-piludega-v4-eedigi\/","og_site_name":"Lahingurada e-pood","article_publisher":"https:\/\/www.facebook.com\/Lahingurada-629940247212967","article_modified_time":"2025-03-18T10:34:42+00:00","og_image":[{"width":800,"height":500,"url":"https:\/\/lahingupood.ee\/wp-content\/uploads\/2022\/03\/lahingurada-220318.jpg","type":"image\/jpeg"}],"twitter_card":"summary_large_image","twitter_misc":{"Estimated reading time":"2 minutes"},"schema":{"@context":"https:\/\/schema.org","@graph":[{"@type":"WebPage","@id":"https:\/\/lahingupood.ee\/toode\/gen2-lahinguvoo-koos-sisevooga-ja-laserloigatud-piludega-v4-eedigi\/","url":"https:\/\/lahingupood.ee\/toode\/gen2-lahinguvoo-koos-sisevooga-ja-laserloigatud-piludega-v4-eedigi\/","name":"GEN2 lahinguv\u00f6\u00f6 koos sisev\u00f6\u00f6ga ja laserl\u00f5igatud piludega V4 EEdigi - Lahingurada e-pood","isPartOf":{"@id":"https:\/\/lahingupood.ee\/#website"},"primaryImageOfPage":{"@id":"https:\/\/lahingupood.ee\/toode\/gen2-lahinguvoo-koos-sisevooga-ja-laserloigatud-piludega-v4-eedigi\/#primaryimage"},"image":{"@id":"https:\/\/lahingupood.ee\/toode\/gen2-lahinguvoo-koos-sisevooga-ja-laserloigatud-piludega-v4-eedigi\/#primaryimage"},"thumbnailUrl":"https:\/\/lahingupood.ee\/wp-content\/uploads\/2025\/03\/voo-7.avif","datePublished":"2025-03-10T14:34:21+00:00","dateModified":"2025-03-18T10:34:42+00:00","description":"Matrix Protecti GEN2\u00a0 50mm laiune lahinguv\u00f6\u00f6\u00a0 V4\u00a0 koosneb nii\u00a0 pehme takjaga kaetud sisev\u00f6\u00f6st kui\u00a0 laserl\u00f5igatud piludega v\u00e4lisv\u00f6\u00f6st. V\u00e4lisv\u00f6\u00f6 koosneb kolmest ki","breadcrumb":{"@id":"https:\/\/lahingupood.ee\/toode\/gen2-lahinguvoo-koos-sisevooga-ja-laserloigatud-piludega-v4-eedigi\/#breadcrumb"},"inLanguage":"en-GB","potentialAction":[{"@type":"ReadAction","target":["https:\/\/lahingupood.ee\/toode\/gen2-lahinguvoo-koos-sisevooga-ja-laserloigatud-piludega-v4-eedigi\/"]}]},{"@type":"ImageObject","inLanguage":"en-GB","@id":"https:\/\/lahingupood.ee\/toode\/gen2-lahinguvoo-koos-sisevooga-ja-laserloigatud-piludega-v4-eedigi\/#primaryimage","url":"https:\/\/lahingupood.ee\/wp-content\/uploads\/2025\/03\/voo-7.avif","contentUrl":"https:\/\/lahingupood.ee\/wp-content\/uploads\/2025\/03\/voo-7.avif","width":1080,"height":1080},{"@type":"BreadcrumbList","@id":"https:\/\/lahingupood.ee\/toode\/gen2-lahinguvoo-koos-sisevooga-ja-laserloigatud-piludega-v4-eedigi\/#breadcrumb","itemListElement":[{"@type":"ListItem","position":1,"name":"Home","item":"https:\/\/lahingupood.ee\/"},{"@type":"ListItem","position":2,"name":"Tooted","item":"https:\/\/lahingupood.ee\/tooted\/"},{"@type":"ListItem","position":3,"name":"GEN2 lahinguv\u00f6\u00f6 koos sisev\u00f6\u00f6ga ja laserl\u00f5igatud piludega V4 EEdigi"}]},{"@type":"WebSite","@id":"https:\/\/lahingupood.ee\/#website","url":"https:\/\/lahingupood.ee\/","name":"Lahingurada e-pood","description":"Airsoft","publisher":{"@id":"https:\/\/lahingupood.ee\/#organization"},"potentialAction":[{"@type":"SearchAction","target":{"@type":"EntryPoint","urlTemplate":"https:\/\/lahingupood.ee\/?s={search_term_string}"},"query-input":{"@type":"PropertyValueSpecification","valueRequired":true,"valueName":"search_term_string"}}],"inLanguage":"en-GB"},{"@type":"Organization","@id":"https:\/\/lahingupood.ee\/#organization","name":"Lahingurada","url":"https:\/\/lahingupood.ee\/","logo":{"@type":"ImageObject","inLanguage":"en-GB","@id":"https:\/\/lahingupood.ee\/#\/schema\/logo\/image\/","url":"https:\/\/lahingupood.ee\/wp-content\/uploads\/2022\/03\/lahingurada-220318.jpg","contentUrl":"https:\/\/lahingupood.ee\/wp-content\/uploads\/2022\/03\/lahingurada-220318.jpg","width":800,"height":500,"caption":"Lahingurada"},"image":{"@id":"https:\/\/lahingupood.ee\/#\/schema\/logo\/image\/"},"sameAs":["https:\/\/www.facebook.com\/Lahingurada-629940247212967"]}]}},"_links":{"self":[{"href":"https:\/\/lahingupood.ee\/en\/wp-json\/wp\/v2\/product\/6082","targetHints":{"allow":["GET"]}}],"collection":[{"href":"https:\/\/lahingupood.ee\/en\/wp-json\/wp\/v2\/product"}],"about":[{"href":"https:\/\/lahingupood.ee\/en\/wp-json\/wp\/v2\/types\/product"}],"wp:featuredmedia":[{"embeddable":true,"href":"https:\/\/lahingupood.ee\/en\/wp-json\/wp\/v2\/media\/6083"}],"wp:attachment":[{"href":"https:\/\/lahingupood.ee\/en\/wp-json\/wp\/v2\/media?parent=6082"}],"wp:term":[{"taxonomy":"product_brand","embeddable":true,"href":"https:\/\/lahingupood.ee\/en\/wp-json\/wp\/v2\/product_brand?post=6082"},{"taxonomy":"product_cat","embeddable":true,"href":"https:\/\/lahingupood.ee\/en\/wp-json\/wp\/v2\/product_cat?post=6082"},{"taxonomy":"product_tag","embeddable":true,"href":"https:\/\/lahingupood.ee\/en\/wp-json\/wp\/v2\/product_tag?post=6082"}],"curies":[{"name":"wp","href":"https:\/\/api.w.org\/{rel}","templated":true}]}}