{"id":6072,"date":"2025-03-10T16:29:12","date_gmt":"2025-03-10T14:29:12","guid":{"rendered":"https:\/\/lahingupood.ee\/?post_type=product&#038;p=6072"},"modified":"2025-03-18T12:36:09","modified_gmt":"2025-03-18T10:36:09","slug":"gen2-lahinguvoo-sisevoo-velcroga-v1-eedigi","status":"publish","type":"product","link":"https:\/\/lahingupood.ee\/en\/product\/gen2-lahinguvoo-sisevoo-velcroga-v1-eedigi\/","title":{"rendered":"GEN2 lahinguv\u00f6\u00f6 sisev\u00f6\u00f6 velcroga V1 EEdigi"},"content":{"rendered":"<p>Matrix Protecti GEN2\u00a0 50mm laiune lahinguv\u00f6\u00f6 sisev\u00f6\u00f6 V1 on m\u00f5eldud kasutamiseks iseseisvalt eraldi v\u00f6\u00f6na p\u00fckste peal v\u00f5i koos v\u00e4lise osaga, mis kinnitub sisev\u00f6\u00f6le kareda takja abil. Sisev\u00f6\u00f6 koosneb kolmest kihist. Seesmine kiht on valmistatud antislip materjalist, mis takistab v\u00f6\u00f6 libisemist riiete peal. Keskmine osa on tugevast v\u00f6\u00f6rihmast ning v\u00e4line osa on tehtud digitr\u00fckiga pehmest takjariidest. V\u00f6\u00f6 v\u00e4lisosa on NIR omadustega. V\u00f6\u00f6 k\u00fclge on \u00f5mmeldud tugevast plastist pannal ning lisaks on v\u00f6\u00f6 sisepinnal v\u00e4ike kareda takja t\u00fckk, mis fikseerib v\u00f6\u00f6 kindlasse pikkusesse.<\/p>","protected":false},"excerpt":{"rendered":"<p>Matrix Protecti GEN2\u00a0 50mm laiune lahinguv\u00f6\u00f6 sisev\u00f6\u00f6 V1 on m\u00f5eldud kasutamiseks iseseisvalt eraldi v\u00f6\u00f6na p\u00fckste peal v\u00f5i koos v\u00e4lise osaga, mis kinnitub sisev\u00f6\u00f6le kareda takja abil. Sisev\u00f6\u00f6 koosneb kolmest kihist. Seesmine kiht on valmistatud antislip materjalist, mis takistab v\u00f6\u00f6 libisemist riiete peal. Keskmine osa on tugevast v\u00f6\u00f6rihmast ning v\u00e4line osa on tehtud digitr\u00fckiga pehmest takjariidest. [&#8230;]\n","protected":false},"featured_media":6073,"template":"","meta":[],"product_brand":[],"product_cat":[202],"product_tag":[],"class_list":{"0":"post-6072","1":"product","2":"type-product","3":"status-publish","4":"has-post-thumbnail","6":"product_cat-lahinguvood","8":"first","9":"onbackorder","10":"taxable","11":"shipping-taxable","12":"purchasable","13":"product-type-simple"},"yoast_head":"<!-- This site is optimized with the Yoast SEO Premium plugin v27.3 (Yoast SEO v27.3) - https:\/\/yoast.com\/product\/yoast-seo-premium-wordpress\/ -->\n<title>GEN2 lahinguv\u00f6\u00f6 sisev\u00f6\u00f6 velcroga V1 EEdigi - Lahingurada e-pood<\/title>\n<meta name=\"description\" content=\"Matrix Protecti GEN2\u00a0 50mm laiune lahinguv\u00f6\u00f6 sisev\u00f6\u00f6 V1 on m\u00f5eldud kasutamiseks iseseisvalt eraldi v\u00f6\u00f6na p\u00fckste peal v\u00f5i koos v\u00e4lise osaga, mis kinnitub sis\" \/>\n<meta name=\"robots\" content=\"index, follow, max-snippet:-1, max-image-preview:large, max-video-preview:-1\" \/>\n<link rel=\"canonical\" href=\"https:\/\/lahingupood.ee\/en\/product\/gen2-lahinguvoo-sisevoo-velcroga-v1-eedigi\/\" \/>\n<meta property=\"og:locale\" content=\"en_GB\" \/>\n<meta property=\"og:type\" content=\"article\" \/>\n<meta property=\"og:title\" content=\"GEN2 lahinguv\u00f6\u00f6 sisev\u00f6\u00f6 velcroga V1 EEdigi\" \/>\n<meta property=\"og:description\" content=\"Matrix Protecti GEN2\u00a0 50mm laiune lahinguv\u00f6\u00f6 sisev\u00f6\u00f6 V1 on m\u00f5eldud kasutamiseks iseseisvalt eraldi v\u00f6\u00f6na p\u00fckste peal v\u00f5i koos v\u00e4lise osaga, mis kinnitub sis\" \/>\n<meta property=\"og:url\" content=\"https:\/\/lahingupood.ee\/en\/product\/gen2-lahinguvoo-sisevoo-velcroga-v1-eedigi\/\" \/>\n<meta property=\"og:site_name\" content=\"Lahingurada e-pood\" \/>\n<meta property=\"article:publisher\" content=\"https:\/\/www.facebook.com\/Lahingurada-629940247212967\" \/>\n<meta property=\"article:modified_time\" content=\"2025-03-18T10:36:09+00:00\" \/>\n<meta property=\"og:image\" content=\"https:\/\/lahingupood.ee\/wp-content\/uploads\/2022\/03\/lahingurada-220318.jpg\" \/>\n\t<meta property=\"og:image:width\" content=\"800\" \/>\n\t<meta property=\"og:image:height\" content=\"500\" \/>\n\t<meta property=\"og:image:type\" content=\"image\/jpeg\" \/>\n<meta name=\"twitter:card\" content=\"summary_large_image\" \/>\n<meta name=\"twitter:label1\" content=\"Estimated reading time\" \/>\n\t<meta name=\"twitter:data1\" content=\"1 minute\" \/>\n<script type=\"application\/ld+json\" class=\"yoast-schema-graph\">{\"@context\":\"https:\\\/\\\/schema.org\",\"@graph\":[{\"@type\":\"WebPage\",\"@id\":\"https:\\\/\\\/lahingupood.ee\\\/toode\\\/gen2-lahinguvoo-sisevoo-velcroga-v1-eedigi\\\/\",\"url\":\"https:\\\/\\\/lahingupood.ee\\\/toode\\\/gen2-lahinguvoo-sisevoo-velcroga-v1-eedigi\\\/\",\"name\":\"GEN2 lahinguv\u00f6\u00f6 sisev\u00f6\u00f6 velcroga V1 EEdigi - Lahingurada e-pood\",\"isPartOf\":{\"@id\":\"https:\\\/\\\/lahingupood.ee\\\/#website\"},\"primaryImageOfPage\":{\"@id\":\"https:\\\/\\\/lahingupood.ee\\\/toode\\\/gen2-lahinguvoo-sisevoo-velcroga-v1-eedigi\\\/#primaryimage\"},\"image\":{\"@id\":\"https:\\\/\\\/lahingupood.ee\\\/toode\\\/gen2-lahinguvoo-sisevoo-velcroga-v1-eedigi\\\/#primaryimage\"},\"thumbnailUrl\":\"https:\\\/\\\/lahingupood.ee\\\/wp-content\\\/uploads\\\/2025\\\/03\\\/voo.avif\",\"datePublished\":\"2025-03-10T14:29:12+00:00\",\"dateModified\":\"2025-03-18T10:36:09+00:00\",\"description\":\"Matrix Protecti GEN2\u00a0 50mm laiune lahinguv\u00f6\u00f6 sisev\u00f6\u00f6 V1 on m\u00f5eldud kasutamiseks iseseisvalt eraldi v\u00f6\u00f6na p\u00fckste peal v\u00f5i koos v\u00e4lise osaga, mis kinnitub sis\",\"breadcrumb\":{\"@id\":\"https:\\\/\\\/lahingupood.ee\\\/toode\\\/gen2-lahinguvoo-sisevoo-velcroga-v1-eedigi\\\/#breadcrumb\"},\"inLanguage\":\"en-GB\",\"potentialAction\":[{\"@type\":\"ReadAction\",\"target\":[\"https:\\\/\\\/lahingupood.ee\\\/toode\\\/gen2-lahinguvoo-sisevoo-velcroga-v1-eedigi\\\/\"]}]},{\"@type\":\"ImageObject\",\"inLanguage\":\"en-GB\",\"@id\":\"https:\\\/\\\/lahingupood.ee\\\/toode\\\/gen2-lahinguvoo-sisevoo-velcroga-v1-eedigi\\\/#primaryimage\",\"url\":\"https:\\\/\\\/lahingupood.ee\\\/wp-content\\\/uploads\\\/2025\\\/03\\\/voo.avif\",\"contentUrl\":\"https:\\\/\\\/lahingupood.ee\\\/wp-content\\\/uploads\\\/2025\\\/03\\\/voo.avif\",\"width\":1080,\"height\":1080},{\"@type\":\"BreadcrumbList\",\"@id\":\"https:\\\/\\\/lahingupood.ee\\\/toode\\\/gen2-lahinguvoo-sisevoo-velcroga-v1-eedigi\\\/#breadcrumb\",\"itemListElement\":[{\"@type\":\"ListItem\",\"position\":1,\"name\":\"Home\",\"item\":\"https:\\\/\\\/lahingupood.ee\\\/\"},{\"@type\":\"ListItem\",\"position\":2,\"name\":\"Tooted\",\"item\":\"https:\\\/\\\/lahingupood.ee\\\/tooted\\\/\"},{\"@type\":\"ListItem\",\"position\":3,\"name\":\"GEN2 lahinguv\u00f6\u00f6 sisev\u00f6\u00f6 velcroga V1 EEdigi\"}]},{\"@type\":\"WebSite\",\"@id\":\"https:\\\/\\\/lahingupood.ee\\\/#website\",\"url\":\"https:\\\/\\\/lahingupood.ee\\\/\",\"name\":\"Lahingurada e-pood\",\"description\":\"Airsoft\",\"publisher\":{\"@id\":\"https:\\\/\\\/lahingupood.ee\\\/#organization\"},\"potentialAction\":[{\"@type\":\"SearchAction\",\"target\":{\"@type\":\"EntryPoint\",\"urlTemplate\":\"https:\\\/\\\/lahingupood.ee\\\/?s={search_term_string}\"},\"query-input\":{\"@type\":\"PropertyValueSpecification\",\"valueRequired\":true,\"valueName\":\"search_term_string\"}}],\"inLanguage\":\"en-GB\"},{\"@type\":\"Organization\",\"@id\":\"https:\\\/\\\/lahingupood.ee\\\/#organization\",\"name\":\"Lahingurada\",\"url\":\"https:\\\/\\\/lahingupood.ee\\\/\",\"logo\":{\"@type\":\"ImageObject\",\"inLanguage\":\"en-GB\",\"@id\":\"https:\\\/\\\/lahingupood.ee\\\/#\\\/schema\\\/logo\\\/image\\\/\",\"url\":\"https:\\\/\\\/lahingupood.ee\\\/wp-content\\\/uploads\\\/2022\\\/03\\\/lahingurada-220318.jpg\",\"contentUrl\":\"https:\\\/\\\/lahingupood.ee\\\/wp-content\\\/uploads\\\/2022\\\/03\\\/lahingurada-220318.jpg\",\"width\":800,\"height\":500,\"caption\":\"Lahingurada\"},\"image\":{\"@id\":\"https:\\\/\\\/lahingupood.ee\\\/#\\\/schema\\\/logo\\\/image\\\/\"},\"sameAs\":[\"https:\\\/\\\/www.facebook.com\\\/Lahingurada-629940247212967\"]}]}<\/script>\n<!-- \/ Yoast SEO Premium plugin. -->","yoast_head_json":{"title":"GEN2 lahinguv\u00f6\u00f6 sisev\u00f6\u00f6 velcroga V1 EEdigi - Lahingurada e-pood","description":"Matrix Protecti GEN2\u00a0 50mm laiune lahinguv\u00f6\u00f6 sisev\u00f6\u00f6 V1 on m\u00f5eldud kasutamiseks iseseisvalt eraldi v\u00f6\u00f6na p\u00fckste peal v\u00f5i koos v\u00e4lise osaga, mis kinnitub sis","robots":{"index":"index","follow":"follow","max-snippet":"max-snippet:-1","max-image-preview":"max-image-preview:large","max-video-preview":"max-video-preview:-1"},"canonical":"https:\/\/lahingupood.ee\/en\/product\/gen2-lahinguvoo-sisevoo-velcroga-v1-eedigi\/","og_locale":"en_GB","og_type":"article","og_title":"GEN2 lahinguv\u00f6\u00f6 sisev\u00f6\u00f6 velcroga V1 EEdigi","og_description":"Matrix Protecti GEN2\u00a0 50mm laiune lahinguv\u00f6\u00f6 sisev\u00f6\u00f6 V1 on m\u00f5eldud kasutamiseks iseseisvalt eraldi v\u00f6\u00f6na p\u00fckste peal v\u00f5i koos v\u00e4lise osaga, mis kinnitub sis","og_url":"https:\/\/lahingupood.ee\/en\/product\/gen2-lahinguvoo-sisevoo-velcroga-v1-eedigi\/","og_site_name":"Lahingurada e-pood","article_publisher":"https:\/\/www.facebook.com\/Lahingurada-629940247212967","article_modified_time":"2025-03-18T10:36:09+00:00","og_image":[{"width":800,"height":500,"url":"https:\/\/lahingupood.ee\/wp-content\/uploads\/2022\/03\/lahingurada-220318.jpg","type":"image\/jpeg"}],"twitter_card":"summary_large_image","twitter_misc":{"Estimated reading time":"1 minute"},"schema":{"@context":"https:\/\/schema.org","@graph":[{"@type":"WebPage","@id":"https:\/\/lahingupood.ee\/toode\/gen2-lahinguvoo-sisevoo-velcroga-v1-eedigi\/","url":"https:\/\/lahingupood.ee\/toode\/gen2-lahinguvoo-sisevoo-velcroga-v1-eedigi\/","name":"GEN2 lahinguv\u00f6\u00f6 sisev\u00f6\u00f6 velcroga V1 EEdigi - Lahingurada e-pood","isPartOf":{"@id":"https:\/\/lahingupood.ee\/#website"},"primaryImageOfPage":{"@id":"https:\/\/lahingupood.ee\/toode\/gen2-lahinguvoo-sisevoo-velcroga-v1-eedigi\/#primaryimage"},"image":{"@id":"https:\/\/lahingupood.ee\/toode\/gen2-lahinguvoo-sisevoo-velcroga-v1-eedigi\/#primaryimage"},"thumbnailUrl":"https:\/\/lahingupood.ee\/wp-content\/uploads\/2025\/03\/voo.avif","datePublished":"2025-03-10T14:29:12+00:00","dateModified":"2025-03-18T10:36:09+00:00","description":"Matrix Protecti GEN2\u00a0 50mm laiune lahinguv\u00f6\u00f6 sisev\u00f6\u00f6 V1 on m\u00f5eldud kasutamiseks iseseisvalt eraldi v\u00f6\u00f6na p\u00fckste peal v\u00f5i koos v\u00e4lise osaga, mis kinnitub sis","breadcrumb":{"@id":"https:\/\/lahingupood.ee\/toode\/gen2-lahinguvoo-sisevoo-velcroga-v1-eedigi\/#breadcrumb"},"inLanguage":"en-GB","potentialAction":[{"@type":"ReadAction","target":["https:\/\/lahingupood.ee\/toode\/gen2-lahinguvoo-sisevoo-velcroga-v1-eedigi\/"]}]},{"@type":"ImageObject","inLanguage":"en-GB","@id":"https:\/\/lahingupood.ee\/toode\/gen2-lahinguvoo-sisevoo-velcroga-v1-eedigi\/#primaryimage","url":"https:\/\/lahingupood.ee\/wp-content\/uploads\/2025\/03\/voo.avif","contentUrl":"https:\/\/lahingupood.ee\/wp-content\/uploads\/2025\/03\/voo.avif","width":1080,"height":1080},{"@type":"BreadcrumbList","@id":"https:\/\/lahingupood.ee\/toode\/gen2-lahinguvoo-sisevoo-velcroga-v1-eedigi\/#breadcrumb","itemListElement":[{"@type":"ListItem","position":1,"name":"Home","item":"https:\/\/lahingupood.ee\/"},{"@type":"ListItem","position":2,"name":"Tooted","item":"https:\/\/lahingupood.ee\/tooted\/"},{"@type":"ListItem","position":3,"name":"GEN2 lahinguv\u00f6\u00f6 sisev\u00f6\u00f6 velcroga V1 EEdigi"}]},{"@type":"WebSite","@id":"https:\/\/lahingupood.ee\/#website","url":"https:\/\/lahingupood.ee\/","name":"Lahingurada e-pood","description":"Airsoft","publisher":{"@id":"https:\/\/lahingupood.ee\/#organization"},"potentialAction":[{"@type":"SearchAction","target":{"@type":"EntryPoint","urlTemplate":"https:\/\/lahingupood.ee\/?s={search_term_string}"},"query-input":{"@type":"PropertyValueSpecification","valueRequired":true,"valueName":"search_term_string"}}],"inLanguage":"en-GB"},{"@type":"Organization","@id":"https:\/\/lahingupood.ee\/#organization","name":"Lahingurada","url":"https:\/\/lahingupood.ee\/","logo":{"@type":"ImageObject","inLanguage":"en-GB","@id":"https:\/\/lahingupood.ee\/#\/schema\/logo\/image\/","url":"https:\/\/lahingupood.ee\/wp-content\/uploads\/2022\/03\/lahingurada-220318.jpg","contentUrl":"https:\/\/lahingupood.ee\/wp-content\/uploads\/2022\/03\/lahingurada-220318.jpg","width":800,"height":500,"caption":"Lahingurada"},"image":{"@id":"https:\/\/lahingupood.ee\/#\/schema\/logo\/image\/"},"sameAs":["https:\/\/www.facebook.com\/Lahingurada-629940247212967"]}]}},"_links":{"self":[{"href":"https:\/\/lahingupood.ee\/en\/wp-json\/wp\/v2\/product\/6072","targetHints":{"allow":["GET"]}}],"collection":[{"href":"https:\/\/lahingupood.ee\/en\/wp-json\/wp\/v2\/product"}],"about":[{"href":"https:\/\/lahingupood.ee\/en\/wp-json\/wp\/v2\/types\/product"}],"wp:featuredmedia":[{"embeddable":true,"href":"https:\/\/lahingupood.ee\/en\/wp-json\/wp\/v2\/media\/6073"}],"wp:attachment":[{"href":"https:\/\/lahingupood.ee\/en\/wp-json\/wp\/v2\/media?parent=6072"}],"wp:term":[{"taxonomy":"product_brand","embeddable":true,"href":"https:\/\/lahingupood.ee\/en\/wp-json\/wp\/v2\/product_brand?post=6072"},{"taxonomy":"product_cat","embeddable":true,"href":"https:\/\/lahingupood.ee\/en\/wp-json\/wp\/v2\/product_cat?post=6072"},{"taxonomy":"product_tag","embeddable":true,"href":"https:\/\/lahingupood.ee\/en\/wp-json\/wp\/v2\/product_tag?post=6072"}],"curies":[{"name":"wp","href":"https:\/\/api.w.org\/{rel}","templated":true}]}}