{"id":6032,"date":"2025-03-10T16:06:29","date_gmt":"2025-03-10T14:06:29","guid":{"rendered":"https:\/\/lahingupood.ee\/?post_type=product&#038;p=6032"},"modified":"2025-03-18T12:39:02","modified_gmt":"2025-03-18T10:39:02","slug":"m-pro-gen2-tuhja-salve-tasku-v5-eedigi","status":"publish","type":"product","link":"https:\/\/lahingupood.ee\/en\/product\/m-pro-gen2-tuhja-salve-tasku-v5-eedigi\/","title":{"rendered":"M-Pro Gen2 t\u00fchja salve tasku V5 EEdigi"},"content":{"rendered":"<p>Matrix Protecti t\u00fchja salve tasku V5 mahutab kuni 9 salve. T\u00fchja salve tasku on varustatud kahe erineva kinnitusviisiga \u2013 kinnita v\u00f6\u00f6le trukkidega ja trippidega v\u00f5i MOLLE-s\u00fcsteemi abil ballistilise v\u00f6\u00f6 v\u00f5i plaadikandja k\u00fclge.<\/p>\n<p>T\u00fchja salve tasku serval on lisatud plastikust toestus, et see p\u00fcsiks avali salvede mugavaks asetamiseks kotti. Koti suu \u00fcmber on sukk ning pingutusn\u00f6\u00f6r, et aktiivse liikumise ajal salved v\u00e4lja ei kukuks. Kui kott parasjagu kasutuses ei ole, siis saab selle mugavalt kokku rullida ning kinnitada SR pandlaga kinnitada.<\/p>\n<p>Toode erineb vanematest versioonidest selle poolest, et v\u00f5rgu asemel on tasku materjalisse laseriga l\u00f5igatud augud, mille kaudu vesi ja liiv saavad v\u00e4lja tulla. Kiiresti avatavana saab sinna paigutada t\u00fchjad salved ja ka muud varustust.<\/p>\n<p>Toode on valmistatud Eesti digilaigus Foxdura 500 IRR kangast.<\/p>\n<p>Kinnituss\u00fcsteem \u2013 takjas, trukid ja SR pannal.<\/p>","protected":false},"excerpt":{"rendered":"<p>Matrix Protecti t\u00fchja salve tasku V5 mahutab kuni 9 salve. T\u00fchja salve tasku on varustatud kahe erineva kinnitusviisiga \u2013 kinnita v\u00f6\u00f6le trukkidega ja trippidega v\u00f5i MOLLE-s\u00fcsteemi abil ballistilise v\u00f6\u00f6 v\u00f5i plaadikandja k\u00fclge. T\u00fchja salve tasku serval on lisatud plastikust toestus, et see p\u00fcsiks avali salvede mugavaks asetamiseks kotti. Koti suu \u00fcmber on sukk ning pingutusn\u00f6\u00f6r, [&#8230;]\n","protected":false},"featured_media":6033,"template":"","meta":[],"product_brand":[],"product_cat":[201],"product_tag":[],"class_list":{"0":"post-6032","1":"product","2":"type-product","3":"status-publish","4":"has-post-thumbnail","6":"product_cat-tuhja-salve-taskud","8":"first","9":"onbackorder","10":"taxable","11":"shipping-taxable","12":"purchasable","13":"product-type-simple"},"yoast_head":"<!-- This site is optimized with the Yoast SEO Premium plugin v27.3 (Yoast SEO v27.3) - https:\/\/yoast.com\/product\/yoast-seo-premium-wordpress\/ -->\n<title>M-Pro Gen2 t\u00fchja salve tasku V5 EEdigi - Lahingurada e-pood<\/title>\n<meta name=\"description\" content=\"Matrix Protecti t\u00fchja salve tasku V5 mahutab kuni 9 salve. T\u00fchja salve tasku on varustatud kahe erineva kinnitusviisiga \u2013 kinnita v\u00f6\u00f6le trukkidega ja trippi\" \/>\n<meta name=\"robots\" content=\"index, follow, max-snippet:-1, max-image-preview:large, max-video-preview:-1\" \/>\n<link rel=\"canonical\" href=\"https:\/\/lahingupood.ee\/en\/product\/m-pro-gen2-tuhja-salve-tasku-v5-eedigi\/\" \/>\n<meta property=\"og:locale\" content=\"en_GB\" \/>\n<meta property=\"og:type\" content=\"article\" \/>\n<meta property=\"og:title\" content=\"M-Pro Gen2 t\u00fchja salve tasku V5 EEdigi\" \/>\n<meta property=\"og:description\" content=\"Matrix Protecti t\u00fchja salve tasku V5 mahutab kuni 9 salve. T\u00fchja salve tasku on varustatud kahe erineva kinnitusviisiga \u2013 kinnita v\u00f6\u00f6le trukkidega ja trippi\" \/>\n<meta property=\"og:url\" content=\"https:\/\/lahingupood.ee\/en\/product\/m-pro-gen2-tuhja-salve-tasku-v5-eedigi\/\" \/>\n<meta property=\"og:site_name\" content=\"Lahingurada e-pood\" \/>\n<meta property=\"article:publisher\" content=\"https:\/\/www.facebook.com\/Lahingurada-629940247212967\" \/>\n<meta property=\"article:modified_time\" content=\"2025-03-18T10:39:02+00:00\" \/>\n<meta property=\"og:image\" content=\"https:\/\/lahingupood.ee\/wp-content\/uploads\/2022\/03\/lahingurada-220318.jpg\" \/>\n\t<meta property=\"og:image:width\" content=\"800\" \/>\n\t<meta property=\"og:image:height\" content=\"500\" \/>\n\t<meta property=\"og:image:type\" content=\"image\/jpeg\" \/>\n<meta name=\"twitter:card\" content=\"summary_large_image\" \/>\n<meta name=\"twitter:label1\" content=\"Estimated reading time\" \/>\n\t<meta name=\"twitter:data1\" content=\"1 minute\" \/>\n<script type=\"application\/ld+json\" class=\"yoast-schema-graph\">{\"@context\":\"https:\\\/\\\/schema.org\",\"@graph\":[{\"@type\":\"WebPage\",\"@id\":\"https:\\\/\\\/lahingupood.ee\\\/toode\\\/m-pro-gen2-tuhja-salve-tasku-v5-eedigi\\\/\",\"url\":\"https:\\\/\\\/lahingupood.ee\\\/toode\\\/m-pro-gen2-tuhja-salve-tasku-v5-eedigi\\\/\",\"name\":\"M-Pro Gen2 t\u00fchja salve tasku V5 EEdigi - Lahingurada e-pood\",\"isPartOf\":{\"@id\":\"https:\\\/\\\/lahingupood.ee\\\/#website\"},\"primaryImageOfPage\":{\"@id\":\"https:\\\/\\\/lahingupood.ee\\\/toode\\\/m-pro-gen2-tuhja-salve-tasku-v5-eedigi\\\/#primaryimage\"},\"image\":{\"@id\":\"https:\\\/\\\/lahingupood.ee\\\/toode\\\/m-pro-gen2-tuhja-salve-tasku-v5-eedigi\\\/#primaryimage\"},\"thumbnailUrl\":\"https:\\\/\\\/lahingupood.ee\\\/wp-content\\\/uploads\\\/2025\\\/03\\\/tasku-16.avif\",\"datePublished\":\"2025-03-10T14:06:29+00:00\",\"dateModified\":\"2025-03-18T10:39:02+00:00\",\"description\":\"Matrix Protecti t\u00fchja salve tasku V5 mahutab kuni 9 salve. T\u00fchja salve tasku on varustatud kahe erineva kinnitusviisiga \u2013 kinnita v\u00f6\u00f6le trukkidega ja trippi\",\"breadcrumb\":{\"@id\":\"https:\\\/\\\/lahingupood.ee\\\/toode\\\/m-pro-gen2-tuhja-salve-tasku-v5-eedigi\\\/#breadcrumb\"},\"inLanguage\":\"en-GB\",\"potentialAction\":[{\"@type\":\"ReadAction\",\"target\":[\"https:\\\/\\\/lahingupood.ee\\\/toode\\\/m-pro-gen2-tuhja-salve-tasku-v5-eedigi\\\/\"]}]},{\"@type\":\"ImageObject\",\"inLanguage\":\"en-GB\",\"@id\":\"https:\\\/\\\/lahingupood.ee\\\/toode\\\/m-pro-gen2-tuhja-salve-tasku-v5-eedigi\\\/#primaryimage\",\"url\":\"https:\\\/\\\/lahingupood.ee\\\/wp-content\\\/uploads\\\/2025\\\/03\\\/tasku-16.avif\",\"contentUrl\":\"https:\\\/\\\/lahingupood.ee\\\/wp-content\\\/uploads\\\/2025\\\/03\\\/tasku-16.avif\",\"width\":1080,\"height\":1080},{\"@type\":\"BreadcrumbList\",\"@id\":\"https:\\\/\\\/lahingupood.ee\\\/toode\\\/m-pro-gen2-tuhja-salve-tasku-v5-eedigi\\\/#breadcrumb\",\"itemListElement\":[{\"@type\":\"ListItem\",\"position\":1,\"name\":\"Home\",\"item\":\"https:\\\/\\\/lahingupood.ee\\\/\"},{\"@type\":\"ListItem\",\"position\":2,\"name\":\"Tooted\",\"item\":\"https:\\\/\\\/lahingupood.ee\\\/tooted\\\/\"},{\"@type\":\"ListItem\",\"position\":3,\"name\":\"M-Pro Gen2 t\u00fchja salve tasku V5 EEdigi\"}]},{\"@type\":\"WebSite\",\"@id\":\"https:\\\/\\\/lahingupood.ee\\\/#website\",\"url\":\"https:\\\/\\\/lahingupood.ee\\\/\",\"name\":\"Lahingurada e-pood\",\"description\":\"Airsoft\",\"publisher\":{\"@id\":\"https:\\\/\\\/lahingupood.ee\\\/#organization\"},\"potentialAction\":[{\"@type\":\"SearchAction\",\"target\":{\"@type\":\"EntryPoint\",\"urlTemplate\":\"https:\\\/\\\/lahingupood.ee\\\/?s={search_term_string}\"},\"query-input\":{\"@type\":\"PropertyValueSpecification\",\"valueRequired\":true,\"valueName\":\"search_term_string\"}}],\"inLanguage\":\"en-GB\"},{\"@type\":\"Organization\",\"@id\":\"https:\\\/\\\/lahingupood.ee\\\/#organization\",\"name\":\"Lahingurada\",\"url\":\"https:\\\/\\\/lahingupood.ee\\\/\",\"logo\":{\"@type\":\"ImageObject\",\"inLanguage\":\"en-GB\",\"@id\":\"https:\\\/\\\/lahingupood.ee\\\/#\\\/schema\\\/logo\\\/image\\\/\",\"url\":\"https:\\\/\\\/lahingupood.ee\\\/wp-content\\\/uploads\\\/2022\\\/03\\\/lahingurada-220318.jpg\",\"contentUrl\":\"https:\\\/\\\/lahingupood.ee\\\/wp-content\\\/uploads\\\/2022\\\/03\\\/lahingurada-220318.jpg\",\"width\":800,\"height\":500,\"caption\":\"Lahingurada\"},\"image\":{\"@id\":\"https:\\\/\\\/lahingupood.ee\\\/#\\\/schema\\\/logo\\\/image\\\/\"},\"sameAs\":[\"https:\\\/\\\/www.facebook.com\\\/Lahingurada-629940247212967\"]}]}<\/script>\n<!-- \/ Yoast SEO Premium plugin. -->","yoast_head_json":{"title":"M-Pro Gen2 t\u00fchja salve tasku V5 EEdigi - Lahingurada e-pood","description":"Matrix Protecti t\u00fchja salve tasku V5 mahutab kuni 9 salve. T\u00fchja salve tasku on varustatud kahe erineva kinnitusviisiga \u2013 kinnita v\u00f6\u00f6le trukkidega ja trippi","robots":{"index":"index","follow":"follow","max-snippet":"max-snippet:-1","max-image-preview":"max-image-preview:large","max-video-preview":"max-video-preview:-1"},"canonical":"https:\/\/lahingupood.ee\/en\/product\/m-pro-gen2-tuhja-salve-tasku-v5-eedigi\/","og_locale":"en_GB","og_type":"article","og_title":"M-Pro Gen2 t\u00fchja salve tasku V5 EEdigi","og_description":"Matrix Protecti t\u00fchja salve tasku V5 mahutab kuni 9 salve. T\u00fchja salve tasku on varustatud kahe erineva kinnitusviisiga \u2013 kinnita v\u00f6\u00f6le trukkidega ja trippi","og_url":"https:\/\/lahingupood.ee\/en\/product\/m-pro-gen2-tuhja-salve-tasku-v5-eedigi\/","og_site_name":"Lahingurada e-pood","article_publisher":"https:\/\/www.facebook.com\/Lahingurada-629940247212967","article_modified_time":"2025-03-18T10:39:02+00:00","og_image":[{"width":800,"height":500,"url":"https:\/\/lahingupood.ee\/wp-content\/uploads\/2022\/03\/lahingurada-220318.jpg","type":"image\/jpeg"}],"twitter_card":"summary_large_image","twitter_misc":{"Estimated reading time":"1 minute"},"schema":{"@context":"https:\/\/schema.org","@graph":[{"@type":"WebPage","@id":"https:\/\/lahingupood.ee\/toode\/m-pro-gen2-tuhja-salve-tasku-v5-eedigi\/","url":"https:\/\/lahingupood.ee\/toode\/m-pro-gen2-tuhja-salve-tasku-v5-eedigi\/","name":"M-Pro Gen2 t\u00fchja salve tasku V5 EEdigi - Lahingurada e-pood","isPartOf":{"@id":"https:\/\/lahingupood.ee\/#website"},"primaryImageOfPage":{"@id":"https:\/\/lahingupood.ee\/toode\/m-pro-gen2-tuhja-salve-tasku-v5-eedigi\/#primaryimage"},"image":{"@id":"https:\/\/lahingupood.ee\/toode\/m-pro-gen2-tuhja-salve-tasku-v5-eedigi\/#primaryimage"},"thumbnailUrl":"https:\/\/lahingupood.ee\/wp-content\/uploads\/2025\/03\/tasku-16.avif","datePublished":"2025-03-10T14:06:29+00:00","dateModified":"2025-03-18T10:39:02+00:00","description":"Matrix Protecti t\u00fchja salve tasku V5 mahutab kuni 9 salve. T\u00fchja salve tasku on varustatud kahe erineva kinnitusviisiga \u2013 kinnita v\u00f6\u00f6le trukkidega ja trippi","breadcrumb":{"@id":"https:\/\/lahingupood.ee\/toode\/m-pro-gen2-tuhja-salve-tasku-v5-eedigi\/#breadcrumb"},"inLanguage":"en-GB","potentialAction":[{"@type":"ReadAction","target":["https:\/\/lahingupood.ee\/toode\/m-pro-gen2-tuhja-salve-tasku-v5-eedigi\/"]}]},{"@type":"ImageObject","inLanguage":"en-GB","@id":"https:\/\/lahingupood.ee\/toode\/m-pro-gen2-tuhja-salve-tasku-v5-eedigi\/#primaryimage","url":"https:\/\/lahingupood.ee\/wp-content\/uploads\/2025\/03\/tasku-16.avif","contentUrl":"https:\/\/lahingupood.ee\/wp-content\/uploads\/2025\/03\/tasku-16.avif","width":1080,"height":1080},{"@type":"BreadcrumbList","@id":"https:\/\/lahingupood.ee\/toode\/m-pro-gen2-tuhja-salve-tasku-v5-eedigi\/#breadcrumb","itemListElement":[{"@type":"ListItem","position":1,"name":"Home","item":"https:\/\/lahingupood.ee\/"},{"@type":"ListItem","position":2,"name":"Tooted","item":"https:\/\/lahingupood.ee\/tooted\/"},{"@type":"ListItem","position":3,"name":"M-Pro Gen2 t\u00fchja salve tasku V5 EEdigi"}]},{"@type":"WebSite","@id":"https:\/\/lahingupood.ee\/#website","url":"https:\/\/lahingupood.ee\/","name":"Lahingurada e-pood","description":"Airsoft","publisher":{"@id":"https:\/\/lahingupood.ee\/#organization"},"potentialAction":[{"@type":"SearchAction","target":{"@type":"EntryPoint","urlTemplate":"https:\/\/lahingupood.ee\/?s={search_term_string}"},"query-input":{"@type":"PropertyValueSpecification","valueRequired":true,"valueName":"search_term_string"}}],"inLanguage":"en-GB"},{"@type":"Organization","@id":"https:\/\/lahingupood.ee\/#organization","name":"Lahingurada","url":"https:\/\/lahingupood.ee\/","logo":{"@type":"ImageObject","inLanguage":"en-GB","@id":"https:\/\/lahingupood.ee\/#\/schema\/logo\/image\/","url":"https:\/\/lahingupood.ee\/wp-content\/uploads\/2022\/03\/lahingurada-220318.jpg","contentUrl":"https:\/\/lahingupood.ee\/wp-content\/uploads\/2022\/03\/lahingurada-220318.jpg","width":800,"height":500,"caption":"Lahingurada"},"image":{"@id":"https:\/\/lahingupood.ee\/#\/schema\/logo\/image\/"},"sameAs":["https:\/\/www.facebook.com\/Lahingurada-629940247212967"]}]}},"_links":{"self":[{"href":"https:\/\/lahingupood.ee\/en\/wp-json\/wp\/v2\/product\/6032","targetHints":{"allow":["GET"]}}],"collection":[{"href":"https:\/\/lahingupood.ee\/en\/wp-json\/wp\/v2\/product"}],"about":[{"href":"https:\/\/lahingupood.ee\/en\/wp-json\/wp\/v2\/types\/product"}],"wp:featuredmedia":[{"embeddable":true,"href":"https:\/\/lahingupood.ee\/en\/wp-json\/wp\/v2\/media\/6033"}],"wp:attachment":[{"href":"https:\/\/lahingupood.ee\/en\/wp-json\/wp\/v2\/media?parent=6032"}],"wp:term":[{"taxonomy":"product_brand","embeddable":true,"href":"https:\/\/lahingupood.ee\/en\/wp-json\/wp\/v2\/product_brand?post=6032"},{"taxonomy":"product_cat","embeddable":true,"href":"https:\/\/lahingupood.ee\/en\/wp-json\/wp\/v2\/product_cat?post=6032"},{"taxonomy":"product_tag","embeddable":true,"href":"https:\/\/lahingupood.ee\/en\/wp-json\/wp\/v2\/product_tag?post=6032"}],"curies":[{"name":"wp","href":"https:\/\/api.w.org\/{rel}","templated":true}]}}