{"id":6021,"date":"2025-03-10T16:03:05","date_gmt":"2025-03-10T14:03:05","guid":{"rendered":"https:\/\/lahingupood.ee\/?post_type=product&#038;p=6021"},"modified":"2025-03-18T12:39:16","modified_gmt":"2025-03-18T10:39:16","slug":"m-pro-gen2-automaadi-2-salve-tasku-tuhja-salve-taskuga-mp2ms-dp-5-56-eedigi","status":"publish","type":"product","link":"https:\/\/lahingupood.ee\/en\/product\/m-pro-gen2-automaadi-2-salve-tasku-tuhja-salve-taskuga-mp2ms-dp-5-56-eedigi\/","title":{"rendered":"M-Pro GEN2 automaadi 2 salve tasku t\u00fchja salve taskuga MP2MS-DP 5.56, EEdigi"},"content":{"rendered":"<p>Matrix Protecti GEN 2 automaadi kahe salve tasku mahutab kaks AR15, R 20, RK95 v\u00f5i RK62 salve. Samuti saab kasutada seda taskut p\u00fcstoli hoidmiseks. Selle tasku teeb eriliseks ja innovaatiliseks taskule integreeritud volditav tasku, mis tavaolekus on salvetasku m\u00f5\u00f5tudega ning kaetud Eesti digilaigu (ESTDCU) mustriga takjakinnisega klapiga. Taskusse saab mahutada erinevat varustust, toitu, vett, esemeid.<\/p>\n<p>Salved v\u00f5i p\u00fcstol on tihedalt taskus ning pealt hoiab salve v\u00f5i p\u00fcstolit paigal tugevast kummin\u00f6\u00f6rist ja tripist s\u00fcsteem. Selle taskuga saab kasutada ka Kydexist sisu, mida saab meie k\u00e4est eraldi osta.<\/p>\n<p>Kummi pikkus on reguleeritav ning seet\u00f5ttu saab ka muuta kummin\u00f6\u00f6ri pinget. Salvetasku kinnitub MOLLE s\u00fcsteemiga.<\/p>\n<p>Tasku p\u00f5hjas on \u00f6\u00f6s, et vesi v\u00e4lja valguks. komplekti kuuluvad ka kummin\u00f6\u00f6r ja tripiga kinnitusdetailid.<\/p>\n<p>Materjaliks on Foxdura 500 IRR ja Foxdura 500IRR laminaatkangas.<\/p>","protected":false},"excerpt":{"rendered":"<p>Matrix Protecti GEN 2 automaadi kahe salve tasku mahutab kaks AR15, R 20, RK95 v\u00f5i RK62 salve. Samuti saab kasutada seda taskut p\u00fcstoli hoidmiseks. Selle tasku teeb eriliseks ja innovaatiliseks taskule integreeritud volditav tasku, mis tavaolekus on salvetasku m\u00f5\u00f5tudega ning kaetud Eesti digilaigu (ESTDCU) mustriga takjakinnisega klapiga. Taskusse saab mahutada erinevat varustust, toitu, vett, esemeid. [&#8230;]\n","protected":false},"featured_media":6023,"template":"","meta":[],"product_brand":[],"product_cat":[210,201],"product_tag":[],"class_list":{"0":"post-6021","1":"product","2":"type-product","3":"status-publish","4":"has-post-thumbnail","6":"product_cat-salvetaskud-ee-digilaik-estdcu","7":"product_cat-tuhja-salve-taskud","9":"first","10":"onbackorder","11":"taxable","12":"shipping-taxable","13":"purchasable","14":"product-type-simple"},"yoast_head":"<!-- This site is optimized with the Yoast SEO Premium plugin v27.3 (Yoast SEO v27.3) - https:\/\/yoast.com\/product\/yoast-seo-premium-wordpress\/ -->\n<title>M-Pro GEN2 automaadi 2 salve tasku t\u00fchja salve taskuga MP2MS-DP 5.56, EEdigi - Lahingurada e-pood<\/title>\n<meta name=\"description\" content=\"Matrix Protecti GEN 2 automaadi kahe salve tasku mahutab kaks AR15, R 20, RK95 v\u00f5i RK62 salve. Samuti saab kasutada seda taskut p\u00fcstoli hoidmiseks.\" \/>\n<meta name=\"robots\" content=\"index, follow, max-snippet:-1, max-image-preview:large, max-video-preview:-1\" \/>\n<link rel=\"canonical\" href=\"https:\/\/lahingupood.ee\/en\/product\/m-pro-gen2-automaadi-2-salve-tasku-tuhja-salve-taskuga-mp2ms-dp-5-56-eedigi\/\" \/>\n<meta property=\"og:locale\" content=\"en_GB\" \/>\n<meta property=\"og:type\" content=\"article\" \/>\n<meta property=\"og:title\" content=\"M-Pro GEN2 automaadi 2 salve tasku t\u00fchja salve taskuga MP2MS-DP 5.56, EEdigi\" \/>\n<meta property=\"og:description\" content=\"Matrix Protecti GEN 2 automaadi kahe salve tasku mahutab kaks AR15, R 20, RK95 v\u00f5i RK62 salve. Samuti saab kasutada seda taskut p\u00fcstoli hoidmiseks.\" \/>\n<meta property=\"og:url\" content=\"https:\/\/lahingupood.ee\/en\/product\/m-pro-gen2-automaadi-2-salve-tasku-tuhja-salve-taskuga-mp2ms-dp-5-56-eedigi\/\" \/>\n<meta property=\"og:site_name\" content=\"Lahingurada e-pood\" \/>\n<meta property=\"article:publisher\" content=\"https:\/\/www.facebook.com\/Lahingurada-629940247212967\" \/>\n<meta property=\"article:modified_time\" content=\"2025-03-18T10:39:16+00:00\" \/>\n<meta property=\"og:image\" content=\"https:\/\/lahingupood.ee\/wp-content\/uploads\/2022\/03\/lahingurada-220318.jpg\" \/>\n\t<meta property=\"og:image:width\" content=\"800\" \/>\n\t<meta property=\"og:image:height\" content=\"500\" \/>\n\t<meta property=\"og:image:type\" content=\"image\/jpeg\" \/>\n<meta name=\"twitter:card\" content=\"summary_large_image\" \/>\n<meta name=\"twitter:label1\" content=\"Estimated reading time\" \/>\n\t<meta name=\"twitter:data1\" content=\"1 minute\" \/>\n<script type=\"application\/ld+json\" class=\"yoast-schema-graph\">{\"@context\":\"https:\\\/\\\/schema.org\",\"@graph\":[{\"@type\":\"WebPage\",\"@id\":\"https:\\\/\\\/lahingupood.ee\\\/toode\\\/m-pro-gen2-automaadi-2-salve-tasku-tuhja-salve-taskuga-mp2ms-dp-5-56-eedigi\\\/\",\"url\":\"https:\\\/\\\/lahingupood.ee\\\/toode\\\/m-pro-gen2-automaadi-2-salve-tasku-tuhja-salve-taskuga-mp2ms-dp-5-56-eedigi\\\/\",\"name\":\"M-Pro GEN2 automaadi 2 salve tasku t\u00fchja salve taskuga MP2MS-DP 5.56, EEdigi - Lahingurada e-pood\",\"isPartOf\":{\"@id\":\"https:\\\/\\\/lahingupood.ee\\\/#website\"},\"primaryImageOfPage\":{\"@id\":\"https:\\\/\\\/lahingupood.ee\\\/toode\\\/m-pro-gen2-automaadi-2-salve-tasku-tuhja-salve-taskuga-mp2ms-dp-5-56-eedigi\\\/#primaryimage\"},\"image\":{\"@id\":\"https:\\\/\\\/lahingupood.ee\\\/toode\\\/m-pro-gen2-automaadi-2-salve-tasku-tuhja-salve-taskuga-mp2ms-dp-5-56-eedigi\\\/#primaryimage\"},\"thumbnailUrl\":\"https:\\\/\\\/lahingupood.ee\\\/wp-content\\\/uploads\\\/2025\\\/03\\\/tasku-15.avif\",\"datePublished\":\"2025-03-10T14:03:05+00:00\",\"dateModified\":\"2025-03-18T10:39:16+00:00\",\"description\":\"Matrix Protecti GEN 2 automaadi kahe salve tasku mahutab kaks AR15, R 20, RK95 v\u00f5i RK62 salve. Samuti saab kasutada seda taskut p\u00fcstoli hoidmiseks.\",\"breadcrumb\":{\"@id\":\"https:\\\/\\\/lahingupood.ee\\\/toode\\\/m-pro-gen2-automaadi-2-salve-tasku-tuhja-salve-taskuga-mp2ms-dp-5-56-eedigi\\\/#breadcrumb\"},\"inLanguage\":\"en-GB\",\"potentialAction\":[{\"@type\":\"ReadAction\",\"target\":[\"https:\\\/\\\/lahingupood.ee\\\/toode\\\/m-pro-gen2-automaadi-2-salve-tasku-tuhja-salve-taskuga-mp2ms-dp-5-56-eedigi\\\/\"]}]},{\"@type\":\"ImageObject\",\"inLanguage\":\"en-GB\",\"@id\":\"https:\\\/\\\/lahingupood.ee\\\/toode\\\/m-pro-gen2-automaadi-2-salve-tasku-tuhja-salve-taskuga-mp2ms-dp-5-56-eedigi\\\/#primaryimage\",\"url\":\"https:\\\/\\\/lahingupood.ee\\\/wp-content\\\/uploads\\\/2025\\\/03\\\/tasku-15.avif\",\"contentUrl\":\"https:\\\/\\\/lahingupood.ee\\\/wp-content\\\/uploads\\\/2025\\\/03\\\/tasku-15.avif\",\"width\":1080,\"height\":1080},{\"@type\":\"BreadcrumbList\",\"@id\":\"https:\\\/\\\/lahingupood.ee\\\/toode\\\/m-pro-gen2-automaadi-2-salve-tasku-tuhja-salve-taskuga-mp2ms-dp-5-56-eedigi\\\/#breadcrumb\",\"itemListElement\":[{\"@type\":\"ListItem\",\"position\":1,\"name\":\"Home\",\"item\":\"https:\\\/\\\/lahingupood.ee\\\/\"},{\"@type\":\"ListItem\",\"position\":2,\"name\":\"Tooted\",\"item\":\"https:\\\/\\\/lahingupood.ee\\\/tooted\\\/\"},{\"@type\":\"ListItem\",\"position\":3,\"name\":\"M-Pro GEN2 automaadi 2 salve tasku t\u00fchja salve taskuga MP2MS-DP 5.56, EEdigi\"}]},{\"@type\":\"WebSite\",\"@id\":\"https:\\\/\\\/lahingupood.ee\\\/#website\",\"url\":\"https:\\\/\\\/lahingupood.ee\\\/\",\"name\":\"Lahingurada e-pood\",\"description\":\"Airsoft\",\"publisher\":{\"@id\":\"https:\\\/\\\/lahingupood.ee\\\/#organization\"},\"potentialAction\":[{\"@type\":\"SearchAction\",\"target\":{\"@type\":\"EntryPoint\",\"urlTemplate\":\"https:\\\/\\\/lahingupood.ee\\\/?s={search_term_string}\"},\"query-input\":{\"@type\":\"PropertyValueSpecification\",\"valueRequired\":true,\"valueName\":\"search_term_string\"}}],\"inLanguage\":\"en-GB\"},{\"@type\":\"Organization\",\"@id\":\"https:\\\/\\\/lahingupood.ee\\\/#organization\",\"name\":\"Lahingurada\",\"url\":\"https:\\\/\\\/lahingupood.ee\\\/\",\"logo\":{\"@type\":\"ImageObject\",\"inLanguage\":\"en-GB\",\"@id\":\"https:\\\/\\\/lahingupood.ee\\\/#\\\/schema\\\/logo\\\/image\\\/\",\"url\":\"https:\\\/\\\/lahingupood.ee\\\/wp-content\\\/uploads\\\/2022\\\/03\\\/lahingurada-220318.jpg\",\"contentUrl\":\"https:\\\/\\\/lahingupood.ee\\\/wp-content\\\/uploads\\\/2022\\\/03\\\/lahingurada-220318.jpg\",\"width\":800,\"height\":500,\"caption\":\"Lahingurada\"},\"image\":{\"@id\":\"https:\\\/\\\/lahingupood.ee\\\/#\\\/schema\\\/logo\\\/image\\\/\"},\"sameAs\":[\"https:\\\/\\\/www.facebook.com\\\/Lahingurada-629940247212967\"]}]}<\/script>\n<!-- \/ Yoast SEO Premium plugin. -->","yoast_head_json":{"title":"M-Pro GEN2 automaadi 2 salve tasku t\u00fchja salve taskuga MP2MS-DP 5.56, EEdigi - Lahingurada e-pood","description":"Matrix Protecti GEN 2 automaadi kahe salve tasku mahutab kaks AR15, R 20, RK95 v\u00f5i RK62 salve. Samuti saab kasutada seda taskut p\u00fcstoli hoidmiseks.","robots":{"index":"index","follow":"follow","max-snippet":"max-snippet:-1","max-image-preview":"max-image-preview:large","max-video-preview":"max-video-preview:-1"},"canonical":"https:\/\/lahingupood.ee\/en\/product\/m-pro-gen2-automaadi-2-salve-tasku-tuhja-salve-taskuga-mp2ms-dp-5-56-eedigi\/","og_locale":"en_GB","og_type":"article","og_title":"M-Pro GEN2 automaadi 2 salve tasku t\u00fchja salve taskuga MP2MS-DP 5.56, EEdigi","og_description":"Matrix Protecti GEN 2 automaadi kahe salve tasku mahutab kaks AR15, R 20, RK95 v\u00f5i RK62 salve. Samuti saab kasutada seda taskut p\u00fcstoli hoidmiseks.","og_url":"https:\/\/lahingupood.ee\/en\/product\/m-pro-gen2-automaadi-2-salve-tasku-tuhja-salve-taskuga-mp2ms-dp-5-56-eedigi\/","og_site_name":"Lahingurada e-pood","article_publisher":"https:\/\/www.facebook.com\/Lahingurada-629940247212967","article_modified_time":"2025-03-18T10:39:16+00:00","og_image":[{"width":800,"height":500,"url":"https:\/\/lahingupood.ee\/wp-content\/uploads\/2022\/03\/lahingurada-220318.jpg","type":"image\/jpeg"}],"twitter_card":"summary_large_image","twitter_misc":{"Estimated reading time":"1 minute"},"schema":{"@context":"https:\/\/schema.org","@graph":[{"@type":"WebPage","@id":"https:\/\/lahingupood.ee\/toode\/m-pro-gen2-automaadi-2-salve-tasku-tuhja-salve-taskuga-mp2ms-dp-5-56-eedigi\/","url":"https:\/\/lahingupood.ee\/toode\/m-pro-gen2-automaadi-2-salve-tasku-tuhja-salve-taskuga-mp2ms-dp-5-56-eedigi\/","name":"M-Pro GEN2 automaadi 2 salve tasku t\u00fchja salve taskuga MP2MS-DP 5.56, EEdigi - Lahingurada e-pood","isPartOf":{"@id":"https:\/\/lahingupood.ee\/#website"},"primaryImageOfPage":{"@id":"https:\/\/lahingupood.ee\/toode\/m-pro-gen2-automaadi-2-salve-tasku-tuhja-salve-taskuga-mp2ms-dp-5-56-eedigi\/#primaryimage"},"image":{"@id":"https:\/\/lahingupood.ee\/toode\/m-pro-gen2-automaadi-2-salve-tasku-tuhja-salve-taskuga-mp2ms-dp-5-56-eedigi\/#primaryimage"},"thumbnailUrl":"https:\/\/lahingupood.ee\/wp-content\/uploads\/2025\/03\/tasku-15.avif","datePublished":"2025-03-10T14:03:05+00:00","dateModified":"2025-03-18T10:39:16+00:00","description":"Matrix Protecti GEN 2 automaadi kahe salve tasku mahutab kaks AR15, R 20, RK95 v\u00f5i RK62 salve. Samuti saab kasutada seda taskut p\u00fcstoli hoidmiseks.","breadcrumb":{"@id":"https:\/\/lahingupood.ee\/toode\/m-pro-gen2-automaadi-2-salve-tasku-tuhja-salve-taskuga-mp2ms-dp-5-56-eedigi\/#breadcrumb"},"inLanguage":"en-GB","potentialAction":[{"@type":"ReadAction","target":["https:\/\/lahingupood.ee\/toode\/m-pro-gen2-automaadi-2-salve-tasku-tuhja-salve-taskuga-mp2ms-dp-5-56-eedigi\/"]}]},{"@type":"ImageObject","inLanguage":"en-GB","@id":"https:\/\/lahingupood.ee\/toode\/m-pro-gen2-automaadi-2-salve-tasku-tuhja-salve-taskuga-mp2ms-dp-5-56-eedigi\/#primaryimage","url":"https:\/\/lahingupood.ee\/wp-content\/uploads\/2025\/03\/tasku-15.avif","contentUrl":"https:\/\/lahingupood.ee\/wp-content\/uploads\/2025\/03\/tasku-15.avif","width":1080,"height":1080},{"@type":"BreadcrumbList","@id":"https:\/\/lahingupood.ee\/toode\/m-pro-gen2-automaadi-2-salve-tasku-tuhja-salve-taskuga-mp2ms-dp-5-56-eedigi\/#breadcrumb","itemListElement":[{"@type":"ListItem","position":1,"name":"Home","item":"https:\/\/lahingupood.ee\/"},{"@type":"ListItem","position":2,"name":"Tooted","item":"https:\/\/lahingupood.ee\/tooted\/"},{"@type":"ListItem","position":3,"name":"M-Pro GEN2 automaadi 2 salve tasku t\u00fchja salve taskuga MP2MS-DP 5.56, EEdigi"}]},{"@type":"WebSite","@id":"https:\/\/lahingupood.ee\/#website","url":"https:\/\/lahingupood.ee\/","name":"Lahingurada e-pood","description":"Airsoft","publisher":{"@id":"https:\/\/lahingupood.ee\/#organization"},"potentialAction":[{"@type":"SearchAction","target":{"@type":"EntryPoint","urlTemplate":"https:\/\/lahingupood.ee\/?s={search_term_string}"},"query-input":{"@type":"PropertyValueSpecification","valueRequired":true,"valueName":"search_term_string"}}],"inLanguage":"en-GB"},{"@type":"Organization","@id":"https:\/\/lahingupood.ee\/#organization","name":"Lahingurada","url":"https:\/\/lahingupood.ee\/","logo":{"@type":"ImageObject","inLanguage":"en-GB","@id":"https:\/\/lahingupood.ee\/#\/schema\/logo\/image\/","url":"https:\/\/lahingupood.ee\/wp-content\/uploads\/2022\/03\/lahingurada-220318.jpg","contentUrl":"https:\/\/lahingupood.ee\/wp-content\/uploads\/2022\/03\/lahingurada-220318.jpg","width":800,"height":500,"caption":"Lahingurada"},"image":{"@id":"https:\/\/lahingupood.ee\/#\/schema\/logo\/image\/"},"sameAs":["https:\/\/www.facebook.com\/Lahingurada-629940247212967"]}]}},"_links":{"self":[{"href":"https:\/\/lahingupood.ee\/en\/wp-json\/wp\/v2\/product\/6021","targetHints":{"allow":["GET"]}}],"collection":[{"href":"https:\/\/lahingupood.ee\/en\/wp-json\/wp\/v2\/product"}],"about":[{"href":"https:\/\/lahingupood.ee\/en\/wp-json\/wp\/v2\/types\/product"}],"wp:featuredmedia":[{"embeddable":true,"href":"https:\/\/lahingupood.ee\/en\/wp-json\/wp\/v2\/media\/6023"}],"wp:attachment":[{"href":"https:\/\/lahingupood.ee\/en\/wp-json\/wp\/v2\/media?parent=6021"}],"wp:term":[{"taxonomy":"product_brand","embeddable":true,"href":"https:\/\/lahingupood.ee\/en\/wp-json\/wp\/v2\/product_brand?post=6021"},{"taxonomy":"product_cat","embeddable":true,"href":"https:\/\/lahingupood.ee\/en\/wp-json\/wp\/v2\/product_cat?post=6021"},{"taxonomy":"product_tag","embeddable":true,"href":"https:\/\/lahingupood.ee\/en\/wp-json\/wp\/v2\/product_tag?post=6021"}],"curies":[{"name":"wp","href":"https:\/\/api.w.org\/{rel}","templated":true}]}}