{"id":601,"date":"2022-04-13T11:38:07","date_gmt":"2022-04-13T08:38:07","guid":{"rendered":"https:\/\/lahingupood.ee\/?post_type=product&#038;p=601"},"modified":"2026-04-12T17:15:07","modified_gmt":"2026-04-12T14:15:07","slug":"hybrid-tactical-shirt-shadow","status":"publish","type":"product","link":"https:\/\/lahingupood.ee\/en\/product\/hybrid-tactical-shirt-shadow\/","title":{"rendered":"Hybrid Tactical Shirt (Shadow)"},"content":{"rendered":"<p>Hybrid Tactical Shirt (Shadow)<\/p>\n<p>Hybrid Tactical vestialune s\u00e4rk. Puuvillane trikotaa\u017e s\u00e4rgi keskosal on v\u00e4ga hingav. Erinevalt spandexist, sellega ei juhtu midagi kui l\u00e4heb vastu vesti takjakinnitust. Varrukatel on suure takjaaluse asemel kaks takjaaluse riba, mis oluliselt patandab materjali painduvust selles kohas.<\/p>","protected":false},"excerpt":{"rendered":"<p>Hybrid Tactical Shirt (Shadow) Hybrid Tactical vestialune s\u00e4rk. Puuvillane trikotaa\u017e s\u00e4rgi keskosal on v\u00e4ga hingav. Erinevalt spandexist, sellega ei juhtu midagi kui l\u00e4heb vastu vesti takjakinnitust. Varrukatel on suure takjaaluse asemel kaks takjaaluse riba, mis oluliselt patandab materjali painduvust selles kohas.<\/p>","protected":false},"featured_media":610,"template":"","meta":[],"product_brand":[],"product_cat":[26],"product_tag":[],"class_list":{"0":"post-601","1":"product","2":"type-product","3":"status-publish","4":"has-post-thumbnail","6":"product_cat-sargid","8":"first","9":"instock","10":"taxable","11":"shipping-taxable","12":"purchasable","13":"product-type-variable"},"yoast_head":"<!-- This site is optimized with the Yoast SEO Premium plugin v27.3 (Yoast SEO v27.3) - https:\/\/yoast.com\/product\/yoast-seo-premium-wordpress\/ -->\n<title>Hybrid Tactical Shirt (Shadow) - Lahingurada e-pood<\/title>\n<meta name=\"description\" content=\"Hybrid Tactical Shirt (Shadow) Hybrid Tactical vestialune s\u00e4rk. Puuvillane trikotaa\u017e s\u00e4rgi keskosal on v\u00e4ga hingav.\" \/>\n<meta name=\"robots\" content=\"index, follow, max-snippet:-1, max-image-preview:large, max-video-preview:-1\" \/>\n<link rel=\"canonical\" href=\"https:\/\/lahingupood.ee\/en\/product\/hybrid-tactical-shirt-shadow\/\" \/>\n<meta property=\"og:locale\" content=\"en_GB\" \/>\n<meta property=\"og:type\" content=\"article\" \/>\n<meta property=\"og:title\" content=\"Hybrid Tactical Shirt (Shadow)\" \/>\n<meta property=\"og:description\" content=\"Hybrid Tactical Shirt (Shadow) Hybrid Tactical vestialune s\u00e4rk. Puuvillane trikotaa\u017e s\u00e4rgi keskosal on v\u00e4ga hingav.\" \/>\n<meta property=\"og:url\" content=\"https:\/\/lahingupood.ee\/en\/product\/hybrid-tactical-shirt-shadow\/\" \/>\n<meta property=\"og:site_name\" content=\"Lahingurada e-pood\" \/>\n<meta property=\"article:publisher\" content=\"https:\/\/www.facebook.com\/Lahingurada-629940247212967\" \/>\n<meta property=\"article:modified_time\" content=\"2026-04-12T14:15:07+00:00\" \/>\n<meta property=\"og:image\" content=\"https:\/\/lahingupood.ee\/wp-content\/uploads\/2022\/04\/IMG_1757_900x.jpg.webp\" \/>\n\t<meta property=\"og:image:width\" content=\"900\" \/>\n\t<meta property=\"og:image:height\" content=\"1125\" \/>\n\t<meta property=\"og:image:type\" content=\"image\/webp\" \/>\n<meta name=\"twitter:card\" content=\"summary_large_image\" \/>\n<meta name=\"twitter:label1\" content=\"Estimated reading time\" \/>\n\t<meta name=\"twitter:data1\" content=\"1 minute\" \/>\n<script type=\"application\/ld+json\" class=\"yoast-schema-graph\">{\"@context\":\"https:\\\/\\\/schema.org\",\"@graph\":[{\"@type\":\"WebPage\",\"@id\":\"https:\\\/\\\/lahingupood.ee\\\/toode\\\/hybrid-tactical-shirt-shadow\\\/\",\"url\":\"https:\\\/\\\/lahingupood.ee\\\/toode\\\/hybrid-tactical-shirt-shadow\\\/\",\"name\":\"Hybrid Tactical Shirt (Shadow) - Lahingurada e-pood\",\"isPartOf\":{\"@id\":\"https:\\\/\\\/lahingupood.ee\\\/#website\"},\"primaryImageOfPage\":{\"@id\":\"https:\\\/\\\/lahingupood.ee\\\/toode\\\/hybrid-tactical-shirt-shadow\\\/#primaryimage\"},\"image\":{\"@id\":\"https:\\\/\\\/lahingupood.ee\\\/toode\\\/hybrid-tactical-shirt-shadow\\\/#primaryimage\"},\"thumbnailUrl\":\"https:\\\/\\\/lahingupood.ee\\\/wp-content\\\/uploads\\\/2022\\\/04\\\/IMG_1757_900x.jpg.webp\",\"datePublished\":\"2022-04-13T08:38:07+00:00\",\"dateModified\":\"2026-04-12T14:15:07+00:00\",\"description\":\"Hybrid Tactical Shirt (Shadow) Hybrid Tactical vestialune s\u00e4rk. Puuvillane trikotaa\u017e s\u00e4rgi keskosal on v\u00e4ga hingav.\",\"breadcrumb\":{\"@id\":\"https:\\\/\\\/lahingupood.ee\\\/toode\\\/hybrid-tactical-shirt-shadow\\\/#breadcrumb\"},\"inLanguage\":\"en-GB\",\"potentialAction\":[{\"@type\":\"ReadAction\",\"target\":[\"https:\\\/\\\/lahingupood.ee\\\/toode\\\/hybrid-tactical-shirt-shadow\\\/\"]}]},{\"@type\":\"ImageObject\",\"inLanguage\":\"en-GB\",\"@id\":\"https:\\\/\\\/lahingupood.ee\\\/toode\\\/hybrid-tactical-shirt-shadow\\\/#primaryimage\",\"url\":\"https:\\\/\\\/lahingupood.ee\\\/wp-content\\\/uploads\\\/2022\\\/04\\\/IMG_1757_900x.jpg.webp\",\"contentUrl\":\"https:\\\/\\\/lahingupood.ee\\\/wp-content\\\/uploads\\\/2022\\\/04\\\/IMG_1757_900x.jpg.webp\",\"width\":900,\"height\":1125,\"caption\":\"hybrid-tactical-shirt-shadow\"},{\"@type\":\"BreadcrumbList\",\"@id\":\"https:\\\/\\\/lahingupood.ee\\\/toode\\\/hybrid-tactical-shirt-shadow\\\/#breadcrumb\",\"itemListElement\":[{\"@type\":\"ListItem\",\"position\":1,\"name\":\"Home\",\"item\":\"https:\\\/\\\/lahingupood.ee\\\/\"},{\"@type\":\"ListItem\",\"position\":2,\"name\":\"Tooted\",\"item\":\"https:\\\/\\\/lahingupood.ee\\\/tooted\\\/\"},{\"@type\":\"ListItem\",\"position\":3,\"name\":\"Hybrid Tactical Shirt (Shadow)\"}]},{\"@type\":\"WebSite\",\"@id\":\"https:\\\/\\\/lahingupood.ee\\\/#website\",\"url\":\"https:\\\/\\\/lahingupood.ee\\\/\",\"name\":\"Lahingurada e-pood\",\"description\":\"Airsoft\",\"publisher\":{\"@id\":\"https:\\\/\\\/lahingupood.ee\\\/#organization\"},\"potentialAction\":[{\"@type\":\"SearchAction\",\"target\":{\"@type\":\"EntryPoint\",\"urlTemplate\":\"https:\\\/\\\/lahingupood.ee\\\/?s={search_term_string}\"},\"query-input\":{\"@type\":\"PropertyValueSpecification\",\"valueRequired\":true,\"valueName\":\"search_term_string\"}}],\"inLanguage\":\"en-GB\"},{\"@type\":\"Organization\",\"@id\":\"https:\\\/\\\/lahingupood.ee\\\/#organization\",\"name\":\"Lahingurada\",\"url\":\"https:\\\/\\\/lahingupood.ee\\\/\",\"logo\":{\"@type\":\"ImageObject\",\"inLanguage\":\"en-GB\",\"@id\":\"https:\\\/\\\/lahingupood.ee\\\/#\\\/schema\\\/logo\\\/image\\\/\",\"url\":\"https:\\\/\\\/lahingupood.ee\\\/wp-content\\\/uploads\\\/2022\\\/03\\\/lahingurada-220318.jpg\",\"contentUrl\":\"https:\\\/\\\/lahingupood.ee\\\/wp-content\\\/uploads\\\/2022\\\/03\\\/lahingurada-220318.jpg\",\"width\":800,\"height\":500,\"caption\":\"Lahingurada\"},\"image\":{\"@id\":\"https:\\\/\\\/lahingupood.ee\\\/#\\\/schema\\\/logo\\\/image\\\/\"},\"sameAs\":[\"https:\\\/\\\/www.facebook.com\\\/Lahingurada-629940247212967\"]}]}<\/script>\n<!-- \/ Yoast SEO Premium plugin. -->","yoast_head_json":{"title":"Hybrid Tactical Shirt (Shadow) - Lahingurada e-pood","description":"Hybrid Tactical Shirt (Shadow) Hybrid Tactical vestialune s\u00e4rk. Puuvillane trikotaa\u017e s\u00e4rgi keskosal on v\u00e4ga hingav.","robots":{"index":"index","follow":"follow","max-snippet":"max-snippet:-1","max-image-preview":"max-image-preview:large","max-video-preview":"max-video-preview:-1"},"canonical":"https:\/\/lahingupood.ee\/en\/product\/hybrid-tactical-shirt-shadow\/","og_locale":"en_GB","og_type":"article","og_title":"Hybrid Tactical Shirt (Shadow)","og_description":"Hybrid Tactical Shirt (Shadow) Hybrid Tactical vestialune s\u00e4rk. Puuvillane trikotaa\u017e s\u00e4rgi keskosal on v\u00e4ga hingav.","og_url":"https:\/\/lahingupood.ee\/en\/product\/hybrid-tactical-shirt-shadow\/","og_site_name":"Lahingurada e-pood","article_publisher":"https:\/\/www.facebook.com\/Lahingurada-629940247212967","article_modified_time":"2026-04-12T14:15:07+00:00","og_image":[{"width":900,"height":1125,"url":"https:\/\/lahingupood.ee\/wp-content\/uploads\/2022\/04\/IMG_1757_900x.jpg.webp","type":"image\/webp"}],"twitter_card":"summary_large_image","twitter_misc":{"Estimated reading time":"1 minute"},"schema":{"@context":"https:\/\/schema.org","@graph":[{"@type":"WebPage","@id":"https:\/\/lahingupood.ee\/toode\/hybrid-tactical-shirt-shadow\/","url":"https:\/\/lahingupood.ee\/toode\/hybrid-tactical-shirt-shadow\/","name":"Hybrid Tactical Shirt (Shadow) - Lahingurada e-pood","isPartOf":{"@id":"https:\/\/lahingupood.ee\/#website"},"primaryImageOfPage":{"@id":"https:\/\/lahingupood.ee\/toode\/hybrid-tactical-shirt-shadow\/#primaryimage"},"image":{"@id":"https:\/\/lahingupood.ee\/toode\/hybrid-tactical-shirt-shadow\/#primaryimage"},"thumbnailUrl":"https:\/\/lahingupood.ee\/wp-content\/uploads\/2022\/04\/IMG_1757_900x.jpg.webp","datePublished":"2022-04-13T08:38:07+00:00","dateModified":"2026-04-12T14:15:07+00:00","description":"Hybrid Tactical Shirt (Shadow) Hybrid Tactical vestialune s\u00e4rk. Puuvillane trikotaa\u017e s\u00e4rgi keskosal on v\u00e4ga hingav.","breadcrumb":{"@id":"https:\/\/lahingupood.ee\/toode\/hybrid-tactical-shirt-shadow\/#breadcrumb"},"inLanguage":"en-GB","potentialAction":[{"@type":"ReadAction","target":["https:\/\/lahingupood.ee\/toode\/hybrid-tactical-shirt-shadow\/"]}]},{"@type":"ImageObject","inLanguage":"en-GB","@id":"https:\/\/lahingupood.ee\/toode\/hybrid-tactical-shirt-shadow\/#primaryimage","url":"https:\/\/lahingupood.ee\/wp-content\/uploads\/2022\/04\/IMG_1757_900x.jpg.webp","contentUrl":"https:\/\/lahingupood.ee\/wp-content\/uploads\/2022\/04\/IMG_1757_900x.jpg.webp","width":900,"height":1125,"caption":"hybrid-tactical-shirt-shadow"},{"@type":"BreadcrumbList","@id":"https:\/\/lahingupood.ee\/toode\/hybrid-tactical-shirt-shadow\/#breadcrumb","itemListElement":[{"@type":"ListItem","position":1,"name":"Home","item":"https:\/\/lahingupood.ee\/"},{"@type":"ListItem","position":2,"name":"Tooted","item":"https:\/\/lahingupood.ee\/tooted\/"},{"@type":"ListItem","position":3,"name":"Hybrid Tactical Shirt (Shadow)"}]},{"@type":"WebSite","@id":"https:\/\/lahingupood.ee\/#website","url":"https:\/\/lahingupood.ee\/","name":"Lahingurada e-pood","description":"Airsoft","publisher":{"@id":"https:\/\/lahingupood.ee\/#organization"},"potentialAction":[{"@type":"SearchAction","target":{"@type":"EntryPoint","urlTemplate":"https:\/\/lahingupood.ee\/?s={search_term_string}"},"query-input":{"@type":"PropertyValueSpecification","valueRequired":true,"valueName":"search_term_string"}}],"inLanguage":"en-GB"},{"@type":"Organization","@id":"https:\/\/lahingupood.ee\/#organization","name":"Lahingurada","url":"https:\/\/lahingupood.ee\/","logo":{"@type":"ImageObject","inLanguage":"en-GB","@id":"https:\/\/lahingupood.ee\/#\/schema\/logo\/image\/","url":"https:\/\/lahingupood.ee\/wp-content\/uploads\/2022\/03\/lahingurada-220318.jpg","contentUrl":"https:\/\/lahingupood.ee\/wp-content\/uploads\/2022\/03\/lahingurada-220318.jpg","width":800,"height":500,"caption":"Lahingurada"},"image":{"@id":"https:\/\/lahingupood.ee\/#\/schema\/logo\/image\/"},"sameAs":["https:\/\/www.facebook.com\/Lahingurada-629940247212967"]}]}},"_links":{"self":[{"href":"https:\/\/lahingupood.ee\/en\/wp-json\/wp\/v2\/product\/601","targetHints":{"allow":["GET"]}}],"collection":[{"href":"https:\/\/lahingupood.ee\/en\/wp-json\/wp\/v2\/product"}],"about":[{"href":"https:\/\/lahingupood.ee\/en\/wp-json\/wp\/v2\/types\/product"}],"wp:featuredmedia":[{"embeddable":true,"href":"https:\/\/lahingupood.ee\/en\/wp-json\/wp\/v2\/media\/610"}],"wp:attachment":[{"href":"https:\/\/lahingupood.ee\/en\/wp-json\/wp\/v2\/media?parent=601"}],"wp:term":[{"taxonomy":"product_brand","embeddable":true,"href":"https:\/\/lahingupood.ee\/en\/wp-json\/wp\/v2\/product_brand?post=601"},{"taxonomy":"product_cat","embeddable":true,"href":"https:\/\/lahingupood.ee\/en\/wp-json\/wp\/v2\/product_cat?post=601"},{"taxonomy":"product_tag","embeddable":true,"href":"https:\/\/lahingupood.ee\/en\/wp-json\/wp\/v2\/product_tag?post=601"}],"curies":[{"name":"wp","href":"https:\/\/api.w.org\/{rel}","templated":true}]}}