{"id":6007,"date":"2025-03-06T18:22:23","date_gmt":"2025-03-06T16:22:23","guid":{"rendered":"https:\/\/lahingupood.ee\/?post_type=product&#038;p=6007"},"modified":"2025-03-18T12:39:29","modified_gmt":"2025-03-18T10:39:29","slug":"matrix-protecti-universaalne-seljakott-nord-ee-digi","status":"publish","type":"product","link":"https:\/\/lahingupood.ee\/en\/product\/matrix-protecti-universaalne-seljakott-nord-ee-digi\/","title":{"rendered":"Matrix Protecti universaalne seljakott Nord, EE digi"},"content":{"rendered":"<p>Matrix Protecti universaalne\u00a0 seljakott Nord\u00a0 on stiilne ja praktiline seljakott igap\u00e4evaseks kasutamiseks. Seljakotil on suur peasahtel ja esitasku, mis on suletavad t\u00f5mblukuga, pakuvad piisavalt ruumi k\u00f5ige vajaliku kaasaskandmiseks.<\/p>\n<p>Koti 14-liitrine \u00fcldmaht\u00a0 teeb sellest ideaalse kaaslase igap\u00e4evasteks toimetamisteks. Seljakoti m\u00f5\u00f5dud on 27x36x13 cm, esitasku m\u00f5\u00f5dud on 26x21x4 cm. Kotil on kaks v\u00e4list k\u00fcljetaskut. \u00d5larihmad on reguleeritavad, tagades iga kasutaja jaoks sobiva sobivuse<\/p>","protected":false},"excerpt":{"rendered":"<p>Matrix Protecti universaalne\u00a0 seljakott Nord\u00a0 on stiilne ja praktiline seljakott igap\u00e4evaseks kasutamiseks. Seljakotil on suur peasahtel ja esitasku, mis on suletavad t\u00f5mblukuga, pakuvad piisavalt ruumi k\u00f5ige vajaliku kaasaskandmiseks. Koti 14-liitrine \u00fcldmaht\u00a0 teeb sellest ideaalse kaaslase igap\u00e4evasteks toimetamisteks. Seljakoti m\u00f5\u00f5dud on 27x36x13 cm, esitasku m\u00f5\u00f5dud on 26x21x4 cm. Kotil on kaks v\u00e4list k\u00fcljetaskut. \u00d5larihmad on reguleeritavad, [&#8230;]\n","protected":false},"featured_media":6008,"template":"","meta":[],"product_brand":[],"product_cat":[184,200],"product_tag":[],"class_list":{"0":"post-6007","1":"product","2":"type-product","3":"status-publish","4":"has-post-thumbnail","6":"product_cat-ee-digilaik-estdcu","7":"product_cat-seljakotid-ee-digilaik-estdcu","9":"first","10":"onbackorder","11":"taxable","12":"shipping-taxable","13":"purchasable","14":"product-type-simple"},"yoast_head":"<!-- This site is optimized with the Yoast SEO Premium plugin v27.3 (Yoast SEO v27.3) - https:\/\/yoast.com\/product\/yoast-seo-premium-wordpress\/ -->\n<title>Matrix Protecti universaalne seljakott Nord, EE digi - Lahingurada e-pood<\/title>\n<meta name=\"description\" content=\"Matrix Protecti universaalne seljakott Nord on stiilne ja praktiline seljakott igap\u00e4evaseks kasutamiseks. Seljakotil on suur peasahtel ja esitasku, mis on s\" \/>\n<meta name=\"robots\" content=\"index, follow, max-snippet:-1, max-image-preview:large, max-video-preview:-1\" \/>\n<link rel=\"canonical\" href=\"https:\/\/lahingupood.ee\/en\/product\/matrix-protecti-universaalne-seljakott-nord-ee-digi\/\" \/>\n<meta property=\"og:locale\" content=\"en_GB\" \/>\n<meta property=\"og:type\" content=\"article\" \/>\n<meta property=\"og:title\" content=\"Matrix Protecti universaalne seljakott Nord, EE digi\" \/>\n<meta property=\"og:description\" content=\"Matrix Protecti universaalne seljakott Nord on stiilne ja praktiline seljakott igap\u00e4evaseks kasutamiseks. Seljakotil on suur peasahtel ja esitasku, mis on s\" \/>\n<meta property=\"og:url\" content=\"https:\/\/lahingupood.ee\/en\/product\/matrix-protecti-universaalne-seljakott-nord-ee-digi\/\" \/>\n<meta property=\"og:site_name\" content=\"Lahingurada e-pood\" \/>\n<meta property=\"article:publisher\" content=\"https:\/\/www.facebook.com\/Lahingurada-629940247212967\" \/>\n<meta property=\"article:modified_time\" content=\"2025-03-18T10:39:29+00:00\" \/>\n<meta property=\"og:image\" content=\"https:\/\/lahingupood.ee\/wp-content\/uploads\/2022\/03\/lahingurada-220318.jpg\" \/>\n\t<meta property=\"og:image:width\" content=\"800\" \/>\n\t<meta property=\"og:image:height\" content=\"500\" \/>\n\t<meta property=\"og:image:type\" content=\"image\/jpeg\" \/>\n<meta name=\"twitter:card\" content=\"summary_large_image\" \/>\n<meta name=\"twitter:label1\" content=\"Estimated reading time\" \/>\n\t<meta name=\"twitter:data1\" content=\"1 minute\" \/>\n<script type=\"application\/ld+json\" class=\"yoast-schema-graph\">{\"@context\":\"https:\\\/\\\/schema.org\",\"@graph\":[{\"@type\":\"WebPage\",\"@id\":\"https:\\\/\\\/lahingupood.ee\\\/toode\\\/matrix-protecti-universaalne-seljakott-nord-ee-digi\\\/\",\"url\":\"https:\\\/\\\/lahingupood.ee\\\/toode\\\/matrix-protecti-universaalne-seljakott-nord-ee-digi\\\/\",\"name\":\"Matrix Protecti universaalne seljakott Nord, EE digi - Lahingurada e-pood\",\"isPartOf\":{\"@id\":\"https:\\\/\\\/lahingupood.ee\\\/#website\"},\"primaryImageOfPage\":{\"@id\":\"https:\\\/\\\/lahingupood.ee\\\/toode\\\/matrix-protecti-universaalne-seljakott-nord-ee-digi\\\/#primaryimage\"},\"image\":{\"@id\":\"https:\\\/\\\/lahingupood.ee\\\/toode\\\/matrix-protecti-universaalne-seljakott-nord-ee-digi\\\/#primaryimage\"},\"thumbnailUrl\":\"https:\\\/\\\/lahingupood.ee\\\/wp-content\\\/uploads\\\/2025\\\/03\\\/kott-14.avif\",\"datePublished\":\"2025-03-06T16:22:23+00:00\",\"dateModified\":\"2025-03-18T10:39:29+00:00\",\"description\":\"Matrix Protecti universaalne seljakott Nord on stiilne ja praktiline seljakott igap\u00e4evaseks kasutamiseks. Seljakotil on suur peasahtel ja esitasku, mis on s\",\"breadcrumb\":{\"@id\":\"https:\\\/\\\/lahingupood.ee\\\/toode\\\/matrix-protecti-universaalne-seljakott-nord-ee-digi\\\/#breadcrumb\"},\"inLanguage\":\"en-GB\",\"potentialAction\":[{\"@type\":\"ReadAction\",\"target\":[\"https:\\\/\\\/lahingupood.ee\\\/toode\\\/matrix-protecti-universaalne-seljakott-nord-ee-digi\\\/\"]}]},{\"@type\":\"ImageObject\",\"inLanguage\":\"en-GB\",\"@id\":\"https:\\\/\\\/lahingupood.ee\\\/toode\\\/matrix-protecti-universaalne-seljakott-nord-ee-digi\\\/#primaryimage\",\"url\":\"https:\\\/\\\/lahingupood.ee\\\/wp-content\\\/uploads\\\/2025\\\/03\\\/kott-14.avif\",\"contentUrl\":\"https:\\\/\\\/lahingupood.ee\\\/wp-content\\\/uploads\\\/2025\\\/03\\\/kott-14.avif\",\"width\":1080,\"height\":1080},{\"@type\":\"BreadcrumbList\",\"@id\":\"https:\\\/\\\/lahingupood.ee\\\/toode\\\/matrix-protecti-universaalne-seljakott-nord-ee-digi\\\/#breadcrumb\",\"itemListElement\":[{\"@type\":\"ListItem\",\"position\":1,\"name\":\"Home\",\"item\":\"https:\\\/\\\/lahingupood.ee\\\/\"},{\"@type\":\"ListItem\",\"position\":2,\"name\":\"Tooted\",\"item\":\"https:\\\/\\\/lahingupood.ee\\\/tooted\\\/\"},{\"@type\":\"ListItem\",\"position\":3,\"name\":\"Matrix Protecti universaalne seljakott Nord, EE digi\"}]},{\"@type\":\"WebSite\",\"@id\":\"https:\\\/\\\/lahingupood.ee\\\/#website\",\"url\":\"https:\\\/\\\/lahingupood.ee\\\/\",\"name\":\"Lahingurada e-pood\",\"description\":\"Airsoft\",\"publisher\":{\"@id\":\"https:\\\/\\\/lahingupood.ee\\\/#organization\"},\"potentialAction\":[{\"@type\":\"SearchAction\",\"target\":{\"@type\":\"EntryPoint\",\"urlTemplate\":\"https:\\\/\\\/lahingupood.ee\\\/?s={search_term_string}\"},\"query-input\":{\"@type\":\"PropertyValueSpecification\",\"valueRequired\":true,\"valueName\":\"search_term_string\"}}],\"inLanguage\":\"en-GB\"},{\"@type\":\"Organization\",\"@id\":\"https:\\\/\\\/lahingupood.ee\\\/#organization\",\"name\":\"Lahingurada\",\"url\":\"https:\\\/\\\/lahingupood.ee\\\/\",\"logo\":{\"@type\":\"ImageObject\",\"inLanguage\":\"en-GB\",\"@id\":\"https:\\\/\\\/lahingupood.ee\\\/#\\\/schema\\\/logo\\\/image\\\/\",\"url\":\"https:\\\/\\\/lahingupood.ee\\\/wp-content\\\/uploads\\\/2022\\\/03\\\/lahingurada-220318.jpg\",\"contentUrl\":\"https:\\\/\\\/lahingupood.ee\\\/wp-content\\\/uploads\\\/2022\\\/03\\\/lahingurada-220318.jpg\",\"width\":800,\"height\":500,\"caption\":\"Lahingurada\"},\"image\":{\"@id\":\"https:\\\/\\\/lahingupood.ee\\\/#\\\/schema\\\/logo\\\/image\\\/\"},\"sameAs\":[\"https:\\\/\\\/www.facebook.com\\\/Lahingurada-629940247212967\"]}]}<\/script>\n<!-- \/ Yoast SEO Premium plugin. -->","yoast_head_json":{"title":"Matrix Protecti universaalne seljakott Nord, EE digi - Lahingurada e-pood","description":"Matrix Protecti universaalne seljakott Nord on stiilne ja praktiline seljakott igap\u00e4evaseks kasutamiseks. Seljakotil on suur peasahtel ja esitasku, mis on s","robots":{"index":"index","follow":"follow","max-snippet":"max-snippet:-1","max-image-preview":"max-image-preview:large","max-video-preview":"max-video-preview:-1"},"canonical":"https:\/\/lahingupood.ee\/en\/product\/matrix-protecti-universaalne-seljakott-nord-ee-digi\/","og_locale":"en_GB","og_type":"article","og_title":"Matrix Protecti universaalne seljakott Nord, EE digi","og_description":"Matrix Protecti universaalne seljakott Nord on stiilne ja praktiline seljakott igap\u00e4evaseks kasutamiseks. Seljakotil on suur peasahtel ja esitasku, mis on s","og_url":"https:\/\/lahingupood.ee\/en\/product\/matrix-protecti-universaalne-seljakott-nord-ee-digi\/","og_site_name":"Lahingurada e-pood","article_publisher":"https:\/\/www.facebook.com\/Lahingurada-629940247212967","article_modified_time":"2025-03-18T10:39:29+00:00","og_image":[{"width":800,"height":500,"url":"https:\/\/lahingupood.ee\/wp-content\/uploads\/2022\/03\/lahingurada-220318.jpg","type":"image\/jpeg"}],"twitter_card":"summary_large_image","twitter_misc":{"Estimated reading time":"1 minute"},"schema":{"@context":"https:\/\/schema.org","@graph":[{"@type":"WebPage","@id":"https:\/\/lahingupood.ee\/toode\/matrix-protecti-universaalne-seljakott-nord-ee-digi\/","url":"https:\/\/lahingupood.ee\/toode\/matrix-protecti-universaalne-seljakott-nord-ee-digi\/","name":"Matrix Protecti universaalne seljakott Nord, EE digi - Lahingurada e-pood","isPartOf":{"@id":"https:\/\/lahingupood.ee\/#website"},"primaryImageOfPage":{"@id":"https:\/\/lahingupood.ee\/toode\/matrix-protecti-universaalne-seljakott-nord-ee-digi\/#primaryimage"},"image":{"@id":"https:\/\/lahingupood.ee\/toode\/matrix-protecti-universaalne-seljakott-nord-ee-digi\/#primaryimage"},"thumbnailUrl":"https:\/\/lahingupood.ee\/wp-content\/uploads\/2025\/03\/kott-14.avif","datePublished":"2025-03-06T16:22:23+00:00","dateModified":"2025-03-18T10:39:29+00:00","description":"Matrix Protecti universaalne seljakott Nord on stiilne ja praktiline seljakott igap\u00e4evaseks kasutamiseks. Seljakotil on suur peasahtel ja esitasku, mis on s","breadcrumb":{"@id":"https:\/\/lahingupood.ee\/toode\/matrix-protecti-universaalne-seljakott-nord-ee-digi\/#breadcrumb"},"inLanguage":"en-GB","potentialAction":[{"@type":"ReadAction","target":["https:\/\/lahingupood.ee\/toode\/matrix-protecti-universaalne-seljakott-nord-ee-digi\/"]}]},{"@type":"ImageObject","inLanguage":"en-GB","@id":"https:\/\/lahingupood.ee\/toode\/matrix-protecti-universaalne-seljakott-nord-ee-digi\/#primaryimage","url":"https:\/\/lahingupood.ee\/wp-content\/uploads\/2025\/03\/kott-14.avif","contentUrl":"https:\/\/lahingupood.ee\/wp-content\/uploads\/2025\/03\/kott-14.avif","width":1080,"height":1080},{"@type":"BreadcrumbList","@id":"https:\/\/lahingupood.ee\/toode\/matrix-protecti-universaalne-seljakott-nord-ee-digi\/#breadcrumb","itemListElement":[{"@type":"ListItem","position":1,"name":"Home","item":"https:\/\/lahingupood.ee\/"},{"@type":"ListItem","position":2,"name":"Tooted","item":"https:\/\/lahingupood.ee\/tooted\/"},{"@type":"ListItem","position":3,"name":"Matrix Protecti universaalne seljakott Nord, EE digi"}]},{"@type":"WebSite","@id":"https:\/\/lahingupood.ee\/#website","url":"https:\/\/lahingupood.ee\/","name":"Lahingurada e-pood","description":"Airsoft","publisher":{"@id":"https:\/\/lahingupood.ee\/#organization"},"potentialAction":[{"@type":"SearchAction","target":{"@type":"EntryPoint","urlTemplate":"https:\/\/lahingupood.ee\/?s={search_term_string}"},"query-input":{"@type":"PropertyValueSpecification","valueRequired":true,"valueName":"search_term_string"}}],"inLanguage":"en-GB"},{"@type":"Organization","@id":"https:\/\/lahingupood.ee\/#organization","name":"Lahingurada","url":"https:\/\/lahingupood.ee\/","logo":{"@type":"ImageObject","inLanguage":"en-GB","@id":"https:\/\/lahingupood.ee\/#\/schema\/logo\/image\/","url":"https:\/\/lahingupood.ee\/wp-content\/uploads\/2022\/03\/lahingurada-220318.jpg","contentUrl":"https:\/\/lahingupood.ee\/wp-content\/uploads\/2022\/03\/lahingurada-220318.jpg","width":800,"height":500,"caption":"Lahingurada"},"image":{"@id":"https:\/\/lahingupood.ee\/#\/schema\/logo\/image\/"},"sameAs":["https:\/\/www.facebook.com\/Lahingurada-629940247212967"]}]}},"_links":{"self":[{"href":"https:\/\/lahingupood.ee\/en\/wp-json\/wp\/v2\/product\/6007","targetHints":{"allow":["GET"]}}],"collection":[{"href":"https:\/\/lahingupood.ee\/en\/wp-json\/wp\/v2\/product"}],"about":[{"href":"https:\/\/lahingupood.ee\/en\/wp-json\/wp\/v2\/types\/product"}],"wp:featuredmedia":[{"embeddable":true,"href":"https:\/\/lahingupood.ee\/en\/wp-json\/wp\/v2\/media\/6008"}],"wp:attachment":[{"href":"https:\/\/lahingupood.ee\/en\/wp-json\/wp\/v2\/media?parent=6007"}],"wp:term":[{"taxonomy":"product_brand","embeddable":true,"href":"https:\/\/lahingupood.ee\/en\/wp-json\/wp\/v2\/product_brand?post=6007"},{"taxonomy":"product_cat","embeddable":true,"href":"https:\/\/lahingupood.ee\/en\/wp-json\/wp\/v2\/product_cat?post=6007"},{"taxonomy":"product_tag","embeddable":true,"href":"https:\/\/lahingupood.ee\/en\/wp-json\/wp\/v2\/product_tag?post=6007"}],"curies":[{"name":"wp","href":"https:\/\/api.w.org\/{rel}","templated":true}]}}