{"id":5998,"date":"2025-03-06T18:11:53","date_gmt":"2025-03-06T16:11:53","guid":{"rendered":"https:\/\/lahingupood.ee\/?post_type=product&#038;p=5998"},"modified":"2025-03-18T12:39:57","modified_gmt":"2025-03-18T10:39:57","slug":"m-pro-gen2-plaadikandja-universaalne-seljakott-eedigi","status":"publish","type":"product","link":"https:\/\/lahingupood.ee\/en\/product\/m-pro-gen2-plaadikandja-universaalne-seljakott-eedigi\/","title":{"rendered":"M-Pro GEN2 plaadikandja universaalne seljakott, EEdigi"},"content":{"rendered":"<p>Matrix Protecti Gen2 plaadikandja universaalne taktikaline seljakott. Hetkel on Unipack t\u00f5en\u00e4oliselt \u00fcks parimaid ja efektiivsemaid turul saadaolevasid plaadikandja seljakotte. Unipack on maksimaalse modulaarsuse mustern\u00e4ide. Unipack on disainitud kasutamaks seda erinevates olukordades. Seda kotti saab kasutada nii iseseisva seljakotina kui integreerida plaadikandja v\u00f5i chestrigiga.<\/p>\n<p>Unipackil on kolm kandmise ja kinnitamise v\u00f5imalust. Plaadikandjale saab teda kinnitada nii takjapaneeliga kui MOLLE s\u00fcsteemi abil. Kui on vajalik tagada operatiivsus, siis saab Unipacki kasutada ja kinnitada ka kiirkinnitusega kandmisrihmade abil. See v\u00f5imaldab Unipacki t\u00f5sta \u00fcle pea ning tuua kasutaja ette, et saada kotist k\u00e4tte vajalikku varustust. See v\u00f5imalus on eriti hea juhul, kui kasutada seda kotti meedikukotina. Koti tagapaneelil on kaks t\u00f5mblukuga avatavat lisataskut, kuhu saab panna v\u00e4iksemat vajalikku varustust.<\/p>\n<p>V\u00e4lispind on kaetud laserl\u00f5igatud mikro Molle paneelidega, et kinnitada koti v\u00e4lispinnale vajalikku varustust vajalikku varustust. Unipacki \u00fclaosas on ava, kust kaudu saab tuua v\u00e4lja joogikoti vooliku. Unipacki seljaosa joogikoti sektsioon on m\u00f5lemalt poolt vooderdatud soojapidava PE vahust paneeliga, et s\u00e4ilitada v\u00f5imalikult kaua joogi temperatuuri nii k\u00fclmal kui soojal aastaajal.<\/p>\n<p>Koti sees on \u00fcks liigutatav ja vahetatav sisesein, kuid osa kasutajaid kasutavad kahte siseseina. Sisesein on poolj\u00e4iga konstruktsiooniga ning kaetud pehmke takjariidega son disain Seljakoti siseosa on kaetud m\u00f5lemalt poolt pehme takjariidega, et kinnitada kiiresti ja optimaalselt moduleeritavat varustust. Lisaks on koti seintel aukudega ribad, mille avadest saab l\u00e4bi punuda nii n\u00f6\u00f6ri kui kummin\u00f6\u00f6ri ja kinnitada ghooke. See v\u00f5imaldab veelgi efektiivsemalt varustust pakkida ja kinnitada.<\/p>\n<p>Kott avaneb 180 kraadi. kott on seest kaetud takjariidega, et saaks kinnitada erinevat modulaarset varustust, paneele ja taskuid<\/p>\n<p>Unipacki komplekti kuulub seljakott ja \u00fcks t\u00e4issuuruses poolj\u00e4ik sisesein ning paelad ja kiirkinnituspandlad.<\/p>","protected":false},"excerpt":{"rendered":"<p>Matrix Protecti Gen2 plaadikandja universaalne taktikaline seljakott. Hetkel on Unipack t\u00f5en\u00e4oliselt \u00fcks parimaid ja efektiivsemaid turul saadaolevasid plaadikandja seljakotte. Unipack on maksimaalse modulaarsuse mustern\u00e4ide. Unipack on disainitud kasutamaks seda erinevates olukordades. Seda kotti saab kasutada nii iseseisva seljakotina kui integreerida plaadikandja v\u00f5i chestrigiga. Unipackil on kolm kandmise ja kinnitamise v\u00f5imalust. Plaadikandjale saab teda kinnitada nii [&#8230;]\n","protected":false},"featured_media":5999,"template":"","meta":[],"product_brand":[],"product_cat":[184,200],"product_tag":[],"class_list":{"0":"post-5998","1":"product","2":"type-product","3":"status-publish","4":"has-post-thumbnail","6":"product_cat-ee-digilaik-estdcu","7":"product_cat-seljakotid-ee-digilaik-estdcu","9":"first","10":"onbackorder","11":"taxable","12":"shipping-taxable","13":"purchasable","14":"product-type-simple"},"yoast_head":"<!-- This site is optimized with the Yoast SEO Premium plugin v27.3 (Yoast SEO v27.3) - https:\/\/yoast.com\/product\/yoast-seo-premium-wordpress\/ -->\n<title>M-Pro GEN2 plaadikandja universaalne seljakott, EEdigi - Lahingurada e-pood<\/title>\n<meta name=\"description\" content=\"Matrix Protecti Gen2 plaadikandja universaalne taktikaline seljakott. Hetkel on Unipack t\u00f5en\u00e4oliselt \u00fcks parimaid ja efektiivsemaid turul saadaolevasid\" \/>\n<meta name=\"robots\" content=\"index, follow, max-snippet:-1, max-image-preview:large, max-video-preview:-1\" \/>\n<link rel=\"canonical\" href=\"https:\/\/lahingupood.ee\/en\/product\/m-pro-gen2-plaadikandja-universaalne-seljakott-eedigi\/\" \/>\n<meta property=\"og:locale\" content=\"en_GB\" \/>\n<meta property=\"og:type\" content=\"article\" \/>\n<meta property=\"og:title\" content=\"M-Pro GEN2 plaadikandja universaalne seljakott, EEdigi\" \/>\n<meta property=\"og:description\" content=\"Matrix Protecti Gen2 plaadikandja universaalne taktikaline seljakott. Hetkel on Unipack t\u00f5en\u00e4oliselt \u00fcks parimaid ja efektiivsemaid turul saadaolevasid\" \/>\n<meta property=\"og:url\" content=\"https:\/\/lahingupood.ee\/en\/product\/m-pro-gen2-plaadikandja-universaalne-seljakott-eedigi\/\" \/>\n<meta property=\"og:site_name\" content=\"Lahingurada e-pood\" \/>\n<meta property=\"article:publisher\" content=\"https:\/\/www.facebook.com\/Lahingurada-629940247212967\" \/>\n<meta property=\"article:modified_time\" content=\"2025-03-18T10:39:57+00:00\" \/>\n<meta property=\"og:image\" content=\"https:\/\/lahingupood.ee\/wp-content\/uploads\/2022\/03\/lahingurada-220318.jpg\" \/>\n\t<meta property=\"og:image:width\" content=\"800\" \/>\n\t<meta property=\"og:image:height\" content=\"500\" \/>\n\t<meta property=\"og:image:type\" content=\"image\/jpeg\" \/>\n<meta name=\"twitter:card\" content=\"summary_large_image\" \/>\n<meta name=\"twitter:label1\" content=\"Estimated reading time\" \/>\n\t<meta name=\"twitter:data1\" content=\"2 minutes\" \/>\n<script type=\"application\/ld+json\" class=\"yoast-schema-graph\">{\"@context\":\"https:\\\/\\\/schema.org\",\"@graph\":[{\"@type\":\"WebPage\",\"@id\":\"https:\\\/\\\/lahingupood.ee\\\/toode\\\/m-pro-gen2-plaadikandja-universaalne-seljakott-eedigi\\\/\",\"url\":\"https:\\\/\\\/lahingupood.ee\\\/toode\\\/m-pro-gen2-plaadikandja-universaalne-seljakott-eedigi\\\/\",\"name\":\"M-Pro GEN2 plaadikandja universaalne seljakott, EEdigi - Lahingurada e-pood\",\"isPartOf\":{\"@id\":\"https:\\\/\\\/lahingupood.ee\\\/#website\"},\"primaryImageOfPage\":{\"@id\":\"https:\\\/\\\/lahingupood.ee\\\/toode\\\/m-pro-gen2-plaadikandja-universaalne-seljakott-eedigi\\\/#primaryimage\"},\"image\":{\"@id\":\"https:\\\/\\\/lahingupood.ee\\\/toode\\\/m-pro-gen2-plaadikandja-universaalne-seljakott-eedigi\\\/#primaryimage\"},\"thumbnailUrl\":\"https:\\\/\\\/lahingupood.ee\\\/wp-content\\\/uploads\\\/2025\\\/03\\\/kott-13.avif\",\"datePublished\":\"2025-03-06T16:11:53+00:00\",\"dateModified\":\"2025-03-18T10:39:57+00:00\",\"description\":\"Matrix Protecti Gen2 plaadikandja universaalne taktikaline seljakott. Hetkel on Unipack t\u00f5en\u00e4oliselt \u00fcks parimaid ja efektiivsemaid turul saadaolevasid\",\"breadcrumb\":{\"@id\":\"https:\\\/\\\/lahingupood.ee\\\/toode\\\/m-pro-gen2-plaadikandja-universaalne-seljakott-eedigi\\\/#breadcrumb\"},\"inLanguage\":\"en-GB\",\"potentialAction\":[{\"@type\":\"ReadAction\",\"target\":[\"https:\\\/\\\/lahingupood.ee\\\/toode\\\/m-pro-gen2-plaadikandja-universaalne-seljakott-eedigi\\\/\"]}]},{\"@type\":\"ImageObject\",\"inLanguage\":\"en-GB\",\"@id\":\"https:\\\/\\\/lahingupood.ee\\\/toode\\\/m-pro-gen2-plaadikandja-universaalne-seljakott-eedigi\\\/#primaryimage\",\"url\":\"https:\\\/\\\/lahingupood.ee\\\/wp-content\\\/uploads\\\/2025\\\/03\\\/kott-13.avif\",\"contentUrl\":\"https:\\\/\\\/lahingupood.ee\\\/wp-content\\\/uploads\\\/2025\\\/03\\\/kott-13.avif\",\"width\":1080,\"height\":1080},{\"@type\":\"BreadcrumbList\",\"@id\":\"https:\\\/\\\/lahingupood.ee\\\/toode\\\/m-pro-gen2-plaadikandja-universaalne-seljakott-eedigi\\\/#breadcrumb\",\"itemListElement\":[{\"@type\":\"ListItem\",\"position\":1,\"name\":\"Home\",\"item\":\"https:\\\/\\\/lahingupood.ee\\\/\"},{\"@type\":\"ListItem\",\"position\":2,\"name\":\"Tooted\",\"item\":\"https:\\\/\\\/lahingupood.ee\\\/tooted\\\/\"},{\"@type\":\"ListItem\",\"position\":3,\"name\":\"M-Pro GEN2 plaadikandja universaalne seljakott, EEdigi\"}]},{\"@type\":\"WebSite\",\"@id\":\"https:\\\/\\\/lahingupood.ee\\\/#website\",\"url\":\"https:\\\/\\\/lahingupood.ee\\\/\",\"name\":\"Lahingurada e-pood\",\"description\":\"Airsoft\",\"publisher\":{\"@id\":\"https:\\\/\\\/lahingupood.ee\\\/#organization\"},\"potentialAction\":[{\"@type\":\"SearchAction\",\"target\":{\"@type\":\"EntryPoint\",\"urlTemplate\":\"https:\\\/\\\/lahingupood.ee\\\/?s={search_term_string}\"},\"query-input\":{\"@type\":\"PropertyValueSpecification\",\"valueRequired\":true,\"valueName\":\"search_term_string\"}}],\"inLanguage\":\"en-GB\"},{\"@type\":\"Organization\",\"@id\":\"https:\\\/\\\/lahingupood.ee\\\/#organization\",\"name\":\"Lahingurada\",\"url\":\"https:\\\/\\\/lahingupood.ee\\\/\",\"logo\":{\"@type\":\"ImageObject\",\"inLanguage\":\"en-GB\",\"@id\":\"https:\\\/\\\/lahingupood.ee\\\/#\\\/schema\\\/logo\\\/image\\\/\",\"url\":\"https:\\\/\\\/lahingupood.ee\\\/wp-content\\\/uploads\\\/2022\\\/03\\\/lahingurada-220318.jpg\",\"contentUrl\":\"https:\\\/\\\/lahingupood.ee\\\/wp-content\\\/uploads\\\/2022\\\/03\\\/lahingurada-220318.jpg\",\"width\":800,\"height\":500,\"caption\":\"Lahingurada\"},\"image\":{\"@id\":\"https:\\\/\\\/lahingupood.ee\\\/#\\\/schema\\\/logo\\\/image\\\/\"},\"sameAs\":[\"https:\\\/\\\/www.facebook.com\\\/Lahingurada-629940247212967\"]}]}<\/script>\n<!-- \/ Yoast SEO Premium plugin. -->","yoast_head_json":{"title":"M-Pro GEN2 plaadikandja universaalne seljakott, EEdigi - Lahingurada e-pood","description":"Matrix Protecti Gen2 plaadikandja universaalne taktikaline seljakott. Hetkel on Unipack t\u00f5en\u00e4oliselt \u00fcks parimaid ja efektiivsemaid turul saadaolevasid","robots":{"index":"index","follow":"follow","max-snippet":"max-snippet:-1","max-image-preview":"max-image-preview:large","max-video-preview":"max-video-preview:-1"},"canonical":"https:\/\/lahingupood.ee\/en\/product\/m-pro-gen2-plaadikandja-universaalne-seljakott-eedigi\/","og_locale":"en_GB","og_type":"article","og_title":"M-Pro GEN2 plaadikandja universaalne seljakott, EEdigi","og_description":"Matrix Protecti Gen2 plaadikandja universaalne taktikaline seljakott. Hetkel on Unipack t\u00f5en\u00e4oliselt \u00fcks parimaid ja efektiivsemaid turul saadaolevasid","og_url":"https:\/\/lahingupood.ee\/en\/product\/m-pro-gen2-plaadikandja-universaalne-seljakott-eedigi\/","og_site_name":"Lahingurada e-pood","article_publisher":"https:\/\/www.facebook.com\/Lahingurada-629940247212967","article_modified_time":"2025-03-18T10:39:57+00:00","og_image":[{"width":800,"height":500,"url":"https:\/\/lahingupood.ee\/wp-content\/uploads\/2022\/03\/lahingurada-220318.jpg","type":"image\/jpeg"}],"twitter_card":"summary_large_image","twitter_misc":{"Estimated reading time":"2 minutes"},"schema":{"@context":"https:\/\/schema.org","@graph":[{"@type":"WebPage","@id":"https:\/\/lahingupood.ee\/toode\/m-pro-gen2-plaadikandja-universaalne-seljakott-eedigi\/","url":"https:\/\/lahingupood.ee\/toode\/m-pro-gen2-plaadikandja-universaalne-seljakott-eedigi\/","name":"M-Pro GEN2 plaadikandja universaalne seljakott, EEdigi - Lahingurada e-pood","isPartOf":{"@id":"https:\/\/lahingupood.ee\/#website"},"primaryImageOfPage":{"@id":"https:\/\/lahingupood.ee\/toode\/m-pro-gen2-plaadikandja-universaalne-seljakott-eedigi\/#primaryimage"},"image":{"@id":"https:\/\/lahingupood.ee\/toode\/m-pro-gen2-plaadikandja-universaalne-seljakott-eedigi\/#primaryimage"},"thumbnailUrl":"https:\/\/lahingupood.ee\/wp-content\/uploads\/2025\/03\/kott-13.avif","datePublished":"2025-03-06T16:11:53+00:00","dateModified":"2025-03-18T10:39:57+00:00","description":"Matrix Protecti Gen2 plaadikandja universaalne taktikaline seljakott. Hetkel on Unipack t\u00f5en\u00e4oliselt \u00fcks parimaid ja efektiivsemaid turul saadaolevasid","breadcrumb":{"@id":"https:\/\/lahingupood.ee\/toode\/m-pro-gen2-plaadikandja-universaalne-seljakott-eedigi\/#breadcrumb"},"inLanguage":"en-GB","potentialAction":[{"@type":"ReadAction","target":["https:\/\/lahingupood.ee\/toode\/m-pro-gen2-plaadikandja-universaalne-seljakott-eedigi\/"]}]},{"@type":"ImageObject","inLanguage":"en-GB","@id":"https:\/\/lahingupood.ee\/toode\/m-pro-gen2-plaadikandja-universaalne-seljakott-eedigi\/#primaryimage","url":"https:\/\/lahingupood.ee\/wp-content\/uploads\/2025\/03\/kott-13.avif","contentUrl":"https:\/\/lahingupood.ee\/wp-content\/uploads\/2025\/03\/kott-13.avif","width":1080,"height":1080},{"@type":"BreadcrumbList","@id":"https:\/\/lahingupood.ee\/toode\/m-pro-gen2-plaadikandja-universaalne-seljakott-eedigi\/#breadcrumb","itemListElement":[{"@type":"ListItem","position":1,"name":"Home","item":"https:\/\/lahingupood.ee\/"},{"@type":"ListItem","position":2,"name":"Tooted","item":"https:\/\/lahingupood.ee\/tooted\/"},{"@type":"ListItem","position":3,"name":"M-Pro GEN2 plaadikandja universaalne seljakott, EEdigi"}]},{"@type":"WebSite","@id":"https:\/\/lahingupood.ee\/#website","url":"https:\/\/lahingupood.ee\/","name":"Lahingurada e-pood","description":"Airsoft","publisher":{"@id":"https:\/\/lahingupood.ee\/#organization"},"potentialAction":[{"@type":"SearchAction","target":{"@type":"EntryPoint","urlTemplate":"https:\/\/lahingupood.ee\/?s={search_term_string}"},"query-input":{"@type":"PropertyValueSpecification","valueRequired":true,"valueName":"search_term_string"}}],"inLanguage":"en-GB"},{"@type":"Organization","@id":"https:\/\/lahingupood.ee\/#organization","name":"Lahingurada","url":"https:\/\/lahingupood.ee\/","logo":{"@type":"ImageObject","inLanguage":"en-GB","@id":"https:\/\/lahingupood.ee\/#\/schema\/logo\/image\/","url":"https:\/\/lahingupood.ee\/wp-content\/uploads\/2022\/03\/lahingurada-220318.jpg","contentUrl":"https:\/\/lahingupood.ee\/wp-content\/uploads\/2022\/03\/lahingurada-220318.jpg","width":800,"height":500,"caption":"Lahingurada"},"image":{"@id":"https:\/\/lahingupood.ee\/#\/schema\/logo\/image\/"},"sameAs":["https:\/\/www.facebook.com\/Lahingurada-629940247212967"]}]}},"_links":{"self":[{"href":"https:\/\/lahingupood.ee\/en\/wp-json\/wp\/v2\/product\/5998","targetHints":{"allow":["GET"]}}],"collection":[{"href":"https:\/\/lahingupood.ee\/en\/wp-json\/wp\/v2\/product"}],"about":[{"href":"https:\/\/lahingupood.ee\/en\/wp-json\/wp\/v2\/types\/product"}],"wp:featuredmedia":[{"embeddable":true,"href":"https:\/\/lahingupood.ee\/en\/wp-json\/wp\/v2\/media\/5999"}],"wp:attachment":[{"href":"https:\/\/lahingupood.ee\/en\/wp-json\/wp\/v2\/media?parent=5998"}],"wp:term":[{"taxonomy":"product_brand","embeddable":true,"href":"https:\/\/lahingupood.ee\/en\/wp-json\/wp\/v2\/product_brand?post=5998"},{"taxonomy":"product_cat","embeddable":true,"href":"https:\/\/lahingupood.ee\/en\/wp-json\/wp\/v2\/product_cat?post=5998"},{"taxonomy":"product_tag","embeddable":true,"href":"https:\/\/lahingupood.ee\/en\/wp-json\/wp\/v2\/product_tag?post=5998"}],"curies":[{"name":"wp","href":"https:\/\/api.w.org\/{rel}","templated":true}]}}