{"id":5974,"date":"2025-03-06T17:35:15","date_gmt":"2025-03-06T15:35:15","guid":{"rendered":"https:\/\/lahingupood.ee\/?post_type=product&#038;p=5974"},"modified":"2025-03-18T12:40:40","modified_gmt":"2025-03-18T10:40:40","slug":"matrix-protecti-gen-2-veekoti-tasku-v4-eedigi","status":"publish","type":"product","link":"https:\/\/lahingupood.ee\/en\/product\/matrix-protecti-gen-2-veekoti-tasku-v4-eedigi\/","title":{"rendered":"Matrix Protecti GEN 2 veekoti tasku V4, EEdigi"},"content":{"rendered":"<p>Matrix Protecti\u00a0 GEN 2\u00a0 laserl\u00f5igatud veekoti tasku V4 sobib kuni 2 liitrise veekoti kandmiseks plaadikandjal v\u00f5i lahinguvestil.<\/p>\n<p>Kinnitub Molle s\u00fcsteemiga. Veekott on kaetud laserl\u00f5igatud MOLLE s\u00fcsteemiga, nii et saab vajadusel kotile kinnitada ka muud varustust. Veekotil on v\u00e4lispinnal ka kaks EE digimustriga t\u00f5mblukuga suletavat taskut. Veekoti suurus \u00fchtib Matrix Protecti plaadikandjate seljaosa suurusega.<\/p>","protected":false},"excerpt":{"rendered":"<p>Matrix Protecti\u00a0 GEN 2\u00a0 laserl\u00f5igatud veekoti tasku V4 sobib kuni 2 liitrise veekoti kandmiseks plaadikandjal v\u00f5i lahinguvestil. Kinnitub Molle s\u00fcsteemiga. Veekott on kaetud laserl\u00f5igatud MOLLE s\u00fcsteemiga, nii et saab vajadusel kotile kinnitada ka muud varustust. Veekotil on v\u00e4lispinnal ka kaks EE digimustriga t\u00f5mblukuga suletavat taskut. Veekoti suurus \u00fchtib Matrix Protecti plaadikandjate seljaosa suurusega.<\/p>","protected":false},"featured_media":5975,"template":"","meta":[],"product_brand":[],"product_cat":[184,199],"product_tag":[],"class_list":{"0":"post-5974","1":"product","2":"type-product","3":"status-publish","4":"has-post-thumbnail","6":"product_cat-ee-digilaik-estdcu","7":"product_cat-joogikotid","9":"first","10":"onbackorder","11":"taxable","12":"shipping-taxable","13":"purchasable","14":"product-type-simple"},"yoast_head":"<!-- This site is optimized with the Yoast SEO Premium plugin v27.3 (Yoast SEO v27.3) - https:\/\/yoast.com\/product\/yoast-seo-premium-wordpress\/ -->\n<title>Matrix Protecti GEN 2 veekoti tasku V4, EEdigi - Lahingurada e-pood<\/title>\n<meta name=\"description\" content=\"Matrix Protecti GEN 2 laserl\u00f5igatud veekoti tasku V4 sobib kuni 2 liitrise veekoti kandmiseks plaadikandjal v\u00f5i lahinguvestil.Kinnitub Molle s\u00fcsteemiga. Ve\" \/>\n<meta name=\"robots\" content=\"index, follow, max-snippet:-1, max-image-preview:large, max-video-preview:-1\" \/>\n<link rel=\"canonical\" href=\"https:\/\/lahingupood.ee\/en\/product\/matrix-protecti-gen-2-veekoti-tasku-v4-eedigi\/\" \/>\n<meta property=\"og:locale\" content=\"en_GB\" \/>\n<meta property=\"og:type\" content=\"article\" \/>\n<meta property=\"og:title\" content=\"Matrix Protecti GEN 2 veekoti tasku V4, EEdigi\" \/>\n<meta property=\"og:description\" content=\"Matrix Protecti GEN 2 laserl\u00f5igatud veekoti tasku V4 sobib kuni 2 liitrise veekoti kandmiseks plaadikandjal v\u00f5i lahinguvestil.Kinnitub Molle s\u00fcsteemiga. Ve\" \/>\n<meta property=\"og:url\" content=\"https:\/\/lahingupood.ee\/en\/product\/matrix-protecti-gen-2-veekoti-tasku-v4-eedigi\/\" \/>\n<meta property=\"og:site_name\" content=\"Lahingurada e-pood\" \/>\n<meta property=\"article:publisher\" content=\"https:\/\/www.facebook.com\/Lahingurada-629940247212967\" \/>\n<meta property=\"article:modified_time\" content=\"2025-03-18T10:40:40+00:00\" \/>\n<meta property=\"og:image\" content=\"https:\/\/lahingupood.ee\/wp-content\/uploads\/2022\/03\/lahingurada-220318.jpg\" \/>\n\t<meta property=\"og:image:width\" content=\"800\" \/>\n\t<meta property=\"og:image:height\" content=\"500\" \/>\n\t<meta property=\"og:image:type\" content=\"image\/jpeg\" \/>\n<meta name=\"twitter:card\" content=\"summary_large_image\" \/>\n<meta name=\"twitter:label1\" content=\"Estimated reading time\" \/>\n\t<meta name=\"twitter:data1\" content=\"1 minute\" \/>\n<script type=\"application\/ld+json\" class=\"yoast-schema-graph\">{\"@context\":\"https:\\\/\\\/schema.org\",\"@graph\":[{\"@type\":\"WebPage\",\"@id\":\"https:\\\/\\\/lahingupood.ee\\\/toode\\\/matrix-protecti-gen-2-veekoti-tasku-v4-eedigi\\\/\",\"url\":\"https:\\\/\\\/lahingupood.ee\\\/toode\\\/matrix-protecti-gen-2-veekoti-tasku-v4-eedigi\\\/\",\"name\":\"Matrix Protecti GEN 2 veekoti tasku V4, EEdigi - Lahingurada e-pood\",\"isPartOf\":{\"@id\":\"https:\\\/\\\/lahingupood.ee\\\/#website\"},\"primaryImageOfPage\":{\"@id\":\"https:\\\/\\\/lahingupood.ee\\\/toode\\\/matrix-protecti-gen-2-veekoti-tasku-v4-eedigi\\\/#primaryimage\"},\"image\":{\"@id\":\"https:\\\/\\\/lahingupood.ee\\\/toode\\\/matrix-protecti-gen-2-veekoti-tasku-v4-eedigi\\\/#primaryimage\"},\"thumbnailUrl\":\"https:\\\/\\\/lahingupood.ee\\\/wp-content\\\/uploads\\\/2025\\\/03\\\/jook.avif\",\"datePublished\":\"2025-03-06T15:35:15+00:00\",\"dateModified\":\"2025-03-18T10:40:40+00:00\",\"description\":\"Matrix Protecti GEN 2 laserl\u00f5igatud veekoti tasku V4 sobib kuni 2 liitrise veekoti kandmiseks plaadikandjal v\u00f5i lahinguvestil.Kinnitub Molle s\u00fcsteemiga. Ve\",\"breadcrumb\":{\"@id\":\"https:\\\/\\\/lahingupood.ee\\\/toode\\\/matrix-protecti-gen-2-veekoti-tasku-v4-eedigi\\\/#breadcrumb\"},\"inLanguage\":\"en-GB\",\"potentialAction\":[{\"@type\":\"ReadAction\",\"target\":[\"https:\\\/\\\/lahingupood.ee\\\/toode\\\/matrix-protecti-gen-2-veekoti-tasku-v4-eedigi\\\/\"]}]},{\"@type\":\"ImageObject\",\"inLanguage\":\"en-GB\",\"@id\":\"https:\\\/\\\/lahingupood.ee\\\/toode\\\/matrix-protecti-gen-2-veekoti-tasku-v4-eedigi\\\/#primaryimage\",\"url\":\"https:\\\/\\\/lahingupood.ee\\\/wp-content\\\/uploads\\\/2025\\\/03\\\/jook.avif\",\"contentUrl\":\"https:\\\/\\\/lahingupood.ee\\\/wp-content\\\/uploads\\\/2025\\\/03\\\/jook.avif\",\"width\":1080,\"height\":1080},{\"@type\":\"BreadcrumbList\",\"@id\":\"https:\\\/\\\/lahingupood.ee\\\/toode\\\/matrix-protecti-gen-2-veekoti-tasku-v4-eedigi\\\/#breadcrumb\",\"itemListElement\":[{\"@type\":\"ListItem\",\"position\":1,\"name\":\"Home\",\"item\":\"https:\\\/\\\/lahingupood.ee\\\/\"},{\"@type\":\"ListItem\",\"position\":2,\"name\":\"Tooted\",\"item\":\"https:\\\/\\\/lahingupood.ee\\\/tooted\\\/\"},{\"@type\":\"ListItem\",\"position\":3,\"name\":\"Matrix Protecti GEN 2 veekoti tasku V4, EEdigi\"}]},{\"@type\":\"WebSite\",\"@id\":\"https:\\\/\\\/lahingupood.ee\\\/#website\",\"url\":\"https:\\\/\\\/lahingupood.ee\\\/\",\"name\":\"Lahingurada e-pood\",\"description\":\"Airsoft\",\"publisher\":{\"@id\":\"https:\\\/\\\/lahingupood.ee\\\/#organization\"},\"potentialAction\":[{\"@type\":\"SearchAction\",\"target\":{\"@type\":\"EntryPoint\",\"urlTemplate\":\"https:\\\/\\\/lahingupood.ee\\\/?s={search_term_string}\"},\"query-input\":{\"@type\":\"PropertyValueSpecification\",\"valueRequired\":true,\"valueName\":\"search_term_string\"}}],\"inLanguage\":\"en-GB\"},{\"@type\":\"Organization\",\"@id\":\"https:\\\/\\\/lahingupood.ee\\\/#organization\",\"name\":\"Lahingurada\",\"url\":\"https:\\\/\\\/lahingupood.ee\\\/\",\"logo\":{\"@type\":\"ImageObject\",\"inLanguage\":\"en-GB\",\"@id\":\"https:\\\/\\\/lahingupood.ee\\\/#\\\/schema\\\/logo\\\/image\\\/\",\"url\":\"https:\\\/\\\/lahingupood.ee\\\/wp-content\\\/uploads\\\/2022\\\/03\\\/lahingurada-220318.jpg\",\"contentUrl\":\"https:\\\/\\\/lahingupood.ee\\\/wp-content\\\/uploads\\\/2022\\\/03\\\/lahingurada-220318.jpg\",\"width\":800,\"height\":500,\"caption\":\"Lahingurada\"},\"image\":{\"@id\":\"https:\\\/\\\/lahingupood.ee\\\/#\\\/schema\\\/logo\\\/image\\\/\"},\"sameAs\":[\"https:\\\/\\\/www.facebook.com\\\/Lahingurada-629940247212967\"]}]}<\/script>\n<!-- \/ Yoast SEO Premium plugin. -->","yoast_head_json":{"title":"Matrix Protecti GEN 2 veekoti tasku V4, EEdigi - Lahingurada e-pood","description":"Matrix Protecti GEN 2 laserl\u00f5igatud veekoti tasku V4 sobib kuni 2 liitrise veekoti kandmiseks plaadikandjal v\u00f5i lahinguvestil.Kinnitub Molle s\u00fcsteemiga. Ve","robots":{"index":"index","follow":"follow","max-snippet":"max-snippet:-1","max-image-preview":"max-image-preview:large","max-video-preview":"max-video-preview:-1"},"canonical":"https:\/\/lahingupood.ee\/en\/product\/matrix-protecti-gen-2-veekoti-tasku-v4-eedigi\/","og_locale":"en_GB","og_type":"article","og_title":"Matrix Protecti GEN 2 veekoti tasku V4, EEdigi","og_description":"Matrix Protecti GEN 2 laserl\u00f5igatud veekoti tasku V4 sobib kuni 2 liitrise veekoti kandmiseks plaadikandjal v\u00f5i lahinguvestil.Kinnitub Molle s\u00fcsteemiga. Ve","og_url":"https:\/\/lahingupood.ee\/en\/product\/matrix-protecti-gen-2-veekoti-tasku-v4-eedigi\/","og_site_name":"Lahingurada e-pood","article_publisher":"https:\/\/www.facebook.com\/Lahingurada-629940247212967","article_modified_time":"2025-03-18T10:40:40+00:00","og_image":[{"width":800,"height":500,"url":"https:\/\/lahingupood.ee\/wp-content\/uploads\/2022\/03\/lahingurada-220318.jpg","type":"image\/jpeg"}],"twitter_card":"summary_large_image","twitter_misc":{"Estimated reading time":"1 minute"},"schema":{"@context":"https:\/\/schema.org","@graph":[{"@type":"WebPage","@id":"https:\/\/lahingupood.ee\/toode\/matrix-protecti-gen-2-veekoti-tasku-v4-eedigi\/","url":"https:\/\/lahingupood.ee\/toode\/matrix-protecti-gen-2-veekoti-tasku-v4-eedigi\/","name":"Matrix Protecti GEN 2 veekoti tasku V4, EEdigi - Lahingurada e-pood","isPartOf":{"@id":"https:\/\/lahingupood.ee\/#website"},"primaryImageOfPage":{"@id":"https:\/\/lahingupood.ee\/toode\/matrix-protecti-gen-2-veekoti-tasku-v4-eedigi\/#primaryimage"},"image":{"@id":"https:\/\/lahingupood.ee\/toode\/matrix-protecti-gen-2-veekoti-tasku-v4-eedigi\/#primaryimage"},"thumbnailUrl":"https:\/\/lahingupood.ee\/wp-content\/uploads\/2025\/03\/jook.avif","datePublished":"2025-03-06T15:35:15+00:00","dateModified":"2025-03-18T10:40:40+00:00","description":"Matrix Protecti GEN 2 laserl\u00f5igatud veekoti tasku V4 sobib kuni 2 liitrise veekoti kandmiseks plaadikandjal v\u00f5i lahinguvestil.Kinnitub Molle s\u00fcsteemiga. Ve","breadcrumb":{"@id":"https:\/\/lahingupood.ee\/toode\/matrix-protecti-gen-2-veekoti-tasku-v4-eedigi\/#breadcrumb"},"inLanguage":"en-GB","potentialAction":[{"@type":"ReadAction","target":["https:\/\/lahingupood.ee\/toode\/matrix-protecti-gen-2-veekoti-tasku-v4-eedigi\/"]}]},{"@type":"ImageObject","inLanguage":"en-GB","@id":"https:\/\/lahingupood.ee\/toode\/matrix-protecti-gen-2-veekoti-tasku-v4-eedigi\/#primaryimage","url":"https:\/\/lahingupood.ee\/wp-content\/uploads\/2025\/03\/jook.avif","contentUrl":"https:\/\/lahingupood.ee\/wp-content\/uploads\/2025\/03\/jook.avif","width":1080,"height":1080},{"@type":"BreadcrumbList","@id":"https:\/\/lahingupood.ee\/toode\/matrix-protecti-gen-2-veekoti-tasku-v4-eedigi\/#breadcrumb","itemListElement":[{"@type":"ListItem","position":1,"name":"Home","item":"https:\/\/lahingupood.ee\/"},{"@type":"ListItem","position":2,"name":"Tooted","item":"https:\/\/lahingupood.ee\/tooted\/"},{"@type":"ListItem","position":3,"name":"Matrix Protecti GEN 2 veekoti tasku V4, EEdigi"}]},{"@type":"WebSite","@id":"https:\/\/lahingupood.ee\/#website","url":"https:\/\/lahingupood.ee\/","name":"Lahingurada e-pood","description":"Airsoft","publisher":{"@id":"https:\/\/lahingupood.ee\/#organization"},"potentialAction":[{"@type":"SearchAction","target":{"@type":"EntryPoint","urlTemplate":"https:\/\/lahingupood.ee\/?s={search_term_string}"},"query-input":{"@type":"PropertyValueSpecification","valueRequired":true,"valueName":"search_term_string"}}],"inLanguage":"en-GB"},{"@type":"Organization","@id":"https:\/\/lahingupood.ee\/#organization","name":"Lahingurada","url":"https:\/\/lahingupood.ee\/","logo":{"@type":"ImageObject","inLanguage":"en-GB","@id":"https:\/\/lahingupood.ee\/#\/schema\/logo\/image\/","url":"https:\/\/lahingupood.ee\/wp-content\/uploads\/2022\/03\/lahingurada-220318.jpg","contentUrl":"https:\/\/lahingupood.ee\/wp-content\/uploads\/2022\/03\/lahingurada-220318.jpg","width":800,"height":500,"caption":"Lahingurada"},"image":{"@id":"https:\/\/lahingupood.ee\/#\/schema\/logo\/image\/"},"sameAs":["https:\/\/www.facebook.com\/Lahingurada-629940247212967"]}]}},"_links":{"self":[{"href":"https:\/\/lahingupood.ee\/en\/wp-json\/wp\/v2\/product\/5974","targetHints":{"allow":["GET"]}}],"collection":[{"href":"https:\/\/lahingupood.ee\/en\/wp-json\/wp\/v2\/product"}],"about":[{"href":"https:\/\/lahingupood.ee\/en\/wp-json\/wp\/v2\/types\/product"}],"wp:featuredmedia":[{"embeddable":true,"href":"https:\/\/lahingupood.ee\/en\/wp-json\/wp\/v2\/media\/5975"}],"wp:attachment":[{"href":"https:\/\/lahingupood.ee\/en\/wp-json\/wp\/v2\/media?parent=5974"}],"wp:term":[{"taxonomy":"product_brand","embeddable":true,"href":"https:\/\/lahingupood.ee\/en\/wp-json\/wp\/v2\/product_brand?post=5974"},{"taxonomy":"product_cat","embeddable":true,"href":"https:\/\/lahingupood.ee\/en\/wp-json\/wp\/v2\/product_cat?post=5974"},{"taxonomy":"product_tag","embeddable":true,"href":"https:\/\/lahingupood.ee\/en\/wp-json\/wp\/v2\/product_tag?post=5974"}],"curies":[{"name":"wp","href":"https:\/\/api.w.org\/{rel}","templated":true}]}}