{"id":5960,"date":"2025-03-06T17:03:14","date_gmt":"2025-03-06T15:03:14","guid":{"rendered":"https:\/\/lahingupood.ee\/?post_type=product&#038;p=5960"},"modified":"2025-03-18T12:40:58","modified_gmt":"2025-03-18T10:40:58","slug":"matrix-protecti-universaalne-taktikaline-seljakott-droonikott-ee-digi","status":"publish","type":"product","link":"https:\/\/lahingupood.ee\/en\/product\/matrix-protecti-universaalne-taktikaline-seljakott-droonikott-ee-digi\/","title":{"rendered":"Matrix Protecti universaalne taktikaline seljakott, droonikott, EE digi"},"content":{"rendered":"<p>Matrix Protecti universaalne taktikaline seljakott on maksimaalse modulaarsuse mustern\u00e4ide. Seljakott on disainitud kasutamaks seda erinevates olukordades. Mugav ja ergonoomiline kandmiss\u00fcsteem, 3D v\u00f5rgust seljapolstriga, mugavad \u00f5larihmad ja vahetatav v\u00f6\u00f6. V\u00e4lispinnal on piisavalt MOLLE paelu, et kinnitada vajalikku varustust, samuti on koti pealmises osas ja ka k\u00fcljel k\u00e4eaas, et saaks kotti k\u00e4e otsasa kanda. Seljakoti\u00a0 fotodel on n\u00e4ha, kuidas seda kasutada droonikotina.\u00a0 Seljakoti siseosa on tehtud vahtplastist vastavalt vajalikule spetsifikatsioonile.<\/p>\n<p>Kott avaneb 180 kraadi. kott on seest kaetud takjariidega, et saaks kinnitada erinevat modulaarset varustust, paneele ja taskuid<\/p>\n<p>Seljakoti komplekti kuulub seljakott ilma siseosata(vajadusel saab eraldi tellida spetsiifilise disainiga), vahetatav v\u00f6\u00f6s\u00fcsteem.<\/p>\n<p>Materjaliks on\u00a0 Foxdura 500 IRR<\/p>","protected":false},"excerpt":{"rendered":"<p>Matrix Protecti universaalne taktikaline seljakott on maksimaalse modulaarsuse mustern\u00e4ide. Seljakott on disainitud kasutamaks seda erinevates olukordades. Mugav ja ergonoomiline kandmiss\u00fcsteem, 3D v\u00f5rgust seljapolstriga, mugavad \u00f5larihmad ja vahetatav v\u00f6\u00f6. V\u00e4lispinnal on piisavalt MOLLE paelu, et kinnitada vajalikku varustust, samuti on koti pealmises osas ja ka k\u00fcljel k\u00e4eaas, et saaks kotti k\u00e4e otsasa kanda. Seljakoti\u00a0 fotodel on [&#8230;]\n","protected":false},"featured_media":5961,"template":"","meta":[],"product_brand":[],"product_cat":[198,184,200],"product_tag":[],"class_list":{"0":"post-5960","1":"product","2":"type-product","3":"status-publish","4":"has-post-thumbnail","6":"product_cat-droonikotid","7":"product_cat-ee-digilaik-estdcu","8":"product_cat-seljakotid-ee-digilaik-estdcu","10":"first","11":"onbackorder","12":"taxable","13":"shipping-taxable","14":"purchasable","15":"product-type-simple"},"yoast_head":"<!-- This site is optimized with the Yoast SEO Premium plugin v27.3 (Yoast SEO v27.3) - https:\/\/yoast.com\/product\/yoast-seo-premium-wordpress\/ -->\n<title>Matrix Protecti universaalne taktikaline seljakott, droonikott, EE digi - Lahingurada e-pood<\/title>\n<meta name=\"description\" content=\"Matrix Protecti universaalne taktikaline seljakott on maksimaalse modulaarsuse mustern\u00e4ide. Seljakott on disainitud kasutamaks seda erinevates olukordades.\" \/>\n<meta name=\"robots\" content=\"index, follow, max-snippet:-1, max-image-preview:large, max-video-preview:-1\" \/>\n<link rel=\"canonical\" href=\"https:\/\/lahingupood.ee\/en\/product\/matrix-protecti-universaalne-taktikaline-seljakott-droonikott-ee-digi\/\" \/>\n<meta property=\"og:locale\" content=\"en_GB\" \/>\n<meta property=\"og:type\" content=\"article\" \/>\n<meta property=\"og:title\" content=\"Matrix Protecti universaalne taktikaline seljakott, droonikott, EE digi\" \/>\n<meta property=\"og:description\" content=\"Matrix Protecti universaalne taktikaline seljakott on maksimaalse modulaarsuse mustern\u00e4ide. Seljakott on disainitud kasutamaks seda erinevates olukordades.\" \/>\n<meta property=\"og:url\" content=\"https:\/\/lahingupood.ee\/en\/product\/matrix-protecti-universaalne-taktikaline-seljakott-droonikott-ee-digi\/\" \/>\n<meta property=\"og:site_name\" content=\"Lahingurada e-pood\" \/>\n<meta property=\"article:publisher\" content=\"https:\/\/www.facebook.com\/Lahingurada-629940247212967\" \/>\n<meta property=\"article:modified_time\" content=\"2025-03-18T10:40:58+00:00\" \/>\n<meta property=\"og:image\" content=\"https:\/\/lahingupood.ee\/wp-content\/uploads\/2022\/03\/lahingurada-220318.jpg\" \/>\n\t<meta property=\"og:image:width\" content=\"800\" \/>\n\t<meta property=\"og:image:height\" content=\"500\" \/>\n\t<meta property=\"og:image:type\" content=\"image\/jpeg\" \/>\n<meta name=\"twitter:card\" content=\"summary_large_image\" \/>\n<meta name=\"twitter:label1\" content=\"Estimated reading time\" \/>\n\t<meta name=\"twitter:data1\" content=\"1 minute\" \/>\n<script type=\"application\/ld+json\" class=\"yoast-schema-graph\">{\"@context\":\"https:\\\/\\\/schema.org\",\"@graph\":[{\"@type\":\"WebPage\",\"@id\":\"https:\\\/\\\/lahingupood.ee\\\/toode\\\/matrix-protecti-universaalne-taktikaline-seljakott-droonikott-ee-digi\\\/\",\"url\":\"https:\\\/\\\/lahingupood.ee\\\/toode\\\/matrix-protecti-universaalne-taktikaline-seljakott-droonikott-ee-digi\\\/\",\"name\":\"Matrix Protecti universaalne taktikaline seljakott, droonikott, EE digi - Lahingurada e-pood\",\"isPartOf\":{\"@id\":\"https:\\\/\\\/lahingupood.ee\\\/#website\"},\"primaryImageOfPage\":{\"@id\":\"https:\\\/\\\/lahingupood.ee\\\/toode\\\/matrix-protecti-universaalne-taktikaline-seljakott-droonikott-ee-digi\\\/#primaryimage\"},\"image\":{\"@id\":\"https:\\\/\\\/lahingupood.ee\\\/toode\\\/matrix-protecti-universaalne-taktikaline-seljakott-droonikott-ee-digi\\\/#primaryimage\"},\"thumbnailUrl\":\"https:\\\/\\\/lahingupood.ee\\\/wp-content\\\/uploads\\\/2025\\\/03\\\/kott.avif\",\"datePublished\":\"2025-03-06T15:03:14+00:00\",\"dateModified\":\"2025-03-18T10:40:58+00:00\",\"description\":\"Matrix Protecti universaalne taktikaline seljakott on maksimaalse modulaarsuse mustern\u00e4ide. Seljakott on disainitud kasutamaks seda erinevates olukordades.\",\"breadcrumb\":{\"@id\":\"https:\\\/\\\/lahingupood.ee\\\/toode\\\/matrix-protecti-universaalne-taktikaline-seljakott-droonikott-ee-digi\\\/#breadcrumb\"},\"inLanguage\":\"en-GB\",\"potentialAction\":[{\"@type\":\"ReadAction\",\"target\":[\"https:\\\/\\\/lahingupood.ee\\\/toode\\\/matrix-protecti-universaalne-taktikaline-seljakott-droonikott-ee-digi\\\/\"]}]},{\"@type\":\"ImageObject\",\"inLanguage\":\"en-GB\",\"@id\":\"https:\\\/\\\/lahingupood.ee\\\/toode\\\/matrix-protecti-universaalne-taktikaline-seljakott-droonikott-ee-digi\\\/#primaryimage\",\"url\":\"https:\\\/\\\/lahingupood.ee\\\/wp-content\\\/uploads\\\/2025\\\/03\\\/kott.avif\",\"contentUrl\":\"https:\\\/\\\/lahingupood.ee\\\/wp-content\\\/uploads\\\/2025\\\/03\\\/kott.avif\",\"width\":1080,\"height\":1080},{\"@type\":\"BreadcrumbList\",\"@id\":\"https:\\\/\\\/lahingupood.ee\\\/toode\\\/matrix-protecti-universaalne-taktikaline-seljakott-droonikott-ee-digi\\\/#breadcrumb\",\"itemListElement\":[{\"@type\":\"ListItem\",\"position\":1,\"name\":\"Home\",\"item\":\"https:\\\/\\\/lahingupood.ee\\\/\"},{\"@type\":\"ListItem\",\"position\":2,\"name\":\"Tooted\",\"item\":\"https:\\\/\\\/lahingupood.ee\\\/tooted\\\/\"},{\"@type\":\"ListItem\",\"position\":3,\"name\":\"Matrix Protecti universaalne taktikaline seljakott, droonikott, EE digi\"}]},{\"@type\":\"WebSite\",\"@id\":\"https:\\\/\\\/lahingupood.ee\\\/#website\",\"url\":\"https:\\\/\\\/lahingupood.ee\\\/\",\"name\":\"Lahingurada e-pood\",\"description\":\"Airsoft\",\"publisher\":{\"@id\":\"https:\\\/\\\/lahingupood.ee\\\/#organization\"},\"potentialAction\":[{\"@type\":\"SearchAction\",\"target\":{\"@type\":\"EntryPoint\",\"urlTemplate\":\"https:\\\/\\\/lahingupood.ee\\\/?s={search_term_string}\"},\"query-input\":{\"@type\":\"PropertyValueSpecification\",\"valueRequired\":true,\"valueName\":\"search_term_string\"}}],\"inLanguage\":\"en-GB\"},{\"@type\":\"Organization\",\"@id\":\"https:\\\/\\\/lahingupood.ee\\\/#organization\",\"name\":\"Lahingurada\",\"url\":\"https:\\\/\\\/lahingupood.ee\\\/\",\"logo\":{\"@type\":\"ImageObject\",\"inLanguage\":\"en-GB\",\"@id\":\"https:\\\/\\\/lahingupood.ee\\\/#\\\/schema\\\/logo\\\/image\\\/\",\"url\":\"https:\\\/\\\/lahingupood.ee\\\/wp-content\\\/uploads\\\/2022\\\/03\\\/lahingurada-220318.jpg\",\"contentUrl\":\"https:\\\/\\\/lahingupood.ee\\\/wp-content\\\/uploads\\\/2022\\\/03\\\/lahingurada-220318.jpg\",\"width\":800,\"height\":500,\"caption\":\"Lahingurada\"},\"image\":{\"@id\":\"https:\\\/\\\/lahingupood.ee\\\/#\\\/schema\\\/logo\\\/image\\\/\"},\"sameAs\":[\"https:\\\/\\\/www.facebook.com\\\/Lahingurada-629940247212967\"]}]}<\/script>\n<!-- \/ Yoast SEO Premium plugin. -->","yoast_head_json":{"title":"Matrix Protecti universaalne taktikaline seljakott, droonikott, EE digi - Lahingurada e-pood","description":"Matrix Protecti universaalne taktikaline seljakott on maksimaalse modulaarsuse mustern\u00e4ide. Seljakott on disainitud kasutamaks seda erinevates olukordades.","robots":{"index":"index","follow":"follow","max-snippet":"max-snippet:-1","max-image-preview":"max-image-preview:large","max-video-preview":"max-video-preview:-1"},"canonical":"https:\/\/lahingupood.ee\/en\/product\/matrix-protecti-universaalne-taktikaline-seljakott-droonikott-ee-digi\/","og_locale":"en_GB","og_type":"article","og_title":"Matrix Protecti universaalne taktikaline seljakott, droonikott, EE digi","og_description":"Matrix Protecti universaalne taktikaline seljakott on maksimaalse modulaarsuse mustern\u00e4ide. Seljakott on disainitud kasutamaks seda erinevates olukordades.","og_url":"https:\/\/lahingupood.ee\/en\/product\/matrix-protecti-universaalne-taktikaline-seljakott-droonikott-ee-digi\/","og_site_name":"Lahingurada e-pood","article_publisher":"https:\/\/www.facebook.com\/Lahingurada-629940247212967","article_modified_time":"2025-03-18T10:40:58+00:00","og_image":[{"width":800,"height":500,"url":"https:\/\/lahingupood.ee\/wp-content\/uploads\/2022\/03\/lahingurada-220318.jpg","type":"image\/jpeg"}],"twitter_card":"summary_large_image","twitter_misc":{"Estimated reading time":"1 minute"},"schema":{"@context":"https:\/\/schema.org","@graph":[{"@type":"WebPage","@id":"https:\/\/lahingupood.ee\/toode\/matrix-protecti-universaalne-taktikaline-seljakott-droonikott-ee-digi\/","url":"https:\/\/lahingupood.ee\/toode\/matrix-protecti-universaalne-taktikaline-seljakott-droonikott-ee-digi\/","name":"Matrix Protecti universaalne taktikaline seljakott, droonikott, EE digi - Lahingurada e-pood","isPartOf":{"@id":"https:\/\/lahingupood.ee\/#website"},"primaryImageOfPage":{"@id":"https:\/\/lahingupood.ee\/toode\/matrix-protecti-universaalne-taktikaline-seljakott-droonikott-ee-digi\/#primaryimage"},"image":{"@id":"https:\/\/lahingupood.ee\/toode\/matrix-protecti-universaalne-taktikaline-seljakott-droonikott-ee-digi\/#primaryimage"},"thumbnailUrl":"https:\/\/lahingupood.ee\/wp-content\/uploads\/2025\/03\/kott.avif","datePublished":"2025-03-06T15:03:14+00:00","dateModified":"2025-03-18T10:40:58+00:00","description":"Matrix Protecti universaalne taktikaline seljakott on maksimaalse modulaarsuse mustern\u00e4ide. Seljakott on disainitud kasutamaks seda erinevates olukordades.","breadcrumb":{"@id":"https:\/\/lahingupood.ee\/toode\/matrix-protecti-universaalne-taktikaline-seljakott-droonikott-ee-digi\/#breadcrumb"},"inLanguage":"en-GB","potentialAction":[{"@type":"ReadAction","target":["https:\/\/lahingupood.ee\/toode\/matrix-protecti-universaalne-taktikaline-seljakott-droonikott-ee-digi\/"]}]},{"@type":"ImageObject","inLanguage":"en-GB","@id":"https:\/\/lahingupood.ee\/toode\/matrix-protecti-universaalne-taktikaline-seljakott-droonikott-ee-digi\/#primaryimage","url":"https:\/\/lahingupood.ee\/wp-content\/uploads\/2025\/03\/kott.avif","contentUrl":"https:\/\/lahingupood.ee\/wp-content\/uploads\/2025\/03\/kott.avif","width":1080,"height":1080},{"@type":"BreadcrumbList","@id":"https:\/\/lahingupood.ee\/toode\/matrix-protecti-universaalne-taktikaline-seljakott-droonikott-ee-digi\/#breadcrumb","itemListElement":[{"@type":"ListItem","position":1,"name":"Home","item":"https:\/\/lahingupood.ee\/"},{"@type":"ListItem","position":2,"name":"Tooted","item":"https:\/\/lahingupood.ee\/tooted\/"},{"@type":"ListItem","position":3,"name":"Matrix Protecti universaalne taktikaline seljakott, droonikott, EE digi"}]},{"@type":"WebSite","@id":"https:\/\/lahingupood.ee\/#website","url":"https:\/\/lahingupood.ee\/","name":"Lahingurada e-pood","description":"Airsoft","publisher":{"@id":"https:\/\/lahingupood.ee\/#organization"},"potentialAction":[{"@type":"SearchAction","target":{"@type":"EntryPoint","urlTemplate":"https:\/\/lahingupood.ee\/?s={search_term_string}"},"query-input":{"@type":"PropertyValueSpecification","valueRequired":true,"valueName":"search_term_string"}}],"inLanguage":"en-GB"},{"@type":"Organization","@id":"https:\/\/lahingupood.ee\/#organization","name":"Lahingurada","url":"https:\/\/lahingupood.ee\/","logo":{"@type":"ImageObject","inLanguage":"en-GB","@id":"https:\/\/lahingupood.ee\/#\/schema\/logo\/image\/","url":"https:\/\/lahingupood.ee\/wp-content\/uploads\/2022\/03\/lahingurada-220318.jpg","contentUrl":"https:\/\/lahingupood.ee\/wp-content\/uploads\/2022\/03\/lahingurada-220318.jpg","width":800,"height":500,"caption":"Lahingurada"},"image":{"@id":"https:\/\/lahingupood.ee\/#\/schema\/logo\/image\/"},"sameAs":["https:\/\/www.facebook.com\/Lahingurada-629940247212967"]}]}},"_links":{"self":[{"href":"https:\/\/lahingupood.ee\/en\/wp-json\/wp\/v2\/product\/5960","targetHints":{"allow":["GET"]}}],"collection":[{"href":"https:\/\/lahingupood.ee\/en\/wp-json\/wp\/v2\/product"}],"about":[{"href":"https:\/\/lahingupood.ee\/en\/wp-json\/wp\/v2\/types\/product"}],"wp:featuredmedia":[{"embeddable":true,"href":"https:\/\/lahingupood.ee\/en\/wp-json\/wp\/v2\/media\/5961"}],"wp:attachment":[{"href":"https:\/\/lahingupood.ee\/en\/wp-json\/wp\/v2\/media?parent=5960"}],"wp:term":[{"taxonomy":"product_brand","embeddable":true,"href":"https:\/\/lahingupood.ee\/en\/wp-json\/wp\/v2\/product_brand?post=5960"},{"taxonomy":"product_cat","embeddable":true,"href":"https:\/\/lahingupood.ee\/en\/wp-json\/wp\/v2\/product_cat?post=5960"},{"taxonomy":"product_tag","embeddable":true,"href":"https:\/\/lahingupood.ee\/en\/wp-json\/wp\/v2\/product_tag?post=5960"}],"curies":[{"name":"wp","href":"https:\/\/api.w.org\/{rel}","templated":true}]}}